{"id":14,"date":"2024-06-03T22:20:41","date_gmt":"2024-06-03T20:20:41","guid":{"rendered":"https:\/\/www.zeozoe.sk\/kosik\/"},"modified":"2025-06-09T12:54:04","modified_gmt":"2025-06-09T10:54:04","slug":"kosik","status":"publish","type":"page","link":"https:\/\/www.zeozoe.sk\/en\/kosik\/","title":{"rendered":"Ko\u0161\u00edk"},"content":{"rendered":"<div data-block-name=\"woocommerce\/cart\" class=\"wp-block-woocommerce-cart alignwide is-loading wc-block-cart\"><div data-block-name=\"woocommerce\/filled-cart-block\" class=\"wp-block-woocommerce-filled-cart-block\"><div data-block-name=\"woocommerce\/cart-items-block\" class=\"wp-block-woocommerce-cart-items-block\"><div data-block-name=\"woocommerce\/cart-line-items-block\" class=\"wp-block-woocommerce-cart-line-items-block\"><\/div>\n\n<div data-block-name=\"woocommerce\/cart-cross-sells-block\" class=\"wp-block-woocommerce-cart-cross-sells-block\"><h2 class=\"wp-block-heading has-large-font-size\">Mohlo by v\u00e1s zauj\u00edma\u0165&#8230;<\/h2>\n\n<div data-block-name=\"woocommerce\/cart-cross-sells-products-block\" class=\"wp-block-woocommerce-cart-cross-sells-products-block\"><\/div><\/div><\/div>\n\n<div data-block-name=\"woocommerce\/cart-totals-block\" class=\"wp-block-woocommerce-cart-totals-block\"><div data-block-name=\"woocommerce\/cart-order-summary-block\" class=\"wp-block-woocommerce-cart-order-summary-block\"><div data-block-name=\"woocommerce\/cart-order-summary-heading-block\" data-content=\"Sum\u00e1r ko\u0161\u00edka\" class=\"wp-block-woocommerce-cart-order-summary-heading-block\"><\/div>\n\n<div data-block-name=\"woocommerce\/cart-order-summary-coupon-form-block\" class=\"wp-block-woocommerce-cart-order-summary-coupon-form-block\"><\/div>\n\n<div data-block-name=\"woocommerce\/cart-order-summary-totals-block\" class=\"wp-block-woocommerce-cart-order-summary-totals-block\"><div data-block-name=\"woocommerce\/cart-order-summary-subtotal-block\" class=\"wp-block-woocommerce-cart-order-summary-subtotal-block\"><\/div>\n\n<div data-block-name=\"woocommerce\/cart-order-summary-fee-block\" class=\"wp-block-woocommerce-cart-order-summary-fee-block\"><\/div>\n\n<div data-block-name=\"woocommerce\/cart-order-summary-discount-block\" class=\"wp-block-woocommerce-cart-order-summary-discount-block\"><\/div>\n\n<div data-block-name=\"woocommerce\/cart-order-summary-shipping-block\" class=\"wp-block-woocommerce-cart-order-summary-shipping-block\"><\/div>\n\n<div data-block-name=\"woocommerce\/cart-order-summary-taxes-block\" class=\"wp-block-woocommerce-cart-order-summary-taxes-block\"><\/div><\/div><\/div>\n\n<div data-block-name=\"woocommerce\/cart-express-payment-block\" class=\"wp-block-woocommerce-cart-express-payment-block\"><\/div>\n\n<div data-block-name=\"woocommerce\/proceed-to-checkout-block\" class=\"wp-block-woocommerce-proceed-to-checkout-block\"><\/div>\n\n<div data-block-name=\"woocommerce\/cart-accepted-payment-methods-block\" class=\"wp-block-woocommerce-cart-accepted-payment-methods-block\"><\/div><\/div><\/div>\n\n<div data-block-name=\"woocommerce\/empty-cart-block\" class=\"wp-block-woocommerce-empty-cart-block\"><h2 class=\"wp-block-heading has-text-align-center with-empty-cart-icon wc-block-cart__empty-cart__title\" id=\"h-vas-kosik-je-momentalne-prazdny\">V\u00e1\u0161 ko\u0161\u00edk je moment\u00e1lne pr\u00e1zdny!<\/h2>\n\n<p class=\"has-text-align-center\"><a href=\"https:\/\/www.zeozoe.sk\/obchod\/\">Prezera\u0165 obchod<\/a>.<\/p>\n\n<hr class=\"wp-block-separator has-alpha-channel-opacity is-style-dots\"\/>\n\n<h2 class=\"wp-block-heading has-text-align-center\" id=\"h-novinky-v-obchode\">Novinky v obchode<\/h2>\n\n<div data-block-name=\"woocommerce\/product-new\" data-columns=\"4\" data-rows=\"1\" class=\"wc-block-grid wp-block-product-new wp-block-woocommerce-product-new wc-block-product-new has-4-columns\"><ul class=\"wc-block-grid__products\"><li class=\"wc-block-grid__product\"><span class=\"gtm4wp_productdata\" style=\"display:none; visibility:hidden;\" data-gtm4wp_product_data=\"{&quot;internal_id&quot;:13498,&quot;item_id&quot;:13498,&quot;item_name&quot;:&quot;ZEOZOE bal\\u00edk \\u2013 krem\\u00edk + b\\u00f3r + zinok+ zubn\\u00fd pr\\u00e1\\u0161ok&quot;,&quot;sku&quot;:13498,&quot;price&quot;:60.89999999999999857891452847979962825775146484375,&quot;stocklevel&quot;:null,&quot;stockstatus&quot;:&quot;instock&quot;,&quot;google_business_vertical&quot;:&quot;retail&quot;,&quot;item_category&quot;:&quot;V\\u0161etko&quot;,&quot;id&quot;:13498,&quot;item_brand&quot;:&quot;Vlasy&quot;,&quot;productlink&quot;:&quot;https:\\\/\\\/www.zeozoe.sk\\\/en\\\/product\\\/zeozoe-balik-kremik-bor-zinok-zubny-prasok\\\/&quot;,&quot;item_list_name&quot;:&quot;General Product List&quot;,&quot;index&quot;:0,&quot;product_type&quot;:&quot;simple&quot;}\"><\/span>\n\t\t\t\t<a href=\"https:\/\/www.zeozoe.sk\/en\/product\/zeozoe-balik-kremik-bor-zinok-zubny-prasok\/\" class=\"wc-block-grid__product-link\">\n\t\t\t\t\t\n\t\t\t\t\t<div class=\"wc-block-grid__product-image\"><img loading=\"lazy\" decoding=\"async\" width=\"300\" height=\"300\" src=\"https:\/\/www.zeozoe.sk\/wp-content\/uploads\/2026\/04\/WhatsApp-Image-2026-04-13-at-10.14.50-300x300.jpeg\" class=\"attachment-woocommerce_thumbnail size-woocommerce_thumbnail\" alt=\"tekut\u00fd krem\u00edk, b\u00f3r, zinok, ZEOZOE zubn\u00fd pr\u00e1\u0161ok so zeolitom\" srcset=\"https:\/\/www.zeozoe.sk\/wp-content\/uploads\/2026\/04\/WhatsApp-Image-2026-04-13-at-10.14.50-300x300.jpeg 300w, https:\/\/www.zeozoe.sk\/wp-content\/uploads\/2026\/04\/WhatsApp-Image-2026-04-13-at-10.14.50-1024x1024.jpeg 1024w, https:\/\/www.zeozoe.sk\/wp-content\/uploads\/2026\/04\/WhatsApp-Image-2026-04-13-at-10.14.50-150x150.jpeg 150w, https:\/\/www.zeozoe.sk\/wp-content\/uploads\/2026\/04\/WhatsApp-Image-2026-04-13-at-10.14.50-768x768.jpeg 768w, https:\/\/www.zeozoe.sk\/wp-content\/uploads\/2026\/04\/WhatsApp-Image-2026-04-13-at-10.14.50-12x12.jpeg 12w, https:\/\/www.zeozoe.sk\/wp-content\/uploads\/2026\/04\/WhatsApp-Image-2026-04-13-at-10.14.50-140x140.jpeg 140w, https:\/\/www.zeozoe.sk\/wp-content\/uploads\/2026\/04\/WhatsApp-Image-2026-04-13-at-10.14.50-100x100.jpeg 100w, https:\/\/www.zeozoe.sk\/wp-content\/uploads\/2026\/04\/WhatsApp-Image-2026-04-13-at-10.14.50-500x500.jpeg 500w, https:\/\/www.zeozoe.sk\/wp-content\/uploads\/2026\/04\/WhatsApp-Image-2026-04-13-at-10.14.50-350x350.jpeg 350w, https:\/\/www.zeozoe.sk\/wp-content\/uploads\/2026\/04\/WhatsApp-Image-2026-04-13-at-10.14.50-1000x1000.jpeg 1000w, https:\/\/www.zeozoe.sk\/wp-content\/uploads\/2026\/04\/WhatsApp-Image-2026-04-13-at-10.14.50-800x800.jpeg 800w, https:\/\/www.zeozoe.sk\/wp-content\/uploads\/2026\/04\/WhatsApp-Image-2026-04-13-at-10.14.50-600x600.jpeg 600w, https:\/\/www.zeozoe.sk\/wp-content\/uploads\/2026\/04\/WhatsApp-Image-2026-04-13-at-10.14.50.jpeg 1080w\" sizes=\"auto, (max-width: 300px) 100vw, 300px\" \/><\/div>\n\t\t\t\t\t<div class=\"wc-block-grid__product-title\">ZEOZOE bal\u00edk \u2013 krem\u00edk + b\u00f3r + zinok+ zubn\u00fd pr\u00e1\u0161ok<\/div>\n\t\t\t\t<\/a>\n\t\t\t\t<div class=\"wc-block-grid__product-price price\"><span class=\"woocommerce-Price-amount amount\"><span class=\"woocommerce-Price-currencySymbol\">&euro;<\/span>60,90<\/span><\/div>\n\t\t\t\t\n\t\t\t\t<div class=\"wp-block-button wc-block-grid__product-add-to-cart\"><a href=\"?add-to-cart=13498\" aria-label=\"Add to basket: \u201cZEOZOE bal\u00edk \u2013 krem\u00edk + b\u00f3r + zinok+ zubn\u00fd pr\u00e1\u0161ok\u201d\" data-quantity=\"1\" data-product_id=\"13498\" data-product_sku=\"\" data-price=\"60.9\" rel=\"nofollow\" class=\"wp-block-button__link  add_to_cart_button ajax_add_to_cart\" data-no-translation=\"\" data-trp-gettext=\"\" data-no-translation-aria-label=\"\">Add to basket<\/a><\/div>\n\t\t\t<\/li><li class=\"wc-block-grid__product\"><span class=\"gtm4wp_productdata\" style=\"display:none; visibility:hidden;\" data-gtm4wp_product_data=\"{&quot;internal_id&quot;:13496,&quot;item_id&quot;:13496,&quot;item_name&quot;:&quot;ZEOZOE bal\\u00edk \\u2013 krem\\u00edk + b\\u00f3r + zubn\\u00fd pr\\u00e1\\u0161ok&quot;,&quot;sku&quot;:13496,&quot;price&quot;:59.60000000000000142108547152020037174224853515625,&quot;stocklevel&quot;:null,&quot;stockstatus&quot;:&quot;instock&quot;,&quot;google_business_vertical&quot;:&quot;retail&quot;,&quot;item_category&quot;:&quot;V\\u0161etko&quot;,&quot;id&quot;:13496,&quot;item_brand&quot;:&quot;Vlasy&quot;,&quot;productlink&quot;:&quot;https:\\\/\\\/www.zeozoe.sk\\\/en\\\/product\\\/zeozoe-balik-kremik-bor-zubny-prasok\\\/&quot;,&quot;item_list_name&quot;:&quot;General Product List&quot;,&quot;index&quot;:0,&quot;product_type&quot;:&quot;simple&quot;}\"><\/span>\n\t\t\t\t<a href=\"https:\/\/www.zeozoe.sk\/en\/product\/zeozoe-balik-kremik-bor-zubny-prasok\/\" class=\"wc-block-grid__product-link\">\n\t\t\t\t\t\n\t\t\t\t\t<div class=\"wc-block-grid__product-image\"><img loading=\"lazy\" decoding=\"async\" width=\"300\" height=\"300\" src=\"https:\/\/www.zeozoe.sk\/wp-content\/uploads\/2026\/04\/Kremik-Bor-300x300.jpg\" class=\"attachment-woocommerce_thumbnail size-woocommerce_thumbnail\" alt=\"tekut\u00fd krem\u00edk, b\u00f3r, ZEOZOE zubn\u00fd pr\u00e1\u0161ok\" srcset=\"https:\/\/www.zeozoe.sk\/wp-content\/uploads\/2026\/04\/Kremik-Bor-300x300.jpg 300w, https:\/\/www.zeozoe.sk\/wp-content\/uploads\/2026\/04\/Kremik-Bor-1024x1024.jpg 1024w, https:\/\/www.zeozoe.sk\/wp-content\/uploads\/2026\/04\/Kremik-Bor-150x150.jpg 150w, https:\/\/www.zeozoe.sk\/wp-content\/uploads\/2026\/04\/Kremik-Bor-768x768.jpg 768w, https:\/\/www.zeozoe.sk\/wp-content\/uploads\/2026\/04\/Kremik-Bor-12x12.jpg 12w, https:\/\/www.zeozoe.sk\/wp-content\/uploads\/2026\/04\/Kremik-Bor-140x140.jpg 140w, https:\/\/www.zeozoe.sk\/wp-content\/uploads\/2026\/04\/Kremik-Bor-100x100.jpg 100w, https:\/\/www.zeozoe.sk\/wp-content\/uploads\/2026\/04\/Kremik-Bor-500x500.jpg 500w, https:\/\/www.zeozoe.sk\/wp-content\/uploads\/2026\/04\/Kremik-Bor-350x350.jpg 350w, https:\/\/www.zeozoe.sk\/wp-content\/uploads\/2026\/04\/Kremik-Bor-1000x1000.jpg 1000w, https:\/\/www.zeozoe.sk\/wp-content\/uploads\/2026\/04\/Kremik-Bor-800x800.jpg 800w, https:\/\/www.zeozoe.sk\/wp-content\/uploads\/2026\/04\/Kremik-Bor-600x600.jpg 600w, https:\/\/www.zeozoe.sk\/wp-content\/uploads\/2026\/04\/Kremik-Bor.jpg 1080w\" sizes=\"auto, (max-width: 300px) 100vw, 300px\" \/><\/div>\n\t\t\t\t\t<div class=\"wc-block-grid__product-title\">ZEOZOE bal\u00edk \u2013 krem\u00edk + b\u00f3r + zubn\u00fd pr\u00e1\u0161ok<\/div>\n\t\t\t\t<\/a>\n\t\t\t\t<div class=\"wc-block-grid__product-price price\"><span class=\"woocommerce-Price-amount amount\"><span class=\"woocommerce-Price-currencySymbol\">&euro;<\/span>59,60<\/span><\/div>\n\t\t\t\t\n\t\t\t\t<div class=\"wp-block-button wc-block-grid__product-add-to-cart\"><a href=\"?add-to-cart=13496\" aria-label=\"Add to basket: \u201cZEOZOE bal\u00edk \u2013 krem\u00edk + b\u00f3r + zubn\u00fd pr\u00e1\u0161ok\u201d\" data-quantity=\"1\" data-product_id=\"13496\" data-product_sku=\"\" data-price=\"59.6\" rel=\"nofollow\" class=\"wp-block-button__link  add_to_cart_button ajax_add_to_cart\" data-no-translation=\"\" data-trp-gettext=\"\" data-no-translation-aria-label=\"\">Add to basket<\/a><\/div>\n\t\t\t<\/li><li class=\"wc-block-grid__product\"><span class=\"gtm4wp_productdata\" style=\"display:none; visibility:hidden;\" data-gtm4wp_product_data=\"{&quot;internal_id&quot;:13492,&quot;item_id&quot;:13492,&quot;item_name&quot;:&quot;ZEOZOE bal\\u00edk \\u2013 krem\\u00edk + zubn\\u00fd pr\\u00e1\\u0161ok&quot;,&quot;sku&quot;:13492,&quot;price&quot;:57.2000000000000028421709430404007434844970703125,&quot;stocklevel&quot;:null,&quot;stockstatus&quot;:&quot;instock&quot;,&quot;google_business_vertical&quot;:&quot;retail&quot;,&quot;item_category&quot;:&quot;V\\u0161etko&quot;,&quot;id&quot;:13492,&quot;item_brand&quot;:&quot;Vlasy&quot;,&quot;productlink&quot;:&quot;https:\\\/\\\/www.zeozoe.sk\\\/en\\\/product\\\/kremik-zubny-prasok\\\/&quot;,&quot;item_list_name&quot;:&quot;General Product List&quot;,&quot;index&quot;:0,&quot;product_type&quot;:&quot;simple&quot;}\"><\/span>\n\t\t\t\t<a href=\"https:\/\/www.zeozoe.sk\/en\/product\/kremik-zubny-prasok\/\" class=\"wc-block-grid__product-link\">\n\t\t\t\t\t\n\t\t\t\t\t<div class=\"wc-block-grid__product-image\"><img loading=\"lazy\" decoding=\"async\" width=\"300\" height=\"300\" src=\"https:\/\/www.zeozoe.sk\/wp-content\/uploads\/2026\/04\/Telove-maslo-SPA-7-300x300.jpg\" class=\"attachment-woocommerce_thumbnail size-woocommerce_thumbnail\" alt=\"tekut\u00fd krem\u00edk ORTOKRZEM a ZEOZOE zubn\u00fd pr\u00e1\u0161ok so zeolitom\" srcset=\"https:\/\/www.zeozoe.sk\/wp-content\/uploads\/2026\/04\/Telove-maslo-SPA-7-300x300.jpg 300w, https:\/\/www.zeozoe.sk\/wp-content\/uploads\/2026\/04\/Telove-maslo-SPA-7-1024x1024.jpg 1024w, https:\/\/www.zeozoe.sk\/wp-content\/uploads\/2026\/04\/Telove-maslo-SPA-7-150x150.jpg 150w, https:\/\/www.zeozoe.sk\/wp-content\/uploads\/2026\/04\/Telove-maslo-SPA-7-768x768.jpg 768w, https:\/\/www.zeozoe.sk\/wp-content\/uploads\/2026\/04\/Telove-maslo-SPA-7-12x12.jpg 12w, https:\/\/www.zeozoe.sk\/wp-content\/uploads\/2026\/04\/Telove-maslo-SPA-7-140x140.jpg 140w, https:\/\/www.zeozoe.sk\/wp-content\/uploads\/2026\/04\/Telove-maslo-SPA-7-100x100.jpg 100w, https:\/\/www.zeozoe.sk\/wp-content\/uploads\/2026\/04\/Telove-maslo-SPA-7-500x500.jpg 500w, https:\/\/www.zeozoe.sk\/wp-content\/uploads\/2026\/04\/Telove-maslo-SPA-7-350x350.jpg 350w, https:\/\/www.zeozoe.sk\/wp-content\/uploads\/2026\/04\/Telove-maslo-SPA-7-1000x1000.jpg 1000w, https:\/\/www.zeozoe.sk\/wp-content\/uploads\/2026\/04\/Telove-maslo-SPA-7-800x800.jpg 800w, https:\/\/www.zeozoe.sk\/wp-content\/uploads\/2026\/04\/Telove-maslo-SPA-7-600x600.jpg 600w, https:\/\/www.zeozoe.sk\/wp-content\/uploads\/2026\/04\/Telove-maslo-SPA-7.jpg 1080w\" sizes=\"auto, (max-width: 300px) 100vw, 300px\" \/><\/div>\n\t\t\t\t\t<div class=\"wc-block-grid__product-title\">ZEOZOE bal\u00edk \u2013 krem\u00edk + zubn\u00fd pr\u00e1\u0161ok<\/div>\n\t\t\t\t<\/a>\n\t\t\t\t<div class=\"wc-block-grid__product-price price\"><span class=\"woocommerce-Price-amount amount\"><span class=\"woocommerce-Price-currencySymbol\">&euro;<\/span>57,20<\/span><\/div>\n\t\t\t\t\n\t\t\t\t<div class=\"wp-block-button wc-block-grid__product-add-to-cart\"><a href=\"?add-to-cart=13492\" aria-label=\"Add to basket: \u201cZEOZOE bal\u00edk \u2013 krem\u00edk + zubn\u00fd pr\u00e1\u0161ok\u201d\" data-quantity=\"1\" data-product_id=\"13492\" data-product_sku=\"\" data-price=\"57.2\" rel=\"nofollow\" class=\"wp-block-button__link  add_to_cart_button ajax_add_to_cart\" data-no-translation=\"\" data-trp-gettext=\"\" data-no-translation-aria-label=\"\">Add to basket<\/a><\/div>\n\t\t\t<\/li><li class=\"wc-block-grid__product\"><span class=\"gtm4wp_productdata\" style=\"display:none; visibility:hidden;\" data-gtm4wp_product_data=\"{&quot;internal_id&quot;:13195,&quot;item_id&quot;:13195,&quot;item_name&quot;:&quot;ZEOZOE Cestovn\\u00e1 n\\u00e1dobka b\\u00e9\\u017eov\\u00e1&quot;,&quot;sku&quot;:13195,&quot;price&quot;:7,&quot;stocklevel&quot;:23,&quot;stockstatus&quot;:&quot;instock&quot;,&quot;google_business_vertical&quot;:&quot;retail&quot;,&quot;item_category&quot;:&quot;V\\u0161etko&quot;,&quot;id&quot;:13195,&quot;item_brand&quot;:&quot;3D tla\\u010d&quot;,&quot;productlink&quot;:&quot;https:\\\/\\\/www.zeozoe.sk\\\/en\\\/product\\\/cestovna-nadobka-zeozoe-bezova\\\/&quot;,&quot;item_list_name&quot;:&quot;General Product List&quot;,&quot;index&quot;:0,&quot;product_type&quot;:&quot;simple&quot;}\"><\/span>\n\t\t\t\t<a href=\"https:\/\/www.zeozoe.sk\/en\/product\/cestovna-nadobka-zeozoe-bezova\/\" class=\"wc-block-grid__product-link\">\n\t\t\t\t\t\n\t\t\t\t\t<div class=\"wc-block-grid__product-image\"><img loading=\"lazy\" decoding=\"async\" width=\"300\" height=\"300\" src=\"https:\/\/www.zeozoe.sk\/wp-content\/uploads\/2026\/03\/3D-render-nadobky-bezova-tablety_1280x825px-300x300.png\" class=\"attachment-woocommerce_thumbnail size-woocommerce_thumbnail\" alt=\"cestovn\u00e1 n\u00e1dobka ZEOZOE, recyklovate\u013en\u00e1\" srcset=\"https:\/\/www.zeozoe.sk\/wp-content\/uploads\/2026\/03\/3D-render-nadobky-bezova-tablety_1280x825px-300x300.png 300w, https:\/\/www.zeozoe.sk\/wp-content\/uploads\/2026\/03\/3D-render-nadobky-bezova-tablety_1280x825px-150x150.png 150w, https:\/\/www.zeozoe.sk\/wp-content\/uploads\/2026\/03\/3D-render-nadobky-bezova-tablety_1280x825px-140x140.png 140w, https:\/\/www.zeozoe.sk\/wp-content\/uploads\/2026\/03\/3D-render-nadobky-bezova-tablety_1280x825px-100x100.png 100w, https:\/\/www.zeozoe.sk\/wp-content\/uploads\/2026\/03\/3D-render-nadobky-bezova-tablety_1280x825px-500x500.png 500w, https:\/\/www.zeozoe.sk\/wp-content\/uploads\/2026\/03\/3D-render-nadobky-bezova-tablety_1280x825px-350x350.png 350w, https:\/\/www.zeozoe.sk\/wp-content\/uploads\/2026\/03\/3D-render-nadobky-bezova-tablety_1280x825px-800x800.png 800w\" sizes=\"auto, (max-width: 300px) 100vw, 300px\" \/><\/div>\n\t\t\t\t\t<div class=\"wc-block-grid__product-title\">ZEOZOE Cestovn\u00e1 n\u00e1dobka b\u00e9\u017eov\u00e1<\/div>\n\t\t\t\t<\/a>\n\t\t\t\t<div class=\"wc-block-grid__product-price price\"><span class=\"woocommerce-Price-amount amount\"><span class=\"woocommerce-Price-currencySymbol\">&euro;<\/span>7,00<\/span><\/div>\n\t\t\t\t<div class=\"wc-block-grid__product-rating\"><div class=\"star-rating\" role=\"img\" aria-label=\"Rated 5.00 out of 5\" data-no-translation-aria-label=\"\"><span style=\"width:100%\" data-no-translation=\"\" data-trp-gettext=\"\">Rated <strong class=\"rating\">5.00<\/strong> out of 5 based on <span class=\"rating\">1<\/span> customer rating<\/span><\/div><\/div>\n\t\t\t\t<div class=\"wp-block-button wc-block-grid__product-add-to-cart\"><a href=\"?add-to-cart=13195\" aria-label=\"Add to basket: \u201cZEOZOE Cestovn\u00e1 n\u00e1dobka b\u00e9\u017eov\u00e1\u201d\" data-quantity=\"1\" data-product_id=\"13195\" data-product_sku=\"\" data-price=\"7\" rel=\"nofollow\" class=\"wp-block-button__link  add_to_cart_button ajax_add_to_cart\" data-no-translation=\"\" data-trp-gettext=\"\" data-no-translation-aria-label=\"\">Add to basket<\/a><\/div>\n\t\t\t<\/li><\/ul><\/div><\/div><\/div><style>.woocommerce-shipping-totals.shipping {display: none !important;}\n.order-total {display: none !important;}<\/style><p><\/p>","protected":false},"excerpt":{"rendered":"Mohlo by v\u00e1s zauj\u00edma\u0165... V\u00e1\u0161 ko\u0161\u00edk je moment\u00e1lne pr\u00e1zdny! Prezera\u0165 obchod. Novinky v obchode","protected":false},"author":1,"featured_media":0,"parent":0,"menu_order":0,"comment_status":"closed","ping_status":"closed","template":"","meta":{"footnotes":""},"class_list":["post-14","page","type-page","status-publish"],"yoast_head":"<!-- This site is optimized with the Yoast SEO Premium plugin v25.2 (Yoast SEO v25.2) - https:\/\/yoast.com\/wordpress\/plugins\/seo\/ -->\n<title>Ko\u0161\u00edk - ZEOZOE\u00ae<\/title>\n<meta name=\"robots\" content=\"index, follow, max-snippet:-1, max-image-preview:large, max-video-preview:-1\" \/>\n<link rel=\"canonical\" href=\"https:\/\/www.zeozoe.sk\/en\/kosik\/\" \/>\n<meta property=\"og:locale\" content=\"en_GB\" \/>\n<meta property=\"og:type\" content=\"article\" \/>\n<meta property=\"og:title\" content=\"Ko\u0161\u00edk\" \/>\n<meta property=\"og:url\" content=\"https:\/\/www.zeozoe.sk\/en\/kosik\/\" \/>\n<meta property=\"og:site_name\" content=\"ZEOZOE\u00ae\" \/>\n<meta property=\"article:modified_time\" content=\"2025-06-09T10:54:04+00:00\" \/>\n<meta name=\"twitter:card\" content=\"summary_large_image\" \/>\n<meta name=\"twitter:label1\" content=\"Estimated reading time\" \/>\n\t<meta name=\"twitter:data1\" content=\"1 minute\" \/>\n<script type=\"application\/ld+json\" class=\"yoast-schema-graph\">{\"@context\":\"https:\/\/schema.org\",\"@graph\":[{\"@type\":\"WebPage\",\"@id\":\"https:\/\/www.zeozoe.sk\/kosik\/\",\"url\":\"https:\/\/www.zeozoe.sk\/kosik\/\",\"name\":\"Ko\u0161\u00edk - ZEOZOE\u00ae\",\"isPartOf\":{\"@id\":\"https:\/\/www.zeozoe.sk\/#website\"},\"datePublished\":\"2024-06-03T20:20:41+00:00\",\"dateModified\":\"2025-06-09T10:54:04+00:00\",\"breadcrumb\":{\"@id\":\"https:\/\/www.zeozoe.sk\/kosik\/#breadcrumb\"},\"inLanguage\":\"en-GB\",\"potentialAction\":[{\"@type\":\"ReadAction\",\"target\":[\"https:\/\/www.zeozoe.sk\/kosik\/\"]}]},{\"@type\":\"BreadcrumbList\",\"@id\":\"https:\/\/www.zeozoe.sk\/kosik\/#breadcrumb\",\"itemListElement\":[{\"@type\":\"ListItem\",\"position\":1,\"name\":\"Domov\",\"item\":\"https:\/\/www.zeozoe.sk\/\"},{\"@type\":\"ListItem\",\"position\":2,\"name\":\"Ko\u0161\u00edk\"}]},{\"@type\":\"WebSite\",\"@id\":\"https:\/\/www.zeozoe.sk\/#website\",\"url\":\"https:\/\/www.zeozoe.sk\/\",\"name\":\"ZEOZOE\u00ae\",\"description\":\"Zubn\u00fd pr\u00e1\u0161ok a tablety na pr\u00edrodnej b\u00e1ze\",\"potentialAction\":[{\"@type\":\"SearchAction\",\"target\":{\"@type\":\"EntryPoint\",\"urlTemplate\":\"https:\/\/www.zeozoe.sk\/?s={search_term_string}\"},\"query-input\":{\"@type\":\"PropertyValueSpecification\",\"valueRequired\":true,\"valueName\":\"search_term_string\"}}],\"inLanguage\":\"en-GB\"}]}<\/script>\n<!-- \/ Yoast SEO Premium plugin. -->","yoast_head_json":{"title":"Ko\u0161\u00edk - ZEOZOE\u00ae","robots":{"index":"index","follow":"follow","max-snippet":"max-snippet:-1","max-image-preview":"max-image-preview:large","max-video-preview":"max-video-preview:-1"},"canonical":"https:\/\/www.zeozoe.sk\/en\/kosik\/","og_locale":"en_GB","og_type":"article","og_title":"Ko\u0161\u00edk","og_url":"https:\/\/www.zeozoe.sk\/en\/kosik\/","og_site_name":"ZEOZOE\u00ae","article_modified_time":"2025-06-09T10:54:04+00:00","twitter_card":"summary_large_image","twitter_misc":{"Estimated reading time":"1 minute"},"schema":{"@context":"https:\/\/schema.org","@graph":[{"@type":"WebPage","@id":"https:\/\/www.zeozoe.sk\/kosik\/","url":"https:\/\/www.zeozoe.sk\/kosik\/","name":"Ko\u0161\u00edk - ZEOZOE\u00ae","isPartOf":{"@id":"https:\/\/www.zeozoe.sk\/#website"},"datePublished":"2024-06-03T20:20:41+00:00","dateModified":"2025-06-09T10:54:04+00:00","breadcrumb":{"@id":"https:\/\/www.zeozoe.sk\/kosik\/#breadcrumb"},"inLanguage":"en-GB","potentialAction":[{"@type":"ReadAction","target":["https:\/\/www.zeozoe.sk\/kosik\/"]}]},{"@type":"BreadcrumbList","@id":"https:\/\/www.zeozoe.sk\/kosik\/#breadcrumb","itemListElement":[{"@type":"ListItem","position":1,"name":"Domov","item":"https:\/\/www.zeozoe.sk\/"},{"@type":"ListItem","position":2,"name":"Ko\u0161\u00edk"}]},{"@type":"WebSite","@id":"https:\/\/www.zeozoe.sk\/#website","url":"https:\/\/www.zeozoe.sk\/","name":"ZEOZOE\u00ae","description":"Zubn\u00fd pr\u00e1\u0161ok a tablety na pr\u00edrodnej b\u00e1ze","potentialAction":[{"@type":"SearchAction","target":{"@type":"EntryPoint","urlTemplate":"https:\/\/www.zeozoe.sk\/?s={search_term_string}"},"query-input":{"@type":"PropertyValueSpecification","valueRequired":true,"valueName":"search_term_string"}}],"inLanguage":"en-GB"}]}},"_links":{"self":[{"href":"https:\/\/www.zeozoe.sk\/en\/wp-json\/wp\/v2\/pages\/14","targetHints":{"allow":["GET"]}}],"collection":[{"href":"https:\/\/www.zeozoe.sk\/en\/wp-json\/wp\/v2\/pages"}],"about":[{"href":"https:\/\/www.zeozoe.sk\/en\/wp-json\/wp\/v2\/types\/page"}],"author":[{"embeddable":true,"href":"https:\/\/www.zeozoe.sk\/en\/wp-json\/wp\/v2\/users\/1"}],"replies":[{"embeddable":true,"href":"https:\/\/www.zeozoe.sk\/en\/wp-json\/wp\/v2\/comments?post=14"}],"version-history":[{"count":6,"href":"https:\/\/www.zeozoe.sk\/en\/wp-json\/wp\/v2\/pages\/14\/revisions"}],"predecessor-version":[{"id":6689,"href":"https:\/\/www.zeozoe.sk\/en\/wp-json\/wp\/v2\/pages\/14\/revisions\/6689"}],"wp:attachment":[{"href":"https:\/\/www.zeozoe.sk\/en\/wp-json\/wp\/v2\/media?parent=14"}],"curies":[{"name":"wp","href":"https:\/\/api.w.org\/{rel}","templated":true}]}}