{"id":82,"date":"2024-06-03T23:48:05","date_gmt":"2024-06-03T21:48:05","guid":{"rendered":"https:\/\/www.zeozoe.sk\/affiliate-home\/"},"modified":"2024-06-03T23:48:05","modified_gmt":"2024-06-03T21:48:05","slug":"affiliate-home","status":"publish","type":"page","link":"https:\/\/www.zeozoe.sk\/en\/affiliate-home\/","title":{"rendered":"Partneri obchodu"},"content":{"rendered":"<p>This is the affiliates section of this store. If you are an existing affiliate, please <a href=\"https:\/\/www.zeozoe.sk\/affiliate-home\/affiliate-login\/\">log in<\/a> to access your control panel.<\/p>\n<p>If you are not an affiliate, but wish to become one, you will need to apply. To apply, you must be a registered user on this blog. If you have an existing account on this blog, please <a href=\"https:\/\/www.zeozoe.sk\/affiliate-home\/affiliate-login\/\">log in<\/a>. If not, please <a href=\"https:\/\/www.zeozoe.sk\/affiliate-home\/affiliate-register\/\">register<\/a>.<\/p>","protected":false},"excerpt":{"rendered":"This is the affiliates section of this store. If you are an existing affiliate, please log in to access your control panel. If you are not an affiliate, but wish...","protected":false},"author":1,"featured_media":0,"parent":0,"menu_order":0,"comment_status":"closed","ping_status":"closed","template":"","meta":{"footnotes":""},"class_list":["post-82","page","type-page","status-publish"],"yoast_head":"<!-- This site is optimized with the Yoast SEO Premium plugin v25.2 (Yoast SEO v25.2) - https:\/\/yoast.com\/wordpress\/plugins\/seo\/ -->\n<title>Partneri obchodu - ZEOZOE\u00ae<\/title>\n<meta name=\"robots\" content=\"index, follow, max-snippet:-1, max-image-preview:large, max-video-preview:-1\" \/>\n<link rel=\"canonical\" href=\"https:\/\/www.zeozoe.sk\/en\/affiliate-home\/\" \/>\n<meta property=\"og:locale\" content=\"en_GB\" \/>\n<meta property=\"og:type\" content=\"article\" \/>\n<meta property=\"og:title\" content=\"Partneri obchodu\" \/>\n<meta property=\"og:url\" content=\"https:\/\/www.zeozoe.sk\/en\/affiliate-home\/\" \/>\n<meta property=\"og:site_name\" content=\"ZEOZOE\u00ae\" \/>\n<meta name=\"twitter:card\" content=\"summary_large_image\" \/>\n<script type=\"application\/ld+json\" class=\"yoast-schema-graph\">{\"@context\":\"https:\/\/schema.org\",\"@graph\":[{\"@type\":\"WebPage\",\"@id\":\"https:\/\/www.zeozoe.sk\/affiliate-home\/\",\"url\":\"https:\/\/www.zeozoe.sk\/affiliate-home\/\",\"name\":\"Partneri obchodu - ZEOZOE\u00ae\",\"isPartOf\":{\"@id\":\"https:\/\/www.zeozoe.sk\/#website\"},\"datePublished\":\"2024-06-03T21:48:05+00:00\",\"breadcrumb\":{\"@id\":\"https:\/\/www.zeozoe.sk\/affiliate-home\/#breadcrumb\"},\"inLanguage\":\"en-GB\",\"potentialAction\":[{\"@type\":\"ReadAction\",\"target\":[\"https:\/\/www.zeozoe.sk\/affiliate-home\/\"]}]},{\"@type\":\"BreadcrumbList\",\"@id\":\"https:\/\/www.zeozoe.sk\/affiliate-home\/#breadcrumb\",\"itemListElement\":[{\"@type\":\"ListItem\",\"position\":1,\"name\":\"Domov\",\"item\":\"https:\/\/www.zeozoe.sk\/\"},{\"@type\":\"ListItem\",\"position\":2,\"name\":\"Partneri obchodu\"}]},{\"@type\":\"WebSite\",\"@id\":\"https:\/\/www.zeozoe.sk\/#website\",\"url\":\"https:\/\/www.zeozoe.sk\/\",\"name\":\"ZEOZOE\u00ae\",\"description\":\"Zubn\u00fd pr\u00e1\u0161ok a tablety na pr\u00edrodnej b\u00e1ze\",\"potentialAction\":[{\"@type\":\"SearchAction\",\"target\":{\"@type\":\"EntryPoint\",\"urlTemplate\":\"https:\/\/www.zeozoe.sk\/?s={search_term_string}\"},\"query-input\":{\"@type\":\"PropertyValueSpecification\",\"valueRequired\":true,\"valueName\":\"search_term_string\"}}],\"inLanguage\":\"en-GB\"}]}<\/script>\n<!-- \/ Yoast SEO Premium plugin. -->","yoast_head_json":{"title":"Partneri obchodu - ZEOZOE\u00ae","robots":{"index":"index","follow":"follow","max-snippet":"max-snippet:-1","max-image-preview":"max-image-preview:large","max-video-preview":"max-video-preview:-1"},"canonical":"https:\/\/www.zeozoe.sk\/en\/affiliate-home\/","og_locale":"en_GB","og_type":"article","og_title":"Partneri obchodu","og_url":"https:\/\/www.zeozoe.sk\/en\/affiliate-home\/","og_site_name":"ZEOZOE\u00ae","twitter_card":"summary_large_image","schema":{"@context":"https:\/\/schema.org","@graph":[{"@type":"WebPage","@id":"https:\/\/www.zeozoe.sk\/affiliate-home\/","url":"https:\/\/www.zeozoe.sk\/affiliate-home\/","name":"Partneri obchodu - ZEOZOE\u00ae","isPartOf":{"@id":"https:\/\/www.zeozoe.sk\/#website"},"datePublished":"2024-06-03T21:48:05+00:00","breadcrumb":{"@id":"https:\/\/www.zeozoe.sk\/affiliate-home\/#breadcrumb"},"inLanguage":"en-GB","potentialAction":[{"@type":"ReadAction","target":["https:\/\/www.zeozoe.sk\/affiliate-home\/"]}]},{"@type":"BreadcrumbList","@id":"https:\/\/www.zeozoe.sk\/affiliate-home\/#breadcrumb","itemListElement":[{"@type":"ListItem","position":1,"name":"Domov","item":"https:\/\/www.zeozoe.sk\/"},{"@type":"ListItem","position":2,"name":"Partneri obchodu"}]},{"@type":"WebSite","@id":"https:\/\/www.zeozoe.sk\/#website","url":"https:\/\/www.zeozoe.sk\/","name":"ZEOZOE\u00ae","description":"Zubn\u00fd pr\u00e1\u0161ok a tablety na pr\u00edrodnej b\u00e1ze","potentialAction":[{"@type":"SearchAction","target":{"@type":"EntryPoint","urlTemplate":"https:\/\/www.zeozoe.sk\/?s={search_term_string}"},"query-input":{"@type":"PropertyValueSpecification","valueRequired":true,"valueName":"search_term_string"}}],"inLanguage":"en-GB"}]}},"_links":{"self":[{"href":"https:\/\/www.zeozoe.sk\/en\/wp-json\/wp\/v2\/pages\/82","targetHints":{"allow":["GET"]}}],"collection":[{"href":"https:\/\/www.zeozoe.sk\/en\/wp-json\/wp\/v2\/pages"}],"about":[{"href":"https:\/\/www.zeozoe.sk\/en\/wp-json\/wp\/v2\/types\/page"}],"author":[{"embeddable":true,"href":"https:\/\/www.zeozoe.sk\/en\/wp-json\/wp\/v2\/users\/1"}],"replies":[{"embeddable":true,"href":"https:\/\/www.zeozoe.sk\/en\/wp-json\/wp\/v2\/comments?post=82"}],"version-history":[{"count":0,"href":"https:\/\/www.zeozoe.sk\/en\/wp-json\/wp\/v2\/pages\/82\/revisions"}],"wp:attachment":[{"href":"https:\/\/www.zeozoe.sk\/en\/wp-json\/wp\/v2\/media?parent=82"}],"curies":[{"name":"wp","href":"https:\/\/api.w.org\/{rel}","templated":true}]}}