{"id":100,"date":"2024-06-04T00:28:29","date_gmt":"2024-06-03T22:28:29","guid":{"rendered":"https:\/\/www.zeozoe.sk\/?post_type=product&#038;p=100"},"modified":"2026-04-13T15:44:29","modified_gmt":"2026-04-13T13:44:29","slug":"zeolit-klinoptilolit-zeozoe-detox","status":"publish","type":"product","link":"https:\/\/www.zeozoe.sk\/en\/product\/zeolit-klinoptilolit-zeozoe-detox\/","title":{"rendered":"Zeolit klinoptilolit ZEOZOE"},"content":{"rendered":"<p><strong>O produkte:<\/strong><br \/>\nV\u00fdskumy potvrdzuj\u00fa sk\u00fasenosti na\u0161ich predkov vo v\u0161etk\u00fdch \u010dastiach Zeme: pr\u00edrodn\u00fd zeolit, je najlep\u0161\u00edm absorbentom tox\u00ednov v pr\u00edrode. Je schopn\u00fd absorbova\u0165 r\u00e1dioaktivitu, \u0165a\u017ek\u00e9 kovy ako cesium, stroncium pri environment\u00e1lnych katastrof\u00e1ch po nukle\u00e1rnych v\u00fdbuchoch. Modern\u00e1 veda e\u0161te len za\u010d\u00edna ch\u00e1pa\u0165 \u00fa\u010dinky zeolitu na na\u0161e zdravie. Klinick\u00e9 \u0161t\u00fadie potvrdili odstr\u00e1nenie \u0165a\u017ek\u00fdch kovov bez odstr\u00e1nenia vit\u00e1lnych elektrolytov: olovo, kadmium, arz\u00e9n, bismut, kyselina mo\u010dov\u00e1, hlin\u00edk.<\/p>\n<p>Dr. Cousens M.D. (in Wake Up World): Zeolit dok\u00e1\u017ee odst\u00e1ni\u0165 z \u013eudsk\u00e9ho tela karcinog\u00e9ny, \u0165a\u017ek\u00e9 kovy, v\u00edrusy, bakt\u00e9rie, plesne, redukuje vo\u013en\u00e9 radik\u00e1ly a celkovo upravuje kysl\u00e9 prostredie v \u013eudskom tele, ktor\u00e9 je \u010dastou pr\u00ed\u010dinou ochoren\u00ed. Je vynikaj\u00faci na zv\u00fd\u0161enie \u017eivotnej vitality.<\/p>\n<p>Na z\u00e1klade nariadenia E\u00da nie je zolit povolen\u00fd na vn\u00fatorn\u00e9 u\u017e\u00edvanie v r\u00e1mci kraj\u00edn E\u00da.<\/p>\n<p><strong>Balenie:\u00a0<\/strong>200g<\/p>\n<p><strong>5-20 mikr\u00f3nov\u00fd<\/strong><\/p>","protected":false},"excerpt":{"rendered":"<p class=\"ai-optimize-22\">Kozmetick\u00e1 surovina &#8211; v\u00fdskumy potvrdzuj\u00fa sk\u00fasenosti na\u0161ich predkov vo v\u0161etk\u00fdch \u010dastiach Zeme: pr\u00edrodn\u00fd zeolit, je najlep\u0161\u00edm absorbentom tox\u00ednov a \u0165a\u017ek\u00fdch kovov v pr\u00edrode.<\/p>\n<p>&nbsp;<\/p>","protected":false},"featured_media":10631,"comment_status":"open","ping_status":"closed","template":"","meta":[],"product_brand":[],"product_cat":[29,54],"product_tag":[],"class_list":{"0":"post-100","1":"product","2":"type-product","3":"status-publish","4":"has-post-thumbnail","6":"product_cat-telo","7":"product_cat-vsetko","9":"first","10":"instock","11":"taxable","12":"shipping-taxable","13":"purchasable","14":"product-type-simple"},"yoast_head":"<!-- This site is optimized with the Yoast SEO Premium plugin v25.2 (Yoast SEO v25.2) - https:\/\/yoast.com\/wordpress\/plugins\/seo\/ -->\n<title>Zeolit klinoptilolit ZEOZOE - ZEOZOE\u00ae<\/title>\n<meta name=\"description\" content=\"zeolit - najsilnej\u0161\u00ed absorbent \u0165a\u017ek\u00fdch a tox\u00ednov v pr\u00edrode. \u00da\u017easn\u00fd pomocn\u00edk v dom\u00e1cnosti a v starostlivosti o telo a pr\u00edrodu, vo svete \u00fa\u010dinn\u00fd detoxikant.\" \/>\n<meta name=\"robots\" content=\"index, follow, max-snippet:-1, max-image-preview:large, max-video-preview:-1\" \/>\n<link rel=\"canonical\" href=\"https:\/\/www.zeozoe.sk\/en\/product\/zeolit-klinoptilolit-zeozoe-detox\/\" \/>\n<meta property=\"og:locale\" content=\"en_GB\" \/>\n<meta property=\"og:type\" content=\"article\" \/>\n<meta property=\"og:title\" content=\"Zeolit klinoptilolit ZEOZOE\" \/>\n<meta property=\"og:description\" content=\"zeolit - najsilnej\u0161\u00ed absorbent \u0165a\u017ek\u00fdch a tox\u00ednov v pr\u00edrode. \u00da\u017easn\u00fd pomocn\u00edk v dom\u00e1cnosti a v starostlivosti o telo a pr\u00edrodu, vo svete \u00fa\u010dinn\u00fd detoxikant.\" \/>\n<meta property=\"og:url\" content=\"https:\/\/www.zeozoe.sk\/en\/product\/zeolit-klinoptilolit-zeozoe-detox\/\" \/>\n<meta property=\"og:site_name\" content=\"ZEOZOE\u00ae\" \/>\n<meta property=\"article:modified_time\" content=\"2026-04-13T13:44:29+00:00\" \/>\n<meta property=\"og:image\" content=\"https:\/\/www.zeozoe.sk\/wp-content\/uploads\/2024\/06\/zeolit-cisty.jpg\" \/>\n\t<meta property=\"og:image:width\" content=\"1080\" \/>\n\t<meta property=\"og:image:height\" content=\"1080\" \/>\n\t<meta property=\"og:image:type\" content=\"image\/jpeg\" \/>\n<meta name=\"twitter:card\" content=\"summary_large_image\" \/>\n<meta name=\"twitter:label1\" content=\"Estimated reading time\" \/>\n\t<meta name=\"twitter:data1\" content=\"1 minute\" \/>\n<script type=\"application\/ld+json\" class=\"yoast-schema-graph\">{\"@context\":\"https:\/\/schema.org\",\"@graph\":[{\"@type\":\"WebPage\",\"@id\":\"https:\/\/www.zeozoe.sk\/produkt\/zeolit-klinoptilolit-zeozoe-detox\/\",\"url\":\"https:\/\/www.zeozoe.sk\/produkt\/zeolit-klinoptilolit-zeozoe-detox\/\",\"name\":\"Zeolit klinoptilolit ZEOZOE - ZEOZOE\u00ae\",\"isPartOf\":{\"@id\":\"https:\/\/www.zeozoe.sk\/#website\"},\"primaryImageOfPage\":{\"@id\":\"https:\/\/www.zeozoe.sk\/produkt\/zeolit-klinoptilolit-zeozoe-detox\/#primaryimage\"},\"image\":{\"@id\":\"https:\/\/www.zeozoe.sk\/produkt\/zeolit-klinoptilolit-zeozoe-detox\/#primaryimage\"},\"thumbnailUrl\":\"https:\/\/www.zeozoe.sk\/wp-content\/uploads\/2024\/06\/zeolit-cisty.jpg\",\"datePublished\":\"2024-06-03T22:28:29+00:00\",\"dateModified\":\"2026-04-13T13:44:29+00:00\",\"description\":\"zeolit - najsilnej\u0161\u00ed absorbent \u0165a\u017ek\u00fdch a tox\u00ednov v pr\u00edrode. \u00da\u017easn\u00fd pomocn\u00edk v dom\u00e1cnosti a v starostlivosti o telo a pr\u00edrodu, vo svete \u00fa\u010dinn\u00fd detoxikant.\",\"breadcrumb\":{\"@id\":\"https:\/\/www.zeozoe.sk\/produkt\/zeolit-klinoptilolit-zeozoe-detox\/#breadcrumb\"},\"inLanguage\":\"en-GB\",\"potentialAction\":[{\"@type\":\"ReadAction\",\"target\":[\"https:\/\/www.zeozoe.sk\/produkt\/zeolit-klinoptilolit-zeozoe-detox\/\"]}]},{\"@type\":\"ImageObject\",\"inLanguage\":\"en-GB\",\"@id\":\"https:\/\/www.zeozoe.sk\/produkt\/zeolit-klinoptilolit-zeozoe-detox\/#primaryimage\",\"url\":\"https:\/\/www.zeozoe.sk\/wp-content\/uploads\/2024\/06\/zeolit-cisty.jpg\",\"contentUrl\":\"https:\/\/www.zeozoe.sk\/wp-content\/uploads\/2024\/06\/zeolit-cisty.jpg\",\"width\":1080,\"height\":1080,\"caption\":\"zeolit klinoptikolit, \u010dist\u00fd zeolit\"},{\"@type\":\"BreadcrumbList\",\"@id\":\"https:\/\/www.zeozoe.sk\/produkt\/zeolit-klinoptilolit-zeozoe-detox\/#breadcrumb\",\"itemListElement\":[{\"@type\":\"ListItem\",\"position\":1,\"name\":\"Domov\",\"item\":\"https:\/\/www.zeozoe.sk\/\"},{\"@type\":\"ListItem\",\"position\":2,\"name\":\"Obchod\",\"item\":\"https:\/\/www.zeozoe.sk\/obchod\/\"},{\"@type\":\"ListItem\",\"position\":3,\"name\":\"Zeolit klinoptilolit ZEOZOE\"}]},{\"@type\":\"WebSite\",\"@id\":\"https:\/\/www.zeozoe.sk\/#website\",\"url\":\"https:\/\/www.zeozoe.sk\/\",\"name\":\"ZEOZOE\u00ae\",\"description\":\"Zubn\u00fd pr\u00e1\u0161ok a tablety na pr\u00edrodnej b\u00e1ze\",\"potentialAction\":[{\"@type\":\"SearchAction\",\"target\":{\"@type\":\"EntryPoint\",\"urlTemplate\":\"https:\/\/www.zeozoe.sk\/?s={search_term_string}\"},\"query-input\":{\"@type\":\"PropertyValueSpecification\",\"valueRequired\":true,\"valueName\":\"search_term_string\"}}],\"inLanguage\":\"en-GB\"}]}<\/script>\n<!-- \/ Yoast SEO Premium plugin. -->","yoast_head_json":{"title":"Zeolit klinoptilolit ZEOZOE - ZEOZOE\u00ae","description":"zeolit - najsilnej\u0161\u00ed absorbent \u0165a\u017ek\u00fdch a tox\u00ednov v pr\u00edrode. \u00da\u017easn\u00fd pomocn\u00edk v dom\u00e1cnosti a v starostlivosti o telo a pr\u00edrodu, vo svete \u00fa\u010dinn\u00fd detoxikant.","robots":{"index":"index","follow":"follow","max-snippet":"max-snippet:-1","max-image-preview":"max-image-preview:large","max-video-preview":"max-video-preview:-1"},"canonical":"https:\/\/www.zeozoe.sk\/en\/product\/zeolit-klinoptilolit-zeozoe-detox\/","og_locale":"en_GB","og_type":"article","og_title":"Zeolit klinoptilolit ZEOZOE","og_description":"zeolit - najsilnej\u0161\u00ed absorbent \u0165a\u017ek\u00fdch a tox\u00ednov v pr\u00edrode. \u00da\u017easn\u00fd pomocn\u00edk v dom\u00e1cnosti a v starostlivosti o telo a pr\u00edrodu, vo svete \u00fa\u010dinn\u00fd detoxikant.","og_url":"https:\/\/www.zeozoe.sk\/en\/product\/zeolit-klinoptilolit-zeozoe-detox\/","og_site_name":"ZEOZOE\u00ae","article_modified_time":"2026-04-13T13:44:29+00:00","og_image":[{"width":1080,"height":1080,"url":"https:\/\/www.zeozoe.sk\/wp-content\/uploads\/2024\/06\/zeolit-cisty.jpg","type":"image\/jpeg"}],"twitter_card":"summary_large_image","twitter_misc":{"Estimated reading time":"1 minute"},"schema":{"@context":"https:\/\/schema.org","@graph":[{"@type":"WebPage","@id":"https:\/\/www.zeozoe.sk\/produkt\/zeolit-klinoptilolit-zeozoe-detox\/","url":"https:\/\/www.zeozoe.sk\/produkt\/zeolit-klinoptilolit-zeozoe-detox\/","name":"Zeolit klinoptilolit ZEOZOE - ZEOZOE\u00ae","isPartOf":{"@id":"https:\/\/www.zeozoe.sk\/#website"},"primaryImageOfPage":{"@id":"https:\/\/www.zeozoe.sk\/produkt\/zeolit-klinoptilolit-zeozoe-detox\/#primaryimage"},"image":{"@id":"https:\/\/www.zeozoe.sk\/produkt\/zeolit-klinoptilolit-zeozoe-detox\/#primaryimage"},"thumbnailUrl":"https:\/\/www.zeozoe.sk\/wp-content\/uploads\/2024\/06\/zeolit-cisty.jpg","datePublished":"2024-06-03T22:28:29+00:00","dateModified":"2026-04-13T13:44:29+00:00","description":"zeolit - najsilnej\u0161\u00ed absorbent \u0165a\u017ek\u00fdch a tox\u00ednov v pr\u00edrode. \u00da\u017easn\u00fd pomocn\u00edk v dom\u00e1cnosti a v starostlivosti o telo a pr\u00edrodu, vo svete \u00fa\u010dinn\u00fd detoxikant.","breadcrumb":{"@id":"https:\/\/www.zeozoe.sk\/produkt\/zeolit-klinoptilolit-zeozoe-detox\/#breadcrumb"},"inLanguage":"en-GB","potentialAction":[{"@type":"ReadAction","target":["https:\/\/www.zeozoe.sk\/produkt\/zeolit-klinoptilolit-zeozoe-detox\/"]}]},{"@type":"ImageObject","inLanguage":"en-GB","@id":"https:\/\/www.zeozoe.sk\/produkt\/zeolit-klinoptilolit-zeozoe-detox\/#primaryimage","url":"https:\/\/www.zeozoe.sk\/wp-content\/uploads\/2024\/06\/zeolit-cisty.jpg","contentUrl":"https:\/\/www.zeozoe.sk\/wp-content\/uploads\/2024\/06\/zeolit-cisty.jpg","width":1080,"height":1080,"caption":"zeolit klinoptikolit, \u010dist\u00fd zeolit"},{"@type":"BreadcrumbList","@id":"https:\/\/www.zeozoe.sk\/produkt\/zeolit-klinoptilolit-zeozoe-detox\/#breadcrumb","itemListElement":[{"@type":"ListItem","position":1,"name":"Domov","item":"https:\/\/www.zeozoe.sk\/"},{"@type":"ListItem","position":2,"name":"Obchod","item":"https:\/\/www.zeozoe.sk\/obchod\/"},{"@type":"ListItem","position":3,"name":"Zeolit klinoptilolit ZEOZOE"}]},{"@type":"WebSite","@id":"https:\/\/www.zeozoe.sk\/#website","url":"https:\/\/www.zeozoe.sk\/","name":"ZEOZOE\u00ae","description":"Zubn\u00fd pr\u00e1\u0161ok a tablety na pr\u00edrodnej b\u00e1ze","potentialAction":[{"@type":"SearchAction","target":{"@type":"EntryPoint","urlTemplate":"https:\/\/www.zeozoe.sk\/?s={search_term_string}"},"query-input":{"@type":"PropertyValueSpecification","valueRequired":true,"valueName":"search_term_string"}}],"inLanguage":"en-GB"}]}},"_links":{"self":[{"href":"https:\/\/www.zeozoe.sk\/en\/wp-json\/wp\/v2\/product\/100","targetHints":{"allow":["GET"]}}],"collection":[{"href":"https:\/\/www.zeozoe.sk\/en\/wp-json\/wp\/v2\/product"}],"about":[{"href":"https:\/\/www.zeozoe.sk\/en\/wp-json\/wp\/v2\/types\/product"}],"replies":[{"embeddable":true,"href":"https:\/\/www.zeozoe.sk\/en\/wp-json\/wp\/v2\/comments?post=100"}],"wp:featuredmedia":[{"embeddable":true,"href":"https:\/\/www.zeozoe.sk\/en\/wp-json\/wp\/v2\/media\/10631"}],"wp:attachment":[{"href":"https:\/\/www.zeozoe.sk\/en\/wp-json\/wp\/v2\/media?parent=100"}],"wp:term":[{"taxonomy":"product_brand","embeddable":true,"href":"https:\/\/www.zeozoe.sk\/en\/wp-json\/wp\/v2\/product_brand?post=100"},{"taxonomy":"product_cat","embeddable":true,"href":"https:\/\/www.zeozoe.sk\/en\/wp-json\/wp\/v2\/product_cat?post=100"},{"taxonomy":"product_tag","embeddable":true,"href":"https:\/\/www.zeozoe.sk\/en\/wp-json\/wp\/v2\/product_tag?post=100"}],"curies":[{"name":"wp","href":"https:\/\/api.w.org\/{rel}","templated":true}]}}