{"id":10232,"date":"2025-11-03T12:17:16","date_gmt":"2025-11-03T11:17:16","guid":{"rendered":"https:\/\/www.zeozoe.sk\/?post_type=product&#038;p=10232"},"modified":"2026-03-31T12:37:24","modified_gmt":"2026-03-31T10:37:24","slug":"cokolada-luxusne-telove-maslo-250ml","status":"publish","type":"product","link":"https:\/\/www.zeozoe.sk\/en\/product\/cokolada-luxusne-telove-maslo-250ml\/","title":{"rendered":"\u010cOKOL\u00c1DA \u2013 luxusn\u00e9 telov\u00e9 maslo 250 ml e"},"content":{"rendered":"<h2 class=\"ai-optimize-30\" data-start=\"226\" data-end=\"295\">\ud83c\udf38 <strong data-start=\"232\" data-end=\"293\">ZEOZOE \u010cOKOL\u00c1DA \u2013 luxusn\u00e9 \u0161\u013eahan\u00e9 telov\u00e9 maslo so zeolitom (250 ml e)<\/strong><\/h2>\n<h3 class=\"ai-optimize-31\" data-start=\"296\" data-end=\"358\">Hydrat\u00e1cia, regener\u00e1cia a n\u00e1dhern\u00e1 v\u00f4\u0148a v jednom produkte!<\/h3>\n<p class=\"ai-optimize-introduction ai-optimize-32\" data-start=\"360\" data-end=\"649\">\u0160\u013eahan\u00e9 telov\u00e9 maslo ZEOZOE \u010cOKOL\u00c1DA je ide\u00e1lnou vo\u013ebou pre v\u0161etk\u00fdch, ktor\u00ed h\u013eadaj\u00fa pr\u00edrodn\u00fa a zmyslov\u00fa starostlivos\u0165 o poko\u017eku. Jeho \u013eahk\u00e1, nad\u00fdchan\u00e1 text\u00fara pripom\u00edna jemn\u00fa penu, ktor\u00e1 sa r\u00fdchlo vstreb\u00e1va, nezanech\u00e1va mastn\u00fd film a zanech\u00e1 poko\u017eku hladk\u00fa, jemn\u00fa, roz\u017eiaren\u00fa a pr\u00edjemne prevo\u0148an\u00fa.<\/p>\n<p class=\"ai-optimize-33\" data-start=\"651\" data-end=\"795\">\ud83c\udf6b\u00a0Bohat\u00e1 v\u00f4\u0148a<strong> lahodnej \u010dokol\u00e1dy<\/strong> v\u00e1s pohlad\u00ed po zmysloch a premen\u00ed ka\u017edodenn\u00fd ritu\u00e1l starostlivosti o telo na chv\u00ed\u013eu sladk\u00e9ho p\u00f4\u017eitku a dokonal\u00e9ho relaxu.<\/p>\n<p class=\"ai-optimize-34\" data-start=\"651\" data-end=\"795\">Ak chcete vysk\u00fa\u0161a\u0165 slovensk\u00fa kozmetiku obsahuj\u00facu zeolit, <a href=\"https:\/\/www.zeozoe.sk\/#reviews_section\">recenzie<\/a> na\u0161ich spokojn\u00fdch z\u00e1kazn\u00edkov v\u00e1s ur\u010dite presved\u010dia.<\/p>\n<hr class=\"\" data-start=\"797\" data-end=\"800\" \/>\n<h3 class=\"ai-optimize-35\" data-start=\"802\" data-end=\"850\">\ud83c\udf3f <strong data-start=\"809\" data-end=\"850\">Zlo\u017eenie obohaten\u00e9 o pr\u00edrodn\u00e9 zlo\u017eky:<\/strong><\/h3>\n<p class=\"ai-optimize-36\" data-start=\"852\" data-end=\"974\">\ud83d\udee1\ufe0f <strong data-start=\"856\" data-end=\"869\">Vitam\u00edn E<\/strong><br data-start=\"869\" data-end=\"872\" \/>Siln\u00fd antioxidant \u2013 podporuje regener\u00e1ciu poko\u017eky, zvy\u0161uje hydrat\u00e1ciu a chr\u00e1ni pred vo\u013en\u00fdmi radik\u00e1lmi.<\/p>\n<p class=\"ai-optimize-37\" data-start=\"976\" data-end=\"1086\">\ud83d\udca7 <strong data-start=\"979\" data-end=\"1008\">Provitam\u00edn B5 (Panthenol)<\/strong><br data-start=\"1008\" data-end=\"1011\" \/>Prenik\u00e1 do h\u013abky, zvy\u0161uje elasticitu poko\u017eky a zanech\u00e1va ju jemn\u00fa a pru\u017en\u00fa.<\/p>\n<p class=\"ai-optimize-38\" data-start=\"1088\" data-end=\"1201\">\ud83c\udf0b <strong data-start=\"1091\" data-end=\"1115\">Zeolit klinoptilolit<\/strong><br data-start=\"1115\" data-end=\"1118\" \/>Pr\u00edrodn\u00fd miner\u00e1l s detoxika\u010dn\u00fdmi vlastnos\u0165ami \u2013 odstra\u0148uje tox\u00edny a prebyto\u010dn\u00fd maz.<\/p>\n<p class=\"ai-optimize-39\" data-start=\"1203\" data-end=\"1290\">\ud83e\udd65 <strong data-start=\"1206\" data-end=\"1224\">Bambuck\u00e9 maslo<\/strong><br data-start=\"1224\" data-end=\"1227\" \/>H\u013abkovo hydratuje, zjem\u0148uje a upokojuje aj ve\u013emi such\u00fa poko\u017eku.<\/p>\n<hr class=\"\" data-start=\"1292\" data-end=\"1295\" \/>\n<h3 class=\"ai-optimize-40\" data-start=\"1297\" data-end=\"1337\"><strong data-start=\"1303\" data-end=\"1337\">Hlavn\u00e9 benefity ZEOZOE \u010cOKOL\u00c1DA:<\/strong><\/h3>\n<p class=\"ai-optimize-41\" data-start=\"1339\" data-end=\"1694\">\ud83d\udca6 <strong data-start=\"1342\" data-end=\"1364\">H\u013abkov\u00e1 hydrat\u00e1cia<\/strong> \u2013 ide\u00e1lne pre such\u00fa a citliv\u00fa poko\u017eku<br data-start=\"1402\" data-end=\"1405\" \/>\ud83e\udee7 <strong data-start=\"1408\" data-end=\"1429\">Nad\u00fdchan\u00e1 text\u00fara<\/strong> \u2013 \u013eahko sa rozotiera a r\u00fdchlo vstreb\u00e1va<br data-start=\"1469\" data-end=\"1472\" \/>\ud83c\udf31 <strong>Pr\u00edrodn\u00e9 zlo\u017eenie<\/strong> \u2013 bez parab\u00e9nov, silik\u00f3nov a umel\u00fdch farb\u00edv<br data-start=\"1546\" data-end=\"1549\" \/>\ud83c\udf6b <strong>Hrejiv\u00e1 a zmyseln\u00e1 v\u00f4\u0148a<\/strong> &#8211; navod\u00ed atmosf\u00e9ru luxusn\u00e9ho ritu\u00e1lu<br data-start=\"1613\" data-end=\"1616\" \/>\ud83d\udc50 <strong data-start=\"1619\" data-end=\"1643\">Univerz\u00e1lne pou\u017eitie<\/strong> \u2013 na cel\u00e9 telo, vr\u00e1tane r\u00fak, n\u00f4h a such\u00fdch miest<\/p>\n<hr class=\"\" data-start=\"1696\" data-end=\"1699\" \/>\n<h3 class=\"ai-optimize-42\" data-start=\"1701\" data-end=\"1752\"><strong data-start=\"1708\" data-end=\"1752\">Ako pou\u017e\u00edva\u0165 telov\u00e9 maslo ZEOZOE \u010cOKOL\u00c1DA?<\/strong><\/h3>\n<p class=\"ai-optimize-43\" data-start=\"1754\" data-end=\"1925\">1\ufe0f\u20e3 Telov\u00e9 maslo naneste v malom mno\u017estve na such\u00fa poko\u017eku<br data-start=\"1802\" data-end=\"1805\" \/>2\ufe0f\u20e3 Jemne vmas\u00edrujte kr\u00fa\u017eiv\u00fdmi pohybmi, k\u00fdm sa \u00faplne nevstrebe<br data-start=\"1867\" data-end=\"1870\" \/>3\ufe0f\u20e3 Pou\u017e\u00edvajte denne \u2013 najlep\u0161ie po sprche alebo k\u00fapeli<\/p>\n<p class=\"ai-optimize-44\" data-start=\"1927\" data-end=\"2028\">\ud83d\udca1 <strong data-start=\"1930\" data-end=\"1938\">Tip:<\/strong> Pre intenz\u00edvnej\u0161\u00ed efekt kombinujte s ric\u00ednov\u00fdm olejom \u2013 posiln\u00ed hydrat\u00e1ciu a regener\u00e1ciu.<\/p>\n<hr class=\"\" data-start=\"2030\" data-end=\"2033\" \/>\n<h3 class=\"ai-optimize-45\" data-start=\"2035\" data-end=\"2089\"><strong data-start=\"2042\" data-end=\"2089\">\ud83c\udf6bPre\u010do si vybra\u0165 telov\u00e9 maslo ZEOZOE \u010cOKOL\u00c1DA?<\/strong><\/h3>\n<p class=\"ai-optimize-46\" data-start=\"2091\" data-end=\"2464\"><strong data-start=\"2094\" data-end=\"2132\">Ob\u013e\u00faben\u00e9 rie\u0161enie na such\u00fa poko\u017eku<\/strong> \u2013 v\u00fd\u017eiva a hebkos\u0165 u\u017e po prvom pou\u017eit\u00ed<br data-start=\"2171\" data-end=\"2174\" \/><strong data-start=\"2177\" data-end=\"2208\">Pr\u00edrodn\u00e1 kozmetika pre \u017eeny<\/strong> \u2013 \u0161etrn\u00e1 k poko\u017eke aj pr\u00edrode<br data-start=\"2238\" data-end=\"2241\" \/><strong data-start=\"2244\" data-end=\"2271\">V\u00f4\u0148a pre relax a pote\u0161enie<\/strong> \u2013 in\u0161pirovan\u00e1 pr\u00e9miovou \u010dokol\u00e1dou<br data-start=\"2305\" data-end=\"2308\" \/><strong data-start=\"2311\" data-end=\"2333\">Overen\u00e9 z\u00e1kazn\u00edkmi<\/strong> \u2013 skvel\u00e9 recenzie a spokojnos\u0165 s v\u00fdsledkami<br data-start=\"2377\" data-end=\"2380\" \/><strong data-start=\"2383\" data-end=\"2422\">Luxusn\u00fd dar\u010dek pre seba aj bl\u00edzkych<\/strong> \u2013 balenie, ktor\u00e9 pote\u0161\u00ed zmysly aj poko\u017eku<\/p>\n<hr class=\"\" data-start=\"2466\" data-end=\"2469\" \/>\n<h3 class=\"ai-optimize-47\" data-start=\"2471\" data-end=\"2504\">\ud83d\udce6 <strong data-start=\"2478\" data-end=\"2502\">Objednajte si teraz:<\/strong><\/h3>\n<p class=\"ai-optimize-48\" data-start=\"2505\" data-end=\"2603\"><strong data-start=\"2505\" data-end=\"2559\">ZEOZOE \u010cOKOL\u00c1DA \u2013 na\u0161\u013eahan\u00e9 telov\u00e9 maslo so zeolitom<\/strong>, ktor\u00e9 si zamilujete u\u017e po prvom pou\u017eit\u00ed \ud83d\udc96<\/p>\n<p class=\"ai-optimize-49\">viac na blogu: <a href=\"https:\/\/www.zeozoe.sk\/2024\/08\/02\/novinka-telove-masla-so-zeolitom\/\">ZEOZOE na\u0161\u013eahan\u00e9 telov\u00e9 masl\u00e1<\/a><\/p>\n<h3 class=\"ai-optimize-50\"><strong>S\u00favisiace produkty:<\/strong><\/h3>\n<ul>\n<li class=\"ai-optimize-51\"><a href=\"https:\/\/www.zeozoe.sk\/produkt\/pletova-maska-sage-zeozoe\/\" rel=\"noopener\">Ple\u0165ov\u00e1 maska Zeolit a \u0160alvia<\/a> \u2013 detoxik\u00e1cia pleti prirodzen\u00fdm sp\u00f4sobom.<\/li>\n<li class=\"ai-optimize-52\"><a href=\"https:\/\/www.zeozoe.sk\/produkt\/zubne-tablety-zeozoe-refill-tablety-akcia\/\" rel=\"noopener\">Zubn\u00e9 tablety ZEOZOE<\/a> \u2013 prirodzen\u00e1 alternat\u00edva k be\u017en\u00fdm past\u00e1m.<\/li>\n<\/ul>\n<hr class=\"\" data-start=\"2466\" data-end=\"2469\" \/>\n<p class=\"ai-optimize-53\">Chcete sa dozvedie\u0165 viac o tom, ak\u00e9 m\u00e1 zeolit \u00fa\u010dinky a \u010d\u00edm je v\u00fdnimo\u010dn\u00fd? Tak nev\u00e1hajte, a pre\u010d\u00edtajte si n\u00e1\u0161 kr\u00e1tky <a href=\"https:\/\/www.zeozoe.sk\/2023\/02\/18\/zeolit-a-jeho-vynimocnost\/\">\u010dl\u00e1nok<\/a>.<\/p>","protected":false},"excerpt":{"rendered":"<p class=\"ai-optimize-27\">Luxusn\u00e9 telov\u00e9 maslo ZEOZOE \u010cOKOL\u00c1DA so zeolitom pon\u00faka h\u013abkov\u00fa hydrat\u00e1ciu, detoxik\u00e1ciu a luxusn\u00fa v\u00f4\u0148u lahodnej \u010dokol\u00e1dy. Jeho jemn\u00e1, nad\u00fdchan\u00e1 text\u00fara sa \u013eahko vstreb\u00e1va, nezanech\u00e1va mastn\u00fd pocit a zanech\u00e1va poko\u017eku jemn\u00fa a vy\u017eiven\u00fa. Ide\u00e1lne pre such\u00fa a citliv\u00fa poko\u017eku.<\/p>\n<p class=\"ai-optimize-28\"><span style=\"color: #000000;\">\u2764\ufe0f <strong data-start=\"139\" data-end=\"162\">Bezpe\u010dn\u00fd produkt<\/strong><\/span><br data-start=\"162\" data-end=\"165\" \/><span style=\"color: #000000;\">\u2764\ufe0f <strong data-start=\"168\" data-end=\"193\">Vyroben\u00e9 na Slovensku<\/strong><\/span><br data-start=\"193\" data-end=\"196\" \/><span style=\"color: #000000;\">\u2764\ufe0f <strong data-start=\"199\" data-end=\"231\">ZEOZOE \u2013 registrovan\u00e1 zna\u010dka<\/strong><\/span><br data-start=\"231\" data-end=\"234\" \/><span style=\"color: #000000;\">\u2764\ufe0f <strong data-start=\"237\" data-end=\"263\">Neobsahuje mikroplasty, bez parab\u00e9nov, silik\u00f3nov a umel\u00fdch farb\u00edv<\/strong><\/span><br data-start=\"263\" data-end=\"266\" \/><span style=\"color: #000000;\">\u2764\ufe0f <strong data-start=\"269\" data-end=\"301\">Vyroben\u00e9 s dobr\u00fdm z\u00e1merom \ud83d\ude42<\/strong><\/span><\/p>","protected":false},"featured_media":10234,"comment_status":"open","ping_status":"closed","template":"","meta":[],"product_brand":[],"product_cat":[54,29],"product_tag":[243,112,130],"class_list":{"0":"post-10232","1":"product","2":"type-product","3":"status-publish","4":"has-post-thumbnail","6":"product_cat-vsetko","7":"product_cat-telo","8":"product_tag-cokolada","9":"product_tag-hydratacia","10":"product_tag-prirodny-produkt","12":"first","13":"instock","14":"taxable","15":"shipping-taxable","16":"purchasable","17":"product-type-simple"},"yoast_head":"<!-- This site is optimized with the Yoast SEO Premium plugin v25.2 (Yoast SEO v25.2) - https:\/\/yoast.com\/wordpress\/plugins\/seo\/ -->\n<title>\u010cOKOL\u00c1DA \u2013 luxusn\u00e9 telov\u00e9 maslo 250 ml e - ZEOZOE\u00ae<\/title>\n<meta name=\"description\" content=\"Luxusn\u00e9 \u0161\u013eahan\u00e9 telov\u00e9 maslo ZEOZOE \u010dokol\u00e1da so zeolitom \u2013 h\u013abkov\u00e1 hydrat\u00e1cia, detoxik\u00e1cia a jemn\u00e1 v\u00f4\u0148a. Ide\u00e1lne pre such\u00fa poko\u017eku, \u013eahko sa vstreb\u00e1va.\" \/>\n<meta name=\"robots\" content=\"index, follow, max-snippet:-1, max-image-preview:large, max-video-preview:-1\" \/>\n<link rel=\"canonical\" href=\"https:\/\/www.zeozoe.sk\/en\/product\/cokolada-luxusne-telove-maslo-250ml\/\" \/>\n<meta property=\"og:locale\" content=\"en_GB\" \/>\n<meta property=\"og:type\" content=\"article\" \/>\n<meta property=\"og:title\" content=\"\u010cOKOL\u00c1DA \u2013 luxusn\u00e9 telov\u00e9 maslo 250 ml e\" \/>\n<meta property=\"og:description\" content=\"Luxusn\u00e9 \u0161\u013eahan\u00e9 telov\u00e9 maslo ZEOZOE \u010dokol\u00e1da so zeolitom \u2013 h\u013abkov\u00e1 hydrat\u00e1cia, detoxik\u00e1cia a jemn\u00e1 v\u00f4\u0148a. Ide\u00e1lne pre such\u00fa poko\u017eku, \u013eahko sa vstreb\u00e1va.\" \/>\n<meta property=\"og:url\" content=\"https:\/\/www.zeozoe.sk\/en\/product\/cokolada-luxusne-telove-maslo-250ml\/\" \/>\n<meta property=\"og:site_name\" content=\"ZEOZOE\u00ae\" \/>\n<meta property=\"article:modified_time\" content=\"2026-03-31T10:37:24+00:00\" \/>\n<meta property=\"og:image\" content=\"https:\/\/www.zeozoe.sk\/wp-content\/uploads\/2025\/11\/WhatsApp-Bild-2025-11-01-um-19.13.42_e5292969.jpg\" \/>\n\t<meta property=\"og:image:width\" content=\"1080\" \/>\n\t<meta property=\"og:image:height\" content=\"1080\" \/>\n\t<meta property=\"og:image:type\" content=\"image\/jpeg\" \/>\n<meta name=\"twitter:card\" content=\"summary_large_image\" \/>\n<meta name=\"twitter:label1\" content=\"Estimated reading time\" \/>\n\t<meta name=\"twitter:data1\" content=\"3 minutes\" \/>\n<script type=\"application\/ld+json\" class=\"yoast-schema-graph\">{\"@context\":\"https:\/\/schema.org\",\"@graph\":[{\"@type\":\"WebPage\",\"@id\":\"https:\/\/www.zeozoe.sk\/produkt\/cokolada-luxusne-telove-maslo-250ml\/\",\"url\":\"https:\/\/www.zeozoe.sk\/produkt\/cokolada-luxusne-telove-maslo-250ml\/\",\"name\":\"\u010cOKOL\u00c1DA \u2013 luxusn\u00e9 telov\u00e9 maslo 250 ml e - ZEOZOE\u00ae\",\"isPartOf\":{\"@id\":\"https:\/\/www.zeozoe.sk\/#website\"},\"primaryImageOfPage\":{\"@id\":\"https:\/\/www.zeozoe.sk\/produkt\/cokolada-luxusne-telove-maslo-250ml\/#primaryimage\"},\"image\":{\"@id\":\"https:\/\/www.zeozoe.sk\/produkt\/cokolada-luxusne-telove-maslo-250ml\/#primaryimage\"},\"thumbnailUrl\":\"https:\/\/www.zeozoe.sk\/wp-content\/uploads\/2025\/11\/WhatsApp-Bild-2025-11-01-um-19.13.42_e5292969.jpg\",\"datePublished\":\"2025-11-03T11:17:16+00:00\",\"dateModified\":\"2026-03-31T10:37:24+00:00\",\"description\":\"Luxusn\u00e9 \u0161\u013eahan\u00e9 telov\u00e9 maslo ZEOZOE \u010dokol\u00e1da so zeolitom \u2013 h\u013abkov\u00e1 hydrat\u00e1cia, detoxik\u00e1cia a jemn\u00e1 v\u00f4\u0148a. Ide\u00e1lne pre such\u00fa poko\u017eku, \u013eahko sa vstreb\u00e1va.\",\"breadcrumb\":{\"@id\":\"https:\/\/www.zeozoe.sk\/produkt\/cokolada-luxusne-telove-maslo-250ml\/#breadcrumb\"},\"inLanguage\":\"en-GB\",\"potentialAction\":[{\"@type\":\"ReadAction\",\"target\":[\"https:\/\/www.zeozoe.sk\/produkt\/cokolada-luxusne-telove-maslo-250ml\/\"]}]},{\"@type\":\"ImageObject\",\"inLanguage\":\"en-GB\",\"@id\":\"https:\/\/www.zeozoe.sk\/produkt\/cokolada-luxusne-telove-maslo-250ml\/#primaryimage\",\"url\":\"https:\/\/www.zeozoe.sk\/wp-content\/uploads\/2025\/11\/WhatsApp-Bild-2025-11-01-um-19.13.42_e5292969.jpg\",\"contentUrl\":\"https:\/\/www.zeozoe.sk\/wp-content\/uploads\/2025\/11\/WhatsApp-Bild-2025-11-01-um-19.13.42_e5292969.jpg\",\"width\":1080,\"height\":1080,\"caption\":\"Telov\u00e9 maslo s obsahom zeolitu a v\u00f4\u0148ou \u010dokol\u00e1dy\"},{\"@type\":\"BreadcrumbList\",\"@id\":\"https:\/\/www.zeozoe.sk\/produkt\/cokolada-luxusne-telove-maslo-250ml\/#breadcrumb\",\"itemListElement\":[{\"@type\":\"ListItem\",\"position\":1,\"name\":\"Domov\",\"item\":\"https:\/\/www.zeozoe.sk\/\"},{\"@type\":\"ListItem\",\"position\":2,\"name\":\"Obchod\",\"item\":\"https:\/\/www.zeozoe.sk\/obchod\/\"},{\"@type\":\"ListItem\",\"position\":3,\"name\":\"\u010cOKOL\u00c1DA \u2013 luxusn\u00e9 telov\u00e9 maslo 250 ml e\"}]},{\"@type\":\"WebSite\",\"@id\":\"https:\/\/www.zeozoe.sk\/#website\",\"url\":\"https:\/\/www.zeozoe.sk\/\",\"name\":\"ZEOZOE\u00ae\",\"description\":\"Zubn\u00fd pr\u00e1\u0161ok a tablety na pr\u00edrodnej b\u00e1ze\",\"potentialAction\":[{\"@type\":\"SearchAction\",\"target\":{\"@type\":\"EntryPoint\",\"urlTemplate\":\"https:\/\/www.zeozoe.sk\/?s={search_term_string}\"},\"query-input\":{\"@type\":\"PropertyValueSpecification\",\"valueRequired\":true,\"valueName\":\"search_term_string\"}}],\"inLanguage\":\"en-GB\"}]}<\/script>\n<!-- \/ Yoast SEO Premium plugin. -->","yoast_head_json":{"title":"\u010cOKOL\u00c1DA \u2013 luxusn\u00e9 telov\u00e9 maslo 250 ml e - ZEOZOE\u00ae","description":"Luxusn\u00e9 \u0161\u013eahan\u00e9 telov\u00e9 maslo ZEOZOE \u010dokol\u00e1da so zeolitom \u2013 h\u013abkov\u00e1 hydrat\u00e1cia, detoxik\u00e1cia a jemn\u00e1 v\u00f4\u0148a. Ide\u00e1lne pre such\u00fa poko\u017eku, \u013eahko sa vstreb\u00e1va.","robots":{"index":"index","follow":"follow","max-snippet":"max-snippet:-1","max-image-preview":"max-image-preview:large","max-video-preview":"max-video-preview:-1"},"canonical":"https:\/\/www.zeozoe.sk\/en\/product\/cokolada-luxusne-telove-maslo-250ml\/","og_locale":"en_GB","og_type":"article","og_title":"\u010cOKOL\u00c1DA \u2013 luxusn\u00e9 telov\u00e9 maslo 250 ml e","og_description":"Luxusn\u00e9 \u0161\u013eahan\u00e9 telov\u00e9 maslo ZEOZOE \u010dokol\u00e1da so zeolitom \u2013 h\u013abkov\u00e1 hydrat\u00e1cia, detoxik\u00e1cia a jemn\u00e1 v\u00f4\u0148a. Ide\u00e1lne pre such\u00fa poko\u017eku, \u013eahko sa vstreb\u00e1va.","og_url":"https:\/\/www.zeozoe.sk\/en\/product\/cokolada-luxusne-telove-maslo-250ml\/","og_site_name":"ZEOZOE\u00ae","article_modified_time":"2026-03-31T10:37:24+00:00","og_image":[{"width":1080,"height":1080,"url":"https:\/\/www.zeozoe.sk\/wp-content\/uploads\/2025\/11\/WhatsApp-Bild-2025-11-01-um-19.13.42_e5292969.jpg","type":"image\/jpeg"}],"twitter_card":"summary_large_image","twitter_misc":{"Estimated reading time":"3 minutes"},"schema":{"@context":"https:\/\/schema.org","@graph":[{"@type":"WebPage","@id":"https:\/\/www.zeozoe.sk\/produkt\/cokolada-luxusne-telove-maslo-250ml\/","url":"https:\/\/www.zeozoe.sk\/produkt\/cokolada-luxusne-telove-maslo-250ml\/","name":"\u010cOKOL\u00c1DA \u2013 luxusn\u00e9 telov\u00e9 maslo 250 ml e - ZEOZOE\u00ae","isPartOf":{"@id":"https:\/\/www.zeozoe.sk\/#website"},"primaryImageOfPage":{"@id":"https:\/\/www.zeozoe.sk\/produkt\/cokolada-luxusne-telove-maslo-250ml\/#primaryimage"},"image":{"@id":"https:\/\/www.zeozoe.sk\/produkt\/cokolada-luxusne-telove-maslo-250ml\/#primaryimage"},"thumbnailUrl":"https:\/\/www.zeozoe.sk\/wp-content\/uploads\/2025\/11\/WhatsApp-Bild-2025-11-01-um-19.13.42_e5292969.jpg","datePublished":"2025-11-03T11:17:16+00:00","dateModified":"2026-03-31T10:37:24+00:00","description":"Luxusn\u00e9 \u0161\u013eahan\u00e9 telov\u00e9 maslo ZEOZOE \u010dokol\u00e1da so zeolitom \u2013 h\u013abkov\u00e1 hydrat\u00e1cia, detoxik\u00e1cia a jemn\u00e1 v\u00f4\u0148a. Ide\u00e1lne pre such\u00fa poko\u017eku, \u013eahko sa vstreb\u00e1va.","breadcrumb":{"@id":"https:\/\/www.zeozoe.sk\/produkt\/cokolada-luxusne-telove-maslo-250ml\/#breadcrumb"},"inLanguage":"en-GB","potentialAction":[{"@type":"ReadAction","target":["https:\/\/www.zeozoe.sk\/produkt\/cokolada-luxusne-telove-maslo-250ml\/"]}]},{"@type":"ImageObject","inLanguage":"en-GB","@id":"https:\/\/www.zeozoe.sk\/produkt\/cokolada-luxusne-telove-maslo-250ml\/#primaryimage","url":"https:\/\/www.zeozoe.sk\/wp-content\/uploads\/2025\/11\/WhatsApp-Bild-2025-11-01-um-19.13.42_e5292969.jpg","contentUrl":"https:\/\/www.zeozoe.sk\/wp-content\/uploads\/2025\/11\/WhatsApp-Bild-2025-11-01-um-19.13.42_e5292969.jpg","width":1080,"height":1080,"caption":"Telov\u00e9 maslo s obsahom zeolitu a v\u00f4\u0148ou \u010dokol\u00e1dy"},{"@type":"BreadcrumbList","@id":"https:\/\/www.zeozoe.sk\/produkt\/cokolada-luxusne-telove-maslo-250ml\/#breadcrumb","itemListElement":[{"@type":"ListItem","position":1,"name":"Domov","item":"https:\/\/www.zeozoe.sk\/"},{"@type":"ListItem","position":2,"name":"Obchod","item":"https:\/\/www.zeozoe.sk\/obchod\/"},{"@type":"ListItem","position":3,"name":"\u010cOKOL\u00c1DA \u2013 luxusn\u00e9 telov\u00e9 maslo 250 ml e"}]},{"@type":"WebSite","@id":"https:\/\/www.zeozoe.sk\/#website","url":"https:\/\/www.zeozoe.sk\/","name":"ZEOZOE\u00ae","description":"Zubn\u00fd pr\u00e1\u0161ok a tablety na pr\u00edrodnej b\u00e1ze","potentialAction":[{"@type":"SearchAction","target":{"@type":"EntryPoint","urlTemplate":"https:\/\/www.zeozoe.sk\/?s={search_term_string}"},"query-input":{"@type":"PropertyValueSpecification","valueRequired":true,"valueName":"search_term_string"}}],"inLanguage":"en-GB"}]}},"_links":{"self":[{"href":"https:\/\/www.zeozoe.sk\/en\/wp-json\/wp\/v2\/product\/10232","targetHints":{"allow":["GET"]}}],"collection":[{"href":"https:\/\/www.zeozoe.sk\/en\/wp-json\/wp\/v2\/product"}],"about":[{"href":"https:\/\/www.zeozoe.sk\/en\/wp-json\/wp\/v2\/types\/product"}],"replies":[{"embeddable":true,"href":"https:\/\/www.zeozoe.sk\/en\/wp-json\/wp\/v2\/comments?post=10232"}],"wp:featuredmedia":[{"embeddable":true,"href":"https:\/\/www.zeozoe.sk\/en\/wp-json\/wp\/v2\/media\/10234"}],"wp:attachment":[{"href":"https:\/\/www.zeozoe.sk\/en\/wp-json\/wp\/v2\/media?parent=10232"}],"wp:term":[{"taxonomy":"product_brand","embeddable":true,"href":"https:\/\/www.zeozoe.sk\/en\/wp-json\/wp\/v2\/product_brand?post=10232"},{"taxonomy":"product_cat","embeddable":true,"href":"https:\/\/www.zeozoe.sk\/en\/wp-json\/wp\/v2\/product_cat?post=10232"},{"taxonomy":"product_tag","embeddable":true,"href":"https:\/\/www.zeozoe.sk\/en\/wp-json\/wp\/v2\/product_tag?post=10232"}],"curies":[{"name":"wp","href":"https:\/\/api.w.org\/{rel}","templated":true}]}}