{"id":103,"date":"2024-08-10T00:31:43","date_gmt":"2024-08-09T22:31:43","guid":{"rendered":"https:\/\/www.zeozoe.sk\/?post_type=product&#038;p=103"},"modified":"2026-04-25T06:58:57","modified_gmt":"2026-04-25T04:58:57","slug":"zubna-kefka-extra-soft-zeozoe","status":"publish","type":"product","link":"https:\/\/www.zeozoe.sk\/en\/product\/zubna-kefka-extra-soft-zeozoe\/","title":{"rendered":"ZEOZOE Zubn\u00e1 kefka Extra Soft"},"content":{"rendered":"<p class=\"ai-optimize-33 ai-optimize-introduction\">Zubn\u00e1 kefka z bukov\u00e9ho dreva s mimoriadne m\u00e4kk\u00fdmi vl\u00e1knami vyroben\u00fdmi zo slovensk\u00e9ho dreva a napusten\u00fdmi zmesou pr\u00edrodn\u00fdch olejov a \u017eiv\u00edc. Dreven\u00e1 rukov\u00e4\u0165 je napusten\u00e1 zmesou 100 % pr\u00edrodn\u00fdch olejov vysokej kvality. Extra m\u00e4kk\u00e9 vl\u00e1kna Dentex S s\u00fa vyroben\u00e9 v Nemecku. Produkt je vyroben\u00fd na Slovensku.<\/p>\n<p>&nbsp;<\/p>","protected":false},"excerpt":{"rendered":"<p class=\"ai-optimize-19 ai-optimize-introduction\">Zubn\u00e1 kefka z bukov\u00e9ho dreva v dvoch farebn\u00fdch vyhotoveniach.<\/p>","protected":false},"featured_media":823,"comment_status":"open","ping_status":"closed","template":"","meta":[],"product_brand":[],"product_cat":[54,28],"product_tag":[],"class_list":{"0":"post-103","1":"product","2":"type-product","3":"status-publish","4":"has-post-thumbnail","6":"product_cat-vsetko","7":"product_cat-zuby","9":"first","10":"instock","11":"sale","12":"taxable","13":"shipping-taxable","14":"purchasable","15":"product-type-variable"},"yoast_head":"<!-- This site is optimized with the Yoast SEO Premium plugin v25.2 (Yoast SEO v25.2) - https:\/\/yoast.com\/wordpress\/plugins\/seo\/ -->\n<title>ZEOZOE Zubn\u00e1 kefka Extra Soft - ZEOZOE\u00ae<\/title>\n<meta name=\"robots\" content=\"index, follow, max-snippet:-1, max-image-preview:large, max-video-preview:-1\" \/>\n<link rel=\"canonical\" href=\"https:\/\/www.zeozoe.sk\/en\/product\/zubna-kefka-extra-soft-zeozoe\/\" \/>\n<meta property=\"og:locale\" content=\"en_GB\" \/>\n<meta property=\"og:type\" content=\"article\" \/>\n<meta property=\"og:title\" content=\"ZEOZOE Zubn\u00e1 kefka Extra Soft\" \/>\n<meta property=\"og:description\" content=\"Zubn\u00e1 kefka z bukov\u00e9ho dreva v dvoch farebn\u00fdch vyhotoveniach.\" \/>\n<meta property=\"og:url\" content=\"https:\/\/www.zeozoe.sk\/en\/product\/zubna-kefka-extra-soft-zeozoe\/\" \/>\n<meta property=\"og:site_name\" content=\"ZEOZOE\u00ae\" \/>\n<meta property=\"article:modified_time\" content=\"2026-04-25T04:58:57+00:00\" \/>\n<meta property=\"og:image\" content=\"https:\/\/www.zeozoe.sk\/wp-content\/uploads\/2024\/06\/zubna_kefka_modra_zeozoe_w.webp\" \/>\n\t<meta property=\"og:image:width\" content=\"1500\" \/>\n\t<meta property=\"og:image:height\" content=\"1500\" \/>\n\t<meta property=\"og:image:type\" content=\"image\/webp\" \/>\n<meta name=\"twitter:card\" content=\"summary_large_image\" \/>\n<meta name=\"twitter:label1\" content=\"Estimated reading time\" \/>\n\t<meta name=\"twitter:data1\" content=\"1 minute\" \/>\n<script type=\"application\/ld+json\" class=\"yoast-schema-graph\">{\"@context\":\"https:\/\/schema.org\",\"@graph\":[{\"@type\":\"WebPage\",\"@id\":\"https:\/\/www.zeozoe.sk\/produkt\/zubna-kefka-extra-soft-zeozoe\/\",\"url\":\"https:\/\/www.zeozoe.sk\/produkt\/zubna-kefka-extra-soft-zeozoe\/\",\"name\":\"ZEOZOE Zubn\u00e1 kefka Extra Soft - ZEOZOE\u00ae\",\"isPartOf\":{\"@id\":\"https:\/\/www.zeozoe.sk\/#website\"},\"primaryImageOfPage\":{\"@id\":\"https:\/\/www.zeozoe.sk\/produkt\/zubna-kefka-extra-soft-zeozoe\/#primaryimage\"},\"image\":{\"@id\":\"https:\/\/www.zeozoe.sk\/produkt\/zubna-kefka-extra-soft-zeozoe\/#primaryimage\"},\"thumbnailUrl\":\"https:\/\/www.zeozoe.sk\/wp-content\/uploads\/2024\/06\/zubna_kefka_modra_zeozoe_w.webp\",\"datePublished\":\"2024-08-09T22:31:43+00:00\",\"dateModified\":\"2026-04-25T04:58:57+00:00\",\"breadcrumb\":{\"@id\":\"https:\/\/www.zeozoe.sk\/produkt\/zubna-kefka-extra-soft-zeozoe\/#breadcrumb\"},\"inLanguage\":\"en-GB\",\"potentialAction\":[{\"@type\":\"ReadAction\",\"target\":[\"https:\/\/www.zeozoe.sk\/produkt\/zubna-kefka-extra-soft-zeozoe\/\"]}]},{\"@type\":\"ImageObject\",\"inLanguage\":\"en-GB\",\"@id\":\"https:\/\/www.zeozoe.sk\/produkt\/zubna-kefka-extra-soft-zeozoe\/#primaryimage\",\"url\":\"https:\/\/www.zeozoe.sk\/wp-content\/uploads\/2024\/06\/zubna_kefka_modra_zeozoe_w.webp\",\"contentUrl\":\"https:\/\/www.zeozoe.sk\/wp-content\/uploads\/2024\/06\/zubna_kefka_modra_zeozoe_w.webp\",\"width\":1500,\"height\":1500},{\"@type\":\"BreadcrumbList\",\"@id\":\"https:\/\/www.zeozoe.sk\/produkt\/zubna-kefka-extra-soft-zeozoe\/#breadcrumb\",\"itemListElement\":[{\"@type\":\"ListItem\",\"position\":1,\"name\":\"Domov\",\"item\":\"https:\/\/www.zeozoe.sk\/\"},{\"@type\":\"ListItem\",\"position\":2,\"name\":\"Obchod\",\"item\":\"https:\/\/www.zeozoe.sk\/obchod\/\"},{\"@type\":\"ListItem\",\"position\":3,\"name\":\"ZEOZOE Zubn\u00e1 kefka Extra Soft\"}]},{\"@type\":\"WebSite\",\"@id\":\"https:\/\/www.zeozoe.sk\/#website\",\"url\":\"https:\/\/www.zeozoe.sk\/\",\"name\":\"ZEOZOE\u00ae\",\"description\":\"Zubn\u00fd pr\u00e1\u0161ok a tablety na pr\u00edrodnej b\u00e1ze\",\"potentialAction\":[{\"@type\":\"SearchAction\",\"target\":{\"@type\":\"EntryPoint\",\"urlTemplate\":\"https:\/\/www.zeozoe.sk\/?s={search_term_string}\"},\"query-input\":{\"@type\":\"PropertyValueSpecification\",\"valueRequired\":true,\"valueName\":\"search_term_string\"}}],\"inLanguage\":\"en-GB\"}]}<\/script>\n<!-- \/ Yoast SEO Premium plugin. -->","yoast_head_json":{"title":"ZEOZOE Zubn\u00e1 kefka Extra Soft - ZEOZOE\u00ae","robots":{"index":"index","follow":"follow","max-snippet":"max-snippet:-1","max-image-preview":"max-image-preview:large","max-video-preview":"max-video-preview:-1"},"canonical":"https:\/\/www.zeozoe.sk\/en\/product\/zubna-kefka-extra-soft-zeozoe\/","og_locale":"en_GB","og_type":"article","og_title":"ZEOZOE Zubn\u00e1 kefka Extra Soft","og_description":"Zubn\u00e1 kefka z bukov\u00e9ho dreva v dvoch farebn\u00fdch vyhotoveniach.","og_url":"https:\/\/www.zeozoe.sk\/en\/product\/zubna-kefka-extra-soft-zeozoe\/","og_site_name":"ZEOZOE\u00ae","article_modified_time":"2026-04-25T04:58:57+00:00","og_image":[{"width":1500,"height":1500,"url":"https:\/\/www.zeozoe.sk\/wp-content\/uploads\/2024\/06\/zubna_kefka_modra_zeozoe_w.webp","type":"image\/webp"}],"twitter_card":"summary_large_image","twitter_misc":{"Estimated reading time":"1 minute"},"schema":{"@context":"https:\/\/schema.org","@graph":[{"@type":"WebPage","@id":"https:\/\/www.zeozoe.sk\/produkt\/zubna-kefka-extra-soft-zeozoe\/","url":"https:\/\/www.zeozoe.sk\/produkt\/zubna-kefka-extra-soft-zeozoe\/","name":"ZEOZOE Zubn\u00e1 kefka Extra Soft - ZEOZOE\u00ae","isPartOf":{"@id":"https:\/\/www.zeozoe.sk\/#website"},"primaryImageOfPage":{"@id":"https:\/\/www.zeozoe.sk\/produkt\/zubna-kefka-extra-soft-zeozoe\/#primaryimage"},"image":{"@id":"https:\/\/www.zeozoe.sk\/produkt\/zubna-kefka-extra-soft-zeozoe\/#primaryimage"},"thumbnailUrl":"https:\/\/www.zeozoe.sk\/wp-content\/uploads\/2024\/06\/zubna_kefka_modra_zeozoe_w.webp","datePublished":"2024-08-09T22:31:43+00:00","dateModified":"2026-04-25T04:58:57+00:00","breadcrumb":{"@id":"https:\/\/www.zeozoe.sk\/produkt\/zubna-kefka-extra-soft-zeozoe\/#breadcrumb"},"inLanguage":"en-GB","potentialAction":[{"@type":"ReadAction","target":["https:\/\/www.zeozoe.sk\/produkt\/zubna-kefka-extra-soft-zeozoe\/"]}]},{"@type":"ImageObject","inLanguage":"en-GB","@id":"https:\/\/www.zeozoe.sk\/produkt\/zubna-kefka-extra-soft-zeozoe\/#primaryimage","url":"https:\/\/www.zeozoe.sk\/wp-content\/uploads\/2024\/06\/zubna_kefka_modra_zeozoe_w.webp","contentUrl":"https:\/\/www.zeozoe.sk\/wp-content\/uploads\/2024\/06\/zubna_kefka_modra_zeozoe_w.webp","width":1500,"height":1500},{"@type":"BreadcrumbList","@id":"https:\/\/www.zeozoe.sk\/produkt\/zubna-kefka-extra-soft-zeozoe\/#breadcrumb","itemListElement":[{"@type":"ListItem","position":1,"name":"Domov","item":"https:\/\/www.zeozoe.sk\/"},{"@type":"ListItem","position":2,"name":"Obchod","item":"https:\/\/www.zeozoe.sk\/obchod\/"},{"@type":"ListItem","position":3,"name":"ZEOZOE Zubn\u00e1 kefka Extra Soft"}]},{"@type":"WebSite","@id":"https:\/\/www.zeozoe.sk\/#website","url":"https:\/\/www.zeozoe.sk\/","name":"ZEOZOE\u00ae","description":"Zubn\u00fd pr\u00e1\u0161ok a tablety na pr\u00edrodnej b\u00e1ze","potentialAction":[{"@type":"SearchAction","target":{"@type":"EntryPoint","urlTemplate":"https:\/\/www.zeozoe.sk\/?s={search_term_string}"},"query-input":{"@type":"PropertyValueSpecification","valueRequired":true,"valueName":"search_term_string"}}],"inLanguage":"en-GB"}]}},"_links":{"self":[{"href":"https:\/\/www.zeozoe.sk\/en\/wp-json\/wp\/v2\/product\/103","targetHints":{"allow":["GET"]}}],"collection":[{"href":"https:\/\/www.zeozoe.sk\/en\/wp-json\/wp\/v2\/product"}],"about":[{"href":"https:\/\/www.zeozoe.sk\/en\/wp-json\/wp\/v2\/types\/product"}],"replies":[{"embeddable":true,"href":"https:\/\/www.zeozoe.sk\/en\/wp-json\/wp\/v2\/comments?post=103"}],"wp:featuredmedia":[{"embeddable":true,"href":"https:\/\/www.zeozoe.sk\/en\/wp-json\/wp\/v2\/media\/823"}],"wp:attachment":[{"href":"https:\/\/www.zeozoe.sk\/en\/wp-json\/wp\/v2\/media?parent=103"}],"wp:term":[{"taxonomy":"product_brand","embeddable":true,"href":"https:\/\/www.zeozoe.sk\/en\/wp-json\/wp\/v2\/product_brand?post=103"},{"taxonomy":"product_cat","embeddable":true,"href":"https:\/\/www.zeozoe.sk\/en\/wp-json\/wp\/v2\/product_cat?post=103"},{"taxonomy":"product_tag","embeddable":true,"href":"https:\/\/www.zeozoe.sk\/en\/wp-json\/wp\/v2\/product_tag?post=103"}],"curies":[{"name":"wp","href":"https:\/\/api.w.org\/{rel}","templated":true}]}}