{"id":106,"date":"2024-06-04T00:34:36","date_gmt":"2024-06-03T22:34:36","guid":{"rendered":"https:\/\/www.zeozoe.sk\/?post_type=product&#038;p=106"},"modified":"2026-04-22T12:48:00","modified_gmt":"2026-04-22T10:48:00","slug":"zubne-tablety-refill-zeozoe","status":"publish","type":"product","link":"https:\/\/www.zeozoe.sk\/en\/product\/zubne-tablety-refill-zeozoe\/","title":{"rendered":"ZEOZOE Zubn\u00e9 tablety Refill"},"content":{"rendered":"<h2 class=\"ai-optimize-30\" data-start=\"201\" data-end=\"240\"><strong data-start=\"207\" data-end=\"238\">ZEOZOE Zubn\u00e9 tablety Refill<\/strong><\/h2>\n<h3 class=\"ai-optimize-31\" data-start=\"241\" data-end=\"319\">Revolu\u010dn\u00e1 pr\u00edrodn\u00e1 starostlivos\u0165 o \u00fastnu hygienu s ekologick\u00fdm rie\u0161en\u00edm<\/h3>\n<p class=\"ai-optimize-32 ai-optimize-introduction\" data-start=\"321\" data-end=\"674\">Zubn\u00e9 tablety <strong data-start=\"335\" data-end=\"345\">ZEOZOE<\/strong> na b\u00e1ze <strong data-start=\"354\" data-end=\"365\">zeolitu<\/strong> predstavuj\u00fa modern\u00fd, udr\u017eate\u013en\u00fd a \u0161etrn\u00fd sp\u00f4sob \u010distenia zubov. Sp\u00e1jaj\u00fa \u00fa\u010dinnos\u0165 pr\u00edrody so zodpovednos\u0165ou vo\u010di \u017eivotn\u00e9mu prostrediu. Ich zlo\u017eenie bez flu\u00f3ru, SLS \u010di umel\u00fdch sladidiel kombinuje <strong data-start=\"560\" data-end=\"570\">zeolit<\/strong>, <strong data-start=\"572\" data-end=\"582\">\u0161alviu<\/strong> a <strong data-start=\"585\" data-end=\"593\">m\u00e4tu<\/strong>, ktor\u00e9 spolo\u010dne \u010distia zuby, podporuj\u00fa zdravie \u010fasien a zanech\u00e1vaj\u00fa svie\u017ei dych.<\/p>\n<hr class=\"\" data-start=\"676\" data-end=\"679\" \/>\n<h3 class=\"ai-optimize-33\" data-start=\"681\" data-end=\"730\"><strong data-start=\"687\" data-end=\"730\">Benefity ZEOZOE Zubn\u00fdch tabliet Refill:<\/strong><\/h3>\n<p class=\"ai-optimize-34\" data-start=\"732\" data-end=\"850\"><strong data-start=\"735\" data-end=\"756\">Pr\u00edrodn\u00e9 zlo\u017eenie: <\/strong>Zeolit pom\u00e1ha detoxikova\u0165 \u00fastnu dutinu, via\u017ee tox\u00edny a\u202fprispieva k ochrane zubnej skloviny.<\/p>\n<p class=\"ai-optimize-35\" data-start=\"852\" data-end=\"990\"><strong data-start=\"855\" data-end=\"882\">Podpora zdrav\u00fdch \u010fasien: <\/strong>\u0160alvia p\u00f4sob\u00ed protiz\u00e1palovo, regeneruje \u00fastne tkaniv\u00e1 a\u202fpodporuje prirodzen\u00fa rovnov\u00e1hu \u00fastnej mikrofl\u00f3ry.<\/p>\n<p class=\"ai-optimize-36\" data-start=\"992\" data-end=\"1109\"><strong data-start=\"996\" data-end=\"1011\">Svie\u017ei dych: <\/strong>M\u00e4ta pieporn\u00e1 osvie\u017euje dych, zlep\u0161uje prekrvenie a poskytuje pr\u00edjemn\u00fd chladiv\u00fd pocit v \u00fastach.<\/p>\n<p class=\"ai-optimize-37\" data-start=\"1111\" data-end=\"1228\"><strong data-start=\"1114\" data-end=\"1139\">\u0160etrn\u00e9 \u010distenie zubov: <\/strong>Tablety sa jemne rozpadn\u00fa na pr\u00e1\u0161ok, ktor\u00fd d\u00f4kladne \u010dist\u00ed zuby bez po\u0161kodenia skloviny.<\/p>\n<p class=\"ai-optimize-38\" data-start=\"1230\" data-end=\"1345\"><strong data-start=\"1233\" data-end=\"1255\">Ekologick\u00fd pr\u00edstup: <\/strong>Refill balenie minimalizuje obalov\u00fd odpad a podporuje zodpovedn\u00fa, zero waste dom\u00e1cnos\u0165.<\/p>\n<hr class=\"\" data-start=\"1347\" data-end=\"1350\" \/>\n<h3 class=\"ai-optimize-39\" data-start=\"1352\" data-end=\"1394\"><strong data-start=\"1359\" data-end=\"1394\">Pre\u010do si vybra\u0165 Refill tablety?<\/strong><\/h3>\n<p class=\"ai-optimize-40\" data-start=\"1501\" data-end=\"1591\"><strong data-start=\"1504\" data-end=\"1522\">Cenovo v\u00fdhodn\u00e9: <\/strong>Refill balenie je \u0161etrnej\u0161ie nielen k plan\u00e9te, ale aj k pe\u0148a\u017eenke.<\/p>\n<p class=\"ai-optimize-41\" data-start=\"1593\" data-end=\"1696\"><strong data-start=\"1596\" data-end=\"1615\">Rovnak\u00e1 kvalita: <\/strong>\u00da\u010dinnos\u0165, svie\u017eos\u0165 a prirodzen\u00e1 ochrana zost\u00e1vaj\u00fa zachovan\u00e9 \u2013 bez kompromisov.<\/p>\n<hr class=\"\" data-start=\"1698\" data-end=\"1701\" \/>\n<h3 class=\"ai-optimize-42\" data-start=\"1703\" data-end=\"1748\"><strong data-start=\"1710\" data-end=\"1748\">Ako pou\u017e\u00edva\u0165 ZEOZOE zubn\u00e9 tablety?<\/strong><\/h3>\n<p class=\"ai-optimize-43\" data-start=\"1750\" data-end=\"1975\">1.Vlo\u017ete jednu tabletu do \u00fast a rozhryzte ju na jemn\u00fa ka\u0161u.<br data-start=\"1810\" data-end=\"1813\" \/>2. Navlh\u010dite zubn\u00fa kefku a vy\u010distite si zuby ako obvykle.<br data-start=\"1870\" data-end=\"1873\" \/>3. D\u00f4kladne vypl\u00e1chnite \u00fasta \u010distou vodou.<br data-start=\"1915\" data-end=\"1918\" \/>4. Pou\u017e\u00edvajte <strong data-start=\"1932\" data-end=\"1944\">2\u00d7 denne<\/strong> pre zdrav\u00fd \u00fasmev a svie\u017ei dych.<\/p>\n<hr class=\"\" data-start=\"1977\" data-end=\"1980\" \/>\n<h3 class=\"ai-optimize-44\" data-start=\"1982\" data-end=\"2030\"><strong data-start=\"1989\" data-end=\"2030\">Unik\u00e1tne vlastnosti hlavn\u00fdch zlo\u017eiek:<\/strong><\/h3>\n<p class=\"ai-optimize-45\" data-start=\"2032\" data-end=\"2152\"><strong data-start=\"2035\" data-end=\"2059\"><a href=\"https:\/\/www.zeozoe.sk\/produkt\/zeolit-klinoptilolit-zeozoe-detox\/\">Zeolit klinoptilolit<\/a>: <\/strong>Pr\u00edrodn\u00fd miner\u00e1l, ktor\u00fd via\u017ee tox\u00edny, reguluje pH v \u00fastach a\u202fpom\u00e1ha redukova\u0165 zubn\u00fd kame\u0148.<\/p>\n<p class=\"ai-optimize-46\" data-start=\"2154\" data-end=\"2270\"><strong data-start=\"2157\" data-end=\"2197\">\u0160alvia lek\u00e1rska (Salvia officinalis): <\/strong>M\u00e1 protiz\u00e1palov\u00e9 \u00fa\u010dinky, podporuje zdrav\u00e9 \u010fasn\u00e1 a regener\u00e1ciu slizn\u00edc.<\/p>\n<p class=\"ai-optimize-47\" data-start=\"2272\" data-end=\"2388\"><strong data-start=\"2275\" data-end=\"2310\">M\u00e4ta pieporn\u00e1 (Mentha piperita): <\/strong>P\u00f4sob\u00ed antisepticky, osvie\u017euje dych a podporuje cirkul\u00e1ciu v \u00fastnej dutine.<strong>\u00a0<\/strong><\/p>\n<hr \/>\n<h3 class=\"ai-optimize-58\"><strong>Objednajte si teraz:<\/strong><\/h3>\n<p class=\"ai-optimize-59\"><a target=\"_new\" rel=\"noopener\">Zubn\u00e9 tablety ZEOZOE refill balenie<\/a> \u2013 pr\u00edrodn\u00e9 a ekologick\u00e9 rie\u0161enie pre zdrav\u00e9 zuby a \u010fasn\u00e1.<\/p>\n<h3 class=\"ai-optimize-70\" data-start=\"2080\" data-end=\"2109\"><strong data-start=\"2087\" data-end=\"2107\">Zlo\u017eenie (INCI):<\/strong><\/h3>\n<p class=\"ai-optimize-71\" data-start=\"2110\" data-end=\"2214\"><strong data-start=\"2110\" data-end=\"2183\">Zeolit klinoptilolit, Mentha piperita oil, Salvia officinalis extract<\/strong><br data-start=\"2183\" data-end=\"2186\" \/><strong data-start=\"2186\" data-end=\"2207\">Hmotnos\u0165 balenia:<\/strong> 90 g<\/p>\n<hr class=\"\" data-start=\"2216\" data-end=\"2219\" \/>\n<h3 class=\"ai-optimize-72\" data-start=\"2221\" data-end=\"2267\"><strong data-start=\"2228\" data-end=\"2267\">ZEOZOE \u2013 sila pr\u00edrody pre va\u0161e zuby<\/strong><\/h3>\n<p class=\"ai-optimize-73\" data-start=\"2269\" data-end=\"2527\"><a href=\"https:\/\/www.zeozoe.sk\/produkt\/zubne-tablety-matove-zeozoe\/\">ZEOZOE zubn\u00e9 tablety<\/a> s\u00fa vytvoren\u00e9 pre v\u0161etk\u00fdch, ktor\u00ed chc\u00fa svoje zuby \u010disti\u0165 \u00fa\u010dinne, prirodzene a s re\u0161pektom k pr\u00edrode. S\u00fa ide\u00e1lnym doplnkom k <a href=\"https:\/\/www.zeozoe.sk\/produkt\/zubny-prasok-matovy-zeozoe\/\">ZEOZOE zubn\u00e9mu pr\u00e1\u0161ku<\/a>\u00a0\u2013 pre t\u00fdch, ktor\u00ed preferuj\u00fa pohodln\u00fa, cestovn\u00fa alebo minimalistick\u00fa formu dent\u00e1lnej hygieny.<\/p>\n<hr class=\"\" data-start=\"2529\" data-end=\"2532\" \/>\n<h3 class=\"ai-optimize-74\" data-start=\"2534\" data-end=\"2571\"><strong data-start=\"2541\" data-end=\"2569\">Odpor\u00fa\u010dame kombinova\u0165 s:<\/strong><\/h3>\n<ul data-start=\"2572\" data-end=\"2824\">\n<li class=\"ai-optimize-75\" data-start=\"2572\" data-end=\"2657\">\n<p class=\"ai-optimize-76\" data-start=\"2574\" data-end=\"2657\"><a href=\"https:\/\/www.zeozoe.sk\/produkt\/zubny-prasok-matovy-zeozoe\/\" rel=\"noopener\" data-start=\"2574\" data-end=\"2613\"><strong data-start=\"2575\" data-end=\"2609\">ZEOZOE zubn\u00fd pr\u00e1\u0161ok zo zeolitu<\/strong><\/a> \u2013 h\u013abkovo \u010dist\u00ed a detoxikuje \u00fastnu dutinu<\/p>\n<\/li>\n<li class=\"ai-optimize-77\" data-start=\"2658\" data-end=\"2736\">\n<p class=\"ai-optimize-78\" data-start=\"2660\" data-end=\"2736\"><a href=\"https:\/\/www.zeozoe.sk\/produkt\/zubna-kefka-extra-soft-zeozoe\/\" rel=\"noopener\" data-start=\"2660\" data-end=\"2695\"><strong data-start=\"2661\" data-end=\"2691\">ZEOZOE dreven\u00e1 zubn\u00e1 kefka<\/strong><\/a> \u2013 ekologick\u00fd doplnok na jemn\u00e9 \u010distenie<\/p>\n<\/li>\n<li class=\"ai-optimize-79\" data-start=\"2737\" data-end=\"2824\">\n<p class=\"ai-optimize-80\" data-start=\"2739\" data-end=\"2824\"><a href=\"https:\/\/www.zeozoe.sk\/produkt\/zubny-prasok-zelene-jablko-zeozoe\/\"><b>ZEOZOE zelen\u00e9 jablko<\/b><\/a> \u2013 s pr\u00edrodnou chu\u0165ou zelen\u00e9ho jablka, chut\u00ed aj najmen\u0161\u00edm<\/p>\n<\/li>\n<li class=\"ai-optimize-81\"><a href=\"https:\/\/www.zeozoe.sk\/produkt\/zubny-prasok-paradent-zeozoe\/\"><b>ZEOZOE paradent<\/b><\/a> \u2013obsahuje eugenol, ktor\u00fd \u00fa\u010dinne t\u00ed\u0161i boles\u0165 a pom\u00e1ha pri probl\u00e9moch s \u010fasnami<\/li>\n<\/ul>\n<p class=\"ai-optimize-82\" data-start=\"502\" data-end=\"742\"><em>V s\u00falade s <strong data-start=\"513\" data-end=\"599\">Nariaden\u00edm Eur\u00f3pskeho parlamentu a Rady (ES) \u010d. 1223\/2009 o kozmetick\u00fdch v\u00fdrobkoch<\/strong> nesm\u00fa by\u0165 kozmetick\u00e9 produkty prezentovan\u00e9 ako produkty, ktor\u00e9 maj\u00fa <strong data-start=\"668\" data-end=\"686\">lie\u010div\u00e9 \u00fa\u010dinky<\/strong>, diagnostikuj\u00fa, lie\u010dia alebo predch\u00e1dzaj\u00fa ochoreniam.<\/em><\/p>\n<p class=\"ai-optimize-83\" data-start=\"744\" data-end=\"1016\"><em>Inform\u00e1cie uveden\u00e9 pri produktoch vych\u00e1dzaj\u00fa z <strong data-start=\"791\" data-end=\"835\">tradi\u010dn\u00e9ho pou\u017e\u00edvania pr\u00edrodn\u00fdch zlo\u017eiek<\/strong>, <strong data-start=\"837\" data-end=\"877\">verejne dostupn\u00fdch odborn\u00fdch zdrojov<\/strong> a <strong data-start=\"880\" data-end=\"917\">sp\u00e4tn\u00fdch v\u00e4zieb na\u0161ich z\u00e1kazn\u00edkov<\/strong>. Nejde o lek\u00e1rske tvrdenia a <strong data-start=\"947\" data-end=\"1015\">nenahr\u00e1dzaj\u00fa odpor\u00fa\u010dania ani starostlivos\u0165 lek\u00e1ra \u010di dermatol\u00f3ga<\/strong>.<\/em><\/p>","protected":false},"excerpt":{"rendered":"<p class=\"ai-optimize-13\">ZEOZOE Zubn\u00e9 tablety na b\u00e1ze zeolitu refill balenie sp\u00e1jaj\u00fa ekologick\u00fd pr\u00edstup s pr\u00edrodnou starostlivos\u0165ou o \u00fastnu dutinu. Obsahuj\u00fa zeolit, \u0161alviu a m\u00e4tu, ktor\u00e9 \u010distia, detoxikuj\u00fa a osvie\u017euj\u00fa \u00fasta.<\/p>\n<p class=\"ai-optimize-14\"><span style=\"color: #000000;\"> \u2764\ufe0f <strong data-start=\"108\" data-end=\"133\">Certifikovan\u00fd produkt<\/strong><\/span><br data-start=\"133\" data-end=\"136\" \/><span style=\"color: #000000;\">\u2764\ufe0f <strong data-start=\"139\" data-end=\"162\">Bezpe\u010dnostn\u00e1 spr\u00e1va<\/strong><\/span><br data-start=\"162\" data-end=\"165\" \/><span style=\"color: #000000;\">\u2764\ufe0f <strong data-start=\"168\" data-end=\"193\">Vyroben\u00e9 na Slovensku<\/strong><\/span><br data-start=\"193\" data-end=\"196\" \/><span style=\"color: #000000;\">\u2764\ufe0f <strong data-start=\"199\" data-end=\"231\">ZEOZOE \u2013 registrovan\u00e1 zna\u010dka<\/strong><\/span><br data-start=\"231\" data-end=\"234\" \/><span style=\"color: #000000;\">\u2764\ufe0f <strong data-start=\"237\" data-end=\"263\">Neobsahuje mikroplasty<\/strong><\/span><br data-start=\"263\" data-end=\"266\" \/><span style=\"color: #000000;\">\u2764\ufe0f <strong data-start=\"269\" data-end=\"301\">Vyroben\u00e9 s dobr\u00fdm z\u00e1merom \ud83d\ude42<\/strong><\/span><\/p>","protected":false},"featured_media":10701,"comment_status":"open","ping_status":"closed","template":"","meta":[],"product_brand":[],"product_cat":[54,28],"product_tag":[121,132,124,60],"class_list":{"0":"post-106","1":"product","2":"type-product","3":"status-publish","4":"has-post-thumbnail","6":"product_cat-vsetko","7":"product_cat-zuby","8":"product_tag-bezpecny-produkt","9":"product_tag-neutralne-ph","10":"product_tag-vyrobene-na-slovensku","11":"product_tag-zeolit","13":"first","14":"instock","15":"taxable","16":"shipping-taxable","17":"purchasable","18":"product-type-simple"},"yoast_head":"<!-- This site is optimized with the Yoast SEO Premium plugin v25.2 (Yoast SEO v25.2) - https:\/\/yoast.com\/wordpress\/plugins\/seo\/ -->\n<title>zubn\u00e9 tablety ZEOZOE<\/title>\n<meta name=\"description\" content=\"Zubn\u00e9 tablety ZEOZOE na b\u00e1ze zeolitu refill balenie \u2013 pr\u00edrodn\u00e1 starostlivos\u0165 o zuby. Efekt\u00edvne \u010distenie, detoxik\u00e1cia a svie\u017ei dych bez zbyto\u010dn\u00e9ho odpadu.\" \/>\n<meta name=\"robots\" content=\"index, follow, max-snippet:-1, max-image-preview:large, max-video-preview:-1\" \/>\n<link rel=\"canonical\" href=\"https:\/\/www.zeozoe.sk\/en\/product\/zubne-tablety-refill-zeozoe\/\" \/>\n<meta property=\"og:locale\" content=\"en_GB\" \/>\n<meta property=\"og:type\" content=\"article\" \/>\n<meta property=\"og:title\" content=\"ZEOZOE Zubn\u00e9 tablety Refill\" \/>\n<meta property=\"og:description\" content=\"Zubn\u00e9 tablety ZEOZOE na b\u00e1ze zeolitu refill balenie \u2013 pr\u00edrodn\u00e1 starostlivos\u0165 o zuby. Efekt\u00edvne \u010distenie, detoxik\u00e1cia a svie\u017ei dych bez zbyto\u010dn\u00e9ho odpadu.\" \/>\n<meta property=\"og:url\" content=\"https:\/\/www.zeozoe.sk\/en\/product\/zubne-tablety-refill-zeozoe\/\" \/>\n<meta property=\"og:site_name\" content=\"ZEOZOE\u00ae\" \/>\n<meta property=\"article:modified_time\" content=\"2026-04-22T10:48:00+00:00\" \/>\n<meta property=\"og:image\" content=\"https:\/\/www.zeozoe.sk\/wp-content\/uploads\/2024\/06\/Produkty-na-web-9.jpg\" \/>\n\t<meta property=\"og:image:width\" content=\"1080\" \/>\n\t<meta property=\"og:image:height\" content=\"1080\" \/>\n\t<meta property=\"og:image:type\" content=\"image\/jpeg\" \/>\n<meta name=\"twitter:card\" content=\"summary_large_image\" \/>\n<meta name=\"twitter:label1\" content=\"Estimated reading time\" \/>\n\t<meta name=\"twitter:data1\" content=\"3 minutes\" \/>\n<script type=\"application\/ld+json\" class=\"yoast-schema-graph\">{\"@context\":\"https:\/\/schema.org\",\"@graph\":[{\"@type\":\"WebPage\",\"@id\":\"https:\/\/www.zeozoe.sk\/produkt\/zubne-tablety-refill-zeozoe\/\",\"url\":\"https:\/\/www.zeozoe.sk\/produkt\/zubne-tablety-refill-zeozoe\/\",\"name\":\"zubn\u00e9 tablety ZEOZOE\",\"isPartOf\":{\"@id\":\"https:\/\/www.zeozoe.sk\/#website\"},\"primaryImageOfPage\":{\"@id\":\"https:\/\/www.zeozoe.sk\/produkt\/zubne-tablety-refill-zeozoe\/#primaryimage\"},\"image\":{\"@id\":\"https:\/\/www.zeozoe.sk\/produkt\/zubne-tablety-refill-zeozoe\/#primaryimage\"},\"thumbnailUrl\":\"https:\/\/www.zeozoe.sk\/wp-content\/uploads\/2024\/06\/Produkty-na-web-9.jpg\",\"datePublished\":\"2024-06-03T22:34:36+00:00\",\"dateModified\":\"2026-04-22T10:48:00+00:00\",\"description\":\"Zubn\u00e9 tablety ZEOZOE na b\u00e1ze zeolitu refill balenie \u2013 pr\u00edrodn\u00e1 starostlivos\u0165 o zuby. Efekt\u00edvne \u010distenie, detoxik\u00e1cia a svie\u017ei dych bez zbyto\u010dn\u00e9ho odpadu.\",\"breadcrumb\":{\"@id\":\"https:\/\/www.zeozoe.sk\/produkt\/zubne-tablety-refill-zeozoe\/#breadcrumb\"},\"inLanguage\":\"en-GB\",\"potentialAction\":[{\"@type\":\"ReadAction\",\"target\":[\"https:\/\/www.zeozoe.sk\/produkt\/zubne-tablety-refill-zeozoe\/\"]}]},{\"@type\":\"ImageObject\",\"inLanguage\":\"en-GB\",\"@id\":\"https:\/\/www.zeozoe.sk\/produkt\/zubne-tablety-refill-zeozoe\/#primaryimage\",\"url\":\"https:\/\/www.zeozoe.sk\/wp-content\/uploads\/2024\/06\/Produkty-na-web-9.jpg\",\"contentUrl\":\"https:\/\/www.zeozoe.sk\/wp-content\/uploads\/2024\/06\/Produkty-na-web-9.jpg\",\"width\":1080,\"height\":1080,\"caption\":\"zubn\u00e9 tablety zo zeolitu, 100% pr\u00edrodn\u00e9 zlo\u017eenie, refill balenie, zero waste\"},{\"@type\":\"BreadcrumbList\",\"@id\":\"https:\/\/www.zeozoe.sk\/produkt\/zubne-tablety-refill-zeozoe\/#breadcrumb\",\"itemListElement\":[{\"@type\":\"ListItem\",\"position\":1,\"name\":\"Domov\",\"item\":\"https:\/\/www.zeozoe.sk\/\"},{\"@type\":\"ListItem\",\"position\":2,\"name\":\"Obchod\",\"item\":\"https:\/\/www.zeozoe.sk\/obchod\/\"},{\"@type\":\"ListItem\",\"position\":3,\"name\":\"ZEOZOE Zubn\u00e9 tablety Refill\"}]},{\"@type\":\"WebSite\",\"@id\":\"https:\/\/www.zeozoe.sk\/#website\",\"url\":\"https:\/\/www.zeozoe.sk\/\",\"name\":\"ZEOZOE\u00ae\",\"description\":\"Zubn\u00fd pr\u00e1\u0161ok a tablety na pr\u00edrodnej b\u00e1ze\",\"potentialAction\":[{\"@type\":\"SearchAction\",\"target\":{\"@type\":\"EntryPoint\",\"urlTemplate\":\"https:\/\/www.zeozoe.sk\/?s={search_term_string}\"},\"query-input\":{\"@type\":\"PropertyValueSpecification\",\"valueRequired\":true,\"valueName\":\"search_term_string\"}}],\"inLanguage\":\"en-GB\"}]}<\/script>\n<!-- \/ Yoast SEO Premium plugin. -->","yoast_head_json":{"title":"zubn\u00e9 tablety ZEOZOE","description":"Zubn\u00e9 tablety ZEOZOE na b\u00e1ze zeolitu refill balenie \u2013 pr\u00edrodn\u00e1 starostlivos\u0165 o zuby. Efekt\u00edvne \u010distenie, detoxik\u00e1cia a svie\u017ei dych bez zbyto\u010dn\u00e9ho odpadu.","robots":{"index":"index","follow":"follow","max-snippet":"max-snippet:-1","max-image-preview":"max-image-preview:large","max-video-preview":"max-video-preview:-1"},"canonical":"https:\/\/www.zeozoe.sk\/en\/product\/zubne-tablety-refill-zeozoe\/","og_locale":"en_GB","og_type":"article","og_title":"ZEOZOE Zubn\u00e9 tablety Refill","og_description":"Zubn\u00e9 tablety ZEOZOE na b\u00e1ze zeolitu refill balenie \u2013 pr\u00edrodn\u00e1 starostlivos\u0165 o zuby. Efekt\u00edvne \u010distenie, detoxik\u00e1cia a svie\u017ei dych bez zbyto\u010dn\u00e9ho odpadu.","og_url":"https:\/\/www.zeozoe.sk\/en\/product\/zubne-tablety-refill-zeozoe\/","og_site_name":"ZEOZOE\u00ae","article_modified_time":"2026-04-22T10:48:00+00:00","og_image":[{"width":1080,"height":1080,"url":"https:\/\/www.zeozoe.sk\/wp-content\/uploads\/2024\/06\/Produkty-na-web-9.jpg","type":"image\/jpeg"}],"twitter_card":"summary_large_image","twitter_misc":{"Estimated reading time":"3 minutes"},"schema":{"@context":"https:\/\/schema.org","@graph":[{"@type":"WebPage","@id":"https:\/\/www.zeozoe.sk\/produkt\/zubne-tablety-refill-zeozoe\/","url":"https:\/\/www.zeozoe.sk\/produkt\/zubne-tablety-refill-zeozoe\/","name":"zubn\u00e9 tablety ZEOZOE","isPartOf":{"@id":"https:\/\/www.zeozoe.sk\/#website"},"primaryImageOfPage":{"@id":"https:\/\/www.zeozoe.sk\/produkt\/zubne-tablety-refill-zeozoe\/#primaryimage"},"image":{"@id":"https:\/\/www.zeozoe.sk\/produkt\/zubne-tablety-refill-zeozoe\/#primaryimage"},"thumbnailUrl":"https:\/\/www.zeozoe.sk\/wp-content\/uploads\/2024\/06\/Produkty-na-web-9.jpg","datePublished":"2024-06-03T22:34:36+00:00","dateModified":"2026-04-22T10:48:00+00:00","description":"Zubn\u00e9 tablety ZEOZOE na b\u00e1ze zeolitu refill balenie \u2013 pr\u00edrodn\u00e1 starostlivos\u0165 o zuby. Efekt\u00edvne \u010distenie, detoxik\u00e1cia a svie\u017ei dych bez zbyto\u010dn\u00e9ho odpadu.","breadcrumb":{"@id":"https:\/\/www.zeozoe.sk\/produkt\/zubne-tablety-refill-zeozoe\/#breadcrumb"},"inLanguage":"en-GB","potentialAction":[{"@type":"ReadAction","target":["https:\/\/www.zeozoe.sk\/produkt\/zubne-tablety-refill-zeozoe\/"]}]},{"@type":"ImageObject","inLanguage":"en-GB","@id":"https:\/\/www.zeozoe.sk\/produkt\/zubne-tablety-refill-zeozoe\/#primaryimage","url":"https:\/\/www.zeozoe.sk\/wp-content\/uploads\/2024\/06\/Produkty-na-web-9.jpg","contentUrl":"https:\/\/www.zeozoe.sk\/wp-content\/uploads\/2024\/06\/Produkty-na-web-9.jpg","width":1080,"height":1080,"caption":"zubn\u00e9 tablety zo zeolitu, 100% pr\u00edrodn\u00e9 zlo\u017eenie, refill balenie, zero waste"},{"@type":"BreadcrumbList","@id":"https:\/\/www.zeozoe.sk\/produkt\/zubne-tablety-refill-zeozoe\/#breadcrumb","itemListElement":[{"@type":"ListItem","position":1,"name":"Domov","item":"https:\/\/www.zeozoe.sk\/"},{"@type":"ListItem","position":2,"name":"Obchod","item":"https:\/\/www.zeozoe.sk\/obchod\/"},{"@type":"ListItem","position":3,"name":"ZEOZOE Zubn\u00e9 tablety Refill"}]},{"@type":"WebSite","@id":"https:\/\/www.zeozoe.sk\/#website","url":"https:\/\/www.zeozoe.sk\/","name":"ZEOZOE\u00ae","description":"Zubn\u00fd pr\u00e1\u0161ok a tablety na pr\u00edrodnej b\u00e1ze","potentialAction":[{"@type":"SearchAction","target":{"@type":"EntryPoint","urlTemplate":"https:\/\/www.zeozoe.sk\/?s={search_term_string}"},"query-input":{"@type":"PropertyValueSpecification","valueRequired":true,"valueName":"search_term_string"}}],"inLanguage":"en-GB"}]}},"_links":{"self":[{"href":"https:\/\/www.zeozoe.sk\/en\/wp-json\/wp\/v2\/product\/106","targetHints":{"allow":["GET"]}}],"collection":[{"href":"https:\/\/www.zeozoe.sk\/en\/wp-json\/wp\/v2\/product"}],"about":[{"href":"https:\/\/www.zeozoe.sk\/en\/wp-json\/wp\/v2\/types\/product"}],"replies":[{"embeddable":true,"href":"https:\/\/www.zeozoe.sk\/en\/wp-json\/wp\/v2\/comments?post=106"}],"wp:featuredmedia":[{"embeddable":true,"href":"https:\/\/www.zeozoe.sk\/en\/wp-json\/wp\/v2\/media\/10701"}],"wp:attachment":[{"href":"https:\/\/www.zeozoe.sk\/en\/wp-json\/wp\/v2\/media?parent=106"}],"wp:term":[{"taxonomy":"product_brand","embeddable":true,"href":"https:\/\/www.zeozoe.sk\/en\/wp-json\/wp\/v2\/product_brand?post=106"},{"taxonomy":"product_cat","embeddable":true,"href":"https:\/\/www.zeozoe.sk\/en\/wp-json\/wp\/v2\/product_cat?post=106"},{"taxonomy":"product_tag","embeddable":true,"href":"https:\/\/www.zeozoe.sk\/en\/wp-json\/wp\/v2\/product_tag?post=106"}],"curies":[{"name":"wp","href":"https:\/\/api.w.org\/{rel}","templated":true}]}}