{"id":109,"date":"2024-06-04T00:37:44","date_gmt":"2024-06-03T22:37:44","guid":{"rendered":"https:\/\/www.zeozoe.sk\/?post_type=product&#038;p=109"},"modified":"2026-04-24T09:10:15","modified_gmt":"2026-04-24T07:10:15","slug":"zubny-prasok-refill-30g-zeozoe","status":"publish","type":"product","link":"https:\/\/www.zeozoe.sk\/en\/product\/zubny-prasok-refill-30g-zeozoe\/","title":{"rendered":"ZEOZOE Zubn\u00fd pr\u00e1\u0161ok Refill"},"content":{"rendered":"<h2 class=\"ai-optimize-30\" data-start=\"209\" data-end=\"281\"><strong data-start=\"215\" data-end=\"281\">ZEOZOE Zubn\u00fd pr\u00e1\u0161ok zo zeolitu \u2013 pr\u00edrodn\u00e1 starostlivos\u0165 o zuby<\/strong><\/h2>\n<p class=\"ai-optimize-introduction ai-optimize-31\" data-start=\"283\" data-end=\"563\">Zubn\u00fd pr\u00e1\u0161ok zo zeolitu predstavuje modern\u00fd, no z\u00e1rove\u0148 tradi\u010dn\u00fd sp\u00f4sob \u010distenia zubov \u2013 bez flu\u00f3ru, bez ch\u00e9mie a s d\u00f4razom na prirodzen\u00fa rovnov\u00e1hu \u00fastnej dutiny. V\u010faka prepojeniu <strong data-start=\"463\" data-end=\"474\">zeolitu<\/strong>, <strong data-start=\"476\" data-end=\"486\">\u0161alvie<\/strong> a <strong data-start=\"489\" data-end=\"497\">m\u00e4ty<\/strong> pon\u00faka \u00fa\u010dinn\u00fa, no \u0161etrn\u00fa ka\u017edodenn\u00fa starostlivos\u0165 o zuby a \u010fasn\u00e1.<\/p>\n<hr class=\"\" data-start=\"565\" data-end=\"568\" \/>\n<h3 class=\"ai-optimize-32\" data-start=\"570\" data-end=\"619\"><strong data-start=\"577\" data-end=\"619\">Hlavn\u00e9 benefity ZEOZOE zubn\u00e9ho pr\u00e1\u0161ku:<\/strong><\/h3>\n<p class=\"ai-optimize-33\" data-start=\"621\" data-end=\"878\"><strong data-start=\"624\" data-end=\"658\">\u0160etrn\u00e9 \u010distenie bez chemik\u00e1li\u00ed: <\/strong>V\u010faka jemn\u00fdm \u010dasticiam zeolitu (5 mikr\u00f3nov) produkt efekt\u00edvne \u010dist\u00ed zuby bez toho, aby naru\u0161il zubn\u00fa sklovinu. Navy\u0161e neobsahuje flu\u00f3r, SLS, mikroplasty ani in\u00e9 syntetick\u00e9 l\u00e1tky, a preto je vhodn\u00fd aj pre citliv\u00e9 zuby.<\/p>\n<p class=\"ai-optimize-34\" data-start=\"880\" data-end=\"1065\"><strong data-start=\"883\" data-end=\"925\">Odstra\u0148ovanie povlaku a zubn\u00e9ho kame\u0148a: <\/strong>Pri pravidelnom pou\u017e\u00edvan\u00ed zeolit prirodzene via\u017ee tox\u00edny, ne\u010distoty a zubn\u00fd povlak, \u010d\u00edm prispieva k udr\u017eiavaniu \u010dist\u00fdch a hladk\u00fdch zubov.<\/p>\n<p class=\"ai-optimize-35\" data-start=\"1067\" data-end=\"1243\"><strong data-start=\"1071\" data-end=\"1110\">Ochrana pred kazom a z\u00e1palom \u010fasien: <\/strong>Z\u00e1rove\u0148 \u0161alvia a m\u00e4ta poskytuj\u00fa antibakteri\u00e1lny a protiz\u00e1palov\u00fd \u00fa\u010dinok, \u010d\u00edm podporuj\u00fa svie\u017ei dych a celkov\u00e9 zdravie \u00fastnej dutiny.<\/p>\n<p class=\"ai-optimize-36\" data-start=\"1245\" data-end=\"1403\"><strong data-start=\"1248\" data-end=\"1277\">Neutraliz\u00e1cia pH v \u00fastach:<\/strong>Zeolit pom\u00e1ha udr\u017eiava\u0165 neutr\u00e1lne pH, \u010d\u00edm prirodzene zni\u017euje riziko po\u0161kodenia zubnej skloviny sp\u00f4soben\u00e9 kysl\u00fdm prostred\u00edm.<\/p>\n<p class=\"ai-optimize-37\" data-start=\"1405\" data-end=\"1585\"><strong data-start=\"1409\" data-end=\"1441\">Osvie\u017euj\u00faci pocit po pou\u017eit\u00ed: <\/strong>V\u010faka obsahu m\u00e4ty piepornej ost\u00e1va v \u00fastach svie\u017ei a chladiv\u00fd pocit, ktor\u00fd z\u00e1rove\u0148 zvy\u0161uje komfort pri \u010disten\u00ed a podporuje prekrvenie \u010fasien.<\/p>\n<hr class=\"\" data-start=\"1587\" data-end=\"1590\" \/>\n<h3 class=\"ai-optimize-38\" data-start=\"1592\" data-end=\"1636\"><strong data-start=\"1599\" data-end=\"1636\">Ako pou\u017e\u00edva\u0165 ZEOZOE zubn\u00fd pr\u00e1\u0161ok?<\/strong><\/h3>\n<p class=\"ai-optimize-39\" data-start=\"1638\" data-end=\"1888\">1. Najprv naneste mal\u00e9 mno\u017estvo pr\u00e1\u0161ku na vlhk\u00fa zubn\u00fa kefku.<br data-start=\"1698\" data-end=\"1701\" \/>2. N\u00e1sledne si zuby vy\u010distite be\u017en\u00fdm sp\u00f4sobom.<br data-start=\"1747\" data-end=\"1750\" \/>3. Potom \u00fasta d\u00f4kladne vypl\u00e1chnite \u010distou vodou.<br data-start=\"1798\" data-end=\"1801\" \/>4. Odpor\u00fa\u010dame pou\u017e\u00edva\u0165 <strong data-start=\"1824\" data-end=\"1851\">2\u00d7 denne \u2013 r\u00e1no a ve\u010der<\/strong>, aby ste dosiahli maxim\u00e1lne v\u00fdsledky.<\/p>\n<hr class=\"\" data-start=\"1890\" data-end=\"1893\" \/>\n<h3 class=\"ai-optimize-40\" data-start=\"1895\" data-end=\"1924\"><strong data-start=\"1902\" data-end=\"1924\">Pr\u00edrodn\u00e9 zlo\u017eenie:<\/strong><\/h3>\n<p class=\"ai-optimize-41\" data-start=\"1926\" data-end=\"2205\"><a href=\"https:\/\/www.zeozoe.sk\/produkt\/zeolit-klinoptilolit-zeozoe-detox\/\"><strong data-start=\"1928\" data-end=\"1952\">Zeolit klinoptilolit<\/strong><\/a>\u00a0 via\u017ee tox\u00edny, \u0165a\u017ek\u00e9 kovy a z\u00e1rove\u0148 uvo\u013e\u0148uje miner\u00e1ly a stopov\u00e9 prvky.<br data-start=\"2023\" data-end=\"2026\" \/><strong data-start=\"2028\" data-end=\"2068\">\u0160alvia lek\u00e1rska <\/strong>je tradi\u010dne pou\u017e\u00edvan\u00e1 na podporu zdravia \u010fasien.<br data-start=\"2115\" data-end=\"2118\" \/><strong data-start=\"2120\" data-end=\"2155\">M\u00e4ta pieporn\u00e1 <\/strong>osvie\u017euje dych a prirodzene p\u00f4sob\u00ed antisepticky.<\/p>\n<hr class=\"\" data-start=\"2207\" data-end=\"2210\" \/>\n<h3 class=\"ai-optimize-42\" data-start=\"2212\" data-end=\"2258\"><strong data-start=\"2220\" data-end=\"2258\">Objavte aj \u010fal\u0161ie produkty ZEOZOE:<\/strong><\/h3>\n<p class=\"ai-optimize-43\" data-start=\"2260\" data-end=\"2502\"><a href=\"https:\/\/www.zeozoe.sk\/produkt\/zubne-tablety-refill-zeozoe\/\"><strong data-start=\"2263\" data-end=\"2292\">ZEOZOE zubn\u00e9 tablety so zeolitom<\/strong> <\/a>\u2013 ide\u00e1lne na cesty a pohodln\u00e9 pou\u017e\u00edvanie.<\/p>\n<p class=\"ai-optimize-43\" data-start=\"2260\" data-end=\"2502\"><a href=\"https:\/\/www.zeozoe.sk\/produkt\/zubna-kefka-extra-soft-zeozoe\/\"><strong data-start=\"2339\" data-end=\"2362\">Dreven\u00e1 zubn\u00e1 kefka<\/strong><\/a> \u2013 ekologick\u00e1 vo\u013eba pre jemn\u00e9 a efekt\u00edvne \u010distenie.<\/p>\n<p class=\"ai-optimize-43\" data-start=\"2260\" data-end=\"2502\"><a href=\"https:\/\/www.zeozoe.sk\/produkt\/zubny-prasok-zelene-jablko-zeozoe\/\"><strong data-start=\"2418\" data-end=\"2442\">ZEOZOE zelen\u00e9 jablko<\/strong><\/a> \u2013 zubn\u00fd pr\u00e1\u0161ok s pr\u00edrodnou chu\u0165ou, ktor\u00fd si ob\u013e\u00fabia aj deti.<\/p>\n<p class=\"ai-optimize-53\" data-start=\"2260\" data-end=\"2502\"><strong><a href=\"https:\/\/www.zeozoe.sk\/produkt\/zubny-prasok-paradent-zeozoe\/\">ZEOZOE zubn\u00fd pr\u00e1\u0161ok Paradent<\/a> <\/strong>&#8211; obsahuje eugenol, ktor\u00fd \u00fa\u010dinne t\u00ed\u0161i boles\u0165 a pom\u00e1ha pri probl\u00e9moch s \u010fasnami.<\/p>\n<p class=\"ai-optimize-44\" data-start=\"2504\" data-end=\"2610\">Viac inform\u00e1ci\u00ed a zauj\u00edmavost\u00ed n\u00e1jdete na na\u0161om blogu: <a href=\"https:\/\/www.zeozoe.sk\/blog\" target=\"_new\" rel=\"noopener\" data-start=\"2562\" data-end=\"2610\">www.zeozoe.sk\/blog<\/a><\/p>\n<hr class=\"\" data-start=\"2612\" data-end=\"2615\" \/>\n<h3 class=\"ai-optimize-53\" data-start=\"2080\" data-end=\"2109\"><strong data-start=\"2087\" data-end=\"2107\">Zlo\u017eenie (INCI):<\/strong><\/h3>\n<p class=\"ai-optimize-54\" data-start=\"2110\" data-end=\"2214\"><strong data-start=\"2110\" data-end=\"2183\">Zeolit klinoptilolit, Mentha piperita oil, Salvia officinalis extract<\/strong><br data-start=\"2183\" data-end=\"2186\" \/><strong data-start=\"2186\" data-end=\"2207\">Hmotnos\u0165 balenia:<\/strong> 30 g<\/p>\n<hr class=\"\" data-start=\"2652\" data-end=\"2655\" \/>\n<h3 class=\"ai-optimize-46\" data-start=\"2657\" data-end=\"2691\"><strong data-start=\"2664\" data-end=\"2691\">Pre\u010do si vybra\u0165 ZEOZOE?<\/strong><\/h3>\n<ul>\n<li class=\"ai-optimize-47\" data-start=\"2693\" data-end=\"2906\"><strong>100 % pr\u00edrodn\u00e9 zlo\u017eenie bez chemik\u00e1li\u00ed<\/strong><\/li>\n<li class=\"ai-optimize-48\" data-start=\"2693\" data-end=\"2906\"><strong>Vhodn\u00fd pre citliv\u00e9 zuby a cel\u00fa rodinu<\/strong><\/li>\n<li class=\"ai-optimize-49\" data-start=\"2693\" data-end=\"2906\"><strong>\u0160etrn\u00fd k \u00fastam, zdraviu aj plan\u00e9te<\/strong><\/li>\n<\/ul>\n<hr class=\"\" data-start=\"2908\" data-end=\"2911\" \/>\n<p class=\"ai-optimize-50\" data-start=\"2947\" data-end=\"3177\"><em>V s\u00falade s <strong data-start=\"2958\" data-end=\"3019\">Nariaden\u00edm Eur\u00f3pskeho parlamentu a Rady (ES) \u010d. 1223\/2009<\/strong> o kozmetick\u00fdch v\u00fdrobkoch nesm\u00fa by\u0165 kozmetick\u00e9 produkty prezentovan\u00e9 ako lie\u010div\u00e1, ani ako prostriedky, ktor\u00e9 diagnostikuj\u00fa, lie\u010dia \u010di predch\u00e1dzaj\u00fa ochoreniam.<\/em><\/p>\n<p class=\"ai-optimize-51\" data-start=\"3179\" data-end=\"3425\"><em>Inform\u00e1cie uveden\u00e9 pri produktoch vych\u00e1dzaj\u00fa z tradi\u010dn\u00e9ho pou\u017e\u00edvania pr\u00edrodn\u00fdch zlo\u017eiek, verejne dostupn\u00fdch odborn\u00fdch zdrojov a sk\u00fasenost\u00ed na\u0161ich z\u00e1kazn\u00edkov. Nejde o lek\u00e1rske tvrdenia a nenahr\u00e1dzaj\u00fa starostlivos\u0165 ani odpor\u00fa\u010dania lek\u00e1ra \u010di zub\u00e1ra.<\/em><\/p>","protected":false},"excerpt":{"rendered":"<p class=\"ai-optimize-28\">ZEOZOE pr\u00edrodn\u00fd zubn\u00fd pr\u00e1\u0161ok bez flu\u00f3ru a chemick\u00fdch pr\u00edsad \u00fa\u010dinne \u010dist\u00ed zuby, odstra\u0148uje povlak a zubn\u00fd kame\u0148, a z\u00e1rove\u0148 chr\u00e1ni zubn\u00fa sklovinu. Zeolit neutralizuje kysl\u00e9 pH v \u00fastach, \u0161alvia p\u00f4sob\u00ed protiz\u00e1palovo a regeneruje \u010fasn\u00e1, zatia\u013e \u010do m\u00e4ta dod\u00e1va svie\u017eos\u0165 a antiseptick\u00e9 \u00fa\u010dinky. Ide\u00e1lny pre \u0161etrn\u00fa a efekt\u00edvnu dent\u00e1lnu hygienu.<strong>\u00a0ZEOZOE <\/strong>30g zubn\u00e9ho pr\u00e1\u0161ku sa presne vojde do va\u0161ej ZEOZOE sklenej n\u00e1dobky. <strong>A\u017e na 90 pou\u017eit\u00ed.<\/strong><\/p>\n<p class=\"ai-optimize-29\"><span style=\"color: #000000;\">\u2764\ufe0f <strong data-start=\"108\" data-end=\"133\">Certifikovan\u00fd produkt<\/strong><\/span><br data-start=\"133\" data-end=\"136\" \/><span style=\"color: #000000;\">\u2764\ufe0f <strong data-start=\"139\" data-end=\"162\">Bezpe\u010dnostn\u00e1 spr\u00e1va<\/strong><\/span><br data-start=\"162\" data-end=\"165\" \/><span style=\"color: #000000;\">\u2764\ufe0f <strong data-start=\"168\" data-end=\"193\">Vyroben\u00e9 na Slovensku<\/strong><\/span><br data-start=\"193\" data-end=\"196\" \/><span style=\"color: #000000;\">\u2764\ufe0f <strong data-start=\"199\" data-end=\"231\">ZEOZOE \u2013 registrovan\u00e1 zna\u010dka<\/strong><\/span><br data-start=\"231\" data-end=\"234\" \/><span style=\"color: #000000;\">\u2764\ufe0f <strong>Bez flu\u00f3ru, SLS a mikroplastov<\/strong><\/span><br data-start=\"263\" data-end=\"266\" \/><span style=\"color: #000000;\">\u2764\ufe0f <strong data-start=\"269\" data-end=\"301\">Vyroben\u00e9 s dobr\u00fdm z\u00e1merom \ud83d\ude42<\/strong><\/span><\/p>","protected":false},"featured_media":10666,"comment_status":"open","ping_status":"closed","template":"","meta":[],"product_brand":[],"product_cat":[54,28],"product_tag":[118,124,127],"class_list":{"0":"post-109","1":"product","2":"type-product","3":"status-publish","4":"has-post-thumbnail","6":"product_cat-vsetko","7":"product_cat-zuby","8":"product_tag-certifikovany-produkt","9":"product_tag-vyrobene-na-slovensku","10":"product_tag-zeolit-klinoptilolit-najjemnejsia-frakcia","12":"first","13":"instock","14":"taxable","15":"shipping-taxable","16":"purchasable","17":"product-type-simple"},"yoast_head":"<!-- This site is optimized with the Yoast SEO Premium plugin v25.2 (Yoast SEO v25.2) - https:\/\/yoast.com\/wordpress\/plugins\/seo\/ -->\n<title>Zubn\u00fd pr\u00e1\u0161ok ZEOZOE refill<\/title>\n<meta name=\"description\" content=\"ZEOZOE pr\u00edrodn\u00fd pr\u00e1\u0161ok na zuby bez flu\u00f3ru a chemick\u00fdch pr\u00edsad \u00fa\u010dinne \u010dist\u00ed zuby, odstra\u0148uje povlak a zubn\u00fd kame\u0148, a z\u00e1rove\u0148 chr\u00e1ni zubn\u00fa sklovinu. Zeolit neutralizuje kysl\u00e9 pH v \u00fastach, \u0161alvia p\u00f4sob\u00ed protiz\u00e1palovo a regeneruje \u010fasn\u00e1, zatia\u013e \u010do m\u00e4ta dod\u00e1va svie\u017eos\u0165 a antiseptick\u00e9 \u00fa\u010dinky. ZEOZOE 30g zubn\u00e9ho pr\u00e1\u0161ku sa presne vojde do va\u0161ej ZEOZOE sklenej n\u00e1dobky. A\u017e na 90 pou\u017eit\u00ed.\u2764\ufe0f Certifikovan\u00fd produkt\u2764\ufe0f Bezpe\u010dnostn\u00e1 spr\u00e1va\u2764\ufe0f Vyroben\u00e9 na Slovensku\u2764\ufe0f ZEOZOE \u2013 registrovan\u00e1 zna\u010dka\u2764\ufe0f Neobsahuje mikroplasty\u2764\ufe0f Vyroben\u00e9 s dobr\u00fdm z\u00e1merom \ud83d\ude42\" \/>\n<meta name=\"robots\" content=\"index, follow, max-snippet:-1, max-image-preview:large, max-video-preview:-1\" \/>\n<link rel=\"canonical\" href=\"https:\/\/www.zeozoe.sk\/en\/product\/zubny-prasok-refill-30g-zeozoe\/\" \/>\n<meta property=\"og:locale\" content=\"en_GB\" \/>\n<meta property=\"og:type\" content=\"article\" \/>\n<meta property=\"og:title\" content=\"ZEOZOE Zubn\u00fd pr\u00e1\u0161ok Refill\" \/>\n<meta property=\"og:description\" content=\"ZEOZOE pr\u00edrodn\u00fd pr\u00e1\u0161ok na zuby bez flu\u00f3ru a chemick\u00fdch pr\u00edsad \u00fa\u010dinne \u010dist\u00ed zuby, odstra\u0148uje povlak a zubn\u00fd kame\u0148, a z\u00e1rove\u0148 chr\u00e1ni zubn\u00fa sklovinu. Zeolit neutralizuje kysl\u00e9 pH v \u00fastach, \u0161alvia p\u00f4sob\u00ed protiz\u00e1palovo a regeneruje \u010fasn\u00e1, zatia\u013e \u010do m\u00e4ta dod\u00e1va svie\u017eos\u0165 a antiseptick\u00e9 \u00fa\u010dinky. ZEOZOE 30g zubn\u00e9ho pr\u00e1\u0161ku sa presne vojde do va\u0161ej ZEOZOE sklenej n\u00e1dobky. A\u017e na 90 pou\u017eit\u00ed.\u2764\ufe0f Certifikovan\u00fd produkt\u2764\ufe0f Bezpe\u010dnostn\u00e1 spr\u00e1va\u2764\ufe0f Vyroben\u00e9 na Slovensku\u2764\ufe0f ZEOZOE \u2013 registrovan\u00e1 zna\u010dka\u2764\ufe0f Neobsahuje mikroplasty\u2764\ufe0f Vyroben\u00e9 s dobr\u00fdm z\u00e1merom \ud83d\ude42\" \/>\n<meta property=\"og:url\" content=\"https:\/\/www.zeozoe.sk\/en\/product\/zubny-prasok-refill-30g-zeozoe\/\" \/>\n<meta property=\"og:site_name\" content=\"ZEOZOE\u00ae\" \/>\n<meta property=\"article:modified_time\" content=\"2026-04-24T07:10:15+00:00\" \/>\n<meta property=\"og:image\" content=\"https:\/\/www.zeozoe.sk\/wp-content\/uploads\/2024\/06\/zubny-prasok-refill-1.jpg\" \/>\n\t<meta property=\"og:image:width\" content=\"1080\" \/>\n\t<meta property=\"og:image:height\" content=\"1080\" \/>\n\t<meta property=\"og:image:type\" content=\"image\/jpeg\" \/>\n<meta name=\"twitter:card\" content=\"summary_large_image\" \/>\n<meta name=\"twitter:label1\" content=\"Estimated reading time\" \/>\n\t<meta name=\"twitter:data1\" content=\"3 minutes\" \/>\n<script type=\"application\/ld+json\" class=\"yoast-schema-graph\">{\"@context\":\"https:\/\/schema.org\",\"@graph\":[{\"@type\":\"WebPage\",\"@id\":\"https:\/\/www.zeozoe.sk\/produkt\/zubny-prasok-refill-30g-zeozoe\/\",\"url\":\"https:\/\/www.zeozoe.sk\/produkt\/zubny-prasok-refill-30g-zeozoe\/\",\"name\":\"Zubn\u00fd pr\u00e1\u0161ok ZEOZOE refill\",\"isPartOf\":{\"@id\":\"https:\/\/www.zeozoe.sk\/#website\"},\"primaryImageOfPage\":{\"@id\":\"https:\/\/www.zeozoe.sk\/produkt\/zubny-prasok-refill-30g-zeozoe\/#primaryimage\"},\"image\":{\"@id\":\"https:\/\/www.zeozoe.sk\/produkt\/zubny-prasok-refill-30g-zeozoe\/#primaryimage\"},\"thumbnailUrl\":\"https:\/\/www.zeozoe.sk\/wp-content\/uploads\/2024\/06\/zubny-prasok-refill-1.jpg\",\"datePublished\":\"2024-06-03T22:37:44+00:00\",\"dateModified\":\"2026-04-24T07:10:15+00:00\",\"description\":\"ZEOZOE pr\u00edrodn\u00fd pr\u00e1\u0161ok na zuby bez flu\u00f3ru a chemick\u00fdch pr\u00edsad \u00fa\u010dinne \u010dist\u00ed zuby, odstra\u0148uje povlak a zubn\u00fd kame\u0148, a z\u00e1rove\u0148 chr\u00e1ni zubn\u00fa sklovinu. Zeolit neutralizuje kysl\u00e9 pH v \u00fastach, \u0161alvia p\u00f4sob\u00ed protiz\u00e1palovo a regeneruje \u010fasn\u00e1, zatia\u013e \u010do m\u00e4ta dod\u00e1va svie\u017eos\u0165 a antiseptick\u00e9 \u00fa\u010dinky. ZEOZOE 30g zubn\u00e9ho pr\u00e1\u0161ku sa presne vojde do va\u0161ej ZEOZOE sklenej n\u00e1dobky. A\u017e na 90 pou\u017eit\u00ed.\u2764\ufe0f Certifikovan\u00fd produkt\u2764\ufe0f Bezpe\u010dnostn\u00e1 spr\u00e1va\u2764\ufe0f Vyroben\u00e9 na Slovensku\u2764\ufe0f ZEOZOE \u2013 registrovan\u00e1 zna\u010dka\u2764\ufe0f Neobsahuje mikroplasty\u2764\ufe0f Vyroben\u00e9 s dobr\u00fdm z\u00e1merom \ud83d\ude42\",\"breadcrumb\":{\"@id\":\"https:\/\/www.zeozoe.sk\/produkt\/zubny-prasok-refill-30g-zeozoe\/#breadcrumb\"},\"inLanguage\":\"en-GB\",\"potentialAction\":[{\"@type\":\"ReadAction\",\"target\":[\"https:\/\/www.zeozoe.sk\/produkt\/zubny-prasok-refill-30g-zeozoe\/\"]}]},{\"@type\":\"ImageObject\",\"inLanguage\":\"en-GB\",\"@id\":\"https:\/\/www.zeozoe.sk\/produkt\/zubny-prasok-refill-30g-zeozoe\/#primaryimage\",\"url\":\"https:\/\/www.zeozoe.sk\/wp-content\/uploads\/2024\/06\/zubny-prasok-refill-1.jpg\",\"contentUrl\":\"https:\/\/www.zeozoe.sk\/wp-content\/uploads\/2024\/06\/zubny-prasok-refill-1.jpg\",\"width\":1080,\"height\":1080,\"caption\":\"zubn\u00fd pr\u00e1\u0161ok, zeolit, refill, m\u00e4ta a \u0161alvia\"},{\"@type\":\"BreadcrumbList\",\"@id\":\"https:\/\/www.zeozoe.sk\/produkt\/zubny-prasok-refill-30g-zeozoe\/#breadcrumb\",\"itemListElement\":[{\"@type\":\"ListItem\",\"position\":1,\"name\":\"Domov\",\"item\":\"https:\/\/www.zeozoe.sk\/\"},{\"@type\":\"ListItem\",\"position\":2,\"name\":\"Obchod\",\"item\":\"https:\/\/www.zeozoe.sk\/obchod\/\"},{\"@type\":\"ListItem\",\"position\":3,\"name\":\"ZEOZOE Zubn\u00fd pr\u00e1\u0161ok Refill\"}]},{\"@type\":\"WebSite\",\"@id\":\"https:\/\/www.zeozoe.sk\/#website\",\"url\":\"https:\/\/www.zeozoe.sk\/\",\"name\":\"ZEOZOE\u00ae\",\"description\":\"Zubn\u00fd pr\u00e1\u0161ok a tablety na pr\u00edrodnej b\u00e1ze\",\"potentialAction\":[{\"@type\":\"SearchAction\",\"target\":{\"@type\":\"EntryPoint\",\"urlTemplate\":\"https:\/\/www.zeozoe.sk\/?s={search_term_string}\"},\"query-input\":{\"@type\":\"PropertyValueSpecification\",\"valueRequired\":true,\"valueName\":\"search_term_string\"}}],\"inLanguage\":\"en-GB\"}]}<\/script>\n<!-- \/ Yoast SEO Premium plugin. -->","yoast_head_json":{"title":"Zubn\u00fd pr\u00e1\u0161ok ZEOZOE refill","description":"ZEOZOE pr\u00edrodn\u00fd pr\u00e1\u0161ok na zuby bez flu\u00f3ru a chemick\u00fdch pr\u00edsad \u00fa\u010dinne \u010dist\u00ed zuby, odstra\u0148uje povlak a zubn\u00fd kame\u0148, a z\u00e1rove\u0148 chr\u00e1ni zubn\u00fa sklovinu. Zeolit neutralizuje kysl\u00e9 pH v \u00fastach, \u0161alvia p\u00f4sob\u00ed protiz\u00e1palovo a regeneruje \u010fasn\u00e1, zatia\u013e \u010do m\u00e4ta dod\u00e1va svie\u017eos\u0165 a antiseptick\u00e9 \u00fa\u010dinky. ZEOZOE 30g zubn\u00e9ho pr\u00e1\u0161ku sa presne vojde do va\u0161ej ZEOZOE sklenej n\u00e1dobky. A\u017e na 90 pou\u017eit\u00ed.\u2764\ufe0f Certifikovan\u00fd produkt\u2764\ufe0f Bezpe\u010dnostn\u00e1 spr\u00e1va\u2764\ufe0f Vyroben\u00e9 na Slovensku\u2764\ufe0f ZEOZOE \u2013 registrovan\u00e1 zna\u010dka\u2764\ufe0f Neobsahuje mikroplasty\u2764\ufe0f Vyroben\u00e9 s dobr\u00fdm z\u00e1merom \ud83d\ude42","robots":{"index":"index","follow":"follow","max-snippet":"max-snippet:-1","max-image-preview":"max-image-preview:large","max-video-preview":"max-video-preview:-1"},"canonical":"https:\/\/www.zeozoe.sk\/en\/product\/zubny-prasok-refill-30g-zeozoe\/","og_locale":"en_GB","og_type":"article","og_title":"ZEOZOE Zubn\u00fd pr\u00e1\u0161ok Refill","og_description":"ZEOZOE pr\u00edrodn\u00fd pr\u00e1\u0161ok na zuby bez flu\u00f3ru a chemick\u00fdch pr\u00edsad \u00fa\u010dinne \u010dist\u00ed zuby, odstra\u0148uje povlak a zubn\u00fd kame\u0148, a z\u00e1rove\u0148 chr\u00e1ni zubn\u00fa sklovinu. Zeolit neutralizuje kysl\u00e9 pH v \u00fastach, \u0161alvia p\u00f4sob\u00ed protiz\u00e1palovo a regeneruje \u010fasn\u00e1, zatia\u013e \u010do m\u00e4ta dod\u00e1va svie\u017eos\u0165 a antiseptick\u00e9 \u00fa\u010dinky. ZEOZOE 30g zubn\u00e9ho pr\u00e1\u0161ku sa presne vojde do va\u0161ej ZEOZOE sklenej n\u00e1dobky. A\u017e na 90 pou\u017eit\u00ed.\u2764\ufe0f Certifikovan\u00fd produkt\u2764\ufe0f Bezpe\u010dnostn\u00e1 spr\u00e1va\u2764\ufe0f Vyroben\u00e9 na Slovensku\u2764\ufe0f ZEOZOE \u2013 registrovan\u00e1 zna\u010dka\u2764\ufe0f Neobsahuje mikroplasty\u2764\ufe0f Vyroben\u00e9 s dobr\u00fdm z\u00e1merom \ud83d\ude42","og_url":"https:\/\/www.zeozoe.sk\/en\/product\/zubny-prasok-refill-30g-zeozoe\/","og_site_name":"ZEOZOE\u00ae","article_modified_time":"2026-04-24T07:10:15+00:00","og_image":[{"width":1080,"height":1080,"url":"https:\/\/www.zeozoe.sk\/wp-content\/uploads\/2024\/06\/zubny-prasok-refill-1.jpg","type":"image\/jpeg"}],"twitter_card":"summary_large_image","twitter_misc":{"Estimated reading time":"3 minutes"},"schema":{"@context":"https:\/\/schema.org","@graph":[{"@type":"WebPage","@id":"https:\/\/www.zeozoe.sk\/produkt\/zubny-prasok-refill-30g-zeozoe\/","url":"https:\/\/www.zeozoe.sk\/produkt\/zubny-prasok-refill-30g-zeozoe\/","name":"Zubn\u00fd pr\u00e1\u0161ok ZEOZOE refill","isPartOf":{"@id":"https:\/\/www.zeozoe.sk\/#website"},"primaryImageOfPage":{"@id":"https:\/\/www.zeozoe.sk\/produkt\/zubny-prasok-refill-30g-zeozoe\/#primaryimage"},"image":{"@id":"https:\/\/www.zeozoe.sk\/produkt\/zubny-prasok-refill-30g-zeozoe\/#primaryimage"},"thumbnailUrl":"https:\/\/www.zeozoe.sk\/wp-content\/uploads\/2024\/06\/zubny-prasok-refill-1.jpg","datePublished":"2024-06-03T22:37:44+00:00","dateModified":"2026-04-24T07:10:15+00:00","description":"ZEOZOE pr\u00edrodn\u00fd pr\u00e1\u0161ok na zuby bez flu\u00f3ru a chemick\u00fdch pr\u00edsad \u00fa\u010dinne \u010dist\u00ed zuby, odstra\u0148uje povlak a zubn\u00fd kame\u0148, a z\u00e1rove\u0148 chr\u00e1ni zubn\u00fa sklovinu. Zeolit neutralizuje kysl\u00e9 pH v \u00fastach, \u0161alvia p\u00f4sob\u00ed protiz\u00e1palovo a regeneruje \u010fasn\u00e1, zatia\u013e \u010do m\u00e4ta dod\u00e1va svie\u017eos\u0165 a antiseptick\u00e9 \u00fa\u010dinky. ZEOZOE 30g zubn\u00e9ho pr\u00e1\u0161ku sa presne vojde do va\u0161ej ZEOZOE sklenej n\u00e1dobky. A\u017e na 90 pou\u017eit\u00ed.\u2764\ufe0f Certifikovan\u00fd produkt\u2764\ufe0f Bezpe\u010dnostn\u00e1 spr\u00e1va\u2764\ufe0f Vyroben\u00e9 na Slovensku\u2764\ufe0f ZEOZOE \u2013 registrovan\u00e1 zna\u010dka\u2764\ufe0f Neobsahuje mikroplasty\u2764\ufe0f Vyroben\u00e9 s dobr\u00fdm z\u00e1merom \ud83d\ude42","breadcrumb":{"@id":"https:\/\/www.zeozoe.sk\/produkt\/zubny-prasok-refill-30g-zeozoe\/#breadcrumb"},"inLanguage":"en-GB","potentialAction":[{"@type":"ReadAction","target":["https:\/\/www.zeozoe.sk\/produkt\/zubny-prasok-refill-30g-zeozoe\/"]}]},{"@type":"ImageObject","inLanguage":"en-GB","@id":"https:\/\/www.zeozoe.sk\/produkt\/zubny-prasok-refill-30g-zeozoe\/#primaryimage","url":"https:\/\/www.zeozoe.sk\/wp-content\/uploads\/2024\/06\/zubny-prasok-refill-1.jpg","contentUrl":"https:\/\/www.zeozoe.sk\/wp-content\/uploads\/2024\/06\/zubny-prasok-refill-1.jpg","width":1080,"height":1080,"caption":"zubn\u00fd pr\u00e1\u0161ok, zeolit, refill, m\u00e4ta a \u0161alvia"},{"@type":"BreadcrumbList","@id":"https:\/\/www.zeozoe.sk\/produkt\/zubny-prasok-refill-30g-zeozoe\/#breadcrumb","itemListElement":[{"@type":"ListItem","position":1,"name":"Domov","item":"https:\/\/www.zeozoe.sk\/"},{"@type":"ListItem","position":2,"name":"Obchod","item":"https:\/\/www.zeozoe.sk\/obchod\/"},{"@type":"ListItem","position":3,"name":"ZEOZOE Zubn\u00fd pr\u00e1\u0161ok Refill"}]},{"@type":"WebSite","@id":"https:\/\/www.zeozoe.sk\/#website","url":"https:\/\/www.zeozoe.sk\/","name":"ZEOZOE\u00ae","description":"Zubn\u00fd pr\u00e1\u0161ok a tablety na pr\u00edrodnej b\u00e1ze","potentialAction":[{"@type":"SearchAction","target":{"@type":"EntryPoint","urlTemplate":"https:\/\/www.zeozoe.sk\/?s={search_term_string}"},"query-input":{"@type":"PropertyValueSpecification","valueRequired":true,"valueName":"search_term_string"}}],"inLanguage":"en-GB"}]}},"_links":{"self":[{"href":"https:\/\/www.zeozoe.sk\/en\/wp-json\/wp\/v2\/product\/109","targetHints":{"allow":["GET"]}}],"collection":[{"href":"https:\/\/www.zeozoe.sk\/en\/wp-json\/wp\/v2\/product"}],"about":[{"href":"https:\/\/www.zeozoe.sk\/en\/wp-json\/wp\/v2\/types\/product"}],"replies":[{"embeddable":true,"href":"https:\/\/www.zeozoe.sk\/en\/wp-json\/wp\/v2\/comments?post=109"}],"wp:featuredmedia":[{"embeddable":true,"href":"https:\/\/www.zeozoe.sk\/en\/wp-json\/wp\/v2\/media\/10666"}],"wp:attachment":[{"href":"https:\/\/www.zeozoe.sk\/en\/wp-json\/wp\/v2\/media?parent=109"}],"wp:term":[{"taxonomy":"product_brand","embeddable":true,"href":"https:\/\/www.zeozoe.sk\/en\/wp-json\/wp\/v2\/product_brand?post=109"},{"taxonomy":"product_cat","embeddable":true,"href":"https:\/\/www.zeozoe.sk\/en\/wp-json\/wp\/v2\/product_cat?post=109"},{"taxonomy":"product_tag","embeddable":true,"href":"https:\/\/www.zeozoe.sk\/en\/wp-json\/wp\/v2\/product_tag?post=109"}],"curies":[{"name":"wp","href":"https:\/\/api.w.org\/{rel}","templated":true}]}}