{"id":112,"date":"2024-06-04T00:39:54","date_gmt":"2024-06-03T22:39:54","guid":{"rendered":"https:\/\/www.zeozoe.sk\/?post_type=product&#038;p=112"},"modified":"2026-04-07T19:59:46","modified_gmt":"2026-04-07T17:59:46","slug":"bylinkove-telove-sviecky-pakostovky","status":"publish","type":"product","link":"https:\/\/www.zeozoe.sk\/en\/product\/bylinkove-telove-sviecky-pakostovky\/","title":{"rendered":"Bylinkov\u00e9 telov\u00e9 svie\u010dky PAKOSTOVKY &#8211; 7ks"},"content":{"rendered":"<h3><strong>Pakostovky &#8211; Bylinkov\u00e9 telov\u00e9 svie\u010dky<\/strong><\/h3>\n<p>Bylinkov\u00e9 telov\u00e9 svie\u010dky Pakostovky s\u00fa unik\u00e1tne a vysoko\u00fa\u010dinn\u00e9 svie\u010dky z certifikovan\u00e9ho BIO v\u010delieho vosku doplnen\u00e9 o v\u00fd\u0165a\u017eky z lie\u010div\u00fdch byl\u00edn z jednej z naj\u010distej\u0161\u00edch oblast\u00ed na\u0161ej krajiny. Bylinky zn\u00e1sobuj\u00fa u\u017e aj tak vysok\u00e9 \u00fa\u010dinky svie\u010dok.\u00a0 Svie\u010dky s\u00fa ru\u010dne vypracovan\u00e9 a preto obsahuj\u00fa v sebe obrovsk\u00e9 mno\u017estvo bioenergie.<\/p>\n<p><strong>S \u010d\u00edm V\u00e1m m\u00f4\u017eu telov\u00e9 svie\u010dky pom\u00f4c\u0165:<br \/>\n<\/strong>&#8211; zni\u017eovanie z\u00e1palov v tele<br \/>\n&#8211; tr\u00e1viace \u0165a\u017ekosti<br \/>\n&#8211; zni\u017eovanie reumatick\u00fdch bolesti<br \/>\n&#8211; bolesti hlavy<br \/>\n&#8211; k\u0155\u010de<br \/>\n&#8211; detox organizmu<br \/>\n&#8211; odstra\u0148ovanie dlhoro\u010dn\u00fdch usaden\u00edn z org\u00e1nov.<\/p>\n<p>Telov\u00e9 svie\u010dky p\u00f4sobia nie len na fyzickej \u00farovni, ale aj na psychickej \u00farovni nako\u013eko je u\u017e dobre zn\u00e1me, \u017ee prvou pr\u00ed\u010dinou ka\u017ed\u00e9ho fyzick\u00e9ho probl\u00e9mu je pr\u00e1ve psychika. Telov\u00e9 svie\u010dky v n\u00e1s navodzuj\u00fa stav pokoja, c\u00edtime sa po nich \u013eah\u0161\u00ed a uvo\u013enenej\u0161\u00ed. U\u017e samotn\u00fd ohe\u0148 p\u00f4sob\u00ed na psychiku a pom\u00e1ha pri spracovan\u00ed stresu. Ka\u017ed\u00fd \u010dlovek disponuje samolie\u010debnou energiou, ktor\u00e1 sa v z\u00e1vislosti od mnoh\u00fdch aspektov, m\u00f4\u017ee na ur\u010ditej \u00farovni zablokova\u0165. Pou\u017e\u00edvanie svie\u010dok uvo\u013e\u0148uje vn\u00fatorn\u00fa lie\u010debn\u00fa energiu, \u010d\u00edm sa uvo\u013e\u0148uj\u00fa energetick\u00e9 bloky a t\u00fdm sa za\u010d\u00edna samolie\u010debn\u00fd proces v organizme, ktor\u00fd odblokuje vn\u00fatorn\u00fa lie\u010debn\u00fa energiu.<\/p>\n<p><strong>Popis pou\u017eitia:<br \/>\n<\/strong>Pred pou\u017eit\u00edm svie\u010dky si m\u00f4\u017eete navodi\u0165 pr\u00edjemn\u00fa atmosf\u00e9ru. Na miesto, kde ideme svie\u010dku prilo\u017ei\u0165 d\u00e1me k\u00fasok g\u00e1zy alebo vreckovky (jednu vrstvu), aby bol vo\u013en\u00fd prietok vzduchu. Svie\u010dku zap\u00e1lime na hornom \u0161ir\u0161om okraji, spodn\u00fd okraj, u\u017e\u0161\u00ed, prilo\u017e\u00edme na o\u0161etrovan\u00e9 miesto. Vn\u00fatorn\u00fd priestor sa napln\u00ed dymom a vytvor\u00ed sa podtlak. Tento vytiahne dym, ktor\u00fd sa dostal na dno kom\u00edna svie\u010dky. Podtlak a takto vytvoren\u00e1 \u0165ahov\u00e1 sila pretla\u010d\u00ed dym cez poko\u017eku do podko\u017en\u00e9ho tkaniva, aby tam \u00fa\u010dinn\u00e1 l\u00e1tka naviazala na seba hnisav\u00fd odpad a vytiahla ho na stenu svie\u010dky. Svie\u010dku nech\u00e1me vyhorie\u0165 pribli\u017ene do 7-8cm a potom ju uhas\u00edme v pripravenej n\u00e1dobke s vodou. Po ukon\u010den\u00ed aplikovania svie\u010dky m\u00f4\u017eeme zvy\u0161n\u00fa \u010das\u0165 svie\u010dky rozbali\u0165. \u010c\u00edm je hmota v svie\u010dke po rozbalen\u00e9 tmav\u0161ia, t\u00fdm star\u0161ie usadeniny alebo z\u00e1paly sa n\u00e1m podarilo zlikvidova\u0165. Po ukon\u010den\u00ed terapie je odpor\u00fa\u010dan\u00e9 vypi\u0165 poh\u00e1r vody.<\/p>\n<p>Telov\u00e9 svie\u010dky je mo\u017en\u00e9 pou\u017ei\u0165 aj pri ak\u00fatnych bolestiach, vtedy je potrebn\u00e9 prilo\u017ei\u0165 svie\u010dku priamo na miesto bolesti.<\/p>\n<p><strong>Po\u010det kusov v balen\u00ed:<\/strong> 7.<\/p>\n<p><strong>Terapeutick\u00e9 pou\u017e\u00edvanie:<\/strong> 5 a\u017e 7dn\u00ed n\u00e1sledne po 2-3d\u0148ovej prest\u00e1vke sa m\u00f4\u017ee proces zopakova\u0165.<\/p>\n<p><strong>Upozornenie:<\/strong> neodpor\u00fa\u010da sa pou\u017e\u00edva\u0165 pri poopera\u010dn\u00fdch stavoch, pri krv\u00e1can\u00ed, tehotenstve a alergi\u00ed na obsiahnut\u00e9 l\u00e1tky.<\/p>\n<p><strong>Zlo\u017eenie:<\/strong> certifikovan\u00fd BIO v\u010del\u00ed vosk, 100%bavlna, byliny (materina d\u00fa\u0161ka, necht\u00edk lek\u00e1rsky, rep\u00edk lek\u00e1rsky, \u0161alvia lek\u00e1rska, rebr\u00ed\u010dek oby\u010dajn\u00fd, pamajor\u00e1n oby\u010dajn\u00fd, zeme\u017el\u010d men\u0161ia, zlatoby\u013e oby\u010dajn\u00e1, \u013eubovn\u00edk bodkovan\u00fd).<\/p>","protected":false},"excerpt":{"rendered":"<p>Bylinkov\u00e9 telov\u00e9 svie\u010dky Pakostovky s\u00fa unik\u00e1tne a vysoko\u00fa\u010dinn\u00e9 svie\u010dky z certifikovan\u00e9ho BIO v\u010delieho vosku doplnen\u00e9 o v\u00fd\u0165a\u017eky z lie\u010div\u00fdch byl\u00edn z jednej z naj\u010distej\u0161\u00edch oblast\u00ed na\u0161ej krajiny. Bylinky zn\u00e1sobuj\u00fa u\u017e aj tak vysok\u00e9 \u00fa\u010dinky svie\u010dok.\u00a0 Svie\u010dky s\u00fa ru\u010dne vypracovan\u00e9 a preto obsahuj\u00fa v sebe obrovsk\u00e9 mno\u017estvo bioenergie.<\/p>","protected":false},"featured_media":113,"comment_status":"open","ping_status":"closed","template":"","meta":[],"product_brand":[],"product_cat":[29,54],"product_tag":[],"class_list":{"0":"post-112","1":"product","2":"type-product","3":"status-publish","4":"has-post-thumbnail","6":"product_cat-telo","7":"product_cat-vsetko","9":"first","10":"instock","11":"taxable","12":"shipping-taxable","13":"purchasable","14":"product-type-simple"},"yoast_head":"<!-- This site is optimized with the Yoast SEO Premium plugin v25.2 (Yoast SEO v25.2) - https:\/\/yoast.com\/wordpress\/plugins\/seo\/ -->\n<title>Bylinkov\u00e9 telov\u00e9 svie\u010dky PAKOSTOVKY - 7ks - ZEOZOE\u00ae<\/title>\n<meta name=\"robots\" content=\"index, follow, max-snippet:-1, max-image-preview:large, max-video-preview:-1\" \/>\n<link rel=\"canonical\" href=\"https:\/\/www.zeozoe.sk\/en\/product\/bylinkove-telove-sviecky-pakostovky\/\" \/>\n<meta property=\"og:locale\" content=\"en_GB\" \/>\n<meta property=\"og:type\" content=\"article\" \/>\n<meta property=\"og:title\" content=\"Bylinkov\u00e9 telov\u00e9 svie\u010dky PAKOSTOVKY - 7ks\" \/>\n<meta property=\"og:description\" content=\"Bylinkov\u00e9 telov\u00e9 svie\u010dky Pakostovky s\u00fa unik\u00e1tne a vysoko\u00fa\u010dinn\u00e9 svie\u010dky z certifikovan\u00e9ho BIO v\u010delieho vosku doplnen\u00e9 o v\u00fd\u0165a\u017eky z lie\u010div\u00fdch byl\u00edn z jednej z naj\u010distej\u0161\u00edch oblast\u00ed na\u0161ej krajiny. Bylinky zn\u00e1sobuj\u00fa u\u017e aj tak vysok\u00e9 \u00fa\u010dinky svie\u010dok.\u00a0 Svie\u010dky s\u00fa ru\u010dne vypracovan\u00e9 a preto obsahuj\u00fa v sebe obrovsk\u00e9 mno\u017estvo bioenergie.\" \/>\n<meta property=\"og:url\" content=\"https:\/\/www.zeozoe.sk\/en\/product\/bylinkove-telove-sviecky-pakostovky\/\" \/>\n<meta property=\"og:site_name\" content=\"ZEOZOE\u00ae\" \/>\n<meta property=\"article:modified_time\" content=\"2026-04-07T17:59:46+00:00\" \/>\n<meta property=\"og:image\" content=\"https:\/\/www.zeozoe.sk\/wp-content\/uploads\/2024\/06\/telove_sviecky_zeozoe_gr.webp\" \/>\n\t<meta property=\"og:image:width\" content=\"1500\" \/>\n\t<meta property=\"og:image:height\" content=\"1500\" \/>\n\t<meta property=\"og:image:type\" content=\"image\/webp\" \/>\n<meta name=\"twitter:card\" content=\"summary_large_image\" \/>\n<meta name=\"twitter:label1\" content=\"Estimated reading time\" \/>\n\t<meta name=\"twitter:data1\" content=\"3 minutes\" \/>\n<script type=\"application\/ld+json\" class=\"yoast-schema-graph\">{\"@context\":\"https:\/\/schema.org\",\"@graph\":[{\"@type\":\"WebPage\",\"@id\":\"https:\/\/www.zeozoe.sk\/produkt\/bylinkove-telove-sviecky-pakostovky\/\",\"url\":\"https:\/\/www.zeozoe.sk\/produkt\/bylinkove-telove-sviecky-pakostovky\/\",\"name\":\"Bylinkov\u00e9 telov\u00e9 svie\u010dky PAKOSTOVKY - 7ks - ZEOZOE\u00ae\",\"isPartOf\":{\"@id\":\"https:\/\/www.zeozoe.sk\/#website\"},\"primaryImageOfPage\":{\"@id\":\"https:\/\/www.zeozoe.sk\/produkt\/bylinkove-telove-sviecky-pakostovky\/#primaryimage\"},\"image\":{\"@id\":\"https:\/\/www.zeozoe.sk\/produkt\/bylinkove-telove-sviecky-pakostovky\/#primaryimage\"},\"thumbnailUrl\":\"https:\/\/www.zeozoe.sk\/wp-content\/uploads\/2024\/06\/telove_sviecky_zeozoe_gr.webp\",\"datePublished\":\"2024-06-03T22:39:54+00:00\",\"dateModified\":\"2026-04-07T17:59:46+00:00\",\"breadcrumb\":{\"@id\":\"https:\/\/www.zeozoe.sk\/produkt\/bylinkove-telove-sviecky-pakostovky\/#breadcrumb\"},\"inLanguage\":\"en-GB\",\"potentialAction\":[{\"@type\":\"ReadAction\",\"target\":[\"https:\/\/www.zeozoe.sk\/produkt\/bylinkove-telove-sviecky-pakostovky\/\"]}]},{\"@type\":\"ImageObject\",\"inLanguage\":\"en-GB\",\"@id\":\"https:\/\/www.zeozoe.sk\/produkt\/bylinkove-telove-sviecky-pakostovky\/#primaryimage\",\"url\":\"https:\/\/www.zeozoe.sk\/wp-content\/uploads\/2024\/06\/telove_sviecky_zeozoe_gr.webp\",\"contentUrl\":\"https:\/\/www.zeozoe.sk\/wp-content\/uploads\/2024\/06\/telove_sviecky_zeozoe_gr.webp\",\"width\":1500,\"height\":1500},{\"@type\":\"BreadcrumbList\",\"@id\":\"https:\/\/www.zeozoe.sk\/produkt\/bylinkove-telove-sviecky-pakostovky\/#breadcrumb\",\"itemListElement\":[{\"@type\":\"ListItem\",\"position\":1,\"name\":\"Domov\",\"item\":\"https:\/\/www.zeozoe.sk\/\"},{\"@type\":\"ListItem\",\"position\":2,\"name\":\"Obchod\",\"item\":\"https:\/\/www.zeozoe.sk\/obchod\/\"},{\"@type\":\"ListItem\",\"position\":3,\"name\":\"Bylinkov\u00e9 telov\u00e9 svie\u010dky PAKOSTOVKY &#8211; 7ks\"}]},{\"@type\":\"WebSite\",\"@id\":\"https:\/\/www.zeozoe.sk\/#website\",\"url\":\"https:\/\/www.zeozoe.sk\/\",\"name\":\"ZEOZOE\u00ae\",\"description\":\"Zubn\u00fd pr\u00e1\u0161ok a tablety na pr\u00edrodnej b\u00e1ze\",\"potentialAction\":[{\"@type\":\"SearchAction\",\"target\":{\"@type\":\"EntryPoint\",\"urlTemplate\":\"https:\/\/www.zeozoe.sk\/?s={search_term_string}\"},\"query-input\":{\"@type\":\"PropertyValueSpecification\",\"valueRequired\":true,\"valueName\":\"search_term_string\"}}],\"inLanguage\":\"en-GB\"}]}<\/script>\n<!-- \/ Yoast SEO Premium plugin. -->","yoast_head_json":{"title":"Bylinkov\u00e9 telov\u00e9 svie\u010dky PAKOSTOVKY - 7ks - ZEOZOE\u00ae","robots":{"index":"index","follow":"follow","max-snippet":"max-snippet:-1","max-image-preview":"max-image-preview:large","max-video-preview":"max-video-preview:-1"},"canonical":"https:\/\/www.zeozoe.sk\/en\/product\/bylinkove-telove-sviecky-pakostovky\/","og_locale":"en_GB","og_type":"article","og_title":"Bylinkov\u00e9 telov\u00e9 svie\u010dky PAKOSTOVKY - 7ks","og_description":"Bylinkov\u00e9 telov\u00e9 svie\u010dky Pakostovky s\u00fa unik\u00e1tne a vysoko\u00fa\u010dinn\u00e9 svie\u010dky z certifikovan\u00e9ho BIO v\u010delieho vosku doplnen\u00e9 o v\u00fd\u0165a\u017eky z lie\u010div\u00fdch byl\u00edn z jednej z naj\u010distej\u0161\u00edch oblast\u00ed na\u0161ej krajiny. Bylinky zn\u00e1sobuj\u00fa u\u017e aj tak vysok\u00e9 \u00fa\u010dinky svie\u010dok.\u00a0 Svie\u010dky s\u00fa ru\u010dne vypracovan\u00e9 a preto obsahuj\u00fa v sebe obrovsk\u00e9 mno\u017estvo bioenergie.","og_url":"https:\/\/www.zeozoe.sk\/en\/product\/bylinkove-telove-sviecky-pakostovky\/","og_site_name":"ZEOZOE\u00ae","article_modified_time":"2026-04-07T17:59:46+00:00","og_image":[{"width":1500,"height":1500,"url":"https:\/\/www.zeozoe.sk\/wp-content\/uploads\/2024\/06\/telove_sviecky_zeozoe_gr.webp","type":"image\/webp"}],"twitter_card":"summary_large_image","twitter_misc":{"Estimated reading time":"3 minutes"},"schema":{"@context":"https:\/\/schema.org","@graph":[{"@type":"WebPage","@id":"https:\/\/www.zeozoe.sk\/produkt\/bylinkove-telove-sviecky-pakostovky\/","url":"https:\/\/www.zeozoe.sk\/produkt\/bylinkove-telove-sviecky-pakostovky\/","name":"Bylinkov\u00e9 telov\u00e9 svie\u010dky PAKOSTOVKY - 7ks - ZEOZOE\u00ae","isPartOf":{"@id":"https:\/\/www.zeozoe.sk\/#website"},"primaryImageOfPage":{"@id":"https:\/\/www.zeozoe.sk\/produkt\/bylinkove-telove-sviecky-pakostovky\/#primaryimage"},"image":{"@id":"https:\/\/www.zeozoe.sk\/produkt\/bylinkove-telove-sviecky-pakostovky\/#primaryimage"},"thumbnailUrl":"https:\/\/www.zeozoe.sk\/wp-content\/uploads\/2024\/06\/telove_sviecky_zeozoe_gr.webp","datePublished":"2024-06-03T22:39:54+00:00","dateModified":"2026-04-07T17:59:46+00:00","breadcrumb":{"@id":"https:\/\/www.zeozoe.sk\/produkt\/bylinkove-telove-sviecky-pakostovky\/#breadcrumb"},"inLanguage":"en-GB","potentialAction":[{"@type":"ReadAction","target":["https:\/\/www.zeozoe.sk\/produkt\/bylinkove-telove-sviecky-pakostovky\/"]}]},{"@type":"ImageObject","inLanguage":"en-GB","@id":"https:\/\/www.zeozoe.sk\/produkt\/bylinkove-telove-sviecky-pakostovky\/#primaryimage","url":"https:\/\/www.zeozoe.sk\/wp-content\/uploads\/2024\/06\/telove_sviecky_zeozoe_gr.webp","contentUrl":"https:\/\/www.zeozoe.sk\/wp-content\/uploads\/2024\/06\/telove_sviecky_zeozoe_gr.webp","width":1500,"height":1500},{"@type":"BreadcrumbList","@id":"https:\/\/www.zeozoe.sk\/produkt\/bylinkove-telove-sviecky-pakostovky\/#breadcrumb","itemListElement":[{"@type":"ListItem","position":1,"name":"Domov","item":"https:\/\/www.zeozoe.sk\/"},{"@type":"ListItem","position":2,"name":"Obchod","item":"https:\/\/www.zeozoe.sk\/obchod\/"},{"@type":"ListItem","position":3,"name":"Bylinkov\u00e9 telov\u00e9 svie\u010dky PAKOSTOVKY &#8211; 7ks"}]},{"@type":"WebSite","@id":"https:\/\/www.zeozoe.sk\/#website","url":"https:\/\/www.zeozoe.sk\/","name":"ZEOZOE\u00ae","description":"Zubn\u00fd pr\u00e1\u0161ok a tablety na pr\u00edrodnej b\u00e1ze","potentialAction":[{"@type":"SearchAction","target":{"@type":"EntryPoint","urlTemplate":"https:\/\/www.zeozoe.sk\/?s={search_term_string}"},"query-input":{"@type":"PropertyValueSpecification","valueRequired":true,"valueName":"search_term_string"}}],"inLanguage":"en-GB"}]}},"_links":{"self":[{"href":"https:\/\/www.zeozoe.sk\/en\/wp-json\/wp\/v2\/product\/112","targetHints":{"allow":["GET"]}}],"collection":[{"href":"https:\/\/www.zeozoe.sk\/en\/wp-json\/wp\/v2\/product"}],"about":[{"href":"https:\/\/www.zeozoe.sk\/en\/wp-json\/wp\/v2\/types\/product"}],"replies":[{"embeddable":true,"href":"https:\/\/www.zeozoe.sk\/en\/wp-json\/wp\/v2\/comments?post=112"}],"wp:featuredmedia":[{"embeddable":true,"href":"https:\/\/www.zeozoe.sk\/en\/wp-json\/wp\/v2\/media\/113"}],"wp:attachment":[{"href":"https:\/\/www.zeozoe.sk\/en\/wp-json\/wp\/v2\/media?parent=112"}],"wp:term":[{"taxonomy":"product_brand","embeddable":true,"href":"https:\/\/www.zeozoe.sk\/en\/wp-json\/wp\/v2\/product_brand?post=112"},{"taxonomy":"product_cat","embeddable":true,"href":"https:\/\/www.zeozoe.sk\/en\/wp-json\/wp\/v2\/product_cat?post=112"},{"taxonomy":"product_tag","embeddable":true,"href":"https:\/\/www.zeozoe.sk\/en\/wp-json\/wp\/v2\/product_tag?post=112"}],"curies":[{"name":"wp","href":"https:\/\/api.w.org\/{rel}","templated":true}]}}