{"id":115,"date":"2024-06-04T00:48:59","date_gmt":"2024-06-03T22:48:59","guid":{"rendered":"https:\/\/www.zeozoe.sk\/?post_type=product&#038;p=115"},"modified":"2026-04-22T12:47:22","modified_gmt":"2026-04-22T10:47:22","slug":"pletova-maska-pure-zeozoe-detoxikacia-toxiny","status":"publish","type":"product","link":"https:\/\/www.zeozoe.sk\/en\/product\/pletova-maska-pure-zeozoe-detoxikacia-toxiny\/","title":{"rendered":"ZEOZOE Ple\u0165ov\u00e1 maska Pure"},"content":{"rendered":"<h2 class=\"ai-optimize-30\" data-start=\"255\" data-end=\"327\"><span style=\"color: #000000;\"><strong data-start=\"258\" data-end=\"325\">ZEOZOE Pure \u2013 detoxika\u010dn\u00e1 ple\u0165ov\u00e1 maska na b\u00e1ze zeolitu\u00a0<\/strong><\/span><\/h2>\n<h3 class=\"ai-optimize-31\" data-start=\"328\" data-end=\"390\"><span style=\"color: #000000;\">Pr\u00edrodn\u00e1 starostlivos\u0165 pre \u010dist\u00fa, vyv\u00e1\u017een\u00fa a svie\u017eu ple\u0165<\/span><\/h3>\n<p class=\"ai-optimize-32 ai-optimize-introduction\" data-start=\"392\" data-end=\"709\"><span style=\"color: #000000;\">ZEOZOE PURE je 100 % pr\u00edrodn\u00e1 ple\u0165ov\u00e1 maska s obsahom mikronizovan\u00e9ho zeolitu klinoptilolit, bez obsahu esenci\u00e1lnych olejov \u010di bylinn\u00fdch extraktov predstavuje ide\u00e1lne rie\u0161enie pre t\u00fdch, ktor\u00ed preferuj\u00fa minimalistick\u00e9 a \u010disto pr\u00edrodn\u00e9 zlo\u017eenie.<\/span><\/p>\n<p class=\"ai-optimize-33\" data-start=\"711\" data-end=\"1013\"><span style=\"color: #000000;\">Maska efekt\u00edvne pohlcuje ne\u010distoty, prebyto\u010dn\u00fd maz a \u010dastice z okolit\u00e9ho prostredia. V\u010faka svojim absorp\u010dn\u00fdm vlastnostiam zeolit pom\u00e1ha poko\u017eke z\u00edska\u0165 jasnej\u0161\u00ed vzh\u013ead, vyhladi\u0165 povrch a zanecha\u0165 ple\u0165 matn\u00fa, no z\u00e1rove\u0148 svie\u017eu. Vhodn\u00e1 pre v\u0161etky typy pleti, obzvl\u00e1\u0161\u0165 pre zmie\u0161an\u00fa, mastn\u00fa a za\u0165a\u017een\u00fa ple\u0165.<\/span><\/p>\n<hr class=\"\" data-start=\"1015\" data-end=\"1018\" \/>\n<h3 class=\"ai-optimize-34\" data-start=\"1020\" data-end=\"1072\"><span style=\"color: #000000;\"><strong data-start=\"1027\" data-end=\"1072\">\u010co je zeolit a pre\u010do ho pou\u017e\u00edva\u0165 na ple\u0165?<\/strong><\/span><\/h3>\n<p class=\"ai-optimize-35\" data-start=\"1074\" data-end=\"1394\"><span style=\"color: #000000;\">Zeolit klinoptilolit je pr\u00edrodn\u00fd miner\u00e1l vulkanick\u00e9ho p\u00f4vodu, ktor\u00fd v\u010faka svojej <strong data-start=\"1155\" data-end=\"1177\">por\u00e9znej \u0161trukt\u00fare<\/strong> a <strong data-start=\"1180\" data-end=\"1202\">negat\u00edvnemu n\u00e1boju<\/strong> dok\u00e1\u017ee efekt\u00edvne viaza\u0165 r\u00f4zne ne\u010distoty a \u010dastice z povrchu poko\u017eky. Be\u017ene sa pou\u017e\u00edva v kozmetike pre svoje \u010distiace vlastnosti a schopnos\u0165 absorbova\u0165 prebyto\u010dn\u00fd maz \u010di zvy\u0161ky z prostredia.<\/span><\/p>\n<p class=\"ai-optimize-36\" data-start=\"1396\" data-end=\"1722\"><span style=\"color: #000000;\">Zauj\u00edmavos\u0165ou je, \u017ee <strong data-start=\"1417\" data-end=\"1506\">v niektor\u00fdch krajin\u00e1ch mimo E\u00da sa zeolit vyu\u017e\u00edva aj ako<a href=\"https:\/\/www.zeozoe.sk\/2023\/07\/18\/vedecky-vyskum-zeolitu\/\"> podpora detoxik\u00e1cie organizmu<\/a><\/strong>, nako\u013eko dok\u00e1\u017ee na seba viaza\u0165 \u0165a\u017ek\u00e9 kovy a toxick\u00e9 l\u00e1tky. <strong data-start=\"1566\" data-end=\"1632\">V r\u00e1mci Eur\u00f3pskej \u00fanie v\u0161ak nie je vn\u00fatorn\u00e9 u\u017e\u00edvanie schv\u00e1len\u00e9<\/strong>, a preto ho v produktoch ZEOZOE pou\u017e\u00edvame <strong data-start=\"1675\" data-end=\"1719\">v\u00fdhradne na vonkaj\u0161ie \u2013 kozmetick\u00e9 \u00fa\u010dely<\/strong>.<\/span><\/p>\n<p class=\"ai-optimize-37\" data-start=\"1724\" data-end=\"1815\"><span style=\"color: #000000;\"><em data-start=\"1724\" data-end=\"1815\">Inform\u00e1cie vych\u00e1dzaj\u00fa z verejne dostupn\u00fdch odborn\u00fdch zdrojov o tradi\u010dnom pou\u017eit\u00ed zeolitu.<\/em><\/span><\/p>\n<hr class=\"\" data-start=\"1817\" data-end=\"1820\" \/>\n<h3 class=\"ai-optimize-38\" data-start=\"1822\" data-end=\"1853\"><span style=\"color: #000000;\"><strong data-start=\"1829\" data-end=\"1851\">N\u00e1vod na pou\u017eitie:<\/strong><\/span><\/h3>\n<p class=\"ai-optimize-39\" data-start=\"1854\" data-end=\"2189\"><span style=\"color: #000000;\">Do <strong data-start=\"1857\" data-end=\"1877\">nekovovej n\u00e1doby<\/strong> naberte masku pomocou <strong data-start=\"1900\" data-end=\"1936\">drevenej alebo plastovej odmerky<\/strong>. Zmie\u0161ajte s vodou alebo pr\u00edrodn\u00fdm olejom v pomere <strong data-start=\"1988\" data-end=\"2029\">1 diel pr\u00e1\u0161ku : 0,25 dielika tekutiny<\/strong>. Vymie\u0161ajte na jemn\u00fa pastu a naneste na tv\u00e1r alebo telo. Vyhnite sa oblasti o\u010d\u00ed. Po zaschnut\u00ed masku jemne odstr\u00e1\u0148te vlhkou handri\u010dkou alebo opl\u00e1chnite vodou.<\/span><\/p>\n<p class=\"ai-optimize-40\" data-start=\"2191\" data-end=\"2307\"><span style=\"color: #000000;\">Ple\u0165 n\u00e1sledne o\u0161etrite hydrata\u010dn\u00fdm kr\u00e9mom alebo tonikom, napr. <strong data-start=\"2254\" data-end=\"2306\"><a href=\"https:\/\/www.zeozoe.sk\/produkt\/bio-levandulova-voda-100ml\/\">BIO levandu\u013eovou<\/a> alebo <a href=\"https:\/\/www.zeozoe.sk\/produkt\/bio-rozmarinova-voda-100-ml\/\">rozmar\u00ednovou vodou ZEOZOE<\/a><\/strong>.<\/span><\/p>\n<hr class=\"\" data-start=\"2309\" data-end=\"2312\" \/>\n<h3 class=\"ai-optimize-41\" data-start=\"2314\" data-end=\"2343\"><span style=\"color: #000000;\"><strong data-start=\"2321\" data-end=\"2341\">Zlo\u017eenie (INCI):<\/strong><\/span><\/h3>\n<p class=\"ai-optimize-42\" data-start=\"2344\" data-end=\"2394\"><span style=\"color: #000000;\"><strong data-start=\"2344\" data-end=\"2371\">Zeolite (klinoptilolit) len 5-20 micronov\u00fd<\/strong><\/span><br data-start=\"2371\" data-end=\"2374\" \/><span style=\"color: #000000;\"><strong data-start=\"2374\" data-end=\"2386\">Balenie:<\/strong> 200 g<\/span><\/p>\n<p class=\"ai-optimize-43\" data-start=\"502\" data-end=\"742\"><span style=\"color: #000000;\"><em>V s\u00falade s <strong data-start=\"513\" data-end=\"599\">Nariaden\u00edm Eur\u00f3pskeho parlamentu a Rady (ES) \u010d. 1223\/2009 o kozmetick\u00fdch v\u00fdrobkoch<\/strong> nesm\u00fa by\u0165 kozmetick\u00e9 produkty prezentovan\u00e9 ako produkty, ktor\u00e9 maj\u00fa <strong data-start=\"668\" data-end=\"686\">lie\u010div\u00e9 \u00fa\u010dinky<\/strong>, diagnostikuj\u00fa, lie\u010dia alebo predch\u00e1dzaj\u00fa ochoreniam.<\/em><\/span><\/p>\n<p class=\"ai-optimize-44\" data-start=\"744\" data-end=\"1016\"><span style=\"color: #000000;\"><em>Inform\u00e1cie uveden\u00e9 pri produktoch vych\u00e1dzaj\u00fa z <strong data-start=\"791\" data-end=\"835\">tradi\u010dn\u00e9ho pou\u017e\u00edvania pr\u00edrodn\u00fdch zlo\u017eiek<\/strong>, <strong data-start=\"837\" data-end=\"877\">verejne dostupn\u00fdch odborn\u00fdch zdrojov<\/strong> a <strong data-start=\"880\" data-end=\"917\">sp\u00e4tn\u00fdch v\u00e4zieb na\u0161ich z\u00e1kazn\u00edkov<\/strong>. Nejde o lek\u00e1rske tvrdenia a <strong data-start=\"947\" data-end=\"1015\">nenahr\u00e1dzaj\u00fa odpor\u00fa\u010dania ani starostlivos\u0165 lek\u00e1ra \u010di dermatol\u00f3ga<\/strong>.<\/em><\/span><\/p>","protected":false},"excerpt":{"rendered":"<h3 class=\"ai-optimize-22\">ZEOZOE Detoxika\u010dn\u00e1 ple\u0165ov\u00e1 maska na b\u00e1ze zeolitu<\/h3>\n<p class=\"ai-optimize-23\">ZEOZOE PURE je 100 % pr\u00edrodn\u00e1 ple\u0165ov\u00e1 maska so zeolitom klinoptilolit 5-20micronov, navrhnut\u00e1 na h\u013abkov\u00e9 \u010distenie poko\u017eky a vyrovnanie tvorby ko\u017en\u00e9ho mazu. V\u010faka svojej mimoriadnej absorp\u010dnej schopnosti na seba via\u017ee ne\u010distoty, \u010dastice z prostredia a prebyto\u010dn\u00fd maz, \u010d\u00edm zanech\u00e1va ple\u0165 svie\u017eu, zmatnen\u00fa a \u010dist\u00fa. Zeolit je zn\u00e1my aj mimo kozmetiky \u2013 <strong data-start=\"651\" data-end=\"778\">v niektor\u00fdch krajin\u00e1ch mimo E\u00da sa vyu\u017e\u00edva ako podpora detoxik\u00e1cie organizmu, ke\u010f\u017ee na seba via\u017ee \u0165a\u017ek\u00e9 kovy a toxick\u00e9 l\u00e1tky<\/strong>. V E\u00da je ur\u010den\u00fd v\u00fdhradne na vonkaj\u0161ie pou\u017eitie. Maska neobsahuje \u017eiadne parfumy, konzervanty ani esenci\u00e1lne oleje \u2013 je tak ide\u00e1lna aj pre citliv\u00fa ple\u0165.<\/p>\n<p class=\"ai-optimize-24\"><strong>1 balenie a\u017e na 40 pou\u017eit\u00ed.<\/strong><\/p>\n<p class=\"ai-optimize-25\"><span style=\"color: #000000;\">\u2764\ufe0f <strong data-start=\"108\" data-end=\"133\">Certifikovan\u00fd produkt<\/strong><\/span><br data-start=\"133\" data-end=\"136\" \/><span style=\"color: #000000;\">\u2764\ufe0f <strong data-start=\"139\" data-end=\"162\">Bezpe\u010dnostn\u00e1 spr\u00e1va<\/strong><\/span><br data-start=\"162\" data-end=\"165\" \/><span style=\"color: #000000;\">\u2764\ufe0f <strong data-start=\"168\" data-end=\"193\">Vyroben\u00e9 na Slovensku<\/strong><\/span><br data-start=\"193\" data-end=\"196\" \/><span style=\"color: #000000;\">\u2764\ufe0f <strong data-start=\"199\" data-end=\"231\">ZEOZOE \u2013 registrovan\u00e1 zna\u010dka<\/strong><\/span><br data-start=\"231\" data-end=\"234\" \/><span style=\"color: #000000;\">\u2764\ufe0f <strong data-start=\"237\" data-end=\"263\">Neobsahuje mikroplasty<\/strong><\/span><br data-start=\"263\" data-end=\"266\" \/><span style=\"color: #000000;\">\u2764\ufe0f <strong data-start=\"269\" data-end=\"301\">Vyroben\u00e9 s dobr\u00fdm z\u00e1merom \ud83d\ude42<\/strong><\/span><\/p>","protected":false},"featured_media":10705,"comment_status":"open","ping_status":"closed","template":"","meta":[],"product_brand":[],"product_cat":[29,30,54],"product_tag":[123,118,63,125,60,126,120],"class_list":{"0":"post-115","1":"product","2":"type-product","3":"status-publish","4":"has-post-thumbnail","6":"product_cat-telo","7":"product_cat-tvar","8":"product_cat-vsetko","9":"product_tag-bezpecnostna-sprava","10":"product_tag-certifikovany-produkt","11":"product_tag-detoxikacia","12":"product_tag-najemnejsia-dostupna-frakcia-na-trhu","13":"product_tag-zeolit","14":"product_tag-zeolit-klinoptilolit","15":"product_tag-zeozoe-registrovana-znacka","17":"first","18":"instock","19":"taxable","20":"shipping-taxable","21":"purchasable","22":"product-type-simple"},"yoast_head":"<!-- This site is optimized with the Yoast SEO Premium plugin v25.2 (Yoast SEO v25.2) - https:\/\/yoast.com\/wordpress\/plugins\/seo\/ -->\n<title>ZEOZOE Ple\u0165ov\u00e1 maska Pure - ZEOZOE\u00ae<\/title>\n<meta name=\"description\" content=\"ZEOZOE Detoxik\u00e1cia na b\u00e1ze zeolitu s \u00fa\u010dinn\u00fdmi regenera\u010dn\u00fdmi vlastnos\u0165ami. Pom\u00e1ha \u010disti\u0165 poko\u017eku od tox\u00ednov, \u0165a\u017ek\u00fdch kovov, mikr\u00f3bov a ne\u017eiaducej mastnoty pri\u010dom reguluje tvorbu mazu a postupne uvo\u013e\u0148uje miner\u00e1ly. V niektor\u00fdch krajin\u00e1ch mimo E\u00da sa vyu\u017e\u00edva ako podpora detoxik\u00e1cie organizmu, ke\u010f\u017ee na seba via\u017ee \u0165a\u017ek\u00e9 kovy a toxick\u00e9 l\u00e1tky. \u2764\ufe0f Certifikovan\u00fd produkt\u2764\ufe0f Bezpe\u010dnostn\u00e1 spr\u00e1va\u2764\ufe0f Vyroben\u00e9 na Slovensku\u2764\ufe0f ZEOZOE \u2013 registrovan\u00e1 zna\u010dka\u2764\ufe0f Neobsahuje mikroplasty\u2764\ufe0f Vyroben\u00e9 s dobr\u00fdm z\u00e1merom \ud83d\ude42\" \/>\n<meta name=\"robots\" content=\"index, follow, max-snippet:-1, max-image-preview:large, max-video-preview:-1\" \/>\n<link rel=\"canonical\" href=\"https:\/\/www.zeozoe.sk\/en\/product\/pletova-maska-pure-zeozoe-detoxikacia-toxiny\/\" \/>\n<meta property=\"og:locale\" content=\"en_GB\" \/>\n<meta property=\"og:type\" content=\"article\" \/>\n<meta property=\"og:title\" content=\"ZEOZOE Ple\u0165ov\u00e1 maska Pure\" \/>\n<meta property=\"og:description\" content=\"ZEOZOE Detoxik\u00e1cia na b\u00e1ze zeolitu s \u00fa\u010dinn\u00fdmi regenera\u010dn\u00fdmi vlastnos\u0165ami. Pom\u00e1ha \u010disti\u0165 poko\u017eku od tox\u00ednov, \u0165a\u017ek\u00fdch kovov, mikr\u00f3bov a ne\u017eiaducej mastnoty pri\u010dom reguluje tvorbu mazu a postupne uvo\u013e\u0148uje miner\u00e1ly. V niektor\u00fdch krajin\u00e1ch mimo E\u00da sa vyu\u017e\u00edva ako podpora detoxik\u00e1cie organizmu, ke\u010f\u017ee na seba via\u017ee \u0165a\u017ek\u00e9 kovy a toxick\u00e9 l\u00e1tky. \u2764\ufe0f Certifikovan\u00fd produkt\u2764\ufe0f Bezpe\u010dnostn\u00e1 spr\u00e1va\u2764\ufe0f Vyroben\u00e9 na Slovensku\u2764\ufe0f ZEOZOE \u2013 registrovan\u00e1 zna\u010dka\u2764\ufe0f Neobsahuje mikroplasty\u2764\ufe0f Vyroben\u00e9 s dobr\u00fdm z\u00e1merom \ud83d\ude42\" \/>\n<meta property=\"og:url\" content=\"https:\/\/www.zeozoe.sk\/en\/product\/pletova-maska-pure-zeozoe-detoxikacia-toxiny\/\" \/>\n<meta property=\"og:site_name\" content=\"ZEOZOE\u00ae\" \/>\n<meta property=\"article:modified_time\" content=\"2026-04-22T10:47:22+00:00\" \/>\n<meta property=\"og:image\" content=\"https:\/\/www.zeozoe.sk\/wp-content\/uploads\/2024\/06\/maska-pure.jpg\" \/>\n\t<meta property=\"og:image:width\" content=\"1080\" \/>\n\t<meta property=\"og:image:height\" content=\"1080\" \/>\n\t<meta property=\"og:image:type\" content=\"image\/jpeg\" \/>\n<meta name=\"twitter:card\" content=\"summary_large_image\" \/>\n<meta name=\"twitter:label1\" content=\"Estimated reading time\" \/>\n\t<meta name=\"twitter:data1\" content=\"3 minutes\" \/>\n<script type=\"application\/ld+json\" class=\"yoast-schema-graph\">{\"@context\":\"https:\/\/schema.org\",\"@graph\":[{\"@type\":\"WebPage\",\"@id\":\"https:\/\/www.zeozoe.sk\/produkt\/pletova-maska-pure-zeozoe-detoxikacia-toxiny\/\",\"url\":\"https:\/\/www.zeozoe.sk\/produkt\/pletova-maska-pure-zeozoe-detoxikacia-toxiny\/\",\"name\":\"ZEOZOE Ple\u0165ov\u00e1 maska Pure - ZEOZOE\u00ae\",\"isPartOf\":{\"@id\":\"https:\/\/www.zeozoe.sk\/#website\"},\"primaryImageOfPage\":{\"@id\":\"https:\/\/www.zeozoe.sk\/produkt\/pletova-maska-pure-zeozoe-detoxikacia-toxiny\/#primaryimage\"},\"image\":{\"@id\":\"https:\/\/www.zeozoe.sk\/produkt\/pletova-maska-pure-zeozoe-detoxikacia-toxiny\/#primaryimage\"},\"thumbnailUrl\":\"https:\/\/www.zeozoe.sk\/wp-content\/uploads\/2024\/06\/maska-pure.jpg\",\"datePublished\":\"2024-06-03T22:48:59+00:00\",\"dateModified\":\"2026-04-22T10:47:22+00:00\",\"description\":\"ZEOZOE Detoxik\u00e1cia na b\u00e1ze zeolitu s \u00fa\u010dinn\u00fdmi regenera\u010dn\u00fdmi vlastnos\u0165ami. Pom\u00e1ha \u010disti\u0165 poko\u017eku od tox\u00ednov, \u0165a\u017ek\u00fdch kovov, mikr\u00f3bov a ne\u017eiaducej mastnoty pri\u010dom reguluje tvorbu mazu a postupne uvo\u013e\u0148uje miner\u00e1ly. V niektor\u00fdch krajin\u00e1ch mimo E\u00da sa vyu\u017e\u00edva ako podpora detoxik\u00e1cie organizmu, ke\u010f\u017ee na seba via\u017ee \u0165a\u017ek\u00e9 kovy a toxick\u00e9 l\u00e1tky. \u2764\ufe0f Certifikovan\u00fd produkt\u2764\ufe0f Bezpe\u010dnostn\u00e1 spr\u00e1va\u2764\ufe0f Vyroben\u00e9 na Slovensku\u2764\ufe0f ZEOZOE \u2013 registrovan\u00e1 zna\u010dka\u2764\ufe0f Neobsahuje mikroplasty\u2764\ufe0f Vyroben\u00e9 s dobr\u00fdm z\u00e1merom \ud83d\ude42\",\"breadcrumb\":{\"@id\":\"https:\/\/www.zeozoe.sk\/produkt\/pletova-maska-pure-zeozoe-detoxikacia-toxiny\/#breadcrumb\"},\"inLanguage\":\"en-GB\",\"potentialAction\":[{\"@type\":\"ReadAction\",\"target\":[\"https:\/\/www.zeozoe.sk\/produkt\/pletova-maska-pure-zeozoe-detoxikacia-toxiny\/\"]}]},{\"@type\":\"ImageObject\",\"inLanguage\":\"en-GB\",\"@id\":\"https:\/\/www.zeozoe.sk\/produkt\/pletova-maska-pure-zeozoe-detoxikacia-toxiny\/#primaryimage\",\"url\":\"https:\/\/www.zeozoe.sk\/wp-content\/uploads\/2024\/06\/maska-pure.jpg\",\"contentUrl\":\"https:\/\/www.zeozoe.sk\/wp-content\/uploads\/2024\/06\/maska-pure.jpg\",\"width\":1080,\"height\":1080},{\"@type\":\"BreadcrumbList\",\"@id\":\"https:\/\/www.zeozoe.sk\/produkt\/pletova-maska-pure-zeozoe-detoxikacia-toxiny\/#breadcrumb\",\"itemListElement\":[{\"@type\":\"ListItem\",\"position\":1,\"name\":\"Domov\",\"item\":\"https:\/\/www.zeozoe.sk\/\"},{\"@type\":\"ListItem\",\"position\":2,\"name\":\"Obchod\",\"item\":\"https:\/\/www.zeozoe.sk\/obchod\/\"},{\"@type\":\"ListItem\",\"position\":3,\"name\":\"ZEOZOE Ple\u0165ov\u00e1 maska Pure\"}]},{\"@type\":\"WebSite\",\"@id\":\"https:\/\/www.zeozoe.sk\/#website\",\"url\":\"https:\/\/www.zeozoe.sk\/\",\"name\":\"ZEOZOE\u00ae\",\"description\":\"Zubn\u00fd pr\u00e1\u0161ok a tablety na pr\u00edrodnej b\u00e1ze\",\"potentialAction\":[{\"@type\":\"SearchAction\",\"target\":{\"@type\":\"EntryPoint\",\"urlTemplate\":\"https:\/\/www.zeozoe.sk\/?s={search_term_string}\"},\"query-input\":{\"@type\":\"PropertyValueSpecification\",\"valueRequired\":true,\"valueName\":\"search_term_string\"}}],\"inLanguage\":\"en-GB\"}]}<\/script>\n<!-- \/ Yoast SEO Premium plugin. -->","yoast_head_json":{"title":"ZEOZOE Ple\u0165ov\u00e1 maska Pure - ZEOZOE\u00ae","description":"ZEOZOE Detoxik\u00e1cia na b\u00e1ze zeolitu s \u00fa\u010dinn\u00fdmi regenera\u010dn\u00fdmi vlastnos\u0165ami. Pom\u00e1ha \u010disti\u0165 poko\u017eku od tox\u00ednov, \u0165a\u017ek\u00fdch kovov, mikr\u00f3bov a ne\u017eiaducej mastnoty pri\u010dom reguluje tvorbu mazu a postupne uvo\u013e\u0148uje miner\u00e1ly. V niektor\u00fdch krajin\u00e1ch mimo E\u00da sa vyu\u017e\u00edva ako podpora detoxik\u00e1cie organizmu, ke\u010f\u017ee na seba via\u017ee \u0165a\u017ek\u00e9 kovy a toxick\u00e9 l\u00e1tky. \u2764\ufe0f Certifikovan\u00fd produkt\u2764\ufe0f Bezpe\u010dnostn\u00e1 spr\u00e1va\u2764\ufe0f Vyroben\u00e9 na Slovensku\u2764\ufe0f ZEOZOE \u2013 registrovan\u00e1 zna\u010dka\u2764\ufe0f Neobsahuje mikroplasty\u2764\ufe0f Vyroben\u00e9 s dobr\u00fdm z\u00e1merom \ud83d\ude42","robots":{"index":"index","follow":"follow","max-snippet":"max-snippet:-1","max-image-preview":"max-image-preview:large","max-video-preview":"max-video-preview:-1"},"canonical":"https:\/\/www.zeozoe.sk\/en\/product\/pletova-maska-pure-zeozoe-detoxikacia-toxiny\/","og_locale":"en_GB","og_type":"article","og_title":"ZEOZOE Ple\u0165ov\u00e1 maska Pure","og_description":"ZEOZOE Detoxik\u00e1cia na b\u00e1ze zeolitu s \u00fa\u010dinn\u00fdmi regenera\u010dn\u00fdmi vlastnos\u0165ami. Pom\u00e1ha \u010disti\u0165 poko\u017eku od tox\u00ednov, \u0165a\u017ek\u00fdch kovov, mikr\u00f3bov a ne\u017eiaducej mastnoty pri\u010dom reguluje tvorbu mazu a postupne uvo\u013e\u0148uje miner\u00e1ly. V niektor\u00fdch krajin\u00e1ch mimo E\u00da sa vyu\u017e\u00edva ako podpora detoxik\u00e1cie organizmu, ke\u010f\u017ee na seba via\u017ee \u0165a\u017ek\u00e9 kovy a toxick\u00e9 l\u00e1tky. \u2764\ufe0f Certifikovan\u00fd produkt\u2764\ufe0f Bezpe\u010dnostn\u00e1 spr\u00e1va\u2764\ufe0f Vyroben\u00e9 na Slovensku\u2764\ufe0f ZEOZOE \u2013 registrovan\u00e1 zna\u010dka\u2764\ufe0f Neobsahuje mikroplasty\u2764\ufe0f Vyroben\u00e9 s dobr\u00fdm z\u00e1merom \ud83d\ude42","og_url":"https:\/\/www.zeozoe.sk\/en\/product\/pletova-maska-pure-zeozoe-detoxikacia-toxiny\/","og_site_name":"ZEOZOE\u00ae","article_modified_time":"2026-04-22T10:47:22+00:00","og_image":[{"width":1080,"height":1080,"url":"https:\/\/www.zeozoe.sk\/wp-content\/uploads\/2024\/06\/maska-pure.jpg","type":"image\/jpeg"}],"twitter_card":"summary_large_image","twitter_misc":{"Estimated reading time":"3 minutes"},"schema":{"@context":"https:\/\/schema.org","@graph":[{"@type":"WebPage","@id":"https:\/\/www.zeozoe.sk\/produkt\/pletova-maska-pure-zeozoe-detoxikacia-toxiny\/","url":"https:\/\/www.zeozoe.sk\/produkt\/pletova-maska-pure-zeozoe-detoxikacia-toxiny\/","name":"ZEOZOE Ple\u0165ov\u00e1 maska Pure - ZEOZOE\u00ae","isPartOf":{"@id":"https:\/\/www.zeozoe.sk\/#website"},"primaryImageOfPage":{"@id":"https:\/\/www.zeozoe.sk\/produkt\/pletova-maska-pure-zeozoe-detoxikacia-toxiny\/#primaryimage"},"image":{"@id":"https:\/\/www.zeozoe.sk\/produkt\/pletova-maska-pure-zeozoe-detoxikacia-toxiny\/#primaryimage"},"thumbnailUrl":"https:\/\/www.zeozoe.sk\/wp-content\/uploads\/2024\/06\/maska-pure.jpg","datePublished":"2024-06-03T22:48:59+00:00","dateModified":"2026-04-22T10:47:22+00:00","description":"ZEOZOE Detoxik\u00e1cia na b\u00e1ze zeolitu s \u00fa\u010dinn\u00fdmi regenera\u010dn\u00fdmi vlastnos\u0165ami. Pom\u00e1ha \u010disti\u0165 poko\u017eku od tox\u00ednov, \u0165a\u017ek\u00fdch kovov, mikr\u00f3bov a ne\u017eiaducej mastnoty pri\u010dom reguluje tvorbu mazu a postupne uvo\u013e\u0148uje miner\u00e1ly. V niektor\u00fdch krajin\u00e1ch mimo E\u00da sa vyu\u017e\u00edva ako podpora detoxik\u00e1cie organizmu, ke\u010f\u017ee na seba via\u017ee \u0165a\u017ek\u00e9 kovy a toxick\u00e9 l\u00e1tky. \u2764\ufe0f Certifikovan\u00fd produkt\u2764\ufe0f Bezpe\u010dnostn\u00e1 spr\u00e1va\u2764\ufe0f Vyroben\u00e9 na Slovensku\u2764\ufe0f ZEOZOE \u2013 registrovan\u00e1 zna\u010dka\u2764\ufe0f Neobsahuje mikroplasty\u2764\ufe0f Vyroben\u00e9 s dobr\u00fdm z\u00e1merom \ud83d\ude42","breadcrumb":{"@id":"https:\/\/www.zeozoe.sk\/produkt\/pletova-maska-pure-zeozoe-detoxikacia-toxiny\/#breadcrumb"},"inLanguage":"en-GB","potentialAction":[{"@type":"ReadAction","target":["https:\/\/www.zeozoe.sk\/produkt\/pletova-maska-pure-zeozoe-detoxikacia-toxiny\/"]}]},{"@type":"ImageObject","inLanguage":"en-GB","@id":"https:\/\/www.zeozoe.sk\/produkt\/pletova-maska-pure-zeozoe-detoxikacia-toxiny\/#primaryimage","url":"https:\/\/www.zeozoe.sk\/wp-content\/uploads\/2024\/06\/maska-pure.jpg","contentUrl":"https:\/\/www.zeozoe.sk\/wp-content\/uploads\/2024\/06\/maska-pure.jpg","width":1080,"height":1080},{"@type":"BreadcrumbList","@id":"https:\/\/www.zeozoe.sk\/produkt\/pletova-maska-pure-zeozoe-detoxikacia-toxiny\/#breadcrumb","itemListElement":[{"@type":"ListItem","position":1,"name":"Domov","item":"https:\/\/www.zeozoe.sk\/"},{"@type":"ListItem","position":2,"name":"Obchod","item":"https:\/\/www.zeozoe.sk\/obchod\/"},{"@type":"ListItem","position":3,"name":"ZEOZOE Ple\u0165ov\u00e1 maska Pure"}]},{"@type":"WebSite","@id":"https:\/\/www.zeozoe.sk\/#website","url":"https:\/\/www.zeozoe.sk\/","name":"ZEOZOE\u00ae","description":"Zubn\u00fd pr\u00e1\u0161ok a tablety na pr\u00edrodnej b\u00e1ze","potentialAction":[{"@type":"SearchAction","target":{"@type":"EntryPoint","urlTemplate":"https:\/\/www.zeozoe.sk\/?s={search_term_string}"},"query-input":{"@type":"PropertyValueSpecification","valueRequired":true,"valueName":"search_term_string"}}],"inLanguage":"en-GB"}]}},"_links":{"self":[{"href":"https:\/\/www.zeozoe.sk\/en\/wp-json\/wp\/v2\/product\/115","targetHints":{"allow":["GET"]}}],"collection":[{"href":"https:\/\/www.zeozoe.sk\/en\/wp-json\/wp\/v2\/product"}],"about":[{"href":"https:\/\/www.zeozoe.sk\/en\/wp-json\/wp\/v2\/types\/product"}],"replies":[{"embeddable":true,"href":"https:\/\/www.zeozoe.sk\/en\/wp-json\/wp\/v2\/comments?post=115"}],"wp:featuredmedia":[{"embeddable":true,"href":"https:\/\/www.zeozoe.sk\/en\/wp-json\/wp\/v2\/media\/10705"}],"wp:attachment":[{"href":"https:\/\/www.zeozoe.sk\/en\/wp-json\/wp\/v2\/media?parent=115"}],"wp:term":[{"taxonomy":"product_brand","embeddable":true,"href":"https:\/\/www.zeozoe.sk\/en\/wp-json\/wp\/v2\/product_brand?post=115"},{"taxonomy":"product_cat","embeddable":true,"href":"https:\/\/www.zeozoe.sk\/en\/wp-json\/wp\/v2\/product_cat?post=115"},{"taxonomy":"product_tag","embeddable":true,"href":"https:\/\/www.zeozoe.sk\/en\/wp-json\/wp\/v2\/product_tag?post=115"}],"curies":[{"name":"wp","href":"https:\/\/api.w.org\/{rel}","templated":true}]}}