{"id":1162,"date":"2024-09-30T08:35:08","date_gmt":"2024-09-30T06:35:08","guid":{"rendered":"https:\/\/www.zeozoe.sk\/?post_type=product&#038;p=1162"},"modified":"2026-03-13T18:47:09","modified_gmt":"2026-03-13T17:47:09","slug":"ecolife-vonny-toaletny-olej","status":"publish","type":"product","link":"https:\/\/www.zeozoe.sk\/en\/product\/ecolife-vonny-toaletny-olej\/","title":{"rendered":"EcoLIFE vonn\u00fd toaletn\u00fd olej"},"content":{"rendered":"<h3>EcoLIFE vonn\u00fd toaletn\u00fd olej<\/h3>\n<p><strong>Toaletn\u00fd olej EcoLIFE s jemnou kvetinovou v\u00f4\u0148ou je dokonal\u00fd prostriedok na osvie\u017eenie a pr\u00edjemn\u00fa v\u00f4\u0148u.<\/strong><\/p>\n<p>Toaletn\u00fd olej EcoLIFE s kvetinovou v\u00f4\u0148ou je vynikaj\u00faci na osvie\u017eenie a \u010distenie toaliet a piso\u00e1rov.<\/p>\n<p>Pr\u00edjemn\u00e1 kvetinov\u00e1 v\u00f4\u0148a<br \/>\n\u0160peci\u00e1lny vodoodpudiv\u00fd efekt na povrchoch toalety a piso\u00e1ru<br \/>\nZabra\u0148uje us\u00e1dzaniu vodn\u00e9ho kame\u0148a<br \/>\nPripraven\u00fd na pou\u017eitie<br \/>\nNeobsahuje \u017eiadne \u017eivo\u010d\u00ed\u0161ne deriv\u00e1ty. Po\u010das v\u00fdvoja v\u00fdrobku sa neuskuto\u010dnili \u017eiadne pokusy na zvierat\u00e1ch.<\/p>\n<p>Hlavn\u00e9 ingrediencie EcoLIFE toaletn\u00e9ho oleja, ako napr. &lt;10% prop\u00e1n-2-ol, rozp\u00fa\u0161\u0165adlo, pomocou ktor\u00e9ho v produkte uvo\u013enia vonn\u00e9 l\u00e1tky. N-hexyl ortho hydroxy benzoate- hexylsalicyl\u00e1t je l\u00e1tka syntetick\u00e9ho p\u00f4vodu, ktor\u00e1 je komponentom vonn\u00fdch l\u00e1tok. M\u00e1 charakteristick\u00fa sladk\u00fa, kvetinov\u00fa v\u00f4\u0148u. Naj\u010dastej\u0161ie sa pou\u017e\u00edva v parfum\u00e9rskom a kozmetickom priemysle. Prid\u00e1va sa do osvie\u017eova\u010dov vzduchu, do \u010distiacich, prac\u00edch alebo um\u00fdvac\u00edch prostriedkov.<\/p>\n<p>N\u00e1vod na pou\u017eitie: Sprej naneste na povrch misy a nechajte p\u00f4sobi\u0165. Olej vytvor\u00ed na povrchu zvl\u00e1\u0161tny film, ktor\u00fd zabr\u00e1ni us\u00e1dzaniu vodn\u00e9ho kame\u0148a. Zabezpe\u010d\u00ed pr\u00edjemn\u00fa v\u00f4\u0148u aj po viacer\u00fdch spl\u00e1chnutiach. Pravideln\u00fdm pou\u017e\u00edvan\u00edm eliminujete nepr\u00edjemn\u00fd z\u00e1pach toalety.<\/p>\n<p>Zlo\u017eenie: &lt;25% etanol, &lt;10% prop\u00e1n-2-ol, &lt;0,5% n-hexyl ortho hydroxy benzoate, &lt;0,25% iso e super.<\/p>\n<p>Bezpe\u010dnostn\u00e9 opatrenia: M\u00f4\u017ee sp\u00f4sobi\u0165 alergick\u00fa reakciu ko\u017ee. Sp\u00f4sobuje zne\u010distenie v\u00f4d a vodn\u00fdch organizmov.<\/p>\n<p>V\u00fdstra\u017en\u00e9 upozornenia: Ak je potrebn\u00e1 lek\u00e1rska pomoc, majte k dispoz\u00edcii obal alebo etiketu v\u00fdrobku. Uchov\u00e1vajte mimo dosahu det\u00ed. Po manipul\u00e1cii si starostlivo umyte ruky a zasiahnut\u00e9 \u010dasti tela. Pou\u017eitie ochrann\u00fdch rukav\u00edc je povinn\u00e9. Po irit\u00e1cii poko\u017eky alebo po objaven\u00ed vyr\u00e1\u017eok vyh\u013eadajte lek\u00e1rsku pomoc. Zne\u010disten\u00fd odev vyzle\u010dte a pred opakovan\u00fdm pou\u017eit\u00edm operte. Zne\u0161kodnite obsah\/n\u00e1dobu v s\u00falade so z\u00e1konom, pr\u00edpadne vr\u00e1\u0165te dod\u00e1vate\u013eovi.<\/p>\n<p>Skladovanie: na suchom mieste mimo slne\u010dn\u00e9ho \u017eiarenia od +5 do +30\u02daC. Pou\u017ei\u0165 v\u00fdhradne na dan\u00fd \u00fa\u010del.<\/p>","protected":false},"excerpt":{"rendered":"<p class=\"ai-optimize-30\"><strong>Toaletn\u00fd olej EcoLIFE s jemnou kvetinovou v\u00f4\u0148ou je dokonal\u00fd prostriedok na osvie\u017eenie a pr\u00edjemn\u00fa v\u00f4\u0148u.<\/strong><\/p>\n<p class=\"ai-optimize-31\">Jemn\u00e1, kvetinov\u00e1 v\u00f4\u0148a. Vytv\u00e1ra \u0161peci\u00e1lny vodoodpudiv\u00fd povrch na toalet\u00e1ch a piso\u00e1roch. Zabra\u0148uje tvorbe a us\u00e1dzaniu vodn\u00e9ho kame\u0148a. Pripraven\u00e9 na okam\u017eit\u00e9 pou\u017eitie. <strong>1 balenie = 0,75 l.<\/strong><\/p>","protected":false},"featured_media":11193,"comment_status":"open","ping_status":"closed","template":"","meta":[],"product_brand":[],"product_cat":[32,54],"product_tag":[],"class_list":{"0":"post-1162","1":"product","2":"type-product","3":"status-publish","4":"has-post-thumbnail","6":"product_cat-domacnost","7":"product_cat-vsetko","9":"first","10":"instock","11":"taxable","12":"shipping-taxable","13":"purchasable","14":"product-type-simple"},"yoast_head":"<!-- This site is optimized with the Yoast SEO Premium plugin v25.2 (Yoast SEO v25.2) - https:\/\/yoast.com\/wordpress\/plugins\/seo\/ -->\n<title>EcoLIFE vonn\u00fd toaletn\u00fd olej - ZEOZOE\u00ae<\/title>\n<meta name=\"description\" content=\"Toaletn\u00fd olej EcoLIFE s jemnou kvetinovou v\u00f4\u0148ou je \u0161peci\u00e1lne navrhnut\u00fd na osvie\u017eenie a \u010distenie toaliet a piso\u00e1rov. Jeho unik\u00e1tna recept\u00fara vytv\u00e1ra vodoodpudiv\u00fd film, ktor\u00fd \u00fa\u010dinne br\u00e1ni tvorbe vodn\u00e9ho kame\u0148a a zanech\u00e1va povrchy dlhodobo \u010dist\u00e9. Tento olej navy\u0161e zanech\u00e1va po pou\u017eit\u00ed pr\u00edjemn\u00fa v\u00f4\u0148u, ktor\u00e1 pretrv\u00e1va aj po opakovan\u00fdch spl\u00e1chnutiach. Produkt neobsahuje \u017eiadne \u017eivo\u010d\u00ed\u0161ne zlo\u017eky a nebol testovan\u00fd na zvierat\u00e1ch. Pri aplik\u00e1cii spreja na povrch toalety vytvor\u00ed ochrann\u00fd film, ktor\u00fd zabra\u0148uje us\u00e1dzaniu vodn\u00e9ho kame\u0148a a zais\u0165uje dlhotrvaj\u00facu svie\u017eos\u0165. Pri pravidelnom pou\u017e\u00edvan\u00ed eliminuje nepr\u00edjemn\u00e9 pachy a udr\u017eiava hygienu toalety. Produkt je potrebn\u00e9 skladova\u0165 na suchom mieste mimo slne\u010dn\u00e9ho \u017eiarenia, v rozmedz\u00ed tepl\u00f4t od +5 do +30\u02daC. Pri pou\u017e\u00edvan\u00ed treba dba\u0165 na ochranu poko\u017eky, preto\u017ee produkt m\u00f4\u017ee sp\u00f4sobi\u0165 alergick\u00e9 reakcie.\" \/>\n<meta name=\"robots\" content=\"index, follow, max-snippet:-1, max-image-preview:large, max-video-preview:-1\" \/>\n<link rel=\"canonical\" href=\"https:\/\/www.zeozoe.sk\/en\/product\/ecolife-vonny-toaletny-olej\/\" \/>\n<meta property=\"og:locale\" content=\"en_GB\" \/>\n<meta property=\"og:type\" content=\"article\" \/>\n<meta property=\"og:title\" content=\"EcoLIFE vonn\u00fd toaletn\u00fd olej\" \/>\n<meta property=\"og:description\" content=\"Toaletn\u00fd olej EcoLIFE s jemnou kvetinovou v\u00f4\u0148ou je \u0161peci\u00e1lne navrhnut\u00fd na osvie\u017eenie a \u010distenie toaliet a piso\u00e1rov. Jeho unik\u00e1tna recept\u00fara vytv\u00e1ra vodoodpudiv\u00fd film, ktor\u00fd \u00fa\u010dinne br\u00e1ni tvorbe vodn\u00e9ho kame\u0148a a zanech\u00e1va povrchy dlhodobo \u010dist\u00e9. Tento olej navy\u0161e zanech\u00e1va po pou\u017eit\u00ed pr\u00edjemn\u00fa v\u00f4\u0148u, ktor\u00e1 pretrv\u00e1va aj po opakovan\u00fdch spl\u00e1chnutiach. Produkt neobsahuje \u017eiadne \u017eivo\u010d\u00ed\u0161ne zlo\u017eky a nebol testovan\u00fd na zvierat\u00e1ch. Pri aplik\u00e1cii spreja na povrch toalety vytvor\u00ed ochrann\u00fd film, ktor\u00fd zabra\u0148uje us\u00e1dzaniu vodn\u00e9ho kame\u0148a a zais\u0165uje dlhotrvaj\u00facu svie\u017eos\u0165. Pri pravidelnom pou\u017e\u00edvan\u00ed eliminuje nepr\u00edjemn\u00e9 pachy a udr\u017eiava hygienu toalety. Produkt je potrebn\u00e9 skladova\u0165 na suchom mieste mimo slne\u010dn\u00e9ho \u017eiarenia, v rozmedz\u00ed tepl\u00f4t od +5 do +30\u02daC. Pri pou\u017e\u00edvan\u00ed treba dba\u0165 na ochranu poko\u017eky, preto\u017ee produkt m\u00f4\u017ee sp\u00f4sobi\u0165 alergick\u00e9 reakcie.\" \/>\n<meta property=\"og:url\" content=\"https:\/\/www.zeozoe.sk\/en\/product\/ecolife-vonny-toaletny-olej\/\" \/>\n<meta property=\"og:site_name\" content=\"ZEOZOE\u00ae\" \/>\n<meta property=\"article:modified_time\" content=\"2026-03-13T17:47:09+00:00\" \/>\n<meta property=\"og:image\" content=\"https:\/\/www.zeozoe.sk\/wp-content\/uploads\/2024\/09\/Produkty-na-web-16.jpg\" \/>\n\t<meta property=\"og:image:width\" content=\"1080\" \/>\n\t<meta property=\"og:image:height\" content=\"1080\" \/>\n\t<meta property=\"og:image:type\" content=\"image\/jpeg\" \/>\n<meta name=\"twitter:card\" content=\"summary_large_image\" \/>\n<meta name=\"twitter:label1\" content=\"Estimated reading time\" \/>\n\t<meta name=\"twitter:data1\" content=\"2 minutes\" \/>\n<script type=\"application\/ld+json\" class=\"yoast-schema-graph\">{\"@context\":\"https:\/\/schema.org\",\"@graph\":[{\"@type\":\"WebPage\",\"@id\":\"https:\/\/www.zeozoe.sk\/produkt\/ecolife-vonny-toaletny-olej\/\",\"url\":\"https:\/\/www.zeozoe.sk\/produkt\/ecolife-vonny-toaletny-olej\/\",\"name\":\"EcoLIFE vonn\u00fd toaletn\u00fd olej - ZEOZOE\u00ae\",\"isPartOf\":{\"@id\":\"https:\/\/www.zeozoe.sk\/#website\"},\"primaryImageOfPage\":{\"@id\":\"https:\/\/www.zeozoe.sk\/produkt\/ecolife-vonny-toaletny-olej\/#primaryimage\"},\"image\":{\"@id\":\"https:\/\/www.zeozoe.sk\/produkt\/ecolife-vonny-toaletny-olej\/#primaryimage\"},\"thumbnailUrl\":\"https:\/\/www.zeozoe.sk\/wp-content\/uploads\/2024\/09\/Produkty-na-web-16.jpg\",\"datePublished\":\"2024-09-30T06:35:08+00:00\",\"dateModified\":\"2026-03-13T17:47:09+00:00\",\"description\":\"Toaletn\u00fd olej EcoLIFE s jemnou kvetinovou v\u00f4\u0148ou je \u0161peci\u00e1lne navrhnut\u00fd na osvie\u017eenie a \u010distenie toaliet a piso\u00e1rov. Jeho unik\u00e1tna recept\u00fara vytv\u00e1ra vodoodpudiv\u00fd film, ktor\u00fd \u00fa\u010dinne br\u00e1ni tvorbe vodn\u00e9ho kame\u0148a a zanech\u00e1va povrchy dlhodobo \u010dist\u00e9. Tento olej navy\u0161e zanech\u00e1va po pou\u017eit\u00ed pr\u00edjemn\u00fa v\u00f4\u0148u, ktor\u00e1 pretrv\u00e1va aj po opakovan\u00fdch spl\u00e1chnutiach. Produkt neobsahuje \u017eiadne \u017eivo\u010d\u00ed\u0161ne zlo\u017eky a nebol testovan\u00fd na zvierat\u00e1ch. Pri aplik\u00e1cii spreja na povrch toalety vytvor\u00ed ochrann\u00fd film, ktor\u00fd zabra\u0148uje us\u00e1dzaniu vodn\u00e9ho kame\u0148a a zais\u0165uje dlhotrvaj\u00facu svie\u017eos\u0165. Pri pravidelnom pou\u017e\u00edvan\u00ed eliminuje nepr\u00edjemn\u00e9 pachy a udr\u017eiava hygienu toalety. Produkt je potrebn\u00e9 skladova\u0165 na suchom mieste mimo slne\u010dn\u00e9ho \u017eiarenia, v rozmedz\u00ed tepl\u00f4t od +5 do +30\u02daC. Pri pou\u017e\u00edvan\u00ed treba dba\u0165 na ochranu poko\u017eky, preto\u017ee produkt m\u00f4\u017ee sp\u00f4sobi\u0165 alergick\u00e9 reakcie.\",\"breadcrumb\":{\"@id\":\"https:\/\/www.zeozoe.sk\/produkt\/ecolife-vonny-toaletny-olej\/#breadcrumb\"},\"inLanguage\":\"en-GB\",\"potentialAction\":[{\"@type\":\"ReadAction\",\"target\":[\"https:\/\/www.zeozoe.sk\/produkt\/ecolife-vonny-toaletny-olej\/\"]}]},{\"@type\":\"ImageObject\",\"inLanguage\":\"en-GB\",\"@id\":\"https:\/\/www.zeozoe.sk\/produkt\/ecolife-vonny-toaletny-olej\/#primaryimage\",\"url\":\"https:\/\/www.zeozoe.sk\/wp-content\/uploads\/2024\/09\/Produkty-na-web-16.jpg\",\"contentUrl\":\"https:\/\/www.zeozoe.sk\/wp-content\/uploads\/2024\/09\/Produkty-na-web-16.jpg\",\"width\":1080,\"height\":1080,\"caption\":\"Toaletn\u00fd olej EcoLIFE s kvetinovou v\u00f4\u0148ou je vynikaj\u00faci na osvie\u017eenie a \u010distenie toaliet a piso\u00e1rov.\"},{\"@type\":\"BreadcrumbList\",\"@id\":\"https:\/\/www.zeozoe.sk\/produkt\/ecolife-vonny-toaletny-olej\/#breadcrumb\",\"itemListElement\":[{\"@type\":\"ListItem\",\"position\":1,\"name\":\"Domov\",\"item\":\"https:\/\/www.zeozoe.sk\/\"},{\"@type\":\"ListItem\",\"position\":2,\"name\":\"Obchod\",\"item\":\"https:\/\/www.zeozoe.sk\/obchod\/\"},{\"@type\":\"ListItem\",\"position\":3,\"name\":\"EcoLIFE vonn\u00fd toaletn\u00fd olej\"}]},{\"@type\":\"WebSite\",\"@id\":\"https:\/\/www.zeozoe.sk\/#website\",\"url\":\"https:\/\/www.zeozoe.sk\/\",\"name\":\"ZEOZOE\u00ae\",\"description\":\"Zubn\u00fd pr\u00e1\u0161ok a tablety na pr\u00edrodnej b\u00e1ze\",\"potentialAction\":[{\"@type\":\"SearchAction\",\"target\":{\"@type\":\"EntryPoint\",\"urlTemplate\":\"https:\/\/www.zeozoe.sk\/?s={search_term_string}\"},\"query-input\":{\"@type\":\"PropertyValueSpecification\",\"valueRequired\":true,\"valueName\":\"search_term_string\"}}],\"inLanguage\":\"en-GB\"}]}<\/script>\n<!-- \/ Yoast SEO Premium plugin. -->","yoast_head_json":{"title":"EcoLIFE vonn\u00fd toaletn\u00fd olej - ZEOZOE\u00ae","description":"Toaletn\u00fd olej EcoLIFE s jemnou kvetinovou v\u00f4\u0148ou je \u0161peci\u00e1lne navrhnut\u00fd na osvie\u017eenie a \u010distenie toaliet a piso\u00e1rov. Jeho unik\u00e1tna recept\u00fara vytv\u00e1ra vodoodpudiv\u00fd film, ktor\u00fd \u00fa\u010dinne br\u00e1ni tvorbe vodn\u00e9ho kame\u0148a a zanech\u00e1va povrchy dlhodobo \u010dist\u00e9. Tento olej navy\u0161e zanech\u00e1va po pou\u017eit\u00ed pr\u00edjemn\u00fa v\u00f4\u0148u, ktor\u00e1 pretrv\u00e1va aj po opakovan\u00fdch spl\u00e1chnutiach. Produkt neobsahuje \u017eiadne \u017eivo\u010d\u00ed\u0161ne zlo\u017eky a nebol testovan\u00fd na zvierat\u00e1ch. Pri aplik\u00e1cii spreja na povrch toalety vytvor\u00ed ochrann\u00fd film, ktor\u00fd zabra\u0148uje us\u00e1dzaniu vodn\u00e9ho kame\u0148a a zais\u0165uje dlhotrvaj\u00facu svie\u017eos\u0165. Pri pravidelnom pou\u017e\u00edvan\u00ed eliminuje nepr\u00edjemn\u00e9 pachy a udr\u017eiava hygienu toalety. Produkt je potrebn\u00e9 skladova\u0165 na suchom mieste mimo slne\u010dn\u00e9ho \u017eiarenia, v rozmedz\u00ed tepl\u00f4t od +5 do +30\u02daC. Pri pou\u017e\u00edvan\u00ed treba dba\u0165 na ochranu poko\u017eky, preto\u017ee produkt m\u00f4\u017ee sp\u00f4sobi\u0165 alergick\u00e9 reakcie.","robots":{"index":"index","follow":"follow","max-snippet":"max-snippet:-1","max-image-preview":"max-image-preview:large","max-video-preview":"max-video-preview:-1"},"canonical":"https:\/\/www.zeozoe.sk\/en\/product\/ecolife-vonny-toaletny-olej\/","og_locale":"en_GB","og_type":"article","og_title":"EcoLIFE vonn\u00fd toaletn\u00fd olej","og_description":"Toaletn\u00fd olej EcoLIFE s jemnou kvetinovou v\u00f4\u0148ou je \u0161peci\u00e1lne navrhnut\u00fd na osvie\u017eenie a \u010distenie toaliet a piso\u00e1rov. Jeho unik\u00e1tna recept\u00fara vytv\u00e1ra vodoodpudiv\u00fd film, ktor\u00fd \u00fa\u010dinne br\u00e1ni tvorbe vodn\u00e9ho kame\u0148a a zanech\u00e1va povrchy dlhodobo \u010dist\u00e9. Tento olej navy\u0161e zanech\u00e1va po pou\u017eit\u00ed pr\u00edjemn\u00fa v\u00f4\u0148u, ktor\u00e1 pretrv\u00e1va aj po opakovan\u00fdch spl\u00e1chnutiach. Produkt neobsahuje \u017eiadne \u017eivo\u010d\u00ed\u0161ne zlo\u017eky a nebol testovan\u00fd na zvierat\u00e1ch. Pri aplik\u00e1cii spreja na povrch toalety vytvor\u00ed ochrann\u00fd film, ktor\u00fd zabra\u0148uje us\u00e1dzaniu vodn\u00e9ho kame\u0148a a zais\u0165uje dlhotrvaj\u00facu svie\u017eos\u0165. Pri pravidelnom pou\u017e\u00edvan\u00ed eliminuje nepr\u00edjemn\u00e9 pachy a udr\u017eiava hygienu toalety. Produkt je potrebn\u00e9 skladova\u0165 na suchom mieste mimo slne\u010dn\u00e9ho \u017eiarenia, v rozmedz\u00ed tepl\u00f4t od +5 do +30\u02daC. Pri pou\u017e\u00edvan\u00ed treba dba\u0165 na ochranu poko\u017eky, preto\u017ee produkt m\u00f4\u017ee sp\u00f4sobi\u0165 alergick\u00e9 reakcie.","og_url":"https:\/\/www.zeozoe.sk\/en\/product\/ecolife-vonny-toaletny-olej\/","og_site_name":"ZEOZOE\u00ae","article_modified_time":"2026-03-13T17:47:09+00:00","og_image":[{"width":1080,"height":1080,"url":"https:\/\/www.zeozoe.sk\/wp-content\/uploads\/2024\/09\/Produkty-na-web-16.jpg","type":"image\/jpeg"}],"twitter_card":"summary_large_image","twitter_misc":{"Estimated reading time":"2 minutes"},"schema":{"@context":"https:\/\/schema.org","@graph":[{"@type":"WebPage","@id":"https:\/\/www.zeozoe.sk\/produkt\/ecolife-vonny-toaletny-olej\/","url":"https:\/\/www.zeozoe.sk\/produkt\/ecolife-vonny-toaletny-olej\/","name":"EcoLIFE vonn\u00fd toaletn\u00fd olej - ZEOZOE\u00ae","isPartOf":{"@id":"https:\/\/www.zeozoe.sk\/#website"},"primaryImageOfPage":{"@id":"https:\/\/www.zeozoe.sk\/produkt\/ecolife-vonny-toaletny-olej\/#primaryimage"},"image":{"@id":"https:\/\/www.zeozoe.sk\/produkt\/ecolife-vonny-toaletny-olej\/#primaryimage"},"thumbnailUrl":"https:\/\/www.zeozoe.sk\/wp-content\/uploads\/2024\/09\/Produkty-na-web-16.jpg","datePublished":"2024-09-30T06:35:08+00:00","dateModified":"2026-03-13T17:47:09+00:00","description":"Toaletn\u00fd olej EcoLIFE s jemnou kvetinovou v\u00f4\u0148ou je \u0161peci\u00e1lne navrhnut\u00fd na osvie\u017eenie a \u010distenie toaliet a piso\u00e1rov. Jeho unik\u00e1tna recept\u00fara vytv\u00e1ra vodoodpudiv\u00fd film, ktor\u00fd \u00fa\u010dinne br\u00e1ni tvorbe vodn\u00e9ho kame\u0148a a zanech\u00e1va povrchy dlhodobo \u010dist\u00e9. Tento olej navy\u0161e zanech\u00e1va po pou\u017eit\u00ed pr\u00edjemn\u00fa v\u00f4\u0148u, ktor\u00e1 pretrv\u00e1va aj po opakovan\u00fdch spl\u00e1chnutiach. Produkt neobsahuje \u017eiadne \u017eivo\u010d\u00ed\u0161ne zlo\u017eky a nebol testovan\u00fd na zvierat\u00e1ch. Pri aplik\u00e1cii spreja na povrch toalety vytvor\u00ed ochrann\u00fd film, ktor\u00fd zabra\u0148uje us\u00e1dzaniu vodn\u00e9ho kame\u0148a a zais\u0165uje dlhotrvaj\u00facu svie\u017eos\u0165. Pri pravidelnom pou\u017e\u00edvan\u00ed eliminuje nepr\u00edjemn\u00e9 pachy a udr\u017eiava hygienu toalety. Produkt je potrebn\u00e9 skladova\u0165 na suchom mieste mimo slne\u010dn\u00e9ho \u017eiarenia, v rozmedz\u00ed tepl\u00f4t od +5 do +30\u02daC. Pri pou\u017e\u00edvan\u00ed treba dba\u0165 na ochranu poko\u017eky, preto\u017ee produkt m\u00f4\u017ee sp\u00f4sobi\u0165 alergick\u00e9 reakcie.","breadcrumb":{"@id":"https:\/\/www.zeozoe.sk\/produkt\/ecolife-vonny-toaletny-olej\/#breadcrumb"},"inLanguage":"en-GB","potentialAction":[{"@type":"ReadAction","target":["https:\/\/www.zeozoe.sk\/produkt\/ecolife-vonny-toaletny-olej\/"]}]},{"@type":"ImageObject","inLanguage":"en-GB","@id":"https:\/\/www.zeozoe.sk\/produkt\/ecolife-vonny-toaletny-olej\/#primaryimage","url":"https:\/\/www.zeozoe.sk\/wp-content\/uploads\/2024\/09\/Produkty-na-web-16.jpg","contentUrl":"https:\/\/www.zeozoe.sk\/wp-content\/uploads\/2024\/09\/Produkty-na-web-16.jpg","width":1080,"height":1080,"caption":"Toaletn\u00fd olej EcoLIFE s kvetinovou v\u00f4\u0148ou je vynikaj\u00faci na osvie\u017eenie a \u010distenie toaliet a piso\u00e1rov."},{"@type":"BreadcrumbList","@id":"https:\/\/www.zeozoe.sk\/produkt\/ecolife-vonny-toaletny-olej\/#breadcrumb","itemListElement":[{"@type":"ListItem","position":1,"name":"Domov","item":"https:\/\/www.zeozoe.sk\/"},{"@type":"ListItem","position":2,"name":"Obchod","item":"https:\/\/www.zeozoe.sk\/obchod\/"},{"@type":"ListItem","position":3,"name":"EcoLIFE vonn\u00fd toaletn\u00fd olej"}]},{"@type":"WebSite","@id":"https:\/\/www.zeozoe.sk\/#website","url":"https:\/\/www.zeozoe.sk\/","name":"ZEOZOE\u00ae","description":"Zubn\u00fd pr\u00e1\u0161ok a tablety na pr\u00edrodnej b\u00e1ze","potentialAction":[{"@type":"SearchAction","target":{"@type":"EntryPoint","urlTemplate":"https:\/\/www.zeozoe.sk\/?s={search_term_string}"},"query-input":{"@type":"PropertyValueSpecification","valueRequired":true,"valueName":"search_term_string"}}],"inLanguage":"en-GB"}]}},"_links":{"self":[{"href":"https:\/\/www.zeozoe.sk\/en\/wp-json\/wp\/v2\/product\/1162","targetHints":{"allow":["GET"]}}],"collection":[{"href":"https:\/\/www.zeozoe.sk\/en\/wp-json\/wp\/v2\/product"}],"about":[{"href":"https:\/\/www.zeozoe.sk\/en\/wp-json\/wp\/v2\/types\/product"}],"replies":[{"embeddable":true,"href":"https:\/\/www.zeozoe.sk\/en\/wp-json\/wp\/v2\/comments?post=1162"}],"wp:featuredmedia":[{"embeddable":true,"href":"https:\/\/www.zeozoe.sk\/en\/wp-json\/wp\/v2\/media\/11193"}],"wp:attachment":[{"href":"https:\/\/www.zeozoe.sk\/en\/wp-json\/wp\/v2\/media?parent=1162"}],"wp:term":[{"taxonomy":"product_brand","embeddable":true,"href":"https:\/\/www.zeozoe.sk\/en\/wp-json\/wp\/v2\/product_brand?post=1162"},{"taxonomy":"product_cat","embeddable":true,"href":"https:\/\/www.zeozoe.sk\/en\/wp-json\/wp\/v2\/product_cat?post=1162"},{"taxonomy":"product_tag","embeddable":true,"href":"https:\/\/www.zeozoe.sk\/en\/wp-json\/wp\/v2\/product_tag?post=1162"}],"curies":[{"name":"wp","href":"https:\/\/api.w.org\/{rel}","templated":true}]}}