{"id":1165,"date":"2024-09-30T10:38:28","date_gmt":"2024-09-30T08:38:28","guid":{"rendered":"https:\/\/www.zeozoe.sk\/?post_type=product&#038;p=1165"},"modified":"2025-12-02T03:41:07","modified_gmt":"2025-12-02T02:41:07","slug":"ecolife-univerzalny-cistiaci-prostriedok","status":"publish","type":"product","link":"https:\/\/www.zeozoe.sk\/en\/product\/ecolife-univerzalny-cistiaci-prostriedok\/","title":{"rendered":"EcoLIFE Univerz\u00e1lny \u010distiaci prostriedok"},"content":{"rendered":"<h3>EcoLIFE Univerz\u00e1lny \u010distiaci prostriedok<\/h3>\n<p><strong>EcoLIFE Univerz\u00e1lny pr\u00edrodn\u00fd \u010distiaci prostriedok, ktor\u00fd \u010dist\u00ed \u013eahko a nezanech\u00e1va \u0161muhy.<\/strong><\/p>\n<p>EcoLIFE Univerz\u00e1lny pr\u00edrodn\u00fd \u010distiaci prostriedok poskytuje efekt\u00edvne \u010distenie bez \u0161m\u00fah a je \u0161etrn\u00fd k \u017eivotn\u00e9mu prostrediu. Produkt je 100% bez ch\u00e9mie a neobsahuje s\u00edrany. Vyroben\u00fd z biologicky odb\u00farate\u013en\u00fdch rastlinn\u00fdch ingredienci\u00ed, balen\u00fd v recyklovate\u013en\u00fdch f\u013ea\u0161iach, je vhodn\u00fd aj pre veg\u00e1nov, preto\u017ee neobsahuje \u017eiadne \u017eivo\u010d\u00ed\u0161ne zlo\u017eky a nebol testovan\u00fd na zvierat\u00e1ch.<\/p>\n<p>Pou\u017eitie: Na um\u00fdvanie podl\u00e1h zrie\u010fte jedno vie\u010dko pr\u00edpravku na 5-8 litrov vody. Pre univerz\u00e1lne \u010distenie zrie\u010fte v pomere 1:5 a\u017e 1:10 pod\u013ea potreby. Produkt zabezpe\u010d\u00ed r\u00fdchle schnutie povrchov bez zanechania \u0161m\u00fah a povlaku.<\/p>\n<p>Zlo\u017eenie: Menej ako 5% Coco-glucoside.<\/p>\n<p>Upozornenie: V\u00fdrobok m\u00f4\u017ee sp\u00f4sobova\u0165 v\u00e1\u017ene podr\u00e1\u017edenie o\u010d\u00ed. Uchov\u00e1vajte mimo dosahu det\u00ed a pou\u017e\u00edvajte ochrann\u00e9 okuliare pri manipul\u00e1cii.<\/p>","protected":false},"excerpt":{"rendered":"<p class=\"ai-optimize-30\"><strong>EcoLIFE Univerz\u00e1lny pr\u00edrodn\u00fd \u010distiaci prostriedok je ide\u00e1lny na jednoduch\u00e9 a \u00fa\u010dinn\u00e9 \u010distenie r\u00f4znych povrchov.<\/strong><\/p>\n<p class=\"ai-optimize-31\">&#8211; Zanech\u00e1va povrchy bez \u0161m\u00fah.<br \/>\n&#8211; Vyroben\u00fd z pr\u00edrodn\u00fdch ingredienci\u00ed, \u0161etrn\u00fdch k \u017eivotn\u00e9mu prostrediu.<br \/>\n&#8211; Vhodn\u00fd pre ka\u017edodenn\u00e9 pou\u017eitie v dom\u00e1cnosti, od kuch\u00fd\u0148 po k\u00fape\u013ene.<br \/>\n&#8211; Bez farb\u00edv a konzervantov<br \/>\n&#8211; Neobsahuje chemik\u00e1lie ani agres\u00edvne l\u00e1tky. <strong>1 balenie = 1 l.<\/strong><\/p>\n<p class=\"ai-optimize-32\"><a href=\"https:\/\/www.zeozoe.sk\/wp-content\/uploads\/2024\/09\/EURO3-EcoLIFE-Univerzalny-cistiaci-prostriedok-vratane-podlah_2022-CLP.pdf\" target=\"_blank\" rel=\"noopener\">Karta bezpe\u010dnosti (PDF)<\/a><\/p>","protected":false},"featured_media":11192,"comment_status":"open","ping_status":"closed","template":"","meta":[],"product_brand":[],"product_cat":[54,32],"product_tag":[],"class_list":{"0":"post-1165","1":"product","2":"type-product","3":"status-publish","4":"has-post-thumbnail","6":"product_cat-vsetko","7":"product_cat-domacnost","9":"first","10":"instock","11":"taxable","12":"shipping-taxable","13":"purchasable","14":"product-type-simple"},"yoast_head":"<!-- This site is optimized with the Yoast SEO Premium plugin v25.2 (Yoast SEO v25.2) - https:\/\/yoast.com\/wordpress\/plugins\/seo\/ -->\n<title>EcoLIFE Univerz\u00e1lny \u010distiaci prostriedok - ZEOZOE\u00ae<\/title>\n<meta name=\"description\" content=\"EcoLIFE Univerz\u00e1lny pr\u00edrodn\u00fd \u010distiaci prostriedok pon\u00faka \u0161etrn\u00e9, ale efekt\u00edvne \u010distenie va\u0161ej dom\u00e1cnosti bez kompromisov. Tento \u010disti\u010d, navrhnut\u00fd s oh\u013eadom na pr\u00edrodu, nielen\u017ee \u013eahko odstra\u0148uje ne\u010distoty, ale zanech\u00e1va povrchy \u017eiariv\u00e9 a bez \u0161m\u00fah. Jeho zlo\u017eenie je 100% pr\u00edrodn\u00e9, bez obsahu chemick\u00fdch pr\u00edsad, s\u00edranov \u010di \u017eivo\u010d\u00ed\u0161nych deriv\u00e1tov, a je \u00faplne veg\u00e1nsky. V\u00fdrobok je biologicky odb\u00farate\u013en\u00fd, tak\u017ee po pou\u017eit\u00ed nezanech\u00e1va negat\u00edvny vplyv na \u017eivotn\u00e9 prostredie, a jeho balenie je plne recyklovate\u013en\u00e9. Tento \u010distiaci prostriedok je ide\u00e1lny na ka\u017edodenn\u00e9 ekologick\u00e9 upratovanie, \u010di u\u017e ide o podlahy, kuchynsk\u00e9 povrchy, k\u00fape\u013ene alebo in\u00e9 povrchy v dom\u00e1cnosti. V\u010faka tomu, \u017ee neobsahuje \u0161kodliv\u00e9 l\u00e1tky, je vhodn\u00fd aj do dom\u00e1cnost\u00ed s mal\u00fdmi de\u0165mi a dom\u00e1cimi zvieratami, \u010d\u00edm poskytuje bezpe\u010dn\u00e9 prostredie pre cel\u00fa rodinu. Pou\u017eitie: Na um\u00fdvanie podl\u00e1h pou\u017eite jedno vie\u010dko pr\u00edpravku na 5-8 litrov vody. Pri univerz\u00e1lnom \u010disten\u00ed zrie\u010fte produkt pod\u013ea potreby v pomere 1:5 a\u017e 1:10, v z\u00e1vislosti od stup\u0148a zne\u010distenia povrchu. \u010cisti\u010d r\u00fdchlo schne a nezanech\u00e1va \u017eiadne stopy, \u0161muhy ani lepkav\u00fd povlak, pri\u010dom zachov\u00e1va prirodzen\u00fd lesk povrchov.\" \/>\n<meta name=\"robots\" content=\"index, follow, max-snippet:-1, max-image-preview:large, max-video-preview:-1\" \/>\n<link rel=\"canonical\" href=\"https:\/\/www.zeozoe.sk\/en\/product\/ecolife-univerzalny-cistiaci-prostriedok\/\" \/>\n<meta property=\"og:locale\" content=\"en_GB\" \/>\n<meta property=\"og:type\" content=\"article\" \/>\n<meta property=\"og:title\" content=\"EcoLIFE Univerz\u00e1lny \u010distiaci prostriedok\" \/>\n<meta property=\"og:description\" content=\"EcoLIFE Univerz\u00e1lny pr\u00edrodn\u00fd \u010distiaci prostriedok pon\u00faka \u0161etrn\u00e9, ale efekt\u00edvne \u010distenie va\u0161ej dom\u00e1cnosti bez kompromisov. Tento \u010disti\u010d, navrhnut\u00fd s oh\u013eadom na pr\u00edrodu, nielen\u017ee \u013eahko odstra\u0148uje ne\u010distoty, ale zanech\u00e1va povrchy \u017eiariv\u00e9 a bez \u0161m\u00fah. Jeho zlo\u017eenie je 100% pr\u00edrodn\u00e9, bez obsahu chemick\u00fdch pr\u00edsad, s\u00edranov \u010di \u017eivo\u010d\u00ed\u0161nych deriv\u00e1tov, a je \u00faplne veg\u00e1nsky. V\u00fdrobok je biologicky odb\u00farate\u013en\u00fd, tak\u017ee po pou\u017eit\u00ed nezanech\u00e1va negat\u00edvny vplyv na \u017eivotn\u00e9 prostredie, a jeho balenie je plne recyklovate\u013en\u00e9. Tento \u010distiaci prostriedok je ide\u00e1lny na ka\u017edodenn\u00e9 ekologick\u00e9 upratovanie, \u010di u\u017e ide o podlahy, kuchynsk\u00e9 povrchy, k\u00fape\u013ene alebo in\u00e9 povrchy v dom\u00e1cnosti. V\u010faka tomu, \u017ee neobsahuje \u0161kodliv\u00e9 l\u00e1tky, je vhodn\u00fd aj do dom\u00e1cnost\u00ed s mal\u00fdmi de\u0165mi a dom\u00e1cimi zvieratami, \u010d\u00edm poskytuje bezpe\u010dn\u00e9 prostredie pre cel\u00fa rodinu. Pou\u017eitie: Na um\u00fdvanie podl\u00e1h pou\u017eite jedno vie\u010dko pr\u00edpravku na 5-8 litrov vody. Pri univerz\u00e1lnom \u010disten\u00ed zrie\u010fte produkt pod\u013ea potreby v pomere 1:5 a\u017e 1:10, v z\u00e1vislosti od stup\u0148a zne\u010distenia povrchu. \u010cisti\u010d r\u00fdchlo schne a nezanech\u00e1va \u017eiadne stopy, \u0161muhy ani lepkav\u00fd povlak, pri\u010dom zachov\u00e1va prirodzen\u00fd lesk povrchov.\" \/>\n<meta property=\"og:url\" content=\"https:\/\/www.zeozoe.sk\/en\/product\/ecolife-univerzalny-cistiaci-prostriedok\/\" \/>\n<meta property=\"og:site_name\" content=\"ZEOZOE\u00ae\" \/>\n<meta property=\"article:modified_time\" content=\"2025-12-02T02:41:07+00:00\" \/>\n<meta property=\"og:image\" content=\"https:\/\/www.zeozoe.sk\/wp-content\/uploads\/2024\/09\/Produkty-na-web-15.jpg\" \/>\n\t<meta property=\"og:image:width\" content=\"1080\" \/>\n\t<meta property=\"og:image:height\" content=\"1080\" \/>\n\t<meta property=\"og:image:type\" content=\"image\/jpeg\" \/>\n<meta name=\"twitter:card\" content=\"summary_large_image\" \/>\n<meta name=\"twitter:label1\" content=\"Estimated reading time\" \/>\n\t<meta name=\"twitter:data1\" content=\"1 minute\" \/>\n<script type=\"application\/ld+json\" class=\"yoast-schema-graph\">{\"@context\":\"https:\/\/schema.org\",\"@graph\":[{\"@type\":\"WebPage\",\"@id\":\"https:\/\/www.zeozoe.sk\/produkt\/ecolife-univerzalny-cistiaci-prostriedok\/\",\"url\":\"https:\/\/www.zeozoe.sk\/produkt\/ecolife-univerzalny-cistiaci-prostriedok\/\",\"name\":\"EcoLIFE Univerz\u00e1lny \u010distiaci prostriedok - ZEOZOE\u00ae\",\"isPartOf\":{\"@id\":\"https:\/\/www.zeozoe.sk\/#website\"},\"primaryImageOfPage\":{\"@id\":\"https:\/\/www.zeozoe.sk\/produkt\/ecolife-univerzalny-cistiaci-prostriedok\/#primaryimage\"},\"image\":{\"@id\":\"https:\/\/www.zeozoe.sk\/produkt\/ecolife-univerzalny-cistiaci-prostriedok\/#primaryimage\"},\"thumbnailUrl\":\"https:\/\/www.zeozoe.sk\/wp-content\/uploads\/2024\/09\/Produkty-na-web-15.jpg\",\"datePublished\":\"2024-09-30T08:38:28+00:00\",\"dateModified\":\"2025-12-02T02:41:07+00:00\",\"description\":\"EcoLIFE Univerz\u00e1lny pr\u00edrodn\u00fd \u010distiaci prostriedok pon\u00faka \u0161etrn\u00e9, ale efekt\u00edvne \u010distenie va\u0161ej dom\u00e1cnosti bez kompromisov. Tento \u010disti\u010d, navrhnut\u00fd s oh\u013eadom na pr\u00edrodu, nielen\u017ee \u013eahko odstra\u0148uje ne\u010distoty, ale zanech\u00e1va povrchy \u017eiariv\u00e9 a bez \u0161m\u00fah. Jeho zlo\u017eenie je 100% pr\u00edrodn\u00e9, bez obsahu chemick\u00fdch pr\u00edsad, s\u00edranov \u010di \u017eivo\u010d\u00ed\u0161nych deriv\u00e1tov, a je \u00faplne veg\u00e1nsky. V\u00fdrobok je biologicky odb\u00farate\u013en\u00fd, tak\u017ee po pou\u017eit\u00ed nezanech\u00e1va negat\u00edvny vplyv na \u017eivotn\u00e9 prostredie, a jeho balenie je plne recyklovate\u013en\u00e9. Tento \u010distiaci prostriedok je ide\u00e1lny na ka\u017edodenn\u00e9 ekologick\u00e9 upratovanie, \u010di u\u017e ide o podlahy, kuchynsk\u00e9 povrchy, k\u00fape\u013ene alebo in\u00e9 povrchy v dom\u00e1cnosti. V\u010faka tomu, \u017ee neobsahuje \u0161kodliv\u00e9 l\u00e1tky, je vhodn\u00fd aj do dom\u00e1cnost\u00ed s mal\u00fdmi de\u0165mi a dom\u00e1cimi zvieratami, \u010d\u00edm poskytuje bezpe\u010dn\u00e9 prostredie pre cel\u00fa rodinu. Pou\u017eitie: Na um\u00fdvanie podl\u00e1h pou\u017eite jedno vie\u010dko pr\u00edpravku na 5-8 litrov vody. Pri univerz\u00e1lnom \u010disten\u00ed zrie\u010fte produkt pod\u013ea potreby v pomere 1:5 a\u017e 1:10, v z\u00e1vislosti od stup\u0148a zne\u010distenia povrchu. \u010cisti\u010d r\u00fdchlo schne a nezanech\u00e1va \u017eiadne stopy, \u0161muhy ani lepkav\u00fd povlak, pri\u010dom zachov\u00e1va prirodzen\u00fd lesk povrchov.\",\"breadcrumb\":{\"@id\":\"https:\/\/www.zeozoe.sk\/produkt\/ecolife-univerzalny-cistiaci-prostriedok\/#breadcrumb\"},\"inLanguage\":\"en-GB\",\"potentialAction\":[{\"@type\":\"ReadAction\",\"target\":[\"https:\/\/www.zeozoe.sk\/produkt\/ecolife-univerzalny-cistiaci-prostriedok\/\"]}]},{\"@type\":\"ImageObject\",\"inLanguage\":\"en-GB\",\"@id\":\"https:\/\/www.zeozoe.sk\/produkt\/ecolife-univerzalny-cistiaci-prostriedok\/#primaryimage\",\"url\":\"https:\/\/www.zeozoe.sk\/wp-content\/uploads\/2024\/09\/Produkty-na-web-15.jpg\",\"contentUrl\":\"https:\/\/www.zeozoe.sk\/wp-content\/uploads\/2024\/09\/Produkty-na-web-15.jpg\",\"width\":1080,\"height\":1080,\"caption\":\"EcoLIFE Univerz\u00e1lny pr\u00edrodn\u00fd \u010distiaci prostriedok pon\u00faka \u0161etrn\u00e9, ale efekt\u00edvne \u010distenie va\u0161ej dom\u00e1cnosti bez kompromisov.\"},{\"@type\":\"BreadcrumbList\",\"@id\":\"https:\/\/www.zeozoe.sk\/produkt\/ecolife-univerzalny-cistiaci-prostriedok\/#breadcrumb\",\"itemListElement\":[{\"@type\":\"ListItem\",\"position\":1,\"name\":\"Domov\",\"item\":\"https:\/\/www.zeozoe.sk\/\"},{\"@type\":\"ListItem\",\"position\":2,\"name\":\"Obchod\",\"item\":\"https:\/\/www.zeozoe.sk\/obchod\/\"},{\"@type\":\"ListItem\",\"position\":3,\"name\":\"EcoLIFE Univerz\u00e1lny \u010distiaci prostriedok\"}]},{\"@type\":\"WebSite\",\"@id\":\"https:\/\/www.zeozoe.sk\/#website\",\"url\":\"https:\/\/www.zeozoe.sk\/\",\"name\":\"ZEOZOE\u00ae\",\"description\":\"Zubn\u00fd pr\u00e1\u0161ok a tablety na pr\u00edrodnej b\u00e1ze\",\"potentialAction\":[{\"@type\":\"SearchAction\",\"target\":{\"@type\":\"EntryPoint\",\"urlTemplate\":\"https:\/\/www.zeozoe.sk\/?s={search_term_string}\"},\"query-input\":{\"@type\":\"PropertyValueSpecification\",\"valueRequired\":true,\"valueName\":\"search_term_string\"}}],\"inLanguage\":\"en-GB\"}]}<\/script>\n<!-- \/ Yoast SEO Premium plugin. -->","yoast_head_json":{"title":"EcoLIFE Univerz\u00e1lny \u010distiaci prostriedok - ZEOZOE\u00ae","description":"EcoLIFE Univerz\u00e1lny pr\u00edrodn\u00fd \u010distiaci prostriedok pon\u00faka \u0161etrn\u00e9, ale efekt\u00edvne \u010distenie va\u0161ej dom\u00e1cnosti bez kompromisov. Tento \u010disti\u010d, navrhnut\u00fd s oh\u013eadom na pr\u00edrodu, nielen\u017ee \u013eahko odstra\u0148uje ne\u010distoty, ale zanech\u00e1va povrchy \u017eiariv\u00e9 a bez \u0161m\u00fah. Jeho zlo\u017eenie je 100% pr\u00edrodn\u00e9, bez obsahu chemick\u00fdch pr\u00edsad, s\u00edranov \u010di \u017eivo\u010d\u00ed\u0161nych deriv\u00e1tov, a je \u00faplne veg\u00e1nsky. V\u00fdrobok je biologicky odb\u00farate\u013en\u00fd, tak\u017ee po pou\u017eit\u00ed nezanech\u00e1va negat\u00edvny vplyv na \u017eivotn\u00e9 prostredie, a jeho balenie je plne recyklovate\u013en\u00e9. Tento \u010distiaci prostriedok je ide\u00e1lny na ka\u017edodenn\u00e9 ekologick\u00e9 upratovanie, \u010di u\u017e ide o podlahy, kuchynsk\u00e9 povrchy, k\u00fape\u013ene alebo in\u00e9 povrchy v dom\u00e1cnosti. V\u010faka tomu, \u017ee neobsahuje \u0161kodliv\u00e9 l\u00e1tky, je vhodn\u00fd aj do dom\u00e1cnost\u00ed s mal\u00fdmi de\u0165mi a dom\u00e1cimi zvieratami, \u010d\u00edm poskytuje bezpe\u010dn\u00e9 prostredie pre cel\u00fa rodinu. Pou\u017eitie: Na um\u00fdvanie podl\u00e1h pou\u017eite jedno vie\u010dko pr\u00edpravku na 5-8 litrov vody. Pri univerz\u00e1lnom \u010disten\u00ed zrie\u010fte produkt pod\u013ea potreby v pomere 1:5 a\u017e 1:10, v z\u00e1vislosti od stup\u0148a zne\u010distenia povrchu. \u010cisti\u010d r\u00fdchlo schne a nezanech\u00e1va \u017eiadne stopy, \u0161muhy ani lepkav\u00fd povlak, pri\u010dom zachov\u00e1va prirodzen\u00fd lesk povrchov.","robots":{"index":"index","follow":"follow","max-snippet":"max-snippet:-1","max-image-preview":"max-image-preview:large","max-video-preview":"max-video-preview:-1"},"canonical":"https:\/\/www.zeozoe.sk\/en\/product\/ecolife-univerzalny-cistiaci-prostriedok\/","og_locale":"en_GB","og_type":"article","og_title":"EcoLIFE Univerz\u00e1lny \u010distiaci prostriedok","og_description":"EcoLIFE Univerz\u00e1lny pr\u00edrodn\u00fd \u010distiaci prostriedok pon\u00faka \u0161etrn\u00e9, ale efekt\u00edvne \u010distenie va\u0161ej dom\u00e1cnosti bez kompromisov. Tento \u010disti\u010d, navrhnut\u00fd s oh\u013eadom na pr\u00edrodu, nielen\u017ee \u013eahko odstra\u0148uje ne\u010distoty, ale zanech\u00e1va povrchy \u017eiariv\u00e9 a bez \u0161m\u00fah. Jeho zlo\u017eenie je 100% pr\u00edrodn\u00e9, bez obsahu chemick\u00fdch pr\u00edsad, s\u00edranov \u010di \u017eivo\u010d\u00ed\u0161nych deriv\u00e1tov, a je \u00faplne veg\u00e1nsky. V\u00fdrobok je biologicky odb\u00farate\u013en\u00fd, tak\u017ee po pou\u017eit\u00ed nezanech\u00e1va negat\u00edvny vplyv na \u017eivotn\u00e9 prostredie, a jeho balenie je plne recyklovate\u013en\u00e9. Tento \u010distiaci prostriedok je ide\u00e1lny na ka\u017edodenn\u00e9 ekologick\u00e9 upratovanie, \u010di u\u017e ide o podlahy, kuchynsk\u00e9 povrchy, k\u00fape\u013ene alebo in\u00e9 povrchy v dom\u00e1cnosti. V\u010faka tomu, \u017ee neobsahuje \u0161kodliv\u00e9 l\u00e1tky, je vhodn\u00fd aj do dom\u00e1cnost\u00ed s mal\u00fdmi de\u0165mi a dom\u00e1cimi zvieratami, \u010d\u00edm poskytuje bezpe\u010dn\u00e9 prostredie pre cel\u00fa rodinu. Pou\u017eitie: Na um\u00fdvanie podl\u00e1h pou\u017eite jedno vie\u010dko pr\u00edpravku na 5-8 litrov vody. Pri univerz\u00e1lnom \u010disten\u00ed zrie\u010fte produkt pod\u013ea potreby v pomere 1:5 a\u017e 1:10, v z\u00e1vislosti od stup\u0148a zne\u010distenia povrchu. \u010cisti\u010d r\u00fdchlo schne a nezanech\u00e1va \u017eiadne stopy, \u0161muhy ani lepkav\u00fd povlak, pri\u010dom zachov\u00e1va prirodzen\u00fd lesk povrchov.","og_url":"https:\/\/www.zeozoe.sk\/en\/product\/ecolife-univerzalny-cistiaci-prostriedok\/","og_site_name":"ZEOZOE\u00ae","article_modified_time":"2025-12-02T02:41:07+00:00","og_image":[{"width":1080,"height":1080,"url":"https:\/\/www.zeozoe.sk\/wp-content\/uploads\/2024\/09\/Produkty-na-web-15.jpg","type":"image\/jpeg"}],"twitter_card":"summary_large_image","twitter_misc":{"Estimated reading time":"1 minute"},"schema":{"@context":"https:\/\/schema.org","@graph":[{"@type":"WebPage","@id":"https:\/\/www.zeozoe.sk\/produkt\/ecolife-univerzalny-cistiaci-prostriedok\/","url":"https:\/\/www.zeozoe.sk\/produkt\/ecolife-univerzalny-cistiaci-prostriedok\/","name":"EcoLIFE Univerz\u00e1lny \u010distiaci prostriedok - ZEOZOE\u00ae","isPartOf":{"@id":"https:\/\/www.zeozoe.sk\/#website"},"primaryImageOfPage":{"@id":"https:\/\/www.zeozoe.sk\/produkt\/ecolife-univerzalny-cistiaci-prostriedok\/#primaryimage"},"image":{"@id":"https:\/\/www.zeozoe.sk\/produkt\/ecolife-univerzalny-cistiaci-prostriedok\/#primaryimage"},"thumbnailUrl":"https:\/\/www.zeozoe.sk\/wp-content\/uploads\/2024\/09\/Produkty-na-web-15.jpg","datePublished":"2024-09-30T08:38:28+00:00","dateModified":"2025-12-02T02:41:07+00:00","description":"EcoLIFE Univerz\u00e1lny pr\u00edrodn\u00fd \u010distiaci prostriedok pon\u00faka \u0161etrn\u00e9, ale efekt\u00edvne \u010distenie va\u0161ej dom\u00e1cnosti bez kompromisov. Tento \u010disti\u010d, navrhnut\u00fd s oh\u013eadom na pr\u00edrodu, nielen\u017ee \u013eahko odstra\u0148uje ne\u010distoty, ale zanech\u00e1va povrchy \u017eiariv\u00e9 a bez \u0161m\u00fah. Jeho zlo\u017eenie je 100% pr\u00edrodn\u00e9, bez obsahu chemick\u00fdch pr\u00edsad, s\u00edranov \u010di \u017eivo\u010d\u00ed\u0161nych deriv\u00e1tov, a je \u00faplne veg\u00e1nsky. V\u00fdrobok je biologicky odb\u00farate\u013en\u00fd, tak\u017ee po pou\u017eit\u00ed nezanech\u00e1va negat\u00edvny vplyv na \u017eivotn\u00e9 prostredie, a jeho balenie je plne recyklovate\u013en\u00e9. Tento \u010distiaci prostriedok je ide\u00e1lny na ka\u017edodenn\u00e9 ekologick\u00e9 upratovanie, \u010di u\u017e ide o podlahy, kuchynsk\u00e9 povrchy, k\u00fape\u013ene alebo in\u00e9 povrchy v dom\u00e1cnosti. V\u010faka tomu, \u017ee neobsahuje \u0161kodliv\u00e9 l\u00e1tky, je vhodn\u00fd aj do dom\u00e1cnost\u00ed s mal\u00fdmi de\u0165mi a dom\u00e1cimi zvieratami, \u010d\u00edm poskytuje bezpe\u010dn\u00e9 prostredie pre cel\u00fa rodinu. Pou\u017eitie: Na um\u00fdvanie podl\u00e1h pou\u017eite jedno vie\u010dko pr\u00edpravku na 5-8 litrov vody. Pri univerz\u00e1lnom \u010disten\u00ed zrie\u010fte produkt pod\u013ea potreby v pomere 1:5 a\u017e 1:10, v z\u00e1vislosti od stup\u0148a zne\u010distenia povrchu. \u010cisti\u010d r\u00fdchlo schne a nezanech\u00e1va \u017eiadne stopy, \u0161muhy ani lepkav\u00fd povlak, pri\u010dom zachov\u00e1va prirodzen\u00fd lesk povrchov.","breadcrumb":{"@id":"https:\/\/www.zeozoe.sk\/produkt\/ecolife-univerzalny-cistiaci-prostriedok\/#breadcrumb"},"inLanguage":"en-GB","potentialAction":[{"@type":"ReadAction","target":["https:\/\/www.zeozoe.sk\/produkt\/ecolife-univerzalny-cistiaci-prostriedok\/"]}]},{"@type":"ImageObject","inLanguage":"en-GB","@id":"https:\/\/www.zeozoe.sk\/produkt\/ecolife-univerzalny-cistiaci-prostriedok\/#primaryimage","url":"https:\/\/www.zeozoe.sk\/wp-content\/uploads\/2024\/09\/Produkty-na-web-15.jpg","contentUrl":"https:\/\/www.zeozoe.sk\/wp-content\/uploads\/2024\/09\/Produkty-na-web-15.jpg","width":1080,"height":1080,"caption":"EcoLIFE Univerz\u00e1lny pr\u00edrodn\u00fd \u010distiaci prostriedok pon\u00faka \u0161etrn\u00e9, ale efekt\u00edvne \u010distenie va\u0161ej dom\u00e1cnosti bez kompromisov."},{"@type":"BreadcrumbList","@id":"https:\/\/www.zeozoe.sk\/produkt\/ecolife-univerzalny-cistiaci-prostriedok\/#breadcrumb","itemListElement":[{"@type":"ListItem","position":1,"name":"Domov","item":"https:\/\/www.zeozoe.sk\/"},{"@type":"ListItem","position":2,"name":"Obchod","item":"https:\/\/www.zeozoe.sk\/obchod\/"},{"@type":"ListItem","position":3,"name":"EcoLIFE Univerz\u00e1lny \u010distiaci prostriedok"}]},{"@type":"WebSite","@id":"https:\/\/www.zeozoe.sk\/#website","url":"https:\/\/www.zeozoe.sk\/","name":"ZEOZOE\u00ae","description":"Zubn\u00fd pr\u00e1\u0161ok a tablety na pr\u00edrodnej b\u00e1ze","potentialAction":[{"@type":"SearchAction","target":{"@type":"EntryPoint","urlTemplate":"https:\/\/www.zeozoe.sk\/?s={search_term_string}"},"query-input":{"@type":"PropertyValueSpecification","valueRequired":true,"valueName":"search_term_string"}}],"inLanguage":"en-GB"}]}},"_links":{"self":[{"href":"https:\/\/www.zeozoe.sk\/en\/wp-json\/wp\/v2\/product\/1165","targetHints":{"allow":["GET"]}}],"collection":[{"href":"https:\/\/www.zeozoe.sk\/en\/wp-json\/wp\/v2\/product"}],"about":[{"href":"https:\/\/www.zeozoe.sk\/en\/wp-json\/wp\/v2\/types\/product"}],"replies":[{"embeddable":true,"href":"https:\/\/www.zeozoe.sk\/en\/wp-json\/wp\/v2\/comments?post=1165"}],"wp:featuredmedia":[{"embeddable":true,"href":"https:\/\/www.zeozoe.sk\/en\/wp-json\/wp\/v2\/media\/11192"}],"wp:attachment":[{"href":"https:\/\/www.zeozoe.sk\/en\/wp-json\/wp\/v2\/media?parent=1165"}],"wp:term":[{"taxonomy":"product_brand","embeddable":true,"href":"https:\/\/www.zeozoe.sk\/en\/wp-json\/wp\/v2\/product_brand?post=1165"},{"taxonomy":"product_cat","embeddable":true,"href":"https:\/\/www.zeozoe.sk\/en\/wp-json\/wp\/v2\/product_cat?post=1165"},{"taxonomy":"product_tag","embeddable":true,"href":"https:\/\/www.zeozoe.sk\/en\/wp-json\/wp\/v2\/product_tag?post=1165"}],"curies":[{"name":"wp","href":"https:\/\/api.w.org\/{rel}","templated":true}]}}