{"id":1166,"date":"2024-09-30T11:30:34","date_gmt":"2024-09-30T09:30:34","guid":{"rendered":"https:\/\/www.zeozoe.sk\/?post_type=product&#038;p=1166"},"modified":"2026-04-22T12:35:16","modified_gmt":"2026-04-22T10:35:16","slug":"ecolife-praci-prostriedok-a-avivaz","status":"publish","type":"product","link":"https:\/\/www.zeozoe.sk\/en\/product\/ecolife-praci-prostriedok-a-avivaz\/","title":{"rendered":"EcoLIFE Prac\u00ed prostriedok a aviv\u00e1\u017e"},"content":{"rendered":"<h3>EcoLIFE Prac\u00ed prostriedok a aviv\u00e1\u017e<\/h3>\n<p><strong>EcoLIFE Pr\u00edrodn\u00fd prac\u00ed g\u00e9l a aviv\u00e1\u017e je univerz\u00e1lny 2 v 1 produkt ur\u010den\u00fd na bielu a farebn\u00fa bielize\u0148.<\/strong><\/p>\n<p>EcoLIFE Pr\u00edrodn\u00fd prac\u00ed g\u00e9l a aviv\u00e1\u017e 2 v 1 je ide\u00e1lny pre ekologick\u00e9 pranie bielej aj farebnej bielizne. Tento pr\u00edrodn\u00fd \u010distiaci prostriedok nielen \u010dist\u00ed, ale z\u00e1rove\u0148 zjem\u0148uje va\u0161u bielize\u0148 bez potreby pou\u017eitia aviv\u00e1\u017ee, v\u010faka svojmu 100% pr\u00edrodn\u00e9mu zlo\u017eeniu. Vhodn\u00fd do v\u0161etk\u00fdch typov pr\u00e1\u010dok a efekt\u00edvny pri n\u00edzkych teplot\u00e1ch (sta\u010d\u00ed 30-40 \u00b0C), prostriedok u\u017e po nieko\u013ek\u00fdch praniach \u00fa\u010dinne eliminuje sivos\u0165 a dod\u00e1va bielizni svie\u017ei vzh\u013ead. Je jemn\u00fd k poko\u017eke a \u0161etrn\u00fd k \u017eivotn\u00e9mu prostrediu, preto\u017ee neobsahuje syntetick\u00e9 l\u00e1tky ani \u017eivo\u010d\u00ed\u0161ne deriv\u00e1ty, a pri jeho v\u00fdvoji neboli vykonan\u00e9 testy na zvierat\u00e1ch.<\/p>\n<p>Hlavn\u00e9 v\u00fdhody EcoLIFE:<\/p>\n<p>Nepotrebujete aviv\u00e1\u017e, bielize\u0148 ost\u00e1va m\u00e4kk\u00e1.<br \/>\nZabra\u0148uje za\u0161ednutiu bielizne a obnovuje jej farbu.<br \/>\n100% ekologick\u00fd, vhodn\u00fd pre farebn\u00fa aj bielu bielize\u0148.<br \/>\nNeobsahuje \u0161kodliv\u00e9 l\u00e1tky, syntetick\u00e9 deriv\u00e1ty ani \u017eivo\u010d\u00ed\u0161ne zlo\u017eky.<br \/>\n\u0160etrn\u00fd k v\u00e1\u0161mu organizmu aj pr\u00edrode.<br \/>\nOdpor\u00fa\u010dan\u00e9 d\u00e1vkovanie:<\/p>\n<p>Pri menej \u0161pinavej bielizni (3-4 kg) pou\u017eite 2 vie\u010dka prostriedku.<br \/>\nPri v\u00e4\u010d\u0161\u00edch d\u00e1vkach (5-7 kg) aplikujte 3 vie\u010dka.<br \/>\nPri ve\u013emi \u0161pinavej bielizni pou\u017eite 4-5 vie\u010dok.<br \/>\nNa \u0161kvrny naneste g\u00e9l priamo a nechajte p\u00f4sobi\u0165 pred pran\u00edm.<br \/>\nZlo\u017eenie: obsahuje &lt;15% Potassium Cocoate, &lt;2,5% Lauryl glucoside, &lt;0,005% benzaldehyd.<br \/>\nBezpe\u010dnostn\u00e9 upozornenia: M\u00f4\u017ee sp\u00f4sobi\u0165 v\u00e1\u017ene podr\u00e1\u017edenie o\u010d\u00ed. Pri zasiahnut\u00ed o\u010d\u00ed d\u00f4kladne vypl\u00e1chnite vodou a v pr\u00edpade potreby vyh\u013eadajte lek\u00e1ra. Uchov\u00e1vajte mimo dosahu det\u00ed.<\/p>","protected":false},"excerpt":{"rendered":"<p class=\"ai-optimize-31\"><strong>EcoLIFE Prac\u00ed prostriedok a aviv\u00e1\u017e &#8211; univerz\u00e1lny pr\u00edrodn\u00fd \u010distiaci prostriedok je ide\u00e1lny na pranie bieleho aj farebn\u00e9ho pr\u00e1dla.<\/strong><\/p>\n<p class=\"ai-optimize-32\">&#8211; Vhodn\u00fd na pranie farebnej aj bielej bielizne.<br \/>\n&#8211; Aviv\u00e1\u017e nepotrebujete!<br \/>\n&#8211; Bez s\u00edranov.<br \/>\n&#8211; Bez \u0161kodliv\u00fdch l\u00e1tok.<br \/>\n&#8211; Eliminuje sivos\u0165.<br \/>\n&#8211; Veg\u00e1nsky.<br \/>\n&#8211; V recyklovate\u013en\u00fdch f\u013ea\u0161iach.<br \/>\n&#8211; Biologicky odb\u00farate\u013en\u00fd.<br \/>\n&#8211; Ingrediencie rastlinn\u00e9ho p\u00f4vodu.<br \/>\n&#8211; Bez farb\u00edv, konzervantov a fosf\u00e1tov<br \/>\n&#8211; Vhodn\u00fd aj pre EKO \u010distiarne odpadov\u00fdch v\u00f4d.<strong>1 balenie = 1l<\/strong><\/p>","protected":false},"featured_media":11190,"comment_status":"open","ping_status":"closed","template":"","meta":[],"product_brand":[],"product_cat":[54,32],"product_tag":[],"class_list":{"0":"post-1166","1":"product","2":"type-product","3":"status-publish","4":"has-post-thumbnail","6":"product_cat-vsetko","7":"product_cat-domacnost","9":"first","10":"instock","11":"taxable","12":"shipping-taxable","13":"purchasable","14":"product-type-simple"},"yoast_head":"<!-- This site is optimized with the Yoast SEO Premium plugin v25.2 (Yoast SEO v25.2) - https:\/\/yoast.com\/wordpress\/plugins\/seo\/ -->\n<title>EcoLIFE Prac\u00ed prostriedok a aviv\u00e1\u017e - ZEOZOE\u00ae<\/title>\n<meta name=\"description\" content=\"EcoLIFE Univerz\u00e1lny pr\u00edrodn\u00fd \u010distiaci prostriedok pon\u00faka \u0161etrn\u00e9, ale efekt\u00edvne \u010distenie va\u0161ej dom\u00e1cnosti bez kompromisov. Tento \u010disti\u010d, navrhnut\u00fd s oh\u013eadom na pr\u00edrodu, nielen\u017ee \u013eahko odstra\u0148uje ne\u010distoty, ale zanech\u00e1va povrchy \u017eiariv\u00e9 a bez \u0161m\u00fah. Jeho zlo\u017eenie je 100% pr\u00edrodn\u00e9, bez obsahu chemick\u00fdch pr\u00edsad, s\u00edranov \u010di \u017eivo\u010d\u00ed\u0161nych deriv\u00e1tov, a je \u00faplne veg\u00e1nsky. V\u00fdrobok je biologicky odb\u00farate\u013en\u00fd, tak\u017ee po pou\u017eit\u00ed nezanech\u00e1va negat\u00edvny vplyv na \u017eivotn\u00e9 prostredie, a jeho balenie je plne recyklovate\u013en\u00e9. Tento \u010distiaci prostriedok je ide\u00e1lny na ka\u017edodenn\u00e9 ekologick\u00e9 upratovanie, \u010di u\u017e ide o podlahy, kuchynsk\u00e9 povrchy, k\u00fape\u013ene alebo in\u00e9 povrchy v dom\u00e1cnosti. V\u010faka tomu, \u017ee neobsahuje \u0161kodliv\u00e9 l\u00e1tky, je vhodn\u00fd aj do dom\u00e1cnost\u00ed s mal\u00fdmi de\u0165mi a dom\u00e1cimi zvieratami, \u010d\u00edm poskytuje bezpe\u010dn\u00e9 prostredie pre cel\u00fa rodinu. Pou\u017eitie: Na um\u00fdvanie podl\u00e1h pou\u017eite jedno vie\u010dko pr\u00edpravku na 5-8 litrov vody. Pri univerz\u00e1lnom \u010disten\u00ed zrie\u010fte produkt pod\u013ea potreby v pomere 1:5 a\u017e 1:10, v z\u00e1vislosti od stup\u0148a zne\u010distenia povrchu. \u010cisti\u010d r\u00fdchlo schne a nezanech\u00e1va \u017eiadne stopy, \u0161muhy ani lepkav\u00fd povlak, pri\u010dom zachov\u00e1va prirodzen\u00fd lesk povrchov.\" \/>\n<meta name=\"robots\" content=\"index, follow, max-snippet:-1, max-image-preview:large, max-video-preview:-1\" \/>\n<link rel=\"canonical\" href=\"https:\/\/www.zeozoe.sk\/en\/product\/ecolife-praci-prostriedok-a-avivaz\/\" \/>\n<meta property=\"og:locale\" content=\"en_GB\" \/>\n<meta property=\"og:type\" content=\"article\" \/>\n<meta property=\"og:title\" content=\"EcoLIFE Prac\u00ed prostriedok a aviv\u00e1\u017e\" \/>\n<meta property=\"og:description\" content=\"EcoLIFE Univerz\u00e1lny pr\u00edrodn\u00fd \u010distiaci prostriedok pon\u00faka \u0161etrn\u00e9, ale efekt\u00edvne \u010distenie va\u0161ej dom\u00e1cnosti bez kompromisov. Tento \u010disti\u010d, navrhnut\u00fd s oh\u013eadom na pr\u00edrodu, nielen\u017ee \u013eahko odstra\u0148uje ne\u010distoty, ale zanech\u00e1va povrchy \u017eiariv\u00e9 a bez \u0161m\u00fah. Jeho zlo\u017eenie je 100% pr\u00edrodn\u00e9, bez obsahu chemick\u00fdch pr\u00edsad, s\u00edranov \u010di \u017eivo\u010d\u00ed\u0161nych deriv\u00e1tov, a je \u00faplne veg\u00e1nsky. V\u00fdrobok je biologicky odb\u00farate\u013en\u00fd, tak\u017ee po pou\u017eit\u00ed nezanech\u00e1va negat\u00edvny vplyv na \u017eivotn\u00e9 prostredie, a jeho balenie je plne recyklovate\u013en\u00e9. Tento \u010distiaci prostriedok je ide\u00e1lny na ka\u017edodenn\u00e9 ekologick\u00e9 upratovanie, \u010di u\u017e ide o podlahy, kuchynsk\u00e9 povrchy, k\u00fape\u013ene alebo in\u00e9 povrchy v dom\u00e1cnosti. V\u010faka tomu, \u017ee neobsahuje \u0161kodliv\u00e9 l\u00e1tky, je vhodn\u00fd aj do dom\u00e1cnost\u00ed s mal\u00fdmi de\u0165mi a dom\u00e1cimi zvieratami, \u010d\u00edm poskytuje bezpe\u010dn\u00e9 prostredie pre cel\u00fa rodinu. Pou\u017eitie: Na um\u00fdvanie podl\u00e1h pou\u017eite jedno vie\u010dko pr\u00edpravku na 5-8 litrov vody. Pri univerz\u00e1lnom \u010disten\u00ed zrie\u010fte produkt pod\u013ea potreby v pomere 1:5 a\u017e 1:10, v z\u00e1vislosti od stup\u0148a zne\u010distenia povrchu. \u010cisti\u010d r\u00fdchlo schne a nezanech\u00e1va \u017eiadne stopy, \u0161muhy ani lepkav\u00fd povlak, pri\u010dom zachov\u00e1va prirodzen\u00fd lesk povrchov.\" \/>\n<meta property=\"og:url\" content=\"https:\/\/www.zeozoe.sk\/en\/product\/ecolife-praci-prostriedok-a-avivaz\/\" \/>\n<meta property=\"og:site_name\" content=\"ZEOZOE\u00ae\" \/>\n<meta property=\"article:modified_time\" content=\"2026-04-22T10:35:16+00:00\" \/>\n<meta property=\"og:image\" content=\"https:\/\/www.zeozoe.sk\/wp-content\/uploads\/2024\/09\/Produkty-na-web-14.jpg\" \/>\n\t<meta property=\"og:image:width\" content=\"1080\" \/>\n\t<meta property=\"og:image:height\" content=\"1080\" \/>\n\t<meta property=\"og:image:type\" content=\"image\/jpeg\" \/>\n<meta name=\"twitter:card\" content=\"summary_large_image\" \/>\n<meta name=\"twitter:label1\" content=\"Estimated reading time\" \/>\n\t<meta name=\"twitter:data1\" content=\"2 minutes\" \/>\n<script type=\"application\/ld+json\" class=\"yoast-schema-graph\">{\"@context\":\"https:\/\/schema.org\",\"@graph\":[{\"@type\":\"WebPage\",\"@id\":\"https:\/\/www.zeozoe.sk\/produkt\/ecolife-praci-prostriedok-a-avivaz\/\",\"url\":\"https:\/\/www.zeozoe.sk\/produkt\/ecolife-praci-prostriedok-a-avivaz\/\",\"name\":\"EcoLIFE Prac\u00ed prostriedok a aviv\u00e1\u017e - ZEOZOE\u00ae\",\"isPartOf\":{\"@id\":\"https:\/\/www.zeozoe.sk\/#website\"},\"primaryImageOfPage\":{\"@id\":\"https:\/\/www.zeozoe.sk\/produkt\/ecolife-praci-prostriedok-a-avivaz\/#primaryimage\"},\"image\":{\"@id\":\"https:\/\/www.zeozoe.sk\/produkt\/ecolife-praci-prostriedok-a-avivaz\/#primaryimage\"},\"thumbnailUrl\":\"https:\/\/www.zeozoe.sk\/wp-content\/uploads\/2024\/09\/Produkty-na-web-14.jpg\",\"datePublished\":\"2024-09-30T09:30:34+00:00\",\"dateModified\":\"2026-04-22T10:35:16+00:00\",\"description\":\"EcoLIFE Univerz\u00e1lny pr\u00edrodn\u00fd \u010distiaci prostriedok pon\u00faka \u0161etrn\u00e9, ale efekt\u00edvne \u010distenie va\u0161ej dom\u00e1cnosti bez kompromisov. Tento \u010disti\u010d, navrhnut\u00fd s oh\u013eadom na pr\u00edrodu, nielen\u017ee \u013eahko odstra\u0148uje ne\u010distoty, ale zanech\u00e1va povrchy \u017eiariv\u00e9 a bez \u0161m\u00fah. Jeho zlo\u017eenie je 100% pr\u00edrodn\u00e9, bez obsahu chemick\u00fdch pr\u00edsad, s\u00edranov \u010di \u017eivo\u010d\u00ed\u0161nych deriv\u00e1tov, a je \u00faplne veg\u00e1nsky. V\u00fdrobok je biologicky odb\u00farate\u013en\u00fd, tak\u017ee po pou\u017eit\u00ed nezanech\u00e1va negat\u00edvny vplyv na \u017eivotn\u00e9 prostredie, a jeho balenie je plne recyklovate\u013en\u00e9. Tento \u010distiaci prostriedok je ide\u00e1lny na ka\u017edodenn\u00e9 ekologick\u00e9 upratovanie, \u010di u\u017e ide o podlahy, kuchynsk\u00e9 povrchy, k\u00fape\u013ene alebo in\u00e9 povrchy v dom\u00e1cnosti. V\u010faka tomu, \u017ee neobsahuje \u0161kodliv\u00e9 l\u00e1tky, je vhodn\u00fd aj do dom\u00e1cnost\u00ed s mal\u00fdmi de\u0165mi a dom\u00e1cimi zvieratami, \u010d\u00edm poskytuje bezpe\u010dn\u00e9 prostredie pre cel\u00fa rodinu. Pou\u017eitie: Na um\u00fdvanie podl\u00e1h pou\u017eite jedno vie\u010dko pr\u00edpravku na 5-8 litrov vody. Pri univerz\u00e1lnom \u010disten\u00ed zrie\u010fte produkt pod\u013ea potreby v pomere 1:5 a\u017e 1:10, v z\u00e1vislosti od stup\u0148a zne\u010distenia povrchu. \u010cisti\u010d r\u00fdchlo schne a nezanech\u00e1va \u017eiadne stopy, \u0161muhy ani lepkav\u00fd povlak, pri\u010dom zachov\u00e1va prirodzen\u00fd lesk povrchov.\",\"breadcrumb\":{\"@id\":\"https:\/\/www.zeozoe.sk\/produkt\/ecolife-praci-prostriedok-a-avivaz\/#breadcrumb\"},\"inLanguage\":\"en-GB\",\"potentialAction\":[{\"@type\":\"ReadAction\",\"target\":[\"https:\/\/www.zeozoe.sk\/produkt\/ecolife-praci-prostriedok-a-avivaz\/\"]}]},{\"@type\":\"ImageObject\",\"inLanguage\":\"en-GB\",\"@id\":\"https:\/\/www.zeozoe.sk\/produkt\/ecolife-praci-prostriedok-a-avivaz\/#primaryimage\",\"url\":\"https:\/\/www.zeozoe.sk\/wp-content\/uploads\/2024\/09\/Produkty-na-web-14.jpg\",\"contentUrl\":\"https:\/\/www.zeozoe.sk\/wp-content\/uploads\/2024\/09\/Produkty-na-web-14.jpg\",\"width\":1080,\"height\":1080,\"caption\":\"ECOlife, prac\u00ed prostriedok a aviv\u00e1\u017e v jednom\"},{\"@type\":\"BreadcrumbList\",\"@id\":\"https:\/\/www.zeozoe.sk\/produkt\/ecolife-praci-prostriedok-a-avivaz\/#breadcrumb\",\"itemListElement\":[{\"@type\":\"ListItem\",\"position\":1,\"name\":\"Domov\",\"item\":\"https:\/\/www.zeozoe.sk\/\"},{\"@type\":\"ListItem\",\"position\":2,\"name\":\"Obchod\",\"item\":\"https:\/\/www.zeozoe.sk\/obchod\/\"},{\"@type\":\"ListItem\",\"position\":3,\"name\":\"EcoLIFE Prac\u00ed prostriedok a aviv\u00e1\u017e\"}]},{\"@type\":\"WebSite\",\"@id\":\"https:\/\/www.zeozoe.sk\/#website\",\"url\":\"https:\/\/www.zeozoe.sk\/\",\"name\":\"ZEOZOE\u00ae\",\"description\":\"Zubn\u00fd pr\u00e1\u0161ok a tablety na pr\u00edrodnej b\u00e1ze\",\"potentialAction\":[{\"@type\":\"SearchAction\",\"target\":{\"@type\":\"EntryPoint\",\"urlTemplate\":\"https:\/\/www.zeozoe.sk\/?s={search_term_string}\"},\"query-input\":{\"@type\":\"PropertyValueSpecification\",\"valueRequired\":true,\"valueName\":\"search_term_string\"}}],\"inLanguage\":\"en-GB\"}]}<\/script>\n<!-- \/ Yoast SEO Premium plugin. -->","yoast_head_json":{"title":"EcoLIFE Prac\u00ed prostriedok a aviv\u00e1\u017e - ZEOZOE\u00ae","description":"EcoLIFE Univerz\u00e1lny pr\u00edrodn\u00fd \u010distiaci prostriedok pon\u00faka \u0161etrn\u00e9, ale efekt\u00edvne \u010distenie va\u0161ej dom\u00e1cnosti bez kompromisov. Tento \u010disti\u010d, navrhnut\u00fd s oh\u013eadom na pr\u00edrodu, nielen\u017ee \u013eahko odstra\u0148uje ne\u010distoty, ale zanech\u00e1va povrchy \u017eiariv\u00e9 a bez \u0161m\u00fah. Jeho zlo\u017eenie je 100% pr\u00edrodn\u00e9, bez obsahu chemick\u00fdch pr\u00edsad, s\u00edranov \u010di \u017eivo\u010d\u00ed\u0161nych deriv\u00e1tov, a je \u00faplne veg\u00e1nsky. V\u00fdrobok je biologicky odb\u00farate\u013en\u00fd, tak\u017ee po pou\u017eit\u00ed nezanech\u00e1va negat\u00edvny vplyv na \u017eivotn\u00e9 prostredie, a jeho balenie je plne recyklovate\u013en\u00e9. Tento \u010distiaci prostriedok je ide\u00e1lny na ka\u017edodenn\u00e9 ekologick\u00e9 upratovanie, \u010di u\u017e ide o podlahy, kuchynsk\u00e9 povrchy, k\u00fape\u013ene alebo in\u00e9 povrchy v dom\u00e1cnosti. V\u010faka tomu, \u017ee neobsahuje \u0161kodliv\u00e9 l\u00e1tky, je vhodn\u00fd aj do dom\u00e1cnost\u00ed s mal\u00fdmi de\u0165mi a dom\u00e1cimi zvieratami, \u010d\u00edm poskytuje bezpe\u010dn\u00e9 prostredie pre cel\u00fa rodinu. Pou\u017eitie: Na um\u00fdvanie podl\u00e1h pou\u017eite jedno vie\u010dko pr\u00edpravku na 5-8 litrov vody. Pri univerz\u00e1lnom \u010disten\u00ed zrie\u010fte produkt pod\u013ea potreby v pomere 1:5 a\u017e 1:10, v z\u00e1vislosti od stup\u0148a zne\u010distenia povrchu. \u010cisti\u010d r\u00fdchlo schne a nezanech\u00e1va \u017eiadne stopy, \u0161muhy ani lepkav\u00fd povlak, pri\u010dom zachov\u00e1va prirodzen\u00fd lesk povrchov.","robots":{"index":"index","follow":"follow","max-snippet":"max-snippet:-1","max-image-preview":"max-image-preview:large","max-video-preview":"max-video-preview:-1"},"canonical":"https:\/\/www.zeozoe.sk\/en\/product\/ecolife-praci-prostriedok-a-avivaz\/","og_locale":"en_GB","og_type":"article","og_title":"EcoLIFE Prac\u00ed prostriedok a aviv\u00e1\u017e","og_description":"EcoLIFE Univerz\u00e1lny pr\u00edrodn\u00fd \u010distiaci prostriedok pon\u00faka \u0161etrn\u00e9, ale efekt\u00edvne \u010distenie va\u0161ej dom\u00e1cnosti bez kompromisov. Tento \u010disti\u010d, navrhnut\u00fd s oh\u013eadom na pr\u00edrodu, nielen\u017ee \u013eahko odstra\u0148uje ne\u010distoty, ale zanech\u00e1va povrchy \u017eiariv\u00e9 a bez \u0161m\u00fah. Jeho zlo\u017eenie je 100% pr\u00edrodn\u00e9, bez obsahu chemick\u00fdch pr\u00edsad, s\u00edranov \u010di \u017eivo\u010d\u00ed\u0161nych deriv\u00e1tov, a je \u00faplne veg\u00e1nsky. V\u00fdrobok je biologicky odb\u00farate\u013en\u00fd, tak\u017ee po pou\u017eit\u00ed nezanech\u00e1va negat\u00edvny vplyv na \u017eivotn\u00e9 prostredie, a jeho balenie je plne recyklovate\u013en\u00e9. Tento \u010distiaci prostriedok je ide\u00e1lny na ka\u017edodenn\u00e9 ekologick\u00e9 upratovanie, \u010di u\u017e ide o podlahy, kuchynsk\u00e9 povrchy, k\u00fape\u013ene alebo in\u00e9 povrchy v dom\u00e1cnosti. V\u010faka tomu, \u017ee neobsahuje \u0161kodliv\u00e9 l\u00e1tky, je vhodn\u00fd aj do dom\u00e1cnost\u00ed s mal\u00fdmi de\u0165mi a dom\u00e1cimi zvieratami, \u010d\u00edm poskytuje bezpe\u010dn\u00e9 prostredie pre cel\u00fa rodinu. Pou\u017eitie: Na um\u00fdvanie podl\u00e1h pou\u017eite jedno vie\u010dko pr\u00edpravku na 5-8 litrov vody. Pri univerz\u00e1lnom \u010disten\u00ed zrie\u010fte produkt pod\u013ea potreby v pomere 1:5 a\u017e 1:10, v z\u00e1vislosti od stup\u0148a zne\u010distenia povrchu. \u010cisti\u010d r\u00fdchlo schne a nezanech\u00e1va \u017eiadne stopy, \u0161muhy ani lepkav\u00fd povlak, pri\u010dom zachov\u00e1va prirodzen\u00fd lesk povrchov.","og_url":"https:\/\/www.zeozoe.sk\/en\/product\/ecolife-praci-prostriedok-a-avivaz\/","og_site_name":"ZEOZOE\u00ae","article_modified_time":"2026-04-22T10:35:16+00:00","og_image":[{"width":1080,"height":1080,"url":"https:\/\/www.zeozoe.sk\/wp-content\/uploads\/2024\/09\/Produkty-na-web-14.jpg","type":"image\/jpeg"}],"twitter_card":"summary_large_image","twitter_misc":{"Estimated reading time":"2 minutes"},"schema":{"@context":"https:\/\/schema.org","@graph":[{"@type":"WebPage","@id":"https:\/\/www.zeozoe.sk\/produkt\/ecolife-praci-prostriedok-a-avivaz\/","url":"https:\/\/www.zeozoe.sk\/produkt\/ecolife-praci-prostriedok-a-avivaz\/","name":"EcoLIFE Prac\u00ed prostriedok a aviv\u00e1\u017e - ZEOZOE\u00ae","isPartOf":{"@id":"https:\/\/www.zeozoe.sk\/#website"},"primaryImageOfPage":{"@id":"https:\/\/www.zeozoe.sk\/produkt\/ecolife-praci-prostriedok-a-avivaz\/#primaryimage"},"image":{"@id":"https:\/\/www.zeozoe.sk\/produkt\/ecolife-praci-prostriedok-a-avivaz\/#primaryimage"},"thumbnailUrl":"https:\/\/www.zeozoe.sk\/wp-content\/uploads\/2024\/09\/Produkty-na-web-14.jpg","datePublished":"2024-09-30T09:30:34+00:00","dateModified":"2026-04-22T10:35:16+00:00","description":"EcoLIFE Univerz\u00e1lny pr\u00edrodn\u00fd \u010distiaci prostriedok pon\u00faka \u0161etrn\u00e9, ale efekt\u00edvne \u010distenie va\u0161ej dom\u00e1cnosti bez kompromisov. Tento \u010disti\u010d, navrhnut\u00fd s oh\u013eadom na pr\u00edrodu, nielen\u017ee \u013eahko odstra\u0148uje ne\u010distoty, ale zanech\u00e1va povrchy \u017eiariv\u00e9 a bez \u0161m\u00fah. Jeho zlo\u017eenie je 100% pr\u00edrodn\u00e9, bez obsahu chemick\u00fdch pr\u00edsad, s\u00edranov \u010di \u017eivo\u010d\u00ed\u0161nych deriv\u00e1tov, a je \u00faplne veg\u00e1nsky. V\u00fdrobok je biologicky odb\u00farate\u013en\u00fd, tak\u017ee po pou\u017eit\u00ed nezanech\u00e1va negat\u00edvny vplyv na \u017eivotn\u00e9 prostredie, a jeho balenie je plne recyklovate\u013en\u00e9. Tento \u010distiaci prostriedok je ide\u00e1lny na ka\u017edodenn\u00e9 ekologick\u00e9 upratovanie, \u010di u\u017e ide o podlahy, kuchynsk\u00e9 povrchy, k\u00fape\u013ene alebo in\u00e9 povrchy v dom\u00e1cnosti. V\u010faka tomu, \u017ee neobsahuje \u0161kodliv\u00e9 l\u00e1tky, je vhodn\u00fd aj do dom\u00e1cnost\u00ed s mal\u00fdmi de\u0165mi a dom\u00e1cimi zvieratami, \u010d\u00edm poskytuje bezpe\u010dn\u00e9 prostredie pre cel\u00fa rodinu. Pou\u017eitie: Na um\u00fdvanie podl\u00e1h pou\u017eite jedno vie\u010dko pr\u00edpravku na 5-8 litrov vody. Pri univerz\u00e1lnom \u010disten\u00ed zrie\u010fte produkt pod\u013ea potreby v pomere 1:5 a\u017e 1:10, v z\u00e1vislosti od stup\u0148a zne\u010distenia povrchu. \u010cisti\u010d r\u00fdchlo schne a nezanech\u00e1va \u017eiadne stopy, \u0161muhy ani lepkav\u00fd povlak, pri\u010dom zachov\u00e1va prirodzen\u00fd lesk povrchov.","breadcrumb":{"@id":"https:\/\/www.zeozoe.sk\/produkt\/ecolife-praci-prostriedok-a-avivaz\/#breadcrumb"},"inLanguage":"en-GB","potentialAction":[{"@type":"ReadAction","target":["https:\/\/www.zeozoe.sk\/produkt\/ecolife-praci-prostriedok-a-avivaz\/"]}]},{"@type":"ImageObject","inLanguage":"en-GB","@id":"https:\/\/www.zeozoe.sk\/produkt\/ecolife-praci-prostriedok-a-avivaz\/#primaryimage","url":"https:\/\/www.zeozoe.sk\/wp-content\/uploads\/2024\/09\/Produkty-na-web-14.jpg","contentUrl":"https:\/\/www.zeozoe.sk\/wp-content\/uploads\/2024\/09\/Produkty-na-web-14.jpg","width":1080,"height":1080,"caption":"ECOlife, prac\u00ed prostriedok a aviv\u00e1\u017e v jednom"},{"@type":"BreadcrumbList","@id":"https:\/\/www.zeozoe.sk\/produkt\/ecolife-praci-prostriedok-a-avivaz\/#breadcrumb","itemListElement":[{"@type":"ListItem","position":1,"name":"Domov","item":"https:\/\/www.zeozoe.sk\/"},{"@type":"ListItem","position":2,"name":"Obchod","item":"https:\/\/www.zeozoe.sk\/obchod\/"},{"@type":"ListItem","position":3,"name":"EcoLIFE Prac\u00ed prostriedok a aviv\u00e1\u017e"}]},{"@type":"WebSite","@id":"https:\/\/www.zeozoe.sk\/#website","url":"https:\/\/www.zeozoe.sk\/","name":"ZEOZOE\u00ae","description":"Zubn\u00fd pr\u00e1\u0161ok a tablety na pr\u00edrodnej b\u00e1ze","potentialAction":[{"@type":"SearchAction","target":{"@type":"EntryPoint","urlTemplate":"https:\/\/www.zeozoe.sk\/?s={search_term_string}"},"query-input":{"@type":"PropertyValueSpecification","valueRequired":true,"valueName":"search_term_string"}}],"inLanguage":"en-GB"}]}},"_links":{"self":[{"href":"https:\/\/www.zeozoe.sk\/en\/wp-json\/wp\/v2\/product\/1166","targetHints":{"allow":["GET"]}}],"collection":[{"href":"https:\/\/www.zeozoe.sk\/en\/wp-json\/wp\/v2\/product"}],"about":[{"href":"https:\/\/www.zeozoe.sk\/en\/wp-json\/wp\/v2\/types\/product"}],"replies":[{"embeddable":true,"href":"https:\/\/www.zeozoe.sk\/en\/wp-json\/wp\/v2\/comments?post=1166"}],"wp:featuredmedia":[{"embeddable":true,"href":"https:\/\/www.zeozoe.sk\/en\/wp-json\/wp\/v2\/media\/11190"}],"wp:attachment":[{"href":"https:\/\/www.zeozoe.sk\/en\/wp-json\/wp\/v2\/media?parent=1166"}],"wp:term":[{"taxonomy":"product_brand","embeddable":true,"href":"https:\/\/www.zeozoe.sk\/en\/wp-json\/wp\/v2\/product_brand?post=1166"},{"taxonomy":"product_cat","embeddable":true,"href":"https:\/\/www.zeozoe.sk\/en\/wp-json\/wp\/v2\/product_cat?post=1166"},{"taxonomy":"product_tag","embeddable":true,"href":"https:\/\/www.zeozoe.sk\/en\/wp-json\/wp\/v2\/product_tag?post=1166"}],"curies":[{"name":"wp","href":"https:\/\/api.w.org\/{rel}","templated":true}]}}