{"id":1168,"date":"2024-09-30T11:52:25","date_gmt":"2024-09-30T09:52:25","guid":{"rendered":"https:\/\/www.zeozoe.sk\/?post_type=product&#038;p=1168"},"modified":"2026-04-15T09:10:28","modified_gmt":"2026-04-15T07:10:28","slug":"ecolife-cistic-a-odstranovac-vodneho-kamena-na-kupelne-toalety-a-dlazbu","status":"publish","type":"product","link":"https:\/\/www.zeozoe.sk\/en\/product\/ecolife-cistic-a-odstranovac-vodneho-kamena-na-kupelne-toalety-a-dlazbu\/","title":{"rendered":"EcoLIFE \u010cisti\u010d a odstra\u0148ova\u010d vodn\u00e9ho kame\u0148a na k\u00fape\u013ene, toalety a dla\u017ebu"},"content":{"rendered":"<h3>EcoLIFE \u010cisti\u010d a odstra\u0148ova\u010d vodn\u00e9ho kame\u0148a na k\u00fape\u013ene, toalety a dla\u017ebu<\/h3>\n<p><strong>EcoLIFE \u010cisti\u010d a odstra\u0148ova\u010d vodn\u00e9ho kame\u0148a je ide\u00e1lny na pou\u017eitie v k\u00fape\u013eniach, toalet\u00e1ch a na dla\u017ebe. R\u00fdchlo a efekt\u00edvne odstra\u0148uje vodn\u00fd kame\u0148 bez po\u0161kodenia nerezov\u00fdch povrchov. <\/strong><\/p>\n<p>EcoLIFE \u010cisti\u010d a odstra\u0148ova\u010d vodn\u00e9ho kame\u0148a je ide\u00e1lny na pou\u017eitie v k\u00fape\u013eniach, toalet\u00e1ch a na dla\u017ebe. R\u00fdchlo a efekt\u00edvne odstra\u0148uje vodn\u00fd kame\u0148 bez po\u0161kodenia nerezov\u00fdch povrchov. Produkt je formulovan\u00fd bez dusi\u010dnanov, halog\u00e9nov a fosf\u00e1tov a obsahuje iba pr\u00edrodn\u00e9 ingrediencie rastlinn\u00e9ho p\u00f4vodu. EcoLIFE je balen\u00fd v recyklovate\u013en\u00fdch f\u013ea\u0161iach a neobsahuje \u017eiadne \u017eivo\u010d\u00ed\u0161ne deriv\u00e1ty. Po\u010das v\u00fdvoja nebol testovan\u00fd na zvierat\u00e1ch.<\/p>\n<p><strong>Pr\u00edrodne Zdrav\u00e1 \u00da\u010dinnos\u0165<\/strong><\/p>\n<p>N\u00e1vod na pou\u017eitie: Pr\u00edpravok je ur\u010den\u00fd na okam\u017eit\u00e9 pou\u017eitie. Naneste ho priamo na \u010disten\u00fd povrch a nechajte p\u00f4sobi\u0165 5 min\u00fat. Po uplynut\u00ed tejto doby d\u00f4kladne opl\u00e1chnite a utrite dosucha.<\/p>\n<p>EcoLIFE \u010cisti\u010d a odstra\u0148ova\u010d vodn\u00e9ho kame\u0148a je efekt\u00edvnym prostriedkom na \u010distenie k\u00fape\u013en\u00ed, toaliet a dla\u017eby, ktor\u00fd r\u00fdchlo a \u00fa\u010dinne odstra\u0148uje vodn\u00fd kame\u0148, pri\u010dom nepo\u0161kodzuje nerezov\u00e9 povrchy. Tento v\u00fdrobok neobsahuje dusi\u010dnany, halog\u00e9ny ani fosf\u00e1ty. Je vyroben\u00fd z pr\u00edrodn\u00fdch rastlinn\u00fdch ingredienci\u00ed a balen\u00fd v recyklovate\u013en\u00fdch f\u013ea\u0161iach. Neobsahuje \u017eiadne \u017eivo\u010d\u00ed\u0161ne deriv\u00e1ty a po\u010das v\u00fdvoja sa neuskuto\u010dnili \u017eiadne testy na zvierat\u00e1ch.<\/p>\n<p>Zlo\u017eenie: &lt;5% metansulf\u00f3nov\u00e1 kyselina.<\/p>\n<p>Trvanlivos\u0165: Do d\u00e1tumu uveden\u00e9ho na obale.<\/p>\n<p>Skladovanie: Udr\u017eujte pri teplote 5 a\u017e 30 \u00b0<br \/>\nUpozornenia: Sp\u00f4sobuje v\u00e1\u017ene poleptanie poko\u017eky a po\u0161kodenie o\u010d\u00ed.<br \/>\nBezpe\u010dnostn\u00e9 opatrenia: Ak je potrebn\u00e1 lek\u00e1rska pomoc, majte pri sebe obal alebo etiketu v\u00fdrobku. Uchov\u00e1vajte mimo dosahu det\u00ed. Nevdychujte prach, dym, plyn, hmlu, paru ani aeros\u00f3ly. Noste ochrann\u00e9 rukavice, odev, okuliare a ochranu tv\u00e1re.<br \/>\nPri po\u017eit\u00ed: Vypl\u00e1chnite \u00fasta a NEVYVOL\u00c1VAJTE zvracanie.<br \/>\nPri kontakte s poko\u017ekou (alebo vlasmi): Vyzle\u010dte kontaminovan\u00fd odev a poko\u017eku ihne\u010f opl\u00e1chnite vodou alebo sprchou.<br \/>\nPri zasiahnut\u00ed o\u010d\u00ed: Nieko\u013eko min\u00fat ich opatrne vyplachujte vodou. Ak pou\u017e\u00edvate kontaktn\u00e9 \u0161o\u0161ovky a je to mo\u017en\u00e9, odstr\u00e1\u0148te ich a pokra\u010dujte vo vyplachovan\u00ed. Okam\u017eite vyh\u013eadajte lek\u00e1rsku pomoc.<\/p>\n<p>Zne\u0161kodnite obsah alebo n\u00e1dobu odovzdan\u00edm osobe opr\u00e1vnenej na nakladanie s odpadmi alebo ich vr\u00e1ten\u00edm dod\u00e1vate\u013eovi.<\/p>","protected":false},"excerpt":{"rendered":"<p class=\"ai-optimize-24\"><strong>EcoLIFE \u010cisti\u010d a odstra\u0148ova\u010d vodn\u00e9ho kame\u0148a je ide\u00e1lny na pou\u017eitie v k\u00fape\u013eniach, toalet\u00e1ch a na dla\u017ebe.<\/strong><\/p>\n<p class=\"ai-optimize-25\">&#8211; Nepo\u0161kodzuje nerezov\u00e9 povrchy.<br \/>\n&#8211; Bez \u0161kodliv\u00fdch l\u00e1tok.<br \/>\n&#8211; Bez s\u00edranov.<br \/>\n&#8211; Veg\u00e1nsky.<br \/>\n&#8211; Balen\u00e9 v recyklovate\u013en\u00fdch f\u013ea\u0161iach.<br \/>\n&#8211; Biologicky odb\u00farate\u013en\u00fd.<br \/>\n&#8211; Obsahuje ingrediencie rastlinn\u00e9ho p\u00f4vodu.<br \/>\n&#8211; Bez farb\u00edv a konzervatnov.<br \/>\n&#8211; Bez dusi\u010dnanov, halog\u00e9nov a fosf\u00e1tov.<br \/>\n&#8211; Efekt\u00edvny aj na hrub\u0161ie n\u00e1nosy vodn\u00e9ho kame\u0148a s vysokou odv\u00e1p\u0148ovacou schopnos\u0165ou. <strong>1 balenie = 0,75l<\/strong><\/p>","protected":false},"featured_media":11188,"comment_status":"open","ping_status":"closed","template":"","meta":[],"product_brand":[],"product_cat":[32,54],"product_tag":[],"class_list":{"0":"post-1168","1":"product","2":"type-product","3":"status-publish","4":"has-post-thumbnail","6":"product_cat-domacnost","7":"product_cat-vsetko","9":"first","10":"instock","11":"taxable","12":"shipping-taxable","13":"purchasable","14":"product-type-simple"},"yoast_head":"<!-- This site is optimized with the Yoast SEO Premium plugin v25.2 (Yoast SEO v25.2) - https:\/\/yoast.com\/wordpress\/plugins\/seo\/ -->\n<title>EcoLIFE \u010cisti\u010d a odstra\u0148ova\u010d vodn\u00e9ho kame\u0148a na k\u00fape\u013ene, toalety a dla\u017ebu - ZEOZOE\u00ae<\/title>\n<meta name=\"description\" content=\"EcoLIFE \u010cisti\u010d a odstra\u0148ova\u010d vodn\u00e9ho kame\u0148a je skvel\u00fd rie\u0161en\u00edm pre k\u00fape\u013ene, toalety a dla\u017ebu, ktor\u00fd efekt\u00edvne bojuje proti vodn\u00e9mu kame\u0148u, pri\u010dom nepo\u0161kodzuje nerezov\u00e9 povrchy. Tento produkt je pripraven\u00fd na okam\u017eit\u00e9 pou\u017eitie; jednoducho naneste na po\u017eadovan\u00fd povrch a nechajte p\u00f4sobi\u0165 5 min\u00fat. Po uplynut\u00ed tejto doby d\u00f4kladne opl\u00e1chnite a utrite do sucha.Zlo\u017eenie tohto \u010disti\u010da je zalo\u017een\u00e9 na pr\u00edrodn\u00fdch rastlinn\u00fdch ingredienci\u00e1ch a neobsahuje dusi\u010dnany, halog\u00e9ny ani fosf\u00e1ty. EcoLIFE je taktie\u017e veg\u00e1nsky produkt, ktor\u00fd neobsahuje \u017eivo\u010d\u00ed\u0161ne zlo\u017eky a po\u010das v\u00fdvoja nebol testovan\u00fd na zvierat\u00e1ch.Zlo\u017eenie: obsahuje menej ako 5% metansulf\u00f3novej kyseliny.D\u00f4le\u017eit\u00e9 inform\u00e1cie:Skladujte pri teplote 5 a\u017e 30 \u00b0C a pou\u017e\u00edvajte do d\u00e1tumu uveden\u00e9ho na obale.Pri manipul\u00e1cii s pr\u00edpravkom bu\u010fte opatrn\u00ed, preto\u017ee m\u00f4\u017ee sp\u00f4sobi\u0165 v\u00e1\u017ene poleptanie poko\u017eky a po\u0161kodenie o\u010d\u00ed. V pr\u00edpade potreby lek\u00e1rskej pomoci, majte po ruke obal alebo etiketu v\u00fdrobku.Uchov\u00e1vajte mimo dosahu det\u00ed a zabr\u00e1\u0148te vdychovaniu prachu alebo aeros\u00f3lov.V pr\u00edpade zasiahnutia o\u010d\u00ed ich nieko\u013eko min\u00fat oplachujte vodou a okam\u017eite vyh\u013eadajte lek\u00e1rsku pomoc.Na z\u00e1ver, po pou\u017eit\u00ed sa odpor\u00fa\u010da spr\u00e1vne zne\u0161kodnenie obsahu alebo obalu prostredn\u00edctvom opr\u00e1vnenej osoby na nakladanie s odpadmi. EcoLIFE tak predstavuje efekt\u00edvne a ekologick\u00e9 rie\u0161enie pre v\u00e1\u0161 domov.\" \/>\n<meta name=\"robots\" content=\"index, follow, max-snippet:-1, max-image-preview:large, max-video-preview:-1\" \/>\n<link rel=\"canonical\" href=\"https:\/\/www.zeozoe.sk\/en\/product\/ecolife-cistic-a-odstranovac-vodneho-kamena-na-kupelne-toalety-a-dlazbu\/\" \/>\n<meta property=\"og:locale\" content=\"en_GB\" \/>\n<meta property=\"og:type\" content=\"article\" \/>\n<meta property=\"og:title\" content=\"EcoLIFE \u010cisti\u010d a odstra\u0148ova\u010d vodn\u00e9ho kame\u0148a na k\u00fape\u013ene, toalety a dla\u017ebu\" \/>\n<meta property=\"og:description\" content=\"EcoLIFE \u010cisti\u010d a odstra\u0148ova\u010d vodn\u00e9ho kame\u0148a je skvel\u00fd rie\u0161en\u00edm pre k\u00fape\u013ene, toalety a dla\u017ebu, ktor\u00fd efekt\u00edvne bojuje proti vodn\u00e9mu kame\u0148u, pri\u010dom nepo\u0161kodzuje nerezov\u00e9 povrchy. Tento produkt je pripraven\u00fd na okam\u017eit\u00e9 pou\u017eitie; jednoducho naneste na po\u017eadovan\u00fd povrch a nechajte p\u00f4sobi\u0165 5 min\u00fat. Po uplynut\u00ed tejto doby d\u00f4kladne opl\u00e1chnite a utrite do sucha.Zlo\u017eenie tohto \u010disti\u010da je zalo\u017een\u00e9 na pr\u00edrodn\u00fdch rastlinn\u00fdch ingredienci\u00e1ch a neobsahuje dusi\u010dnany, halog\u00e9ny ani fosf\u00e1ty. EcoLIFE je taktie\u017e veg\u00e1nsky produkt, ktor\u00fd neobsahuje \u017eivo\u010d\u00ed\u0161ne zlo\u017eky a po\u010das v\u00fdvoja nebol testovan\u00fd na zvierat\u00e1ch.Zlo\u017eenie: obsahuje menej ako 5% metansulf\u00f3novej kyseliny.D\u00f4le\u017eit\u00e9 inform\u00e1cie:Skladujte pri teplote 5 a\u017e 30 \u00b0C a pou\u017e\u00edvajte do d\u00e1tumu uveden\u00e9ho na obale.Pri manipul\u00e1cii s pr\u00edpravkom bu\u010fte opatrn\u00ed, preto\u017ee m\u00f4\u017ee sp\u00f4sobi\u0165 v\u00e1\u017ene poleptanie poko\u017eky a po\u0161kodenie o\u010d\u00ed. V pr\u00edpade potreby lek\u00e1rskej pomoci, majte po ruke obal alebo etiketu v\u00fdrobku.Uchov\u00e1vajte mimo dosahu det\u00ed a zabr\u00e1\u0148te vdychovaniu prachu alebo aeros\u00f3lov.V pr\u00edpade zasiahnutia o\u010d\u00ed ich nieko\u013eko min\u00fat oplachujte vodou a okam\u017eite vyh\u013eadajte lek\u00e1rsku pomoc.Na z\u00e1ver, po pou\u017eit\u00ed sa odpor\u00fa\u010da spr\u00e1vne zne\u0161kodnenie obsahu alebo obalu prostredn\u00edctvom opr\u00e1vnenej osoby na nakladanie s odpadmi. EcoLIFE tak predstavuje efekt\u00edvne a ekologick\u00e9 rie\u0161enie pre v\u00e1\u0161 domov.\" \/>\n<meta property=\"og:url\" content=\"https:\/\/www.zeozoe.sk\/en\/product\/ecolife-cistic-a-odstranovac-vodneho-kamena-na-kupelne-toalety-a-dlazbu\/\" \/>\n<meta property=\"og:site_name\" content=\"ZEOZOE\u00ae\" \/>\n<meta property=\"article:modified_time\" content=\"2026-04-15T07:10:28+00:00\" \/>\n<meta property=\"og:image\" content=\"https:\/\/www.zeozoe.sk\/wp-content\/uploads\/2024\/09\/Produkty-na-web-13.jpg\" \/>\n\t<meta property=\"og:image:width\" content=\"1080\" \/>\n\t<meta property=\"og:image:height\" content=\"1080\" \/>\n\t<meta property=\"og:image:type\" content=\"image\/jpeg\" \/>\n<meta name=\"twitter:card\" content=\"summary_large_image\" \/>\n<meta name=\"twitter:label1\" content=\"Estimated reading time\" \/>\n\t<meta name=\"twitter:data1\" content=\"2 minutes\" \/>\n<script type=\"application\/ld+json\" class=\"yoast-schema-graph\">{\"@context\":\"https:\/\/schema.org\",\"@graph\":[{\"@type\":\"WebPage\",\"@id\":\"https:\/\/www.zeozoe.sk\/produkt\/ecolife-cistic-a-odstranovac-vodneho-kamena-na-kupelne-toalety-a-dlazbu\/\",\"url\":\"https:\/\/www.zeozoe.sk\/produkt\/ecolife-cistic-a-odstranovac-vodneho-kamena-na-kupelne-toalety-a-dlazbu\/\",\"name\":\"EcoLIFE \u010cisti\u010d a odstra\u0148ova\u010d vodn\u00e9ho kame\u0148a na k\u00fape\u013ene, toalety a dla\u017ebu - ZEOZOE\u00ae\",\"isPartOf\":{\"@id\":\"https:\/\/www.zeozoe.sk\/#website\"},\"primaryImageOfPage\":{\"@id\":\"https:\/\/www.zeozoe.sk\/produkt\/ecolife-cistic-a-odstranovac-vodneho-kamena-na-kupelne-toalety-a-dlazbu\/#primaryimage\"},\"image\":{\"@id\":\"https:\/\/www.zeozoe.sk\/produkt\/ecolife-cistic-a-odstranovac-vodneho-kamena-na-kupelne-toalety-a-dlazbu\/#primaryimage\"},\"thumbnailUrl\":\"https:\/\/www.zeozoe.sk\/wp-content\/uploads\/2024\/09\/Produkty-na-web-13.jpg\",\"datePublished\":\"2024-09-30T09:52:25+00:00\",\"dateModified\":\"2026-04-15T07:10:28+00:00\",\"description\":\"EcoLIFE \u010cisti\u010d a odstra\u0148ova\u010d vodn\u00e9ho kame\u0148a je skvel\u00fd rie\u0161en\u00edm pre k\u00fape\u013ene, toalety a dla\u017ebu, ktor\u00fd efekt\u00edvne bojuje proti vodn\u00e9mu kame\u0148u, pri\u010dom nepo\u0161kodzuje nerezov\u00e9 povrchy. Tento produkt je pripraven\u00fd na okam\u017eit\u00e9 pou\u017eitie; jednoducho naneste na po\u017eadovan\u00fd povrch a nechajte p\u00f4sobi\u0165 5 min\u00fat. Po uplynut\u00ed tejto doby d\u00f4kladne opl\u00e1chnite a utrite do sucha.Zlo\u017eenie tohto \u010disti\u010da je zalo\u017een\u00e9 na pr\u00edrodn\u00fdch rastlinn\u00fdch ingredienci\u00e1ch a neobsahuje dusi\u010dnany, halog\u00e9ny ani fosf\u00e1ty. EcoLIFE je taktie\u017e veg\u00e1nsky produkt, ktor\u00fd neobsahuje \u017eivo\u010d\u00ed\u0161ne zlo\u017eky a po\u010das v\u00fdvoja nebol testovan\u00fd na zvierat\u00e1ch.Zlo\u017eenie: obsahuje menej ako 5% metansulf\u00f3novej kyseliny.D\u00f4le\u017eit\u00e9 inform\u00e1cie:Skladujte pri teplote 5 a\u017e 30 \u00b0C a pou\u017e\u00edvajte do d\u00e1tumu uveden\u00e9ho na obale.Pri manipul\u00e1cii s pr\u00edpravkom bu\u010fte opatrn\u00ed, preto\u017ee m\u00f4\u017ee sp\u00f4sobi\u0165 v\u00e1\u017ene poleptanie poko\u017eky a po\u0161kodenie o\u010d\u00ed. V pr\u00edpade potreby lek\u00e1rskej pomoci, majte po ruke obal alebo etiketu v\u00fdrobku.Uchov\u00e1vajte mimo dosahu det\u00ed a zabr\u00e1\u0148te vdychovaniu prachu alebo aeros\u00f3lov.V pr\u00edpade zasiahnutia o\u010d\u00ed ich nieko\u013eko min\u00fat oplachujte vodou a okam\u017eite vyh\u013eadajte lek\u00e1rsku pomoc.Na z\u00e1ver, po pou\u017eit\u00ed sa odpor\u00fa\u010da spr\u00e1vne zne\u0161kodnenie obsahu alebo obalu prostredn\u00edctvom opr\u00e1vnenej osoby na nakladanie s odpadmi. EcoLIFE tak predstavuje efekt\u00edvne a ekologick\u00e9 rie\u0161enie pre v\u00e1\u0161 domov.\",\"breadcrumb\":{\"@id\":\"https:\/\/www.zeozoe.sk\/produkt\/ecolife-cistic-a-odstranovac-vodneho-kamena-na-kupelne-toalety-a-dlazbu\/#breadcrumb\"},\"inLanguage\":\"en-GB\",\"potentialAction\":[{\"@type\":\"ReadAction\",\"target\":[\"https:\/\/www.zeozoe.sk\/produkt\/ecolife-cistic-a-odstranovac-vodneho-kamena-na-kupelne-toalety-a-dlazbu\/\"]}]},{\"@type\":\"ImageObject\",\"inLanguage\":\"en-GB\",\"@id\":\"https:\/\/www.zeozoe.sk\/produkt\/ecolife-cistic-a-odstranovac-vodneho-kamena-na-kupelne-toalety-a-dlazbu\/#primaryimage\",\"url\":\"https:\/\/www.zeozoe.sk\/wp-content\/uploads\/2024\/09\/Produkty-na-web-13.jpg\",\"contentUrl\":\"https:\/\/www.zeozoe.sk\/wp-content\/uploads\/2024\/09\/Produkty-na-web-13.jpg\",\"width\":1080,\"height\":1080,\"caption\":\"ECOlife \u010disti\u010d a odstra\u0148ova\u010d vodn\u00e9ho kame\u0148a, k\u00fape\u013e\u0148a, toaleta, dla\u017eba\"},{\"@type\":\"BreadcrumbList\",\"@id\":\"https:\/\/www.zeozoe.sk\/produkt\/ecolife-cistic-a-odstranovac-vodneho-kamena-na-kupelne-toalety-a-dlazbu\/#breadcrumb\",\"itemListElement\":[{\"@type\":\"ListItem\",\"position\":1,\"name\":\"Domov\",\"item\":\"https:\/\/www.zeozoe.sk\/\"},{\"@type\":\"ListItem\",\"position\":2,\"name\":\"Obchod\",\"item\":\"https:\/\/www.zeozoe.sk\/obchod\/\"},{\"@type\":\"ListItem\",\"position\":3,\"name\":\"EcoLIFE \u010cisti\u010d a odstra\u0148ova\u010d vodn\u00e9ho kame\u0148a na k\u00fape\u013ene, toalety a dla\u017ebu\"}]},{\"@type\":\"WebSite\",\"@id\":\"https:\/\/www.zeozoe.sk\/#website\",\"url\":\"https:\/\/www.zeozoe.sk\/\",\"name\":\"ZEOZOE\u00ae\",\"description\":\"Zubn\u00fd pr\u00e1\u0161ok a tablety na pr\u00edrodnej b\u00e1ze\",\"potentialAction\":[{\"@type\":\"SearchAction\",\"target\":{\"@type\":\"EntryPoint\",\"urlTemplate\":\"https:\/\/www.zeozoe.sk\/?s={search_term_string}\"},\"query-input\":{\"@type\":\"PropertyValueSpecification\",\"valueRequired\":true,\"valueName\":\"search_term_string\"}}],\"inLanguage\":\"en-GB\"}]}<\/script>\n<!-- \/ Yoast SEO Premium plugin. -->","yoast_head_json":{"title":"EcoLIFE \u010cisti\u010d a odstra\u0148ova\u010d vodn\u00e9ho kame\u0148a na k\u00fape\u013ene, toalety a dla\u017ebu - ZEOZOE\u00ae","description":"EcoLIFE \u010cisti\u010d a odstra\u0148ova\u010d vodn\u00e9ho kame\u0148a je skvel\u00fd rie\u0161en\u00edm pre k\u00fape\u013ene, toalety a dla\u017ebu, ktor\u00fd efekt\u00edvne bojuje proti vodn\u00e9mu kame\u0148u, pri\u010dom nepo\u0161kodzuje nerezov\u00e9 povrchy. Tento produkt je pripraven\u00fd na okam\u017eit\u00e9 pou\u017eitie; jednoducho naneste na po\u017eadovan\u00fd povrch a nechajte p\u00f4sobi\u0165 5 min\u00fat. Po uplynut\u00ed tejto doby d\u00f4kladne opl\u00e1chnite a utrite do sucha.Zlo\u017eenie tohto \u010disti\u010da je zalo\u017een\u00e9 na pr\u00edrodn\u00fdch rastlinn\u00fdch ingredienci\u00e1ch a neobsahuje dusi\u010dnany, halog\u00e9ny ani fosf\u00e1ty. EcoLIFE je taktie\u017e veg\u00e1nsky produkt, ktor\u00fd neobsahuje \u017eivo\u010d\u00ed\u0161ne zlo\u017eky a po\u010das v\u00fdvoja nebol testovan\u00fd na zvierat\u00e1ch.Zlo\u017eenie: obsahuje menej ako 5% metansulf\u00f3novej kyseliny.D\u00f4le\u017eit\u00e9 inform\u00e1cie:Skladujte pri teplote 5 a\u017e 30 \u00b0C a pou\u017e\u00edvajte do d\u00e1tumu uveden\u00e9ho na obale.Pri manipul\u00e1cii s pr\u00edpravkom bu\u010fte opatrn\u00ed, preto\u017ee m\u00f4\u017ee sp\u00f4sobi\u0165 v\u00e1\u017ene poleptanie poko\u017eky a po\u0161kodenie o\u010d\u00ed. V pr\u00edpade potreby lek\u00e1rskej pomoci, majte po ruke obal alebo etiketu v\u00fdrobku.Uchov\u00e1vajte mimo dosahu det\u00ed a zabr\u00e1\u0148te vdychovaniu prachu alebo aeros\u00f3lov.V pr\u00edpade zasiahnutia o\u010d\u00ed ich nieko\u013eko min\u00fat oplachujte vodou a okam\u017eite vyh\u013eadajte lek\u00e1rsku pomoc.Na z\u00e1ver, po pou\u017eit\u00ed sa odpor\u00fa\u010da spr\u00e1vne zne\u0161kodnenie obsahu alebo obalu prostredn\u00edctvom opr\u00e1vnenej osoby na nakladanie s odpadmi. EcoLIFE tak predstavuje efekt\u00edvne a ekologick\u00e9 rie\u0161enie pre v\u00e1\u0161 domov.","robots":{"index":"index","follow":"follow","max-snippet":"max-snippet:-1","max-image-preview":"max-image-preview:large","max-video-preview":"max-video-preview:-1"},"canonical":"https:\/\/www.zeozoe.sk\/en\/product\/ecolife-cistic-a-odstranovac-vodneho-kamena-na-kupelne-toalety-a-dlazbu\/","og_locale":"en_GB","og_type":"article","og_title":"EcoLIFE \u010cisti\u010d a odstra\u0148ova\u010d vodn\u00e9ho kame\u0148a na k\u00fape\u013ene, toalety a dla\u017ebu","og_description":"EcoLIFE \u010cisti\u010d a odstra\u0148ova\u010d vodn\u00e9ho kame\u0148a je skvel\u00fd rie\u0161en\u00edm pre k\u00fape\u013ene, toalety a dla\u017ebu, ktor\u00fd efekt\u00edvne bojuje proti vodn\u00e9mu kame\u0148u, pri\u010dom nepo\u0161kodzuje nerezov\u00e9 povrchy. Tento produkt je pripraven\u00fd na okam\u017eit\u00e9 pou\u017eitie; jednoducho naneste na po\u017eadovan\u00fd povrch a nechajte p\u00f4sobi\u0165 5 min\u00fat. Po uplynut\u00ed tejto doby d\u00f4kladne opl\u00e1chnite a utrite do sucha.Zlo\u017eenie tohto \u010disti\u010da je zalo\u017een\u00e9 na pr\u00edrodn\u00fdch rastlinn\u00fdch ingredienci\u00e1ch a neobsahuje dusi\u010dnany, halog\u00e9ny ani fosf\u00e1ty. EcoLIFE je taktie\u017e veg\u00e1nsky produkt, ktor\u00fd neobsahuje \u017eivo\u010d\u00ed\u0161ne zlo\u017eky a po\u010das v\u00fdvoja nebol testovan\u00fd na zvierat\u00e1ch.Zlo\u017eenie: obsahuje menej ako 5% metansulf\u00f3novej kyseliny.D\u00f4le\u017eit\u00e9 inform\u00e1cie:Skladujte pri teplote 5 a\u017e 30 \u00b0C a pou\u017e\u00edvajte do d\u00e1tumu uveden\u00e9ho na obale.Pri manipul\u00e1cii s pr\u00edpravkom bu\u010fte opatrn\u00ed, preto\u017ee m\u00f4\u017ee sp\u00f4sobi\u0165 v\u00e1\u017ene poleptanie poko\u017eky a po\u0161kodenie o\u010d\u00ed. V pr\u00edpade potreby lek\u00e1rskej pomoci, majte po ruke obal alebo etiketu v\u00fdrobku.Uchov\u00e1vajte mimo dosahu det\u00ed a zabr\u00e1\u0148te vdychovaniu prachu alebo aeros\u00f3lov.V pr\u00edpade zasiahnutia o\u010d\u00ed ich nieko\u013eko min\u00fat oplachujte vodou a okam\u017eite vyh\u013eadajte lek\u00e1rsku pomoc.Na z\u00e1ver, po pou\u017eit\u00ed sa odpor\u00fa\u010da spr\u00e1vne zne\u0161kodnenie obsahu alebo obalu prostredn\u00edctvom opr\u00e1vnenej osoby na nakladanie s odpadmi. EcoLIFE tak predstavuje efekt\u00edvne a ekologick\u00e9 rie\u0161enie pre v\u00e1\u0161 domov.","og_url":"https:\/\/www.zeozoe.sk\/en\/product\/ecolife-cistic-a-odstranovac-vodneho-kamena-na-kupelne-toalety-a-dlazbu\/","og_site_name":"ZEOZOE\u00ae","article_modified_time":"2026-04-15T07:10:28+00:00","og_image":[{"width":1080,"height":1080,"url":"https:\/\/www.zeozoe.sk\/wp-content\/uploads\/2024\/09\/Produkty-na-web-13.jpg","type":"image\/jpeg"}],"twitter_card":"summary_large_image","twitter_misc":{"Estimated reading time":"2 minutes"},"schema":{"@context":"https:\/\/schema.org","@graph":[{"@type":"WebPage","@id":"https:\/\/www.zeozoe.sk\/produkt\/ecolife-cistic-a-odstranovac-vodneho-kamena-na-kupelne-toalety-a-dlazbu\/","url":"https:\/\/www.zeozoe.sk\/produkt\/ecolife-cistic-a-odstranovac-vodneho-kamena-na-kupelne-toalety-a-dlazbu\/","name":"EcoLIFE \u010cisti\u010d a odstra\u0148ova\u010d vodn\u00e9ho kame\u0148a na k\u00fape\u013ene, toalety a dla\u017ebu - ZEOZOE\u00ae","isPartOf":{"@id":"https:\/\/www.zeozoe.sk\/#website"},"primaryImageOfPage":{"@id":"https:\/\/www.zeozoe.sk\/produkt\/ecolife-cistic-a-odstranovac-vodneho-kamena-na-kupelne-toalety-a-dlazbu\/#primaryimage"},"image":{"@id":"https:\/\/www.zeozoe.sk\/produkt\/ecolife-cistic-a-odstranovac-vodneho-kamena-na-kupelne-toalety-a-dlazbu\/#primaryimage"},"thumbnailUrl":"https:\/\/www.zeozoe.sk\/wp-content\/uploads\/2024\/09\/Produkty-na-web-13.jpg","datePublished":"2024-09-30T09:52:25+00:00","dateModified":"2026-04-15T07:10:28+00:00","description":"EcoLIFE \u010cisti\u010d a odstra\u0148ova\u010d vodn\u00e9ho kame\u0148a je skvel\u00fd rie\u0161en\u00edm pre k\u00fape\u013ene, toalety a dla\u017ebu, ktor\u00fd efekt\u00edvne bojuje proti vodn\u00e9mu kame\u0148u, pri\u010dom nepo\u0161kodzuje nerezov\u00e9 povrchy. Tento produkt je pripraven\u00fd na okam\u017eit\u00e9 pou\u017eitie; jednoducho naneste na po\u017eadovan\u00fd povrch a nechajte p\u00f4sobi\u0165 5 min\u00fat. Po uplynut\u00ed tejto doby d\u00f4kladne opl\u00e1chnite a utrite do sucha.Zlo\u017eenie tohto \u010disti\u010da je zalo\u017een\u00e9 na pr\u00edrodn\u00fdch rastlinn\u00fdch ingredienci\u00e1ch a neobsahuje dusi\u010dnany, halog\u00e9ny ani fosf\u00e1ty. EcoLIFE je taktie\u017e veg\u00e1nsky produkt, ktor\u00fd neobsahuje \u017eivo\u010d\u00ed\u0161ne zlo\u017eky a po\u010das v\u00fdvoja nebol testovan\u00fd na zvierat\u00e1ch.Zlo\u017eenie: obsahuje menej ako 5% metansulf\u00f3novej kyseliny.D\u00f4le\u017eit\u00e9 inform\u00e1cie:Skladujte pri teplote 5 a\u017e 30 \u00b0C a pou\u017e\u00edvajte do d\u00e1tumu uveden\u00e9ho na obale.Pri manipul\u00e1cii s pr\u00edpravkom bu\u010fte opatrn\u00ed, preto\u017ee m\u00f4\u017ee sp\u00f4sobi\u0165 v\u00e1\u017ene poleptanie poko\u017eky a po\u0161kodenie o\u010d\u00ed. V pr\u00edpade potreby lek\u00e1rskej pomoci, majte po ruke obal alebo etiketu v\u00fdrobku.Uchov\u00e1vajte mimo dosahu det\u00ed a zabr\u00e1\u0148te vdychovaniu prachu alebo aeros\u00f3lov.V pr\u00edpade zasiahnutia o\u010d\u00ed ich nieko\u013eko min\u00fat oplachujte vodou a okam\u017eite vyh\u013eadajte lek\u00e1rsku pomoc.Na z\u00e1ver, po pou\u017eit\u00ed sa odpor\u00fa\u010da spr\u00e1vne zne\u0161kodnenie obsahu alebo obalu prostredn\u00edctvom opr\u00e1vnenej osoby na nakladanie s odpadmi. EcoLIFE tak predstavuje efekt\u00edvne a ekologick\u00e9 rie\u0161enie pre v\u00e1\u0161 domov.","breadcrumb":{"@id":"https:\/\/www.zeozoe.sk\/produkt\/ecolife-cistic-a-odstranovac-vodneho-kamena-na-kupelne-toalety-a-dlazbu\/#breadcrumb"},"inLanguage":"en-GB","potentialAction":[{"@type":"ReadAction","target":["https:\/\/www.zeozoe.sk\/produkt\/ecolife-cistic-a-odstranovac-vodneho-kamena-na-kupelne-toalety-a-dlazbu\/"]}]},{"@type":"ImageObject","inLanguage":"en-GB","@id":"https:\/\/www.zeozoe.sk\/produkt\/ecolife-cistic-a-odstranovac-vodneho-kamena-na-kupelne-toalety-a-dlazbu\/#primaryimage","url":"https:\/\/www.zeozoe.sk\/wp-content\/uploads\/2024\/09\/Produkty-na-web-13.jpg","contentUrl":"https:\/\/www.zeozoe.sk\/wp-content\/uploads\/2024\/09\/Produkty-na-web-13.jpg","width":1080,"height":1080,"caption":"ECOlife \u010disti\u010d a odstra\u0148ova\u010d vodn\u00e9ho kame\u0148a, k\u00fape\u013e\u0148a, toaleta, dla\u017eba"},{"@type":"BreadcrumbList","@id":"https:\/\/www.zeozoe.sk\/produkt\/ecolife-cistic-a-odstranovac-vodneho-kamena-na-kupelne-toalety-a-dlazbu\/#breadcrumb","itemListElement":[{"@type":"ListItem","position":1,"name":"Domov","item":"https:\/\/www.zeozoe.sk\/"},{"@type":"ListItem","position":2,"name":"Obchod","item":"https:\/\/www.zeozoe.sk\/obchod\/"},{"@type":"ListItem","position":3,"name":"EcoLIFE \u010cisti\u010d a odstra\u0148ova\u010d vodn\u00e9ho kame\u0148a na k\u00fape\u013ene, toalety a dla\u017ebu"}]},{"@type":"WebSite","@id":"https:\/\/www.zeozoe.sk\/#website","url":"https:\/\/www.zeozoe.sk\/","name":"ZEOZOE\u00ae","description":"Zubn\u00fd pr\u00e1\u0161ok a tablety na pr\u00edrodnej b\u00e1ze","potentialAction":[{"@type":"SearchAction","target":{"@type":"EntryPoint","urlTemplate":"https:\/\/www.zeozoe.sk\/?s={search_term_string}"},"query-input":{"@type":"PropertyValueSpecification","valueRequired":true,"valueName":"search_term_string"}}],"inLanguage":"en-GB"}]}},"_links":{"self":[{"href":"https:\/\/www.zeozoe.sk\/en\/wp-json\/wp\/v2\/product\/1168","targetHints":{"allow":["GET"]}}],"collection":[{"href":"https:\/\/www.zeozoe.sk\/en\/wp-json\/wp\/v2\/product"}],"about":[{"href":"https:\/\/www.zeozoe.sk\/en\/wp-json\/wp\/v2\/types\/product"}],"replies":[{"embeddable":true,"href":"https:\/\/www.zeozoe.sk\/en\/wp-json\/wp\/v2\/comments?post=1168"}],"wp:featuredmedia":[{"embeddable":true,"href":"https:\/\/www.zeozoe.sk\/en\/wp-json\/wp\/v2\/media\/11188"}],"wp:attachment":[{"href":"https:\/\/www.zeozoe.sk\/en\/wp-json\/wp\/v2\/media?parent=1168"}],"wp:term":[{"taxonomy":"product_brand","embeddable":true,"href":"https:\/\/www.zeozoe.sk\/en\/wp-json\/wp\/v2\/product_brand?post=1168"},{"taxonomy":"product_cat","embeddable":true,"href":"https:\/\/www.zeozoe.sk\/en\/wp-json\/wp\/v2\/product_cat?post=1168"},{"taxonomy":"product_tag","embeddable":true,"href":"https:\/\/www.zeozoe.sk\/en\/wp-json\/wp\/v2\/product_tag?post=1168"}],"curies":[{"name":"wp","href":"https:\/\/api.w.org\/{rel}","templated":true}]}}