{"id":1169,"date":"2024-09-30T12:19:58","date_gmt":"2024-09-30T10:19:58","guid":{"rendered":"https:\/\/www.zeozoe.sk\/?post_type=product&#038;p=1169"},"modified":"2026-03-23T09:48:52","modified_gmt":"2026-03-23T08:48:52","slug":"ecolife-cistiaci-prostriedok-na-rucne-umyvanie-riadu","status":"publish","type":"product","link":"https:\/\/www.zeozoe.sk\/en\/product\/ecolife-cistiaci-prostriedok-na-rucne-umyvanie-riadu\/","title":{"rendered":"EcoLIFE \u010distiaci prostriedok na ru\u010dn\u00e9 um\u00fdvanie riadu"},"content":{"rendered":"<h3>EcoLIFE \u010distiaci prostriedok na ru\u010dn\u00e9 um\u00fdvanie riadu<\/h3>\n<p><strong>EcoLIFE vhodn\u00fd nie len pre eko dom\u00e1cnosti efekt\u00edvne a pr\u00edrodne \u010dist\u00ed, ide\u00e1lny prostriedok na ru\u010dn\u00e9 um\u00fdvanie riadu, vytv\u00e1ra jemn\u00fa penu a \u00fa\u010dinne odmas\u0165uje riad.<\/strong><\/p>\n<p>EcoLIFE pon\u00faka efekt\u00edvny pr\u00edrodn\u00fd \u010distiaci prostriedok, ktor\u00fd vytv\u00e1ra jemn\u00fa penu a \u00fa\u010dinne odmas\u0165uje riad, pri\u010dom neobsahuje sulf\u00e1ty, \u010d\u00edm je \u0161etrn\u00fd k poko\u017eke. Je vyroben\u00fd z 100 % odb\u00farate\u013en\u00fdch, pr\u00edrodn\u00fdch surov\u00edn a balen\u00fd do plne recyklovate\u013en\u00fdch flia\u0161.<\/p>\n<p>Produkt neobsahuje \u017eiadne \u017eivo\u010d\u00ed\u0161ne deriv\u00e1ty a nebol testovan\u00fd na zvierat\u00e1ch, \u010do ho rob\u00ed veg\u00e1nskym. Z\u00e1rove\u0148 neobsahuje \u0161kodliv\u00e9 l\u00e1tky.<\/p>\n<p>N\u00e1vod na pou\u017eitie:<\/p>\n<p>Um\u00fdvanie riadu pod te\u010d\u00facou vodou: Naneste 2-3 kvapky prostriedku na hubku.<br \/>\nUm\u00fdvanie v napustenom dreze: Pridajte 1 vie\u010dko prostriedku na pribli\u017ene 5 litrov vody.<br \/>\nProstriedok m\u00e1 silno odmas\u0165uj\u00faci \u00fa\u010dinok, nezanech\u00e1va \u0161muhy a nevysu\u0161uje poko\u017eku r\u00fak.<br \/>\nZlo\u017eenie: &lt;10% Lauryl glucoside, &lt;1% Coco-betaine.<br \/>\nUpozornenie: M\u00f4\u017ee sp\u00f4sobi\u0165 v\u00e1\u017ene podr\u00e1\u017edenie o\u010d\u00ed.<br \/>\nBezpe\u010dnostn\u00e9 opatrenia: V pr\u00edpade potreby lek\u00e1rskej pomoci majte k dispoz\u00edcii obal alebo etiketu v\u00fdrobku. Uchov\u00e1vajte mimo dosahu det\u00ed. Po manipul\u00e1cii si d\u00f4kladne umyte ruky a zasiahnut\u00e9 \u010dasti tela. Odpor\u00fa\u010da sa nosi\u0165 ochrann\u00e9 okuliare. Pri kontakte s o\u010dami je potrebn\u00e9 ich nieko\u013eko min\u00fat opatrne vyplachova\u0165 vodou. V pr\u00edpade pretrv\u00e1vaj\u00faceho podr\u00e1\u017edenia vyh\u013eadajte lek\u00e1rsku pomoc. Zne\u0161kodnite obsah a obal pod\u013ea platn\u00fdch predpisov.<\/p>","protected":false},"excerpt":{"rendered":"<p class=\"ai-optimize-30\"><strong>EcoLIFE \u010distiaci prostriedok na ru\u010dn\u00e9 um\u00fdvanie riadu<\/strong><\/p>\n<p class=\"ai-optimize-31\">&#8211; Neobsahuje \u0161kodliv\u00e9 l\u00e1tky<br \/>\n&#8211; Bez s\u00edranov<br \/>\n&#8211; Veg\u00e1nsky<br \/>\n&#8211; Balen\u00e9 v recyklovate\u013en\u00fdch f\u013ea\u0161iach<br \/>\n&#8211; Biologicky odb\u00farate\u013en\u00fd<br \/>\n&#8211; Zlo\u017eenie z rastlinn\u00fdch ingredienci\u00ed<br \/>\n&#8211; Bez farb\u00edv a bez konzervantov<br \/>\n&#8211; Neobsahuje \u00e9tery a benz\u00e9n<br \/>\n&#8211; \u0160etrn\u00fd k poko\u017eke<br \/>\n&#8211; Vhodn\u00fd aj pre EKO \u010distiarne odpadov\u00fdch v\u00f4d <strong>1 balenie = 1l<\/strong><\/p>","protected":false},"featured_media":11186,"comment_status":"open","ping_status":"closed","template":"","meta":[],"product_brand":[],"product_cat":[54,32],"product_tag":[],"class_list":{"0":"post-1169","1":"product","2":"type-product","3":"status-publish","4":"has-post-thumbnail","6":"product_cat-vsetko","7":"product_cat-domacnost","9":"first","10":"instock","11":"taxable","12":"shipping-taxable","13":"purchasable","14":"product-type-simple"},"yoast_head":"<!-- This site is optimized with the Yoast SEO Premium plugin v25.2 (Yoast SEO v25.2) - https:\/\/yoast.com\/wordpress\/plugins\/seo\/ -->\n<title>EcoLIFE \u010distiaci prostriedok na ru\u010dn\u00e9 um\u00fdvanie riadu - ZEOZOE\u00ae<\/title>\n<meta name=\"description\" content=\"EcoLIFE pon\u00faka efekt\u00edvny pr\u00edrodn\u00fd \u010distiaci prostriedok, ktor\u00fd vytv\u00e1ra jemn\u00fa penu a \u00fa\u010dinne odmas\u0165uje riad, pri\u010dom neobsahuje sulf\u00e1ty, \u010d\u00edm je \u0161etrn\u00fd k poko\u017eke. Je vyroben\u00fd z 100 % odb\u00farate\u013en\u00fdch, pr\u00edrodn\u00fdch surov\u00edn a balen\u00fd do plne recyklovate\u013en\u00fdch flia\u0161.Produkt neobsahuje \u017eiadne \u017eivo\u010d\u00ed\u0161ne deriv\u00e1ty a nebol testovan\u00fd na zvierat\u00e1ch, \u010do ho rob\u00ed veg\u00e1nskym. Z\u00e1rove\u0148 neobsahuje \u0161kodliv\u00e9 l\u00e1tky.\" \/>\n<meta name=\"robots\" content=\"index, follow, max-snippet:-1, max-image-preview:large, max-video-preview:-1\" \/>\n<link rel=\"canonical\" href=\"https:\/\/www.zeozoe.sk\/en\/product\/ecolife-cistiaci-prostriedok-na-rucne-umyvanie-riadu\/\" \/>\n<meta property=\"og:locale\" content=\"en_GB\" \/>\n<meta property=\"og:type\" content=\"article\" \/>\n<meta property=\"og:title\" content=\"EcoLIFE \u010distiaci prostriedok na ru\u010dn\u00e9 um\u00fdvanie riadu\" \/>\n<meta property=\"og:description\" content=\"EcoLIFE pon\u00faka efekt\u00edvny pr\u00edrodn\u00fd \u010distiaci prostriedok, ktor\u00fd vytv\u00e1ra jemn\u00fa penu a \u00fa\u010dinne odmas\u0165uje riad, pri\u010dom neobsahuje sulf\u00e1ty, \u010d\u00edm je \u0161etrn\u00fd k poko\u017eke. Je vyroben\u00fd z 100 % odb\u00farate\u013en\u00fdch, pr\u00edrodn\u00fdch surov\u00edn a balen\u00fd do plne recyklovate\u013en\u00fdch flia\u0161.Produkt neobsahuje \u017eiadne \u017eivo\u010d\u00ed\u0161ne deriv\u00e1ty a nebol testovan\u00fd na zvierat\u00e1ch, \u010do ho rob\u00ed veg\u00e1nskym. Z\u00e1rove\u0148 neobsahuje \u0161kodliv\u00e9 l\u00e1tky.\" \/>\n<meta property=\"og:url\" content=\"https:\/\/www.zeozoe.sk\/en\/product\/ecolife-cistiaci-prostriedok-na-rucne-umyvanie-riadu\/\" \/>\n<meta property=\"og:site_name\" content=\"ZEOZOE\u00ae\" \/>\n<meta property=\"article:modified_time\" content=\"2026-03-23T08:48:52+00:00\" \/>\n<meta property=\"og:image\" content=\"https:\/\/www.zeozoe.sk\/wp-content\/uploads\/2024\/09\/Produkty-na-web-12.jpg\" \/>\n\t<meta property=\"og:image:width\" content=\"1080\" \/>\n\t<meta property=\"og:image:height\" content=\"1080\" \/>\n\t<meta property=\"og:image:type\" content=\"image\/jpeg\" \/>\n<meta name=\"twitter:card\" content=\"summary_large_image\" \/>\n<meta name=\"twitter:label1\" content=\"Estimated reading time\" \/>\n\t<meta name=\"twitter:data1\" content=\"2 minutes\" \/>\n<script type=\"application\/ld+json\" class=\"yoast-schema-graph\">{\"@context\":\"https:\/\/schema.org\",\"@graph\":[{\"@type\":\"WebPage\",\"@id\":\"https:\/\/www.zeozoe.sk\/produkt\/ecolife-cistiaci-prostriedok-na-rucne-umyvanie-riadu\/\",\"url\":\"https:\/\/www.zeozoe.sk\/produkt\/ecolife-cistiaci-prostriedok-na-rucne-umyvanie-riadu\/\",\"name\":\"EcoLIFE \u010distiaci prostriedok na ru\u010dn\u00e9 um\u00fdvanie riadu - ZEOZOE\u00ae\",\"isPartOf\":{\"@id\":\"https:\/\/www.zeozoe.sk\/#website\"},\"primaryImageOfPage\":{\"@id\":\"https:\/\/www.zeozoe.sk\/produkt\/ecolife-cistiaci-prostriedok-na-rucne-umyvanie-riadu\/#primaryimage\"},\"image\":{\"@id\":\"https:\/\/www.zeozoe.sk\/produkt\/ecolife-cistiaci-prostriedok-na-rucne-umyvanie-riadu\/#primaryimage\"},\"thumbnailUrl\":\"https:\/\/www.zeozoe.sk\/wp-content\/uploads\/2024\/09\/Produkty-na-web-12.jpg\",\"datePublished\":\"2024-09-30T10:19:58+00:00\",\"dateModified\":\"2026-03-23T08:48:52+00:00\",\"description\":\"EcoLIFE pon\u00faka efekt\u00edvny pr\u00edrodn\u00fd \u010distiaci prostriedok, ktor\u00fd vytv\u00e1ra jemn\u00fa penu a \u00fa\u010dinne odmas\u0165uje riad, pri\u010dom neobsahuje sulf\u00e1ty, \u010d\u00edm je \u0161etrn\u00fd k poko\u017eke. Je vyroben\u00fd z 100 % odb\u00farate\u013en\u00fdch, pr\u00edrodn\u00fdch surov\u00edn a balen\u00fd do plne recyklovate\u013en\u00fdch flia\u0161.Produkt neobsahuje \u017eiadne \u017eivo\u010d\u00ed\u0161ne deriv\u00e1ty a nebol testovan\u00fd na zvierat\u00e1ch, \u010do ho rob\u00ed veg\u00e1nskym. Z\u00e1rove\u0148 neobsahuje \u0161kodliv\u00e9 l\u00e1tky.\",\"breadcrumb\":{\"@id\":\"https:\/\/www.zeozoe.sk\/produkt\/ecolife-cistiaci-prostriedok-na-rucne-umyvanie-riadu\/#breadcrumb\"},\"inLanguage\":\"en-GB\",\"potentialAction\":[{\"@type\":\"ReadAction\",\"target\":[\"https:\/\/www.zeozoe.sk\/produkt\/ecolife-cistiaci-prostriedok-na-rucne-umyvanie-riadu\/\"]}]},{\"@type\":\"ImageObject\",\"inLanguage\":\"en-GB\",\"@id\":\"https:\/\/www.zeozoe.sk\/produkt\/ecolife-cistiaci-prostriedok-na-rucne-umyvanie-riadu\/#primaryimage\",\"url\":\"https:\/\/www.zeozoe.sk\/wp-content\/uploads\/2024\/09\/Produkty-na-web-12.jpg\",\"contentUrl\":\"https:\/\/www.zeozoe.sk\/wp-content\/uploads\/2024\/09\/Produkty-na-web-12.jpg\",\"width\":1080,\"height\":1080,\"caption\":\"ECOlife prostriedok na ru\u010dn\u00e9 um\u00fdvanie riadu bez ch\u00e9mie\"},{\"@type\":\"BreadcrumbList\",\"@id\":\"https:\/\/www.zeozoe.sk\/produkt\/ecolife-cistiaci-prostriedok-na-rucne-umyvanie-riadu\/#breadcrumb\",\"itemListElement\":[{\"@type\":\"ListItem\",\"position\":1,\"name\":\"Domov\",\"item\":\"https:\/\/www.zeozoe.sk\/\"},{\"@type\":\"ListItem\",\"position\":2,\"name\":\"Obchod\",\"item\":\"https:\/\/www.zeozoe.sk\/obchod\/\"},{\"@type\":\"ListItem\",\"position\":3,\"name\":\"EcoLIFE \u010distiaci prostriedok na ru\u010dn\u00e9 um\u00fdvanie riadu\"}]},{\"@type\":\"WebSite\",\"@id\":\"https:\/\/www.zeozoe.sk\/#website\",\"url\":\"https:\/\/www.zeozoe.sk\/\",\"name\":\"ZEOZOE\u00ae\",\"description\":\"Zubn\u00fd pr\u00e1\u0161ok a tablety na pr\u00edrodnej b\u00e1ze\",\"potentialAction\":[{\"@type\":\"SearchAction\",\"target\":{\"@type\":\"EntryPoint\",\"urlTemplate\":\"https:\/\/www.zeozoe.sk\/?s={search_term_string}\"},\"query-input\":{\"@type\":\"PropertyValueSpecification\",\"valueRequired\":true,\"valueName\":\"search_term_string\"}}],\"inLanguage\":\"en-GB\"}]}<\/script>\n<!-- \/ Yoast SEO Premium plugin. -->","yoast_head_json":{"title":"EcoLIFE \u010distiaci prostriedok na ru\u010dn\u00e9 um\u00fdvanie riadu - ZEOZOE\u00ae","description":"EcoLIFE pon\u00faka efekt\u00edvny pr\u00edrodn\u00fd \u010distiaci prostriedok, ktor\u00fd vytv\u00e1ra jemn\u00fa penu a \u00fa\u010dinne odmas\u0165uje riad, pri\u010dom neobsahuje sulf\u00e1ty, \u010d\u00edm je \u0161etrn\u00fd k poko\u017eke. Je vyroben\u00fd z 100 % odb\u00farate\u013en\u00fdch, pr\u00edrodn\u00fdch surov\u00edn a balen\u00fd do plne recyklovate\u013en\u00fdch flia\u0161.Produkt neobsahuje \u017eiadne \u017eivo\u010d\u00ed\u0161ne deriv\u00e1ty a nebol testovan\u00fd na zvierat\u00e1ch, \u010do ho rob\u00ed veg\u00e1nskym. Z\u00e1rove\u0148 neobsahuje \u0161kodliv\u00e9 l\u00e1tky.","robots":{"index":"index","follow":"follow","max-snippet":"max-snippet:-1","max-image-preview":"max-image-preview:large","max-video-preview":"max-video-preview:-1"},"canonical":"https:\/\/www.zeozoe.sk\/en\/product\/ecolife-cistiaci-prostriedok-na-rucne-umyvanie-riadu\/","og_locale":"en_GB","og_type":"article","og_title":"EcoLIFE \u010distiaci prostriedok na ru\u010dn\u00e9 um\u00fdvanie riadu","og_description":"EcoLIFE pon\u00faka efekt\u00edvny pr\u00edrodn\u00fd \u010distiaci prostriedok, ktor\u00fd vytv\u00e1ra jemn\u00fa penu a \u00fa\u010dinne odmas\u0165uje riad, pri\u010dom neobsahuje sulf\u00e1ty, \u010d\u00edm je \u0161etrn\u00fd k poko\u017eke. Je vyroben\u00fd z 100 % odb\u00farate\u013en\u00fdch, pr\u00edrodn\u00fdch surov\u00edn a balen\u00fd do plne recyklovate\u013en\u00fdch flia\u0161.Produkt neobsahuje \u017eiadne \u017eivo\u010d\u00ed\u0161ne deriv\u00e1ty a nebol testovan\u00fd na zvierat\u00e1ch, \u010do ho rob\u00ed veg\u00e1nskym. Z\u00e1rove\u0148 neobsahuje \u0161kodliv\u00e9 l\u00e1tky.","og_url":"https:\/\/www.zeozoe.sk\/en\/product\/ecolife-cistiaci-prostriedok-na-rucne-umyvanie-riadu\/","og_site_name":"ZEOZOE\u00ae","article_modified_time":"2026-03-23T08:48:52+00:00","og_image":[{"width":1080,"height":1080,"url":"https:\/\/www.zeozoe.sk\/wp-content\/uploads\/2024\/09\/Produkty-na-web-12.jpg","type":"image\/jpeg"}],"twitter_card":"summary_large_image","twitter_misc":{"Estimated reading time":"2 minutes"},"schema":{"@context":"https:\/\/schema.org","@graph":[{"@type":"WebPage","@id":"https:\/\/www.zeozoe.sk\/produkt\/ecolife-cistiaci-prostriedok-na-rucne-umyvanie-riadu\/","url":"https:\/\/www.zeozoe.sk\/produkt\/ecolife-cistiaci-prostriedok-na-rucne-umyvanie-riadu\/","name":"EcoLIFE \u010distiaci prostriedok na ru\u010dn\u00e9 um\u00fdvanie riadu - ZEOZOE\u00ae","isPartOf":{"@id":"https:\/\/www.zeozoe.sk\/#website"},"primaryImageOfPage":{"@id":"https:\/\/www.zeozoe.sk\/produkt\/ecolife-cistiaci-prostriedok-na-rucne-umyvanie-riadu\/#primaryimage"},"image":{"@id":"https:\/\/www.zeozoe.sk\/produkt\/ecolife-cistiaci-prostriedok-na-rucne-umyvanie-riadu\/#primaryimage"},"thumbnailUrl":"https:\/\/www.zeozoe.sk\/wp-content\/uploads\/2024\/09\/Produkty-na-web-12.jpg","datePublished":"2024-09-30T10:19:58+00:00","dateModified":"2026-03-23T08:48:52+00:00","description":"EcoLIFE pon\u00faka efekt\u00edvny pr\u00edrodn\u00fd \u010distiaci prostriedok, ktor\u00fd vytv\u00e1ra jemn\u00fa penu a \u00fa\u010dinne odmas\u0165uje riad, pri\u010dom neobsahuje sulf\u00e1ty, \u010d\u00edm je \u0161etrn\u00fd k poko\u017eke. Je vyroben\u00fd z 100 % odb\u00farate\u013en\u00fdch, pr\u00edrodn\u00fdch surov\u00edn a balen\u00fd do plne recyklovate\u013en\u00fdch flia\u0161.Produkt neobsahuje \u017eiadne \u017eivo\u010d\u00ed\u0161ne deriv\u00e1ty a nebol testovan\u00fd na zvierat\u00e1ch, \u010do ho rob\u00ed veg\u00e1nskym. Z\u00e1rove\u0148 neobsahuje \u0161kodliv\u00e9 l\u00e1tky.","breadcrumb":{"@id":"https:\/\/www.zeozoe.sk\/produkt\/ecolife-cistiaci-prostriedok-na-rucne-umyvanie-riadu\/#breadcrumb"},"inLanguage":"en-GB","potentialAction":[{"@type":"ReadAction","target":["https:\/\/www.zeozoe.sk\/produkt\/ecolife-cistiaci-prostriedok-na-rucne-umyvanie-riadu\/"]}]},{"@type":"ImageObject","inLanguage":"en-GB","@id":"https:\/\/www.zeozoe.sk\/produkt\/ecolife-cistiaci-prostriedok-na-rucne-umyvanie-riadu\/#primaryimage","url":"https:\/\/www.zeozoe.sk\/wp-content\/uploads\/2024\/09\/Produkty-na-web-12.jpg","contentUrl":"https:\/\/www.zeozoe.sk\/wp-content\/uploads\/2024\/09\/Produkty-na-web-12.jpg","width":1080,"height":1080,"caption":"ECOlife prostriedok na ru\u010dn\u00e9 um\u00fdvanie riadu bez ch\u00e9mie"},{"@type":"BreadcrumbList","@id":"https:\/\/www.zeozoe.sk\/produkt\/ecolife-cistiaci-prostriedok-na-rucne-umyvanie-riadu\/#breadcrumb","itemListElement":[{"@type":"ListItem","position":1,"name":"Domov","item":"https:\/\/www.zeozoe.sk\/"},{"@type":"ListItem","position":2,"name":"Obchod","item":"https:\/\/www.zeozoe.sk\/obchod\/"},{"@type":"ListItem","position":3,"name":"EcoLIFE \u010distiaci prostriedok na ru\u010dn\u00e9 um\u00fdvanie riadu"}]},{"@type":"WebSite","@id":"https:\/\/www.zeozoe.sk\/#website","url":"https:\/\/www.zeozoe.sk\/","name":"ZEOZOE\u00ae","description":"Zubn\u00fd pr\u00e1\u0161ok a tablety na pr\u00edrodnej b\u00e1ze","potentialAction":[{"@type":"SearchAction","target":{"@type":"EntryPoint","urlTemplate":"https:\/\/www.zeozoe.sk\/?s={search_term_string}"},"query-input":{"@type":"PropertyValueSpecification","valueRequired":true,"valueName":"search_term_string"}}],"inLanguage":"en-GB"}]}},"_links":{"self":[{"href":"https:\/\/www.zeozoe.sk\/en\/wp-json\/wp\/v2\/product\/1169","targetHints":{"allow":["GET"]}}],"collection":[{"href":"https:\/\/www.zeozoe.sk\/en\/wp-json\/wp\/v2\/product"}],"about":[{"href":"https:\/\/www.zeozoe.sk\/en\/wp-json\/wp\/v2\/types\/product"}],"replies":[{"embeddable":true,"href":"https:\/\/www.zeozoe.sk\/en\/wp-json\/wp\/v2\/comments?post=1169"}],"wp:featuredmedia":[{"embeddable":true,"href":"https:\/\/www.zeozoe.sk\/en\/wp-json\/wp\/v2\/media\/11186"}],"wp:attachment":[{"href":"https:\/\/www.zeozoe.sk\/en\/wp-json\/wp\/v2\/media?parent=1169"}],"wp:term":[{"taxonomy":"product_brand","embeddable":true,"href":"https:\/\/www.zeozoe.sk\/en\/wp-json\/wp\/v2\/product_brand?post=1169"},{"taxonomy":"product_cat","embeddable":true,"href":"https:\/\/www.zeozoe.sk\/en\/wp-json\/wp\/v2\/product_cat?post=1169"},{"taxonomy":"product_tag","embeddable":true,"href":"https:\/\/www.zeozoe.sk\/en\/wp-json\/wp\/v2\/product_tag?post=1169"}],"curies":[{"name":"wp","href":"https:\/\/api.w.org\/{rel}","templated":true}]}}