{"id":1171,"date":"2024-09-30T14:02:48","date_gmt":"2024-09-30T12:02:48","guid":{"rendered":"https:\/\/www.zeozoe.sk\/?post_type=product&#038;p=1171"},"modified":"2026-04-10T18:43:04","modified_gmt":"2026-04-10T16:43:04","slug":"ecolife-cistiaci-prostriedok-do-umyvacky-riadu-s-lestidlom-2-v-1","status":"publish","type":"product","link":"https:\/\/www.zeozoe.sk\/en\/product\/ecolife-cistiaci-prostriedok-do-umyvacky-riadu-s-lestidlom-2-v-1\/","title":{"rendered":"EcoLIFE \u010cistiaci prostriedok do um\u00fdva\u010dky riadu s le\u0161tidlom 2 v 1"},"content":{"rendered":"<h3>EcoLIFE \u010cistiaci prostriedok do um\u00fdva\u010dky riadu s le\u0161tidlom 2 v 1<\/h3>\n<p><strong>EcoLIFE \u2013 ekologick\u00fd \u010distiaci prostriedok do um\u00fdva\u010dky riadu s le\u0161tidlom 2 v 1 je mimoriadne efekt\u00edvnym a \u0161etrn\u00fdm rie\u0161en\u00edm bez pou\u017eitia chemik\u00e1li\u00ed. <\/strong><\/p>\n<p>S vysokou \u00fa\u010dinnos\u0165ou odstra\u0148uje mastnotu a chr\u00e1ni sklenen\u00fd riad, pri\u010dom jeho zlo\u017eenie je bl\u00edzke pH neutr\u00e1lnemu. Tekut\u00e1 forma zabezpe\u010duje, \u017ee nedoch\u00e1dza k upch\u00e1vaniu um\u00fdva\u010dky a zanech\u00e1va ju \u010dist\u00fa a bez nepr\u00edjemn\u00fdch pachov. Le\u0161tidlo nie je potrebn\u00e9, preto\u017ee ho m\u00f4\u017eete aplikova\u0165 priamo do z\u00e1sobn\u00edka na le\u0161tidlo, \u010d\u00edm riad zost\u00e1va bez \u0161m\u00fah a kvapiek. Nezabudnite pravidelne dop\u013a\u0148a\u0165 morsk\u00fa so\u013e bez j\u00f3du na zm\u00e4k\u010denie vody, aby ste zabezpe\u010dili optim\u00e1lny v\u00fdkon um\u00fdva\u010dky.<\/p>\n<p>D\u00f4le\u017eit\u00e9 upozornenie: Udr\u017eujte z\u00e1sobn\u00edk soli v\u017edy pln\u00fd oby\u010dajnou morskou so\u013eou bez j\u00f3du. Ak kontrolka na um\u00fdva\u010dke svieti, okam\u017eite dopl\u0148te z\u00e1sobn\u00edk soli. Pre optim\u00e1lny v\u00fdkon odpor\u00fa\u010dame um\u00fdvanie pri teplote 55 \u2013 60 \u00b0C, ale prostriedok je \u00fa\u010dinn\u00fd aj pri ni\u017e\u0161\u00edch teplot\u00e1ch.<\/p>\n<p>Zlo\u017eenie: &lt;2,5% Alkyl glucoside.<\/p>\n<p>Bezpe\u010dnostn\u00e9 upozornenia:<\/p>\n<p>Sp\u00f4sobuje v\u00e1\u017ene podr\u00e1\u017edenie o\u010d\u00ed.<br \/>\nUchov\u00e1vajte mimo dosahu det\u00ed.<br \/>\nPo manipul\u00e1cii d\u00f4kladne umyte ruky a zasiahnut\u00e9 \u010dasti tela.<br \/>\nPri kontakte s o\u010dami: Opatrne ich vyplachujte vodou nieko\u013eko min\u00fat. Ak m\u00e1te kontaktn\u00e9 \u0161o\u0161ovky, odstr\u00e1\u0148te ich a pokra\u010dujte vo vyplachovan\u00ed.<br \/>\nV pr\u00edpade zdravotn\u00fdch probl\u00e9mov vyh\u013eadajte lek\u00e1rsku pomoc.<\/p>","protected":false},"excerpt":{"rendered":"<p class=\"ai-optimize-31\"><strong>EcoLIFE \u010cistiaci prostriedok do um\u00fdva\u010dky riadu s le\u0161tidlom 2 v 1<\/strong><\/p>\n<p class=\"ai-optimize-32\">&#8211; Nesp\u00f4sobuje upchatie<br \/>\n&#8211; Extra le\u0161tidlo nie je potrebn\u00e9<br \/>\n&#8211; Bez \u0161kodliv\u00fdch l\u00e1tok<br \/>\n&#8211; Bez s\u00edranov<br \/>\n&#8211; Veg\u00e1nsky<br \/>\n&#8211; V recyklovate\u013en\u00fdch f\u013ea\u0161iach<br \/>\n&#8211; Biologicky odb\u00farate\u013en\u00fd<br \/>\n&#8211; Ingrediencie rastlinn\u00e9ho p\u00f4vodu<br \/>\n&#8211; Bez farb\u00edv a konzervantov<br \/>\n&#8211; Bez \u00e9terov a benz\u00e9nu<br \/>\n&#8211; \u0160etrn\u00fd k poko\u017eke<br \/>\n&#8211; Vhodn\u00fd aj pre EKO \u010distiarne odpadov\u00fdch v\u00f4d <strong>1 balenie = 1l<\/strong><\/p>","protected":false},"featured_media":11184,"comment_status":"open","ping_status":"closed","template":"","meta":[],"product_brand":[],"product_cat":[54,32],"product_tag":[],"class_list":{"0":"post-1171","1":"product","2":"type-product","3":"status-publish","4":"has-post-thumbnail","6":"product_cat-vsetko","7":"product_cat-domacnost","9":"first","10":"instock","11":"taxable","12":"shipping-taxable","13":"purchasable","14":"product-type-simple"},"yoast_head":"<!-- This site is optimized with the Yoast SEO Premium plugin v25.2 (Yoast SEO v25.2) - https:\/\/yoast.com\/wordpress\/plugins\/seo\/ -->\n<title>EcoLIFE \u010cistiaci prostriedok do um\u00fdva\u010dky riadu s le\u0161tidlom 2 v 1 - ZEOZOE\u00ae<\/title>\n<meta name=\"description\" content=\"EcoLIFE pon\u00faka efekt\u00edvny pr\u00edrodn\u00fd \u010distiaci prostriedok, ktor\u00fd vytv\u00e1ra jemn\u00fa penu a \u00fa\u010dinne odmas\u0165uje riad, pri\u010dom neobsahuje sulf\u00e1ty, \u010d\u00edm je \u0161etrn\u00fd k poko\u017eke. Je vyroben\u00fd z 100 % odb\u00farate\u013en\u00fdch, pr\u00edrodn\u00fdch surov\u00edn a balen\u00fd do plne recyklovate\u013en\u00fdch flia\u0161.Produkt neobsahuje \u017eiadne \u017eivo\u010d\u00ed\u0161ne deriv\u00e1ty a nebol testovan\u00fd na zvierat\u00e1ch, \u010do ho rob\u00ed veg\u00e1nskym. Z\u00e1rove\u0148 neobsahuje \u0161kodliv\u00e9 l\u00e1tky.\" \/>\n<meta name=\"robots\" content=\"index, follow, max-snippet:-1, max-image-preview:large, max-video-preview:-1\" \/>\n<link rel=\"canonical\" href=\"https:\/\/www.zeozoe.sk\/en\/product\/ecolife-cistiaci-prostriedok-do-umyvacky-riadu-s-lestidlom-2-v-1\/\" \/>\n<meta property=\"og:locale\" content=\"en_GB\" \/>\n<meta property=\"og:type\" content=\"article\" \/>\n<meta property=\"og:title\" content=\"EcoLIFE \u010cistiaci prostriedok do um\u00fdva\u010dky riadu s le\u0161tidlom 2 v 1\" \/>\n<meta property=\"og:description\" content=\"EcoLIFE pon\u00faka efekt\u00edvny pr\u00edrodn\u00fd \u010distiaci prostriedok, ktor\u00fd vytv\u00e1ra jemn\u00fa penu a \u00fa\u010dinne odmas\u0165uje riad, pri\u010dom neobsahuje sulf\u00e1ty, \u010d\u00edm je \u0161etrn\u00fd k poko\u017eke. Je vyroben\u00fd z 100 % odb\u00farate\u013en\u00fdch, pr\u00edrodn\u00fdch surov\u00edn a balen\u00fd do plne recyklovate\u013en\u00fdch flia\u0161.Produkt neobsahuje \u017eiadne \u017eivo\u010d\u00ed\u0161ne deriv\u00e1ty a nebol testovan\u00fd na zvierat\u00e1ch, \u010do ho rob\u00ed veg\u00e1nskym. Z\u00e1rove\u0148 neobsahuje \u0161kodliv\u00e9 l\u00e1tky.\" \/>\n<meta property=\"og:url\" content=\"https:\/\/www.zeozoe.sk\/en\/product\/ecolife-cistiaci-prostriedok-do-umyvacky-riadu-s-lestidlom-2-v-1\/\" \/>\n<meta property=\"og:site_name\" content=\"ZEOZOE\u00ae\" \/>\n<meta property=\"article:modified_time\" content=\"2026-04-10T16:43:04+00:00\" \/>\n<meta property=\"og:image\" content=\"https:\/\/www.zeozoe.sk\/wp-content\/uploads\/2024\/09\/ecolife.jpg\" \/>\n\t<meta property=\"og:image:width\" content=\"1080\" \/>\n\t<meta property=\"og:image:height\" content=\"1080\" \/>\n\t<meta property=\"og:image:type\" content=\"image\/jpeg\" \/>\n<meta name=\"twitter:card\" content=\"summary_large_image\" \/>\n<meta name=\"twitter:label1\" content=\"Estimated reading time\" \/>\n\t<meta name=\"twitter:data1\" content=\"2 minutes\" \/>\n<script type=\"application\/ld+json\" class=\"yoast-schema-graph\">{\"@context\":\"https:\/\/schema.org\",\"@graph\":[{\"@type\":\"WebPage\",\"@id\":\"https:\/\/www.zeozoe.sk\/produkt\/ecolife-cistiaci-prostriedok-do-umyvacky-riadu-s-lestidlom-2-v-1\/\",\"url\":\"https:\/\/www.zeozoe.sk\/produkt\/ecolife-cistiaci-prostriedok-do-umyvacky-riadu-s-lestidlom-2-v-1\/\",\"name\":\"EcoLIFE \u010cistiaci prostriedok do um\u00fdva\u010dky riadu s le\u0161tidlom 2 v 1 - ZEOZOE\u00ae\",\"isPartOf\":{\"@id\":\"https:\/\/www.zeozoe.sk\/#website\"},\"primaryImageOfPage\":{\"@id\":\"https:\/\/www.zeozoe.sk\/produkt\/ecolife-cistiaci-prostriedok-do-umyvacky-riadu-s-lestidlom-2-v-1\/#primaryimage\"},\"image\":{\"@id\":\"https:\/\/www.zeozoe.sk\/produkt\/ecolife-cistiaci-prostriedok-do-umyvacky-riadu-s-lestidlom-2-v-1\/#primaryimage\"},\"thumbnailUrl\":\"https:\/\/www.zeozoe.sk\/wp-content\/uploads\/2024\/09\/ecolife.jpg\",\"datePublished\":\"2024-09-30T12:02:48+00:00\",\"dateModified\":\"2026-04-10T16:43:04+00:00\",\"description\":\"EcoLIFE pon\u00faka efekt\u00edvny pr\u00edrodn\u00fd \u010distiaci prostriedok, ktor\u00fd vytv\u00e1ra jemn\u00fa penu a \u00fa\u010dinne odmas\u0165uje riad, pri\u010dom neobsahuje sulf\u00e1ty, \u010d\u00edm je \u0161etrn\u00fd k poko\u017eke. Je vyroben\u00fd z 100 % odb\u00farate\u013en\u00fdch, pr\u00edrodn\u00fdch surov\u00edn a balen\u00fd do plne recyklovate\u013en\u00fdch flia\u0161.Produkt neobsahuje \u017eiadne \u017eivo\u010d\u00ed\u0161ne deriv\u00e1ty a nebol testovan\u00fd na zvierat\u00e1ch, \u010do ho rob\u00ed veg\u00e1nskym. Z\u00e1rove\u0148 neobsahuje \u0161kodliv\u00e9 l\u00e1tky.\",\"breadcrumb\":{\"@id\":\"https:\/\/www.zeozoe.sk\/produkt\/ecolife-cistiaci-prostriedok-do-umyvacky-riadu-s-lestidlom-2-v-1\/#breadcrumb\"},\"inLanguage\":\"en-GB\",\"potentialAction\":[{\"@type\":\"ReadAction\",\"target\":[\"https:\/\/www.zeozoe.sk\/produkt\/ecolife-cistiaci-prostriedok-do-umyvacky-riadu-s-lestidlom-2-v-1\/\"]}]},{\"@type\":\"ImageObject\",\"inLanguage\":\"en-GB\",\"@id\":\"https:\/\/www.zeozoe.sk\/produkt\/ecolife-cistiaci-prostriedok-do-umyvacky-riadu-s-lestidlom-2-v-1\/#primaryimage\",\"url\":\"https:\/\/www.zeozoe.sk\/wp-content\/uploads\/2024\/09\/ecolife.jpg\",\"contentUrl\":\"https:\/\/www.zeozoe.sk\/wp-content\/uploads\/2024\/09\/ecolife.jpg\",\"width\":1080,\"height\":1080,\"caption\":\"ECOlife, prostriedok do um\u00fdva\u010dky riadu s le\u0161tidlom\"},{\"@type\":\"BreadcrumbList\",\"@id\":\"https:\/\/www.zeozoe.sk\/produkt\/ecolife-cistiaci-prostriedok-do-umyvacky-riadu-s-lestidlom-2-v-1\/#breadcrumb\",\"itemListElement\":[{\"@type\":\"ListItem\",\"position\":1,\"name\":\"Domov\",\"item\":\"https:\/\/www.zeozoe.sk\/\"},{\"@type\":\"ListItem\",\"position\":2,\"name\":\"Obchod\",\"item\":\"https:\/\/www.zeozoe.sk\/obchod\/\"},{\"@type\":\"ListItem\",\"position\":3,\"name\":\"EcoLIFE \u010cistiaci prostriedok do um\u00fdva\u010dky riadu s le\u0161tidlom 2 v 1\"}]},{\"@type\":\"WebSite\",\"@id\":\"https:\/\/www.zeozoe.sk\/#website\",\"url\":\"https:\/\/www.zeozoe.sk\/\",\"name\":\"ZEOZOE\u00ae\",\"description\":\"Zubn\u00fd pr\u00e1\u0161ok a tablety na pr\u00edrodnej b\u00e1ze\",\"potentialAction\":[{\"@type\":\"SearchAction\",\"target\":{\"@type\":\"EntryPoint\",\"urlTemplate\":\"https:\/\/www.zeozoe.sk\/?s={search_term_string}\"},\"query-input\":{\"@type\":\"PropertyValueSpecification\",\"valueRequired\":true,\"valueName\":\"search_term_string\"}}],\"inLanguage\":\"en-GB\"}]}<\/script>\n<!-- \/ Yoast SEO Premium plugin. -->","yoast_head_json":{"title":"EcoLIFE \u010cistiaci prostriedok do um\u00fdva\u010dky riadu s le\u0161tidlom 2 v 1 - ZEOZOE\u00ae","description":"EcoLIFE pon\u00faka efekt\u00edvny pr\u00edrodn\u00fd \u010distiaci prostriedok, ktor\u00fd vytv\u00e1ra jemn\u00fa penu a \u00fa\u010dinne odmas\u0165uje riad, pri\u010dom neobsahuje sulf\u00e1ty, \u010d\u00edm je \u0161etrn\u00fd k poko\u017eke. Je vyroben\u00fd z 100 % odb\u00farate\u013en\u00fdch, pr\u00edrodn\u00fdch surov\u00edn a balen\u00fd do plne recyklovate\u013en\u00fdch flia\u0161.Produkt neobsahuje \u017eiadne \u017eivo\u010d\u00ed\u0161ne deriv\u00e1ty a nebol testovan\u00fd na zvierat\u00e1ch, \u010do ho rob\u00ed veg\u00e1nskym. Z\u00e1rove\u0148 neobsahuje \u0161kodliv\u00e9 l\u00e1tky.","robots":{"index":"index","follow":"follow","max-snippet":"max-snippet:-1","max-image-preview":"max-image-preview:large","max-video-preview":"max-video-preview:-1"},"canonical":"https:\/\/www.zeozoe.sk\/en\/product\/ecolife-cistiaci-prostriedok-do-umyvacky-riadu-s-lestidlom-2-v-1\/","og_locale":"en_GB","og_type":"article","og_title":"EcoLIFE \u010cistiaci prostriedok do um\u00fdva\u010dky riadu s le\u0161tidlom 2 v 1","og_description":"EcoLIFE pon\u00faka efekt\u00edvny pr\u00edrodn\u00fd \u010distiaci prostriedok, ktor\u00fd vytv\u00e1ra jemn\u00fa penu a \u00fa\u010dinne odmas\u0165uje riad, pri\u010dom neobsahuje sulf\u00e1ty, \u010d\u00edm je \u0161etrn\u00fd k poko\u017eke. Je vyroben\u00fd z 100 % odb\u00farate\u013en\u00fdch, pr\u00edrodn\u00fdch surov\u00edn a balen\u00fd do plne recyklovate\u013en\u00fdch flia\u0161.Produkt neobsahuje \u017eiadne \u017eivo\u010d\u00ed\u0161ne deriv\u00e1ty a nebol testovan\u00fd na zvierat\u00e1ch, \u010do ho rob\u00ed veg\u00e1nskym. Z\u00e1rove\u0148 neobsahuje \u0161kodliv\u00e9 l\u00e1tky.","og_url":"https:\/\/www.zeozoe.sk\/en\/product\/ecolife-cistiaci-prostriedok-do-umyvacky-riadu-s-lestidlom-2-v-1\/","og_site_name":"ZEOZOE\u00ae","article_modified_time":"2026-04-10T16:43:04+00:00","og_image":[{"width":1080,"height":1080,"url":"https:\/\/www.zeozoe.sk\/wp-content\/uploads\/2024\/09\/ecolife.jpg","type":"image\/jpeg"}],"twitter_card":"summary_large_image","twitter_misc":{"Estimated reading time":"2 minutes"},"schema":{"@context":"https:\/\/schema.org","@graph":[{"@type":"WebPage","@id":"https:\/\/www.zeozoe.sk\/produkt\/ecolife-cistiaci-prostriedok-do-umyvacky-riadu-s-lestidlom-2-v-1\/","url":"https:\/\/www.zeozoe.sk\/produkt\/ecolife-cistiaci-prostriedok-do-umyvacky-riadu-s-lestidlom-2-v-1\/","name":"EcoLIFE \u010cistiaci prostriedok do um\u00fdva\u010dky riadu s le\u0161tidlom 2 v 1 - ZEOZOE\u00ae","isPartOf":{"@id":"https:\/\/www.zeozoe.sk\/#website"},"primaryImageOfPage":{"@id":"https:\/\/www.zeozoe.sk\/produkt\/ecolife-cistiaci-prostriedok-do-umyvacky-riadu-s-lestidlom-2-v-1\/#primaryimage"},"image":{"@id":"https:\/\/www.zeozoe.sk\/produkt\/ecolife-cistiaci-prostriedok-do-umyvacky-riadu-s-lestidlom-2-v-1\/#primaryimage"},"thumbnailUrl":"https:\/\/www.zeozoe.sk\/wp-content\/uploads\/2024\/09\/ecolife.jpg","datePublished":"2024-09-30T12:02:48+00:00","dateModified":"2026-04-10T16:43:04+00:00","description":"EcoLIFE pon\u00faka efekt\u00edvny pr\u00edrodn\u00fd \u010distiaci prostriedok, ktor\u00fd vytv\u00e1ra jemn\u00fa penu a \u00fa\u010dinne odmas\u0165uje riad, pri\u010dom neobsahuje sulf\u00e1ty, \u010d\u00edm je \u0161etrn\u00fd k poko\u017eke. Je vyroben\u00fd z 100 % odb\u00farate\u013en\u00fdch, pr\u00edrodn\u00fdch surov\u00edn a balen\u00fd do plne recyklovate\u013en\u00fdch flia\u0161.Produkt neobsahuje \u017eiadne \u017eivo\u010d\u00ed\u0161ne deriv\u00e1ty a nebol testovan\u00fd na zvierat\u00e1ch, \u010do ho rob\u00ed veg\u00e1nskym. Z\u00e1rove\u0148 neobsahuje \u0161kodliv\u00e9 l\u00e1tky.","breadcrumb":{"@id":"https:\/\/www.zeozoe.sk\/produkt\/ecolife-cistiaci-prostriedok-do-umyvacky-riadu-s-lestidlom-2-v-1\/#breadcrumb"},"inLanguage":"en-GB","potentialAction":[{"@type":"ReadAction","target":["https:\/\/www.zeozoe.sk\/produkt\/ecolife-cistiaci-prostriedok-do-umyvacky-riadu-s-lestidlom-2-v-1\/"]}]},{"@type":"ImageObject","inLanguage":"en-GB","@id":"https:\/\/www.zeozoe.sk\/produkt\/ecolife-cistiaci-prostriedok-do-umyvacky-riadu-s-lestidlom-2-v-1\/#primaryimage","url":"https:\/\/www.zeozoe.sk\/wp-content\/uploads\/2024\/09\/ecolife.jpg","contentUrl":"https:\/\/www.zeozoe.sk\/wp-content\/uploads\/2024\/09\/ecolife.jpg","width":1080,"height":1080,"caption":"ECOlife, prostriedok do um\u00fdva\u010dky riadu s le\u0161tidlom"},{"@type":"BreadcrumbList","@id":"https:\/\/www.zeozoe.sk\/produkt\/ecolife-cistiaci-prostriedok-do-umyvacky-riadu-s-lestidlom-2-v-1\/#breadcrumb","itemListElement":[{"@type":"ListItem","position":1,"name":"Domov","item":"https:\/\/www.zeozoe.sk\/"},{"@type":"ListItem","position":2,"name":"Obchod","item":"https:\/\/www.zeozoe.sk\/obchod\/"},{"@type":"ListItem","position":3,"name":"EcoLIFE \u010cistiaci prostriedok do um\u00fdva\u010dky riadu s le\u0161tidlom 2 v 1"}]},{"@type":"WebSite","@id":"https:\/\/www.zeozoe.sk\/#website","url":"https:\/\/www.zeozoe.sk\/","name":"ZEOZOE\u00ae","description":"Zubn\u00fd pr\u00e1\u0161ok a tablety na pr\u00edrodnej b\u00e1ze","potentialAction":[{"@type":"SearchAction","target":{"@type":"EntryPoint","urlTemplate":"https:\/\/www.zeozoe.sk\/?s={search_term_string}"},"query-input":{"@type":"PropertyValueSpecification","valueRequired":true,"valueName":"search_term_string"}}],"inLanguage":"en-GB"}]}},"_links":{"self":[{"href":"https:\/\/www.zeozoe.sk\/en\/wp-json\/wp\/v2\/product\/1171","targetHints":{"allow":["GET"]}}],"collection":[{"href":"https:\/\/www.zeozoe.sk\/en\/wp-json\/wp\/v2\/product"}],"about":[{"href":"https:\/\/www.zeozoe.sk\/en\/wp-json\/wp\/v2\/types\/product"}],"replies":[{"embeddable":true,"href":"https:\/\/www.zeozoe.sk\/en\/wp-json\/wp\/v2\/comments?post=1171"}],"wp:featuredmedia":[{"embeddable":true,"href":"https:\/\/www.zeozoe.sk\/en\/wp-json\/wp\/v2\/media\/11184"}],"wp:attachment":[{"href":"https:\/\/www.zeozoe.sk\/en\/wp-json\/wp\/v2\/media?parent=1171"}],"wp:term":[{"taxonomy":"product_brand","embeddable":true,"href":"https:\/\/www.zeozoe.sk\/en\/wp-json\/wp\/v2\/product_brand?post=1171"},{"taxonomy":"product_cat","embeddable":true,"href":"https:\/\/www.zeozoe.sk\/en\/wp-json\/wp\/v2\/product_cat?post=1171"},{"taxonomy":"product_tag","embeddable":true,"href":"https:\/\/www.zeozoe.sk\/en\/wp-json\/wp\/v2\/product_tag?post=1171"}],"curies":[{"name":"wp","href":"https:\/\/api.w.org\/{rel}","templated":true}]}}