{"id":118,"date":"2024-06-04T00:51:07","date_gmt":"2024-06-03T22:51:07","guid":{"rendered":"https:\/\/www.zeozoe.sk\/?post_type=product&#038;p=118"},"modified":"2026-04-10T15:28:21","modified_gmt":"2026-04-10T13:28:21","slug":"pletova-maska-sage-zeozoe","status":"publish","type":"product","link":"https:\/\/www.zeozoe.sk\/en\/product\/pletova-maska-sage-zeozoe\/","title":{"rendered":"ZEOZOE Ple\u0165ov\u00e1 maska Sage"},"content":{"rendered":"<h3 class=\"ai-optimize-31\" data-start=\"245\" data-end=\"314\">Pr\u00edrodn\u00e1 starostlivos\u0165 pre mastn\u00fa, problematick\u00fa a akn\u00f3znu ple\u0165<\/h3>\n<p class=\"ai-optimize-32 ai-optimize-introduction\" data-start=\"316\" data-end=\"646\">ZEOZOE SAGE je pr\u00edrodn\u00e1 ple\u0165ov\u00e1 maska s obsahom mikronizovan\u00e9ho zeolitu a \u0161alvie lek\u00e1rskej, \u0161peci\u00e1lne navrhnut\u00e1 pre potreby <strong data-start=\"440\" data-end=\"483\">mastnej, akn\u00f3znej a podr\u00e1\u017edenej poko\u017eky<\/strong>. V\u010faka siln\u00e9mu absorp\u010dn\u00e9mu \u00fa\u010dinku zeolitu a protiz\u00e1palov\u00fdm vlastnostiam \u0161alvie \u00fa\u010dinne \u010dist\u00ed ple\u0165, reguluje tvorbu ko\u017en\u00e9ho mazu a pom\u00e1ha redukova\u0165 nedokonalosti.<\/p>\n<p class=\"ai-optimize-33\" data-start=\"648\" data-end=\"940\">Zeolit vo svojej 20-mikr\u00f3novej forme p\u00f4sob\u00ed ako pr\u00edrodn\u00fd detoxika\u010dn\u00fd magnet \u2013 via\u017ee tox\u00edny, ne\u010distoty, mikr\u00f3by a \u0165a\u017ek\u00e9 kovy, ktor\u00e9 sa be\u017ene us\u00e1dzaj\u00fa v p\u00f3roch. \u0160alvia z\u00e1rove\u0148 p\u00f4sob\u00ed antisepticky a protiz\u00e1palovo, \u010d\u00edm pom\u00e1ha upokoji\u0165 poko\u017eku so sklonom k z\u00e1palom, akn\u00e9, ekz\u00e9mom alebo psori\u00e1ze.<\/p>\n<p class=\"ai-optimize-34\" data-start=\"942\" data-end=\"1119\">Maska sa \u013eahko mie\u0161a a aplikuje, je vhodn\u00e1 na tv\u00e1r, dekolt, ale aj na telo \u010di vlasov\u00fa poko\u017eku. V\u010faka svojmu zlo\u017eeniu bez parfumov a konzervantov je \u0161etrn\u00e1 aj k citlivej pleti.<\/p>\n<hr class=\"\" data-start=\"1121\" data-end=\"1124\" \/>\n<h3 class=\"ai-optimize-35\" data-start=\"1126\" data-end=\"1171\"><strong data-start=\"1133\" data-end=\"1171\">Hlavn\u00e9 benefity masky ZEOZOE SAGE:<\/strong><\/h3>\n<ul data-start=\"1173\" data-end=\"1849\">\n<li class=\"ai-optimize-36\" data-start=\"1173\" data-end=\"1308\">\n<p class=\"ai-optimize-37\" data-start=\"1175\" data-end=\"1308\"><strong data-start=\"1175\" data-end=\"1215\">H\u013abkov\u00e9 \u010distenie a detoxik\u00e1cia pleti<\/strong><br data-start=\"1215\" data-end=\"1218\" \/>Zeolit absorbuje tox\u00edny, ko\u017en\u00fd maz a ne\u010distoty, \u010d\u00edm pom\u00e1ha predch\u00e1dza\u0165 upch\u00e1vaniu p\u00f3rov.<\/p>\n<\/li>\n<li class=\"ai-optimize-38\" data-start=\"1310\" data-end=\"1454\">\n<p class=\"ai-optimize-39\" data-start=\"1312\" data-end=\"1454\"><strong data-start=\"1312\" data-end=\"1355\">Regul\u00e1cia mastnoty a upokojenie poko\u017eky<\/strong><br data-start=\"1355\" data-end=\"1358\" \/>\u0160alvia vyrovn\u00e1va mazotok a p\u00f4sob\u00ed protiz\u00e1palovo \u2013 ide\u00e1lna pri akn\u00e9, ekz\u00e9moch alebo podr\u00e1\u017eden\u00ed.<\/p>\n<\/li>\n<li class=\"ai-optimize-40\" data-start=\"1456\" data-end=\"1586\">\n<p class=\"ai-optimize-41\" data-start=\"1458\" data-end=\"1586\"><strong data-start=\"1458\" data-end=\"1501\">Podpora regener\u00e1cie a rovnov\u00e1hy poko\u017eky<\/strong><br data-start=\"1501\" data-end=\"1504\" \/>Uvo\u013enen\u00e9 miner\u00e1ly a stopov\u00e9 prvky zo zeolitu podporuj\u00fa obnovu a rovnov\u00e1hu pleti.<\/p>\n<\/li>\n<li class=\"ai-optimize-42\" data-start=\"1588\" data-end=\"1723\">\n<p class=\"ai-optimize-43\" data-start=\"1590\" data-end=\"1723\"><strong data-start=\"1590\" data-end=\"1613\">V\u0161estrann\u00e9 vyu\u017eitie<\/strong><br data-start=\"1613\" data-end=\"1616\" \/>Maska je vhodn\u00e1 nielen na tv\u00e1r, ale aj ako z\u00e1bal, k\u00fape\u013e \u010di vlasov\u00e1 maska pri probl\u00e9moch s poko\u017ekou hlavy.<\/p>\n<\/li>\n<li class=\"ai-optimize-44\" data-start=\"1725\" data-end=\"1849\">\n<p class=\"ai-optimize-45\" data-start=\"1727\" data-end=\"1849\"><strong data-start=\"1727\" data-end=\"1780\">Pr\u00edrodn\u00e9 zlo\u017eenie bez ch\u00e9mie a syntetick\u00fdch l\u00e1tok<\/strong><br data-start=\"1780\" data-end=\"1783\" \/>100 % pr\u00edrodn\u00fd pr\u00e1\u0161ok bez parfumov, konzervantov a mikroplastov.<\/p>\n<\/li>\n<\/ul>\n<hr class=\"\" data-start=\"1851\" data-end=\"1854\" \/>\n<h3 class=\"ai-optimize-46\" data-start=\"1856\" data-end=\"1887\"><strong data-start=\"1863\" data-end=\"1885\">N\u00e1vod na pou\u017eitie:<\/strong><\/h3>\n<p class=\"ai-optimize-47\" data-start=\"1888\" data-end=\"2171\">Do malej <strong data-start=\"1897\" data-end=\"1918\">nekovovej n\u00e1dobky<\/strong> naberte ZEOZOE SAGE pomocou <strong data-start=\"1947\" data-end=\"1983\">drevenej alebo plastovej odmerky<\/strong> (kov zni\u017euje \u00fa\u010dinok zeolitu). Zmie\u0161ajte v pomere <strong data-start=\"2033\" data-end=\"2070\">1 diel pr\u00e1\u0161ku : 0,25 dielika vody<\/strong> alebo pridajte <strong data-start=\"2086\" data-end=\"2103\">pr\u00edrodn\u00fd olej<\/strong> pod\u013ea typu pleti (napr. kokosov\u00fd, \u0161\u00edpkov\u00fd, levandu\u013eov\u00fd, olivov\u00fd).<\/p>\n<p class=\"ai-optimize-48\" data-start=\"2173\" data-end=\"2388\">Vymie\u0161ajte na jemn\u00fa ka\u0161i\u010dku a naneste na tv\u00e1r a dekolt, vyhnite sa oblasti o\u010d\u00ed a pier. Po zaschnut\u00ed masku jemne ol\u00fapte alebo odstr\u00e1\u0148te navlh\u010denou handri\u010dkou. Pred nanesen\u00edm kr\u00e9mu alebo oleja odpor\u00fa\u010dame jemne postrieka\u0165 ple\u0165 hydrol\u00e1tom, napr.\u00a0<strong data-start=\"2254\" data-end=\"2306\"><a href=\"https:\/\/www.zeozoe.sk\/produkt\/bio-levandulova-voda-100ml\/\">BIO levandu\u013eovou<\/a>\u00a0alebo\u00a0<a href=\"https:\/\/www.zeozoe.sk\/produkt\/bio-rozmarinova-voda-100-ml\/\">rozmar\u00ednovou vodou. <\/a><\/strong>Na ple\u0165 so sklonom k akn\u00e9, m\u00f4\u017eete n\u00e1sledne nanies\u0165\u00a0<a href=\"https:\/\/www.zeozoe.sk\/produkt\/akne-krem-9-herbs\/\">Akn\u00e9 kr\u00e9m 9Herbs<\/a>.<\/p>\n<hr class=\"\" data-start=\"2390\" data-end=\"2393\" \/>\n<h3 class=\"ai-optimize-49\" data-start=\"2395\" data-end=\"2417\"><strong data-start=\"2402\" data-end=\"2415\">Zlo\u017eenie:<\/strong><\/h3>\n<p class=\"ai-optimize-50\" data-start=\"2418\" data-end=\"2509\"><strong data-start=\"2418\" data-end=\"2489\">Zeolit klinoptilolit (20 \u03bcm), Salvia officinalis (extrakt z listov)<\/strong><br data-start=\"2489\" data-end=\"2492\" \/><strong data-start=\"2492\" data-end=\"2504\">Balenie:<\/strong> 200 g<\/p>\n<hr class=\"\" data-start=\"2511\" data-end=\"2514\" \/>\n<h3 class=\"ai-optimize-51\" data-start=\"2516\" data-end=\"2575\">\ud83c\udf3f <strong data-start=\"2523\" data-end=\"2575\">ZEOZOE SAGE \u2013 prirodzen\u00e1 rovnov\u00e1ha pre va\u0161u ple\u0165<\/strong><\/h3>\n<p class=\"ai-optimize-52\" data-start=\"2577\" data-end=\"2816\">ZEOZOE SAGE je vhodn\u00e1 pre ka\u017ed\u00e9ho, kto t\u00fa\u017ei po \u010distej, zmatnenej a upokojenej pleti bez chemickej z\u00e1\u0165a\u017ee. Skvelo funguje ako doplnok k be\u017enej \u010distiacej rutine aj po ZEOZOE zubn\u00fdch produktoch pre celkov\u00e9 prepojenie pr\u00edrodnej starostlivosti.<\/p>\n<p class=\"ai-optimize-53\" data-start=\"502\" data-end=\"742\"><span style=\"color: #000000;\"><em>V s\u00falade s <strong data-start=\"513\" data-end=\"599\">Nariaden\u00edm Eur\u00f3pskeho parlamentu a Rady (ES) \u010d. 1223\/2009 o kozmetick\u00fdch v\u00fdrobkoch<\/strong> nesm\u00fa by\u0165 kozmetick\u00e9 produkty prezentovan\u00e9 ako produkty, ktor\u00e9 maj\u00fa <strong data-start=\"668\" data-end=\"686\">lie\u010div\u00e9 \u00fa\u010dinky<\/strong>, diagnostikuj\u00fa, lie\u010dia alebo predch\u00e1dzaj\u00fa ochoreniam.<\/em><\/span><\/p>\n<p class=\"ai-optimize-54\" data-start=\"744\" data-end=\"1016\"><span style=\"color: #000000;\"><em>Inform\u00e1cie uveden\u00e9 pri produktoch vych\u00e1dzaj\u00fa z <strong data-start=\"791\" data-end=\"835\">tradi\u010dn\u00e9ho pou\u017e\u00edvania pr\u00edrodn\u00fdch zlo\u017eiek<\/strong>, <strong data-start=\"837\" data-end=\"877\">verejne dostupn\u00fdch odborn\u00fdch zdrojov<\/strong> a <strong data-start=\"880\" data-end=\"917\">sp\u00e4tn\u00fdch v\u00e4zieb na\u0161ich z\u00e1kazn\u00edkov<\/strong>. Nejde o lek\u00e1rske tvrdenia a <strong data-start=\"947\" data-end=\"1015\">nenahr\u00e1dzaj\u00fa odpor\u00fa\u010dania ani starostlivos\u0165 lek\u00e1ra \u010di dermatol\u00f3ga<\/strong>.<\/em><\/span><\/p>","protected":false},"excerpt":{"rendered":"<p class=\"ai-optimize-24\"><span style=\"color: #000000;\">ZEOZOE SAGE je 100 % pr\u00edrodn\u00e1 ple\u0165ov\u00e1 maska s mikronizovan\u00fdm zeolitom a \u0161alviou, vytvoren\u00e1 pre potreby mastnej a problematickej pleti. Pom\u00e1ha \u010disti\u0165 p\u00f3ry, vyrovn\u00e1va\u0165 tvorbu mazu a upokojova\u0165 podr\u00e1\u017edenie. Zeolit absorbuje tox\u00edny a \u0165a\u017ek\u00e9 kovy, \u0161alvia p\u00f4sob\u00ed protiz\u00e1palovo a antisepticky. Maska je vhodn\u00e1 aj pri akn\u00e9, ekz\u00e9moch alebo psori\u00e1ze. Je ide\u00e1lna na tv\u00e1r, telo aj poko\u017eku hlavy. <strong>Jedno 200g balenie vydr\u017e\u00ed a\u017e na 40 pou\u017eit\u00ed.<\/strong><\/span><\/p>\n<p class=\"ai-optimize-25\"><span style=\"color: #000000;\">\u2764\ufe0f <strong data-start=\"108\" data-end=\"133\">Certifikovan\u00fd produkt<\/strong><\/span><br data-start=\"133\" data-end=\"136\" \/><span style=\"color: #000000;\">\u2764\ufe0f <strong data-start=\"139\" data-end=\"162\">Bezpe\u010dnostn\u00e1 spr\u00e1va<\/strong><\/span><br data-start=\"162\" data-end=\"165\" \/><span style=\"color: #000000;\">\u2764\ufe0f <strong data-start=\"168\" data-end=\"193\">Vyroben\u00e9 na Slovensku<\/strong><\/span><br data-start=\"193\" data-end=\"196\" \/><span style=\"color: #000000;\">\u2764\ufe0f <strong data-start=\"199\" data-end=\"231\">ZEOZOE \u2013 registrovan\u00e1 zna\u010dka<\/strong><\/span><br data-start=\"231\" data-end=\"234\" \/><span style=\"color: #000000;\">\u2764\ufe0f <strong data-start=\"237\" data-end=\"263\">Neobsahuje mikroplasty<\/strong><\/span><br data-start=\"263\" data-end=\"266\" \/><span style=\"color: #000000;\">\u2764\ufe0f <strong data-start=\"269\" data-end=\"301\">Vyroben\u00e9 s dobr\u00fdm z\u00e1merom \ud83d\ude42<\/strong><\/span><\/p>","protected":false},"featured_media":10708,"comment_status":"open","ping_status":"closed","template":"","meta":[],"product_brand":[],"product_cat":[54,30],"product_tag":[118,124,60,120],"class_list":{"0":"post-118","1":"product","2":"type-product","3":"status-publish","4":"has-post-thumbnail","6":"product_cat-vsetko","7":"product_cat-tvar","8":"product_tag-certifikovany-produkt","9":"product_tag-vyrobene-na-slovensku","10":"product_tag-zeolit","11":"product_tag-zeozoe-registrovana-znacka","13":"first","14":"instock","15":"taxable","16":"shipping-taxable","17":"purchasable","18":"product-type-simple"},"yoast_head":"<!-- This site is optimized with the Yoast SEO Premium plugin v25.2 (Yoast SEO v25.2) - https:\/\/yoast.com\/wordpress\/plugins\/seo\/ -->\n<title>ZEOZOE Ple\u0165ov\u00e1 maska Sage - ZEOZOE\u00ae<\/title>\n<meta name=\"description\" content=\"ZEOZOE SAGE 200g \u2013 pr\u00edrodn\u00e1 maska so zeolitom a \u0161alviou na mastn\u00fa a problematick\u00fa ple\u0165. \u010cist\u00ed p\u00f3ry, reguluje maz, upokojuje akn\u00e9 a podr\u00e1\u017edenie. Ide\u00e1lna aj na telo a vlasy.\u2764\ufe0f Certifikovan\u00fd produkt\u2764\ufe0f Bezpe\u010dnostn\u00e1 spr\u00e1va\u2764\ufe0f Vyroben\u00e9 na Slovensku\u2764\ufe0f ZEOZOE \u2013 registrovan\u00e1 zna\u010dka\u2764\ufe0f Neobsahuje mikroplasty\u2764\ufe0f Vyroben\u00e9 s dobr\u00fdm z\u00e1merom \ud83d\ude42\" \/>\n<meta name=\"robots\" content=\"index, follow, max-snippet:-1, max-image-preview:large, max-video-preview:-1\" \/>\n<link rel=\"canonical\" href=\"https:\/\/www.zeozoe.sk\/en\/product\/pletova-maska-sage-zeozoe\/\" \/>\n<meta property=\"og:locale\" content=\"en_GB\" \/>\n<meta property=\"og:type\" content=\"article\" \/>\n<meta property=\"og:title\" content=\"ZEOZOE Ple\u0165ov\u00e1 maska Sage\" \/>\n<meta property=\"og:description\" content=\"ZEOZOE SAGE 200g \u2013 pr\u00edrodn\u00e1 maska so zeolitom a \u0161alviou na mastn\u00fa a problematick\u00fa ple\u0165. \u010cist\u00ed p\u00f3ry, reguluje maz, upokojuje akn\u00e9 a podr\u00e1\u017edenie. Ide\u00e1lna aj na telo a vlasy.\u2764\ufe0f Certifikovan\u00fd produkt\u2764\ufe0f Bezpe\u010dnostn\u00e1 spr\u00e1va\u2764\ufe0f Vyroben\u00e9 na Slovensku\u2764\ufe0f ZEOZOE \u2013 registrovan\u00e1 zna\u010dka\u2764\ufe0f Neobsahuje mikroplasty\u2764\ufe0f Vyroben\u00e9 s dobr\u00fdm z\u00e1merom \ud83d\ude42\" \/>\n<meta property=\"og:url\" content=\"https:\/\/www.zeozoe.sk\/en\/product\/pletova-maska-sage-zeozoe\/\" \/>\n<meta property=\"og:site_name\" content=\"ZEOZOE\u00ae\" \/>\n<meta property=\"article:modified_time\" content=\"2026-04-10T13:28:21+00:00\" \/>\n<meta property=\"og:image\" content=\"https:\/\/www.zeozoe.sk\/wp-content\/uploads\/2024\/06\/maska-salvia.jpg\" \/>\n\t<meta property=\"og:image:width\" content=\"1080\" \/>\n\t<meta property=\"og:image:height\" content=\"1080\" \/>\n\t<meta property=\"og:image:type\" content=\"image\/jpeg\" \/>\n<meta name=\"twitter:card\" content=\"summary_large_image\" \/>\n<meta name=\"twitter:label1\" content=\"Estimated reading time\" \/>\n\t<meta name=\"twitter:data1\" content=\"3 minutes\" \/>\n<script type=\"application\/ld+json\" class=\"yoast-schema-graph\">{\"@context\":\"https:\/\/schema.org\",\"@graph\":[{\"@type\":\"WebPage\",\"@id\":\"https:\/\/www.zeozoe.sk\/produkt\/pletova-maska-sage-zeozoe\/\",\"url\":\"https:\/\/www.zeozoe.sk\/produkt\/pletova-maska-sage-zeozoe\/\",\"name\":\"ZEOZOE Ple\u0165ov\u00e1 maska Sage - ZEOZOE\u00ae\",\"isPartOf\":{\"@id\":\"https:\/\/www.zeozoe.sk\/#website\"},\"primaryImageOfPage\":{\"@id\":\"https:\/\/www.zeozoe.sk\/produkt\/pletova-maska-sage-zeozoe\/#primaryimage\"},\"image\":{\"@id\":\"https:\/\/www.zeozoe.sk\/produkt\/pletova-maska-sage-zeozoe\/#primaryimage\"},\"thumbnailUrl\":\"https:\/\/www.zeozoe.sk\/wp-content\/uploads\/2024\/06\/maska-salvia.jpg\",\"datePublished\":\"2024-06-03T22:51:07+00:00\",\"dateModified\":\"2026-04-10T13:28:21+00:00\",\"description\":\"ZEOZOE SAGE 200g \u2013 pr\u00edrodn\u00e1 maska so zeolitom a \u0161alviou na mastn\u00fa a problematick\u00fa ple\u0165. \u010cist\u00ed p\u00f3ry, reguluje maz, upokojuje akn\u00e9 a podr\u00e1\u017edenie. Ide\u00e1lna aj na telo a vlasy.\u2764\ufe0f Certifikovan\u00fd produkt\u2764\ufe0f Bezpe\u010dnostn\u00e1 spr\u00e1va\u2764\ufe0f Vyroben\u00e9 na Slovensku\u2764\ufe0f ZEOZOE \u2013 registrovan\u00e1 zna\u010dka\u2764\ufe0f Neobsahuje mikroplasty\u2764\ufe0f Vyroben\u00e9 s dobr\u00fdm z\u00e1merom \ud83d\ude42\",\"breadcrumb\":{\"@id\":\"https:\/\/www.zeozoe.sk\/produkt\/pletova-maska-sage-zeozoe\/#breadcrumb\"},\"inLanguage\":\"en-GB\",\"potentialAction\":[{\"@type\":\"ReadAction\",\"target\":[\"https:\/\/www.zeozoe.sk\/produkt\/pletova-maska-sage-zeozoe\/\"]}]},{\"@type\":\"ImageObject\",\"inLanguage\":\"en-GB\",\"@id\":\"https:\/\/www.zeozoe.sk\/produkt\/pletova-maska-sage-zeozoe\/#primaryimage\",\"url\":\"https:\/\/www.zeozoe.sk\/wp-content\/uploads\/2024\/06\/maska-salvia.jpg\",\"contentUrl\":\"https:\/\/www.zeozoe.sk\/wp-content\/uploads\/2024\/06\/maska-salvia.jpg\",\"width\":1080,\"height\":1080,\"caption\":\"Ple\u0165ov\u00e1 maska ZEOZOE SAGE \u2013 pr\u00edrodn\u00e1 maska so zeolitom a \u0161alviou na mastn\u00fa a problematick\u00fa ple\u0165, 200 g balenie\"},{\"@type\":\"BreadcrumbList\",\"@id\":\"https:\/\/www.zeozoe.sk\/produkt\/pletova-maska-sage-zeozoe\/#breadcrumb\",\"itemListElement\":[{\"@type\":\"ListItem\",\"position\":1,\"name\":\"Domov\",\"item\":\"https:\/\/www.zeozoe.sk\/\"},{\"@type\":\"ListItem\",\"position\":2,\"name\":\"Obchod\",\"item\":\"https:\/\/www.zeozoe.sk\/obchod\/\"},{\"@type\":\"ListItem\",\"position\":3,\"name\":\"ZEOZOE Ple\u0165ov\u00e1 maska Sage\"}]},{\"@type\":\"WebSite\",\"@id\":\"https:\/\/www.zeozoe.sk\/#website\",\"url\":\"https:\/\/www.zeozoe.sk\/\",\"name\":\"ZEOZOE\u00ae\",\"description\":\"Zubn\u00fd pr\u00e1\u0161ok a tablety na pr\u00edrodnej b\u00e1ze\",\"potentialAction\":[{\"@type\":\"SearchAction\",\"target\":{\"@type\":\"EntryPoint\",\"urlTemplate\":\"https:\/\/www.zeozoe.sk\/?s={search_term_string}\"},\"query-input\":{\"@type\":\"PropertyValueSpecification\",\"valueRequired\":true,\"valueName\":\"search_term_string\"}}],\"inLanguage\":\"en-GB\"}]}<\/script>\n<!-- \/ Yoast SEO Premium plugin. -->","yoast_head_json":{"title":"ZEOZOE Ple\u0165ov\u00e1 maska Sage - ZEOZOE\u00ae","description":"ZEOZOE SAGE 200g \u2013 pr\u00edrodn\u00e1 maska so zeolitom a \u0161alviou na mastn\u00fa a problematick\u00fa ple\u0165. \u010cist\u00ed p\u00f3ry, reguluje maz, upokojuje akn\u00e9 a podr\u00e1\u017edenie. Ide\u00e1lna aj na telo a vlasy.\u2764\ufe0f Certifikovan\u00fd produkt\u2764\ufe0f Bezpe\u010dnostn\u00e1 spr\u00e1va\u2764\ufe0f Vyroben\u00e9 na Slovensku\u2764\ufe0f ZEOZOE \u2013 registrovan\u00e1 zna\u010dka\u2764\ufe0f Neobsahuje mikroplasty\u2764\ufe0f Vyroben\u00e9 s dobr\u00fdm z\u00e1merom \ud83d\ude42","robots":{"index":"index","follow":"follow","max-snippet":"max-snippet:-1","max-image-preview":"max-image-preview:large","max-video-preview":"max-video-preview:-1"},"canonical":"https:\/\/www.zeozoe.sk\/en\/product\/pletova-maska-sage-zeozoe\/","og_locale":"en_GB","og_type":"article","og_title":"ZEOZOE Ple\u0165ov\u00e1 maska Sage","og_description":"ZEOZOE SAGE 200g \u2013 pr\u00edrodn\u00e1 maska so zeolitom a \u0161alviou na mastn\u00fa a problematick\u00fa ple\u0165. \u010cist\u00ed p\u00f3ry, reguluje maz, upokojuje akn\u00e9 a podr\u00e1\u017edenie. Ide\u00e1lna aj na telo a vlasy.\u2764\ufe0f Certifikovan\u00fd produkt\u2764\ufe0f Bezpe\u010dnostn\u00e1 spr\u00e1va\u2764\ufe0f Vyroben\u00e9 na Slovensku\u2764\ufe0f ZEOZOE \u2013 registrovan\u00e1 zna\u010dka\u2764\ufe0f Neobsahuje mikroplasty\u2764\ufe0f Vyroben\u00e9 s dobr\u00fdm z\u00e1merom \ud83d\ude42","og_url":"https:\/\/www.zeozoe.sk\/en\/product\/pletova-maska-sage-zeozoe\/","og_site_name":"ZEOZOE\u00ae","article_modified_time":"2026-04-10T13:28:21+00:00","og_image":[{"width":1080,"height":1080,"url":"https:\/\/www.zeozoe.sk\/wp-content\/uploads\/2024\/06\/maska-salvia.jpg","type":"image\/jpeg"}],"twitter_card":"summary_large_image","twitter_misc":{"Estimated reading time":"3 minutes"},"schema":{"@context":"https:\/\/schema.org","@graph":[{"@type":"WebPage","@id":"https:\/\/www.zeozoe.sk\/produkt\/pletova-maska-sage-zeozoe\/","url":"https:\/\/www.zeozoe.sk\/produkt\/pletova-maska-sage-zeozoe\/","name":"ZEOZOE Ple\u0165ov\u00e1 maska Sage - ZEOZOE\u00ae","isPartOf":{"@id":"https:\/\/www.zeozoe.sk\/#website"},"primaryImageOfPage":{"@id":"https:\/\/www.zeozoe.sk\/produkt\/pletova-maska-sage-zeozoe\/#primaryimage"},"image":{"@id":"https:\/\/www.zeozoe.sk\/produkt\/pletova-maska-sage-zeozoe\/#primaryimage"},"thumbnailUrl":"https:\/\/www.zeozoe.sk\/wp-content\/uploads\/2024\/06\/maska-salvia.jpg","datePublished":"2024-06-03T22:51:07+00:00","dateModified":"2026-04-10T13:28:21+00:00","description":"ZEOZOE SAGE 200g \u2013 pr\u00edrodn\u00e1 maska so zeolitom a \u0161alviou na mastn\u00fa a problematick\u00fa ple\u0165. \u010cist\u00ed p\u00f3ry, reguluje maz, upokojuje akn\u00e9 a podr\u00e1\u017edenie. Ide\u00e1lna aj na telo a vlasy.\u2764\ufe0f Certifikovan\u00fd produkt\u2764\ufe0f Bezpe\u010dnostn\u00e1 spr\u00e1va\u2764\ufe0f Vyroben\u00e9 na Slovensku\u2764\ufe0f ZEOZOE \u2013 registrovan\u00e1 zna\u010dka\u2764\ufe0f Neobsahuje mikroplasty\u2764\ufe0f Vyroben\u00e9 s dobr\u00fdm z\u00e1merom \ud83d\ude42","breadcrumb":{"@id":"https:\/\/www.zeozoe.sk\/produkt\/pletova-maska-sage-zeozoe\/#breadcrumb"},"inLanguage":"en-GB","potentialAction":[{"@type":"ReadAction","target":["https:\/\/www.zeozoe.sk\/produkt\/pletova-maska-sage-zeozoe\/"]}]},{"@type":"ImageObject","inLanguage":"en-GB","@id":"https:\/\/www.zeozoe.sk\/produkt\/pletova-maska-sage-zeozoe\/#primaryimage","url":"https:\/\/www.zeozoe.sk\/wp-content\/uploads\/2024\/06\/maska-salvia.jpg","contentUrl":"https:\/\/www.zeozoe.sk\/wp-content\/uploads\/2024\/06\/maska-salvia.jpg","width":1080,"height":1080,"caption":"Ple\u0165ov\u00e1 maska ZEOZOE SAGE \u2013 pr\u00edrodn\u00e1 maska so zeolitom a \u0161alviou na mastn\u00fa a problematick\u00fa ple\u0165, 200 g balenie"},{"@type":"BreadcrumbList","@id":"https:\/\/www.zeozoe.sk\/produkt\/pletova-maska-sage-zeozoe\/#breadcrumb","itemListElement":[{"@type":"ListItem","position":1,"name":"Domov","item":"https:\/\/www.zeozoe.sk\/"},{"@type":"ListItem","position":2,"name":"Obchod","item":"https:\/\/www.zeozoe.sk\/obchod\/"},{"@type":"ListItem","position":3,"name":"ZEOZOE Ple\u0165ov\u00e1 maska Sage"}]},{"@type":"WebSite","@id":"https:\/\/www.zeozoe.sk\/#website","url":"https:\/\/www.zeozoe.sk\/","name":"ZEOZOE\u00ae","description":"Zubn\u00fd pr\u00e1\u0161ok a tablety na pr\u00edrodnej b\u00e1ze","potentialAction":[{"@type":"SearchAction","target":{"@type":"EntryPoint","urlTemplate":"https:\/\/www.zeozoe.sk\/?s={search_term_string}"},"query-input":{"@type":"PropertyValueSpecification","valueRequired":true,"valueName":"search_term_string"}}],"inLanguage":"en-GB"}]}},"_links":{"self":[{"href":"https:\/\/www.zeozoe.sk\/en\/wp-json\/wp\/v2\/product\/118","targetHints":{"allow":["GET"]}}],"collection":[{"href":"https:\/\/www.zeozoe.sk\/en\/wp-json\/wp\/v2\/product"}],"about":[{"href":"https:\/\/www.zeozoe.sk\/en\/wp-json\/wp\/v2\/types\/product"}],"replies":[{"embeddable":true,"href":"https:\/\/www.zeozoe.sk\/en\/wp-json\/wp\/v2\/comments?post=118"}],"wp:featuredmedia":[{"embeddable":true,"href":"https:\/\/www.zeozoe.sk\/en\/wp-json\/wp\/v2\/media\/10708"}],"wp:attachment":[{"href":"https:\/\/www.zeozoe.sk\/en\/wp-json\/wp\/v2\/media?parent=118"}],"wp:term":[{"taxonomy":"product_brand","embeddable":true,"href":"https:\/\/www.zeozoe.sk\/en\/wp-json\/wp\/v2\/product_brand?post=118"},{"taxonomy":"product_cat","embeddable":true,"href":"https:\/\/www.zeozoe.sk\/en\/wp-json\/wp\/v2\/product_cat?post=118"},{"taxonomy":"product_tag","embeddable":true,"href":"https:\/\/www.zeozoe.sk\/en\/wp-json\/wp\/v2\/product_tag?post=118"}],"curies":[{"name":"wp","href":"https:\/\/api.w.org\/{rel}","templated":true}]}}