{"id":1224,"date":"2024-10-08T23:39:03","date_gmt":"2024-10-08T21:39:03","guid":{"rendered":"https:\/\/www.zeozoe.sk\/?post_type=product&#038;p=1224"},"modified":"2026-04-22T12:47:49","modified_gmt":"2026-04-22T10:47:49","slug":"luxusne-telove-maslo-zeozoe-spa-so-zeolitom","status":"publish","type":"product","link":"https:\/\/www.zeozoe.sk\/en\/product\/luxusne-telove-maslo-zeozoe-spa-so-zeolitom\/","title":{"rendered":"SPA &#8211; luxusn\u00e9 telov\u00e9 maslo 250ml e"},"content":{"rendered":"<h3><span style=\"color: #000000;\"><strong>Luxusn\u00e9 telov\u00e9 maslo ZEOZOE SPA so zeolitom<\/strong><\/span><\/h3>\n<h3 class=\"\" data-start=\"362\" data-end=\"437\"><span style=\"color: #000000;\">Objavte spojenie luxusu, relax\u00e1cie a pr\u00edrodnej starostlivosti o poko\u017eku<\/span><\/h3>\n<p class=\"\" data-start=\"439\" data-end=\"790\"><span style=\"color: #000000;\">Telov\u00e9 maslo ZEOZOE SPA je <strong data-start=\"466\" data-end=\"497\">pr\u00edrodn\u00fd hydrata\u010dn\u00fd produkt<\/strong>, ktor\u00fd zmen\u00ed ka\u017edodenn\u00fa starostlivos\u0165 o poko\u017eku na zmyslov\u00fd ritu\u00e1l. Jeho <strong data-start=\"571\" data-end=\"592\">nad\u00fdchan\u00e1 text\u00fara<\/strong> pripom\u00edna obl\u00e1\u010dik \u2013 r\u00fdchlo sa vstreb\u00e1va a nezanech\u00e1va mastn\u00fd film. Navy\u0161e, v\u010faka unik\u00e1tnej v\u00f4ni eukalyptu, citr\u00f3novej tr\u00e1vy a peru\u00e1nskych olejov sa prenesiete do sveta wellness a hlbokej relax\u00e1cie.<\/span><\/p>\n<hr class=\"\" data-start=\"792\" data-end=\"795\" \/>\n<h3 class=\"\" data-start=\"797\" data-end=\"855\"><span style=\"color: #000000;\">\ud83c\udf3f <strong data-start=\"804\" data-end=\"855\">Starostlivo vybran\u00e9 zlo\u017eky pre v\u00fdnimo\u010dn\u00fd pocit:<\/strong><\/span><\/h3>\n<p class=\"\" data-start=\"857\" data-end=\"1239\"><span style=\"color: #000000;\">\ud83d\udee1\ufe0f <strong data-start=\"861\" data-end=\"874\">Vitam\u00edn E<\/strong> \u2013 chr\u00e1ni poko\u017eku pred oxida\u010dn\u00fdm stresom, regeneruje a podporuje jej \u017eiarivos\u0165<\/span><br data-start=\"952\" data-end=\"955\" \/><span style=\"color: #000000;\">\ud83d\udca7 <strong data-start=\"958\" data-end=\"987\">Provitam\u00edn B5 (Panthenol)<\/strong> \u2013 prenik\u00e1 do h\u013abky, zvy\u0161uje elasticitu a dlhodobo hydratuje<\/span><br data-start=\"1047\" data-end=\"1050\" \/><span style=\"color: #000000;\">\ud83c\udf0b <strong data-start=\"1053\" data-end=\"1077\">Zeolit klinoptilolit<\/strong> \u2013 \u010dist\u00ed poko\u017eku od tox\u00ednov a nadbyto\u010dn\u00e9ho mazu, podporuje rovnov\u00e1hu pleti<\/span><br data-start=\"1151\" data-end=\"1154\" \/><span style=\"color: #000000;\">\ud83e\udd65 <strong data-start=\"1157\" data-end=\"1175\">Bambuck\u00e9 maslo<\/strong> \u2013 zjem\u0148uje, upokojuje podr\u00e1\u017edenie a obnovuje pru\u017enos\u0165 poko\u017eky<\/span><\/p>\n<hr class=\"\" data-start=\"1241\" data-end=\"1244\" \/>\n<h3 class=\"\" data-start=\"1246\" data-end=\"1289\"><span style=\"color: #000000;\"><strong data-start=\"1252\" data-end=\"1289\">V\u00fdhody telov\u00e9ho masla ZEOZOE SPA:<\/strong><\/span><\/h3>\n<p class=\"\" data-start=\"1291\" data-end=\"1399\"><span style=\"color: #000000;\">\ud83d\udca6 <strong data-start=\"1294\" data-end=\"1316\">H\u013abkov\u00e1 hydrat\u00e1cia<\/strong><\/span><br data-start=\"1316\" data-end=\"1319\" \/><span style=\"color: #000000;\">Ide\u00e1lne pre such\u00fa, citliv\u00fa alebo nam\u00e1han\u00fa poko\u017eku \u2013 zanech\u00e1va ju hladk\u00fa a hebk\u00fa.<\/span><\/p>\n<p class=\"\" data-start=\"1401\" data-end=\"1503\"><span style=\"color: #000000;\">\ud83c\udf3f <strong data-start=\"1404\" data-end=\"1425\">Pr\u00edrodn\u00e9 zlo\u017eenie<\/strong><\/span><br data-start=\"1425\" data-end=\"1428\" \/><span style=\"color: #000000;\">Bez parab\u00e9nov, silik\u00f3nov a syntetick\u00fdch farb\u00edv \u2013 \u0161etrn\u00e9 ku ko\u017ei aj pr\u00edrode.<\/span><\/p>\n<p class=\"\" data-start=\"1505\" data-end=\"1611\"><span style=\"color: #000000;\">\ud83e\uddd8 <strong data-start=\"1508\" data-end=\"1526\">Relaxa\u010dn\u00e1 v\u00f4\u0148a<\/strong><\/span><br data-start=\"1526\" data-end=\"1529\" \/><span style=\"color: #000000;\">Osvie\u017euj\u00face t\u00f3ny eukalyptu a citr\u00f3novej tr\u00e1vy navodzuj\u00fa pocit \u010distoty a uvo\u013enenia.<\/span><\/p>\n<p class=\"\" data-start=\"1613\" data-end=\"1748\"><span style=\"color: #000000;\">\ud83c\udf81 <strong data-start=\"1616\" data-end=\"1654\">Luxusn\u00fd z\u00e1\u017eitok pri ka\u017edom pou\u017eit\u00ed<\/strong><\/span><br data-start=\"1654\" data-end=\"1657\" \/><span style=\"color: #000000;\">\u013dahk\u00e1, \u0161\u013eahan\u00e1 text\u00fara sa okam\u017eite vstreb\u00e1va a premen\u00ed starostlivos\u0165 o telo na SPA chv\u00ed\u013eku.<\/span><\/p>\n<p class=\"\" data-start=\"1750\" data-end=\"1847\"><span style=\"color: #000000;\">\ud83e\udde1 <strong data-start=\"1753\" data-end=\"1777\">Univerz\u00e1lne pou\u017eitie<\/strong><\/span><br data-start=\"1777\" data-end=\"1780\" \/><span style=\"color: #000000;\">Vhodn\u00e9 na cel\u00e9 telo \u2013 ruky, lakte, chodidl\u00e1 \u010di such\u00e9 \u010dasti poko\u017eky.<\/span><\/p>\n<hr class=\"\" data-start=\"1849\" data-end=\"1852\" \/>\n<h3 class=\"\" data-start=\"1854\" data-end=\"1902\"><span style=\"color: #000000;\"><strong data-start=\"1861\" data-end=\"1902\">Ako pou\u017e\u00edva\u0165 telov\u00e9 maslo ZEOZOE SPA?<\/strong><\/span><\/h3>\n<p class=\"\" data-start=\"1904\" data-end=\"2124\"><span style=\"color: #000000;\">1\ufe0f\u20e3 Naneste jemn\u00fa vrstvu na \u010dist\u00fa, such\u00fa poko\u017eku<\/span><br data-start=\"1952\" data-end=\"1955\" \/><span style=\"color: #000000;\">2\ufe0f\u20e3 Vmas\u00edrujte kr\u00fa\u017eiv\u00fdmi pohybmi, k\u00fdm sa nevstrebe<\/span><br data-start=\"2005\" data-end=\"2008\" \/><span style=\"color: #000000;\">3\ufe0f\u20e3 Pou\u017e\u00edvajte denne \u2013 najlep\u0161ie <strong data-start=\"2041\" data-end=\"2071\">po sprchovan\u00ed alebo k\u00fapeli<\/strong>, ke\u010f je poko\u017eka najviac pripraven\u00e1 absorbova\u0165 v\u00fd\u017eivu<\/span><\/p>\n<hr class=\"\" data-start=\"2126\" data-end=\"2129\" \/>\n<h3 class=\"\" data-start=\"2131\" data-end=\"2169\"><span style=\"color: #000000;\">\ud83c\udf38 <strong data-start=\"2138\" data-end=\"2169\">Pre\u010do si vybra\u0165 ZEOZOE SPA?<\/strong><\/span><\/h3>\n<p class=\"\" data-start=\"2171\" data-end=\"2465\"><span style=\"color: #000000;\">\u00a0<strong data-start=\"2174\" data-end=\"2215\">Detoxik\u00e1cia, hydrat\u00e1cia a regener\u00e1cia<\/strong> v jednom produkte<\/span><br data-start=\"2233\" data-end=\"2236\" \/><span style=\"color: #000000;\">\u00a0<strong data-start=\"2239\" data-end=\"2261\">Pr\u00edrodn\u00e1 kozmetika<\/strong> \u2013 \u0161etrn\u00e1 k poko\u017eke aj \u017eivotn\u00e9mu prostrediu<\/span><br data-start=\"2304\" data-end=\"2307\" \/><span style=\"color: #000000;\">\u00a0<strong data-start=\"2310\" data-end=\"2329\">Pr\u00e9miov\u00fd dar\u010dek<\/strong> \u2013 ide\u00e1lny pre milovn\u00edkov wellness, relax\u00e1cie a luxusu<\/span><br data-start=\"2383\" data-end=\"2386\" \/><span style=\"color: #000000;\">\u00a0<strong data-start=\"2389\" data-end=\"2411\">Overen\u00e9 z\u00e1kazn\u00edkmi<\/strong> \u2013 ob\u013e\u00faben\u00fd pre svoju jemn\u00fa text\u00faru a jedine\u010dn\u00fa v\u00f4\u0148u<\/span><\/p>\n<hr class=\"\" data-start=\"2467\" data-end=\"2470\" \/>\n<p class=\"\" data-start=\"2472\" data-end=\"2594\"><span style=\"color: #000000;\">\ud83d\udce6 <strong data-start=\"2475\" data-end=\"2499\">Objednajte si teraz:<\/strong><\/span><br data-start=\"2499\" data-end=\"2502\" \/><span style=\"color: #000000;\"><strong data-start=\"2502\" data-end=\"2594\">Telov\u00e9 maslo ZEOZOE SPA \u2013 luxusn\u00e1 pr\u00edrodn\u00e1 starostlivos\u0165 o poko\u017eku, ktor\u00fa si zamilujete.<\/strong><\/span><\/p>\n<hr \/>\n<h3><span style=\"color: #000000;\"><strong>S\u00favisiace produkty:<\/strong><\/span><\/h3>\n<ul>\n<li><span style=\"color: #000000;\"><a style=\"color: #000000;\" href=\"https:\/\/www.zeozoe.sk\/produkt\/pletova-maska-sage-zeozoe\/\" rel=\"noopener\">Ple\u0165ov\u00e1 maska Zeolit a \u0160alvia<\/a> \u2013 detoxika\u010dn\u00fd z\u00e1zrak pre va\u0161u ple\u0165.<\/span><\/li>\n<li><span style=\"color: #000000;\"><a style=\"color: #000000;\" href=\"https:\/\/www.zeozoe.sk\/produkt\/luxusne-telove-maslo-zeozoe-sakura-so-zeolitom\/\" rel=\"noopener\">Luxusn\u00e9 telov\u00e9 maslo Sakura<\/a> \u2013 pre jemn\u00fa, romantick\u00fa starostlivos\u0165.<\/span><\/li>\n<li><span style=\"color: #000000;\"><a style=\"color: #000000;\" href=\"https:\/\/www.zeozoe.sk\/produkt\/zvyhodneny-vianocny-balicek-pre-telo-od-zeozoe-2\/\">Viano\u010dn\u00e9 bal\u00ed\u010dky<\/a><\/span><\/li>\n<\/ul>","protected":false},"excerpt":{"rendered":"<p class=\"ai-optimize-30\">Luxusn\u00e9 telov\u00e9 maslo ZEOZOE SPA je dokonal\u00fdm spojen\u00edm hydrat\u00e1cie, detoxik\u00e1cie a relax\u00e1cie. Jemn\u00e1 text\u00fara masla so zeolitom, eukalyptom a citr\u00f3novou tr\u00e1vou prenesie va\u0161u poko\u017eku do sveta wellness starostlivosti. Hydratuje do h\u013abky, nezanech\u00e1va mastn\u00fd pocit a zanech\u00e1va poko\u017eku jemn\u00fa a svie\u017eu. Ide\u00e1lne pre such\u00fa a citliv\u00fa poko\u017eku.<\/p>\n<p class=\"ai-optimize-31\"><span style=\"color: #000000;\">\u2764\ufe0f <strong data-start=\"108\" data-end=\"133\">Certifikovan\u00fd produkt<\/strong><\/span><br data-start=\"133\" data-end=\"136\" \/><span style=\"color: #000000;\">\u2764\ufe0f <strong data-start=\"139\" data-end=\"162\">Bezpe\u010dnostn\u00e1 spr\u00e1va<\/strong><\/span><br data-start=\"162\" data-end=\"165\" \/><span style=\"color: #000000;\">\u2764\ufe0f <strong data-start=\"168\" data-end=\"193\">Vyroben\u00e9 na Slovensku<\/strong><\/span><br data-start=\"193\" data-end=\"196\" \/><span style=\"color: #000000;\">\u2764\ufe0f <strong data-start=\"199\" data-end=\"231\">ZEOZOE \u2013 registrovan\u00e1 zna\u010dka<\/strong><\/span><br data-start=\"231\" data-end=\"234\" \/><span style=\"color: #000000;\">\u2764\ufe0f <strong data-start=\"237\" data-end=\"263\">Neobsahuje mikroplasty<\/strong><\/span><br data-start=\"263\" data-end=\"266\" \/><span style=\"color: #000000;\">\u2764\ufe0f <strong data-start=\"269\" data-end=\"301\">Vyroben\u00e9 s dobr\u00fdm z\u00e1merom \ud83d\ude42<\/strong><\/span><\/p>","protected":false},"featured_media":11144,"comment_status":"open","ping_status":"closed","template":"","meta":[],"product_brand":[],"product_cat":[54,29],"product_tag":[57,56,58,59,60,71],"class_list":{"0":"post-1224","1":"product","2":"type-product","3":"status-publish","4":"has-post-thumbnail","6":"product_cat-vsetko","7":"product_cat-telo","8":"product_tag-hydratacne-telove-maslo","9":"product_tag-luxusne-naslahane-telove-maslo-so-zeolitom","10":"product_tag-prirodne","11":"product_tag-telove","12":"product_tag-zeolit","13":"product_tag-zeozoe-produkty","15":"first","16":"instock","17":"taxable","18":"shipping-taxable","19":"purchasable","20":"product-type-simple"},"yoast_head":"<!-- This site is optimized with the Yoast SEO Premium plugin v25.2 (Yoast SEO v25.2) - https:\/\/yoast.com\/wordpress\/plugins\/seo\/ -->\n<title>Luxusn\u00e9 telov\u00e9 maslo ZEOZOE SPA so zeolitom<\/title>\n<meta name=\"description\" content=\"Objavte luxusn\u00e9 telov\u00e9 maslo ZEOZOE SPA so zeolitom a v\u00f4\u0148ou eukalyptu. Hydratuje, detoxikuje a regeneruje. Nad\u00fdchan\u00e9 maslo ide\u00e1lne pre relax\u00e1ciu a starostlivos\u0165 pln\u00e9 bubliniek. \u2764\ufe0f Certifikovan\u00fd produkt\u2764\ufe0f Bezpe\u010dnostn\u00e1 spr\u00e1va\u2764\ufe0f Vyroben\u00e9 na Slovensku\u2764\ufe0f ZEOZOE \u2013 registrovan\u00e1 zna\u010dka\u2764\ufe0f Neobsahuje mikroplasty\u2764\ufe0f Vyroben\u00e9 s dobr\u00fdm z\u00e1merom \ud83d\ude42\" \/>\n<meta name=\"robots\" content=\"index, follow, max-snippet:-1, max-image-preview:large, max-video-preview:-1\" \/>\n<link rel=\"canonical\" href=\"https:\/\/www.zeozoe.sk\/en\/product\/luxusne-telove-maslo-zeozoe-spa-so-zeolitom\/\" \/>\n<meta property=\"og:locale\" content=\"en_GB\" \/>\n<meta property=\"og:type\" content=\"article\" \/>\n<meta property=\"og:title\" content=\"SPA - luxusn\u00e9 telov\u00e9 maslo 250ml e\" \/>\n<meta property=\"og:description\" content=\"Objavte luxusn\u00e9 telov\u00e9 maslo ZEOZOE SPA so zeolitom a v\u00f4\u0148ou eukalyptu. Hydratuje, detoxikuje a regeneruje. Nad\u00fdchan\u00e9 maslo ide\u00e1lne pre relax\u00e1ciu a starostlivos\u0165 pln\u00e9 bubliniek. \u2764\ufe0f Certifikovan\u00fd produkt\u2764\ufe0f Bezpe\u010dnostn\u00e1 spr\u00e1va\u2764\ufe0f Vyroben\u00e9 na Slovensku\u2764\ufe0f ZEOZOE \u2013 registrovan\u00e1 zna\u010dka\u2764\ufe0f Neobsahuje mikroplasty\u2764\ufe0f Vyroben\u00e9 s dobr\u00fdm z\u00e1merom \ud83d\ude42\" \/>\n<meta property=\"og:url\" content=\"https:\/\/www.zeozoe.sk\/en\/product\/luxusne-telove-maslo-zeozoe-spa-so-zeolitom\/\" \/>\n<meta property=\"og:site_name\" content=\"ZEOZOE\u00ae\" \/>\n<meta property=\"article:modified_time\" content=\"2026-04-22T10:47:49+00:00\" \/>\n<meta property=\"og:image\" content=\"https:\/\/www.zeozoe.sk\/wp-content\/uploads\/2024\/10\/Telove-maslo-SPA.jpg\" \/>\n\t<meta property=\"og:image:width\" content=\"1080\" \/>\n\t<meta property=\"og:image:height\" content=\"1080\" \/>\n\t<meta property=\"og:image:type\" content=\"image\/jpeg\" \/>\n<meta name=\"twitter:card\" content=\"summary_large_image\" \/>\n<meta name=\"twitter:label1\" content=\"Estimated reading time\" \/>\n\t<meta name=\"twitter:data1\" content=\"2 minutes\" \/>\n<script type=\"application\/ld+json\" class=\"yoast-schema-graph\">{\"@context\":\"https:\/\/schema.org\",\"@graph\":[{\"@type\":\"WebPage\",\"@id\":\"https:\/\/www.zeozoe.sk\/produkt\/luxusne-telove-maslo-zeozoe-spa-so-zeolitom\/\",\"url\":\"https:\/\/www.zeozoe.sk\/produkt\/luxusne-telove-maslo-zeozoe-spa-so-zeolitom\/\",\"name\":\"Luxusn\u00e9 telov\u00e9 maslo ZEOZOE SPA so zeolitom\",\"isPartOf\":{\"@id\":\"https:\/\/www.zeozoe.sk\/#website\"},\"primaryImageOfPage\":{\"@id\":\"https:\/\/www.zeozoe.sk\/produkt\/luxusne-telove-maslo-zeozoe-spa-so-zeolitom\/#primaryimage\"},\"image\":{\"@id\":\"https:\/\/www.zeozoe.sk\/produkt\/luxusne-telove-maslo-zeozoe-spa-so-zeolitom\/#primaryimage\"},\"thumbnailUrl\":\"https:\/\/www.zeozoe.sk\/wp-content\/uploads\/2024\/10\/Telove-maslo-SPA.jpg\",\"datePublished\":\"2024-10-08T21:39:03+00:00\",\"dateModified\":\"2026-04-22T10:47:49+00:00\",\"description\":\"Objavte luxusn\u00e9 telov\u00e9 maslo ZEOZOE SPA so zeolitom a v\u00f4\u0148ou eukalyptu. Hydratuje, detoxikuje a regeneruje. Nad\u00fdchan\u00e9 maslo ide\u00e1lne pre relax\u00e1ciu a starostlivos\u0165 pln\u00e9 bubliniek. \u2764\ufe0f Certifikovan\u00fd produkt\u2764\ufe0f Bezpe\u010dnostn\u00e1 spr\u00e1va\u2764\ufe0f Vyroben\u00e9 na Slovensku\u2764\ufe0f ZEOZOE \u2013 registrovan\u00e1 zna\u010dka\u2764\ufe0f Neobsahuje mikroplasty\u2764\ufe0f Vyroben\u00e9 s dobr\u00fdm z\u00e1merom \ud83d\ude42\",\"breadcrumb\":{\"@id\":\"https:\/\/www.zeozoe.sk\/produkt\/luxusne-telove-maslo-zeozoe-spa-so-zeolitom\/#breadcrumb\"},\"inLanguage\":\"en-GB\",\"potentialAction\":[{\"@type\":\"ReadAction\",\"target\":[\"https:\/\/www.zeozoe.sk\/produkt\/luxusne-telove-maslo-zeozoe-spa-so-zeolitom\/\"]}]},{\"@type\":\"ImageObject\",\"inLanguage\":\"en-GB\",\"@id\":\"https:\/\/www.zeozoe.sk\/produkt\/luxusne-telove-maslo-zeozoe-spa-so-zeolitom\/#primaryimage\",\"url\":\"https:\/\/www.zeozoe.sk\/wp-content\/uploads\/2024\/10\/Telove-maslo-SPA.jpg\",\"contentUrl\":\"https:\/\/www.zeozoe.sk\/wp-content\/uploads\/2024\/10\/Telove-maslo-SPA.jpg\",\"width\":1080,\"height\":1080,\"caption\":\"Luxusn\u00e9 telov\u00e9 maslo ZEOZOE SPA je dokonal\u00fdm spojen\u00edm hydrat\u00e1cie, detoxik\u00e1cie a relax\u00e1cie. Jemn\u00e1 text\u00fara masla so zeolitom, eukalyptom a citr\u00f3novou tr\u00e1vou prenesie va\u0161u poko\u017eku do sveta wellness starostlivosti. Hydratuje do h\u013abky, nezanech\u00e1va mastn\u00fd pocit a zanech\u00e1va poko\u017eku jemn\u00fa a svie\u017eu. Ide\u00e1lne pre such\u00fa a citliv\u00fa poko\u017eku.\"},{\"@type\":\"BreadcrumbList\",\"@id\":\"https:\/\/www.zeozoe.sk\/produkt\/luxusne-telove-maslo-zeozoe-spa-so-zeolitom\/#breadcrumb\",\"itemListElement\":[{\"@type\":\"ListItem\",\"position\":1,\"name\":\"Domov\",\"item\":\"https:\/\/www.zeozoe.sk\/\"},{\"@type\":\"ListItem\",\"position\":2,\"name\":\"Obchod\",\"item\":\"https:\/\/www.zeozoe.sk\/obchod\/\"},{\"@type\":\"ListItem\",\"position\":3,\"name\":\"SPA &#8211; luxusn\u00e9 telov\u00e9 maslo 250ml e\"}]},{\"@type\":\"WebSite\",\"@id\":\"https:\/\/www.zeozoe.sk\/#website\",\"url\":\"https:\/\/www.zeozoe.sk\/\",\"name\":\"ZEOZOE\u00ae\",\"description\":\"Zubn\u00fd pr\u00e1\u0161ok a tablety na pr\u00edrodnej b\u00e1ze\",\"potentialAction\":[{\"@type\":\"SearchAction\",\"target\":{\"@type\":\"EntryPoint\",\"urlTemplate\":\"https:\/\/www.zeozoe.sk\/?s={search_term_string}\"},\"query-input\":{\"@type\":\"PropertyValueSpecification\",\"valueRequired\":true,\"valueName\":\"search_term_string\"}}],\"inLanguage\":\"en-GB\"}]}<\/script>\n<!-- \/ Yoast SEO Premium plugin. -->","yoast_head_json":{"title":"Luxusn\u00e9 telov\u00e9 maslo ZEOZOE SPA so zeolitom","description":"Objavte luxusn\u00e9 telov\u00e9 maslo ZEOZOE SPA so zeolitom a v\u00f4\u0148ou eukalyptu. Hydratuje, detoxikuje a regeneruje. Nad\u00fdchan\u00e9 maslo ide\u00e1lne pre relax\u00e1ciu a starostlivos\u0165 pln\u00e9 bubliniek. \u2764\ufe0f Certifikovan\u00fd produkt\u2764\ufe0f Bezpe\u010dnostn\u00e1 spr\u00e1va\u2764\ufe0f Vyroben\u00e9 na Slovensku\u2764\ufe0f ZEOZOE \u2013 registrovan\u00e1 zna\u010dka\u2764\ufe0f Neobsahuje mikroplasty\u2764\ufe0f Vyroben\u00e9 s dobr\u00fdm z\u00e1merom \ud83d\ude42","robots":{"index":"index","follow":"follow","max-snippet":"max-snippet:-1","max-image-preview":"max-image-preview:large","max-video-preview":"max-video-preview:-1"},"canonical":"https:\/\/www.zeozoe.sk\/en\/product\/luxusne-telove-maslo-zeozoe-spa-so-zeolitom\/","og_locale":"en_GB","og_type":"article","og_title":"SPA - luxusn\u00e9 telov\u00e9 maslo 250ml e","og_description":"Objavte luxusn\u00e9 telov\u00e9 maslo ZEOZOE SPA so zeolitom a v\u00f4\u0148ou eukalyptu. Hydratuje, detoxikuje a regeneruje. Nad\u00fdchan\u00e9 maslo ide\u00e1lne pre relax\u00e1ciu a starostlivos\u0165 pln\u00e9 bubliniek. \u2764\ufe0f Certifikovan\u00fd produkt\u2764\ufe0f Bezpe\u010dnostn\u00e1 spr\u00e1va\u2764\ufe0f Vyroben\u00e9 na Slovensku\u2764\ufe0f ZEOZOE \u2013 registrovan\u00e1 zna\u010dka\u2764\ufe0f Neobsahuje mikroplasty\u2764\ufe0f Vyroben\u00e9 s dobr\u00fdm z\u00e1merom \ud83d\ude42","og_url":"https:\/\/www.zeozoe.sk\/en\/product\/luxusne-telove-maslo-zeozoe-spa-so-zeolitom\/","og_site_name":"ZEOZOE\u00ae","article_modified_time":"2026-04-22T10:47:49+00:00","og_image":[{"width":1080,"height":1080,"url":"https:\/\/www.zeozoe.sk\/wp-content\/uploads\/2024\/10\/Telove-maslo-SPA.jpg","type":"image\/jpeg"}],"twitter_card":"summary_large_image","twitter_misc":{"Estimated reading time":"2 minutes"},"schema":{"@context":"https:\/\/schema.org","@graph":[{"@type":"WebPage","@id":"https:\/\/www.zeozoe.sk\/produkt\/luxusne-telove-maslo-zeozoe-spa-so-zeolitom\/","url":"https:\/\/www.zeozoe.sk\/produkt\/luxusne-telove-maslo-zeozoe-spa-so-zeolitom\/","name":"Luxusn\u00e9 telov\u00e9 maslo ZEOZOE SPA so zeolitom","isPartOf":{"@id":"https:\/\/www.zeozoe.sk\/#website"},"primaryImageOfPage":{"@id":"https:\/\/www.zeozoe.sk\/produkt\/luxusne-telove-maslo-zeozoe-spa-so-zeolitom\/#primaryimage"},"image":{"@id":"https:\/\/www.zeozoe.sk\/produkt\/luxusne-telove-maslo-zeozoe-spa-so-zeolitom\/#primaryimage"},"thumbnailUrl":"https:\/\/www.zeozoe.sk\/wp-content\/uploads\/2024\/10\/Telove-maslo-SPA.jpg","datePublished":"2024-10-08T21:39:03+00:00","dateModified":"2026-04-22T10:47:49+00:00","description":"Objavte luxusn\u00e9 telov\u00e9 maslo ZEOZOE SPA so zeolitom a v\u00f4\u0148ou eukalyptu. Hydratuje, detoxikuje a regeneruje. Nad\u00fdchan\u00e9 maslo ide\u00e1lne pre relax\u00e1ciu a starostlivos\u0165 pln\u00e9 bubliniek. \u2764\ufe0f Certifikovan\u00fd produkt\u2764\ufe0f Bezpe\u010dnostn\u00e1 spr\u00e1va\u2764\ufe0f Vyroben\u00e9 na Slovensku\u2764\ufe0f ZEOZOE \u2013 registrovan\u00e1 zna\u010dka\u2764\ufe0f Neobsahuje mikroplasty\u2764\ufe0f Vyroben\u00e9 s dobr\u00fdm z\u00e1merom \ud83d\ude42","breadcrumb":{"@id":"https:\/\/www.zeozoe.sk\/produkt\/luxusne-telove-maslo-zeozoe-spa-so-zeolitom\/#breadcrumb"},"inLanguage":"en-GB","potentialAction":[{"@type":"ReadAction","target":["https:\/\/www.zeozoe.sk\/produkt\/luxusne-telove-maslo-zeozoe-spa-so-zeolitom\/"]}]},{"@type":"ImageObject","inLanguage":"en-GB","@id":"https:\/\/www.zeozoe.sk\/produkt\/luxusne-telove-maslo-zeozoe-spa-so-zeolitom\/#primaryimage","url":"https:\/\/www.zeozoe.sk\/wp-content\/uploads\/2024\/10\/Telove-maslo-SPA.jpg","contentUrl":"https:\/\/www.zeozoe.sk\/wp-content\/uploads\/2024\/10\/Telove-maslo-SPA.jpg","width":1080,"height":1080,"caption":"Luxusn\u00e9 telov\u00e9 maslo ZEOZOE SPA je dokonal\u00fdm spojen\u00edm hydrat\u00e1cie, detoxik\u00e1cie a relax\u00e1cie. Jemn\u00e1 text\u00fara masla so zeolitom, eukalyptom a citr\u00f3novou tr\u00e1vou prenesie va\u0161u poko\u017eku do sveta wellness starostlivosti. Hydratuje do h\u013abky, nezanech\u00e1va mastn\u00fd pocit a zanech\u00e1va poko\u017eku jemn\u00fa a svie\u017eu. Ide\u00e1lne pre such\u00fa a citliv\u00fa poko\u017eku."},{"@type":"BreadcrumbList","@id":"https:\/\/www.zeozoe.sk\/produkt\/luxusne-telove-maslo-zeozoe-spa-so-zeolitom\/#breadcrumb","itemListElement":[{"@type":"ListItem","position":1,"name":"Domov","item":"https:\/\/www.zeozoe.sk\/"},{"@type":"ListItem","position":2,"name":"Obchod","item":"https:\/\/www.zeozoe.sk\/obchod\/"},{"@type":"ListItem","position":3,"name":"SPA &#8211; luxusn\u00e9 telov\u00e9 maslo 250ml e"}]},{"@type":"WebSite","@id":"https:\/\/www.zeozoe.sk\/#website","url":"https:\/\/www.zeozoe.sk\/","name":"ZEOZOE\u00ae","description":"Zubn\u00fd pr\u00e1\u0161ok a tablety na pr\u00edrodnej b\u00e1ze","potentialAction":[{"@type":"SearchAction","target":{"@type":"EntryPoint","urlTemplate":"https:\/\/www.zeozoe.sk\/?s={search_term_string}"},"query-input":{"@type":"PropertyValueSpecification","valueRequired":true,"valueName":"search_term_string"}}],"inLanguage":"en-GB"}]}},"_links":{"self":[{"href":"https:\/\/www.zeozoe.sk\/en\/wp-json\/wp\/v2\/product\/1224","targetHints":{"allow":["GET"]}}],"collection":[{"href":"https:\/\/www.zeozoe.sk\/en\/wp-json\/wp\/v2\/product"}],"about":[{"href":"https:\/\/www.zeozoe.sk\/en\/wp-json\/wp\/v2\/types\/product"}],"replies":[{"embeddable":true,"href":"https:\/\/www.zeozoe.sk\/en\/wp-json\/wp\/v2\/comments?post=1224"}],"wp:featuredmedia":[{"embeddable":true,"href":"https:\/\/www.zeozoe.sk\/en\/wp-json\/wp\/v2\/media\/11144"}],"wp:attachment":[{"href":"https:\/\/www.zeozoe.sk\/en\/wp-json\/wp\/v2\/media?parent=1224"}],"wp:term":[{"taxonomy":"product_brand","embeddable":true,"href":"https:\/\/www.zeozoe.sk\/en\/wp-json\/wp\/v2\/product_brand?post=1224"},{"taxonomy":"product_cat","embeddable":true,"href":"https:\/\/www.zeozoe.sk\/en\/wp-json\/wp\/v2\/product_cat?post=1224"},{"taxonomy":"product_tag","embeddable":true,"href":"https:\/\/www.zeozoe.sk\/en\/wp-json\/wp\/v2\/product_tag?post=1224"}],"curies":[{"name":"wp","href":"https:\/\/api.w.org\/{rel}","templated":true}]}}