{"id":1226,"date":"2024-10-08T23:42:00","date_gmt":"2024-10-08T21:42:00","guid":{"rendered":"https:\/\/www.zeozoe.sk\/?post_type=product&#038;p=1226"},"modified":"2026-03-31T12:47:18","modified_gmt":"2026-03-31T10:47:18","slug":"jasmin-a-kvety-luxusne-telove-maslo-250ml","status":"publish","type":"product","link":"https:\/\/www.zeozoe.sk\/en\/product\/jasmin-a-kvety-luxusne-telove-maslo-250ml\/","title":{"rendered":"JASM\u00cdN A KVETY \u2013 na\u0161\u013eahan\u00e9 telov\u00e9 maslo pre jemn\u00fa a hydratovan\u00fa poko\u017eku (250 ml e)"},"content":{"rendered":"<p class=\"ai-optimize-31 ai-optimize-introduction\" data-start=\"155\" data-end=\"523\">Na\u0161\u013eahan\u00e9 telov\u00e9 maslo Jasm\u00edn a kvety &#8211; Za\u017eite dotyk luxusu s na\u0161\u013eahan\u00fdm telov\u00fdm maslom <strong>JASM\u00cdN A KVETY<\/strong>, ktor\u00e9 rozmazn\u00e1 va\u0161e telo aj zmysly. Jeho \u013eahu\u010dk\u00e1 text\u00fara pln\u00e1 vzdu\u0161n\u00fdch bubliniek sa pri kontakte s poko\u017ekou kr\u00e1sne rozp\u00fa\u0161\u0165a, r\u00fdchlo sa vstreb\u00e1va a <strong data-start=\"363\" data-end=\"390\">nezanech\u00e1va mastn\u00fd film<\/strong>. Zanech\u00e1 v\u0161ak <strong data-start=\"405\" data-end=\"453\">dlhodobo hydratovan\u00fa, hebk\u00fa a pru\u017en\u00fa poko\u017eku<\/strong>, ktor\u00e1 jemne vonia po letnej bezstarostnosti.<\/p>\n<hr class=\"\" data-start=\"525\" data-end=\"528\" \/>\n<h3 class=\"ai-optimize-32\" data-start=\"530\" data-end=\"567\">\ud83c\udf3f <strong data-start=\"537\" data-end=\"567\">\u010co rob\u00ed JASM\u00cdN A KVETY v\u00fdnimo\u010dn\u00fdm?<\/strong><\/h3>\n<p class=\"ai-optimize-33\" data-start=\"569\" data-end=\"764\">\ud83d\udca7 <strong data-start=\"572\" data-end=\"603\">H\u013abkov\u00e1 hydrat\u00e1cia a v\u00fd\u017eiva<\/strong><br data-start=\"603\" data-end=\"606\" \/>V\u010faka kombin\u00e1cii bambuck\u00e9ho masla, organick\u00fdch olejov, vitam\u00ednu E a provitam\u00ednu B5 poko\u017eku intenz\u00edvne vy\u017eivuje, zjem\u0148uje a obnovuje jej prirodzen\u00fa elasticitu.<\/p>\n<p class=\"ai-optimize-34\" data-start=\"766\" data-end=\"923\">\ud83c\udf38 <strong data-start=\"769\" data-end=\"808\">Neodolate\u013en\u00e1 v\u00f4\u0148a\u00a0<\/strong><br data-start=\"808\" data-end=\"811\" \/>Kvetinov\u00e1 v\u00f4\u0148a navodzuje pocit pokoja, \u017eenskosti a letnej slobody. Ka\u017ed\u00e9 nanesenie sa st\u00e1va relaxa\u010dn\u00fdm ritu\u00e1lom.<\/p>\n<p class=\"ai-optimize-35\" data-start=\"925\" data-end=\"1078\">\ud83c\udf0b <strong data-start=\"928\" data-end=\"959\">Detoxik\u00e1cia pomocou zeolitu<\/strong><br data-start=\"959\" data-end=\"962\" \/>Pr\u00edrodn\u00fd miner\u00e1l zo Slovenska \u0161etrne \u010dist\u00ed poko\u017eku od tox\u00ednov, prebyto\u010dn\u00e9ho mazu a podporuje zdrav\u00fa rovnov\u00e1hu pleti.<\/p>\n<p class=\"ai-optimize-36\" data-start=\"1080\" data-end=\"1222\">\ud83e\udee7 <strong data-start=\"1083\" data-end=\"1117\">\u013dahu\u010dk\u00e1 text\u00fara pln\u00e1 bubliniek<\/strong><br data-start=\"1117\" data-end=\"1120\" \/>Maslo je nad\u00fdchan\u00e9 ako obl\u00e1\u010dik, pr\u00edjemne sa rozotiera a okam\u017eite sa vstreb\u00e1va \u2013 bez za\u0165a\u017eenia poko\u017eky.<\/p>\n<p class=\"ai-optimize-37\" data-start=\"1224\" data-end=\"1333\">\ud83c\udf31 <strong data-start=\"1227\" data-end=\"1254\">\u010cisto pr\u00edrodn\u00e9 zlo\u017eenie<\/strong><br data-start=\"1254\" data-end=\"1257\" \/>Bez parab\u00e9nov, silik\u00f3nov a syntetick\u00fdch farb\u00edv. \u0160etrn\u00e9 k poko\u017eke aj plan\u00e9te.<\/p>\n<hr class=\"\" data-start=\"1335\" data-end=\"1338\" \/>\n<h3 class=\"ai-optimize-38\" data-start=\"1340\" data-end=\"1365\"><strong data-start=\"1346\" data-end=\"1365\">K\u013e\u00fa\u010dov\u00e9 zlo\u017eky:<\/strong><\/h3>\n<ul data-start=\"1367\" data-end=\"1733\">\n<li class=\"ai-optimize-39\" data-start=\"1367\" data-end=\"1437\">\n<p class=\"ai-optimize-40\" data-start=\"1369\" data-end=\"1437\">\ud83d\udee1\ufe0f <strong data-start=\"1373\" data-end=\"1386\">Vitam\u00edn E<\/strong> \u2013 siln\u00fd antioxidant pre ochranu a obnovu poko\u017eky<\/p>\n<\/li>\n<li class=\"ai-optimize-41\" data-start=\"1438\" data-end=\"1508\">\n<p class=\"ai-optimize-42\" data-start=\"1440\" data-end=\"1508\">\ud83d\udca7 <strong data-start=\"1443\" data-end=\"1472\">Panthenol (provitam\u00edn B5)<\/strong> \u2013 zvy\u0161uje hydrat\u00e1ciu a elasticitu<\/p>\n<\/li>\n<li class=\"ai-optimize-43\" data-start=\"1509\" data-end=\"1582\">\n<p class=\"ai-optimize-44\" data-start=\"1511\" data-end=\"1582\">\ud83c\udf0b <strong data-start=\"1514\" data-end=\"1538\">Zeolit klinoptilolit<\/strong> \u2013 \u010dist\u00ed, detoxikuje a harmonizuje poko\u017eku<\/p>\n<\/li>\n<li class=\"ai-optimize-45\" data-start=\"1583\" data-end=\"1655\">\n<p class=\"ai-optimize-46\" data-start=\"1585\" data-end=\"1655\">\ud83e\udd65 <strong data-start=\"1588\" data-end=\"1606\">Bambuck\u00e9 maslo<\/strong> \u2013 v\u00fd\u017eiva, zjemnenie a ochrana pred podr\u00e1\u017eden\u00edm<\/p>\n<\/li>\n<li class=\"ai-optimize-47\" data-start=\"1656\" data-end=\"1733\">\n<p class=\"ai-optimize-48\" data-start=\"1658\" data-end=\"1733\">\ud83c\udf39<strong> Kvetinov\u00e1 v\u00f4\u0148a<\/strong> \u2013 osvie\u017euj\u00fa, rozjas\u0148uj\u00fa a n\u00e1dherne vo\u0148aj\u00fa<\/p>\n<\/li>\n<\/ul>\n<hr class=\"\" data-start=\"1735\" data-end=\"1738\" \/>\n<h3 class=\"ai-optimize-49\" data-start=\"1740\" data-end=\"1771\"><strong data-start=\"1747\" data-end=\"1771\">Ako pou\u017e\u00edva\u0165 POOKIE?<\/strong><\/h3>\n<p class=\"ai-optimize-50\" data-start=\"1773\" data-end=\"1947\">1\ufe0f\u20e3 Naneste mal\u00e9 mno\u017estvo na \u010dist\u00fa, such\u00fa poko\u017eku<br data-start=\"1822\" data-end=\"1825\" \/>2\ufe0f\u20e3 Jemne vmas\u00edrujte kr\u00fa\u017eiv\u00fdmi pohybmi, a\u017e k\u00fdm sa nevstrebe<br data-start=\"1884\" data-end=\"1887\" \/>3\ufe0f\u20e3 Pou\u017e\u00edvajte denne, ide\u00e1lne <strong data-start=\"1917\" data-end=\"1947\">po sprchovan\u00ed alebo k\u00fapeli<\/strong><\/p>\n<hr class=\"\" data-start=\"1949\" data-end=\"1952\" \/>\n<h3 class=\"ai-optimize-51\" data-start=\"1954\" data-end=\"1982\">\ud83d\udce6 <strong data-start=\"1961\" data-end=\"1973\">Balenie:<\/strong> 250 ml e<\/h3>\n<p class=\"ai-optimize-52\" data-start=\"1983\" data-end=\"2040\">Vyroben\u00e9 na Slovensku s l\u00e1skou k pr\u00edrode aj poko\u017eke.<\/p>\n<hr class=\"\" data-start=\"2042\" data-end=\"2045\" \/>\n<h3 class=\"ai-optimize-53\" data-start=\"2047\" data-end=\"2081\">\ud83d\udc96 <strong data-start=\"2054\" data-end=\"2081\">Pre\u010do si vybra\u0165 JASM\u00cdN A KVETY?<\/strong><\/h3>\n<p class=\"ai-optimize-54\" data-start=\"2083\" data-end=\"2343\">Luxusn\u00e9 telov\u00e9 maslo s \u00fa\u010dinkom aj v\u00f4\u0148ou<br data-start=\"2125\" data-end=\"2128\" \/>Ide\u00e1lne na rozmazn\u00e1vanie seba alebo ako dar\u010dek<br data-start=\"2177\" data-end=\"2180\" \/>Vhodn\u00e9 pre v\u0161etky typy poko\u017eky \u2013 vr\u00e1tane citlivej<br data-start=\"2232\" data-end=\"2235\" \/>Ob\u013e\u00faben\u00e9 z\u00e1kazn\u00edkmi pre svoje r\u00fdchle vstreb\u00e1vanie a v\u00f4\u0148u leta<br data-start=\"2299\" data-end=\"2302\" \/>Pr\u00edrodn\u00e1 starostlivos\u0165 bez kompromisov<\/p>\n<p class=\"ai-optimize-55\"><strong>Objem: 250 ml e<\/strong><\/p>\n<p class=\"ai-optimize-56\" data-start=\"502\" data-end=\"742\"><em>V s\u00falade s <strong data-start=\"513\" data-end=\"599\">Nariaden\u00edm Eur\u00f3pskeho parlamentu a Rady (ES) \u010d. 1223\/2009 o kozmetick\u00fdch v\u00fdrobkoch<\/strong> nesm\u00fa by\u0165 kozmetick\u00e9 produkty prezentovan\u00e9 ako produkty, ktor\u00e9 maj\u00fa <strong data-start=\"668\" data-end=\"686\">lie\u010div\u00e9 \u00fa\u010dinky<\/strong>, diagnostikuj\u00fa, lie\u010dia alebo predch\u00e1dzaj\u00fa ochoreniam.<\/em><\/p>\n<p class=\"ai-optimize-57\" data-start=\"744\" data-end=\"1016\"><em>Inform\u00e1cie uveden\u00e9 pri produktoch vych\u00e1dzaj\u00fa z <strong data-start=\"791\" data-end=\"835\">tradi\u010dn\u00e9ho pou\u017e\u00edvania pr\u00edrodn\u00fdch zlo\u017eiek<\/strong>, <strong data-start=\"837\" data-end=\"877\">verejne dostupn\u00fdch odborn\u00fdch zdrojov<\/strong> a <strong data-start=\"880\" data-end=\"917\">sp\u00e4tn\u00fdch v\u00e4zieb na\u0161ich z\u00e1kazn\u00edkov<\/strong>. Nejde o lek\u00e1rske tvrdenia a <strong data-start=\"947\" data-end=\"1015\">nenahr\u00e1dzaj\u00fa odpor\u00fa\u010dania ani starostlivos\u0165 lek\u00e1ra \u010di dermatol\u00f3ga<\/strong>.<\/em><\/p>","protected":false},"excerpt":{"rendered":"<p class=\"ai-optimize-30\">JASM\u00cdN A KVETY je \u013eahk\u00e9 a nad\u00fdchan\u00e9 telov\u00e9 maslo s kvetinovou v\u00f4\u0148ou ru\u017ee a pelarg\u00f3nie. V\u010faka bambuck\u00e9mu maslu, vitam\u00ednu E, panthenolu a zeolitu hydratuje, zjem\u0148uje a detoxikuje poko\u017eku. R\u00fdchlo sa vstreb\u00e1va a zanech\u00e1va telo hebk\u00e9, svie\u017ee a kr\u00e1sne prevo\u0148an\u00e9. Ide\u00e1lne na ka\u017edodenn\u00e9 rozmazn\u00e1vanie po sprche \u010di k\u00fapeli\u2013 jemn\u00e9, \u013eahk\u00e9 a nad\u00fdchan\u00e9 telov\u00e9 maslo pln\u00e9 bubliniek, ktor\u00e9 pri nan\u00e1\u0161an\u00ed na telo c\u00edti\u0161 a po\u010duje\u0161.<\/p>\n<p class=\"ai-optimize-31\"><span style=\"color: #000000;\">\u2764\ufe0f <strong data-start=\"108\" data-end=\"133\">Certifikovan\u00fd produkt<\/strong><\/span><br data-start=\"133\" data-end=\"136\" \/><span style=\"color: #000000;\">\u2764\ufe0f <strong data-start=\"139\" data-end=\"162\">Bezpe\u010dnostn\u00e1 spr\u00e1va<\/strong><\/span><br data-start=\"162\" data-end=\"165\" \/><span style=\"color: #000000;\">\u2764\ufe0f <strong data-start=\"168\" data-end=\"193\">Vyroben\u00e9 na Slovensku<\/strong><\/span><br data-start=\"193\" data-end=\"196\" \/><span style=\"color: #000000;\">\u2764\ufe0f <strong data-start=\"199\" data-end=\"231\">ZEOZOE \u2013 registrovan\u00e1 zna\u010dka<\/strong><\/span><br data-start=\"231\" data-end=\"234\" \/><span style=\"color: #000000;\">\u2764\ufe0f <strong data-start=\"237\" data-end=\"263\">Neobsahuje mikroplasty<\/strong><\/span><br data-start=\"263\" data-end=\"266\" \/><span style=\"color: #000000;\">\u2764\ufe0f <strong data-start=\"269\" data-end=\"301\">Vyroben\u00e9 s dobr\u00fdm z\u00e1merom \ud83d\ude42<\/strong><\/span><\/p>","protected":false},"featured_media":10235,"comment_status":"open","ping_status":"closed","template":"","meta":[],"product_brand":[],"product_cat":[54,29],"product_tag":[112,129,128,120],"class_list":{"0":"post-1226","1":"product","2":"type-product","3":"status-publish","4":"has-post-thumbnail","6":"product_cat-vsetko","7":"product_cat-telo","8":"product_tag-hydratacia","9":"product_tag-prirodne-telove-maslo","10":"product_tag-vona","11":"product_tag-zeozoe-registrovana-znacka","13":"first","14":"instock","15":"taxable","16":"shipping-taxable","17":"purchasable","18":"product-type-simple"},"yoast_head":"<!-- This site is optimized with the Yoast SEO Premium plugin v25.2 (Yoast SEO v25.2) - https:\/\/yoast.com\/wordpress\/plugins\/seo\/ -->\n<title>JASM\u00cdN A KVETY \u2013 na\u0161\u013eahan\u00e9 telov\u00e9 maslo 250ml<\/title>\n<meta name=\"description\" content=\"JASM\u00cdN A KVETY je na\u0161\u013eahan\u00e9 telov\u00e9 maslo s kvetinovou v\u00f4\u0148ou a zeolitom. Hydratuje, zjem\u0148uje a detoxikuje poko\u017eku. Certifikovan\u00fd produkt\u2764\ufe0f Bezpe\u010dnostn\u00e1 spr\u00e1va\u2764\ufe0f Vyroben\u00e9 na Slovensku\u2764\ufe0f ZEOZOE \u2013 registrovan\u00e1 zna\u010dka\u2764\ufe0f Neobsahuje mikroplasty\u2764\ufe0f Vyroben\u00e9 s dobr\u00fdm z\u00e1merom \ud83d\ude42\" \/>\n<meta name=\"robots\" content=\"index, follow, max-snippet:-1, max-image-preview:large, max-video-preview:-1\" \/>\n<link rel=\"canonical\" href=\"https:\/\/www.zeozoe.sk\/en\/product\/jasmin-a-kvety-luxusne-telove-maslo-250ml\/\" \/>\n<meta property=\"og:locale\" content=\"en_GB\" \/>\n<meta property=\"og:type\" content=\"article\" \/>\n<meta property=\"og:title\" content=\"JASM\u00cdN A KVETY \u2013 na\u0161\u013eahan\u00e9 telov\u00e9 maslo pre jemn\u00fa a hydratovan\u00fa poko\u017eku (250 ml e)\" \/>\n<meta property=\"og:description\" content=\"JASM\u00cdN A KVETY je na\u0161\u013eahan\u00e9 telov\u00e9 maslo s kvetinovou v\u00f4\u0148ou a zeolitom. Hydratuje, zjem\u0148uje a detoxikuje poko\u017eku. Certifikovan\u00fd produkt\u2764\ufe0f Bezpe\u010dnostn\u00e1 spr\u00e1va\u2764\ufe0f Vyroben\u00e9 na Slovensku\u2764\ufe0f ZEOZOE \u2013 registrovan\u00e1 zna\u010dka\u2764\ufe0f Neobsahuje mikroplasty\u2764\ufe0f Vyroben\u00e9 s dobr\u00fdm z\u00e1merom \ud83d\ude42\" \/>\n<meta property=\"og:url\" content=\"https:\/\/www.zeozoe.sk\/en\/product\/jasmin-a-kvety-luxusne-telove-maslo-250ml\/\" \/>\n<meta property=\"og:site_name\" content=\"ZEOZOE\u00ae\" \/>\n<meta property=\"article:modified_time\" content=\"2026-03-31T10:47:18+00:00\" \/>\n<meta property=\"og:image\" content=\"https:\/\/www.zeozoe.sk\/wp-content\/uploads\/2024\/10\/WhatsApp-Bild-2025-11-01-um-19.13.42_c135191e.jpg\" \/>\n\t<meta property=\"og:image:width\" content=\"1080\" \/>\n\t<meta property=\"og:image:height\" content=\"1080\" \/>\n\t<meta property=\"og:image:type\" content=\"image\/jpeg\" \/>\n<meta name=\"twitter:card\" content=\"summary_large_image\" \/>\n<meta name=\"twitter:label1\" content=\"Estimated reading time\" \/>\n\t<meta name=\"twitter:data1\" content=\"3 minutes\" \/>\n<script type=\"application\/ld+json\" class=\"yoast-schema-graph\">{\"@context\":\"https:\/\/schema.org\",\"@graph\":[{\"@type\":\"WebPage\",\"@id\":\"https:\/\/www.zeozoe.sk\/produkt\/jasmin-a-kvety-luxusne-telove-maslo-250ml\/\",\"url\":\"https:\/\/www.zeozoe.sk\/produkt\/jasmin-a-kvety-luxusne-telove-maslo-250ml\/\",\"name\":\"JASM\u00cdN A KVETY \u2013 na\u0161\u013eahan\u00e9 telov\u00e9 maslo 250ml\",\"isPartOf\":{\"@id\":\"https:\/\/www.zeozoe.sk\/#website\"},\"primaryImageOfPage\":{\"@id\":\"https:\/\/www.zeozoe.sk\/produkt\/jasmin-a-kvety-luxusne-telove-maslo-250ml\/#primaryimage\"},\"image\":{\"@id\":\"https:\/\/www.zeozoe.sk\/produkt\/jasmin-a-kvety-luxusne-telove-maslo-250ml\/#primaryimage\"},\"thumbnailUrl\":\"https:\/\/www.zeozoe.sk\/wp-content\/uploads\/2024\/10\/WhatsApp-Bild-2025-11-01-um-19.13.42_c135191e.jpg\",\"datePublished\":\"2024-10-08T21:42:00+00:00\",\"dateModified\":\"2026-03-31T10:47:18+00:00\",\"description\":\"JASM\u00cdN A KVETY je na\u0161\u013eahan\u00e9 telov\u00e9 maslo s kvetinovou v\u00f4\u0148ou a zeolitom. Hydratuje, zjem\u0148uje a detoxikuje poko\u017eku. Certifikovan\u00fd produkt\u2764\ufe0f Bezpe\u010dnostn\u00e1 spr\u00e1va\u2764\ufe0f Vyroben\u00e9 na Slovensku\u2764\ufe0f ZEOZOE \u2013 registrovan\u00e1 zna\u010dka\u2764\ufe0f Neobsahuje mikroplasty\u2764\ufe0f Vyroben\u00e9 s dobr\u00fdm z\u00e1merom \ud83d\ude42\",\"breadcrumb\":{\"@id\":\"https:\/\/www.zeozoe.sk\/produkt\/jasmin-a-kvety-luxusne-telove-maslo-250ml\/#breadcrumb\"},\"inLanguage\":\"en-GB\",\"potentialAction\":[{\"@type\":\"ReadAction\",\"target\":[\"https:\/\/www.zeozoe.sk\/produkt\/jasmin-a-kvety-luxusne-telove-maslo-250ml\/\"]}]},{\"@type\":\"ImageObject\",\"inLanguage\":\"en-GB\",\"@id\":\"https:\/\/www.zeozoe.sk\/produkt\/jasmin-a-kvety-luxusne-telove-maslo-250ml\/#primaryimage\",\"url\":\"https:\/\/www.zeozoe.sk\/wp-content\/uploads\/2024\/10\/WhatsApp-Bild-2025-11-01-um-19.13.42_c135191e.jpg\",\"contentUrl\":\"https:\/\/www.zeozoe.sk\/wp-content\/uploads\/2024\/10\/WhatsApp-Bild-2025-11-01-um-19.13.42_c135191e.jpg\",\"width\":1080,\"height\":1080,\"caption\":\"ZEOZOE, luxusn\u00e9 na\u0161\u013eahan\u00e9 telov\u00e9 maslo so zeolitom\"},{\"@type\":\"BreadcrumbList\",\"@id\":\"https:\/\/www.zeozoe.sk\/produkt\/jasmin-a-kvety-luxusne-telove-maslo-250ml\/#breadcrumb\",\"itemListElement\":[{\"@type\":\"ListItem\",\"position\":1,\"name\":\"Domov\",\"item\":\"https:\/\/www.zeozoe.sk\/\"},{\"@type\":\"ListItem\",\"position\":2,\"name\":\"Obchod\",\"item\":\"https:\/\/www.zeozoe.sk\/obchod\/\"},{\"@type\":\"ListItem\",\"position\":3,\"name\":\"JASM\u00cdN A KVETY \u2013 na\u0161\u013eahan\u00e9 telov\u00e9 maslo pre jemn\u00fa a hydratovan\u00fa poko\u017eku (250 ml e)\"}]},{\"@type\":\"WebSite\",\"@id\":\"https:\/\/www.zeozoe.sk\/#website\",\"url\":\"https:\/\/www.zeozoe.sk\/\",\"name\":\"ZEOZOE\u00ae\",\"description\":\"Zubn\u00fd pr\u00e1\u0161ok a tablety na pr\u00edrodnej b\u00e1ze\",\"potentialAction\":[{\"@type\":\"SearchAction\",\"target\":{\"@type\":\"EntryPoint\",\"urlTemplate\":\"https:\/\/www.zeozoe.sk\/?s={search_term_string}\"},\"query-input\":{\"@type\":\"PropertyValueSpecification\",\"valueRequired\":true,\"valueName\":\"search_term_string\"}}],\"inLanguage\":\"en-GB\"}]}<\/script>\n<!-- \/ Yoast SEO Premium plugin. -->","yoast_head_json":{"title":"JASM\u00cdN A KVETY \u2013 na\u0161\u013eahan\u00e9 telov\u00e9 maslo 250ml","description":"JASM\u00cdN A KVETY je na\u0161\u013eahan\u00e9 telov\u00e9 maslo s kvetinovou v\u00f4\u0148ou a zeolitom. Hydratuje, zjem\u0148uje a detoxikuje poko\u017eku. Certifikovan\u00fd produkt\u2764\ufe0f Bezpe\u010dnostn\u00e1 spr\u00e1va\u2764\ufe0f Vyroben\u00e9 na Slovensku\u2764\ufe0f ZEOZOE \u2013 registrovan\u00e1 zna\u010dka\u2764\ufe0f Neobsahuje mikroplasty\u2764\ufe0f Vyroben\u00e9 s dobr\u00fdm z\u00e1merom \ud83d\ude42","robots":{"index":"index","follow":"follow","max-snippet":"max-snippet:-1","max-image-preview":"max-image-preview:large","max-video-preview":"max-video-preview:-1"},"canonical":"https:\/\/www.zeozoe.sk\/en\/product\/jasmin-a-kvety-luxusne-telove-maslo-250ml\/","og_locale":"en_GB","og_type":"article","og_title":"JASM\u00cdN A KVETY \u2013 na\u0161\u013eahan\u00e9 telov\u00e9 maslo pre jemn\u00fa a hydratovan\u00fa poko\u017eku (250 ml e)","og_description":"JASM\u00cdN A KVETY je na\u0161\u013eahan\u00e9 telov\u00e9 maslo s kvetinovou v\u00f4\u0148ou a zeolitom. Hydratuje, zjem\u0148uje a detoxikuje poko\u017eku. Certifikovan\u00fd produkt\u2764\ufe0f Bezpe\u010dnostn\u00e1 spr\u00e1va\u2764\ufe0f Vyroben\u00e9 na Slovensku\u2764\ufe0f ZEOZOE \u2013 registrovan\u00e1 zna\u010dka\u2764\ufe0f Neobsahuje mikroplasty\u2764\ufe0f Vyroben\u00e9 s dobr\u00fdm z\u00e1merom \ud83d\ude42","og_url":"https:\/\/www.zeozoe.sk\/en\/product\/jasmin-a-kvety-luxusne-telove-maslo-250ml\/","og_site_name":"ZEOZOE\u00ae","article_modified_time":"2026-03-31T10:47:18+00:00","og_image":[{"width":1080,"height":1080,"url":"https:\/\/www.zeozoe.sk\/wp-content\/uploads\/2024\/10\/WhatsApp-Bild-2025-11-01-um-19.13.42_c135191e.jpg","type":"image\/jpeg"}],"twitter_card":"summary_large_image","twitter_misc":{"Estimated reading time":"3 minutes"},"schema":{"@context":"https:\/\/schema.org","@graph":[{"@type":"WebPage","@id":"https:\/\/www.zeozoe.sk\/produkt\/jasmin-a-kvety-luxusne-telove-maslo-250ml\/","url":"https:\/\/www.zeozoe.sk\/produkt\/jasmin-a-kvety-luxusne-telove-maslo-250ml\/","name":"JASM\u00cdN A KVETY \u2013 na\u0161\u013eahan\u00e9 telov\u00e9 maslo 250ml","isPartOf":{"@id":"https:\/\/www.zeozoe.sk\/#website"},"primaryImageOfPage":{"@id":"https:\/\/www.zeozoe.sk\/produkt\/jasmin-a-kvety-luxusne-telove-maslo-250ml\/#primaryimage"},"image":{"@id":"https:\/\/www.zeozoe.sk\/produkt\/jasmin-a-kvety-luxusne-telove-maslo-250ml\/#primaryimage"},"thumbnailUrl":"https:\/\/www.zeozoe.sk\/wp-content\/uploads\/2024\/10\/WhatsApp-Bild-2025-11-01-um-19.13.42_c135191e.jpg","datePublished":"2024-10-08T21:42:00+00:00","dateModified":"2026-03-31T10:47:18+00:00","description":"JASM\u00cdN A KVETY je na\u0161\u013eahan\u00e9 telov\u00e9 maslo s kvetinovou v\u00f4\u0148ou a zeolitom. Hydratuje, zjem\u0148uje a detoxikuje poko\u017eku. Certifikovan\u00fd produkt\u2764\ufe0f Bezpe\u010dnostn\u00e1 spr\u00e1va\u2764\ufe0f Vyroben\u00e9 na Slovensku\u2764\ufe0f ZEOZOE \u2013 registrovan\u00e1 zna\u010dka\u2764\ufe0f Neobsahuje mikroplasty\u2764\ufe0f Vyroben\u00e9 s dobr\u00fdm z\u00e1merom \ud83d\ude42","breadcrumb":{"@id":"https:\/\/www.zeozoe.sk\/produkt\/jasmin-a-kvety-luxusne-telove-maslo-250ml\/#breadcrumb"},"inLanguage":"en-GB","potentialAction":[{"@type":"ReadAction","target":["https:\/\/www.zeozoe.sk\/produkt\/jasmin-a-kvety-luxusne-telove-maslo-250ml\/"]}]},{"@type":"ImageObject","inLanguage":"en-GB","@id":"https:\/\/www.zeozoe.sk\/produkt\/jasmin-a-kvety-luxusne-telove-maslo-250ml\/#primaryimage","url":"https:\/\/www.zeozoe.sk\/wp-content\/uploads\/2024\/10\/WhatsApp-Bild-2025-11-01-um-19.13.42_c135191e.jpg","contentUrl":"https:\/\/www.zeozoe.sk\/wp-content\/uploads\/2024\/10\/WhatsApp-Bild-2025-11-01-um-19.13.42_c135191e.jpg","width":1080,"height":1080,"caption":"ZEOZOE, luxusn\u00e9 na\u0161\u013eahan\u00e9 telov\u00e9 maslo so zeolitom"},{"@type":"BreadcrumbList","@id":"https:\/\/www.zeozoe.sk\/produkt\/jasmin-a-kvety-luxusne-telove-maslo-250ml\/#breadcrumb","itemListElement":[{"@type":"ListItem","position":1,"name":"Domov","item":"https:\/\/www.zeozoe.sk\/"},{"@type":"ListItem","position":2,"name":"Obchod","item":"https:\/\/www.zeozoe.sk\/obchod\/"},{"@type":"ListItem","position":3,"name":"JASM\u00cdN A KVETY \u2013 na\u0161\u013eahan\u00e9 telov\u00e9 maslo pre jemn\u00fa a hydratovan\u00fa poko\u017eku (250 ml e)"}]},{"@type":"WebSite","@id":"https:\/\/www.zeozoe.sk\/#website","url":"https:\/\/www.zeozoe.sk\/","name":"ZEOZOE\u00ae","description":"Zubn\u00fd pr\u00e1\u0161ok a tablety na pr\u00edrodnej b\u00e1ze","potentialAction":[{"@type":"SearchAction","target":{"@type":"EntryPoint","urlTemplate":"https:\/\/www.zeozoe.sk\/?s={search_term_string}"},"query-input":{"@type":"PropertyValueSpecification","valueRequired":true,"valueName":"search_term_string"}}],"inLanguage":"en-GB"}]}},"_links":{"self":[{"href":"https:\/\/www.zeozoe.sk\/en\/wp-json\/wp\/v2\/product\/1226","targetHints":{"allow":["GET"]}}],"collection":[{"href":"https:\/\/www.zeozoe.sk\/en\/wp-json\/wp\/v2\/product"}],"about":[{"href":"https:\/\/www.zeozoe.sk\/en\/wp-json\/wp\/v2\/types\/product"}],"replies":[{"embeddable":true,"href":"https:\/\/www.zeozoe.sk\/en\/wp-json\/wp\/v2\/comments?post=1226"}],"wp:featuredmedia":[{"embeddable":true,"href":"https:\/\/www.zeozoe.sk\/en\/wp-json\/wp\/v2\/media\/10235"}],"wp:attachment":[{"href":"https:\/\/www.zeozoe.sk\/en\/wp-json\/wp\/v2\/media?parent=1226"}],"wp:term":[{"taxonomy":"product_brand","embeddable":true,"href":"https:\/\/www.zeozoe.sk\/en\/wp-json\/wp\/v2\/product_brand?post=1226"},{"taxonomy":"product_cat","embeddable":true,"href":"https:\/\/www.zeozoe.sk\/en\/wp-json\/wp\/v2\/product_cat?post=1226"},{"taxonomy":"product_tag","embeddable":true,"href":"https:\/\/www.zeozoe.sk\/en\/wp-json\/wp\/v2\/product_tag?post=1226"}],"curies":[{"name":"wp","href":"https:\/\/api.w.org\/{rel}","templated":true}]}}