{"id":12294,"date":"2026-01-23T19:20:16","date_gmt":"2026-01-23T18:20:16","guid":{"rendered":"https:\/\/www.zeozoe.sk\/?post_type=product&#038;p=12294"},"modified":"2026-03-20T13:13:12","modified_gmt":"2026-03-20T12:13:12","slug":"spa-luxusny-telovy-peeling-375g","status":"publish","type":"product","link":"https:\/\/www.zeozoe.sk\/en\/product\/spa-luxusny-telovy-peeling-375g\/","title":{"rendered":"SPA &#8211; luxusn\u00fd telov\u00fd peeling ZEOZOE so zeolitom 375 g"},"content":{"rendered":"<h3 class=\"ai-optimize-30\">Luxusn\u00fd telov\u00fd peeling ZEOZOE SPA so zeolitom<\/h3>\n<h3 class=\"ai-optimize-31\" data-start=\"362\" data-end=\"437\">Pr\u00edrodn\u00e1 exfoli\u00e1cia, ktor\u00e1 \u010dist\u00ed, vy\u017eivuje a uvo\u013e\u0148uje<\/h3>\n<p class=\"ai-optimize-51 ai-optimize-introduction\" data-start=\"395\" data-end=\"721\">Luxusn\u00fd telov\u00fd peeling ZEOZOE SPA prin\u00e1\u0161a dokonal\u00e9 spojenie <strong data-start=\"455\" data-end=\"489\">jemnej, ale \u00fa\u010dinnej exfoli\u00e1cie<\/strong>, v\u00fd\u017eivy poko\u017eky a relaxa\u010dn\u00e9ho wellness z\u00e1\u017eitku. Peelingov\u00fd efekt sme dosiahli pou\u017eit\u00edm <strong data-start=\"569\" data-end=\"600\">pr\u00edrodnej himal\u00e1jskej soli<\/strong>, ktor\u00e1 \u0161etrne odstra\u0148uje odumret\u00e9 ko\u017en\u00e9 bunky, zatia\u013e \u010do bohat\u00e9 oleje a masl\u00e1 sa staraj\u00fa o hydrat\u00e1ciu a komfort poko\u017eky.<\/p>\n<p class=\"ai-optimize-52\" data-start=\"723\" data-end=\"1024\">V\u010faka kombin\u00e1cii <strong data-start=\"740\" data-end=\"751\">zeolitu<\/strong>, <strong data-start=\"753\" data-end=\"773\">bambuck\u00e9ho masla<\/strong>, <strong data-start=\"775\" data-end=\"795\">mand\u013eov\u00e9ho oleja<\/strong>, <strong data-start=\"797\" data-end=\"811\">vitam\u00ednu E<\/strong> a <strong data-start=\"814\" data-end=\"828\">panthenolu<\/strong> zost\u00e1va poko\u017eka po pou\u017eit\u00ed hladk\u00e1, jemn\u00e1 a vy\u017eiven\u00e1 \u2013 bez pocitu vysu\u0161enia \u010di pnutia. Relaxa\u010dn\u00e1 v\u00f4\u0148a eukalyptu a citr\u00f3novej tr\u00e1vy premen\u00ed sprchovanie na skuto\u010dn\u00fd wellness ritu\u00e1l.<\/p>\n<p class=\"ai-optimize-53\" data-start=\"1026\" data-end=\"1085\">Ide\u00e1lny pre v\u0161etky typy poko\u017eky, vr\u00e1tane suchej a citlivej.<\/p>\n<hr class=\"\" data-start=\"792\" data-end=\"795\" \/>\n<h3 class=\"ai-optimize-33\" data-start=\"797\" data-end=\"855\"><span style=\"color: #000000;\">\ud83c\udf3f <strong data-start=\"804\" data-end=\"855\">Starostlivo vybran\u00e9 zlo\u017eky pre vidite\u013en\u00fd v\u00fdsledok:<\/strong><\/span><\/h3>\n<p class=\"ai-optimize-32\" data-start=\"1329\" data-end=\"1462\">\ud83e\uddc2 <strong data-start=\"1332\" data-end=\"1350\">Himal\u00e1jska so\u013e<\/strong> \u2013 pr\u00edrodn\u00fd peelingov\u00fd komponent, ktor\u00fd jemne, ale \u00fa\u010dinne odstra\u0148uje odumret\u00e9 bunky a podporuje obnovu poko\u017eky<\/p>\n<p class=\"ai-optimize-33\" data-start=\"1464\" data-end=\"1556\">\ud83c\udf0b <strong data-start=\"1467\" data-end=\"1491\">Zeolit klinoptilolit<\/strong> \u2013 \u010dist\u00ed poko\u017eku od tox\u00ednov a ne\u010dist\u00f4t, podporuje jej rovnov\u00e1hu<\/p>\n<p class=\"ai-optimize-34\" data-start=\"1558\" data-end=\"1634\">\ud83e\udd65 <strong data-start=\"1561\" data-end=\"1579\">Bambuck\u00e9 maslo<\/strong> \u2013 vy\u017eivuje, zjem\u0148uje a chr\u00e1ni poko\u017eku pred vysu\u0161en\u00edm<\/p>\n<p class=\"ai-optimize-35\" data-start=\"1636\" data-end=\"1708\">\ud83c\udf30 <strong data-start=\"1639\" data-end=\"1656\">Mand\u013eov\u00fd olej<\/strong> \u2013 zvy\u0161uje elasticitu poko\u017eky a dod\u00e1va jej hebkos\u0165<\/p>\n<p class=\"ai-optimize-36\" data-start=\"1710\" data-end=\"1786\">\ud83d\udee1\ufe0f <strong data-start=\"1714\" data-end=\"1727\">Vitam\u00edn E<\/strong> \u2013 siln\u00fd antioxidant, ktor\u00fd podporuje regener\u00e1ciu poko\u017eky<\/p>\n<p class=\"ai-optimize-37\" data-start=\"1788\" data-end=\"1884\">\ud83d\udca7 <strong data-start=\"1791\" data-end=\"1820\">Provitam\u00edn B5 (Panthenol)<\/strong> \u2013 hydratuje, upokojuje a zlep\u0161uje komfort poko\u017eky po peelingu<\/p>\n<p class=\"ai-optimize-38\" data-start=\"1886\" data-end=\"1992\">\ud83c\udf3f <strong data-start=\"1889\" data-end=\"1954\">Esenci\u00e1lne oleje (eukalyptus, citr\u00f3nov\u00e1 tr\u00e1va)<\/strong> \u2013 navodzuj\u00fa pocit relax\u00e1cie a \u010distoty<\/p>\n<hr class=\"\" data-start=\"1241\" data-end=\"1244\" \/>\n<h3 class=\"ai-optimize-35\" data-start=\"1246\" data-end=\"1289\">\u2728 V\u00fdhody telov\u00e9ho peelingu ZEOZOE SPA:<\/h3>\n<p class=\"ai-optimize-39\" data-start=\"2042\" data-end=\"2183\">\ud83e\uddc2 <strong data-start=\"2045\" data-end=\"2085\">Pr\u00edrodn\u00e1 exfoli\u00e1cia bez mikroplastov<\/strong><br data-start=\"2085\" data-end=\"2088\" \/>Peelingov\u00fd efekt je dosiahnut\u00fd v\u00fdlu\u010dne pomocou himal\u00e1jskej soli \u2013 \u0161etrnej k poko\u017eke aj pr\u00edrode.<\/p>\n<p class=\"ai-optimize-40\" data-start=\"2185\" data-end=\"2302\">\ud83d\udca6 <strong data-start=\"2188\" data-end=\"2228\">Hladk\u00e1 a vy\u017eiven\u00e1 poko\u017eka po pou\u017eit\u00ed<\/strong><br data-start=\"2228\" data-end=\"2231\" \/>V\u010faka bohat\u00e9mu zlo\u017eeniu poko\u017eku netreba po peelingu dodato\u010dne kr\u00e9mova\u0165.<\/p>\n<p class=\"ai-optimize-41\" data-start=\"2304\" data-end=\"2383\">\ud83c\udf3f <strong data-start=\"2307\" data-end=\"2328\">Pr\u00edrodn\u00e9 zlo\u017eenie<\/strong><br data-start=\"2328\" data-end=\"2331\" \/>Bez parab\u00e9nov, silik\u00f3nov a syntetick\u00fdch exfoliantov.<\/p>\n<p class=\"ai-optimize-42\" data-start=\"2385\" data-end=\"2472\">\ud83e\uddd8 <strong data-start=\"2388\" data-end=\"2413\">Wellness z\u00e1\u017eitok doma<\/strong><br data-start=\"2413\" data-end=\"2416\" \/>Relaxa\u010dn\u00e1 v\u00f4\u0148a premie\u0148a ka\u017ed\u00fa sprchu na chv\u00ed\u013eu pre seba.<\/p>\n<p class=\"ai-optimize-43\" data-start=\"2474\" data-end=\"2561\">\ud83c\udf81 <strong data-start=\"2477\" data-end=\"2510\">Luxusn\u00fd ritu\u00e1l starostlivosti<\/strong><br data-start=\"2510\" data-end=\"2513\" \/>Ide\u00e1lny ako doplnok k telov\u00fdm masl\u00e1m ZEOZOE SPA.<\/p>\n<hr class=\"\" data-start=\"1849\" data-end=\"1852\" \/>\n<hr data-start=\"2563\" data-end=\"2566\" \/>\n<h3 class=\"ai-optimize-44\" data-start=\"2568\" data-end=\"2613\">\ud83e\uddfc Ako pou\u017e\u00edva\u0165 telov\u00fd peeling ZEOZOE SPA?<\/h3>\n<p class=\"ai-optimize-45\" data-start=\"2615\" data-end=\"2792\">1\ufe0f\u20e3 Naneste primeran\u00e9 mno\u017estvo peelingu na vlhk\u00fa poko\u017eku<br data-start=\"2671\" data-end=\"2674\" \/>2\ufe0f\u20e3 Jemne mas\u00edrujte kr\u00fa\u017eiv\u00fdmi pohybmi<br data-start=\"2711\" data-end=\"2714\" \/>3\ufe0f\u20e3 Opl\u00e1chnite teplou vodou<br data-start=\"2741\" data-end=\"2744\" \/>4\ufe0f\u20e3 Pou\u017e\u00edvajte 1\u20132\u00d7 t\u00fd\u017edenne alebo pod\u013ea potreby<\/p>\n<hr class=\"\" data-start=\"2126\" data-end=\"2129\" \/>\n<h3 class=\"ai-optimize-43\" data-start=\"2131\" data-end=\"2169\">\ud83c\udf38 Pre\u010do si vybra\u0165 telov\u00fd peeling ZEOZOE SPA?<\/h3>\n<p class=\"ai-optimize-44\" data-start=\"2171\" data-end=\"2465\">\u2714 Pr\u00edrodn\u00fd peelingov\u00fd efekt v\u010faka himal\u00e1jskej soli<br data-start=\"2899\" data-end=\"2902\" \/>\u2714 \u010cist\u00e1, hladk\u00e1 a vy\u017eiven\u00e1 poko\u017eka bez vysu\u0161enia<br data-start=\"2950\" data-end=\"2953\" \/>\u2714 Pr\u00edrodn\u00e1 kozmetika s d\u00f4razom na kvalitu a funkciu<br data-start=\"3004\" data-end=\"3007\" \/>\u2714 Ide\u00e1lny doplnok k telov\u00fdm masl\u00e1m ZEOZOE<br data-start=\"3048\" data-end=\"3051\" \/>\u2714 Vyroben\u00e9 s l\u00e1skou na Slovensku<\/p>\n<hr class=\"\" data-start=\"2467\" data-end=\"2470\" \/>\n<p class=\"ai-optimize-45\" data-start=\"2472\" data-end=\"2594\"><span style=\"color: #000000;\">\ud83d\udce6 <strong data-start=\"2475\" data-end=\"2499\">Objednajte si teraz:<\/strong><\/span><br data-start=\"2499\" data-end=\"2502\" \/>Telov\u00fd peeling ZEOZOE SPA \u2013 pr\u00edrodn\u00e1 exfoli\u00e1cia, ktor\u00e1 sa dotkne poko\u017eky aj zmyslov.<\/p>\n<hr \/>\n<h3 class=\"ai-optimize-46\"><span style=\"color: #000000;\"><strong>S\u00favisiace produkty:<\/strong><\/span><\/h3>\n<ul>\n<li class=\"ai-optimize-47\"><span style=\"color: #000000;\"><a href=\"https:\/\/www.zeozoe.sk\/produkt\/luxusne-telove-maslo-zeozoe-spa-so-zeolitom\/\">Luxusn\u00e9 telov\u00e9 maslo SPA<\/a> \u2013 spojenie luxusu a relax\u00e1cie.<\/span><\/li>\n<li class=\"ai-optimize-46\"><a href=\"https:\/\/www.zeozoe.sk\/produkt\/pletova-maska-sage-zeozoe\/\" rel=\"noopener\">Ple\u0165ov\u00e1 maska Zeolit a \u0160alvia<\/a>\u00a0\u2013 detoxika\u010dn\u00fd z\u00e1zrak pre va\u0161u ple\u0165.<\/li>\n<\/ul>","protected":false},"excerpt":{"rendered":"<p class=\"ai-optimize-30\"><strong data-start=\"135\" data-end=\"172\">Luxusn\u00fd telov\u00fd peeling ZEOZOE SPA<\/strong> je dokonal\u00fdm spojen\u00edm jemnej exfoli\u00e1cie, v\u00fd\u017eivy a relax\u00e1cie. Peelingov\u00fd efekt v\u010faka <strong data-start=\"257\" data-end=\"277\">himal\u00e1jskej soli<\/strong> \u0161etrne odstra\u0148uje odumret\u00e9 bunky, zatia\u013e \u010do zeolit, bambuck\u00e9 maslo a mand\u013eov\u00fd olej sa staraj\u00fa o komfort a hebkos\u0165 poko\u017eky. Relaxa\u010dn\u00e1 v\u00f4\u0148a eukalyptu a citr\u00f3novej tr\u00e1vy premen\u00ed sprchovanie na wellness ritu\u00e1l. Poko\u017eku zanech\u00e1va hladk\u00fa, vy\u017eiven\u00fa a svie\u017eu, bez pocitu vysu\u0161enia. Ide\u00e1lny pre such\u00fa a citliv\u00fa poko\u017eku.<\/p>\n<p class=\"ai-optimize-31\"><span style=\"color: #000000;\">\u2764\ufe0f <strong data-start=\"108\" data-end=\"133\">Certifikovan\u00fd produkt<\/strong><\/span><br data-start=\"133\" data-end=\"136\" \/><span style=\"color: #000000;\">\u2764\ufe0f <strong data-start=\"139\" data-end=\"162\">Bezpe\u010dnostn\u00e1 spr\u00e1va<\/strong><\/span><br data-start=\"162\" data-end=\"165\" \/><span style=\"color: #000000;\">\u2764\ufe0f <strong data-start=\"168\" data-end=\"193\">Vyroben\u00e9 na Slovensku<\/strong><\/span><br data-start=\"193\" data-end=\"196\" \/><span style=\"color: #000000;\">\u2764\ufe0f <strong data-start=\"199\" data-end=\"231\">ZEOZOE \u2013 registrovan\u00e1 zna\u010dka<\/strong><\/span><br data-start=\"231\" data-end=\"234\" \/><span style=\"color: #000000;\">\u2764\ufe0f <strong data-start=\"237\" data-end=\"263\">Neobsahuje mikroplasty<\/strong><\/span><br data-start=\"263\" data-end=\"266\" \/><span style=\"color: #000000;\">\u2764\ufe0f <strong data-start=\"269\" data-end=\"301\">Vyroben\u00e9 s dobr\u00fdm z\u00e1merom \ud83d\ude42<\/strong><\/span><\/p>","protected":false},"featured_media":12341,"comment_status":"open","ping_status":"closed","template":"","meta":[],"product_brand":[],"product_cat":[29,54],"product_tag":[248,247,58,59,60,71],"class_list":{"0":"post-12294","1":"product","2":"type-product","3":"status-publish","4":"has-post-thumbnail","6":"product_cat-telo","7":"product_cat-vsetko","8":"product_tag-himalajska-sol","9":"product_tag-luxusny-telovy-peeling","10":"product_tag-prirodne","11":"product_tag-telove","12":"product_tag-zeolit","13":"product_tag-zeozoe-produkty","15":"first","16":"instock","17":"taxable","18":"shipping-taxable","19":"purchasable","20":"product-type-simple"},"yoast_head":"<!-- This site is optimized with the Yoast SEO Premium plugin v25.2 (Yoast SEO v25.2) - https:\/\/yoast.com\/wordpress\/plugins\/seo\/ -->\n<title>Luxusn\u00fd telov\u00fd peeling ZEOZOE SPA - zeolit a himal\u00e1jska so\u013e<\/title>\n<meta name=\"description\" content=\"Luxusn\u00fd telov\u00fd peeling ZEOZOE SPA s himal\u00e1jskou so\u013eou, zeolitom a pr\u00edrodn\u00fdmi olejmi jemne exfoliuje, vy\u017eiv\u00ed a zanech\u00e1 poko\u017eku hladk\u00fa, svie\u017eu a hydratovan\u00fa.\" \/>\n<meta name=\"robots\" content=\"index, follow, max-snippet:-1, max-image-preview:large, max-video-preview:-1\" \/>\n<link rel=\"canonical\" href=\"https:\/\/www.zeozoe.sk\/en\/product\/spa-luxusny-telovy-peeling-375g\/\" \/>\n<meta property=\"og:locale\" content=\"en_GB\" \/>\n<meta property=\"og:type\" content=\"article\" \/>\n<meta property=\"og:title\" content=\"SPA - luxusn\u00fd telov\u00fd peeling ZEOZOE so zeolitom 375 g\" \/>\n<meta property=\"og:description\" content=\"Luxusn\u00fd telov\u00fd peeling ZEOZOE SPA s himal\u00e1jskou so\u013eou, zeolitom a pr\u00edrodn\u00fdmi olejmi jemne exfoliuje, vy\u017eiv\u00ed a zanech\u00e1 poko\u017eku hladk\u00fa, svie\u017eu a hydratovan\u00fa.\" \/>\n<meta property=\"og:url\" content=\"https:\/\/www.zeozoe.sk\/en\/product\/spa-luxusny-telovy-peeling-375g\/\" \/>\n<meta property=\"og:site_name\" content=\"ZEOZOE\u00ae\" \/>\n<meta property=\"article:modified_time\" content=\"2026-03-20T12:13:12+00:00\" \/>\n<meta property=\"og:image\" content=\"https:\/\/www.zeozoe.sk\/wp-content\/uploads\/2026\/01\/SPA_v.jpeg\" \/>\n\t<meta property=\"og:image:width\" content=\"1080\" \/>\n\t<meta property=\"og:image:height\" content=\"1080\" \/>\n\t<meta property=\"og:image:type\" content=\"image\/jpeg\" \/>\n<meta name=\"twitter:card\" content=\"summary_large_image\" \/>\n<meta name=\"twitter:label1\" content=\"Estimated reading time\" \/>\n\t<meta name=\"twitter:data1\" content=\"3 minutes\" \/>\n<script type=\"application\/ld+json\" class=\"yoast-schema-graph\">{\"@context\":\"https:\/\/schema.org\",\"@graph\":[{\"@type\":\"WebPage\",\"@id\":\"https:\/\/www.zeozoe.sk\/produkt\/spa-luxusny-telovy-peeling-375g\/\",\"url\":\"https:\/\/www.zeozoe.sk\/produkt\/spa-luxusny-telovy-peeling-375g\/\",\"name\":\"Luxusn\u00fd telov\u00fd peeling ZEOZOE SPA - zeolit a himal\u00e1jska so\u013e\",\"isPartOf\":{\"@id\":\"https:\/\/www.zeozoe.sk\/#website\"},\"primaryImageOfPage\":{\"@id\":\"https:\/\/www.zeozoe.sk\/produkt\/spa-luxusny-telovy-peeling-375g\/#primaryimage\"},\"image\":{\"@id\":\"https:\/\/www.zeozoe.sk\/produkt\/spa-luxusny-telovy-peeling-375g\/#primaryimage\"},\"thumbnailUrl\":\"https:\/\/www.zeozoe.sk\/wp-content\/uploads\/2026\/01\/SPA_v.jpeg\",\"datePublished\":\"2026-01-23T18:20:16+00:00\",\"dateModified\":\"2026-03-20T12:13:12+00:00\",\"description\":\"Luxusn\u00fd telov\u00fd peeling ZEOZOE SPA s himal\u00e1jskou so\u013eou, zeolitom a pr\u00edrodn\u00fdmi olejmi jemne exfoliuje, vy\u017eiv\u00ed a zanech\u00e1 poko\u017eku hladk\u00fa, svie\u017eu a hydratovan\u00fa.\",\"breadcrumb\":{\"@id\":\"https:\/\/www.zeozoe.sk\/produkt\/spa-luxusny-telovy-peeling-375g\/#breadcrumb\"},\"inLanguage\":\"en-GB\",\"potentialAction\":[{\"@type\":\"ReadAction\",\"target\":[\"https:\/\/www.zeozoe.sk\/produkt\/spa-luxusny-telovy-peeling-375g\/\"]}]},{\"@type\":\"ImageObject\",\"inLanguage\":\"en-GB\",\"@id\":\"https:\/\/www.zeozoe.sk\/produkt\/spa-luxusny-telovy-peeling-375g\/#primaryimage\",\"url\":\"https:\/\/www.zeozoe.sk\/wp-content\/uploads\/2026\/01\/SPA_v.jpeg\",\"contentUrl\":\"https:\/\/www.zeozoe.sk\/wp-content\/uploads\/2026\/01\/SPA_v.jpeg\",\"width\":1080,\"height\":1080,\"caption\":\"luxusn\u00fd telov\u00fd peeling so zeolitom a himal\u00e1jskou so\u013eou, SPA\"},{\"@type\":\"BreadcrumbList\",\"@id\":\"https:\/\/www.zeozoe.sk\/produkt\/spa-luxusny-telovy-peeling-375g\/#breadcrumb\",\"itemListElement\":[{\"@type\":\"ListItem\",\"position\":1,\"name\":\"Domov\",\"item\":\"https:\/\/www.zeozoe.sk\/\"},{\"@type\":\"ListItem\",\"position\":2,\"name\":\"Obchod\",\"item\":\"https:\/\/www.zeozoe.sk\/obchod\/\"},{\"@type\":\"ListItem\",\"position\":3,\"name\":\"SPA &#8211; luxusn\u00fd telov\u00fd peeling ZEOZOE so zeolitom 375 g\"}]},{\"@type\":\"WebSite\",\"@id\":\"https:\/\/www.zeozoe.sk\/#website\",\"url\":\"https:\/\/www.zeozoe.sk\/\",\"name\":\"ZEOZOE\u00ae\",\"description\":\"Zubn\u00fd pr\u00e1\u0161ok a tablety na pr\u00edrodnej b\u00e1ze\",\"potentialAction\":[{\"@type\":\"SearchAction\",\"target\":{\"@type\":\"EntryPoint\",\"urlTemplate\":\"https:\/\/www.zeozoe.sk\/?s={search_term_string}\"},\"query-input\":{\"@type\":\"PropertyValueSpecification\",\"valueRequired\":true,\"valueName\":\"search_term_string\"}}],\"inLanguage\":\"en-GB\"}]}<\/script>\n<!-- \/ Yoast SEO Premium plugin. -->","yoast_head_json":{"title":"Luxusn\u00fd telov\u00fd peeling ZEOZOE SPA - zeolit a himal\u00e1jska so\u013e","description":"Luxusn\u00fd telov\u00fd peeling ZEOZOE SPA s himal\u00e1jskou so\u013eou, zeolitom a pr\u00edrodn\u00fdmi olejmi jemne exfoliuje, vy\u017eiv\u00ed a zanech\u00e1 poko\u017eku hladk\u00fa, svie\u017eu a hydratovan\u00fa.","robots":{"index":"index","follow":"follow","max-snippet":"max-snippet:-1","max-image-preview":"max-image-preview:large","max-video-preview":"max-video-preview:-1"},"canonical":"https:\/\/www.zeozoe.sk\/en\/product\/spa-luxusny-telovy-peeling-375g\/","og_locale":"en_GB","og_type":"article","og_title":"SPA - luxusn\u00fd telov\u00fd peeling ZEOZOE so zeolitom 375 g","og_description":"Luxusn\u00fd telov\u00fd peeling ZEOZOE SPA s himal\u00e1jskou so\u013eou, zeolitom a pr\u00edrodn\u00fdmi olejmi jemne exfoliuje, vy\u017eiv\u00ed a zanech\u00e1 poko\u017eku hladk\u00fa, svie\u017eu a hydratovan\u00fa.","og_url":"https:\/\/www.zeozoe.sk\/en\/product\/spa-luxusny-telovy-peeling-375g\/","og_site_name":"ZEOZOE\u00ae","article_modified_time":"2026-03-20T12:13:12+00:00","og_image":[{"width":1080,"height":1080,"url":"https:\/\/www.zeozoe.sk\/wp-content\/uploads\/2026\/01\/SPA_v.jpeg","type":"image\/jpeg"}],"twitter_card":"summary_large_image","twitter_misc":{"Estimated reading time":"3 minutes"},"schema":{"@context":"https:\/\/schema.org","@graph":[{"@type":"WebPage","@id":"https:\/\/www.zeozoe.sk\/produkt\/spa-luxusny-telovy-peeling-375g\/","url":"https:\/\/www.zeozoe.sk\/produkt\/spa-luxusny-telovy-peeling-375g\/","name":"Luxusn\u00fd telov\u00fd peeling ZEOZOE SPA - zeolit a himal\u00e1jska so\u013e","isPartOf":{"@id":"https:\/\/www.zeozoe.sk\/#website"},"primaryImageOfPage":{"@id":"https:\/\/www.zeozoe.sk\/produkt\/spa-luxusny-telovy-peeling-375g\/#primaryimage"},"image":{"@id":"https:\/\/www.zeozoe.sk\/produkt\/spa-luxusny-telovy-peeling-375g\/#primaryimage"},"thumbnailUrl":"https:\/\/www.zeozoe.sk\/wp-content\/uploads\/2026\/01\/SPA_v.jpeg","datePublished":"2026-01-23T18:20:16+00:00","dateModified":"2026-03-20T12:13:12+00:00","description":"Luxusn\u00fd telov\u00fd peeling ZEOZOE SPA s himal\u00e1jskou so\u013eou, zeolitom a pr\u00edrodn\u00fdmi olejmi jemne exfoliuje, vy\u017eiv\u00ed a zanech\u00e1 poko\u017eku hladk\u00fa, svie\u017eu a hydratovan\u00fa.","breadcrumb":{"@id":"https:\/\/www.zeozoe.sk\/produkt\/spa-luxusny-telovy-peeling-375g\/#breadcrumb"},"inLanguage":"en-GB","potentialAction":[{"@type":"ReadAction","target":["https:\/\/www.zeozoe.sk\/produkt\/spa-luxusny-telovy-peeling-375g\/"]}]},{"@type":"ImageObject","inLanguage":"en-GB","@id":"https:\/\/www.zeozoe.sk\/produkt\/spa-luxusny-telovy-peeling-375g\/#primaryimage","url":"https:\/\/www.zeozoe.sk\/wp-content\/uploads\/2026\/01\/SPA_v.jpeg","contentUrl":"https:\/\/www.zeozoe.sk\/wp-content\/uploads\/2026\/01\/SPA_v.jpeg","width":1080,"height":1080,"caption":"luxusn\u00fd telov\u00fd peeling so zeolitom a himal\u00e1jskou so\u013eou, SPA"},{"@type":"BreadcrumbList","@id":"https:\/\/www.zeozoe.sk\/produkt\/spa-luxusny-telovy-peeling-375g\/#breadcrumb","itemListElement":[{"@type":"ListItem","position":1,"name":"Domov","item":"https:\/\/www.zeozoe.sk\/"},{"@type":"ListItem","position":2,"name":"Obchod","item":"https:\/\/www.zeozoe.sk\/obchod\/"},{"@type":"ListItem","position":3,"name":"SPA &#8211; luxusn\u00fd telov\u00fd peeling ZEOZOE so zeolitom 375 g"}]},{"@type":"WebSite","@id":"https:\/\/www.zeozoe.sk\/#website","url":"https:\/\/www.zeozoe.sk\/","name":"ZEOZOE\u00ae","description":"Zubn\u00fd pr\u00e1\u0161ok a tablety na pr\u00edrodnej b\u00e1ze","potentialAction":[{"@type":"SearchAction","target":{"@type":"EntryPoint","urlTemplate":"https:\/\/www.zeozoe.sk\/?s={search_term_string}"},"query-input":{"@type":"PropertyValueSpecification","valueRequired":true,"valueName":"search_term_string"}}],"inLanguage":"en-GB"}]}},"_links":{"self":[{"href":"https:\/\/www.zeozoe.sk\/en\/wp-json\/wp\/v2\/product\/12294","targetHints":{"allow":["GET"]}}],"collection":[{"href":"https:\/\/www.zeozoe.sk\/en\/wp-json\/wp\/v2\/product"}],"about":[{"href":"https:\/\/www.zeozoe.sk\/en\/wp-json\/wp\/v2\/types\/product"}],"replies":[{"embeddable":true,"href":"https:\/\/www.zeozoe.sk\/en\/wp-json\/wp\/v2\/comments?post=12294"}],"wp:featuredmedia":[{"embeddable":true,"href":"https:\/\/www.zeozoe.sk\/en\/wp-json\/wp\/v2\/media\/12341"}],"wp:attachment":[{"href":"https:\/\/www.zeozoe.sk\/en\/wp-json\/wp\/v2\/media?parent=12294"}],"wp:term":[{"taxonomy":"product_brand","embeddable":true,"href":"https:\/\/www.zeozoe.sk\/en\/wp-json\/wp\/v2\/product_brand?post=12294"},{"taxonomy":"product_cat","embeddable":true,"href":"https:\/\/www.zeozoe.sk\/en\/wp-json\/wp\/v2\/product_cat?post=12294"},{"taxonomy":"product_tag","embeddable":true,"href":"https:\/\/www.zeozoe.sk\/en\/wp-json\/wp\/v2\/product_tag?post=12294"}],"curies":[{"name":"wp","href":"https:\/\/api.w.org\/{rel}","templated":true}]}}