{"id":12301,"date":"2026-01-23T20:41:27","date_gmt":"2026-01-23T19:41:27","guid":{"rendered":"https:\/\/www.zeozoe.sk\/?post_type=product&#038;p=12301"},"modified":"2026-04-24T11:43:18","modified_gmt":"2026-04-24T09:43:18","slug":"luxusny-telovy-peeling-zeozoe-sakura-so-zeolitom-150-g","status":"publish","type":"product","link":"https:\/\/www.zeozoe.sk\/en\/product\/luxusny-telovy-peeling-zeozoe-sakura-so-zeolitom-150-g\/","title":{"rendered":"Luxusn\u00fd telov\u00fd peeling ZEOZOE SAKURA so zeolitom 150 g"},"content":{"rendered":"<h2 class=\"ai-optimize-31\" data-start=\"226\" data-end=\"295\"><strong data-start=\"232\" data-end=\"293\">Luxusn\u00fd telov\u00fd peeling ZEOZOE SAKURA so zeolitom (150 g)<\/strong><\/h2>\n<h3 class=\"ai-optimize-32\" data-start=\"296\" data-end=\"358\">Jemn\u00e1 exfoli\u00e1cia a romantick\u00e1 starostlivos\u0165 o poko\u017eku<\/h3>\n<p class=\"ai-optimize-53 ai-optimize-introduction\" data-start=\"325\" data-end=\"652\">Luxusn\u00fd telov\u00fd peeling ZEOZOE SAKURA prin\u00e1\u0161a harmonick\u00e9 spojenie <strong data-start=\"390\" data-end=\"414\">pr\u00edrodnej exfoli\u00e1cie<\/strong>, v\u00fd\u017eivy poko\u017eky a jemnej, \u017eensk\u00e9j v\u00f4ne. Peelingov\u00fd efekt sme dosiahly v\u010faka <strong data-start=\"486\" data-end=\"507\">himal\u00e1jskej soli<\/strong>, ktor\u00e1 \u0161etrne odstra\u0148uje odumret\u00e9 bunky a podporuje prirodzen\u00fa obnovu poko\u017eky, zatia\u013e \u010do bohat\u00e9 masl\u00e1 a oleje sa staraj\u00fa o hydrat\u00e1ciu a hebkos\u0165.<\/p>\n<p class=\"ai-optimize-54\" data-start=\"654\" data-end=\"942\">V\u010faka kombin\u00e1cii <strong data-start=\"671\" data-end=\"682\">zeolitu<\/strong>, <strong data-start=\"684\" data-end=\"704\">bambuck\u00e9ho masla<\/strong>, <strong data-start=\"706\" data-end=\"726\">mand\u013eov\u00e9ho oleja<\/strong>, <strong data-start=\"728\" data-end=\"742\">vitam\u00ednu E<\/strong> a <strong data-start=\"745\" data-end=\"759\">panthenolu<\/strong> zost\u00e1va poko\u017eka po pou\u017eit\u00ed hladk\u00e1, vy\u017eiven\u00e1 a pr\u00edjemn\u00e1 na dotyk \u2013 bez pocitu vysu\u0161enia. Jemn\u00e1, romantick\u00e1 v\u00f4\u0148a sakury premen\u00ed ka\u017ed\u00e9 sprchovanie na ne\u017en\u00fd ritu\u00e1l starostlivosti o seba.<\/p>\n<p class=\"ai-optimize-55\" data-start=\"944\" data-end=\"1003\">Ide\u00e1lny pre v\u0161etky typy poko\u017eky, vr\u00e1tane suchej a citlivej.<\/p>\n<hr class=\"\" data-start=\"797\" data-end=\"800\" \/>\n<h3 class=\"ai-optimize-35\" data-start=\"802\" data-end=\"850\">\ud83c\udf3f Starostlivo vybran\u00e9 zlo\u017eky pre kr\u00e1snu poko\u017eku:<\/h3>\n<p class=\"ai-optimize-56\" data-start=\"1378\" data-end=\"1470\">\ud83c\udf0b <strong data-start=\"1381\" data-end=\"1405\">Zeolit klinoptilolit<\/strong> \u2013 \u010dist\u00ed poko\u017eku od ne\u010dist\u00f4t a tox\u00ednov, podporuje jej rovnov\u00e1hu<\/p>\n<p class=\"ai-optimize-57\" data-start=\"1472\" data-end=\"1554\">\ud83e\udd65 <strong data-start=\"1475\" data-end=\"1493\">Bambuck\u00e9 maslo<\/strong> \u2013 vy\u017eivuje, zjem\u0148uje a pom\u00e1ha udr\u017eiava\u0165 hydrat\u00e1ciu poko\u017eky<\/p>\n<p class=\"ai-optimize-58\" data-start=\"1556\" data-end=\"1623\">\ud83c\udf30 <strong data-start=\"1559\" data-end=\"1576\">Mand\u013eov\u00fd olej<\/strong> \u2013 dod\u00e1va poko\u017eke hebkos\u0165, pru\u017enos\u0165 a jemnos\u0165<\/p>\n<p class=\"ai-optimize-59\" data-start=\"1625\" data-end=\"1712\">\ud83d\udee1\ufe0f <strong data-start=\"1629\" data-end=\"1642\">Vitam\u00edn E<\/strong> \u2013 podporuje regener\u00e1ciu poko\u017eky a chr\u00e1ni ju pred vonkaj\u0161\u00edmi vplyvmi<\/p>\n<p class=\"ai-optimize-60\" data-start=\"1714\" data-end=\"1809\">\ud83d\udca7 <strong data-start=\"1717\" data-end=\"1746\">Provitam\u00edn B5 (Panthenol)<\/strong> \u2013 hydratuje, upokojuje a zvy\u0161uje komfort poko\u017eky po peelingu<\/p>\n<p class=\"ai-optimize-61\" data-start=\"1811\" data-end=\"1883\">\ud83c\udf38 <strong data-start=\"1814\" data-end=\"1829\">V\u00f4\u0148a sakury<\/strong> \u2013 jemn\u00e1, \u017eensk\u00e1 a elegantn\u00e1, navodzuj\u00faca pocit pohody<\/p>\n<hr class=\"\" data-start=\"1292\" data-end=\"1295\" \/>\n<h3 class=\"ai-optimize-40\" data-start=\"1297\" data-end=\"1337\">\u2728 V\u00fdhody telov\u00e9ho peelingu ZEOZOE SAKURA:<\/h3>\n<p class=\"ai-optimize-62\" data-start=\"1936\" data-end=\"2075\">\ud83e\uddc2 <strong data-start=\"1939\" data-end=\"1979\">Pr\u00edrodn\u00e1 exfoli\u00e1cia bez mikroplastov<\/strong><br data-start=\"1979\" data-end=\"1982\" \/>Peelingov\u00fd efekt dosiahnut\u00fd v\u00fdhradne pomocou himal\u00e1jskej soli \u2013 \u0161etrnej k poko\u017eke aj pr\u00edrode.<\/p>\n<p class=\"ai-optimize-63\" data-start=\"2077\" data-end=\"2193\">\ud83d\udca6 <strong data-start=\"2080\" data-end=\"2109\">Hladk\u00e1 a vy\u017eiven\u00e1 poko\u017eka<\/strong><br data-start=\"2109\" data-end=\"2112\" \/>V\u010faka bohat\u00e9mu zlo\u017eeniu nie je potrebn\u00e9 po pou\u017eit\u00ed peelingu aplikova\u0165 \u010fal\u0161\u00ed kr\u00e9m.<\/p>\n<p class=\"ai-optimize-64\" data-start=\"2195\" data-end=\"2282\">\ud83c\udf3f <strong data-start=\"2198\" data-end=\"2227\">\u010cist\u00e9 a pr\u00edrodn\u00e9 zlo\u017eenie<\/strong><br data-start=\"2227\" data-end=\"2230\" \/>Bez parab\u00e9nov, silik\u00f3nov a syntetick\u00fdch exfoliantov.<\/p>\n<p class=\"ai-optimize-65\" data-start=\"2284\" data-end=\"2388\">\ud83c\udf81 <strong data-start=\"2287\" data-end=\"2318\">Ne\u017en\u00fd ritu\u00e1l starostlivosti<\/strong><br data-start=\"2318\" data-end=\"2321\" \/>Ide\u00e1lny pre chv\u00edle, ke\u010f chcete dopria\u0165 poko\u017eke jemnos\u0165 a pozornos\u0165.<\/p>\n<p class=\"ai-optimize-66\" data-start=\"2390\" data-end=\"2476\">\ud83e\udde1 <strong data-start=\"2393\" data-end=\"2417\">Univerz\u00e1lne pou\u017eitie<\/strong><br data-start=\"2417\" data-end=\"2420\" \/>Vhodn\u00fd na cel\u00e9 telo \u2013 ruky, nohy, lakte \u010di such\u00e9 miesta.<\/p>\n<hr class=\"\" data-start=\"1696\" data-end=\"1699\" \/>\n<h3 class=\"ai-optimize-42\" data-start=\"1701\" data-end=\"1752\">\ud83e\uddfc Ako pou\u017e\u00edva\u0165 telov\u00fd peeling ZEOZOE SAKURA?<\/h3>\n<p class=\"ai-optimize-43\" data-start=\"1754\" data-end=\"1925\">1\ufe0f\u20e3 Naneste primeran\u00e9 mno\u017estvo peelingu na vlhk\u00fa poko\u017eku<br data-start=\"2589\" data-end=\"2592\" \/>2\ufe0f\u20e3 Jemne mas\u00edrujte kr\u00fa\u017eiv\u00fdmi pohybmi<br data-start=\"2629\" data-end=\"2632\" \/>3\ufe0f\u20e3 Opl\u00e1chnite teplou vodou<br data-start=\"2659\" data-end=\"2662\" \/>4\ufe0f\u20e3 Pou\u017e\u00edvajte 1\u20132\u00d7 t\u00fd\u017edenne alebo pod\u013ea potreby<\/p>\n<hr class=\"\" data-start=\"2030\" data-end=\"2033\" \/>\n<h3 class=\"ai-optimize-45\" data-start=\"2035\" data-end=\"2089\">\ud83c\udf38 Pre\u010do si vybra\u0165 telov\u00fd peeling ZEOZOE SAKURA?<\/h3>\n<p class=\"ai-optimize-46\" data-start=\"2091\" data-end=\"2464\">\u2714 Jemn\u00fd peelingov\u00fd efekt v\u010faka himal\u00e1jskej soli<br data-start=\"2817\" data-end=\"2820\" \/>\u2714 Hebk\u00e1, hladk\u00e1 a vy\u017eiven\u00e1 poko\u017eka<br data-start=\"2854\" data-end=\"2857\" \/>\u2714 Pr\u00edrodn\u00e1 kozmetika s d\u00f4razom na funkciu a kvalitu<br data-start=\"2908\" data-end=\"2911\" \/>\u2714 Romantick\u00e1 v\u00f4\u0148a pre ka\u017edodenn\u00fd ritu\u00e1l<br data-start=\"2950\" data-end=\"2953\" \/>\u2714 Vyroben\u00e9 s l\u00e1skou na Slovensku<\/p>\n<hr class=\"\" data-start=\"2466\" data-end=\"2469\" \/>\n<h3 class=\"ai-optimize-47\" data-start=\"2471\" data-end=\"2504\">\ud83d\udce6 <strong data-start=\"2478\" data-end=\"2502\">Objednajte si teraz:<\/strong><\/h3>\n<p class=\"ai-optimize-48\" data-start=\"2505\" data-end=\"2603\">Telov\u00fd peeling ZEOZOE SAKURA \u2013 jemn\u00e1 pr\u00edrodn\u00e1 exfoli\u00e1cia pre poko\u017eku, ktor\u00e1 sa chce c\u00edti\u0165 kr\u00e1sna.<\/p>\n<h3 class=\"ai-optimize-50\"><strong>S\u00favisiace produkty:<\/strong><\/h3>\n<ul>\n<li class=\"ai-optimize-67\"><a href=\"https:\/\/www.zeozoe.sk\/produkt\/luxusne-telove-maslo-zeozoe-sakura-so-zeolitom\/\">Luxusn\u00e9 telov\u00e9 maslo SAKURA so zeolitom<\/a> &#8211; pre jemn\u00fa, romantick\u00fa starostlivos\u0165.<\/li>\n<li class=\"ai-optimize-51\"><a href=\"https:\/\/www.zeozoe.sk\/produkt\/pletova-maska-sage-zeozoe\/\" rel=\"noopener\">Ple\u0165ov\u00e1 maska Zeolit a \u0160alvia<\/a> \u2013 detoxik\u00e1cia pleti prirodzen\u00fdm sp\u00f4sobom.<\/li>\n<\/ul>","protected":false},"excerpt":{"rendered":"<p class=\"ai-optimize-30\"><strong data-start=\"149\" data-end=\"201\">Luxusn\u00fd telov\u00fd peeling ZEOZOE SAKURA so zeolitom<\/strong> pon\u00faka jemn\u00fa, ale \u00fa\u010dinn\u00fa exfoli\u00e1ciu v\u010faka <strong data-start=\"244\" data-end=\"264\">himal\u00e1jskej soli<\/strong> a ne\u017en\u00fa starostlivos\u0165 o poko\u017eku. Bohat\u00e9 zlo\u017eenie s bambuck\u00fdm maslom, mand\u013eov\u00fdm olejom a panthenolom poko\u017eku vy\u017eivuje, zjem\u0148uje a zanech\u00e1va ju hladk\u00fa a hebk\u00fa. Jemn\u00e1 v\u00f4\u0148a rozkvitnut\u00fdch sak\u00far premen\u00ed ka\u017ed\u00e9 pou\u017eitie na romantick\u00fd ritu\u00e1l. Ide\u00e1lny pre such\u00fa a citliv\u00fa poko\u017eku.<\/p>\n<p class=\"ai-optimize-31\"><span style=\"color: #000000;\">\u2764\ufe0f <strong data-start=\"139\" data-end=\"162\">Bezpe\u010dn\u00fd produkt<\/strong><\/span><br data-start=\"162\" data-end=\"165\" \/><span style=\"color: #000000;\">\u2764\ufe0f <strong data-start=\"168\" data-end=\"193\">Vyroben\u00e9 na Slovensku<\/strong><\/span><br data-start=\"193\" data-end=\"196\" \/><span style=\"color: #000000;\">\u2764\ufe0f <strong data-start=\"199\" data-end=\"231\">ZEOZOE \u2013 registrovan\u00e1 zna\u010dka<\/strong><\/span><br data-start=\"231\" data-end=\"234\" \/><span style=\"color: #000000;\">\u2764\ufe0f <strong data-start=\"237\" data-end=\"263\">Neobsahuje mikroplasty, bez parab\u00e9nov, silik\u00f3nov a umel\u00fdch farb\u00edv<\/strong><\/span><br data-start=\"263\" data-end=\"266\" \/><span style=\"color: #000000;\">\u2764\ufe0f <strong data-start=\"269\" data-end=\"301\">Vyroben\u00e9 s dobr\u00fdm z\u00e1merom \ud83d\ude42<\/strong><\/span><\/p>","protected":false},"featured_media":12339,"comment_status":"open","ping_status":"closed","template":"","meta":[],"product_brand":[],"product_cat":[29,54],"product_tag":[248,112,247,130,131],"class_list":{"0":"post-12301","1":"product","2":"type-product","3":"status-publish","4":"has-post-thumbnail","6":"product_cat-telo","7":"product_cat-vsetko","8":"product_tag-himalajska-sol","9":"product_tag-hydratacia","10":"product_tag-luxusny-telovy-peeling","11":"product_tag-prirodny-produkt","12":"product_tag-sakura","14":"first","15":"outofstock","16":"taxable","17":"shipping-taxable","18":"purchasable","19":"product-type-simple"},"yoast_head":"<!-- This site is optimized with the Yoast SEO Premium plugin v25.2 (Yoast SEO v25.2) - https:\/\/yoast.com\/wordpress\/plugins\/seo\/ -->\n<title>Luxusn\u00fd telov\u00fd peeling ZEOZOE SAKURA so zeolitom 150 g - ZEOZOE\u00ae<\/title>\n<meta name=\"description\" content=\"Telov\u00fd peeling ZEOZOE SAKURA s himal\u00e1jskou so\u013eou, zeolitom a pr\u00edrodn\u00fdmi olejmi jemne exfoliuje, vy\u017eiv\u00ed a zanech\u00e1 poko\u017eku hladk\u00fa, hebk\u00fa a kr\u00e1sne prevo\u0148an\u00fa.\" \/>\n<meta name=\"robots\" content=\"index, follow, max-snippet:-1, max-image-preview:large, max-video-preview:-1\" \/>\n<link rel=\"canonical\" href=\"https:\/\/www.zeozoe.sk\/en\/product\/luxusny-telovy-peeling-zeozoe-sakura-so-zeolitom-150-g\/\" \/>\n<meta property=\"og:locale\" content=\"en_GB\" \/>\n<meta property=\"og:type\" content=\"article\" \/>\n<meta property=\"og:title\" content=\"Luxusn\u00fd telov\u00fd peeling ZEOZOE SAKURA so zeolitom 150 g\" \/>\n<meta property=\"og:description\" content=\"Telov\u00fd peeling ZEOZOE SAKURA s himal\u00e1jskou so\u013eou, zeolitom a pr\u00edrodn\u00fdmi olejmi jemne exfoliuje, vy\u017eiv\u00ed a zanech\u00e1 poko\u017eku hladk\u00fa, hebk\u00fa a kr\u00e1sne prevo\u0148an\u00fa.\" \/>\n<meta property=\"og:url\" content=\"https:\/\/www.zeozoe.sk\/en\/product\/luxusny-telovy-peeling-zeozoe-sakura-so-zeolitom-150-g\/\" \/>\n<meta property=\"og:site_name\" content=\"ZEOZOE\u00ae\" \/>\n<meta property=\"article:modified_time\" content=\"2026-04-24T09:43:18+00:00\" \/>\n<meta property=\"og:image\" content=\"https:\/\/www.zeozoe.sk\/wp-content\/uploads\/2026\/01\/Sakura_m.jpeg\" \/>\n\t<meta property=\"og:image:width\" content=\"1080\" \/>\n\t<meta property=\"og:image:height\" content=\"1080\" \/>\n\t<meta property=\"og:image:type\" content=\"image\/jpeg\" \/>\n<meta name=\"twitter:card\" content=\"summary_large_image\" \/>\n<meta name=\"twitter:label1\" content=\"Estimated reading time\" \/>\n\t<meta name=\"twitter:data1\" content=\"3 minutes\" \/>\n<script type=\"application\/ld+json\" class=\"yoast-schema-graph\">{\"@context\":\"https:\/\/schema.org\",\"@graph\":[{\"@type\":\"WebPage\",\"@id\":\"https:\/\/www.zeozoe.sk\/produkt\/luxusny-telovy-peeling-zeozoe-sakura-so-zeolitom-150-g\/\",\"url\":\"https:\/\/www.zeozoe.sk\/produkt\/luxusny-telovy-peeling-zeozoe-sakura-so-zeolitom-150-g\/\",\"name\":\"Luxusn\u00fd telov\u00fd peeling ZEOZOE SAKURA so zeolitom 150 g - ZEOZOE\u00ae\",\"isPartOf\":{\"@id\":\"https:\/\/www.zeozoe.sk\/#website\"},\"primaryImageOfPage\":{\"@id\":\"https:\/\/www.zeozoe.sk\/produkt\/luxusny-telovy-peeling-zeozoe-sakura-so-zeolitom-150-g\/#primaryimage\"},\"image\":{\"@id\":\"https:\/\/www.zeozoe.sk\/produkt\/luxusny-telovy-peeling-zeozoe-sakura-so-zeolitom-150-g\/#primaryimage\"},\"thumbnailUrl\":\"https:\/\/www.zeozoe.sk\/wp-content\/uploads\/2026\/01\/Sakura_m.jpeg\",\"datePublished\":\"2026-01-23T19:41:27+00:00\",\"dateModified\":\"2026-04-24T09:43:18+00:00\",\"description\":\"Telov\u00fd peeling ZEOZOE SAKURA s himal\u00e1jskou so\u013eou, zeolitom a pr\u00edrodn\u00fdmi olejmi jemne exfoliuje, vy\u017eiv\u00ed a zanech\u00e1 poko\u017eku hladk\u00fa, hebk\u00fa a kr\u00e1sne prevo\u0148an\u00fa.\",\"breadcrumb\":{\"@id\":\"https:\/\/www.zeozoe.sk\/produkt\/luxusny-telovy-peeling-zeozoe-sakura-so-zeolitom-150-g\/#breadcrumb\"},\"inLanguage\":\"en-GB\",\"potentialAction\":[{\"@type\":\"ReadAction\",\"target\":[\"https:\/\/www.zeozoe.sk\/produkt\/luxusny-telovy-peeling-zeozoe-sakura-so-zeolitom-150-g\/\"]}]},{\"@type\":\"ImageObject\",\"inLanguage\":\"en-GB\",\"@id\":\"https:\/\/www.zeozoe.sk\/produkt\/luxusny-telovy-peeling-zeozoe-sakura-so-zeolitom-150-g\/#primaryimage\",\"url\":\"https:\/\/www.zeozoe.sk\/wp-content\/uploads\/2026\/01\/Sakura_m.jpeg\",\"contentUrl\":\"https:\/\/www.zeozoe.sk\/wp-content\/uploads\/2026\/01\/Sakura_m.jpeg\",\"width\":1080,\"height\":1080,\"caption\":\"luxusn\u00fd telov\u00fd peeling zeozoe sakura so zeolitom a himal\u00e1jskou so\u013eou\"},{\"@type\":\"BreadcrumbList\",\"@id\":\"https:\/\/www.zeozoe.sk\/produkt\/luxusny-telovy-peeling-zeozoe-sakura-so-zeolitom-150-g\/#breadcrumb\",\"itemListElement\":[{\"@type\":\"ListItem\",\"position\":1,\"name\":\"Domov\",\"item\":\"https:\/\/www.zeozoe.sk\/\"},{\"@type\":\"ListItem\",\"position\":2,\"name\":\"Obchod\",\"item\":\"https:\/\/www.zeozoe.sk\/obchod\/\"},{\"@type\":\"ListItem\",\"position\":3,\"name\":\"Luxusn\u00fd telov\u00fd peeling ZEOZOE SAKURA so zeolitom 150 g\"}]},{\"@type\":\"WebSite\",\"@id\":\"https:\/\/www.zeozoe.sk\/#website\",\"url\":\"https:\/\/www.zeozoe.sk\/\",\"name\":\"ZEOZOE\u00ae\",\"description\":\"Zubn\u00fd pr\u00e1\u0161ok a tablety na pr\u00edrodnej b\u00e1ze\",\"potentialAction\":[{\"@type\":\"SearchAction\",\"target\":{\"@type\":\"EntryPoint\",\"urlTemplate\":\"https:\/\/www.zeozoe.sk\/?s={search_term_string}\"},\"query-input\":{\"@type\":\"PropertyValueSpecification\",\"valueRequired\":true,\"valueName\":\"search_term_string\"}}],\"inLanguage\":\"en-GB\"}]}<\/script>\n<!-- \/ Yoast SEO Premium plugin. -->","yoast_head_json":{"title":"Luxusn\u00fd telov\u00fd peeling ZEOZOE SAKURA so zeolitom 150 g - ZEOZOE\u00ae","description":"Telov\u00fd peeling ZEOZOE SAKURA s himal\u00e1jskou so\u013eou, zeolitom a pr\u00edrodn\u00fdmi olejmi jemne exfoliuje, vy\u017eiv\u00ed a zanech\u00e1 poko\u017eku hladk\u00fa, hebk\u00fa a kr\u00e1sne prevo\u0148an\u00fa.","robots":{"index":"index","follow":"follow","max-snippet":"max-snippet:-1","max-image-preview":"max-image-preview:large","max-video-preview":"max-video-preview:-1"},"canonical":"https:\/\/www.zeozoe.sk\/en\/product\/luxusny-telovy-peeling-zeozoe-sakura-so-zeolitom-150-g\/","og_locale":"en_GB","og_type":"article","og_title":"Luxusn\u00fd telov\u00fd peeling ZEOZOE SAKURA so zeolitom 150 g","og_description":"Telov\u00fd peeling ZEOZOE SAKURA s himal\u00e1jskou so\u013eou, zeolitom a pr\u00edrodn\u00fdmi olejmi jemne exfoliuje, vy\u017eiv\u00ed a zanech\u00e1 poko\u017eku hladk\u00fa, hebk\u00fa a kr\u00e1sne prevo\u0148an\u00fa.","og_url":"https:\/\/www.zeozoe.sk\/en\/product\/luxusny-telovy-peeling-zeozoe-sakura-so-zeolitom-150-g\/","og_site_name":"ZEOZOE\u00ae","article_modified_time":"2026-04-24T09:43:18+00:00","og_image":[{"width":1080,"height":1080,"url":"https:\/\/www.zeozoe.sk\/wp-content\/uploads\/2026\/01\/Sakura_m.jpeg","type":"image\/jpeg"}],"twitter_card":"summary_large_image","twitter_misc":{"Estimated reading time":"3 minutes"},"schema":{"@context":"https:\/\/schema.org","@graph":[{"@type":"WebPage","@id":"https:\/\/www.zeozoe.sk\/produkt\/luxusny-telovy-peeling-zeozoe-sakura-so-zeolitom-150-g\/","url":"https:\/\/www.zeozoe.sk\/produkt\/luxusny-telovy-peeling-zeozoe-sakura-so-zeolitom-150-g\/","name":"Luxusn\u00fd telov\u00fd peeling ZEOZOE SAKURA so zeolitom 150 g - ZEOZOE\u00ae","isPartOf":{"@id":"https:\/\/www.zeozoe.sk\/#website"},"primaryImageOfPage":{"@id":"https:\/\/www.zeozoe.sk\/produkt\/luxusny-telovy-peeling-zeozoe-sakura-so-zeolitom-150-g\/#primaryimage"},"image":{"@id":"https:\/\/www.zeozoe.sk\/produkt\/luxusny-telovy-peeling-zeozoe-sakura-so-zeolitom-150-g\/#primaryimage"},"thumbnailUrl":"https:\/\/www.zeozoe.sk\/wp-content\/uploads\/2026\/01\/Sakura_m.jpeg","datePublished":"2026-01-23T19:41:27+00:00","dateModified":"2026-04-24T09:43:18+00:00","description":"Telov\u00fd peeling ZEOZOE SAKURA s himal\u00e1jskou so\u013eou, zeolitom a pr\u00edrodn\u00fdmi olejmi jemne exfoliuje, vy\u017eiv\u00ed a zanech\u00e1 poko\u017eku hladk\u00fa, hebk\u00fa a kr\u00e1sne prevo\u0148an\u00fa.","breadcrumb":{"@id":"https:\/\/www.zeozoe.sk\/produkt\/luxusny-telovy-peeling-zeozoe-sakura-so-zeolitom-150-g\/#breadcrumb"},"inLanguage":"en-GB","potentialAction":[{"@type":"ReadAction","target":["https:\/\/www.zeozoe.sk\/produkt\/luxusny-telovy-peeling-zeozoe-sakura-so-zeolitom-150-g\/"]}]},{"@type":"ImageObject","inLanguage":"en-GB","@id":"https:\/\/www.zeozoe.sk\/produkt\/luxusny-telovy-peeling-zeozoe-sakura-so-zeolitom-150-g\/#primaryimage","url":"https:\/\/www.zeozoe.sk\/wp-content\/uploads\/2026\/01\/Sakura_m.jpeg","contentUrl":"https:\/\/www.zeozoe.sk\/wp-content\/uploads\/2026\/01\/Sakura_m.jpeg","width":1080,"height":1080,"caption":"luxusn\u00fd telov\u00fd peeling zeozoe sakura so zeolitom a himal\u00e1jskou so\u013eou"},{"@type":"BreadcrumbList","@id":"https:\/\/www.zeozoe.sk\/produkt\/luxusny-telovy-peeling-zeozoe-sakura-so-zeolitom-150-g\/#breadcrumb","itemListElement":[{"@type":"ListItem","position":1,"name":"Domov","item":"https:\/\/www.zeozoe.sk\/"},{"@type":"ListItem","position":2,"name":"Obchod","item":"https:\/\/www.zeozoe.sk\/obchod\/"},{"@type":"ListItem","position":3,"name":"Luxusn\u00fd telov\u00fd peeling ZEOZOE SAKURA so zeolitom 150 g"}]},{"@type":"WebSite","@id":"https:\/\/www.zeozoe.sk\/#website","url":"https:\/\/www.zeozoe.sk\/","name":"ZEOZOE\u00ae","description":"Zubn\u00fd pr\u00e1\u0161ok a tablety na pr\u00edrodnej b\u00e1ze","potentialAction":[{"@type":"SearchAction","target":{"@type":"EntryPoint","urlTemplate":"https:\/\/www.zeozoe.sk\/?s={search_term_string}"},"query-input":{"@type":"PropertyValueSpecification","valueRequired":true,"valueName":"search_term_string"}}],"inLanguage":"en-GB"}]}},"_links":{"self":[{"href":"https:\/\/www.zeozoe.sk\/en\/wp-json\/wp\/v2\/product\/12301","targetHints":{"allow":["GET"]}}],"collection":[{"href":"https:\/\/www.zeozoe.sk\/en\/wp-json\/wp\/v2\/product"}],"about":[{"href":"https:\/\/www.zeozoe.sk\/en\/wp-json\/wp\/v2\/types\/product"}],"replies":[{"embeddable":true,"href":"https:\/\/www.zeozoe.sk\/en\/wp-json\/wp\/v2\/comments?post=12301"}],"wp:featuredmedia":[{"embeddable":true,"href":"https:\/\/www.zeozoe.sk\/en\/wp-json\/wp\/v2\/media\/12339"}],"wp:attachment":[{"href":"https:\/\/www.zeozoe.sk\/en\/wp-json\/wp\/v2\/media?parent=12301"}],"wp:term":[{"taxonomy":"product_brand","embeddable":true,"href":"https:\/\/www.zeozoe.sk\/en\/wp-json\/wp\/v2\/product_brand?post=12301"},{"taxonomy":"product_cat","embeddable":true,"href":"https:\/\/www.zeozoe.sk\/en\/wp-json\/wp\/v2\/product_cat?post=12301"},{"taxonomy":"product_tag","embeddable":true,"href":"https:\/\/www.zeozoe.sk\/en\/wp-json\/wp\/v2\/product_tag?post=12301"}],"curies":[{"name":"wp","href":"https:\/\/api.w.org\/{rel}","templated":true}]}}