{"id":124,"date":"2024-06-04T00:55:36","date_gmt":"2024-06-03T22:55:36","guid":{"rendered":"https:\/\/www.zeozoe.sk\/?post_type=product&#038;p=124"},"modified":"2026-04-15T09:10:26","modified_gmt":"2026-04-15T07:10:26","slug":"zubny-prasok-zelene-jablko-zeozoe","status":"publish","type":"product","link":"https:\/\/www.zeozoe.sk\/en\/product\/zubny-prasok-zelene-jablko-zeozoe\/","title":{"rendered":"ZEOZOE Zubn\u00fd pr\u00e1\u0161ok zelen\u00e9 jablko"},"content":{"rendered":"<h3 class=\"ai-optimize-30\"><strong>ZEOZOE Zubn\u00fd pr\u00e1\u0161ok zelen\u00e9 jablko \u2013 svie\u017ea dent\u00e1lna starostlivos\u0165 pre cel\u00fa rodinu<\/strong><\/h3>\n<p class=\"ai-optimize-31 ai-optimize-introduction\"><strong>Zubn\u00fd pr\u00e1\u0161ok zelen\u00e9 jablko<\/strong> pon\u00faka pr\u00edrodn\u00fa a osvie\u017euj\u00facu starostlivos\u0165 o zuby a \u00fastnu dutinu, ktor\u00fa si zamiluje cel\u00e1 rodina a chut\u00ed najm\u00e4 de\u0165om. V\u010faka jedine\u010dnej kombin\u00e1cii pr\u00edrodn\u00e9ho zeolitu, \u0161alvie lek\u00e1rskej, m\u00e4ty piepornej a ar\u00f3my zelen\u00e9ho jablka jemne \u010dist\u00ed zuby, redukuje zubn\u00fd povlak a zubn\u00fd kame\u0148 a z\u00e1rove\u0148 poskytuje pr\u00edjemn\u00fd svie\u017ei dych. Pr\u00e1\u0161ok m\u00e1 zn\u00ed\u017een\u00fd obsah m\u00e4ty, aby bol \u0161etrn\u00fd k citlivej\u0161\u00edm \u00fastam a poskytoval jemn\u00fd, ne\u0161t\u00edpav\u00fd pocit pri pou\u017e\u00edvan\u00ed.<\/p>\n<p class=\"ai-optimize-32\">Na rozdiel od be\u017en\u00fdch zubn\u00fdch p\u00e1st, tento pr\u00e1\u0161ok neobsahuje flu\u00f3r ani \u017eiadne chemick\u00e9 pr\u00edsady, \u010d\u00edm predstavuje \u0161etrn\u00fa alternat\u00edvu k dent\u00e1lnej hygiene. Jeho prirodzen\u00e9 zlo\u017eenie chr\u00e1ni zubn\u00fa sklovinu, pom\u00e1ha predch\u00e1dza\u0165 vzniku zubn\u00e9ho kazu a udr\u017eiava \u00fastnu dutinu zdrav\u00fa.<\/p>\n<hr \/>\n<h3 class=\"ai-optimize-33\"><strong>Benefity zlo\u017eiek:<\/strong><\/h3>\n<ul>\n<li class=\"ai-optimize-34\"><strong>Pr\u00edjemn\u00e1 svie\u017ea chu\u0165:<\/strong> Pr\u00edrodn\u00e1 ar\u00f3ma zelen\u00e9ho jablka osvie\u017euje dych a dod\u00e1va \u00fastnej hygiene nov\u00fd rozmer.<\/li>\n<li class=\"ai-optimize-35\"><strong>Jemn\u00e9, no \u00fa\u010dinn\u00e9 \u010distenie:<\/strong> Kombin\u00e1cia zeolitu a \u0161alvie \u00fa\u010dinne odstra\u0148uje povlak a redukuje zubn\u00fd kame\u0148 bez po\u0161kodenia zubnej skloviny.<\/li>\n<li class=\"ai-optimize-36\"><strong>\u0160etrn\u00fd k citlivej\u0161\u00edm \u00fastam:<\/strong> Zn\u00ed\u017een\u00fd obsah m\u00e4ty zais\u0165uje jemn\u00fd pocit bez \u0161t\u00edpania, vhodn\u00fd aj pre deti a \u013eud\u00ed s citliv\u00fdmi \u010fasnami.<\/li>\n<li class=\"ai-optimize-37\"><strong>Protiz\u00e1palov\u00e9 vlastnosti:<\/strong> \u0160alvia a m\u00e4ta pieporn\u00e1 pom\u00e1haj\u00fa predch\u00e1dza\u0165 z\u00e1palom a podporuj\u00fa zdravie zubov a \u010fasien.<\/li>\n<li class=\"ai-optimize-38\"><strong>bez chemick\u00fdch pr\u00edsad: <\/strong>ZEOZOE Zubn\u00fd pr\u00e1\u0161ok zelen\u00e9 jablko neobsahuje flu\u00f3r ani syntetick\u00e9 l\u00e1tky, \u010d\u00edm je ide\u00e1lny pre t\u00fdch, ktor\u00ed preferuj\u00fa pr\u00edrodn\u00fa dent\u00e1lnu starostlivos\u0165<br \/>\n<h3 class=\"ai-optimize-39\"><strong>Zeolit \u2013 tajomstvo \u00fa\u010dinnosti:<\/strong><\/h3>\n<p class=\"ai-optimize-40\">Zeolit, jeden z naj\u00fa\u010dinnej\u0161\u00edch pr\u00edrodn\u00fdch absorbentov, zohr\u00e1va k\u013e\u00fa\u010dov\u00fa \u00falohu pri \u010disten\u00ed zubov. Jeho schopnos\u0165 viaza\u0165 tox\u00edny a \u0161kodliv\u00e9 l\u00e1tky chr\u00e1ni zuby pred po\u0161koden\u00edm, zatia\u013e \u010do uvo\u013e\u0148ovanie miner\u00e1lov a stopov\u00fdch prvkov udr\u017eiava \u00fastnu dutinu v rovnov\u00e1he. Pri pravidelnom pou\u017e\u00edvan\u00ed v\u00fdrazne zni\u017euje tvorbu zubn\u00e9ho kame\u0148a a prispieva k zdraviu \u00fastnej dutiny.<\/p>\n<h3 class=\"ai-optimize-41\"><strong>Ako pou\u017e\u00edva\u0165 zubn\u00fd pr\u00e1\u0161ok zelen\u00e9 jablko:<\/strong><\/h3>\n<p class=\"ai-optimize-42\">1. Naneste mal\u00e9 mno\u017estvo pr\u00e1\u0161ku na vlhk\u00fa zubn\u00fa kefku.<\/p>\n<p class=\"ai-optimize-42\">2. Jemn\u00fdmi kr\u00fa\u017eiv\u00fdmi pohybmi zuby d\u00f4kladne vy\u010distite.<\/p>\n<p class=\"ai-optimize-42\">3. Vypl\u00e1chnite si \u00fasta \u010distou vodou, aby ste odstr\u00e1nili zvy\u0161ky pr\u00e1\u0161ku.<\/p>\n<p class=\"ai-optimize-42\">4. Opakujte 2-kr\u00e1t denne, r\u00e1no a ve\u010der, aby ste dosiahli optim\u00e1lne v\u00fdsledky.<\/p>\n<hr \/>\n<h3 class=\"ai-optimize-43\"><strong>Pre\u010do si vybra\u0165 ZEOZOE zelen\u00e9 jablko?<\/strong><\/h3>\n<ul>\n<li class=\"ai-optimize-44\">Prin\u00e1\u0161a pr\u00edjemn\u00fa chu\u0165, ktor\u00fa si ob\u013e\u00fabia aj deti.<\/li>\n<li class=\"ai-optimize-45\">Jemne, no efekt\u00edvne \u010dist\u00ed zuby a chr\u00e1ni zubn\u00fa sklovinu.<\/li>\n<li class=\"ai-optimize-46\">Predstavuje ide\u00e1lnu pr\u00edrodn\u00fa alternat\u00edvu k be\u017en\u00fdm zubn\u00fdm past\u00e1m.<\/li>\n<\/ul>\n<p class=\"ai-optimize-47\">Ak sa v\u00e1m minie zubn\u00fd pr\u00e1\u0161ok zelen\u00e9 jablko, m\u00f4\u017eete si k\u00fapi\u0165 <a href=\"https:\/\/www.zeozoe.sk\/produkt\/zubny-prasok-zelene-jablko-refill-zeozoe\/\">refill<\/a> a doplni\u0165 n\u00e1dobku. U\u0161etr\u00edte tak pr\u00edrodu aj svoju pe\u0148a\u017eenku.<\/p>\n<p>Ak m\u00e1te probl\u00e9my s \u010fasnami alebo h\u013ead\u00e1te rie\u0161enie pre z\u00e1paly a citliv\u00e9 \u010fasn\u00e1, odpor\u00fa\u010dame vysk\u00fa\u0161a\u0165 aj n\u00e1\u0161 <strong><a href=\"https:\/\/www.zeozoe.sk\/produkt\/zubny-prasok-paradent-zeozoe\/\" rel=\"noopener\">zubn\u00fd pr\u00e1\u0161ok PARADENT<\/a><\/strong>, \u0161peci\u00e1lne navrhnut\u00fd na tieto probl\u00e9my.<\/p>\n<h3 class=\"ai-optimize-49\"><strong>Zlo\u017eenie (INCI):<\/strong><\/h3>\n<p class=\"ai-optimize-50\">Zeolit klinoptilolit, mentha piperita oil, salvia officinalis extract, pr\u00edrodn\u00e1 ar\u00f3ma zelen\u00e9ho jablka.<br \/>\n<strong>Hmotnos\u0165:<\/strong> 30 g<\/p>\n<p><strong>A\u017e na 90 pou\u017eit\u00ed.<\/strong><\/p>\n<p class=\"ai-optimize-52\" data-start=\"502\" data-end=\"742\"><em>V s\u00falade s <strong data-start=\"513\" data-end=\"599\">Nariaden\u00edm Eur\u00f3pskeho parlamentu a Rady (ES) \u010d. 1223\/2009 o kozmetick\u00fdch v\u00fdrobkoch<\/strong> nesm\u00fa by\u0165 kozmetick\u00e9 produkty prezentovan\u00e9 ako produkty, ktor\u00e9 maj\u00fa <strong data-start=\"668\" data-end=\"686\">lie\u010div\u00e9 \u00fa\u010dinky<\/strong>, diagnostikuj\u00fa, lie\u010dia alebo predch\u00e1dzaj\u00fa ochoreniam.<\/em><\/p>\n<p class=\"ai-optimize-53\" data-start=\"744\" data-end=\"1016\"><em>Inform\u00e1cie uveden\u00e9 pri produktoch vych\u00e1dzaj\u00fa z <strong data-start=\"791\" data-end=\"835\">tradi\u010dn\u00e9ho pou\u017e\u00edvania pr\u00edrodn\u00fdch zlo\u017eiek<\/strong>, <strong data-start=\"837\" data-end=\"877\">verejne dostupn\u00fdch odborn\u00fdch zdrojov<\/strong> a <strong data-start=\"880\" data-end=\"917\">sp\u00e4tn\u00fdch v\u00e4zieb na\u0161ich z\u00e1kazn\u00edkov<\/strong>. Nejde o lek\u00e1rske tvrdenia a <strong data-start=\"947\" data-end=\"1015\">nenahr\u00e1dzaj\u00fa odpor\u00fa\u010dania ani starostlivos\u0165 lek\u00e1ra \u010di dermatol\u00f3ga<\/strong>.<\/em><\/p>\n<\/li>\n<\/ul>","protected":false},"excerpt":{"rendered":"<p class=\"ai-optimize-31\">Zubn\u00fd pr\u00e1\u0161ok ZEOZOE zelen\u00e9 jablko pon\u00faka pr\u00edrodn\u00fa starostlivos\u0165 o zuby s osvie\u017euj\u00facou chu\u0165ou zelen\u00e9ho jablka, ktor\u00e1 chut\u00ed aj najmlad\u0161\u00edm. Obsahuje zeolit, \u0161alviu a jemn\u00fd podiel m\u00e4ty, v\u010faka \u010domu \u010dist\u00ed zuby efekt\u00edvne, no \u0161etrne, bez \u0161t\u00edpania. Zni\u017euje povlak, chr\u00e1ni zubn\u00fa sklovinu a udr\u017euje zdrav\u00e9 pH v \u00fastnej dutine. Pr\u00e1\u0161ok neobsahuje flu\u00f3r ani chemick\u00e9 pr\u00edsady, \u010d\u00edm je ide\u00e1lny pre citliv\u00e9 \u00fasta. Doprajte si svie\u017ei dych a zdrav\u00fd \u00fasmev s touto pr\u00edrodnou alternat\u00edvou k be\u017en\u00fdm zubn\u00fdm past\u00e1m!<strong> A\u017e na 90 pou\u017eit\u00ed.<\/strong><\/p>\n<p class=\"ai-optimize-32\"><span style=\"color: #000000;\">\u2764\ufe0f <strong data-start=\"108\" data-end=\"133\">Certifikovan\u00fd produkt<\/strong><\/span><br data-start=\"133\" data-end=\"136\" \/><span style=\"color: #000000;\">\u2764\ufe0f <strong data-start=\"139\" data-end=\"162\">Bezpe\u010dnostn\u00e1 spr\u00e1va<\/strong><\/span><br data-start=\"162\" data-end=\"165\" \/><span style=\"color: #000000;\">\u2764\ufe0f <strong data-start=\"168\" data-end=\"193\">Vyroben\u00e9 na Slovensku<\/strong><\/span><br data-start=\"193\" data-end=\"196\" \/><span style=\"color: #000000;\">\u2764\ufe0f <strong data-start=\"199\" data-end=\"231\">ZEOZOE \u2013 registrovan\u00e1 zna\u010dka<\/strong><\/span><br data-start=\"231\" data-end=\"234\" \/><span style=\"color: #000000;\">\u2764\ufe0f <strong data-start=\"237\" data-end=\"263\">Neobsahuje mikroplasty<\/strong><\/span><br data-start=\"263\" data-end=\"266\" \/><span style=\"color: #000000;\">\u2764\ufe0f <strong data-start=\"269\" data-end=\"301\">Vyroben\u00e9 s dobr\u00fdm z\u00e1merom \ud83d\ude42<\/strong><\/span><\/p>","protected":false},"featured_media":4865,"comment_status":"open","ping_status":"closed","template":"","meta":[],"product_brand":[],"product_cat":[54,28],"product_tag":[123,118,60,120],"class_list":{"0":"post-124","1":"product","2":"type-product","3":"status-publish","4":"has-post-thumbnail","6":"product_cat-vsetko","7":"product_cat-zuby","8":"product_tag-bezpecnostna-sprava","9":"product_tag-certifikovany-produkt","10":"product_tag-zeolit","11":"product_tag-zeozoe-registrovana-znacka","13":"first","14":"instock","15":"taxable","16":"shipping-taxable","17":"purchasable","18":"product-type-simple"},"yoast_head":"<!-- This site is optimized with the Yoast SEO Premium plugin v25.2 (Yoast SEO v25.2) - https:\/\/yoast.com\/wordpress\/plugins\/seo\/ -->\n<title>ZEOZOE Zubn\u00fd pr\u00e1\u0161ok zelen\u00e9 jablko - ZEOZOE\u00ae<\/title>\n<meta name=\"description\" content=\"Zubn\u00fd pr\u00e1\u0161ok na b\u00e1ze zeolitu je \u00fa\u010dinn\u00fdm a prirodzen\u00fdm sp\u00f4sobom dent\u00e1lnej hygieny. Pr\u00e1\u0161ok\u00a0 neobsahuje flu\u00f3r, ani \u017eiadne in\u00e9 chemick\u00e9 a pr\u00eddavn\u00e9 l\u00e1tky, ktor\u00e9 s\u00fa be\u017en\u00e9 v zubn\u00fdch past\u00e1ch. N\u00e1\u0161 v\u00fdrobok vyu\u017e\u00edva neoby\u010dajn\u00e9 vlastnosti pr\u00e1\u0161kov\u00e9ho pr\u00edrodn\u00e9ho zeolitu. V spojen\u00ed so \u0161alviou a m\u00e4tou, zabezpe\u010duje odstr\u00e1nenie povlaku a zubn\u00e9ho kame\u0148a, prevenciu proti tvorbe zubn\u00e9ho kazu a z\u00e1palom \u010fasien. Pr\u00edrodn\u00e1 ar\u00f3ma zelen\u00e9ho jablka ve\u013emi chut\u00ed de\u0165om a navodzuje pocit ovocnej sladkej chuti aj bez pridan\u00fdch cukrov a penidiel. Jemn\u00e1 abraz\u00edvna vlastnos\u0165 zeolitu nesp\u00f4sobuje po\u0161kodenie zubnej skloviny.\u2764\ufe0f Certifikovan\u00fd produkt\u2764\ufe0f Bezpe\u010dnostn\u00e1 spr\u00e1va\u2764\ufe0f Vyroben\u00e9 na Slovensku\u2764\ufe0f ZEOZOE \u2013 registrovan\u00e1 zna\u010dka\u2764\ufe0f Neobsahuje mikroplasty\u2764\ufe0f Vyroben\u00e9 s dobr\u00fdm z\u00e1merom \ud83d\ude42\" \/>\n<meta name=\"robots\" content=\"index, follow, max-snippet:-1, max-image-preview:large, max-video-preview:-1\" \/>\n<link rel=\"canonical\" href=\"https:\/\/www.zeozoe.sk\/en\/product\/zubny-prasok-zelene-jablko-zeozoe\/\" \/>\n<meta property=\"og:locale\" content=\"en_GB\" \/>\n<meta property=\"og:type\" content=\"article\" \/>\n<meta property=\"og:title\" content=\"ZEOZOE Zubn\u00fd pr\u00e1\u0161ok zelen\u00e9 jablko\" \/>\n<meta property=\"og:description\" content=\"Zubn\u00fd pr\u00e1\u0161ok na b\u00e1ze zeolitu je \u00fa\u010dinn\u00fdm a prirodzen\u00fdm sp\u00f4sobom dent\u00e1lnej hygieny. Pr\u00e1\u0161ok\u00a0 neobsahuje flu\u00f3r, ani \u017eiadne in\u00e9 chemick\u00e9 a pr\u00eddavn\u00e9 l\u00e1tky, ktor\u00e9 s\u00fa be\u017en\u00e9 v zubn\u00fdch past\u00e1ch. N\u00e1\u0161 v\u00fdrobok vyu\u017e\u00edva neoby\u010dajn\u00e9 vlastnosti pr\u00e1\u0161kov\u00e9ho pr\u00edrodn\u00e9ho zeolitu. V spojen\u00ed so \u0161alviou a m\u00e4tou, zabezpe\u010duje odstr\u00e1nenie povlaku a zubn\u00e9ho kame\u0148a, prevenciu proti tvorbe zubn\u00e9ho kazu a z\u00e1palom \u010fasien. Pr\u00edrodn\u00e1 ar\u00f3ma zelen\u00e9ho jablka ve\u013emi chut\u00ed de\u0165om a navodzuje pocit ovocnej sladkej chuti aj bez pridan\u00fdch cukrov a penidiel. Jemn\u00e1 abraz\u00edvna vlastnos\u0165 zeolitu nesp\u00f4sobuje po\u0161kodenie zubnej skloviny.\u2764\ufe0f Certifikovan\u00fd produkt\u2764\ufe0f Bezpe\u010dnostn\u00e1 spr\u00e1va\u2764\ufe0f Vyroben\u00e9 na Slovensku\u2764\ufe0f ZEOZOE \u2013 registrovan\u00e1 zna\u010dka\u2764\ufe0f Neobsahuje mikroplasty\u2764\ufe0f Vyroben\u00e9 s dobr\u00fdm z\u00e1merom \ud83d\ude42\" \/>\n<meta property=\"og:url\" content=\"https:\/\/www.zeozoe.sk\/en\/product\/zubny-prasok-zelene-jablko-zeozoe\/\" \/>\n<meta property=\"og:site_name\" content=\"ZEOZOE\u00ae\" \/>\n<meta property=\"article:modified_time\" content=\"2026-04-15T07:10:26+00:00\" \/>\n<meta property=\"og:image\" content=\"https:\/\/www.zeozoe.sk\/wp-content\/uploads\/2025\/03\/114.jpg\" \/>\n\t<meta property=\"og:image:width\" content=\"1080\" \/>\n\t<meta property=\"og:image:height\" content=\"1080\" \/>\n\t<meta property=\"og:image:type\" content=\"image\/jpeg\" \/>\n<meta name=\"twitter:card\" content=\"summary_large_image\" \/>\n<meta name=\"twitter:label1\" content=\"Estimated reading time\" \/>\n\t<meta name=\"twitter:data1\" content=\"3 minutes\" \/>\n<script type=\"application\/ld+json\" class=\"yoast-schema-graph\">{\"@context\":\"https:\/\/schema.org\",\"@graph\":[{\"@type\":\"WebPage\",\"@id\":\"https:\/\/www.zeozoe.sk\/produkt\/zubny-prasok-zelene-jablko-zeozoe\/\",\"url\":\"https:\/\/www.zeozoe.sk\/produkt\/zubny-prasok-zelene-jablko-zeozoe\/\",\"name\":\"ZEOZOE Zubn\u00fd pr\u00e1\u0161ok zelen\u00e9 jablko - ZEOZOE\u00ae\",\"isPartOf\":{\"@id\":\"https:\/\/www.zeozoe.sk\/#website\"},\"primaryImageOfPage\":{\"@id\":\"https:\/\/www.zeozoe.sk\/produkt\/zubny-prasok-zelene-jablko-zeozoe\/#primaryimage\"},\"image\":{\"@id\":\"https:\/\/www.zeozoe.sk\/produkt\/zubny-prasok-zelene-jablko-zeozoe\/#primaryimage\"},\"thumbnailUrl\":\"https:\/\/www.zeozoe.sk\/wp-content\/uploads\/2025\/03\/114.jpg\",\"datePublished\":\"2024-06-03T22:55:36+00:00\",\"dateModified\":\"2026-04-15T07:10:26+00:00\",\"description\":\"Zubn\u00fd pr\u00e1\u0161ok na b\u00e1ze zeolitu je \u00fa\u010dinn\u00fdm a prirodzen\u00fdm sp\u00f4sobom dent\u00e1lnej hygieny. Pr\u00e1\u0161ok\u00a0 neobsahuje flu\u00f3r, ani \u017eiadne in\u00e9 chemick\u00e9 a pr\u00eddavn\u00e9 l\u00e1tky, ktor\u00e9 s\u00fa be\u017en\u00e9 v zubn\u00fdch past\u00e1ch. N\u00e1\u0161 v\u00fdrobok vyu\u017e\u00edva neoby\u010dajn\u00e9 vlastnosti pr\u00e1\u0161kov\u00e9ho pr\u00edrodn\u00e9ho zeolitu. V spojen\u00ed so \u0161alviou a m\u00e4tou, zabezpe\u010duje odstr\u00e1nenie povlaku a zubn\u00e9ho kame\u0148a, prevenciu proti tvorbe zubn\u00e9ho kazu a z\u00e1palom \u010fasien. Pr\u00edrodn\u00e1 ar\u00f3ma zelen\u00e9ho jablka ve\u013emi chut\u00ed de\u0165om a navodzuje pocit ovocnej sladkej chuti aj bez pridan\u00fdch cukrov a penidiel. Jemn\u00e1 abraz\u00edvna vlastnos\u0165 zeolitu nesp\u00f4sobuje po\u0161kodenie zubnej skloviny.\u2764\ufe0f Certifikovan\u00fd produkt\u2764\ufe0f Bezpe\u010dnostn\u00e1 spr\u00e1va\u2764\ufe0f Vyroben\u00e9 na Slovensku\u2764\ufe0f ZEOZOE \u2013 registrovan\u00e1 zna\u010dka\u2764\ufe0f Neobsahuje mikroplasty\u2764\ufe0f Vyroben\u00e9 s dobr\u00fdm z\u00e1merom \ud83d\ude42\",\"breadcrumb\":{\"@id\":\"https:\/\/www.zeozoe.sk\/produkt\/zubny-prasok-zelene-jablko-zeozoe\/#breadcrumb\"},\"inLanguage\":\"en-GB\",\"potentialAction\":[{\"@type\":\"ReadAction\",\"target\":[\"https:\/\/www.zeozoe.sk\/produkt\/zubny-prasok-zelene-jablko-zeozoe\/\"]}]},{\"@type\":\"ImageObject\",\"inLanguage\":\"en-GB\",\"@id\":\"https:\/\/www.zeozoe.sk\/produkt\/zubny-prasok-zelene-jablko-zeozoe\/#primaryimage\",\"url\":\"https:\/\/www.zeozoe.sk\/wp-content\/uploads\/2025\/03\/114.jpg\",\"contentUrl\":\"https:\/\/www.zeozoe.sk\/wp-content\/uploads\/2025\/03\/114.jpg\",\"width\":1080,\"height\":1080,\"caption\":\"Zubn\u00fd pr\u00e1\u0161ok ZEOZOE zelen\u00e9 jablko \u2013 pr\u00edrodn\u00e1 dent\u00e1lna starostlivos\u0165 s osvie\u017euj\u00facou chu\u0165ou zelen\u00e9ho jablka, vhodn\u00fd na \u0161etrn\u00e9 \u010distenie zubov a ochranu \u00fastnej dutiny.\"},{\"@type\":\"BreadcrumbList\",\"@id\":\"https:\/\/www.zeozoe.sk\/produkt\/zubny-prasok-zelene-jablko-zeozoe\/#breadcrumb\",\"itemListElement\":[{\"@type\":\"ListItem\",\"position\":1,\"name\":\"Domov\",\"item\":\"https:\/\/www.zeozoe.sk\/\"},{\"@type\":\"ListItem\",\"position\":2,\"name\":\"Obchod\",\"item\":\"https:\/\/www.zeozoe.sk\/obchod\/\"},{\"@type\":\"ListItem\",\"position\":3,\"name\":\"ZEOZOE Zubn\u00fd pr\u00e1\u0161ok zelen\u00e9 jablko\"}]},{\"@type\":\"WebSite\",\"@id\":\"https:\/\/www.zeozoe.sk\/#website\",\"url\":\"https:\/\/www.zeozoe.sk\/\",\"name\":\"ZEOZOE\u00ae\",\"description\":\"Zubn\u00fd pr\u00e1\u0161ok a tablety na pr\u00edrodnej b\u00e1ze\",\"potentialAction\":[{\"@type\":\"SearchAction\",\"target\":{\"@type\":\"EntryPoint\",\"urlTemplate\":\"https:\/\/www.zeozoe.sk\/?s={search_term_string}\"},\"query-input\":{\"@type\":\"PropertyValueSpecification\",\"valueRequired\":true,\"valueName\":\"search_term_string\"}}],\"inLanguage\":\"en-GB\"}]}<\/script>\n<!-- \/ Yoast SEO Premium plugin. -->","yoast_head_json":{"title":"ZEOZOE Zubn\u00fd pr\u00e1\u0161ok zelen\u00e9 jablko - ZEOZOE\u00ae","description":"Zubn\u00fd pr\u00e1\u0161ok na b\u00e1ze zeolitu je \u00fa\u010dinn\u00fdm a prirodzen\u00fdm sp\u00f4sobom dent\u00e1lnej hygieny. Pr\u00e1\u0161ok\u00a0 neobsahuje flu\u00f3r, ani \u017eiadne in\u00e9 chemick\u00e9 a pr\u00eddavn\u00e9 l\u00e1tky, ktor\u00e9 s\u00fa be\u017en\u00e9 v zubn\u00fdch past\u00e1ch. N\u00e1\u0161 v\u00fdrobok vyu\u017e\u00edva neoby\u010dajn\u00e9 vlastnosti pr\u00e1\u0161kov\u00e9ho pr\u00edrodn\u00e9ho zeolitu. V spojen\u00ed so \u0161alviou a m\u00e4tou, zabezpe\u010duje odstr\u00e1nenie povlaku a zubn\u00e9ho kame\u0148a, prevenciu proti tvorbe zubn\u00e9ho kazu a z\u00e1palom \u010fasien. Pr\u00edrodn\u00e1 ar\u00f3ma zelen\u00e9ho jablka ve\u013emi chut\u00ed de\u0165om a navodzuje pocit ovocnej sladkej chuti aj bez pridan\u00fdch cukrov a penidiel. Jemn\u00e1 abraz\u00edvna vlastnos\u0165 zeolitu nesp\u00f4sobuje po\u0161kodenie zubnej skloviny.\u2764\ufe0f Certifikovan\u00fd produkt\u2764\ufe0f Bezpe\u010dnostn\u00e1 spr\u00e1va\u2764\ufe0f Vyroben\u00e9 na Slovensku\u2764\ufe0f ZEOZOE \u2013 registrovan\u00e1 zna\u010dka\u2764\ufe0f Neobsahuje mikroplasty\u2764\ufe0f Vyroben\u00e9 s dobr\u00fdm z\u00e1merom \ud83d\ude42","robots":{"index":"index","follow":"follow","max-snippet":"max-snippet:-1","max-image-preview":"max-image-preview:large","max-video-preview":"max-video-preview:-1"},"canonical":"https:\/\/www.zeozoe.sk\/en\/product\/zubny-prasok-zelene-jablko-zeozoe\/","og_locale":"en_GB","og_type":"article","og_title":"ZEOZOE Zubn\u00fd pr\u00e1\u0161ok zelen\u00e9 jablko","og_description":"Zubn\u00fd pr\u00e1\u0161ok na b\u00e1ze zeolitu je \u00fa\u010dinn\u00fdm a prirodzen\u00fdm sp\u00f4sobom dent\u00e1lnej hygieny. Pr\u00e1\u0161ok\u00a0 neobsahuje flu\u00f3r, ani \u017eiadne in\u00e9 chemick\u00e9 a pr\u00eddavn\u00e9 l\u00e1tky, ktor\u00e9 s\u00fa be\u017en\u00e9 v zubn\u00fdch past\u00e1ch. N\u00e1\u0161 v\u00fdrobok vyu\u017e\u00edva neoby\u010dajn\u00e9 vlastnosti pr\u00e1\u0161kov\u00e9ho pr\u00edrodn\u00e9ho zeolitu. V spojen\u00ed so \u0161alviou a m\u00e4tou, zabezpe\u010duje odstr\u00e1nenie povlaku a zubn\u00e9ho kame\u0148a, prevenciu proti tvorbe zubn\u00e9ho kazu a z\u00e1palom \u010fasien. Pr\u00edrodn\u00e1 ar\u00f3ma zelen\u00e9ho jablka ve\u013emi chut\u00ed de\u0165om a navodzuje pocit ovocnej sladkej chuti aj bez pridan\u00fdch cukrov a penidiel. Jemn\u00e1 abraz\u00edvna vlastnos\u0165 zeolitu nesp\u00f4sobuje po\u0161kodenie zubnej skloviny.\u2764\ufe0f Certifikovan\u00fd produkt\u2764\ufe0f Bezpe\u010dnostn\u00e1 spr\u00e1va\u2764\ufe0f Vyroben\u00e9 na Slovensku\u2764\ufe0f ZEOZOE \u2013 registrovan\u00e1 zna\u010dka\u2764\ufe0f Neobsahuje mikroplasty\u2764\ufe0f Vyroben\u00e9 s dobr\u00fdm z\u00e1merom \ud83d\ude42","og_url":"https:\/\/www.zeozoe.sk\/en\/product\/zubny-prasok-zelene-jablko-zeozoe\/","og_site_name":"ZEOZOE\u00ae","article_modified_time":"2026-04-15T07:10:26+00:00","og_image":[{"width":1080,"height":1080,"url":"https:\/\/www.zeozoe.sk\/wp-content\/uploads\/2025\/03\/114.jpg","type":"image\/jpeg"}],"twitter_card":"summary_large_image","twitter_misc":{"Estimated reading time":"3 minutes"},"schema":{"@context":"https:\/\/schema.org","@graph":[{"@type":"WebPage","@id":"https:\/\/www.zeozoe.sk\/produkt\/zubny-prasok-zelene-jablko-zeozoe\/","url":"https:\/\/www.zeozoe.sk\/produkt\/zubny-prasok-zelene-jablko-zeozoe\/","name":"ZEOZOE Zubn\u00fd pr\u00e1\u0161ok zelen\u00e9 jablko - ZEOZOE\u00ae","isPartOf":{"@id":"https:\/\/www.zeozoe.sk\/#website"},"primaryImageOfPage":{"@id":"https:\/\/www.zeozoe.sk\/produkt\/zubny-prasok-zelene-jablko-zeozoe\/#primaryimage"},"image":{"@id":"https:\/\/www.zeozoe.sk\/produkt\/zubny-prasok-zelene-jablko-zeozoe\/#primaryimage"},"thumbnailUrl":"https:\/\/www.zeozoe.sk\/wp-content\/uploads\/2025\/03\/114.jpg","datePublished":"2024-06-03T22:55:36+00:00","dateModified":"2026-04-15T07:10:26+00:00","description":"Zubn\u00fd pr\u00e1\u0161ok na b\u00e1ze zeolitu je \u00fa\u010dinn\u00fdm a prirodzen\u00fdm sp\u00f4sobom dent\u00e1lnej hygieny. Pr\u00e1\u0161ok\u00a0 neobsahuje flu\u00f3r, ani \u017eiadne in\u00e9 chemick\u00e9 a pr\u00eddavn\u00e9 l\u00e1tky, ktor\u00e9 s\u00fa be\u017en\u00e9 v zubn\u00fdch past\u00e1ch. N\u00e1\u0161 v\u00fdrobok vyu\u017e\u00edva neoby\u010dajn\u00e9 vlastnosti pr\u00e1\u0161kov\u00e9ho pr\u00edrodn\u00e9ho zeolitu. V spojen\u00ed so \u0161alviou a m\u00e4tou, zabezpe\u010duje odstr\u00e1nenie povlaku a zubn\u00e9ho kame\u0148a, prevenciu proti tvorbe zubn\u00e9ho kazu a z\u00e1palom \u010fasien. Pr\u00edrodn\u00e1 ar\u00f3ma zelen\u00e9ho jablka ve\u013emi chut\u00ed de\u0165om a navodzuje pocit ovocnej sladkej chuti aj bez pridan\u00fdch cukrov a penidiel. Jemn\u00e1 abraz\u00edvna vlastnos\u0165 zeolitu nesp\u00f4sobuje po\u0161kodenie zubnej skloviny.\u2764\ufe0f Certifikovan\u00fd produkt\u2764\ufe0f Bezpe\u010dnostn\u00e1 spr\u00e1va\u2764\ufe0f Vyroben\u00e9 na Slovensku\u2764\ufe0f ZEOZOE \u2013 registrovan\u00e1 zna\u010dka\u2764\ufe0f Neobsahuje mikroplasty\u2764\ufe0f Vyroben\u00e9 s dobr\u00fdm z\u00e1merom \ud83d\ude42","breadcrumb":{"@id":"https:\/\/www.zeozoe.sk\/produkt\/zubny-prasok-zelene-jablko-zeozoe\/#breadcrumb"},"inLanguage":"en-GB","potentialAction":[{"@type":"ReadAction","target":["https:\/\/www.zeozoe.sk\/produkt\/zubny-prasok-zelene-jablko-zeozoe\/"]}]},{"@type":"ImageObject","inLanguage":"en-GB","@id":"https:\/\/www.zeozoe.sk\/produkt\/zubny-prasok-zelene-jablko-zeozoe\/#primaryimage","url":"https:\/\/www.zeozoe.sk\/wp-content\/uploads\/2025\/03\/114.jpg","contentUrl":"https:\/\/www.zeozoe.sk\/wp-content\/uploads\/2025\/03\/114.jpg","width":1080,"height":1080,"caption":"Zubn\u00fd pr\u00e1\u0161ok ZEOZOE zelen\u00e9 jablko \u2013 pr\u00edrodn\u00e1 dent\u00e1lna starostlivos\u0165 s osvie\u017euj\u00facou chu\u0165ou zelen\u00e9ho jablka, vhodn\u00fd na \u0161etrn\u00e9 \u010distenie zubov a ochranu \u00fastnej dutiny."},{"@type":"BreadcrumbList","@id":"https:\/\/www.zeozoe.sk\/produkt\/zubny-prasok-zelene-jablko-zeozoe\/#breadcrumb","itemListElement":[{"@type":"ListItem","position":1,"name":"Domov","item":"https:\/\/www.zeozoe.sk\/"},{"@type":"ListItem","position":2,"name":"Obchod","item":"https:\/\/www.zeozoe.sk\/obchod\/"},{"@type":"ListItem","position":3,"name":"ZEOZOE Zubn\u00fd pr\u00e1\u0161ok zelen\u00e9 jablko"}]},{"@type":"WebSite","@id":"https:\/\/www.zeozoe.sk\/#website","url":"https:\/\/www.zeozoe.sk\/","name":"ZEOZOE\u00ae","description":"Zubn\u00fd pr\u00e1\u0161ok a tablety na pr\u00edrodnej b\u00e1ze","potentialAction":[{"@type":"SearchAction","target":{"@type":"EntryPoint","urlTemplate":"https:\/\/www.zeozoe.sk\/?s={search_term_string}"},"query-input":{"@type":"PropertyValueSpecification","valueRequired":true,"valueName":"search_term_string"}}],"inLanguage":"en-GB"}]}},"_links":{"self":[{"href":"https:\/\/www.zeozoe.sk\/en\/wp-json\/wp\/v2\/product\/124","targetHints":{"allow":["GET"]}}],"collection":[{"href":"https:\/\/www.zeozoe.sk\/en\/wp-json\/wp\/v2\/product"}],"about":[{"href":"https:\/\/www.zeozoe.sk\/en\/wp-json\/wp\/v2\/types\/product"}],"replies":[{"embeddable":true,"href":"https:\/\/www.zeozoe.sk\/en\/wp-json\/wp\/v2\/comments?post=124"}],"wp:featuredmedia":[{"embeddable":true,"href":"https:\/\/www.zeozoe.sk\/en\/wp-json\/wp\/v2\/media\/4865"}],"wp:attachment":[{"href":"https:\/\/www.zeozoe.sk\/en\/wp-json\/wp\/v2\/media?parent=124"}],"wp:term":[{"taxonomy":"product_brand","embeddable":true,"href":"https:\/\/www.zeozoe.sk\/en\/wp-json\/wp\/v2\/product_brand?post=124"},{"taxonomy":"product_cat","embeddable":true,"href":"https:\/\/www.zeozoe.sk\/en\/wp-json\/wp\/v2\/product_cat?post=124"},{"taxonomy":"product_tag","embeddable":true,"href":"https:\/\/www.zeozoe.sk\/en\/wp-json\/wp\/v2\/product_tag?post=124"}],"curies":[{"name":"wp","href":"https:\/\/api.w.org\/{rel}","templated":true}]}}