{"id":13192,"date":"2026-03-25T15:52:50","date_gmt":"2026-03-25T14:52:50","guid":{"rendered":"https:\/\/www.zeozoe.sk\/?post_type=product&#038;p=13192"},"modified":"2026-03-29T10:15:06","modified_gmt":"2026-03-29T08:15:06","slug":"zeozoe-heavenly-hair-suchy-stylingovy-sampon-pre-muzov-30-g","status":"publish","type":"product","link":"https:\/\/www.zeozoe.sk\/en\/product\/zeozoe-heavenly-hair-suchy-stylingovy-sampon-pre-muzov-30-g\/","title":{"rendered":"ZEOZOE HEAVENLY HAIR \u2013 such\u00fd stylingov\u00fd \u0161amp\u00f3n pre mu\u017eov 30 g"},"content":{"rendered":"<h1 class=\"ai-optimize-33\" data-section-id=\"1ng93xp\" data-start=\"127\" data-end=\"187\">\ud83c\udf3f ZEOZOE HEAVENLY HAIR \u2013 such\u00fd stylingov\u00fd \u0161amp\u00f3n pre mu\u017eov<\/h1>\n<p class=\"ai-optimize-31 ai-optimize-introduction\" data-start=\"87\" data-end=\"134\"><strong data-start=\"87\" data-end=\"134\">Svie\u017ee vlasy. \u010cist\u00e1 brada. Upraven\u00fd vzh\u013ead.<\/strong><\/p>\n<p class=\"ai-optimize-32\" data-start=\"136\" data-end=\"394\">Such\u00fd stylingov\u00fd \u0161amp\u00f3n ZEOZOE HEAVENLY HAIR pre mu\u017eov je praktick\u00fdm rie\u0161en\u00edm pre r\u00fdchle osvie\u017eenie po\u010das d\u0148a \u2013 bez potreby vody. V\u010faka obsahu zeolitu absorbuje prebyto\u010dn\u00fd maz aj pot, eliminuje mastnotu a zanech\u00e1va vlasy, bradu aj poko\u017eku svie\u017eu a komfortn\u00fa.<\/p>\n<p class=\"ai-optimize-33\" data-start=\"396\" data-end=\"612\">Jeho zlo\u017eenie neza\u0165a\u017euje ani nelep\u00ed, naopak, dod\u00e1va prirodzen\u00fd objem a upraven\u00fd vzh\u013ead. Ocenia ho aj mu\u017ei s red\u0161\u00edmi vlasmi alebo oholenou hlavou \u2013 pom\u00e1ha zn\u00ed\u017ei\u0165 pocit potenia a udr\u017ea\u0165 poko\u017eku hlavy such\u0161iu po\u010das d\u0148a.<\/p>\n<p class=\"ai-optimize-34\" data-start=\"614\" data-end=\"821\">V\u00f4\u0148a Maximus prin\u00e1\u0161a vyv\u00e1\u017een\u00fa kombin\u00e1ciu svie\u017eich citrusov\u00fdch t\u00f3nov bergamotu a hlb\u0161ieho mu\u017en\u00e9ho z\u00e1kladu s t\u00f3nmi ambry, machu a dreva. V\u00fdsledkom je elegantn\u00e1, modern\u00e1 v\u00f4\u0148a, ktor\u00e1 p\u00f4sob\u00ed svie\u017eo aj sebavedomo.<\/p>\n<p class=\"ai-optimize-35\" data-start=\"823\" data-end=\"885\" data-is-last-node=\"\" data-is-only-node=\"\">Ide\u00e1lny pre ka\u017edodenn\u00e9 pou\u017eitie \u2013 doma, v pr\u00e1ci aj na cest\u00e1ch.<\/p>\n<hr class=\"\" data-start=\"797\" data-end=\"800\" \/>\n<h3 class=\"ai-optimize-35\" data-start=\"802\" data-end=\"850\">\ud83c\udf3f Starostlivo vybran\u00e9 zlo\u017eky pre kr\u00e1sne vlasy:<\/h3>\n<p class=\"ai-optimize-38\" data-start=\"1007\" data-end=\"1099\">\ud83c\udf0b Zeolit klinoptilolit \u2013 absorbuje tox\u00edny, \u0165a\u017ek\u00e9 kovy, ale aj mastnotu a pachy, je antibakteri\u00e1lny a z\u00e1rove\u0148 podporuje organizmus v boji s v\u00edrusmi<\/p>\n<p class=\"ai-optimize-39\" data-start=\"1101\" data-end=\"1178\">\ud83c\udf3f Pr\u00edrodn\u00e9 absorp\u010dn\u00e9 zlo\u017eky \u2013 zabezpe\u010duj\u00fa efekt \u010dist\u00fdch vlasov bez za\u0165a\u017eenia<\/p>\n<p class=\"ai-optimize-40\" data-start=\"1180\" data-end=\"1279\">\ud83c\udf32 Maximus v\u00f4\u0148a \u2013 svie\u017ea citrusov\u00e1 s hlb\u0161\u00edmi drevit\u00fdmi a korenist\u00fdmi t\u00f3nmi<\/p>\n<hr class=\"\" data-start=\"1292\" data-end=\"1295\" \/>\n<p class=\"ai-optimize-36\" data-start=\"109\" data-end=\"159\">\u2728 <strong data-start=\"111\" data-end=\"159\">V\u00fdhody such\u00e9ho \u0161amp\u00f3nu ZEOZOE HEAVENLY HAIR:<\/strong><\/p>\n<p class=\"ai-optimize-37\" data-start=\"161\" data-end=\"272\">\ud83d\udca8 <strong data-start=\"164\" data-end=\"196\">Okam\u017eit\u00e9 osvie\u017eenie bez vody<\/strong><br data-start=\"196\" data-end=\"199\" \/>R\u00fdchle rie\u0161enie medzi um\u00fdvaniami \u2013 vlasy aj brada p\u00f4sobia \u010disto a svie\u017eo.<\/p>\n<p class=\"ai-optimize-38\" data-start=\"274\" data-end=\"396\">\ud83c\udf0b <strong>Sila \u010distenia<\/strong><br data-start=\"304\" data-end=\"307\" \/>Zeolit pom\u00e1ha absorbova\u0165 mastnotu, pot a z\u00e1rove\u0148 via\u017ee ne\u010distoty, tox\u00edny a \u0165a\u017ek\u00e9 kovy z poko\u017eky.<\/p>\n<p class=\"ai-optimize-39\" data-start=\"398\" data-end=\"488\">\ud83c\udf3f <strong data-start=\"401\" data-end=\"432\">Vlasy neza\u0165a\u017euje ani nelep\u00ed<\/strong><br data-start=\"432\" data-end=\"435\" \/>Zanech\u00e1va ich prirodzene \u013eahk\u00e9, nad\u00fdchan\u00e9 a upraven\u00e9.<\/p>\n<p class=\"ai-optimize-40\" data-start=\"490\" data-end=\"562\">\u2728 <strong data-start=\"492\" data-end=\"511\">Objem a text\u00fara<\/strong><br data-start=\"511\" data-end=\"514\" \/>Dod\u00e1va vlasom pln\u0161\u00ed vzh\u013ead bez pocitu za\u0165a\u017eenia.<\/p>\n<p class=\"ai-optimize-41\" data-start=\"564\" data-end=\"661\">\ud83e\uddd4 <strong data-start=\"567\" data-end=\"589\">Vhodn\u00fd aj na bradu<\/strong><br data-start=\"589\" data-end=\"592\" \/>V\u010faka antibakteri\u00e1lnym \u00fa\u010dinkom pom\u00e1ha udr\u017eiava\u0165 bradu svie\u017eu a \u010dist\u00fa.<\/p>\n<p class=\"ai-optimize-42\" data-start=\"663\" data-end=\"724\">\ud83c\udf31 <strong data-start=\"666\" data-end=\"687\">Pr\u00edrodn\u00e9 zlo\u017eenie<\/strong><br data-start=\"687\" data-end=\"690\" \/>Bez zbyto\u010dn\u00fdch syntetick\u00fdch l\u00e1tok.<\/p>\n<p class=\"ai-optimize-43\" data-start=\"726\" data-end=\"803\">\ud83c\udf32 <strong data-start=\"729\" data-end=\"751\">Svie\u017ea, mu\u017en\u00e1 v\u00f4\u0148a<\/strong><br data-start=\"751\" data-end=\"754\" \/>Pre pocit \u010distoty a sebavedomia po\u010das cel\u00e9ho d\u0148a.<\/p>\n<hr class=\"\" data-start=\"1696\" data-end=\"1699\" \/>\n<h3 class=\"ai-optimize-42\" data-start=\"1701\" data-end=\"1752\">\ud83e\uddf4 Ako pou\u017e\u00edva\u0165 such\u00fd \u0161amp\u00f3n ZEOZOE HEAVENLY HAIR?<\/h3>\n<p class=\"ai-optimize-48\" data-start=\"1764\" data-end=\"1928\">1\ufe0f\u20e3 Nasypte mal\u00e9 mno\u017estvo pr\u00e1\u0161ku ku korienkom vlasov, do brady alebo na poko\u017eku hlavy<br data-start=\"1816\" data-end=\"1819\" \/>2\ufe0f\u20e3 Jemne vmas\u00edrujte prstami<br data-start=\"1847\" data-end=\"1850\" \/>3\ufe0f\u20e3 Nechajte chv\u00ed\u013eu p\u00f4sobi\u0165<br data-start=\"1877\" data-end=\"1880\" \/>4\ufe0f\u20e3 Vlasy \u010di bradu pre\u010de\u0161te alebo upravte pod\u013ea potreby<\/p>\n<p class=\"ai-optimize-49\" data-start=\"1930\" data-end=\"1977\">Pou\u017e\u00edvajte pod\u013ea potreby medzi um\u00fdvan\u00edm.<\/p>\n<hr class=\"\" data-start=\"2030\" data-end=\"2033\" \/>\n<h3 class=\"ai-optimize-50\" data-start=\"1984\" data-end=\"2037\">\ud83c\udf38 Pre\u010do si vybra\u0165 such\u00fd \u0161amp\u00f3n ZEOZOE HEAVENLY HAIR?<\/h3>\n<p class=\"ai-optimize-51\" data-start=\"2039\" data-end=\"2218\">\u2714 Svie\u017ee vlasy, poko\u017eka hlavy i brada bez um\u00fdvania<br data-start=\"4172\" data-end=\"4175\" \/>\u2714 Prirodzen\u00fd objem a upraven\u00fd vzh\u013ead<br data-start=\"4211\" data-end=\"4214\" \/>\u2714 Jednoduch\u00e9 a r\u00fdchle pou\u017eitie<br data-start=\"4244\" data-end=\"4247\" \/>\u2714 Pr\u00edrodn\u00e9 zlo\u017eenie so zeolitom<br data-start=\"4278\" data-end=\"4281\" \/>\u2714 Modern\u00e1, mu\u017en\u00e1 v\u00f4\u0148a<\/p>\n<hr class=\"\" data-start=\"2466\" data-end=\"2469\" \/>\n<h3 class=\"ai-optimize-47\" data-start=\"2471\" data-end=\"2504\">\ud83d\udce6 <strong data-start=\"2478\" data-end=\"2502\">Objednajte si teraz:<\/strong><\/h3>\n<p class=\"ai-optimize-48\" data-start=\"2505\" data-end=\"2603\">ZEOZOE HEAVENLY HAIR \u2013 such\u00fd stylingov\u00fd \u0161amp\u00f3n pre mu\u017eov\u00a0pre svie\u017ei vzh\u013ead a pohodlie ka\u017ed\u00fd de\u0148.<\/p>\n<h3 class=\"ai-optimize-50\"><strong>S\u00favisiace produkty:<\/strong><\/h3>\n<ul>\n<li class=\"ai-optimize-51\"><a href=\"https:\/\/www.zeozoe.sk\/produkt\/heavenly-hair-zeny-30g\/\">ZEOZOE HEAVENLY HAIR such\u00fd stylingov\u00fd \u0161amp\u00f3n pre \u017eeny<\/a> \u2013 svie\u017ee, objemn\u00e9 a prirodzene kr\u00e1sne vlasy.<\/li>\n<\/ul>\n<hr class=\"\" data-start=\"2466\" data-end=\"2469\" \/>\n<p class=\"ai-optimize-53\">Chcete sa dozvedie\u0165 viac o tom, ak\u00e9 m\u00e1 zeolit \u00fa\u010dinky a \u010d\u00edm je v\u00fdnimo\u010dn\u00fd? Tak nev\u00e1hajte, a pre\u010d\u00edtajte si n\u00e1\u0161 kr\u00e1tky <a href=\"https:\/\/www.zeozoe.sk\/2023\/02\/18\/zeolit-a-jeho-vynimocnost\/\">\u010dl\u00e1nok<\/a>.<\/p>","protected":false},"excerpt":{"rendered":"<p class=\"ai-optimize-24\" data-start=\"96\" data-end=\"357\">Such\u00fd stylingov\u00fd \u0161amp\u00f3n ZEOZOE HEAVENLY HAIR pre mu\u017eov so zeolitom absorbuje mastnotu aj pot, osvie\u017euje vlasy a dod\u00e1va im prirodzen\u00fd objem bez za\u0165a\u017eenia. Pom\u00e1ha udr\u017ea\u0165 vlasy, bradu aj poko\u017eku hlavy svie\u017eu, such\u0161iu a upraven\u00fa po\u010das cel\u00e9ho d\u0148a \u2013 bez potreby vody.<\/p>\n<p class=\"ai-optimize-25\" data-start=\"359\" data-end=\"620\">V\u010faka zeolitu z\u00e1rove\u0148 via\u017ee ne\u010distoty, tox\u00edny a \u0165a\u017ek\u00e9 kovy z poko\u017eky. Je vhodn\u00fd aj na bradu, kde pom\u00e1ha udr\u017eiava\u0165 \u010distotu a svie\u017eos\u0165 v\u010faka svojim antibakteri\u00e1lnym \u00fa\u010dinkom. Ocenia ho aj mu\u017ei s red\u0161\u00edmi vlasmi alebo oholenou hlavou \u2013 pom\u00e1ha zni\u017eova\u0165 pocit potenia.<\/p>\n<p class=\"ai-optimize-26\" data-start=\"622\" data-end=\"784\">Zanech\u00e1va vlasy \u013eahk\u00e9, nad\u00fdchan\u00e9 a upraven\u00e9, s pr\u00edjemnou mu\u017enou v\u00f4\u0148ou s t\u00f3nmi citrusov, dreva a jemn\u00e9ho korenia. Ide\u00e1lny pre ka\u017edodenn\u00e9 pou\u017eitie medzi um\u00fdvaniami.<\/p>\n<p class=\"ai-optimize-27\" data-start=\"786\" data-end=\"957\" data-is-last-node=\"\" data-is-only-node=\"\">\u2764\ufe0f Bezpe\u010dn\u00fd produkt<br data-start=\"805\" data-end=\"808\" \/>\u2764\ufe0f Vyroben\u00e9 na Slovensku<br data-start=\"832\" data-end=\"835\" \/>\u2764\ufe0f ZEOZOE \u2013 registrovan\u00e1 zna\u010dka<br data-start=\"866\" data-end=\"869\" \/>\u2764\ufe0f Neza\u0165a\u017euje vlasy, bez zbyto\u010dn\u00fdch syntetick\u00fdch l\u00e1tok<br data-start=\"923\" data-end=\"926\" data-is-only-node=\"\" \/>\u2764\ufe0f Vyroben\u00e9 s dobr\u00fdm z\u00e1merom \ud83d\ude42<\/p>","protected":false},"featured_media":13193,"comment_status":"open","ping_status":"closed","template":"","meta":[],"product_brand":[],"product_cat":[54,29],"product_tag":[252,130,250],"class_list":{"0":"post-13192","1":"product","2":"type-product","3":"status-publish","4":"has-post-thumbnail","6":"product_cat-vsetko","7":"product_cat-telo","8":"product_tag-pre-muzov","9":"product_tag-prirodny-produkt","10":"product_tag-suchy-stylingovy-sampon","12":"first","13":"instock","14":"taxable","15":"shipping-taxable","16":"purchasable","17":"product-type-simple"},"yoast_head":"<!-- This site is optimized with the Yoast SEO Premium plugin v25.2 (Yoast SEO v25.2) - https:\/\/yoast.com\/wordpress\/plugins\/seo\/ -->\n<title>ZEOZOE HEAVENLY HAIR \u2013 such\u00fd stylingov\u00fd \u0161amp\u00f3n pre mu\u017eov 30 g - ZEOZOE\u00ae<\/title>\n<meta name=\"description\" content=\"Such\u00fd stylingov\u00fd \u0161amp\u00f3n ZEOZOE Heavenly Hair so zeolitom osvie\u017ei vlasy, bradu i poko\u017eku hlavy. Vlasy zostan\u00fa svie\u017ee, \u013eahk\u00e9 a prirodzene vo\u0148av\u00e9.\" \/>\n<meta name=\"robots\" content=\"index, follow, max-snippet:-1, max-image-preview:large, max-video-preview:-1\" \/>\n<link rel=\"canonical\" href=\"https:\/\/www.zeozoe.sk\/en\/product\/zeozoe-heavenly-hair-suchy-stylingovy-sampon-pre-muzov-30-g\/\" \/>\n<meta property=\"og:locale\" content=\"en_GB\" \/>\n<meta property=\"og:type\" content=\"article\" \/>\n<meta property=\"og:title\" content=\"ZEOZOE HEAVENLY HAIR \u2013 such\u00fd stylingov\u00fd \u0161amp\u00f3n pre mu\u017eov 30 g\" \/>\n<meta property=\"og:description\" content=\"Such\u00fd stylingov\u00fd \u0161amp\u00f3n ZEOZOE Heavenly Hair so zeolitom osvie\u017ei vlasy, bradu i poko\u017eku hlavy. Vlasy zostan\u00fa svie\u017ee, \u013eahk\u00e9 a prirodzene vo\u0148av\u00e9.\" \/>\n<meta property=\"og:url\" content=\"https:\/\/www.zeozoe.sk\/en\/product\/zeozoe-heavenly-hair-suchy-stylingovy-sampon-pre-muzov-30-g\/\" \/>\n<meta property=\"og:site_name\" content=\"ZEOZOE\u00ae\" \/>\n<meta property=\"article:modified_time\" content=\"2026-03-29T08:15:06+00:00\" \/>\n<meta property=\"og:image\" content=\"https:\/\/www.zeozoe.sk\/wp-content\/uploads\/2026\/03\/WhatsApp-Image-2026-03-25-at-11.31.50.jpeg\" \/>\n\t<meta property=\"og:image:width\" content=\"1080\" \/>\n\t<meta property=\"og:image:height\" content=\"1080\" \/>\n\t<meta property=\"og:image:type\" content=\"image\/jpeg\" \/>\n<meta name=\"twitter:card\" content=\"summary_large_image\" \/>\n<meta name=\"twitter:label1\" content=\"Estimated reading time\" \/>\n\t<meta name=\"twitter:data1\" content=\"3 minutes\" \/>\n<script type=\"application\/ld+json\" class=\"yoast-schema-graph\">{\"@context\":\"https:\/\/schema.org\",\"@graph\":[{\"@type\":\"WebPage\",\"@id\":\"https:\/\/www.zeozoe.sk\/produkt\/zeozoe-heavenly-hair-suchy-stylingovy-sampon-pre-muzov-30-g\/\",\"url\":\"https:\/\/www.zeozoe.sk\/produkt\/zeozoe-heavenly-hair-suchy-stylingovy-sampon-pre-muzov-30-g\/\",\"name\":\"ZEOZOE HEAVENLY HAIR \u2013 such\u00fd stylingov\u00fd \u0161amp\u00f3n pre mu\u017eov 30 g - ZEOZOE\u00ae\",\"isPartOf\":{\"@id\":\"https:\/\/www.zeozoe.sk\/#website\"},\"primaryImageOfPage\":{\"@id\":\"https:\/\/www.zeozoe.sk\/produkt\/zeozoe-heavenly-hair-suchy-stylingovy-sampon-pre-muzov-30-g\/#primaryimage\"},\"image\":{\"@id\":\"https:\/\/www.zeozoe.sk\/produkt\/zeozoe-heavenly-hair-suchy-stylingovy-sampon-pre-muzov-30-g\/#primaryimage\"},\"thumbnailUrl\":\"https:\/\/www.zeozoe.sk\/wp-content\/uploads\/2026\/03\/WhatsApp-Image-2026-03-25-at-11.31.50.jpeg\",\"datePublished\":\"2026-03-25T14:52:50+00:00\",\"dateModified\":\"2026-03-29T08:15:06+00:00\",\"description\":\"Such\u00fd stylingov\u00fd \u0161amp\u00f3n ZEOZOE Heavenly Hair so zeolitom osvie\u017ei vlasy, bradu i poko\u017eku hlavy. Vlasy zostan\u00fa svie\u017ee, \u013eahk\u00e9 a prirodzene vo\u0148av\u00e9.\",\"breadcrumb\":{\"@id\":\"https:\/\/www.zeozoe.sk\/produkt\/zeozoe-heavenly-hair-suchy-stylingovy-sampon-pre-muzov-30-g\/#breadcrumb\"},\"inLanguage\":\"en-GB\",\"potentialAction\":[{\"@type\":\"ReadAction\",\"target\":[\"https:\/\/www.zeozoe.sk\/produkt\/zeozoe-heavenly-hair-suchy-stylingovy-sampon-pre-muzov-30-g\/\"]}]},{\"@type\":\"ImageObject\",\"inLanguage\":\"en-GB\",\"@id\":\"https:\/\/www.zeozoe.sk\/produkt\/zeozoe-heavenly-hair-suchy-stylingovy-sampon-pre-muzov-30-g\/#primaryimage\",\"url\":\"https:\/\/www.zeozoe.sk\/wp-content\/uploads\/2026\/03\/WhatsApp-Image-2026-03-25-at-11.31.50.jpeg\",\"contentUrl\":\"https:\/\/www.zeozoe.sk\/wp-content\/uploads\/2026\/03\/WhatsApp-Image-2026-03-25-at-11.31.50.jpeg\",\"width\":1080,\"height\":1080,\"caption\":\"ZEOZOE HEAVENLY HAIR such\u00fd stylingov\u00fd \u0161amp\u00f3n pre mu\u017eov\"},{\"@type\":\"BreadcrumbList\",\"@id\":\"https:\/\/www.zeozoe.sk\/produkt\/zeozoe-heavenly-hair-suchy-stylingovy-sampon-pre-muzov-30-g\/#breadcrumb\",\"itemListElement\":[{\"@type\":\"ListItem\",\"position\":1,\"name\":\"Domov\",\"item\":\"https:\/\/www.zeozoe.sk\/\"},{\"@type\":\"ListItem\",\"position\":2,\"name\":\"Obchod\",\"item\":\"https:\/\/www.zeozoe.sk\/obchod\/\"},{\"@type\":\"ListItem\",\"position\":3,\"name\":\"ZEOZOE HEAVENLY HAIR \u2013 such\u00fd stylingov\u00fd \u0161amp\u00f3n pre mu\u017eov 30 g\"}]},{\"@type\":\"WebSite\",\"@id\":\"https:\/\/www.zeozoe.sk\/#website\",\"url\":\"https:\/\/www.zeozoe.sk\/\",\"name\":\"ZEOZOE\u00ae\",\"description\":\"Zubn\u00fd pr\u00e1\u0161ok a tablety na pr\u00edrodnej b\u00e1ze\",\"potentialAction\":[{\"@type\":\"SearchAction\",\"target\":{\"@type\":\"EntryPoint\",\"urlTemplate\":\"https:\/\/www.zeozoe.sk\/?s={search_term_string}\"},\"query-input\":{\"@type\":\"PropertyValueSpecification\",\"valueRequired\":true,\"valueName\":\"search_term_string\"}}],\"inLanguage\":\"en-GB\"}]}<\/script>\n<!-- \/ Yoast SEO Premium plugin. -->","yoast_head_json":{"title":"ZEOZOE HEAVENLY HAIR \u2013 such\u00fd stylingov\u00fd \u0161amp\u00f3n pre mu\u017eov 30 g - ZEOZOE\u00ae","description":"Such\u00fd stylingov\u00fd \u0161amp\u00f3n ZEOZOE Heavenly Hair so zeolitom osvie\u017ei vlasy, bradu i poko\u017eku hlavy. Vlasy zostan\u00fa svie\u017ee, \u013eahk\u00e9 a prirodzene vo\u0148av\u00e9.","robots":{"index":"index","follow":"follow","max-snippet":"max-snippet:-1","max-image-preview":"max-image-preview:large","max-video-preview":"max-video-preview:-1"},"canonical":"https:\/\/www.zeozoe.sk\/en\/product\/zeozoe-heavenly-hair-suchy-stylingovy-sampon-pre-muzov-30-g\/","og_locale":"en_GB","og_type":"article","og_title":"ZEOZOE HEAVENLY HAIR \u2013 such\u00fd stylingov\u00fd \u0161amp\u00f3n pre mu\u017eov 30 g","og_description":"Such\u00fd stylingov\u00fd \u0161amp\u00f3n ZEOZOE Heavenly Hair so zeolitom osvie\u017ei vlasy, bradu i poko\u017eku hlavy. Vlasy zostan\u00fa svie\u017ee, \u013eahk\u00e9 a prirodzene vo\u0148av\u00e9.","og_url":"https:\/\/www.zeozoe.sk\/en\/product\/zeozoe-heavenly-hair-suchy-stylingovy-sampon-pre-muzov-30-g\/","og_site_name":"ZEOZOE\u00ae","article_modified_time":"2026-03-29T08:15:06+00:00","og_image":[{"width":1080,"height":1080,"url":"https:\/\/www.zeozoe.sk\/wp-content\/uploads\/2026\/03\/WhatsApp-Image-2026-03-25-at-11.31.50.jpeg","type":"image\/jpeg"}],"twitter_card":"summary_large_image","twitter_misc":{"Estimated reading time":"3 minutes"},"schema":{"@context":"https:\/\/schema.org","@graph":[{"@type":"WebPage","@id":"https:\/\/www.zeozoe.sk\/produkt\/zeozoe-heavenly-hair-suchy-stylingovy-sampon-pre-muzov-30-g\/","url":"https:\/\/www.zeozoe.sk\/produkt\/zeozoe-heavenly-hair-suchy-stylingovy-sampon-pre-muzov-30-g\/","name":"ZEOZOE HEAVENLY HAIR \u2013 such\u00fd stylingov\u00fd \u0161amp\u00f3n pre mu\u017eov 30 g - ZEOZOE\u00ae","isPartOf":{"@id":"https:\/\/www.zeozoe.sk\/#website"},"primaryImageOfPage":{"@id":"https:\/\/www.zeozoe.sk\/produkt\/zeozoe-heavenly-hair-suchy-stylingovy-sampon-pre-muzov-30-g\/#primaryimage"},"image":{"@id":"https:\/\/www.zeozoe.sk\/produkt\/zeozoe-heavenly-hair-suchy-stylingovy-sampon-pre-muzov-30-g\/#primaryimage"},"thumbnailUrl":"https:\/\/www.zeozoe.sk\/wp-content\/uploads\/2026\/03\/WhatsApp-Image-2026-03-25-at-11.31.50.jpeg","datePublished":"2026-03-25T14:52:50+00:00","dateModified":"2026-03-29T08:15:06+00:00","description":"Such\u00fd stylingov\u00fd \u0161amp\u00f3n ZEOZOE Heavenly Hair so zeolitom osvie\u017ei vlasy, bradu i poko\u017eku hlavy. Vlasy zostan\u00fa svie\u017ee, \u013eahk\u00e9 a prirodzene vo\u0148av\u00e9.","breadcrumb":{"@id":"https:\/\/www.zeozoe.sk\/produkt\/zeozoe-heavenly-hair-suchy-stylingovy-sampon-pre-muzov-30-g\/#breadcrumb"},"inLanguage":"en-GB","potentialAction":[{"@type":"ReadAction","target":["https:\/\/www.zeozoe.sk\/produkt\/zeozoe-heavenly-hair-suchy-stylingovy-sampon-pre-muzov-30-g\/"]}]},{"@type":"ImageObject","inLanguage":"en-GB","@id":"https:\/\/www.zeozoe.sk\/produkt\/zeozoe-heavenly-hair-suchy-stylingovy-sampon-pre-muzov-30-g\/#primaryimage","url":"https:\/\/www.zeozoe.sk\/wp-content\/uploads\/2026\/03\/WhatsApp-Image-2026-03-25-at-11.31.50.jpeg","contentUrl":"https:\/\/www.zeozoe.sk\/wp-content\/uploads\/2026\/03\/WhatsApp-Image-2026-03-25-at-11.31.50.jpeg","width":1080,"height":1080,"caption":"ZEOZOE HEAVENLY HAIR such\u00fd stylingov\u00fd \u0161amp\u00f3n pre mu\u017eov"},{"@type":"BreadcrumbList","@id":"https:\/\/www.zeozoe.sk\/produkt\/zeozoe-heavenly-hair-suchy-stylingovy-sampon-pre-muzov-30-g\/#breadcrumb","itemListElement":[{"@type":"ListItem","position":1,"name":"Domov","item":"https:\/\/www.zeozoe.sk\/"},{"@type":"ListItem","position":2,"name":"Obchod","item":"https:\/\/www.zeozoe.sk\/obchod\/"},{"@type":"ListItem","position":3,"name":"ZEOZOE HEAVENLY HAIR \u2013 such\u00fd stylingov\u00fd \u0161amp\u00f3n pre mu\u017eov 30 g"}]},{"@type":"WebSite","@id":"https:\/\/www.zeozoe.sk\/#website","url":"https:\/\/www.zeozoe.sk\/","name":"ZEOZOE\u00ae","description":"Zubn\u00fd pr\u00e1\u0161ok a tablety na pr\u00edrodnej b\u00e1ze","potentialAction":[{"@type":"SearchAction","target":{"@type":"EntryPoint","urlTemplate":"https:\/\/www.zeozoe.sk\/?s={search_term_string}"},"query-input":{"@type":"PropertyValueSpecification","valueRequired":true,"valueName":"search_term_string"}}],"inLanguage":"en-GB"}]}},"_links":{"self":[{"href":"https:\/\/www.zeozoe.sk\/en\/wp-json\/wp\/v2\/product\/13192","targetHints":{"allow":["GET"]}}],"collection":[{"href":"https:\/\/www.zeozoe.sk\/en\/wp-json\/wp\/v2\/product"}],"about":[{"href":"https:\/\/www.zeozoe.sk\/en\/wp-json\/wp\/v2\/types\/product"}],"replies":[{"embeddable":true,"href":"https:\/\/www.zeozoe.sk\/en\/wp-json\/wp\/v2\/comments?post=13192"}],"wp:featuredmedia":[{"embeddable":true,"href":"https:\/\/www.zeozoe.sk\/en\/wp-json\/wp\/v2\/media\/13193"}],"wp:attachment":[{"href":"https:\/\/www.zeozoe.sk\/en\/wp-json\/wp\/v2\/media?parent=13192"}],"wp:term":[{"taxonomy":"product_brand","embeddable":true,"href":"https:\/\/www.zeozoe.sk\/en\/wp-json\/wp\/v2\/product_brand?post=13192"},{"taxonomy":"product_cat","embeddable":true,"href":"https:\/\/www.zeozoe.sk\/en\/wp-json\/wp\/v2\/product_cat?post=13192"},{"taxonomy":"product_tag","embeddable":true,"href":"https:\/\/www.zeozoe.sk\/en\/wp-json\/wp\/v2\/product_tag?post=13192"}],"curies":[{"name":"wp","href":"https:\/\/api.w.org\/{rel}","templated":true}]}}