{"id":2531,"date":"2024-11-12T13:54:30","date_gmt":"2024-11-12T12:54:30","guid":{"rendered":"https:\/\/www.zeozoe.sk\/?post_type=product&#038;p=2531"},"modified":"2026-04-22T12:47:56","modified_gmt":"2026-04-22T10:47:56","slug":"sipkovy-olej-bio-raw-100ml-zeozoe","status":"publish","type":"product","link":"https:\/\/www.zeozoe.sk\/en\/product\/sipkovy-olej-bio-raw-100ml-zeozoe\/","title":{"rendered":"\u0160\u00edpkov\u00fd olej BIO &#8211; 100ml"},"content":{"rendered":"<h2><strong>\u0160\u00edpkov\u00fd BIO olej \u2013 Pr\u00edrodn\u00fd z\u00e1zrak pre va\u0161u poko\u017eku<\/strong><\/h2>\n<p>\u0160\u00edpkov\u00fd olej je zn\u00e1my svojimi mimoriadnymi regenera\u010dn\u00fdmi \u00fa\u010dinkami a je ide\u00e1lny pre v\u0161etky typy pleti. Prin\u00e1\u0161a h\u013abkov\u00fa obnovu, vy\u017eivuje ple\u0165 a poskytuje jej zdrav\u00fd, mladistv\u00fd vzh\u013ead. Pozrite sa, ako m\u00f4\u017ee by\u0165 tento olej pr\u00ednosom pre va\u0161u poko\u017eku a zdravie.<\/p>\n<h3>K\u013e\u00fa\u010dov\u00e9 benefity \u0161\u00edpkov\u00e9ho oleja<\/h3>\n<ul>\n<li><strong>Redukcia jaziev a stri\u00ed<\/strong><br \/>\nV prvom rade, \u0161\u00edpkov\u00fd olej je v\u00fdnimo\u010dne \u00fa\u010dinn\u00fd pri hojen\u00ed jaziev a stri\u00ed. Obsahuje vysok\u00e9 mno\u017estvo esenci\u00e1lnych mastn\u00fdch kysel\u00edn, ktor\u00e9 podporuj\u00fa obnovu buniek a pom\u00e1haj\u00fa zjemni\u0165 a vyhladi\u0165 poko\u017eku. \u010ci u\u017e ide o jazvy po akn\u00e9, oper\u00e1ci\u00e1ch alebo pop\u00e1lenin\u00e1ch, pravideln\u00e9 pou\u017e\u00edvanie \u0161\u00edpkov\u00e9ho oleja m\u00f4\u017ee vidite\u013ene zlep\u0161i\u0165 ich stav.<\/li>\n<li><strong>Obnovenie pru\u017enosti a jas poko\u017eky<\/strong><br \/>\n\u0160\u00edpkov\u00fd olej dok\u00e1\u017ee ple\u0165 zjemni\u0165 a dod\u00e1va\u0165 jej prirodzen\u00fd lesk a zdrav\u00fd t\u00f3n. Podporuje jej pru\u017enos\u0165 a farbu, \u010d\u00edm obnovuje jej mladistv\u00fd vzh\u013ead.<\/li>\n<li><strong>\u00da\u010dinn\u00fd proti vr\u00e1skam a zn\u00e1mkam starnutia<\/strong><br \/>\nJednou z najlep\u0161\u00edch vlastnost\u00ed \u0161\u00edpkov\u00e9ho oleja je jeho schopnos\u0165 bojova\u0165 proti pred\u010dasn\u00fdm zn\u00e1mkam starnutia. Pravideln\u00e9 pou\u017e\u00edvanie vyhladzuje jemn\u00e9 vr\u00e1sky a dod\u00e1va pleti pru\u017enos\u0165, \u010d\u00edm p\u00f4sob\u00ed proti starnutiu.<\/li>\n<li><strong>Zjednotenie t\u00f3nu pleti a redukcia pigmentov\u00fdch \u0161kv\u0155n<\/strong><br \/>\nAk trp\u00edte pigmentov\u00fdmi \u0161kvrnami, \u0161\u00edpkov\u00fd olej m\u00f4\u017ee by\u0165 skvel\u00fdm pomocn\u00edkom. Postupne zosvet\u013euje tmav\u00e9 \u0161kvrny a vyrovn\u00e1va farebn\u00fd t\u00f3n poko\u017eky, \u010d\u00edm dod\u00e1va pleti \u010dist\u00fd a \u017eiariv\u00fd vzh\u013ead.<\/li>\n<li><strong>R\u00fdchle hojenie pop\u00e1len\u00edn a podr\u00e1\u017edenej poko\u017eky<\/strong><br \/>\nNavy\u0161e, v kombin\u00e1cii s \u00e9terick\u00fdm levandu\u013eov\u00fdm olejom je \u0161\u00edpkov\u00fd olej ide\u00e1lny na upokojenie podr\u00e1\u017edenej alebo pop\u00e1lenej poko\u017eky. Levandu\u013ea zmier\u0148uje z\u00e1pal, zatia\u013e \u010do \u0161\u00edpkov\u00fd olej podporuje regener\u00e1ciu tkaniva.<\/li>\n<\/ul>\n<h3>Tipy ako pou\u017e\u00edva\u0165 \u0161\u00edpkov\u00fd olej:<\/h3>\n<p>Ak chcete maxim\u00e1lne vyu\u017ei\u0165 v\u00fdhody \u0161\u00edpkov\u00e9ho oleja, m\u00f4\u017eete ho vysk\u00fa\u0161a\u0165 v nasleduj\u00facich dom\u00e1cich aplik\u00e1ci\u00e1ch:<\/p>\n<ol>\n<li><strong>Ka\u017edodenn\u00e9 o\u0161etrenie pleti<\/strong><br \/>\nNieko\u013eko kvapiek \u0161\u00edpkov\u00e9ho oleja m\u00f4\u017eete aplikova\u0165 priamo na \u010dist\u00fa, navlh\u010den\u00fa ple\u0165. Jemne ho v mas\u00edrujte, aby sa r\u00fdchlo vstrebal \u010d\u00edm zanech\u00e1 va\u0161u ple\u0165 hydratovan\u00fa a \u017eiariv\u00fa.<\/li>\n<li><strong>Ple\u0165ov\u00e1 maska so zeolitom pre h\u013abkov\u00fa regener\u00e1ciu<\/strong><br \/>\nPre extra h\u013abkov\u00e9 \u010distenie zmie\u0161ajte ly\u017ei\u010dku \u0161\u00edpkov\u00e9ho oleja s ly\u017ei\u010dkou zeolitov\u00e9ho pr\u00e1\u0161ku ZEOZOE a naneste na tv\u00e1r. Nechajte p\u00f4sobi\u0165 15-20 min\u00fat, aby maska d\u00f4kladne pre\u010distila ple\u0165 a dodala jej \u017eiviny. Zeolit zbav\u00ed poko\u017eku ne\u010dist\u00f4t, zatia\u013e \u010do \u0161\u00edpkov\u00fd olej ju zjemn\u00ed a hydratuje. Va\u0161a ple\u0165 tak z\u00edska svie\u017ei vzh\u013ead a zdrav\u00fd lesk.<\/li>\n<li><strong>Zjemnenie jaziev a stri\u00ed<\/strong><br \/>\nAk bojujete s jazvami \u010di striami, nan\u00e1\u0161ajte \u0161\u00edpkov\u00fd olej na postihnut\u00e9 miesta ka\u017ed\u00fd de\u0148. Jemn\u00e1 mas\u00e1\u017e pom\u00e1ha jeho v\u00fd\u017eivn\u00fdm l\u00e1tkam prenikn\u00fa\u0165 do poko\u017eky a podpori\u0165 jej regener\u00e1ciu.<\/li>\n<\/ol>\n<p>\u0160\u00edpkov\u00fd bio olej je jedine\u010dn\u00fd pr\u00edrodn\u00fd produkt, ktor\u00fd va\u0161ej poko\u017eke prin\u00e1\u0161a h\u013abkov\u00fa starostlivos\u0165 a prirodzen\u00fa kr\u00e1su. Doprajte si tento pr\u00edrodn\u00fd elix\u00edr a nechajte va\u0161u ple\u0165 za\u017eiari\u0165!<\/p>\n<p><strong>Objem: 100 ml<\/strong><\/p>\n<p><em>Pod\u013ea NARIADENIA EUR\u00d3PSKEHO PARLAMENTU A RADY (ES) \u010c. 1924\/2006 z 20. decembra 2006 o v\u00fd\u017eivov\u00fdch a zdravotn\u00fdch tvrdeniach o potravin\u00e1ch, nesmieme u rastlinn\u00fdch olejov ako potrav\u00edn pod\u00e1va\u0165 inform\u00e1cie t\u00fdkaj\u00face sa diagn\u00f3zy ani uv\u00e1dza\u0165 tvrdenia o lie\u010div\u00fdch \u00fa\u010dinkoch v\u00fdrobku na \u013eudsk\u00fd organizmus. Na\u0161e inform\u00e1cie s\u00fa prevzat\u00e9 z dostupn\u00fdch overen\u00fdch zdrojov na internete, od v\u00fdrobcov rastlinn\u00fdch olejov, z referenci\u00ed od na\u0161ich z\u00e1kazn\u00edkov a nenahr\u00e1dzaj\u00fa lie\u010dbu ur\u010den\u00fa lek\u00e1rom. \u010eakujeme za porozumenie.<\/em><\/p>","protected":false},"excerpt":{"rendered":"<h2 class=\"ai-optimize-30\"><strong>\u0160\u00edpkov\u00fd BIO olej \u2013 Pr\u00edrodn\u00fd z\u00e1zrak pre va\u0161u poko\u017eku<\/strong><\/h2>\n<p class=\"ai-optimize-31\">\u0160\u00edpkov\u00fd olej je zn\u00e1my svojimi mimoriadnymi regenera\u010dn\u00fdmi \u00fa\u010dinkami a je ide\u00e1lny pre v\u0161etky typy pleti. Prin\u00e1\u0161a h\u013abkov\u00fa obnovu, vy\u017eivuje ple\u0165 a poskytuje jej zdrav\u00fd, mladistv\u00fd vzh\u013ead. Jednou z najlep\u0161\u00edch vlastnost\u00ed \u0161\u00edpkov\u00e9ho oleja je jeho schopnos\u0165 bojova\u0165 proti pred\u010dasn\u00fdm zn\u00e1mkam starnutia. <strong>Postupne zosvet\u013euje tmav\u00e9 \u0161kvrny a vyrovn\u00e1va farebn\u00fd t\u00f3n poko\u017eky. <\/strong>Pozrite sa, ako m\u00f4\u017ee by\u0165 tento olej pr\u00ednosom pre va\u0161u poko\u017eku a zdravie.<\/p>","protected":false},"featured_media":4842,"comment_status":"open","ping_status":"closed","template":"","meta":[],"product_brand":[],"product_cat":[54,30,29],"product_tag":[],"class_list":{"0":"post-2531","1":"product","2":"type-product","3":"status-publish","4":"has-post-thumbnail","6":"product_cat-vsetko","7":"product_cat-tvar","8":"product_cat-telo","10":"first","11":"instock","12":"taxable","13":"shipping-taxable","14":"purchasable","15":"product-type-simple"},"yoast_head":"<!-- This site is optimized with the Yoast SEO Premium plugin v25.2 (Yoast SEO v25.2) - https:\/\/yoast.com\/wordpress\/plugins\/seo\/ -->\n<title>\u0160\u00edpkov\u00fd olej BIO - 100ml - ZEOZOE\u00ae<\/title>\n<meta name=\"description\" content=\"\u0160\u00edpkov\u00fd BIO olej \u2013 Pr\u00edrodn\u00fd z\u00e1zrak pre va\u0161u poko\u017eku. \u0160\u00edpkov\u00fd olej je zn\u00e1my svojimi mimoriadnymi regenera\u010dn\u00fdmi \u00fa\u010dinkami a je ide\u00e1lny pre v\u0161etky typy pleti. Prin\u00e1\u0161a h\u013abkov\u00fa obnovu, vy\u017eivuje ple\u0165 a poskytuje jej zdrav\u00fd, mladistv\u00fd vzh\u013ead. Jednou z najlep\u0161\u00edch vlastnost\u00ed \u0161\u00edpkov\u00e9ho oleja je jeho schopnos\u0165 bojova\u0165 proti pred\u010dasn\u00fdm zn\u00e1mkam starnutia. Postupne zosvet\u013euje tmav\u00e9 \u0161kvrny a vyrovn\u00e1va farebn\u00fd t\u00f3n poko\u017eky. Pozrite sa, ako m\u00f4\u017ee by\u0165 tento olej pr\u00ednosom pre va\u0161u poko\u017eku a zdravie .Objavte jeho v\u00fdnimo\u010dn\u00e9 vlastnosti na www.zeozoe.sk\" \/>\n<meta name=\"robots\" content=\"index, follow, max-snippet:-1, max-image-preview:large, max-video-preview:-1\" \/>\n<link rel=\"canonical\" href=\"https:\/\/www.zeozoe.sk\/en\/product\/sipkovy-olej-bio-raw-100ml-zeozoe\/\" \/>\n<meta property=\"og:locale\" content=\"en_GB\" \/>\n<meta property=\"og:type\" content=\"article\" \/>\n<meta property=\"og:title\" content=\"\u0160\u00edpkov\u00fd olej BIO - 100ml\" \/>\n<meta property=\"og:description\" content=\"\u0160\u00edpkov\u00fd BIO olej \u2013 Pr\u00edrodn\u00fd z\u00e1zrak pre va\u0161u poko\u017eku. \u0160\u00edpkov\u00fd olej je zn\u00e1my svojimi mimoriadnymi regenera\u010dn\u00fdmi \u00fa\u010dinkami a je ide\u00e1lny pre v\u0161etky typy pleti. Prin\u00e1\u0161a h\u013abkov\u00fa obnovu, vy\u017eivuje ple\u0165 a poskytuje jej zdrav\u00fd, mladistv\u00fd vzh\u013ead. Jednou z najlep\u0161\u00edch vlastnost\u00ed \u0161\u00edpkov\u00e9ho oleja je jeho schopnos\u0165 bojova\u0165 proti pred\u010dasn\u00fdm zn\u00e1mkam starnutia. Postupne zosvet\u013euje tmav\u00e9 \u0161kvrny a vyrovn\u00e1va farebn\u00fd t\u00f3n poko\u017eky. Pozrite sa, ako m\u00f4\u017ee by\u0165 tento olej pr\u00ednosom pre va\u0161u poko\u017eku a zdravie .Objavte jeho v\u00fdnimo\u010dn\u00e9 vlastnosti na www.zeozoe.sk\" \/>\n<meta property=\"og:url\" content=\"https:\/\/www.zeozoe.sk\/en\/product\/sipkovy-olej-bio-raw-100ml-zeozoe\/\" \/>\n<meta property=\"og:site_name\" content=\"ZEOZOE\u00ae\" \/>\n<meta property=\"article:modified_time\" content=\"2026-04-22T10:47:56+00:00\" \/>\n<meta property=\"og:image\" content=\"https:\/\/www.zeozoe.sk\/wp-content\/uploads\/2025\/03\/78.jpg\" \/>\n\t<meta property=\"og:image:width\" content=\"1080\" \/>\n\t<meta property=\"og:image:height\" content=\"1080\" \/>\n\t<meta property=\"og:image:type\" content=\"image\/jpeg\" \/>\n<meta name=\"twitter:card\" content=\"summary_large_image\" \/>\n<meta name=\"twitter:label1\" content=\"Estimated reading time\" \/>\n\t<meta name=\"twitter:data1\" content=\"3 minutes\" \/>\n<script type=\"application\/ld+json\" class=\"yoast-schema-graph\">{\"@context\":\"https:\/\/schema.org\",\"@graph\":[{\"@type\":\"WebPage\",\"@id\":\"https:\/\/www.zeozoe.sk\/produkt\/sipkovy-olej-bio-raw-100ml-zeozoe\/\",\"url\":\"https:\/\/www.zeozoe.sk\/produkt\/sipkovy-olej-bio-raw-100ml-zeozoe\/\",\"name\":\"\u0160\u00edpkov\u00fd olej BIO - 100ml - ZEOZOE\u00ae\",\"isPartOf\":{\"@id\":\"https:\/\/www.zeozoe.sk\/#website\"},\"primaryImageOfPage\":{\"@id\":\"https:\/\/www.zeozoe.sk\/produkt\/sipkovy-olej-bio-raw-100ml-zeozoe\/#primaryimage\"},\"image\":{\"@id\":\"https:\/\/www.zeozoe.sk\/produkt\/sipkovy-olej-bio-raw-100ml-zeozoe\/#primaryimage\"},\"thumbnailUrl\":\"https:\/\/www.zeozoe.sk\/wp-content\/uploads\/2025\/03\/78.jpg\",\"datePublished\":\"2024-11-12T12:54:30+00:00\",\"dateModified\":\"2026-04-22T10:47:56+00:00\",\"description\":\"\u0160\u00edpkov\u00fd BIO olej \u2013 Pr\u00edrodn\u00fd z\u00e1zrak pre va\u0161u poko\u017eku. \u0160\u00edpkov\u00fd olej je zn\u00e1my svojimi mimoriadnymi regenera\u010dn\u00fdmi \u00fa\u010dinkami a je ide\u00e1lny pre v\u0161etky typy pleti. Prin\u00e1\u0161a h\u013abkov\u00fa obnovu, vy\u017eivuje ple\u0165 a poskytuje jej zdrav\u00fd, mladistv\u00fd vzh\u013ead. Jednou z najlep\u0161\u00edch vlastnost\u00ed \u0161\u00edpkov\u00e9ho oleja je jeho schopnos\u0165 bojova\u0165 proti pred\u010dasn\u00fdm zn\u00e1mkam starnutia. Postupne zosvet\u013euje tmav\u00e9 \u0161kvrny a vyrovn\u00e1va farebn\u00fd t\u00f3n poko\u017eky. Pozrite sa, ako m\u00f4\u017ee by\u0165 tento olej pr\u00ednosom pre va\u0161u poko\u017eku a zdravie .Objavte jeho v\u00fdnimo\u010dn\u00e9 vlastnosti na www.zeozoe.sk\",\"breadcrumb\":{\"@id\":\"https:\/\/www.zeozoe.sk\/produkt\/sipkovy-olej-bio-raw-100ml-zeozoe\/#breadcrumb\"},\"inLanguage\":\"en-GB\",\"potentialAction\":[{\"@type\":\"ReadAction\",\"target\":[\"https:\/\/www.zeozoe.sk\/produkt\/sipkovy-olej-bio-raw-100ml-zeozoe\/\"]}]},{\"@type\":\"ImageObject\",\"inLanguage\":\"en-GB\",\"@id\":\"https:\/\/www.zeozoe.sk\/produkt\/sipkovy-olej-bio-raw-100ml-zeozoe\/#primaryimage\",\"url\":\"https:\/\/www.zeozoe.sk\/wp-content\/uploads\/2025\/03\/78.jpg\",\"contentUrl\":\"https:\/\/www.zeozoe.sk\/wp-content\/uploads\/2025\/03\/78.jpg\",\"width\":1080,\"height\":1080,\"caption\":\"100% BIO \u0161\u00edpkov\u00fd olej\"},{\"@type\":\"BreadcrumbList\",\"@id\":\"https:\/\/www.zeozoe.sk\/produkt\/sipkovy-olej-bio-raw-100ml-zeozoe\/#breadcrumb\",\"itemListElement\":[{\"@type\":\"ListItem\",\"position\":1,\"name\":\"Domov\",\"item\":\"https:\/\/www.zeozoe.sk\/\"},{\"@type\":\"ListItem\",\"position\":2,\"name\":\"Obchod\",\"item\":\"https:\/\/www.zeozoe.sk\/obchod\/\"},{\"@type\":\"ListItem\",\"position\":3,\"name\":\"\u0160\u00edpkov\u00fd olej BIO &#8211; 100ml\"}]},{\"@type\":\"WebSite\",\"@id\":\"https:\/\/www.zeozoe.sk\/#website\",\"url\":\"https:\/\/www.zeozoe.sk\/\",\"name\":\"ZEOZOE\u00ae\",\"description\":\"Zubn\u00fd pr\u00e1\u0161ok a tablety na pr\u00edrodnej b\u00e1ze\",\"potentialAction\":[{\"@type\":\"SearchAction\",\"target\":{\"@type\":\"EntryPoint\",\"urlTemplate\":\"https:\/\/www.zeozoe.sk\/?s={search_term_string}\"},\"query-input\":{\"@type\":\"PropertyValueSpecification\",\"valueRequired\":true,\"valueName\":\"search_term_string\"}}],\"inLanguage\":\"en-GB\"}]}<\/script>\n<!-- \/ Yoast SEO Premium plugin. -->","yoast_head_json":{"title":"\u0160\u00edpkov\u00fd olej BIO - 100ml - ZEOZOE\u00ae","description":"\u0160\u00edpkov\u00fd BIO olej \u2013 Pr\u00edrodn\u00fd z\u00e1zrak pre va\u0161u poko\u017eku. \u0160\u00edpkov\u00fd olej je zn\u00e1my svojimi mimoriadnymi regenera\u010dn\u00fdmi \u00fa\u010dinkami a je ide\u00e1lny pre v\u0161etky typy pleti. Prin\u00e1\u0161a h\u013abkov\u00fa obnovu, vy\u017eivuje ple\u0165 a poskytuje jej zdrav\u00fd, mladistv\u00fd vzh\u013ead. Jednou z najlep\u0161\u00edch vlastnost\u00ed \u0161\u00edpkov\u00e9ho oleja je jeho schopnos\u0165 bojova\u0165 proti pred\u010dasn\u00fdm zn\u00e1mkam starnutia. Postupne zosvet\u013euje tmav\u00e9 \u0161kvrny a vyrovn\u00e1va farebn\u00fd t\u00f3n poko\u017eky. Pozrite sa, ako m\u00f4\u017ee by\u0165 tento olej pr\u00ednosom pre va\u0161u poko\u017eku a zdravie .Objavte jeho v\u00fdnimo\u010dn\u00e9 vlastnosti na www.zeozoe.sk","robots":{"index":"index","follow":"follow","max-snippet":"max-snippet:-1","max-image-preview":"max-image-preview:large","max-video-preview":"max-video-preview:-1"},"canonical":"https:\/\/www.zeozoe.sk\/en\/product\/sipkovy-olej-bio-raw-100ml-zeozoe\/","og_locale":"en_GB","og_type":"article","og_title":"\u0160\u00edpkov\u00fd olej BIO - 100ml","og_description":"\u0160\u00edpkov\u00fd BIO olej \u2013 Pr\u00edrodn\u00fd z\u00e1zrak pre va\u0161u poko\u017eku. \u0160\u00edpkov\u00fd olej je zn\u00e1my svojimi mimoriadnymi regenera\u010dn\u00fdmi \u00fa\u010dinkami a je ide\u00e1lny pre v\u0161etky typy pleti. Prin\u00e1\u0161a h\u013abkov\u00fa obnovu, vy\u017eivuje ple\u0165 a poskytuje jej zdrav\u00fd, mladistv\u00fd vzh\u013ead. Jednou z najlep\u0161\u00edch vlastnost\u00ed \u0161\u00edpkov\u00e9ho oleja je jeho schopnos\u0165 bojova\u0165 proti pred\u010dasn\u00fdm zn\u00e1mkam starnutia. Postupne zosvet\u013euje tmav\u00e9 \u0161kvrny a vyrovn\u00e1va farebn\u00fd t\u00f3n poko\u017eky. Pozrite sa, ako m\u00f4\u017ee by\u0165 tento olej pr\u00ednosom pre va\u0161u poko\u017eku a zdravie .Objavte jeho v\u00fdnimo\u010dn\u00e9 vlastnosti na www.zeozoe.sk","og_url":"https:\/\/www.zeozoe.sk\/en\/product\/sipkovy-olej-bio-raw-100ml-zeozoe\/","og_site_name":"ZEOZOE\u00ae","article_modified_time":"2026-04-22T10:47:56+00:00","og_image":[{"width":1080,"height":1080,"url":"https:\/\/www.zeozoe.sk\/wp-content\/uploads\/2025\/03\/78.jpg","type":"image\/jpeg"}],"twitter_card":"summary_large_image","twitter_misc":{"Estimated reading time":"3 minutes"},"schema":{"@context":"https:\/\/schema.org","@graph":[{"@type":"WebPage","@id":"https:\/\/www.zeozoe.sk\/produkt\/sipkovy-olej-bio-raw-100ml-zeozoe\/","url":"https:\/\/www.zeozoe.sk\/produkt\/sipkovy-olej-bio-raw-100ml-zeozoe\/","name":"\u0160\u00edpkov\u00fd olej BIO - 100ml - ZEOZOE\u00ae","isPartOf":{"@id":"https:\/\/www.zeozoe.sk\/#website"},"primaryImageOfPage":{"@id":"https:\/\/www.zeozoe.sk\/produkt\/sipkovy-olej-bio-raw-100ml-zeozoe\/#primaryimage"},"image":{"@id":"https:\/\/www.zeozoe.sk\/produkt\/sipkovy-olej-bio-raw-100ml-zeozoe\/#primaryimage"},"thumbnailUrl":"https:\/\/www.zeozoe.sk\/wp-content\/uploads\/2025\/03\/78.jpg","datePublished":"2024-11-12T12:54:30+00:00","dateModified":"2026-04-22T10:47:56+00:00","description":"\u0160\u00edpkov\u00fd BIO olej \u2013 Pr\u00edrodn\u00fd z\u00e1zrak pre va\u0161u poko\u017eku. \u0160\u00edpkov\u00fd olej je zn\u00e1my svojimi mimoriadnymi regenera\u010dn\u00fdmi \u00fa\u010dinkami a je ide\u00e1lny pre v\u0161etky typy pleti. Prin\u00e1\u0161a h\u013abkov\u00fa obnovu, vy\u017eivuje ple\u0165 a poskytuje jej zdrav\u00fd, mladistv\u00fd vzh\u013ead. Jednou z najlep\u0161\u00edch vlastnost\u00ed \u0161\u00edpkov\u00e9ho oleja je jeho schopnos\u0165 bojova\u0165 proti pred\u010dasn\u00fdm zn\u00e1mkam starnutia. Postupne zosvet\u013euje tmav\u00e9 \u0161kvrny a vyrovn\u00e1va farebn\u00fd t\u00f3n poko\u017eky. Pozrite sa, ako m\u00f4\u017ee by\u0165 tento olej pr\u00ednosom pre va\u0161u poko\u017eku a zdravie .Objavte jeho v\u00fdnimo\u010dn\u00e9 vlastnosti na www.zeozoe.sk","breadcrumb":{"@id":"https:\/\/www.zeozoe.sk\/produkt\/sipkovy-olej-bio-raw-100ml-zeozoe\/#breadcrumb"},"inLanguage":"en-GB","potentialAction":[{"@type":"ReadAction","target":["https:\/\/www.zeozoe.sk\/produkt\/sipkovy-olej-bio-raw-100ml-zeozoe\/"]}]},{"@type":"ImageObject","inLanguage":"en-GB","@id":"https:\/\/www.zeozoe.sk\/produkt\/sipkovy-olej-bio-raw-100ml-zeozoe\/#primaryimage","url":"https:\/\/www.zeozoe.sk\/wp-content\/uploads\/2025\/03\/78.jpg","contentUrl":"https:\/\/www.zeozoe.sk\/wp-content\/uploads\/2025\/03\/78.jpg","width":1080,"height":1080,"caption":"100% BIO \u0161\u00edpkov\u00fd olej"},{"@type":"BreadcrumbList","@id":"https:\/\/www.zeozoe.sk\/produkt\/sipkovy-olej-bio-raw-100ml-zeozoe\/#breadcrumb","itemListElement":[{"@type":"ListItem","position":1,"name":"Domov","item":"https:\/\/www.zeozoe.sk\/"},{"@type":"ListItem","position":2,"name":"Obchod","item":"https:\/\/www.zeozoe.sk\/obchod\/"},{"@type":"ListItem","position":3,"name":"\u0160\u00edpkov\u00fd olej BIO &#8211; 100ml"}]},{"@type":"WebSite","@id":"https:\/\/www.zeozoe.sk\/#website","url":"https:\/\/www.zeozoe.sk\/","name":"ZEOZOE\u00ae","description":"Zubn\u00fd pr\u00e1\u0161ok a tablety na pr\u00edrodnej b\u00e1ze","potentialAction":[{"@type":"SearchAction","target":{"@type":"EntryPoint","urlTemplate":"https:\/\/www.zeozoe.sk\/?s={search_term_string}"},"query-input":{"@type":"PropertyValueSpecification","valueRequired":true,"valueName":"search_term_string"}}],"inLanguage":"en-GB"}]}},"_links":{"self":[{"href":"https:\/\/www.zeozoe.sk\/en\/wp-json\/wp\/v2\/product\/2531","targetHints":{"allow":["GET"]}}],"collection":[{"href":"https:\/\/www.zeozoe.sk\/en\/wp-json\/wp\/v2\/product"}],"about":[{"href":"https:\/\/www.zeozoe.sk\/en\/wp-json\/wp\/v2\/types\/product"}],"replies":[{"embeddable":true,"href":"https:\/\/www.zeozoe.sk\/en\/wp-json\/wp\/v2\/comments?post=2531"}],"wp:featuredmedia":[{"embeddable":true,"href":"https:\/\/www.zeozoe.sk\/en\/wp-json\/wp\/v2\/media\/4842"}],"wp:attachment":[{"href":"https:\/\/www.zeozoe.sk\/en\/wp-json\/wp\/v2\/media?parent=2531"}],"wp:term":[{"taxonomy":"product_brand","embeddable":true,"href":"https:\/\/www.zeozoe.sk\/en\/wp-json\/wp\/v2\/product_brand?post=2531"},{"taxonomy":"product_cat","embeddable":true,"href":"https:\/\/www.zeozoe.sk\/en\/wp-json\/wp\/v2\/product_cat?post=2531"},{"taxonomy":"product_tag","embeddable":true,"href":"https:\/\/www.zeozoe.sk\/en\/wp-json\/wp\/v2\/product_tag?post=2531"}],"curies":[{"name":"wp","href":"https:\/\/api.w.org\/{rel}","templated":true}]}}