{"id":2533,"date":"2024-11-12T14:43:07","date_gmt":"2024-11-12T13:43:07","guid":{"rendered":"https:\/\/www.zeozoe.sk\/?post_type=product&#038;p=2533"},"modified":"2026-02-23T05:46:09","modified_gmt":"2026-02-23T04:46:09","slug":"arganovy-olej-bio-100ml-zeozoe","status":"publish","type":"product","link":"https:\/\/www.zeozoe.sk\/en\/product\/arganovy-olej-bio-100ml-zeozoe\/","title":{"rendered":"Arg\u00e1nov\u00fd olej BIO &#8211; 100ml"},"content":{"rendered":"<p><strong>Arg\u00e1nov\u00fd Bio olej \u2013 Pr\u00edrodn\u00fd elix\u00edr kr\u00e1sy a mladosti<\/strong><\/p>\n<p>Arg\u00e1nov\u00fd olej, \u010dasto naz\u00fdvan\u00fd &#8222;tekut\u00e9 zlato Maroka,&#8220; sa u\u017e po st\u00e1ro\u010dia pou\u017e\u00edva v tradi\u010dnej starostlivosti o ple\u0165 a vlasy. Hovor\u00ed sa, \u017ee tajomstvo mladistv\u00e9ho vzh\u013eadu marock\u00fdch \u017eien sa ukr\u00fdva pr\u00e1ve v pravidelnom pou\u017e\u00edvan\u00ed tohto oleja. Arg\u00e1nov\u00fd olej je bohat\u00fd na vitam\u00edn E, nenas\u00fdten\u00e9 mastn\u00e9 kyseliny, karot\u00e9ny a fytosteroly, ktor\u00e9 prin\u00e1\u0161aj\u00fa poko\u017eke a vlasom mno\u017estvo benefitov. Spoznajte benefity arg\u00e1nov\u00e9ho oleja&#8230;<\/p>\n<p><strong>K\u013e\u00fa\u010dov\u00e9 benefity arg\u00e1nov\u00e9ho bio oleja<\/strong><\/p>\n<ul>\n<li><strong>Ochrana pred nepriazniv\u00fdmi vplyvmi prostredia<\/strong><br \/>\nV\u010faka obsahu antioxidantov a vitam\u00ednu E chr\u00e1ni poko\u017eku pred po\u0161koden\u00edm sp\u00f4soben\u00fdm UV \u017eiaren\u00edm, vetrom, mrazom \u010di zne\u010disten\u00fdm ovzdu\u0161\u00edm. Poko\u017eka zost\u00e1va jemn\u00e1, hydratovan\u00e1 a pru\u017en\u00e1.<\/li>\n<li><strong>Hydrat\u00e1cia a obnova suchej poko\u017eky<\/strong><br \/>\nArg\u00e1nov\u00fd olej \u00fa\u010dinne vy\u017eivuje such\u00fa a citliv\u00fa poko\u017eku, obnovuje jej vitalitu a dod\u00e1va jej zdrav\u00fd lesk. Je ide\u00e1lny aj na o\u0161etrenie po\u0161kodenej a podr\u00e1\u017edenej poko\u017eky.<\/li>\n<li><strong>Protiz\u00e1palov\u00e9 a hojiv\u00e9 \u00fa\u010dinky<\/strong><br \/>\nOlej obsahuje l\u00e1tky so siln\u00fdmi protiz\u00e1palov\u00fdmi vlastnos\u0165ami, ktor\u00e9 pom\u00e1haj\u00fa zmierni\u0165 z\u00e1paly a akn\u00e9. V\u010faka tomu je skvelou vo\u013ebou pre ple\u0165 so sklonom k podr\u00e1\u017edeniu a problematick\u00fa poko\u017eku.<\/li>\n<li><strong>Vyhladzovanie vr\u00e1sok a spomalenie starnutia<\/strong><br \/>\nArg\u00e1nov\u00fd olej zjem\u0148uje jemn\u00e9 vr\u00e1sky a spoma\u013euje ich tvorbu. Vhodn\u00fd je aj na citliv\u00e9 partie okolo o\u010d\u00ed, kde poko\u017eku hydratuje a zjem\u0148uje.<\/li>\n<li><strong>Zosvetlenie pigmentov\u00fdch \u0161kv\u0155n<\/strong><br \/>\nPom\u00e1ha zjednocova\u0165 farebn\u00fd t\u00f3n poko\u017eky a zni\u017euje vidite\u013enos\u0165 pigmentov\u00fdch \u0161kv\u0155n, \u010d\u00edm prispieva k mladistv\u00e9mu vzh\u013eadu pleti.<\/li>\n<li><strong>O\u0161etrenie jaziev, stri\u00ed a celulit\u00eddy<\/strong><br \/>\nTento olej je tie\u017e \u00fa\u010dinn\u00fd pri redukcii jaziev a stri\u00ed, najm\u00e4 v kombin\u00e1cii so \u0161\u00edpkov\u00fdm olejom. V boji proti celulit\u00edde je mo\u017en\u00e9 ho pou\u017e\u00edva\u0165 spolu s k\u00e1vov\u00fdm olejom, \u010d\u00edm sa zv\u00fd\u0161i jeho efektivita.<\/li>\n<li><strong>Posilnenie nechtov a zlep\u0161enie kvality vlasov<\/strong><br \/>\nArg\u00e1nov\u00fd olej podporuje rast a posil\u0148uje l\u00e1mav\u00e9 nechty. Na vlasy p\u00f4sob\u00ed ako pr\u00edrodn\u00fd kondicion\u00e9r, obnovuje ich lesk, dod\u00e1va im hebkos\u0165 a br\u00e1ni l\u00e1mavosti.<\/li>\n<\/ul>\n<p><strong>Tipy na dom\u00e1ce pou\u017eitie arg\u00e1nov\u00e9ho oleja<\/strong><\/p>\n<ol>\n<li><strong>Hydrat\u00e1cia a ochrana pleti<\/strong><br \/>\nR\u00e1no a ve\u010der aplikujte nieko\u013eko kvapiek arg\u00e1nov\u00e9ho oleja na tv\u00e1r a krk. Olej sa r\u00fdchlo vstreb\u00e1va a zanech\u00e1va ple\u0165 jemn\u00fa a hydratovan\u00fa, ide\u00e1lnu na celodenn\u00fa ochranu.<\/li>\n<li><strong>Ple\u0165ov\u00e1 maska s arg\u00e1nov\u00fdm olejom a\u00a0ZEOZOE zeolitom pre h\u013abkov\u00fa detoxik\u00e1ciu<\/strong><br \/>\nZmie\u0161ajte p\u00e1r kvapiek arg\u00e1nov\u00e9ho oleja s ly\u017ei\u010dkou vody a ly\u017ei\u010dkou zeolitov\u00e9ho pr\u00e1\u0161ku a naneste na ple\u0165. Masku nechajte p\u00f4sobi\u0165 15-20 min\u00fat, potom ju opl\u00e1chnite vla\u017enou vodou. Zeolit absorbuje tox\u00edny a \u010dist\u00ed p\u00f3ry, zatia\u013e \u010do arg\u00e1nov\u00fd olej ple\u0165 hydratuje a vyhladzuje. V\u00fdsledkom je \u017eiariv\u00e1, zdrav\u00e1 a hladk\u00e1 ple\u0165. https:\/\/www.zeozoe.sk\/produkt\/pletova-maska-pure-zeozoe\/<\/li>\n<li><strong>Starostlivos\u0165 o nechty a vlasy<\/strong><br \/>\nNa spevnenie nechtov naneste kvapku arg\u00e1nov\u00e9ho oleja na nechtov\u00fa ko\u017eti\u010dku a vmas\u00edrujte. Na vlasov\u00fa regener\u00e1ciu vmas\u00edrujte olej do kon\u010dekov vlasov, nechajte p\u00f4sobi\u0165 30 min\u00fat a potom opl\u00e1chnite. Vlasy bud\u00fa hebk\u00e9 a kr\u00e1sne leskl\u00e9.<\/li>\n<\/ol>\n<p>Arg\u00e1nov\u00fd bio olej je univerz\u00e1lnym a \u00fa\u010dinn\u00fdm prostriedkom pre ka\u017edodenn\u00fa starostlivos\u0165. Vysk\u00fa\u0161ajte jeho silu a objavte prirodzen\u00fa kr\u00e1su a zdravie va\u0161ej poko\u017eky, nechtov a vlasov.<\/p>\n<p>&nbsp;<\/p>\n<p><em>Pod\u013ea NARIADENIA EUR\u00d3PSKEHO PARLAMENTU A RADY (ES) \u010c. 1924\/2006 z 20. decembra 2006 o v\u00fd\u017eivov\u00fdch a zdravotn\u00fdch tvrdeniach o potravin\u00e1ch, nesmieme u rastlinn\u00fdch olejov ako potrav\u00edn pod\u00e1va\u0165 inform\u00e1cie t\u00fdkaj\u00face sa diagn\u00f3zy ani uv\u00e1dza\u0165 tvrdenia o lie\u010div\u00fdch \u00fa\u010dinkoch v\u00fdrobku na \u013eudsk\u00fd organizmus. Na\u0161e inform\u00e1cie s\u00fa prevzat\u00e9 z dostupn\u00fdch overen\u00fdch zdrojov na internete, od v\u00fdrobcov rastlinn\u00fdch olejov, z referenci\u00ed od na\u0161ich z\u00e1kazn\u00edkov a nenahr\u00e1dzaj\u00fa lie\u010dbu ur\u010den\u00fa lek\u00e1rom. <\/em><\/p>","protected":false},"excerpt":{"rendered":"<p class=\"ai-optimize-28\"><strong>Arg\u00e1nov\u00fd Bio olej \u2013 Pr\u00edrodn\u00fd elix\u00edr kr\u00e1sy a mladosti<\/strong><\/p>\n<p class=\"ai-optimize-29\">Arg\u00e1nov\u00fd olej, \u010dasto naz\u00fdvan\u00fd &#8222;tekut\u00e9 zlato Maroka,&#8220; sa u\u017e po st\u00e1ro\u010dia pou\u017e\u00edva v tradi\u010dnej starostlivosti o ple\u0165 a vlasy. Hovor\u00ed sa, \u017ee tajomstvo mladistv\u00e9ho vzh\u013eadu marock\u00fdch \u017eien sa ukr\u00fdva pr\u00e1ve v pravidelnom pou\u017e\u00edvan\u00ed tohto oleja. Arg\u00e1nov\u00fd olej je bohat\u00fd na vitam\u00edn E, nenas\u00fdten\u00e9 mastn\u00e9 kyseliny, karot\u00e9ny a fytosteroly, ktor\u00e9 prin\u00e1\u0161aj\u00fa poko\u017eke a vlasom mno\u017estvo benefitov. Spoznajte benefity arg\u00e1nov\u00e9ho oleja&#8230;<\/p>","protected":false},"featured_media":4841,"comment_status":"open","ping_status":"closed","template":"","meta":[],"product_brand":[],"product_cat":[30,54],"product_tag":[],"class_list":{"0":"post-2533","1":"product","2":"type-product","3":"status-publish","4":"has-post-thumbnail","6":"product_cat-tvar","7":"product_cat-vsetko","9":"first","10":"instock","11":"taxable","12":"shipping-taxable","13":"purchasable","14":"product-type-simple"},"yoast_head":"<!-- This site is optimized with the Yoast SEO Premium plugin v25.2 (Yoast SEO v25.2) - https:\/\/yoast.com\/wordpress\/plugins\/seo\/ -->\n<title>Arg\u00e1nov\u00fd olej BIO - 100ml - ZEOZOE\u00ae<\/title>\n<meta name=\"description\" content=\"Arg\u00e1nov\u00fd Bio olej \u2013 Pr\u00edrodn\u00fd elix\u00edr kr\u00e1sy a mladosti. Arg\u00e1nov\u00fd olej, \u010dasto naz\u00fdvan\u00fd &quot;tekut\u00e9 zlato Maroka,&quot; sa u\u017e po st\u00e1ro\u010dia pou\u017e\u00edva v tradi\u010dnej starostlivosti o ple\u0165 a vlasy. Hovor\u00ed sa, \u017ee tajomstvo mladistv\u00e9ho vzh\u013eadu marock\u00fdch \u017eien sa ukr\u00fdva pr\u00e1ve v pravidelnom pou\u017e\u00edvan\u00ed tohto oleja. Arg\u00e1nov\u00fd olej je bohat\u00fd na vitam\u00edn E, nenas\u00fdten\u00e9 mastn\u00e9 kyseliny, karot\u00e9ny a fytosteroly, ktor\u00e9 prin\u00e1\u0161aj\u00fa poko\u017eke a vlasom mno\u017estvo benefitov. Spoznajte benefity arg\u00e1nov\u00e9ho oleja na www.zeozoe.sk\" \/>\n<meta name=\"robots\" content=\"index, follow, max-snippet:-1, max-image-preview:large, max-video-preview:-1\" \/>\n<link rel=\"canonical\" href=\"https:\/\/www.zeozoe.sk\/en\/product\/arganovy-olej-bio-100ml-zeozoe\/\" \/>\n<meta property=\"og:locale\" content=\"en_GB\" \/>\n<meta property=\"og:type\" content=\"article\" \/>\n<meta property=\"og:title\" content=\"Arg\u00e1nov\u00fd olej BIO - 100ml\" \/>\n<meta property=\"og:description\" content=\"Arg\u00e1nov\u00fd Bio olej \u2013 Pr\u00edrodn\u00fd elix\u00edr kr\u00e1sy a mladosti. Arg\u00e1nov\u00fd olej, \u010dasto naz\u00fdvan\u00fd &quot;tekut\u00e9 zlato Maroka,&quot; sa u\u017e po st\u00e1ro\u010dia pou\u017e\u00edva v tradi\u010dnej starostlivosti o ple\u0165 a vlasy. Hovor\u00ed sa, \u017ee tajomstvo mladistv\u00e9ho vzh\u013eadu marock\u00fdch \u017eien sa ukr\u00fdva pr\u00e1ve v pravidelnom pou\u017e\u00edvan\u00ed tohto oleja. Arg\u00e1nov\u00fd olej je bohat\u00fd na vitam\u00edn E, nenas\u00fdten\u00e9 mastn\u00e9 kyseliny, karot\u00e9ny a fytosteroly, ktor\u00e9 prin\u00e1\u0161aj\u00fa poko\u017eke a vlasom mno\u017estvo benefitov. Spoznajte benefity arg\u00e1nov\u00e9ho oleja na www.zeozoe.sk\" \/>\n<meta property=\"og:url\" content=\"https:\/\/www.zeozoe.sk\/en\/product\/arganovy-olej-bio-100ml-zeozoe\/\" \/>\n<meta property=\"og:site_name\" content=\"ZEOZOE\u00ae\" \/>\n<meta property=\"article:modified_time\" content=\"2026-02-23T04:46:09+00:00\" \/>\n<meta property=\"og:image\" content=\"https:\/\/www.zeozoe.sk\/wp-content\/uploads\/2025\/03\/77.jpg\" \/>\n\t<meta property=\"og:image:width\" content=\"1080\" \/>\n\t<meta property=\"og:image:height\" content=\"1080\" \/>\n\t<meta property=\"og:image:type\" content=\"image\/jpeg\" \/>\n<meta name=\"twitter:card\" content=\"summary_large_image\" \/>\n<meta name=\"twitter:label1\" content=\"Estimated reading time\" \/>\n\t<meta name=\"twitter:data1\" content=\"3 minutes\" \/>\n<script type=\"application\/ld+json\" class=\"yoast-schema-graph\">{\"@context\":\"https:\/\/schema.org\",\"@graph\":[{\"@type\":\"WebPage\",\"@id\":\"https:\/\/www.zeozoe.sk\/produkt\/arganovy-olej-bio-100ml-zeozoe\/\",\"url\":\"https:\/\/www.zeozoe.sk\/produkt\/arganovy-olej-bio-100ml-zeozoe\/\",\"name\":\"Arg\u00e1nov\u00fd olej BIO - 100ml - ZEOZOE\u00ae\",\"isPartOf\":{\"@id\":\"https:\/\/www.zeozoe.sk\/#website\"},\"primaryImageOfPage\":{\"@id\":\"https:\/\/www.zeozoe.sk\/produkt\/arganovy-olej-bio-100ml-zeozoe\/#primaryimage\"},\"image\":{\"@id\":\"https:\/\/www.zeozoe.sk\/produkt\/arganovy-olej-bio-100ml-zeozoe\/#primaryimage\"},\"thumbnailUrl\":\"https:\/\/www.zeozoe.sk\/wp-content\/uploads\/2025\/03\/77.jpg\",\"datePublished\":\"2024-11-12T13:43:07+00:00\",\"dateModified\":\"2026-02-23T04:46:09+00:00\",\"description\":\"Arg\u00e1nov\u00fd Bio olej \u2013 Pr\u00edrodn\u00fd elix\u00edr kr\u00e1sy a mladosti. Arg\u00e1nov\u00fd olej, \u010dasto naz\u00fdvan\u00fd \\\"tekut\u00e9 zlato Maroka,\\\" sa u\u017e po st\u00e1ro\u010dia pou\u017e\u00edva v tradi\u010dnej starostlivosti o ple\u0165 a vlasy. Hovor\u00ed sa, \u017ee tajomstvo mladistv\u00e9ho vzh\u013eadu marock\u00fdch \u017eien sa ukr\u00fdva pr\u00e1ve v pravidelnom pou\u017e\u00edvan\u00ed tohto oleja. Arg\u00e1nov\u00fd olej je bohat\u00fd na vitam\u00edn E, nenas\u00fdten\u00e9 mastn\u00e9 kyseliny, karot\u00e9ny a fytosteroly, ktor\u00e9 prin\u00e1\u0161aj\u00fa poko\u017eke a vlasom mno\u017estvo benefitov. Spoznajte benefity arg\u00e1nov\u00e9ho oleja na www.zeozoe.sk\",\"breadcrumb\":{\"@id\":\"https:\/\/www.zeozoe.sk\/produkt\/arganovy-olej-bio-100ml-zeozoe\/#breadcrumb\"},\"inLanguage\":\"en-GB\",\"potentialAction\":[{\"@type\":\"ReadAction\",\"target\":[\"https:\/\/www.zeozoe.sk\/produkt\/arganovy-olej-bio-100ml-zeozoe\/\"]}]},{\"@type\":\"ImageObject\",\"inLanguage\":\"en-GB\",\"@id\":\"https:\/\/www.zeozoe.sk\/produkt\/arganovy-olej-bio-100ml-zeozoe\/#primaryimage\",\"url\":\"https:\/\/www.zeozoe.sk\/wp-content\/uploads\/2025\/03\/77.jpg\",\"contentUrl\":\"https:\/\/www.zeozoe.sk\/wp-content\/uploads\/2025\/03\/77.jpg\",\"width\":1080,\"height\":1080,\"caption\":\"BIO arg\u00e1nov\u00fd olej\"},{\"@type\":\"BreadcrumbList\",\"@id\":\"https:\/\/www.zeozoe.sk\/produkt\/arganovy-olej-bio-100ml-zeozoe\/#breadcrumb\",\"itemListElement\":[{\"@type\":\"ListItem\",\"position\":1,\"name\":\"Domov\",\"item\":\"https:\/\/www.zeozoe.sk\/\"},{\"@type\":\"ListItem\",\"position\":2,\"name\":\"Obchod\",\"item\":\"https:\/\/www.zeozoe.sk\/obchod\/\"},{\"@type\":\"ListItem\",\"position\":3,\"name\":\"Arg\u00e1nov\u00fd olej BIO &#8211; 100ml\"}]},{\"@type\":\"WebSite\",\"@id\":\"https:\/\/www.zeozoe.sk\/#website\",\"url\":\"https:\/\/www.zeozoe.sk\/\",\"name\":\"ZEOZOE\u00ae\",\"description\":\"Zubn\u00fd pr\u00e1\u0161ok a tablety na pr\u00edrodnej b\u00e1ze\",\"potentialAction\":[{\"@type\":\"SearchAction\",\"target\":{\"@type\":\"EntryPoint\",\"urlTemplate\":\"https:\/\/www.zeozoe.sk\/?s={search_term_string}\"},\"query-input\":{\"@type\":\"PropertyValueSpecification\",\"valueRequired\":true,\"valueName\":\"search_term_string\"}}],\"inLanguage\":\"en-GB\"}]}<\/script>\n<!-- \/ Yoast SEO Premium plugin. -->","yoast_head_json":{"title":"Arg\u00e1nov\u00fd olej BIO - 100ml - ZEOZOE\u00ae","description":"Arg\u00e1nov\u00fd Bio olej \u2013 Pr\u00edrodn\u00fd elix\u00edr kr\u00e1sy a mladosti. Arg\u00e1nov\u00fd olej, \u010dasto naz\u00fdvan\u00fd \"tekut\u00e9 zlato Maroka,\" sa u\u017e po st\u00e1ro\u010dia pou\u017e\u00edva v tradi\u010dnej starostlivosti o ple\u0165 a vlasy. Hovor\u00ed sa, \u017ee tajomstvo mladistv\u00e9ho vzh\u013eadu marock\u00fdch \u017eien sa ukr\u00fdva pr\u00e1ve v pravidelnom pou\u017e\u00edvan\u00ed tohto oleja. Arg\u00e1nov\u00fd olej je bohat\u00fd na vitam\u00edn E, nenas\u00fdten\u00e9 mastn\u00e9 kyseliny, karot\u00e9ny a fytosteroly, ktor\u00e9 prin\u00e1\u0161aj\u00fa poko\u017eke a vlasom mno\u017estvo benefitov. Spoznajte benefity arg\u00e1nov\u00e9ho oleja na www.zeozoe.sk","robots":{"index":"index","follow":"follow","max-snippet":"max-snippet:-1","max-image-preview":"max-image-preview:large","max-video-preview":"max-video-preview:-1"},"canonical":"https:\/\/www.zeozoe.sk\/en\/product\/arganovy-olej-bio-100ml-zeozoe\/","og_locale":"en_GB","og_type":"article","og_title":"Arg\u00e1nov\u00fd olej BIO - 100ml","og_description":"Arg\u00e1nov\u00fd Bio olej \u2013 Pr\u00edrodn\u00fd elix\u00edr kr\u00e1sy a mladosti. Arg\u00e1nov\u00fd olej, \u010dasto naz\u00fdvan\u00fd \"tekut\u00e9 zlato Maroka,\" sa u\u017e po st\u00e1ro\u010dia pou\u017e\u00edva v tradi\u010dnej starostlivosti o ple\u0165 a vlasy. Hovor\u00ed sa, \u017ee tajomstvo mladistv\u00e9ho vzh\u013eadu marock\u00fdch \u017eien sa ukr\u00fdva pr\u00e1ve v pravidelnom pou\u017e\u00edvan\u00ed tohto oleja. Arg\u00e1nov\u00fd olej je bohat\u00fd na vitam\u00edn E, nenas\u00fdten\u00e9 mastn\u00e9 kyseliny, karot\u00e9ny a fytosteroly, ktor\u00e9 prin\u00e1\u0161aj\u00fa poko\u017eke a vlasom mno\u017estvo benefitov. Spoznajte benefity arg\u00e1nov\u00e9ho oleja na www.zeozoe.sk","og_url":"https:\/\/www.zeozoe.sk\/en\/product\/arganovy-olej-bio-100ml-zeozoe\/","og_site_name":"ZEOZOE\u00ae","article_modified_time":"2026-02-23T04:46:09+00:00","og_image":[{"width":1080,"height":1080,"url":"https:\/\/www.zeozoe.sk\/wp-content\/uploads\/2025\/03\/77.jpg","type":"image\/jpeg"}],"twitter_card":"summary_large_image","twitter_misc":{"Estimated reading time":"3 minutes"},"schema":{"@context":"https:\/\/schema.org","@graph":[{"@type":"WebPage","@id":"https:\/\/www.zeozoe.sk\/produkt\/arganovy-olej-bio-100ml-zeozoe\/","url":"https:\/\/www.zeozoe.sk\/produkt\/arganovy-olej-bio-100ml-zeozoe\/","name":"Arg\u00e1nov\u00fd olej BIO - 100ml - ZEOZOE\u00ae","isPartOf":{"@id":"https:\/\/www.zeozoe.sk\/#website"},"primaryImageOfPage":{"@id":"https:\/\/www.zeozoe.sk\/produkt\/arganovy-olej-bio-100ml-zeozoe\/#primaryimage"},"image":{"@id":"https:\/\/www.zeozoe.sk\/produkt\/arganovy-olej-bio-100ml-zeozoe\/#primaryimage"},"thumbnailUrl":"https:\/\/www.zeozoe.sk\/wp-content\/uploads\/2025\/03\/77.jpg","datePublished":"2024-11-12T13:43:07+00:00","dateModified":"2026-02-23T04:46:09+00:00","description":"Arg\u00e1nov\u00fd Bio olej \u2013 Pr\u00edrodn\u00fd elix\u00edr kr\u00e1sy a mladosti. Arg\u00e1nov\u00fd olej, \u010dasto naz\u00fdvan\u00fd \"tekut\u00e9 zlato Maroka,\" sa u\u017e po st\u00e1ro\u010dia pou\u017e\u00edva v tradi\u010dnej starostlivosti o ple\u0165 a vlasy. Hovor\u00ed sa, \u017ee tajomstvo mladistv\u00e9ho vzh\u013eadu marock\u00fdch \u017eien sa ukr\u00fdva pr\u00e1ve v pravidelnom pou\u017e\u00edvan\u00ed tohto oleja. Arg\u00e1nov\u00fd olej je bohat\u00fd na vitam\u00edn E, nenas\u00fdten\u00e9 mastn\u00e9 kyseliny, karot\u00e9ny a fytosteroly, ktor\u00e9 prin\u00e1\u0161aj\u00fa poko\u017eke a vlasom mno\u017estvo benefitov. Spoznajte benefity arg\u00e1nov\u00e9ho oleja na www.zeozoe.sk","breadcrumb":{"@id":"https:\/\/www.zeozoe.sk\/produkt\/arganovy-olej-bio-100ml-zeozoe\/#breadcrumb"},"inLanguage":"en-GB","potentialAction":[{"@type":"ReadAction","target":["https:\/\/www.zeozoe.sk\/produkt\/arganovy-olej-bio-100ml-zeozoe\/"]}]},{"@type":"ImageObject","inLanguage":"en-GB","@id":"https:\/\/www.zeozoe.sk\/produkt\/arganovy-olej-bio-100ml-zeozoe\/#primaryimage","url":"https:\/\/www.zeozoe.sk\/wp-content\/uploads\/2025\/03\/77.jpg","contentUrl":"https:\/\/www.zeozoe.sk\/wp-content\/uploads\/2025\/03\/77.jpg","width":1080,"height":1080,"caption":"BIO arg\u00e1nov\u00fd olej"},{"@type":"BreadcrumbList","@id":"https:\/\/www.zeozoe.sk\/produkt\/arganovy-olej-bio-100ml-zeozoe\/#breadcrumb","itemListElement":[{"@type":"ListItem","position":1,"name":"Domov","item":"https:\/\/www.zeozoe.sk\/"},{"@type":"ListItem","position":2,"name":"Obchod","item":"https:\/\/www.zeozoe.sk\/obchod\/"},{"@type":"ListItem","position":3,"name":"Arg\u00e1nov\u00fd olej BIO &#8211; 100ml"}]},{"@type":"WebSite","@id":"https:\/\/www.zeozoe.sk\/#website","url":"https:\/\/www.zeozoe.sk\/","name":"ZEOZOE\u00ae","description":"Zubn\u00fd pr\u00e1\u0161ok a tablety na pr\u00edrodnej b\u00e1ze","potentialAction":[{"@type":"SearchAction","target":{"@type":"EntryPoint","urlTemplate":"https:\/\/www.zeozoe.sk\/?s={search_term_string}"},"query-input":{"@type":"PropertyValueSpecification","valueRequired":true,"valueName":"search_term_string"}}],"inLanguage":"en-GB"}]}},"_links":{"self":[{"href":"https:\/\/www.zeozoe.sk\/en\/wp-json\/wp\/v2\/product\/2533","targetHints":{"allow":["GET"]}}],"collection":[{"href":"https:\/\/www.zeozoe.sk\/en\/wp-json\/wp\/v2\/product"}],"about":[{"href":"https:\/\/www.zeozoe.sk\/en\/wp-json\/wp\/v2\/types\/product"}],"replies":[{"embeddable":true,"href":"https:\/\/www.zeozoe.sk\/en\/wp-json\/wp\/v2\/comments?post=2533"}],"wp:featuredmedia":[{"embeddable":true,"href":"https:\/\/www.zeozoe.sk\/en\/wp-json\/wp\/v2\/media\/4841"}],"wp:attachment":[{"href":"https:\/\/www.zeozoe.sk\/en\/wp-json\/wp\/v2\/media?parent=2533"}],"wp:term":[{"taxonomy":"product_brand","embeddable":true,"href":"https:\/\/www.zeozoe.sk\/en\/wp-json\/wp\/v2\/product_brand?post=2533"},{"taxonomy":"product_cat","embeddable":true,"href":"https:\/\/www.zeozoe.sk\/en\/wp-json\/wp\/v2\/product_cat?post=2533"},{"taxonomy":"product_tag","embeddable":true,"href":"https:\/\/www.zeozoe.sk\/en\/wp-json\/wp\/v2\/product_tag?post=2533"}],"curies":[{"name":"wp","href":"https:\/\/api.w.org\/{rel}","templated":true}]}}