{"id":3204,"date":"2024-12-16T23:00:44","date_gmt":"2024-12-16T22:00:44","guid":{"rendered":"https:\/\/www.zeozoe.sk\/?post_type=product&#038;p=3204"},"modified":"2026-03-17T10:27:59","modified_gmt":"2026-03-17T09:27:59","slug":"akne-krem-9-herbs","status":"publish","type":"product","link":"https:\/\/www.zeozoe.sk\/en\/product\/akne-krem-9-herbs\/","title":{"rendered":"Akn\u00e9 Kr\u00e9m &#8211; 9HERBS Skin Repair"},"content":{"rendered":"<h3><strong>Akn\u00e9 Kr\u00e9m 9HERBS Skin Repair \u2013 pr\u00edrodn\u00fd ple\u0165ov\u00fd kr\u00e9m pre problematick\u00fa ple\u0165 50ml<\/strong><\/h3>\n<div class=\"flex-shrink-0 flex flex-col relative items-end\">\n<div>\n<div class=\"pt-0\">\n<div class=\"gizmo-bot-avatar flex h-8 w-8 items-center justify-center overflow-hidden rounded-full\">\n<div class=\"relative p-1 rounded-sm flex items-center justify-center bg-token-main-surface-primary text-token-text-primary h-8 w-8\">9HERBS Skin Repair prin\u00e1\u0161a upokojuj\u00facu starostlivos\u0165 pre citliv\u00fa a problematick\u00fa ple\u0165. Zmier\u0148uje za\u010dervenanie, svrbenie a podporuje regener\u00e1ciu poko\u017eky, pri\u010dom jej navracia komfort a zdrav\u00fd vzh\u013ead. Kombin\u00e1cia deviatich bylinn\u00fdch extraktov, zelen\u00e9ho ja\u010dme\u0148a a alanto\u00ednu \u00fa\u010dinne bojuje proti z\u00e1palom, zni\u017euje podr\u00e1\u017edenie a podporuje prirodzen\u00e9 hojenie pleti. Je ide\u00e1lny pre ple\u0165 s ekz\u00e9mom, rosaceou, akn\u00e9 \u010di seboreou a okam\u017eite u\u013eavuje od svrbenia a diskomfortu. Pr\u00edrodn\u00e9 ingrediencie spolo\u010dne vracaj\u00fa pleti zdrav\u00fd vzh\u013ead a pohodlie, zatia\u013e \u010do jemn\u00e9 a \u00fa\u010dinn\u00e9 zlo\u017eenie umo\u017e\u0148uje ka\u017edodenn\u00e9 pou\u017e\u00edvanie<\/div>\n<\/div>\n<\/div>\n<\/div>\n<\/div>\n<hr \/>\n<h3><strong>K\u013e\u00fa\u010dov\u00e9 benefity:<\/strong><\/h3>\n<ul>\n<li><strong>Redukcia z\u00e1palu a podr\u00e1\u017edenia:<\/strong> Protiz\u00e1palov\u00e9 bylinn\u00e9 zlo\u017eky zmier\u0148uj\u00fa z\u00e1palov\u00e9 prejavy, ako s\u00fa ekz\u00e9m, rosacea, seborea a akn\u00e9. Tento <strong>akn\u00e9 kr\u00e9m<\/strong> pom\u00e1ha upokoji\u0165 ple\u0165 a zlep\u0161i\u0165 jej stav.<\/li>\n<li><strong>Upokojenie pleti:<\/strong> V\u010faka kombin\u00e1cii pr\u00edrodn\u00fdch ingredienci\u00ed kr\u00e9m upokojuje citliv\u00fa, za\u010dervenan\u00fa a podr\u00e1\u017eden\u00fa poko\u017eku.<\/li>\n<li><strong>Podpora regener\u00e1cie:<\/strong> Zlo\u017eenie s alanto\u00ednom a zelen\u00fdm ja\u010dme\u0148om vy\u017eivuje ple\u0165, hydratuje ju a podporuje jej prirodzen\u00fa obnovu.<\/li>\n<\/ul>\n<hr \/>\n<h3><strong>K\u013e\u00fa\u010dov\u00e9 zlo\u017eky a ich \u00fa\u010dinky:<\/strong><\/h3>\n<ul>\n<li><strong>Bylinn\u00e9 extrakty:<\/strong> Kombin\u00e1cia deviatich byl\u00edn p\u00f4sob\u00ed synergicky, zmier\u0148uje z\u00e1paly, podporuje hojenie a redukuje podr\u00e1\u017edenie.<\/li>\n<li><strong>Zelen\u00fd ja\u010dme\u0148:<\/strong> Bohat\u00fd na vitam\u00edny a antioxidanty, ktor\u00e9 revitalizuj\u00fa ple\u0165 a podporuj\u00fa jej zdrav\u00fd vzh\u013ead.<\/li>\n<li><strong>Alanto\u00edn:<\/strong> Upokojuje podr\u00e1\u017eden\u00fa poko\u017eku, zlep\u0161uje jej hydrat\u00e1ciu a pom\u00e1ha pri regener\u00e1cii.<\/li>\n<\/ul>\n<hr \/>\n<h3><strong>Pre\u010do si vybr\u00e1me 9HERBS Skin Repair ako svoj akn\u00e9 kr\u00e9m?<\/strong><\/h3>\n<p>Akn\u00e9 kr\u00e9m 9 Herbs bol \u0161peci\u00e1lne vyvinut\u00fd pre ple\u0165 s probl\u00e9mami, ako je akn\u00e9, ekz\u00e9m \u010di rosacea. Pre maxim\u00e1lnu starostlivos\u0165 odpor\u00fa\u010dame kombinova\u0165 ho s na\u0161imi<a href=\"https:\/\/www.zeozoe.sk\/produkt\/pletova-maska-sage-zeozoe\/\"> <strong>zeolitov\u00fdmi ple\u0165ov\u00fdmi maskami<\/strong>,<\/a> ktor\u00e9 ple\u0165 d\u00f4kladne \u010distia, odstra\u0148uj\u00fa tox\u00edny a podporuj\u00fa prirodzen\u00fa obnovu pleti.<a href=\"https:\/\/www.zeozoe.sk\/produkt\/pletova-maska-pure-zeozoe-detoxikacia-toxiny\/\"> <strong>Zeolitov\u00e1 maska<\/strong><\/a> spolo\u010dne s 9HERBS Skin Repair poskytuje va\u0161ej pleti kompletn\u00fa regener\u00e1ciu, hydrat\u00e1ciu a v\u00fd\u017eivu.<\/p>\n<hr \/>\n<h3><strong>Pou\u017eitie:<\/strong><\/h3>\n<p>Aplikujte r\u00e1no a ve\u010der alebo pod\u013ea potreby po\u010das d\u0148a dostato\u010dn\u00e9 mno\u017estvo kr\u00e9mu na vy\u010disten\u00fa poko\u017eku. Jemne vmas\u00edrujte, k\u00fdm sa kr\u00e9m \u00faplne nevstrebe.<\/p>\n<hr \/>\n<h3><strong>Zlo\u017eenie (INCI):<\/strong><\/h3>\n<p>Chamomilla Matricaria Flower Water, Cocos Nucifera Oil, Glycerin, Cetearyl Olivate, Cetyl Alcohol, Borago Officinalis Seed Oil, Sorbitan Olivate, Melia Azadirachta Seed Oil, Calophyllum Inophyllum Seed Oil, Lanolin, Salicylic Acid, Wheat Grass Powder, Dehydroacetic Acid, Allantoin, Tocopheryl Acetate, Lavandula Angustifolia Oil, Trichosanthes Kirilowii Root Extract, Benzyl Alcohol, Lactic Acid, Berberidis Cortex Extract, Angelica Dahurica Extract, Phellodendron Amurense Extract, Curcuma Longa Extract, Pelargonium Graveolens Flower Oil, Magnolia Officinalis Extract, Anthemis Nobile Flower Oil, Arisema Rhizoma Extract, Citrus Reticulata Extract, Atractylis Ovata Extract, Linalool*, Citronellol*, Geraniol*, Limonene*, Citral*<br \/>\n(* z pr\u00edrodn\u00fdch \u00e9terick\u00fdch olejov)<\/p>\n<p>Obsah: 50ml<\/p>\n<p class=\"\" data-start=\"502\" data-end=\"742\"><em>V s\u00falade s <strong data-start=\"513\" data-end=\"599\">Nariaden\u00edm Eur\u00f3pskeho parlamentu a Rady (ES) \u010d. 1223\/2009 o kozmetick\u00fdch v\u00fdrobkoch<\/strong> nesm\u00fa by\u0165 kozmetick\u00e9 produkty prezentovan\u00e9 ako produkty, ktor\u00e9 maj\u00fa <strong data-start=\"668\" data-end=\"686\">lie\u010div\u00e9 \u00fa\u010dinky<\/strong>, diagnostikuj\u00fa, lie\u010dia alebo predch\u00e1dzaj\u00fa ochoreniam.<\/em><\/p>\n<p class=\"\" data-start=\"744\" data-end=\"1016\"><em>Inform\u00e1cie uveden\u00e9 pri produktoch vych\u00e1dzaj\u00fa z <strong data-start=\"791\" data-end=\"835\">tradi\u010dn\u00e9ho pou\u017e\u00edvania pr\u00edrodn\u00fdch zlo\u017eiek<\/strong>, <strong data-start=\"837\" data-end=\"877\">verejne dostupn\u00fdch odborn\u00fdch zdrojov<\/strong> a <strong data-start=\"880\" data-end=\"917\">sp\u00e4tn\u00fdch v\u00e4zieb na\u0161ich z\u00e1kazn\u00edkov<\/strong>. Nejde o lek\u00e1rske tvrdenia a <strong data-start=\"947\" data-end=\"1015\">nenahr\u00e1dzaj\u00fa odpor\u00fa\u010dania ani starostlivos\u0165 lek\u00e1ra \u010di dermatol\u00f3ga<\/strong>.<\/em><\/p>","protected":false},"excerpt":{"rendered":"<p class=\"ai-optimize-30\"><strong>9HERBS Skin Repair je pr\u00edrodn\u00fd kr\u00e9m na akn\u00e9 a problematick\u00fa ple\u0165, ktor\u00fd upokojuje podr\u00e1\u017edenie a podporuje regener\u00e1ciu poko\u017eky.<\/strong> V\u010faka jedine\u010dnej kombin\u00e1cii deviatich bylinn\u00fdch extraktov, zelen\u00e9ho ja\u010dme\u0148a a alanto\u00ednu zmier\u0148uje z\u00e1paly, redukuje za\u010dervenanie a zlep\u0161uje celkov\u00fd stav pleti. Je ide\u00e1lny na citliv\u00fa poko\u017eku postihnut\u00fa akn\u00e9, ekz\u00e9mom, rosaceou \u010di seboreou.<\/p>\n<p class=\"ai-optimize-31\"><strong>Ak h\u013ead\u00e1te komplexn\u00fa starostlivos\u0165 o va\u0161u ple\u0165, odpor\u00fa\u010dame vysk\u00fa\u0161a\u0165 aj <a href=\"https:\/\/www.zeozoe.sk\/produkt\/pletova-maska-pure-zeozoe-detoxikacia-toxiny\/\">na\u0161e masky<\/a> ZEOZOE so zeolitom<\/strong>, ktor\u00fd\u00a0 pom\u00e1ha \u010disti\u0165 p\u00f3ry do h\u013abky.<\/p>\n<p class=\"ai-optimize-32\"><strong>Doprajte svojej pleti aj telu starostlivos\u0165, ktor\u00e1 sp\u00e1ja silu pr\u00edrody a vedeck\u00e9 poznatky \u2013 objavte ten rozdiel !<\/strong><\/p>","protected":false},"featured_media":4844,"comment_status":"open","ping_status":"closed","template":"","meta":[],"product_brand":[],"product_cat":[30,54],"product_tag":[],"class_list":{"0":"post-3204","1":"product","2":"type-product","3":"status-publish","4":"has-post-thumbnail","6":"product_cat-tvar","7":"product_cat-vsetko","9":"first","10":"instock","11":"taxable","12":"shipping-taxable","13":"purchasable","14":"product-type-simple"},"yoast_head":"<!-- This site is optimized with the Yoast SEO Premium plugin v25.2 (Yoast SEO v25.2) - https:\/\/yoast.com\/wordpress\/plugins\/seo\/ -->\n<title>Akn\u00e9 Kr\u00e9m - 9HERBS Skin Repair - ZEOZOE\u00ae<\/title>\n<meta name=\"description\" content=\"Akn\u00e9 kr\u00e9m 9HERBS Skin Repair je pr\u00edrodn\u00fd kr\u00e9m na akn\u00e9 a problematick\u00fa ple\u0165. Obsahuje bylinn\u00e9 extrakty, zelen\u00fd ja\u010dme\u0148 a alanto\u00edn, ktor\u00e9 zmier\u0148uj\u00fa z\u00e1paly, za\u010dervenanie a podporuj\u00fa regener\u00e1ciu. Kombinujte s na\u0161ou zeolitovou ple\u0165ovou maskou ZEOZOE pre dokonal\u00fa starostlivos\u0165 o citliv\u00fa ple\u0165. Doprajte si pr\u00edrodn\u00e9 rie\u0161enie pre zdrav\u00fa a \u017eiariv\u00fa poko\u017eku! www.zeozoe.sk\" \/>\n<meta name=\"robots\" content=\"index, follow, max-snippet:-1, max-image-preview:large, max-video-preview:-1\" \/>\n<link rel=\"canonical\" href=\"https:\/\/www.zeozoe.sk\/en\/product\/akne-krem-9-herbs\/\" \/>\n<meta property=\"og:locale\" content=\"en_GB\" \/>\n<meta property=\"og:type\" content=\"article\" \/>\n<meta property=\"og:title\" content=\"Akn\u00e9 Kr\u00e9m - 9HERBS Skin Repair\" \/>\n<meta property=\"og:description\" content=\"Akn\u00e9 kr\u00e9m 9HERBS Skin Repair je pr\u00edrodn\u00fd kr\u00e9m na akn\u00e9 a problematick\u00fa ple\u0165. Obsahuje bylinn\u00e9 extrakty, zelen\u00fd ja\u010dme\u0148 a alanto\u00edn, ktor\u00e9 zmier\u0148uj\u00fa z\u00e1paly, za\u010dervenanie a podporuj\u00fa regener\u00e1ciu. Kombinujte s na\u0161ou zeolitovou ple\u0165ovou maskou ZEOZOE pre dokonal\u00fa starostlivos\u0165 o citliv\u00fa ple\u0165. Doprajte si pr\u00edrodn\u00e9 rie\u0161enie pre zdrav\u00fa a \u017eiariv\u00fa poko\u017eku! www.zeozoe.sk\" \/>\n<meta property=\"og:url\" content=\"https:\/\/www.zeozoe.sk\/en\/product\/akne-krem-9-herbs\/\" \/>\n<meta property=\"og:site_name\" content=\"ZEOZOE\u00ae\" \/>\n<meta property=\"article:modified_time\" content=\"2026-03-17T09:27:59+00:00\" \/>\n<meta property=\"og:image\" content=\"https:\/\/www.zeozoe.sk\/wp-content\/uploads\/2025\/03\/80.jpg\" \/>\n\t<meta property=\"og:image:width\" content=\"1080\" \/>\n\t<meta property=\"og:image:height\" content=\"1080\" \/>\n\t<meta property=\"og:image:type\" content=\"image\/jpeg\" \/>\n<meta name=\"twitter:card\" content=\"summary_large_image\" \/>\n<meta name=\"twitter:label1\" content=\"Estimated reading time\" \/>\n\t<meta name=\"twitter:data1\" content=\"3 minutes\" \/>\n<script type=\"application\/ld+json\" class=\"yoast-schema-graph\">{\"@context\":\"https:\/\/schema.org\",\"@graph\":[{\"@type\":\"WebPage\",\"@id\":\"https:\/\/www.zeozoe.sk\/produkt\/akne-krem-9-herbs\/\",\"url\":\"https:\/\/www.zeozoe.sk\/produkt\/akne-krem-9-herbs\/\",\"name\":\"Akn\u00e9 Kr\u00e9m - 9HERBS Skin Repair - ZEOZOE\u00ae\",\"isPartOf\":{\"@id\":\"https:\/\/www.zeozoe.sk\/#website\"},\"primaryImageOfPage\":{\"@id\":\"https:\/\/www.zeozoe.sk\/produkt\/akne-krem-9-herbs\/#primaryimage\"},\"image\":{\"@id\":\"https:\/\/www.zeozoe.sk\/produkt\/akne-krem-9-herbs\/#primaryimage\"},\"thumbnailUrl\":\"https:\/\/www.zeozoe.sk\/wp-content\/uploads\/2025\/03\/80.jpg\",\"datePublished\":\"2024-12-16T22:00:44+00:00\",\"dateModified\":\"2026-03-17T09:27:59+00:00\",\"description\":\"Akn\u00e9 kr\u00e9m 9HERBS Skin Repair je pr\u00edrodn\u00fd kr\u00e9m na akn\u00e9 a problematick\u00fa ple\u0165. Obsahuje bylinn\u00e9 extrakty, zelen\u00fd ja\u010dme\u0148 a alanto\u00edn, ktor\u00e9 zmier\u0148uj\u00fa z\u00e1paly, za\u010dervenanie a podporuj\u00fa regener\u00e1ciu. Kombinujte s na\u0161ou zeolitovou ple\u0165ovou maskou ZEOZOE pre dokonal\u00fa starostlivos\u0165 o citliv\u00fa ple\u0165. Doprajte si pr\u00edrodn\u00e9 rie\u0161enie pre zdrav\u00fa a \u017eiariv\u00fa poko\u017eku! www.zeozoe.sk\",\"breadcrumb\":{\"@id\":\"https:\/\/www.zeozoe.sk\/produkt\/akne-krem-9-herbs\/#breadcrumb\"},\"inLanguage\":\"en-GB\",\"potentialAction\":[{\"@type\":\"ReadAction\",\"target\":[\"https:\/\/www.zeozoe.sk\/produkt\/akne-krem-9-herbs\/\"]}]},{\"@type\":\"ImageObject\",\"inLanguage\":\"en-GB\",\"@id\":\"https:\/\/www.zeozoe.sk\/produkt\/akne-krem-9-herbs\/#primaryimage\",\"url\":\"https:\/\/www.zeozoe.sk\/wp-content\/uploads\/2025\/03\/80.jpg\",\"contentUrl\":\"https:\/\/www.zeozoe.sk\/wp-content\/uploads\/2025\/03\/80.jpg\",\"width\":1080,\"height\":1080,\"caption\":\"9HERBS Skin Repair \u2013 upokojuj\u00faci kr\u00e9m s pr\u00edrodn\u00fdm p\u00f4vodom na podr\u00e1\u017eden\u00fa ple\u0165, zmier\u0148uje z\u00e1paly, svrbenie a diskomfort poko\u017eky.\"},{\"@type\":\"BreadcrumbList\",\"@id\":\"https:\/\/www.zeozoe.sk\/produkt\/akne-krem-9-herbs\/#breadcrumb\",\"itemListElement\":[{\"@type\":\"ListItem\",\"position\":1,\"name\":\"Domov\",\"item\":\"https:\/\/www.zeozoe.sk\/\"},{\"@type\":\"ListItem\",\"position\":2,\"name\":\"Obchod\",\"item\":\"https:\/\/www.zeozoe.sk\/obchod\/\"},{\"@type\":\"ListItem\",\"position\":3,\"name\":\"Akn\u00e9 Kr\u00e9m &#8211; 9HERBS Skin Repair\"}]},{\"@type\":\"WebSite\",\"@id\":\"https:\/\/www.zeozoe.sk\/#website\",\"url\":\"https:\/\/www.zeozoe.sk\/\",\"name\":\"ZEOZOE\u00ae\",\"description\":\"Zubn\u00fd pr\u00e1\u0161ok a tablety na pr\u00edrodnej b\u00e1ze\",\"potentialAction\":[{\"@type\":\"SearchAction\",\"target\":{\"@type\":\"EntryPoint\",\"urlTemplate\":\"https:\/\/www.zeozoe.sk\/?s={search_term_string}\"},\"query-input\":{\"@type\":\"PropertyValueSpecification\",\"valueRequired\":true,\"valueName\":\"search_term_string\"}}],\"inLanguage\":\"en-GB\"}]}<\/script>\n<!-- \/ Yoast SEO Premium plugin. -->","yoast_head_json":{"title":"Akn\u00e9 Kr\u00e9m - 9HERBS Skin Repair - ZEOZOE\u00ae","description":"Akn\u00e9 kr\u00e9m 9HERBS Skin Repair je pr\u00edrodn\u00fd kr\u00e9m na akn\u00e9 a problematick\u00fa ple\u0165. Obsahuje bylinn\u00e9 extrakty, zelen\u00fd ja\u010dme\u0148 a alanto\u00edn, ktor\u00e9 zmier\u0148uj\u00fa z\u00e1paly, za\u010dervenanie a podporuj\u00fa regener\u00e1ciu. Kombinujte s na\u0161ou zeolitovou ple\u0165ovou maskou ZEOZOE pre dokonal\u00fa starostlivos\u0165 o citliv\u00fa ple\u0165. Doprajte si pr\u00edrodn\u00e9 rie\u0161enie pre zdrav\u00fa a \u017eiariv\u00fa poko\u017eku! www.zeozoe.sk","robots":{"index":"index","follow":"follow","max-snippet":"max-snippet:-1","max-image-preview":"max-image-preview:large","max-video-preview":"max-video-preview:-1"},"canonical":"https:\/\/www.zeozoe.sk\/en\/product\/akne-krem-9-herbs\/","og_locale":"en_GB","og_type":"article","og_title":"Akn\u00e9 Kr\u00e9m - 9HERBS Skin Repair","og_description":"Akn\u00e9 kr\u00e9m 9HERBS Skin Repair je pr\u00edrodn\u00fd kr\u00e9m na akn\u00e9 a problematick\u00fa ple\u0165. Obsahuje bylinn\u00e9 extrakty, zelen\u00fd ja\u010dme\u0148 a alanto\u00edn, ktor\u00e9 zmier\u0148uj\u00fa z\u00e1paly, za\u010dervenanie a podporuj\u00fa regener\u00e1ciu. Kombinujte s na\u0161ou zeolitovou ple\u0165ovou maskou ZEOZOE pre dokonal\u00fa starostlivos\u0165 o citliv\u00fa ple\u0165. Doprajte si pr\u00edrodn\u00e9 rie\u0161enie pre zdrav\u00fa a \u017eiariv\u00fa poko\u017eku! www.zeozoe.sk","og_url":"https:\/\/www.zeozoe.sk\/en\/product\/akne-krem-9-herbs\/","og_site_name":"ZEOZOE\u00ae","article_modified_time":"2026-03-17T09:27:59+00:00","og_image":[{"width":1080,"height":1080,"url":"https:\/\/www.zeozoe.sk\/wp-content\/uploads\/2025\/03\/80.jpg","type":"image\/jpeg"}],"twitter_card":"summary_large_image","twitter_misc":{"Estimated reading time":"3 minutes"},"schema":{"@context":"https:\/\/schema.org","@graph":[{"@type":"WebPage","@id":"https:\/\/www.zeozoe.sk\/produkt\/akne-krem-9-herbs\/","url":"https:\/\/www.zeozoe.sk\/produkt\/akne-krem-9-herbs\/","name":"Akn\u00e9 Kr\u00e9m - 9HERBS Skin Repair - ZEOZOE\u00ae","isPartOf":{"@id":"https:\/\/www.zeozoe.sk\/#website"},"primaryImageOfPage":{"@id":"https:\/\/www.zeozoe.sk\/produkt\/akne-krem-9-herbs\/#primaryimage"},"image":{"@id":"https:\/\/www.zeozoe.sk\/produkt\/akne-krem-9-herbs\/#primaryimage"},"thumbnailUrl":"https:\/\/www.zeozoe.sk\/wp-content\/uploads\/2025\/03\/80.jpg","datePublished":"2024-12-16T22:00:44+00:00","dateModified":"2026-03-17T09:27:59+00:00","description":"Akn\u00e9 kr\u00e9m 9HERBS Skin Repair je pr\u00edrodn\u00fd kr\u00e9m na akn\u00e9 a problematick\u00fa ple\u0165. Obsahuje bylinn\u00e9 extrakty, zelen\u00fd ja\u010dme\u0148 a alanto\u00edn, ktor\u00e9 zmier\u0148uj\u00fa z\u00e1paly, za\u010dervenanie a podporuj\u00fa regener\u00e1ciu. Kombinujte s na\u0161ou zeolitovou ple\u0165ovou maskou ZEOZOE pre dokonal\u00fa starostlivos\u0165 o citliv\u00fa ple\u0165. Doprajte si pr\u00edrodn\u00e9 rie\u0161enie pre zdrav\u00fa a \u017eiariv\u00fa poko\u017eku! www.zeozoe.sk","breadcrumb":{"@id":"https:\/\/www.zeozoe.sk\/produkt\/akne-krem-9-herbs\/#breadcrumb"},"inLanguage":"en-GB","potentialAction":[{"@type":"ReadAction","target":["https:\/\/www.zeozoe.sk\/produkt\/akne-krem-9-herbs\/"]}]},{"@type":"ImageObject","inLanguage":"en-GB","@id":"https:\/\/www.zeozoe.sk\/produkt\/akne-krem-9-herbs\/#primaryimage","url":"https:\/\/www.zeozoe.sk\/wp-content\/uploads\/2025\/03\/80.jpg","contentUrl":"https:\/\/www.zeozoe.sk\/wp-content\/uploads\/2025\/03\/80.jpg","width":1080,"height":1080,"caption":"9HERBS Skin Repair \u2013 upokojuj\u00faci kr\u00e9m s pr\u00edrodn\u00fdm p\u00f4vodom na podr\u00e1\u017eden\u00fa ple\u0165, zmier\u0148uje z\u00e1paly, svrbenie a diskomfort poko\u017eky."},{"@type":"BreadcrumbList","@id":"https:\/\/www.zeozoe.sk\/produkt\/akne-krem-9-herbs\/#breadcrumb","itemListElement":[{"@type":"ListItem","position":1,"name":"Domov","item":"https:\/\/www.zeozoe.sk\/"},{"@type":"ListItem","position":2,"name":"Obchod","item":"https:\/\/www.zeozoe.sk\/obchod\/"},{"@type":"ListItem","position":3,"name":"Akn\u00e9 Kr\u00e9m &#8211; 9HERBS Skin Repair"}]},{"@type":"WebSite","@id":"https:\/\/www.zeozoe.sk\/#website","url":"https:\/\/www.zeozoe.sk\/","name":"ZEOZOE\u00ae","description":"Zubn\u00fd pr\u00e1\u0161ok a tablety na pr\u00edrodnej b\u00e1ze","potentialAction":[{"@type":"SearchAction","target":{"@type":"EntryPoint","urlTemplate":"https:\/\/www.zeozoe.sk\/?s={search_term_string}"},"query-input":{"@type":"PropertyValueSpecification","valueRequired":true,"valueName":"search_term_string"}}],"inLanguage":"en-GB"}]}},"_links":{"self":[{"href":"https:\/\/www.zeozoe.sk\/en\/wp-json\/wp\/v2\/product\/3204","targetHints":{"allow":["GET"]}}],"collection":[{"href":"https:\/\/www.zeozoe.sk\/en\/wp-json\/wp\/v2\/product"}],"about":[{"href":"https:\/\/www.zeozoe.sk\/en\/wp-json\/wp\/v2\/types\/product"}],"replies":[{"embeddable":true,"href":"https:\/\/www.zeozoe.sk\/en\/wp-json\/wp\/v2\/comments?post=3204"}],"wp:featuredmedia":[{"embeddable":true,"href":"https:\/\/www.zeozoe.sk\/en\/wp-json\/wp\/v2\/media\/4844"}],"wp:attachment":[{"href":"https:\/\/www.zeozoe.sk\/en\/wp-json\/wp\/v2\/media?parent=3204"}],"wp:term":[{"taxonomy":"product_brand","embeddable":true,"href":"https:\/\/www.zeozoe.sk\/en\/wp-json\/wp\/v2\/product_brand?post=3204"},{"taxonomy":"product_cat","embeddable":true,"href":"https:\/\/www.zeozoe.sk\/en\/wp-json\/wp\/v2\/product_cat?post=3204"},{"taxonomy":"product_tag","embeddable":true,"href":"https:\/\/www.zeozoe.sk\/en\/wp-json\/wp\/v2\/product_tag?post=3204"}],"curies":[{"name":"wp","href":"https:\/\/api.w.org\/{rel}","templated":true}]}}