{"id":4744,"date":"2025-03-22T22:27:48","date_gmt":"2025-03-22T21:27:48","guid":{"rendered":"https:\/\/www.zeozoe.sk\/?post_type=product&#038;p=4744"},"modified":"2026-03-02T08:24:25","modified_gmt":"2026-03-02T07:24:25","slug":"bio-levandulova-voda-100ml","status":"publish","type":"product","link":"https:\/\/www.zeozoe.sk\/en\/product\/bio-levandulova-voda-100ml\/","title":{"rendered":"BIO Levandu\u013eov\u00e1 voda \u2013 pre ple\u0165, vlasy a zmysly (100 ml)"},"content":{"rendered":"<div class=\"flex max-w-full flex-col flex-grow\">\n<div class=\"min-h-8 text-message flex w-full flex-col items-end gap-2 whitespace-normal break-words [.text-message+&amp;]:mt-5\" dir=\"auto\" data-message-author-role=\"assistant\" data-message-id=\"a02cf7b4-71c6-44b4-8357-d910facb7f93\" data-message-model-slug=\"gpt-4o\">\n<div class=\"flex w-full flex-col gap-1 empty:hidden first:pt-[3px]\">\n<div class=\"markdown prose w-full break-words dark:prose-invert light\">\n<p><span style=\"color: #000000;\"><strong><i class=\"icon-3x icon-circle accent-color\"><i class=\"circle-border\"><\/i><\/i>BIO Levandu\u013eov\u00e1 voda &#8211; 100 ml (bez alkoholu)<\/strong><\/span><\/p>\n<p><span style=\"color: #000000;\">BIO levandulov\u00e1 voda je \u010dist\u00fd, pr\u00edrodn\u00fd hydrol\u00e1t bez alkoholu, konzervantov \u010di umel\u00fdch pr\u00edsad, ktor\u00fd prin\u00e1\u0161a komplexn\u00fa starostlivos\u0165 o ple\u0165, vlasy a zmysly.<\/span><\/p>\n<h3><span style=\"color: #000000;\">Hlavn\u00e9 benefity BIO levandu\u013eovej vody:<\/span><\/h3>\n<ul>\n<li>\n<p data-start=\"466\" data-end=\"518\"><span style=\"color: #000000;\"><strong data-start=\"473\" data-end=\"516\">Upokojenie a obnova podr\u00e1\u017edenej poko\u017eky: <\/strong>Levandu\u013eov\u00e1 voda je zn\u00e1ma svojimi siln\u00fdmi upokojuj\u00facimi \u00fa\u010dinkami, v\u010faka ktor\u00fdm je ide\u00e1lnou vo\u013ebou pre citliv\u00fa, podr\u00e1\u017eden\u00fa alebo zap\u00e1len\u00fa poko\u017eku. Pom\u00e1ha pri akn\u00e9, dermatit\u00edde, ekz\u00e9moch a psori\u00e1ze. Levandu\u013eov\u00fd hydrol\u00e1t z\u00e1rove\u0148 zmier\u0148uje svrbenie, za\u010dervenanie a nepr\u00edjemn\u00e9 pocity po sp\u00e1len\u00ed slnkom.<\/span><\/p>\n<\/li>\n<li><span style=\"color: #000000;\"><strong>Antibakteri\u00e1lne a protiz\u00e1palov\u00e9 \u00fa\u010dinky:\u00a0<\/strong> Levandu\u013ea prirodzene ni\u010d\u00ed bakt\u00e9rie, ktor\u00e9 sp\u00f4sobuj\u00fa ko\u017en\u00e9 probl\u00e9my, pri\u010dom jemne dezinfikuje a pom\u00e1ha predch\u00e1dza\u0165 vzniku vyr\u00e1\u017eok \u010di infekci\u00ed. V\u010faka t\u00fdmto vlastnostiam je skvelou vo\u013ebou na \u010distenie pleti po celom dni aj ako pr\u00edrodn\u00e1 voda po holen\u00ed pre mu\u017eov i \u017eeny.<\/span><\/li>\n<li><span style=\"color: #000000;\"><strong>Toniz\u00e1cia a zjednotenie t\u00f3nu pleti<\/strong>: Pri pravidelnom pou\u017e\u00edvan\u00ed BIO levandu\u013eov\u00e1 voda zjednocuje t\u00f3n pleti, jemne ju roz\u017eiaruje a vyrovn\u00e1va jej pH. P\u00f4sob\u00ed ako pr\u00edrodn\u00e9 tonikum a z\u00e1rove\u0148 pripravuje poko\u017eku na \u010fal\u0161iu starostlivos\u0165.<\/span><\/li>\n<li><span style=\"color: #000000;\"><strong>Prv\u00e1 pomoc na cest\u00e1ch a do dom\u00e1cej lek\u00e1rni\u010dky:<\/strong>Levandu\u013eov\u00fd hydrol\u00e1t u\u013eavuje pri u\u0161tipnutiach hmyzom, podr\u00e1\u017eden\u00ed poko\u017eky, drobn\u00fdch ran\u00e1ch \u010di pop\u00e1lenin\u00e1ch. V\u010faka svojim vlastnostiam je skvel\u00fdm pomocn\u00edkom pri jet lagu, \u00fanave po cestovan\u00ed, aj ako jemn\u00e1 o\u010dista po\u010das tehotenstva a \u0161estonedelia.<\/span><\/li>\n<li><span style=\"color: #000000;\"><strong>Psychick\u00e1 rovnov\u00e1ha a relax\u00e1cia:<\/strong>V\u00f4\u0148a levandule harmonizuje nervov\u00fd syst\u00e9m \u2013 upokojuje rozru\u0161enie, zmier\u0148uje stres, nap\u00e4tie aj bolesti hlavy. Levandu\u013eov\u00e1 voda povzbud\u00ed unaven\u00fa myse\u013e a z\u00e1rove\u0148 pom\u00f4\u017ee upokoji\u0165 telo. Je vhodn\u00e1 aj do k\u00fape\u013eov pre deti aj dospel\u00fdch.<\/span><\/li>\n<li><span style=\"color: #000000;\"><strong>Pou\u017eitie po ZEOZOE zeolitovej maske<\/strong>: Levandu\u013eov\u00e1 voda ide\u00e1lne dop\u013a\u0148a h\u013abkov\u00e9 \u010distenie pleti zeolitovou maskou. Po odstr\u00e1nen\u00ed masky pom\u00e1ha upokoji\u0165 ple\u0165, stiahnu\u0165 p\u00f3ry a obnovi\u0165 jej prirodzen\u00e9 pH. Jemne do\u010dist\u00ed zvy\u0161ky ne\u010dist\u00f4t, zanech\u00e1 ple\u0165 svie\u017eu, hydratovan\u00fa a pripraven\u00fa na \u010fal\u0161iu starostlivos\u0165. V\u010faka protiz\u00e1palov\u00fdm a regenera\u010dn\u00fdm \u00fa\u010dinkom levandu\u013eov\u00e9ho hydrol\u00e1tu sa ple\u0165 po maske r\u00fdchlej\u0161ie zotavuje a z\u00e1rove\u0148 p\u00f4sob\u00ed \u017eiarivej\u0161ie a vyrovnanej\u0161ie.<\/span><\/li>\n<\/ul>\n<h2 class=\"\" data-start=\"1959\" data-end=\"2004\"><span style=\"color: #000000;\"><strong data-start=\"1962\" data-end=\"2004\">Tipy na pou\u017eitie levandu\u013eovej vody<\/strong><\/span><\/h2>\n<ul data-start=\"2006\" data-end=\"2554\">\n<li class=\"\" data-start=\"2006\" data-end=\"2143\">\n<p class=\"\" data-start=\"2008\" data-end=\"2143\"><span style=\"color: #000000;\"><strong data-start=\"2008\" data-end=\"2031\">Ako pr\u00edrodn\u00fd toner:<\/strong> Aplikujte levandu\u013eov\u00fd hydrol\u00e1t na vatov\u00fd tamp\u00f3n alebo priamo nastriekajte na ple\u0165 po \u010disten\u00ed \u2013 r\u00e1no aj ve\u010der.<\/span><\/p>\n<\/li>\n<li class=\"\" data-start=\"2144\" data-end=\"2241\">\n<p class=\"\" data-start=\"2146\" data-end=\"2241\"><span style=\"color: #000000;\"><strong data-start=\"2146\" data-end=\"2160\">Po holen\u00ed:<\/strong> Pou\u017eite ako pr\u00edrodn\u00e9 tonikum na zmiernenie podr\u00e1\u017edenia a za\u010dervenania poko\u017eky.<\/span><\/p>\n<\/li>\n<li class=\"\" data-start=\"2242\" data-end=\"2338\">\n<p class=\"\" data-start=\"2244\" data-end=\"2338\"><span style=\"color: #000000;\"><strong data-start=\"2244\" data-end=\"2259\">Na cest\u00e1ch:<\/strong> Majte ju v\u017edy poruke ako prv\u00fa pomoc pri podr\u00e1\u017eden\u00ed, sp\u00e1lenin\u00e1ch alebo \u00fanave.<\/span><\/p>\n<\/li>\n<li class=\"\" data-start=\"2339\" data-end=\"2429\">\n<p class=\"\" data-start=\"2341\" data-end=\"2429\"><span style=\"color: #000000;\"><strong data-start=\"2341\" data-end=\"2355\">Do k\u00fape\u013ea:<\/strong> Pridajte p\u00e1r ly\u017e\u00edc do k\u00fape\u013ea pre relax\u00e1ciu, regener\u00e1ciu a lep\u0161\u00ed sp\u00e1nok.<\/span><\/p>\n<\/li>\n<li class=\"\" data-start=\"2430\" data-end=\"2554\">\n<p class=\"\" data-start=\"2432\" data-end=\"2554\"><span style=\"color: #000000;\"><strong data-start=\"2432\" data-end=\"2462\">Do vlasov a poko\u017eky hlavy:<\/strong> Oplach levandu\u013eovou vodou osvie\u017ei poko\u017eku hlavy, zmierni svrbenie a podpor\u00ed zdravie vlasov.<\/span><\/p>\n<\/li>\n<\/ul>\n<h2 class=\"\" data-start=\"2561\" data-end=\"2636\"><span style=\"color: #000000;\"><strong data-start=\"2564\" data-end=\"2636\">BIO levandu\u013eov\u00e1 voda \u2013 viac ako len tonikum<\/strong><\/span><\/h2>\n<p class=\"\" data-start=\"2638\" data-end=\"2958\"><span style=\"color: #000000;\">T\u00e1to <strong data-start=\"2643\" data-end=\"2706\">100 % pr\u00edrodn\u00e1 levandu\u013eov\u00e1 voda bez alkoholu a konzervantov<\/strong> je v\u0161estrann\u00fdm pomocn\u00edkom v starostlivosti o ple\u0165, vlasy aj va\u0161u psychick\u00fa pohodu. V\u010faka jej jemnosti je vhodn\u00e1 aj pre deti, tehotn\u00e9 \u017eeny a citliv\u00fa ple\u0165. Pridajte ju do svojej ka\u017edodennej rutiny a za\u017eite, ako pr\u00edroda vie lie\u010di\u0165, upokoji\u0165 aj roz\u017eiari\u0165.<\/span><\/p>\n<\/div>\n<\/div>\n<\/div>\n<\/div>","protected":false},"excerpt":{"rendered":"<p><strong data-start=\"115\" data-end=\"148\">BIO levandu\u013eov\u00e1 voda \u2013 100 ml<\/strong> je 100 % pr\u00edrodn\u00fd hydrol\u00e1t bez alkoholu a konzervantov, ur\u010den\u00fd na \u0161etrn\u00fa starostlivos\u0165 o ple\u0165, vlasy a zmysly. Upokojuje podr\u00e1\u017edenie, za\u010dervenanie a svrbenie, pom\u00e1ha pri akn\u00e9, ekz\u00e9moch aj sp\u00e1lenej poko\u017eke. V\u010faka antibakteri\u00e1lnym \u00fa\u010dinkom je ide\u00e1lna aj po holen\u00ed \u010di na \u010distenie pleti po\u010das d\u0148a. Harmonizuje pH poko\u017eky, zjednocuje jej t\u00f3n a podporuje regener\u00e1ciu. M\u00f4\u017eete ju pou\u017ei\u0165 aj po <a href=\"https:\/\/www.zeozoe.sk\/produkt\/pletova-maska-pure-zeozoe-detoxikacia-toxiny\/\"><strong data-sta=\"\">ZEOZOE zeolitovej maske<\/strong><\/a>, kde pom\u00e1ha ple\u0165 do\u010disti\u0165, stiahnu\u0165 p\u00f3ry a navr\u00e1ti\u0165 jej svie\u017eos\u0165. Levandu\u013eov\u00e1 voda je skvel\u00fdm spolo\u010dn\u00edkom doma aj na cest\u00e1ch \u2013 pre deti aj dospel\u00fdch.<\/p>","protected":false},"featured_media":4856,"comment_status":"open","ping_status":"closed","template":"","meta":[],"product_brand":[],"product_cat":[29,30,54],"product_tag":[114,117,115,116],"class_list":{"0":"post-4744","1":"product","2":"type-product","3":"status-publish","4":"has-post-thumbnail","6":"product_cat-telo","7":"product_cat-tvar","8":"product_cat-vsetko","9":"product_tag-prirodna-levandulova-voda","10":"product_tag-svieza","11":"product_tag-toniku","12":"product_tag-upokojujuca","14":"first","15":"instock","16":"taxable","17":"shipping-taxable","18":"purchasable","19":"product-type-simple"},"yoast_head":"<!-- This site is optimized with the Yoast SEO Premium plugin v25.2 (Yoast SEO v25.2) - https:\/\/yoast.com\/wordpress\/plugins\/seo\/ -->\n<title>BIO levandu\u013eov\u00e1 voda 100 ml \u2013 pr\u00edrodn\u00fd hydrol\u00e1t<\/title>\n<meta name=\"description\" content=\"BIO levandu\u013eov\u00e1 voda je pr\u00edrodn\u00fd hydrol\u00e1t bez alkoholu a konzervantov , ktor\u00fd upokojuje ple\u0165, pom\u00e1ha pri akn\u00e9, ekz\u00e9moch aj po holen\u00ed. Vhodn\u00e1 na ple\u0165, vlasy aj relax\u00e1ciu \u2013 ide\u00e1lna na ka\u017edodenn\u00e9 pou\u017eitie aj po ZEOZOE zeolitovej maske. www.zeozoe.sk\" \/>\n<meta name=\"robots\" content=\"index, follow, max-snippet:-1, max-image-preview:large, max-video-preview:-1\" \/>\n<link rel=\"canonical\" href=\"https:\/\/www.zeozoe.sk\/en\/product\/bio-levandulova-voda-100ml\/\" \/>\n<meta property=\"og:locale\" content=\"en_GB\" \/>\n<meta property=\"og:type\" content=\"article\" \/>\n<meta property=\"og:title\" content=\"BIO Levandu\u013eov\u00e1 voda \u2013 pre ple\u0165, vlasy a zmysly (100 ml)\" \/>\n<meta property=\"og:description\" content=\"BIO levandu\u013eov\u00e1 voda je pr\u00edrodn\u00fd hydrol\u00e1t bez alkoholu a konzervantov , ktor\u00fd upokojuje ple\u0165, pom\u00e1ha pri akn\u00e9, ekz\u00e9moch aj po holen\u00ed. Vhodn\u00e1 na ple\u0165, vlasy aj relax\u00e1ciu \u2013 ide\u00e1lna na ka\u017edodenn\u00e9 pou\u017eitie aj po ZEOZOE zeolitovej maske. www.zeozoe.sk\" \/>\n<meta property=\"og:url\" content=\"https:\/\/www.zeozoe.sk\/en\/product\/bio-levandulova-voda-100ml\/\" \/>\n<meta property=\"og:site_name\" content=\"ZEOZOE\u00ae\" \/>\n<meta property=\"article:modified_time\" content=\"2026-03-02T07:24:25+00:00\" \/>\n<meta property=\"og:image\" content=\"https:\/\/www.zeozoe.sk\/wp-content\/uploads\/2025\/03\/92.jpg\" \/>\n\t<meta property=\"og:image:width\" content=\"1080\" \/>\n\t<meta property=\"og:image:height\" content=\"1080\" \/>\n\t<meta property=\"og:image:type\" content=\"image\/jpeg\" \/>\n<meta name=\"twitter:card\" content=\"summary_large_image\" \/>\n<meta name=\"twitter:label1\" content=\"Estimated reading time\" \/>\n\t<meta name=\"twitter:data1\" content=\"3 minutes\" \/>\n<script type=\"application\/ld+json\" class=\"yoast-schema-graph\">{\"@context\":\"https:\/\/schema.org\",\"@graph\":[{\"@type\":\"WebPage\",\"@id\":\"https:\/\/www.zeozoe.sk\/produkt\/bio-levandulova-voda-100ml\/\",\"url\":\"https:\/\/www.zeozoe.sk\/produkt\/bio-levandulova-voda-100ml\/\",\"name\":\"BIO levandu\u013eov\u00e1 voda 100 ml \u2013 pr\u00edrodn\u00fd hydrol\u00e1t\",\"isPartOf\":{\"@id\":\"https:\/\/www.zeozoe.sk\/#website\"},\"primaryImageOfPage\":{\"@id\":\"https:\/\/www.zeozoe.sk\/produkt\/bio-levandulova-voda-100ml\/#primaryimage\"},\"image\":{\"@id\":\"https:\/\/www.zeozoe.sk\/produkt\/bio-levandulova-voda-100ml\/#primaryimage\"},\"thumbnailUrl\":\"https:\/\/www.zeozoe.sk\/wp-content\/uploads\/2025\/03\/92.jpg\",\"datePublished\":\"2025-03-22T21:27:48+00:00\",\"dateModified\":\"2026-03-02T07:24:25+00:00\",\"description\":\"BIO levandu\u013eov\u00e1 voda je pr\u00edrodn\u00fd hydrol\u00e1t bez alkoholu a konzervantov , ktor\u00fd upokojuje ple\u0165, pom\u00e1ha pri akn\u00e9, ekz\u00e9moch aj po holen\u00ed. Vhodn\u00e1 na ple\u0165, vlasy aj relax\u00e1ciu \u2013 ide\u00e1lna na ka\u017edodenn\u00e9 pou\u017eitie aj po ZEOZOE zeolitovej maske. www.zeozoe.sk\",\"breadcrumb\":{\"@id\":\"https:\/\/www.zeozoe.sk\/produkt\/bio-levandulova-voda-100ml\/#breadcrumb\"},\"inLanguage\":\"en-GB\",\"potentialAction\":[{\"@type\":\"ReadAction\",\"target\":[\"https:\/\/www.zeozoe.sk\/produkt\/bio-levandulova-voda-100ml\/\"]}]},{\"@type\":\"ImageObject\",\"inLanguage\":\"en-GB\",\"@id\":\"https:\/\/www.zeozoe.sk\/produkt\/bio-levandulova-voda-100ml\/#primaryimage\",\"url\":\"https:\/\/www.zeozoe.sk\/wp-content\/uploads\/2025\/03\/92.jpg\",\"contentUrl\":\"https:\/\/www.zeozoe.sk\/wp-content\/uploads\/2025\/03\/92.jpg\",\"width\":1080,\"height\":1080},{\"@type\":\"BreadcrumbList\",\"@id\":\"https:\/\/www.zeozoe.sk\/produkt\/bio-levandulova-voda-100ml\/#breadcrumb\",\"itemListElement\":[{\"@type\":\"ListItem\",\"position\":1,\"name\":\"Domov\",\"item\":\"https:\/\/www.zeozoe.sk\/\"},{\"@type\":\"ListItem\",\"position\":2,\"name\":\"Obchod\",\"item\":\"https:\/\/www.zeozoe.sk\/obchod\/\"},{\"@type\":\"ListItem\",\"position\":3,\"name\":\"BIO Levandu\u013eov\u00e1 voda \u2013 pre ple\u0165, vlasy a zmysly (100 ml)\"}]},{\"@type\":\"WebSite\",\"@id\":\"https:\/\/www.zeozoe.sk\/#website\",\"url\":\"https:\/\/www.zeozoe.sk\/\",\"name\":\"ZEOZOE\u00ae\",\"description\":\"Zubn\u00fd pr\u00e1\u0161ok a tablety na pr\u00edrodnej b\u00e1ze\",\"potentialAction\":[{\"@type\":\"SearchAction\",\"target\":{\"@type\":\"EntryPoint\",\"urlTemplate\":\"https:\/\/www.zeozoe.sk\/?s={search_term_string}\"},\"query-input\":{\"@type\":\"PropertyValueSpecification\",\"valueRequired\":true,\"valueName\":\"search_term_string\"}}],\"inLanguage\":\"en-GB\"}]}<\/script>\n<!-- \/ Yoast SEO Premium plugin. -->","yoast_head_json":{"title":"BIO levandu\u013eov\u00e1 voda 100 ml \u2013 pr\u00edrodn\u00fd hydrol\u00e1t","description":"BIO levandu\u013eov\u00e1 voda je pr\u00edrodn\u00fd hydrol\u00e1t bez alkoholu a konzervantov , ktor\u00fd upokojuje ple\u0165, pom\u00e1ha pri akn\u00e9, ekz\u00e9moch aj po holen\u00ed. Vhodn\u00e1 na ple\u0165, vlasy aj relax\u00e1ciu \u2013 ide\u00e1lna na ka\u017edodenn\u00e9 pou\u017eitie aj po ZEOZOE zeolitovej maske. www.zeozoe.sk","robots":{"index":"index","follow":"follow","max-snippet":"max-snippet:-1","max-image-preview":"max-image-preview:large","max-video-preview":"max-video-preview:-1"},"canonical":"https:\/\/www.zeozoe.sk\/en\/product\/bio-levandulova-voda-100ml\/","og_locale":"en_GB","og_type":"article","og_title":"BIO Levandu\u013eov\u00e1 voda \u2013 pre ple\u0165, vlasy a zmysly (100 ml)","og_description":"BIO levandu\u013eov\u00e1 voda je pr\u00edrodn\u00fd hydrol\u00e1t bez alkoholu a konzervantov , ktor\u00fd upokojuje ple\u0165, pom\u00e1ha pri akn\u00e9, ekz\u00e9moch aj po holen\u00ed. Vhodn\u00e1 na ple\u0165, vlasy aj relax\u00e1ciu \u2013 ide\u00e1lna na ka\u017edodenn\u00e9 pou\u017eitie aj po ZEOZOE zeolitovej maske. www.zeozoe.sk","og_url":"https:\/\/www.zeozoe.sk\/en\/product\/bio-levandulova-voda-100ml\/","og_site_name":"ZEOZOE\u00ae","article_modified_time":"2026-03-02T07:24:25+00:00","og_image":[{"width":1080,"height":1080,"url":"https:\/\/www.zeozoe.sk\/wp-content\/uploads\/2025\/03\/92.jpg","type":"image\/jpeg"}],"twitter_card":"summary_large_image","twitter_misc":{"Estimated reading time":"3 minutes"},"schema":{"@context":"https:\/\/schema.org","@graph":[{"@type":"WebPage","@id":"https:\/\/www.zeozoe.sk\/produkt\/bio-levandulova-voda-100ml\/","url":"https:\/\/www.zeozoe.sk\/produkt\/bio-levandulova-voda-100ml\/","name":"BIO levandu\u013eov\u00e1 voda 100 ml \u2013 pr\u00edrodn\u00fd hydrol\u00e1t","isPartOf":{"@id":"https:\/\/www.zeozoe.sk\/#website"},"primaryImageOfPage":{"@id":"https:\/\/www.zeozoe.sk\/produkt\/bio-levandulova-voda-100ml\/#primaryimage"},"image":{"@id":"https:\/\/www.zeozoe.sk\/produkt\/bio-levandulova-voda-100ml\/#primaryimage"},"thumbnailUrl":"https:\/\/www.zeozoe.sk\/wp-content\/uploads\/2025\/03\/92.jpg","datePublished":"2025-03-22T21:27:48+00:00","dateModified":"2026-03-02T07:24:25+00:00","description":"BIO levandu\u013eov\u00e1 voda je pr\u00edrodn\u00fd hydrol\u00e1t bez alkoholu a konzervantov , ktor\u00fd upokojuje ple\u0165, pom\u00e1ha pri akn\u00e9, ekz\u00e9moch aj po holen\u00ed. Vhodn\u00e1 na ple\u0165, vlasy aj relax\u00e1ciu \u2013 ide\u00e1lna na ka\u017edodenn\u00e9 pou\u017eitie aj po ZEOZOE zeolitovej maske. www.zeozoe.sk","breadcrumb":{"@id":"https:\/\/www.zeozoe.sk\/produkt\/bio-levandulova-voda-100ml\/#breadcrumb"},"inLanguage":"en-GB","potentialAction":[{"@type":"ReadAction","target":["https:\/\/www.zeozoe.sk\/produkt\/bio-levandulova-voda-100ml\/"]}]},{"@type":"ImageObject","inLanguage":"en-GB","@id":"https:\/\/www.zeozoe.sk\/produkt\/bio-levandulova-voda-100ml\/#primaryimage","url":"https:\/\/www.zeozoe.sk\/wp-content\/uploads\/2025\/03\/92.jpg","contentUrl":"https:\/\/www.zeozoe.sk\/wp-content\/uploads\/2025\/03\/92.jpg","width":1080,"height":1080},{"@type":"BreadcrumbList","@id":"https:\/\/www.zeozoe.sk\/produkt\/bio-levandulova-voda-100ml\/#breadcrumb","itemListElement":[{"@type":"ListItem","position":1,"name":"Domov","item":"https:\/\/www.zeozoe.sk\/"},{"@type":"ListItem","position":2,"name":"Obchod","item":"https:\/\/www.zeozoe.sk\/obchod\/"},{"@type":"ListItem","position":3,"name":"BIO Levandu\u013eov\u00e1 voda \u2013 pre ple\u0165, vlasy a zmysly (100 ml)"}]},{"@type":"WebSite","@id":"https:\/\/www.zeozoe.sk\/#website","url":"https:\/\/www.zeozoe.sk\/","name":"ZEOZOE\u00ae","description":"Zubn\u00fd pr\u00e1\u0161ok a tablety na pr\u00edrodnej b\u00e1ze","potentialAction":[{"@type":"SearchAction","target":{"@type":"EntryPoint","urlTemplate":"https:\/\/www.zeozoe.sk\/?s={search_term_string}"},"query-input":{"@type":"PropertyValueSpecification","valueRequired":true,"valueName":"search_term_string"}}],"inLanguage":"en-GB"}]}},"_links":{"self":[{"href":"https:\/\/www.zeozoe.sk\/en\/wp-json\/wp\/v2\/product\/4744","targetHints":{"allow":["GET"]}}],"collection":[{"href":"https:\/\/www.zeozoe.sk\/en\/wp-json\/wp\/v2\/product"}],"about":[{"href":"https:\/\/www.zeozoe.sk\/en\/wp-json\/wp\/v2\/types\/product"}],"replies":[{"embeddable":true,"href":"https:\/\/www.zeozoe.sk\/en\/wp-json\/wp\/v2\/comments?post=4744"}],"wp:featuredmedia":[{"embeddable":true,"href":"https:\/\/www.zeozoe.sk\/en\/wp-json\/wp\/v2\/media\/4856"}],"wp:attachment":[{"href":"https:\/\/www.zeozoe.sk\/en\/wp-json\/wp\/v2\/media?parent=4744"}],"wp:term":[{"taxonomy":"product_brand","embeddable":true,"href":"https:\/\/www.zeozoe.sk\/en\/wp-json\/wp\/v2\/product_brand?post=4744"},{"taxonomy":"product_cat","embeddable":true,"href":"https:\/\/www.zeozoe.sk\/en\/wp-json\/wp\/v2\/product_cat?post=4744"},{"taxonomy":"product_tag","embeddable":true,"href":"https:\/\/www.zeozoe.sk\/en\/wp-json\/wp\/v2\/product_tag?post=4744"}],"curies":[{"name":"wp","href":"https:\/\/api.w.org\/{rel}","templated":true}]}}