{"id":4775,"date":"2025-03-24T09:48:26","date_gmt":"2025-03-24T08:48:26","guid":{"rendered":"https:\/\/www.zeozoe.sk\/?post_type=product&#038;p=4775"},"modified":"2026-02-25T19:23:21","modified_gmt":"2026-02-25T18:23:21","slug":"bio-rozmarinova-voda-100-ml","status":"publish","type":"product","link":"https:\/\/www.zeozoe.sk\/en\/product\/bio-rozmarinova-voda-100-ml\/","title":{"rendered":"BIO Kvetov\u00e1 voda Rozmar\u00ednov\u00e1 &#8211; 100 ml"},"content":{"rendered":"<div class=\"flex max-w-full flex-col flex-grow\">\n<div class=\"min-h-8 text-message flex w-full flex-col items-end gap-2 whitespace-normal break-words [.text-message+&amp;]:mt-5\" dir=\"auto\" data-message-author-role=\"assistant\" data-message-id=\"a02cf7b4-71c6-44b4-8357-d910facb7f93\" data-message-model-slug=\"gpt-4o\">\n<div class=\"flex w-full flex-col gap-1 empty:hidden first:pt-[3px]\">\n<div class=\"markdown prose w-full break-words dark:prose-invert light\">\n<h2 class=\"\" data-start=\"114\" data-end=\"185\"><span style=\"color: #000000;\"><strong data-start=\"117\" data-end=\"185\">BIO kvetov\u00e1 voda Rozmar\u00edn \u2013 100 ml (bez alkoholu a konzervantov)<\/strong><\/span><\/h2>\n<h3 class=\"\" data-start=\"187\" data-end=\"256\"><span style=\"color: #000000;\"><strong data-start=\"191\" data-end=\"256\">Pr\u00edrodn\u00fd hydrol\u00e1t pre problematick\u00fa ple\u0165, vlasy a zdrav\u00e9 p\u00f3ry<\/strong><\/span><\/h3>\n<p class=\"\" data-start=\"258\" data-end=\"648\"><span style=\"color: #000000;\">BIO kvetov\u00e1 voda Rozmar\u00edn je 100 % pr\u00edrodn\u00fd hydrol\u00e1t bez alkoholu, umel\u00fdch v\u00f4n\u00ed a konzervantov, vyroben\u00fd parovodnou destil\u00e1ciou rozmar\u00ednu lek\u00e1rskeho. V\u010faka vysok\u00e9mu obsahu akt\u00edvnych l\u00e1tok je ide\u00e1lnym pomocn\u00edkom pri starostlivosti o mastn\u00fa, akn\u00f3znu alebo podr\u00e1\u017eden\u00fa ple\u0165. Okrem upokojenia poko\u017eky vyrovn\u00e1va tvorbu ko\u017en\u00e9ho mazu, p\u00f4sob\u00ed antibakteri\u00e1lne a podporuje prirodzen\u00fd proces upokojenia podr\u00e1\u017edenej poko\u017eky.<\/span><\/p>\n<p class=\"\" data-start=\"650\" data-end=\"895\"><span style=\"color: #000000;\">Rozmar\u00ednov\u00e1 voda je vhodn\u00e1 aj na starostlivos\u0165 o vlasov\u00fa poko\u017eku \u2013 stimuluje rast vlasov, zni\u017euje v\u00fdskyt lup\u00edn a osvie\u017euje poko\u017eku hlavy. Je to skvel\u00e1 vo\u013eba pre t\u00fdch, ktor\u00ed h\u013eadaj\u00fa funk\u010dn\u00fa a z\u00e1rove\u0148 jemn\u00fa pr\u00edrodn\u00fa kozmetiku bez zbyto\u010dnej ch\u00e9mie.<\/span><\/p>\n<hr class=\"\" data-start=\"897\" data-end=\"900\" \/>\n<h3 class=\"\" data-start=\"902\" data-end=\"959\"><span style=\"color: #000000;\">\ud83c\udf3f <strong data-start=\"909\" data-end=\"959\">Hlavn\u00e9 benefity BIO rozmar\u00ednovej kvetovej vody<\/strong><\/span><\/h3>\n<ul data-start=\"961\" data-end=\"1659\">\n<li class=\"\" data-start=\"961\" data-end=\"1098\">\n<p class=\"\" data-start=\"963\" data-end=\"1098\"><span style=\"color: #000000;\"><strong data-start=\"963\" data-end=\"999\">Podpora \u010distej a vyv\u00e1\u017eenej pleti<\/strong><\/span><br data-start=\"999\" data-end=\"1002\" \/><span style=\"color: #000000;\">Reguluje produkciu mazu, pom\u00e1ha upokoji\u0165 z\u00e1pal a zmier\u0148uje prejavy akn\u00e9, podr\u00e1\u017edenia a za\u010dervenania.<\/span><\/p>\n<\/li>\n<li class=\"\" data-start=\"1100\" data-end=\"1245\">\n<p class=\"\" data-start=\"1102\" data-end=\"1245\"><span style=\"color: #000000;\"><strong data-start=\"1102\" data-end=\"1137\">Antibakteri\u00e1lne a upokojuj\u00face \u00fa\u010dinky<\/strong><\/span><br data-start=\"1137\" data-end=\"1140\" \/><span style=\"color: #000000;\">V\u010faka prirodzen\u00fdm antioxida\u010dn\u00fdm a antibakteri\u00e1lnym vlastnostiam rozmar\u00ednu napom\u00e1ha regener\u00e1cii poko\u017eky.<\/span><\/p>\n<\/li>\n<li class=\"\" data-start=\"1247\" data-end=\"1397\">\n<p class=\"\" data-start=\"1249\" data-end=\"1397\"><span style=\"color: #000000;\"><strong data-start=\"1249\" data-end=\"1292\">Starostlivos\u0165 o vlasy a vlasov\u00fa poko\u017eku<\/strong><\/span><br data-start=\"1292\" data-end=\"1295\" \/><span style=\"color: #000000;\">Pri oplachoch vlasov stimuluje prekrvenie poko\u017eky hlavy, zmier\u0148uje svrbenie a podporuje rast vlasov.<\/span><\/p>\n<\/li>\n<li class=\"\" data-start=\"1399\" data-end=\"1528\">\n<p class=\"\" data-start=\"1401\" data-end=\"1528\"><span style=\"color: #000000;\"><strong data-start=\"1401\" data-end=\"1428\">Osvie\u017eenie a hydrat\u00e1cia<\/strong><\/span><br data-start=\"1428\" data-end=\"1431\" \/><span style=\"color: #000000;\">Rozmar\u00ednov\u00fd hydrol\u00e1t osvie\u017euje ple\u0165 po\u010das d\u0148a a poskytuje jemn\u00fa d\u00e1vku hydrat\u00e1cie bez za\u0165a\u017eenia.<\/span><\/p>\n<\/li>\n<li class=\"\" data-start=\"1530\" data-end=\"1659\">\n<p class=\"\" data-start=\"1532\" data-end=\"1659\"><span style=\"color: #000000;\"><strong data-start=\"1532\" data-end=\"1555\">V\u0161estrann\u00e9 vyu\u017eitie<\/strong><\/span><br data-start=\"1555\" data-end=\"1558\" \/><span style=\"color: #000000;\">Vhodn\u00e1 na \u010distenie pleti, obklady, toniz\u00e1ciu, vlasov\u00e9 k\u00fary alebo ako osvie\u017eova\u010d po\u010das hor\u00facich dn\u00ed.<\/span><\/p>\n<\/li>\n<\/ul>\n<hr class=\"\" data-start=\"1661\" data-end=\"1664\" \/>\n<h3 class=\"\" data-start=\"1666\" data-end=\"1713\"><span style=\"color: #000000;\">\ud83d\udca7 <strong data-start=\"1673\" data-end=\"1713\">Pou\u017eitie po ZEOZOE zeolitovej maske:<\/strong><\/span><\/h3>\n<p class=\"\" data-start=\"1714\" data-end=\"1962\"><span style=\"color: #000000;\">BIO rozmar\u00ednov\u00e1 voda je ide\u00e1lnym doplnkom po pou\u017eit\u00ed ZEOZOE zeolitovej masky \u2013 pom\u00e1ha stiahnu\u0165 p\u00f3ry, vyrovna\u0165 pH poko\u017eky a do\u010disti\u0165 zvy\u0161n\u00e9 ne\u010distoty. Je vhodn\u00e1 najm\u00e4 pre zmie\u0161an\u00fa a\u017e mastn\u00fa ple\u0165, ktorej dod\u00e1 svie\u017eos\u0165 a vyv\u00e1\u017eenie po h\u013abkovom \u010disten\u00ed.<\/span><\/p>\n<hr class=\"\" data-start=\"1964\" data-end=\"1967\" \/>\n<h3 class=\"\" data-start=\"1969\" data-end=\"2019\"><span style=\"color: #000000;\">\ud83d\udca1 <strong data-start=\"1976\" data-end=\"2019\">Tipy na pou\u017eitie BIO rozmar\u00ednovej vody:<\/strong><\/span><\/h3>\n<ul data-start=\"2021\" data-end=\"2316\">\n<li class=\"\" data-start=\"2021\" data-end=\"2082\">\n<p class=\"\" data-start=\"2023\" data-end=\"2082\"><span style=\"color: #000000;\">Ako <strong data-start=\"2027\" data-end=\"2047\">pr\u00edrodn\u00e9 tonikum<\/strong> \u2013 r\u00e1no a ve\u010der na vy\u010disten\u00fa ple\u0165<\/span><\/p>\n<\/li>\n<li class=\"\" data-start=\"2083\" data-end=\"2150\">\n<p class=\"\" data-start=\"2085\" data-end=\"2150\"><span style=\"color: #000000;\">Na <strong data-start=\"2088\" data-end=\"2122\">upokojenie podr\u00e1\u017edenej poko\u017eky<\/strong> po opa\u013eovan\u00ed alebo holen\u00cd<\/span><\/p>\n<\/li>\n<li class=\"\" data-start=\"2151\" data-end=\"2193\">\n<p class=\"\" data-start=\"2153\" data-end=\"2193\"><span style=\"color: #000000;\">Ako <strong data-start=\"2157\" data-end=\"2191\">obklad na problematick\u00e9 miesta<\/strong><\/span><\/p>\n<\/li>\n<li class=\"\" data-start=\"2194\" data-end=\"2259\">\n<p class=\"\" data-start=\"2196\" data-end=\"2259\"><span style=\"color: #000000;\">Ako <strong data-start=\"2200\" data-end=\"2221\">osvie\u017euj\u00faci sprej<\/strong> po\u010das d\u0148a alebo na fix\u00e1ciu make-upu<\/span><\/p>\n<\/li>\n<li class=\"\" data-start=\"2260\" data-end=\"2316\">\n<p class=\"\" data-start=\"2262\" data-end=\"2316\"><span style=\"color: #000000;\">Do vlasov \u2013 na <strong data-start=\"2277\" data-end=\"2316\">prekrvenie a svie\u017eos\u0165 poko\u017eky hlavy<\/strong><\/span><\/p>\n<\/li>\n<\/ul>\n<hr class=\"\" data-start=\"2318\" data-end=\"2321\" \/>\n<h3 class=\"\" data-start=\"2323\" data-end=\"2352\"><span style=\"color: #000000;\">\ud83d\udce6 <strong data-start=\"2330\" data-end=\"2350\">Zlo\u017eenie (INCI):<\/strong><\/span><\/h3>\n<p class=\"\" data-start=\"2353\" data-end=\"2446\"><span style=\"color: #000000;\"><strong data-start=\"2353\" data-end=\"2392\">Rosmarinus Officinalis Flower Water<\/strong><\/span><br data-start=\"2392\" data-end=\"2395\" \/><span style=\"color: #000000;\"><strong data-start=\"2395\" data-end=\"2405\">Objem:<\/strong> 100 ml<\/span><br data-start=\"2412\" data-end=\"2415\" \/><span style=\"color: #000000;\"><strong data-start=\"2415\" data-end=\"2434\">Krajina p\u00f4vodu:<\/strong> Bulharsko<\/span><\/p>\n<hr class=\"\" data-start=\"2448\" data-end=\"2451\" \/>\n<h3 class=\"\" data-start=\"2453\" data-end=\"2516\"><span style=\"color: #000000;\">\ud83c\udf31 <strong data-start=\"2460\" data-end=\"2516\">BIO rozmar\u00ednov\u00e1 voda \u2013 sila byliny v jemnej hmlovine<\/strong><\/span><\/h3>\n<p class=\"\" data-start=\"2518\" data-end=\"2842\"><span style=\"color: #000000;\">BIO kvetov\u00e1 voda Rozmar\u00edn je vhodn\u00e1 pre v\u0161etky typy pleti, no obzvl\u00e1\u0161\u0165 ju ocen\u00ed mastn\u00e1, zmie\u0161an\u00e1 a problematick\u00e1 poko\u017eka. V\u010faka jemn\u00e9mu a \u010disto pr\u00edrodn\u00e9mu zlo\u017eeniu je vhodn\u00e1 aj pre citliv\u00fa ple\u0165. Skvele dop\u013a\u0148a pr\u00edrodn\u00fa kozmetick\u00fa rutinu s produktmi ZEOZOE \u2013 napr\u00edklad po na\u0161ej zeolitovej maske, na do\u010distenie alebo toniz\u00e1ciu.<\/span><\/p>\n<\/div>\n<\/div>\n<\/div>\n<\/div>","protected":false},"excerpt":{"rendered":"<p><span style=\"color: #000000;\">BIO kvetov\u00e1 voda Rozmar\u00edn je 100 % pr\u00edrodn\u00fd hydrol\u00e1t bez alkoholu a konzervantov, ide\u00e1lny pre mastn\u00fa, akn\u00f3znu a citliv\u00fa ple\u0165. P\u00f4sob\u00ed antibakteri\u00e1lne, reguluje maz a zmier\u0148uje za\u010dervenanie. Osvie\u017euje, hydratuje a podporuje prirodzen\u00fa regener\u00e1ciu poko\u017eky. Je vhodn\u00e1 aj ako vlasov\u00e9 tonikum na podporu rastu vlasov a zdrav\u00fa poko\u017eku hlavy. V\u00fdborne dop\u013a\u0148a ZEOZOE zeolitov\u00fa masku v starostlivosti o \u010dist\u00fa a vyv\u00e1\u017een\u00fa ple\u0165.<\/span><\/p>","protected":false},"featured_media":4855,"comment_status":"open","ping_status":"closed","template":"","meta":[],"product_brand":[],"product_cat":[29,30,54],"product_tag":[112,110,111,113],"class_list":{"0":"post-4775","1":"product","2":"type-product","3":"status-publish","4":"has-post-thumbnail","6":"product_cat-telo","7":"product_cat-tvar","8":"product_cat-vsetko","9":"product_tag-hydratacia","10":"product_tag-prirodna-voda","11":"product_tag-rozmarin","12":"product_tag-vlasy","14":"first","15":"instock","16":"taxable","17":"shipping-taxable","18":"purchasable","19":"product-type-simple"},"yoast_head":"<!-- This site is optimized with the Yoast SEO Premium plugin v25.2 (Yoast SEO v25.2) - https:\/\/yoast.com\/wordpress\/plugins\/seo\/ -->\n<title>BIO kvetov\u00e1 voda Rozmar\u00edn100 ml \u2013 pr\u00edrodn\u00fd hydrol\u00e1t<\/title>\n<meta name=\"description\" content=\"BIO rozmar\u00ednov\u00e1 voda 100 ml \u2013 pr\u00edrodn\u00fd hydrol\u00e1t bez alkoholu a ch\u00e9mie na \u010distenie pleti, regul\u00e1ciu mazu, upokojenie akn\u00e9 a starostlivos\u0165 o vlasy. Ide\u00e1lna aj po ZEOZOE zeolitovej maske www.zeozoe.sk\" \/>\n<meta name=\"robots\" content=\"index, follow, max-snippet:-1, max-image-preview:large, max-video-preview:-1\" \/>\n<link rel=\"canonical\" href=\"https:\/\/www.zeozoe.sk\/en\/product\/bio-rozmarinova-voda-100-ml\/\" \/>\n<meta property=\"og:locale\" content=\"en_GB\" \/>\n<meta property=\"og:type\" content=\"article\" \/>\n<meta property=\"og:title\" content=\"BIO Kvetov\u00e1 voda Rozmar\u00ednov\u00e1 - 100 ml\" \/>\n<meta property=\"og:description\" content=\"BIO rozmar\u00ednov\u00e1 voda 100 ml \u2013 pr\u00edrodn\u00fd hydrol\u00e1t bez alkoholu a ch\u00e9mie na \u010distenie pleti, regul\u00e1ciu mazu, upokojenie akn\u00e9 a starostlivos\u0165 o vlasy. Ide\u00e1lna aj po ZEOZOE zeolitovej maske www.zeozoe.sk\" \/>\n<meta property=\"og:url\" content=\"https:\/\/www.zeozoe.sk\/en\/product\/bio-rozmarinova-voda-100-ml\/\" \/>\n<meta property=\"og:site_name\" content=\"ZEOZOE\u00ae\" \/>\n<meta property=\"article:modified_time\" content=\"2026-02-25T18:23:21+00:00\" \/>\n<meta property=\"og:image\" content=\"https:\/\/www.zeozoe.sk\/wp-content\/uploads\/2025\/03\/91.jpg\" \/>\n\t<meta property=\"og:image:width\" content=\"1080\" \/>\n\t<meta property=\"og:image:height\" content=\"1080\" \/>\n\t<meta property=\"og:image:type\" content=\"image\/jpeg\" \/>\n<meta name=\"twitter:card\" content=\"summary_large_image\" \/>\n<meta name=\"twitter:label1\" content=\"Estimated reading time\" \/>\n\t<meta name=\"twitter:data1\" content=\"3 minutes\" \/>\n<script type=\"application\/ld+json\" class=\"yoast-schema-graph\">{\"@context\":\"https:\/\/schema.org\",\"@graph\":[{\"@type\":\"WebPage\",\"@id\":\"https:\/\/www.zeozoe.sk\/produkt\/bio-rozmarinova-voda-100-ml\/\",\"url\":\"https:\/\/www.zeozoe.sk\/produkt\/bio-rozmarinova-voda-100-ml\/\",\"name\":\"BIO kvetov\u00e1 voda Rozmar\u00edn100 ml \u2013 pr\u00edrodn\u00fd hydrol\u00e1t\",\"isPartOf\":{\"@id\":\"https:\/\/www.zeozoe.sk\/#website\"},\"primaryImageOfPage\":{\"@id\":\"https:\/\/www.zeozoe.sk\/produkt\/bio-rozmarinova-voda-100-ml\/#primaryimage\"},\"image\":{\"@id\":\"https:\/\/www.zeozoe.sk\/produkt\/bio-rozmarinova-voda-100-ml\/#primaryimage\"},\"thumbnailUrl\":\"https:\/\/www.zeozoe.sk\/wp-content\/uploads\/2025\/03\/91.jpg\",\"datePublished\":\"2025-03-24T08:48:26+00:00\",\"dateModified\":\"2026-02-25T18:23:21+00:00\",\"description\":\"BIO rozmar\u00ednov\u00e1 voda 100 ml \u2013 pr\u00edrodn\u00fd hydrol\u00e1t bez alkoholu a ch\u00e9mie na \u010distenie pleti, regul\u00e1ciu mazu, upokojenie akn\u00e9 a starostlivos\u0165 o vlasy. Ide\u00e1lna aj po ZEOZOE zeolitovej maske www.zeozoe.sk\",\"breadcrumb\":{\"@id\":\"https:\/\/www.zeozoe.sk\/produkt\/bio-rozmarinova-voda-100-ml\/#breadcrumb\"},\"inLanguage\":\"en-GB\",\"potentialAction\":[{\"@type\":\"ReadAction\",\"target\":[\"https:\/\/www.zeozoe.sk\/produkt\/bio-rozmarinova-voda-100-ml\/\"]}]},{\"@type\":\"ImageObject\",\"inLanguage\":\"en-GB\",\"@id\":\"https:\/\/www.zeozoe.sk\/produkt\/bio-rozmarinova-voda-100-ml\/#primaryimage\",\"url\":\"https:\/\/www.zeozoe.sk\/wp-content\/uploads\/2025\/03\/91.jpg\",\"contentUrl\":\"https:\/\/www.zeozoe.sk\/wp-content\/uploads\/2025\/03\/91.jpg\",\"width\":1080,\"height\":1080},{\"@type\":\"BreadcrumbList\",\"@id\":\"https:\/\/www.zeozoe.sk\/produkt\/bio-rozmarinova-voda-100-ml\/#breadcrumb\",\"itemListElement\":[{\"@type\":\"ListItem\",\"position\":1,\"name\":\"Domov\",\"item\":\"https:\/\/www.zeozoe.sk\/\"},{\"@type\":\"ListItem\",\"position\":2,\"name\":\"Obchod\",\"item\":\"https:\/\/www.zeozoe.sk\/obchod\/\"},{\"@type\":\"ListItem\",\"position\":3,\"name\":\"BIO Kvetov\u00e1 voda Rozmar\u00ednov\u00e1 &#8211; 100 ml\"}]},{\"@type\":\"WebSite\",\"@id\":\"https:\/\/www.zeozoe.sk\/#website\",\"url\":\"https:\/\/www.zeozoe.sk\/\",\"name\":\"ZEOZOE\u00ae\",\"description\":\"Zubn\u00fd pr\u00e1\u0161ok a tablety na pr\u00edrodnej b\u00e1ze\",\"potentialAction\":[{\"@type\":\"SearchAction\",\"target\":{\"@type\":\"EntryPoint\",\"urlTemplate\":\"https:\/\/www.zeozoe.sk\/?s={search_term_string}\"},\"query-input\":{\"@type\":\"PropertyValueSpecification\",\"valueRequired\":true,\"valueName\":\"search_term_string\"}}],\"inLanguage\":\"en-GB\"}]}<\/script>\n<!-- \/ Yoast SEO Premium plugin. -->","yoast_head_json":{"title":"BIO kvetov\u00e1 voda Rozmar\u00edn100 ml \u2013 pr\u00edrodn\u00fd hydrol\u00e1t","description":"BIO rozmar\u00ednov\u00e1 voda 100 ml \u2013 pr\u00edrodn\u00fd hydrol\u00e1t bez alkoholu a ch\u00e9mie na \u010distenie pleti, regul\u00e1ciu mazu, upokojenie akn\u00e9 a starostlivos\u0165 o vlasy. Ide\u00e1lna aj po ZEOZOE zeolitovej maske www.zeozoe.sk","robots":{"index":"index","follow":"follow","max-snippet":"max-snippet:-1","max-image-preview":"max-image-preview:large","max-video-preview":"max-video-preview:-1"},"canonical":"https:\/\/www.zeozoe.sk\/en\/product\/bio-rozmarinova-voda-100-ml\/","og_locale":"en_GB","og_type":"article","og_title":"BIO Kvetov\u00e1 voda Rozmar\u00ednov\u00e1 - 100 ml","og_description":"BIO rozmar\u00ednov\u00e1 voda 100 ml \u2013 pr\u00edrodn\u00fd hydrol\u00e1t bez alkoholu a ch\u00e9mie na \u010distenie pleti, regul\u00e1ciu mazu, upokojenie akn\u00e9 a starostlivos\u0165 o vlasy. Ide\u00e1lna aj po ZEOZOE zeolitovej maske www.zeozoe.sk","og_url":"https:\/\/www.zeozoe.sk\/en\/product\/bio-rozmarinova-voda-100-ml\/","og_site_name":"ZEOZOE\u00ae","article_modified_time":"2026-02-25T18:23:21+00:00","og_image":[{"width":1080,"height":1080,"url":"https:\/\/www.zeozoe.sk\/wp-content\/uploads\/2025\/03\/91.jpg","type":"image\/jpeg"}],"twitter_card":"summary_large_image","twitter_misc":{"Estimated reading time":"3 minutes"},"schema":{"@context":"https:\/\/schema.org","@graph":[{"@type":"WebPage","@id":"https:\/\/www.zeozoe.sk\/produkt\/bio-rozmarinova-voda-100-ml\/","url":"https:\/\/www.zeozoe.sk\/produkt\/bio-rozmarinova-voda-100-ml\/","name":"BIO kvetov\u00e1 voda Rozmar\u00edn100 ml \u2013 pr\u00edrodn\u00fd hydrol\u00e1t","isPartOf":{"@id":"https:\/\/www.zeozoe.sk\/#website"},"primaryImageOfPage":{"@id":"https:\/\/www.zeozoe.sk\/produkt\/bio-rozmarinova-voda-100-ml\/#primaryimage"},"image":{"@id":"https:\/\/www.zeozoe.sk\/produkt\/bio-rozmarinova-voda-100-ml\/#primaryimage"},"thumbnailUrl":"https:\/\/www.zeozoe.sk\/wp-content\/uploads\/2025\/03\/91.jpg","datePublished":"2025-03-24T08:48:26+00:00","dateModified":"2026-02-25T18:23:21+00:00","description":"BIO rozmar\u00ednov\u00e1 voda 100 ml \u2013 pr\u00edrodn\u00fd hydrol\u00e1t bez alkoholu a ch\u00e9mie na \u010distenie pleti, regul\u00e1ciu mazu, upokojenie akn\u00e9 a starostlivos\u0165 o vlasy. Ide\u00e1lna aj po ZEOZOE zeolitovej maske www.zeozoe.sk","breadcrumb":{"@id":"https:\/\/www.zeozoe.sk\/produkt\/bio-rozmarinova-voda-100-ml\/#breadcrumb"},"inLanguage":"en-GB","potentialAction":[{"@type":"ReadAction","target":["https:\/\/www.zeozoe.sk\/produkt\/bio-rozmarinova-voda-100-ml\/"]}]},{"@type":"ImageObject","inLanguage":"en-GB","@id":"https:\/\/www.zeozoe.sk\/produkt\/bio-rozmarinova-voda-100-ml\/#primaryimage","url":"https:\/\/www.zeozoe.sk\/wp-content\/uploads\/2025\/03\/91.jpg","contentUrl":"https:\/\/www.zeozoe.sk\/wp-content\/uploads\/2025\/03\/91.jpg","width":1080,"height":1080},{"@type":"BreadcrumbList","@id":"https:\/\/www.zeozoe.sk\/produkt\/bio-rozmarinova-voda-100-ml\/#breadcrumb","itemListElement":[{"@type":"ListItem","position":1,"name":"Domov","item":"https:\/\/www.zeozoe.sk\/"},{"@type":"ListItem","position":2,"name":"Obchod","item":"https:\/\/www.zeozoe.sk\/obchod\/"},{"@type":"ListItem","position":3,"name":"BIO Kvetov\u00e1 voda Rozmar\u00ednov\u00e1 &#8211; 100 ml"}]},{"@type":"WebSite","@id":"https:\/\/www.zeozoe.sk\/#website","url":"https:\/\/www.zeozoe.sk\/","name":"ZEOZOE\u00ae","description":"Zubn\u00fd pr\u00e1\u0161ok a tablety na pr\u00edrodnej b\u00e1ze","potentialAction":[{"@type":"SearchAction","target":{"@type":"EntryPoint","urlTemplate":"https:\/\/www.zeozoe.sk\/?s={search_term_string}"},"query-input":{"@type":"PropertyValueSpecification","valueRequired":true,"valueName":"search_term_string"}}],"inLanguage":"en-GB"}]}},"_links":{"self":[{"href":"https:\/\/www.zeozoe.sk\/en\/wp-json\/wp\/v2\/product\/4775","targetHints":{"allow":["GET"]}}],"collection":[{"href":"https:\/\/www.zeozoe.sk\/en\/wp-json\/wp\/v2\/product"}],"about":[{"href":"https:\/\/www.zeozoe.sk\/en\/wp-json\/wp\/v2\/types\/product"}],"replies":[{"embeddable":true,"href":"https:\/\/www.zeozoe.sk\/en\/wp-json\/wp\/v2\/comments?post=4775"}],"wp:featuredmedia":[{"embeddable":true,"href":"https:\/\/www.zeozoe.sk\/en\/wp-json\/wp\/v2\/media\/4855"}],"wp:attachment":[{"href":"https:\/\/www.zeozoe.sk\/en\/wp-json\/wp\/v2\/media?parent=4775"}],"wp:term":[{"taxonomy":"product_brand","embeddable":true,"href":"https:\/\/www.zeozoe.sk\/en\/wp-json\/wp\/v2\/product_brand?post=4775"},{"taxonomy":"product_cat","embeddable":true,"href":"https:\/\/www.zeozoe.sk\/en\/wp-json\/wp\/v2\/product_cat?post=4775"},{"taxonomy":"product_tag","embeddable":true,"href":"https:\/\/www.zeozoe.sk\/en\/wp-json\/wp\/v2\/product_tag?post=4775"}],"curies":[{"name":"wp","href":"https:\/\/api.w.org\/{rel}","templated":true}]}}