{"id":95,"date":"2024-06-04T00:25:10","date_gmt":"2024-06-03T22:25:10","guid":{"rendered":"https:\/\/www.zeozoe.sk\/?post_type=product&#038;p=95"},"modified":"2026-04-22T12:47:54","modified_gmt":"2026-04-22T10:47:54","slug":"zubny-prasok-matovy-zeozoe","status":"publish","type":"product","link":"https:\/\/www.zeozoe.sk\/en\/product\/zubny-prasok-matovy-zeozoe\/","title":{"rendered":"ZEOZOE Zubn\u00fd pr\u00e1\u0161ok"},"content":{"rendered":"<h2 class=\"ai-optimize-30\" data-start=\"118\" data-end=\"195\"><strong data-start=\"124\" data-end=\"190\">ZEOZOE Zubn\u00fd pr\u00e1\u0161ok zo zeolitu \u2013 pr\u00edrodn\u00e1 starostlivos\u0165 o zuby<\/strong><\/h2>\n<p class=\"ai-optimize-31 ai-optimize-introduction\" data-start=\"197\" data-end=\"423\">Zubn\u00fd pr\u00e1\u0161ok <strong data-start=\"210\" data-end=\"220\">ZEOZOE<\/strong> pon\u00faka modern\u00fd pr\u00edstup k tradi\u010dn\u00fdm met\u00f3dam \u010distenia zubov. Tento <strong data-start=\"286\" data-end=\"337\">pr\u00edrodn\u00fd produkt bez flu\u00f3ru a chemick\u00fdch pr\u00edsad<\/strong> je ide\u00e1lnou vo\u013ebou pre t\u00fdch, ktor\u00ed h\u013eadaj\u00fa <strong data-start=\"381\" data-end=\"420\">\u0161etrn\u00fa, ale \u00fa\u010dinn\u00fa dent\u00e1lnu hygienu<\/strong>.<\/p>\n<p class=\"ai-optimize-32\" data-start=\"425\" data-end=\"605\"><strong data-start=\"428\" data-end=\"451\">V \u010dom je v\u00fdnimo\u010dn\u00fd?<\/strong> Spojenie <strong data-start=\"461\" data-end=\"487\">zeolitu, \u0161alvie a m\u00e4ty<\/strong> poskytuje <strong data-start=\"498\" data-end=\"540\">kompletn\u00fa starostlivos\u0165 o zuby a \u010fasn\u00e1<\/strong>, pri\u010dom pom\u00e1ha udr\u017eiava\u0165 prirodzen\u00fa rovnov\u00e1hu v \u00fastnej dutine. V pr\u00edpade, \u017ee potrebujete doplni\u0165 z\u00e1soby, m\u00f4\u017eete vyu\u017ei\u0165 v\u00fdhodn\u00e9 REFILL balenie &#8211;<a href=\"https:\/\/www.zeozoe.sk\/produkt\/zubny-prasok-refill-30g-zeozoe\/\"> ZEOZOE zubn\u00fd pr\u00e1\u0161ok REFILL<\/a><\/p>\n<hr class=\"\" data-start=\"607\" data-end=\"610\" \/>\n<h3 class=\"ai-optimize-33\" data-start=\"612\" data-end=\"661\"><strong data-start=\"618\" data-end=\"659\">Hlavn\u00e9 benefity ZEOZOE zubn\u00e9ho pr\u00e1\u0161ku<\/strong><\/h3>\n<p class=\"ai-optimize-34\" data-start=\"663\" data-end=\"934\"><strong data-start=\"667\" data-end=\"701\">\u0160etrn\u00e9 \u010distenie bez chemik\u00e1li\u00ed: <\/strong>Jemn\u00e9 \u010dastice <strong data-start=\"718\" data-end=\"742\">zeolitu (5 mikr\u00f3nov)<\/strong> spo\u013eahlivo \u010distia povrch zubov <strong data-start=\"774\" data-end=\"807\">bez naru\u0161enia zubnej skloviny<\/strong>. Tento pr\u00edrodn\u00fd pr\u00e1\u0161ok neobsahuje <strong data-start=\"842\" data-end=\"890\">flu\u00f3r, SLS, mikroplasty ani syntetick\u00e9 l\u00e1tky<\/strong>, \u010do ho rob\u00ed ide\u00e1lnym aj pre citliv\u00e9 zuby.<\/p>\n<p class=\"ai-optimize-35\" data-start=\"936\" data-end=\"1112\"><strong data-start=\"939\" data-end=\"981\">Odstra\u0148ovanie povlaku a zubn\u00e9ho kame\u0148a: <\/strong>Zeolit m\u00e1 prirodzen\u00fa schopnos\u0165 <strong data-start=\"1015\" data-end=\"1058\">viaza\u0165 tox\u00edny, ne\u010distoty a zubn\u00fd povlak<\/strong>, \u010d\u00edm pom\u00e1ha redukova\u0165 riziko tvorby zubn\u00e9ho kame\u0148a.<\/p>\n<p class=\"ai-optimize-36\" data-start=\"1114\" data-end=\"1299\"><strong data-start=\"1117\" data-end=\"1156\">Ochrana pred zubn\u00fdm kazom a z\u00e1palmi: <\/strong>\u0160alvia a m\u00e4ta p\u00f4sobia <strong data-start=\"1181\" data-end=\"1216\">antibakteri\u00e1lne a protiz\u00e1palovo<\/strong>, \u010d\u00edm chr\u00e1nia \u00fastnu dutinu pred nepriazniv\u00fdmi vplyvmi a podporuj\u00fa zdravie \u010fasien.<\/p>\n<p class=\"ai-optimize-37\" data-start=\"1301\" data-end=\"1473\"><strong data-start=\"1304\" data-end=\"1333\">Neutraliz\u00e1cia pH v \u00fastach: <\/strong>Zeolit reguluje kyslos\u0165 v \u00fastach a pom\u00e1ha <strong data-start=\"1378\" data-end=\"1404\">udr\u017eiava\u0165 neutr\u00e1lne pH<\/strong>, \u010d\u00edm zni\u017euje riziko er\u00f3zie skloviny a chr\u00e1ni zuby pred po\u0161koden\u00edm.<\/p>\n<p class=\"ai-optimize-38\" data-start=\"1475\" data-end=\"1617\"><strong data-start=\"1479\" data-end=\"1512\">Svie\u017ei dych a komfortn\u00fd pocit: <\/strong>M\u00e4ta pieporn\u00e1 osvie\u017euje dych, zlep\u0161uje prekrvenie \u010fasien a <strong data-start=\"1574\" data-end=\"1614\">zanech\u00e1va dlhotrvaj\u00faci pocit \u010distoty<\/strong>.<\/p>\n<hr class=\"\" data-start=\"1619\" data-end=\"1622\" \/>\n<h3 class=\"ai-optimize-39\" data-start=\"1624\" data-end=\"1670\"><strong data-start=\"1631\" data-end=\"1668\">Ako pou\u017e\u00edva\u0165 ZEOZOE zubn\u00fd pr\u00e1\u0161ok?<\/strong><\/h3>\n<ol>\n<li class=\"ai-optimize-40\" data-start=\"1672\" data-end=\"1878\">Naneste mal\u00e9 mno\u017estvo pr\u00e1\u0161ku na vlhk\u00fa zubn\u00fa kefku.<\/li>\n<li class=\"ai-optimize-40\" data-start=\"1672\" data-end=\"1878\">Vy\u010distite si zuby jemn\u00fdmi kr\u00fa\u017eiv\u00fdmi pohybmi.<\/li>\n<li class=\"ai-optimize-40\" data-start=\"1672\" data-end=\"1878\">D\u00f4kladne vypl\u00e1chnite \u00fasta \u010distou vodou.<\/li>\n<li class=\"ai-optimize-40\" data-start=\"1672\" data-end=\"1878\">Pou\u017e\u00edvajte 2\u00d7 denne \u2013 r\u00e1no a ve\u010der.<\/li>\n<\/ol>\n<hr class=\"\" data-start=\"1880\" data-end=\"1883\" \/>\n<h3 class=\"ai-optimize-41\" data-start=\"1885\" data-end=\"1942\"><strong data-start=\"1892\" data-end=\"1940\">Pr\u00edrodn\u00e9 zlo\u017eenie pre dokonal\u00fa starostlivos\u0165<\/strong><\/h3>\n<p class=\"ai-optimize-42\" data-start=\"1944\" data-end=\"2239\"><a href=\"https:\/\/www.zeozoe.sk\/produkt\/zeolit-klinoptilolit-zeozoe-detox\/\"><strong data-start=\"1947\" data-end=\"1971\">Zeolit klinoptilolit<\/strong><\/a> \u2013 via\u017ee tox\u00edny, podporuje rovnov\u00e1hu pH a pom\u00e1ha redukova\u0165 zubn\u00fd kame\u0148<br data-start=\"2041\" data-end=\"2044\" \/><strong data-start=\"2047\" data-end=\"2087\">\u0160alvia lek\u00e1rska (Salvia officinalis)<\/strong> \u2013 p\u00f4sob\u00ed protiz\u00e1palovo, podporuje zdravie \u010fasien<br data-start=\"2136\" data-end=\"2139\" \/><strong data-start=\"2142\" data-end=\"2177\">M\u00e4ta pieporn\u00e1 (Mentha piperita)<\/strong> \u2013 osvie\u017euje dych, p\u00f4sob\u00ed antisepticky a zlep\u0161uje prekrvenie<\/p>\n<hr class=\"\" data-start=\"2241\" data-end=\"2244\" \/>\n<h3 class=\"ai-optimize-43\" data-start=\"2246\" data-end=\"2295\"><strong data-start=\"2253\" data-end=\"2293\">Objednajte si ZEOZOE zubn\u00fd pr\u00e1\u0161ok a:<\/strong><\/h3>\n<p class=\"ai-optimize-44\" data-start=\"2297\" data-end=\"2511\">Doprajte si <strong data-start=\"2312\" data-end=\"2353\">pr\u00edrodn\u00fa starostlivos\u0165 o zuby a \u010fasn\u00e1.<\/strong><br data-start=\"2353\" data-end=\"2356\" \/>Vyhnite sa <strong data-start=\"2370\" data-end=\"2399\">chemick\u00fdm l\u00e1tkam a flu\u00f3ru.<\/strong><br data-start=\"2399\" data-end=\"2402\" \/>Podporte <strong data-start=\"2414\" data-end=\"2456\">ekologick\u00fd pr\u00edstup k dent\u00e1lnej hygiene.<\/strong><br data-start=\"2456\" data-end=\"2459\" \/>Za\u017eite <strong data-start=\"2469\" data-end=\"2509\">svie\u017ei dych a dlhodob\u00fd pocit \u010distoty.<\/strong><\/p>\n<p class=\"ai-optimize-45\" data-start=\"2513\" data-end=\"2606\"><strong data-start=\"2516\" data-end=\"2543\">100 % pr\u00edrodn\u00e9 zlo\u017eenie<\/strong> |\u00a0 <strong data-start=\"2549\" data-end=\"2574\">Vyroben\u00e9 na Slovensku<\/strong> | <strong data-start=\"2580\" data-end=\"2604\">Eko-friendly balenie<\/strong><\/p>\n<hr class=\"\" data-start=\"2608\" data-end=\"2611\" \/>\n<p class=\"ai-optimize-47\" data-start=\"2641\" data-end=\"2813\">Prejdite na prirodzen\u00fd a efekt\u00edvny sp\u00f4sob starostlivosti o zuby a \u010fasn\u00e1. So zubn\u00fdm pr\u00e1\u0161kom na b\u00e1ze <strong data-start=\"2740\" data-end=\"2751\">zeolitu<\/strong> objav\u00edte <strong data-start=\"2761\" data-end=\"2810\">\u010distotu, svie\u017eos\u0165 a zdravie \u2013 bez kompromisov<\/strong>.<\/p>\n<h3 class=\"ai-optimize-48\" data-start=\"2246\" data-end=\"2295\"><strong>Objavte \u010fal\u0161ie produkty na na\u0161om e-shope:<\/strong><\/h3>\n<ul>\n<li class=\"ai-optimize-49\"><a href=\"https:\/\/www.zeozoe.sk\/produkt\/zubny-prasok-refill-30g-zeozoe\/\">ZEOZOE zubn\u00fd pr\u00e1\u0161ok Refill<\/a> \u2013 m\u00f4\u017eete vyu\u017ei\u0165 v\u00fdhodn\u00e9 REFILL balenie na doplnenie z\u00e1sob.<\/li>\n<li class=\"ai-optimize-50\"><a href=\"https:\/\/www.zeozoe.sk\/produkt\/zubne-tablety-zeozoe-refill-tablety-akcia\/\">ZEOZOE zubn\u00e9 tablety so zeolitom <\/a>\u2013 ide\u00e1lny doplnok k zubn\u00e9mu pr\u00e1\u0161ku pre efekt\u00edvnu dent\u00e1lnu hygienu.<\/li>\n<li class=\"ai-optimize-59\"><a href=\"https:\/\/www.zeozoe.sk\/produkt\/zubne-tablety-refill-zeozoe\/\">ZEOZOE zubn\u00e9 tablety Refill<\/a> &#8211; jednoducho presypete do n\u00e1dobky od tabliet a u\u0161etr\u00edte pr\u00edrodu a financie.<\/li>\n<li class=\"ai-optimize-60\"><a href=\"https:\/\/www.zeozoe.sk\/produkt\/zubny-prasok-zelene-jablko-zeozoe\/\">ZEOZOE zelen\u00e9 jablko<\/a> &#8211; pr\u00edrodn\u00e1 starostlivos\u0165 o z\u00fabky, ktor\u00e1 chut\u00ed aj najmen\u0161\u00edm.<\/li>\n<li class=\"ai-optimize-51\"><a href=\"https:\/\/www.zeozoe.sk\/produkt\/zubna-kefka-extra-soft-zeozoe\/\">Dreven\u00e1 zubn\u00e1 kefka<\/a>\u2013 ekologick\u00e1 a jemn\u00e1 vo\u013eba pre ka\u017edodenn\u00fa starostlivos\u0165 o zuby.<\/li>\n<\/ul>\n<hr \/>\n<h2 class=\"ai-optimize-52\" data-start=\"118\" data-end=\"195\"><strong>Darujte svojim zubom pr\u00edrodn\u00fa starostlivos\u0165!<\/strong><\/h2>\n<p class=\"ai-optimize-53\">Zubn\u00fd pr\u00e1\u0161ok zo zeolitu je viac ne\u017e len \u010distiaci produkt \u2013 sp\u00e1ja efekt\u00edvnos\u0165, pr\u00edrodn\u00e9 zlo\u017eenie a oh\u013eaduplnos\u0165 k v\u00e1\u0161mu zdraviu. Pre\u010d\u00edtajte si viac o produktoch na na\u0161om blogu:<br \/>\n<a href=\"https:\/\/www.zeozoe.sk\/blog\" target=\"_new\" rel=\"noopener\">www.zeozoe.sk\/blog<\/a><\/p>\n<h3 class=\"ai-optimize-53\" data-start=\"2080\" data-end=\"2109\"><strong data-start=\"2087\" data-end=\"2107\">Zlo\u017eenie (INCI):<\/strong><\/h3>\n<p class=\"ai-optimize-54\" data-start=\"2110\" data-end=\"2214\"><strong data-start=\"2110\" data-end=\"2183\">Zeolit klinoptilolit, Mentha piperita oil, Salvia officinalis extract<\/strong><br data-start=\"2183\" data-end=\"2186\" \/><strong data-start=\"2186\" data-end=\"2207\">Hmotnos\u0165 balenia:<\/strong> 30 g<\/p>\n<p class=\"ai-optimize-55\"><span style=\"color: #000000;\">Prejdite na prirodzen\u00fd a efekt\u00edvny sp\u00f4sob starostlivosti o zuby a \u010fasn\u00e1. So zubn\u00fdm pr\u00e1\u0161kom na b\u00e1ze zeolitu objav\u00edte \u010distotu, svie\u017eos\u0165 a zdravie bez kompromisov.<\/span><\/p>\n<p class=\"ai-optimize-56\" data-start=\"502\" data-end=\"742\"><span style=\"color: #000000;\"><em>V s\u00falade s <strong data-start=\"513\" data-end=\"599\">Nariaden\u00edm Eur\u00f3pskeho parlamentu a Rady (ES) \u010d. 1223\/2009 o kozmetick\u00fdch v\u00fdrobkoch<\/strong> nesm\u00fa by\u0165 kozmetick\u00e9 produkty prezentovan\u00e9 ako produkty, ktor\u00e9 maj\u00fa <strong data-start=\"668\" data-end=\"686\">lie\u010div\u00e9 \u00fa\u010dinky<\/strong>, diagnostikuj\u00fa, lie\u010dia alebo predch\u00e1dzaj\u00fa ochoreniam.<\/em><\/span><\/p>\n<p class=\"ai-optimize-57\" data-start=\"744\" data-end=\"1016\"><span style=\"color: #000000;\"><em>Inform\u00e1cie uveden\u00e9 pri produktoch vych\u00e1dzaj\u00fa z <strong data-start=\"791\" data-end=\"835\">tradi\u010dn\u00e9ho pou\u017e\u00edvania pr\u00edrodn\u00fdch zlo\u017eiek<\/strong>, <strong data-start=\"837\" data-end=\"877\">verejne dostupn\u00fdch odborn\u00fdch zdrojov<\/strong> a <strong data-start=\"880\" data-end=\"917\">sp\u00e4tn\u00fdch v\u00e4zieb na\u0161ich z\u00e1kazn\u00edkov<\/strong>. Nejde o lek\u00e1rske tvrdenia a <strong data-start=\"947\" data-end=\"1015\">nenahr\u00e1dzaj\u00fa odpor\u00fa\u010dania ani starostlivos\u0165 lek\u00e1ra \u010di dermatol\u00f3ga<\/strong>.<\/em><\/span><\/p>\n<p>&nbsp;<\/p>","protected":false},"excerpt":{"rendered":"<p class=\"ai-optimize-23\">ZEOZOE pr\u00edrodn\u00fd zubn\u00fd pr\u00e1\u0161ok bez flu\u00f3ru a chemick\u00fdch pr\u00edsad \u00fa\u010dinne \u010dist\u00ed zuby, odstra\u0148uje povlak a zubn\u00fd kame\u0148, a z\u00e1rove\u0148 chr\u00e1ni zubn\u00fa sklovinu. Zeolit neutralizuje kysl\u00e9 pH v \u00fastach, \u0161alvia p\u00f4sob\u00ed protiz\u00e1palovo a regeneruje \u010fasn\u00e1, zatia\u013e \u010do m\u00e4ta dod\u00e1va svie\u017eos\u0165 a antiseptick\u00e9 \u00fa\u010dinky. Ide\u00e1lny pre \u0161etrn\u00fa a efekt\u00edvnu dent\u00e1lnu hygienu<strong>. A\u017e na 90 pou\u017eit\u00ed.<\/strong><\/p>\n<p class=\"ai-optimize-24\"><img decoding=\"async\" class=\"emoji\" role=\"img\" draggable=\"false\" src=\"https:\/\/s.w.org\/images\/core\/emoji\/15.0.3\/svg\/2764.svg\" alt=\"\u2764\ufe0f\" \/>\u00a0<strong data-start=\"108\" data-end=\"133\">Certifikovan\u00fd produkt<\/strong><br data-start=\"133\" data-end=\"136\" \/><img decoding=\"async\" class=\"emoji\" role=\"img\" draggable=\"false\" src=\"https:\/\/s.w.org\/images\/core\/emoji\/15.0.3\/svg\/2764.svg\" alt=\"\u2764\ufe0f\" \/>\u00a0<strong data-start=\"139\" data-end=\"162\">Bezpe\u010dnostn\u00e1 spr\u00e1va<\/strong><br data-start=\"162\" data-end=\"165\" \/><img decoding=\"async\" class=\"emoji\" role=\"img\" draggable=\"false\" src=\"https:\/\/s.w.org\/images\/core\/emoji\/15.0.3\/svg\/2764.svg\" alt=\"\u2764\ufe0f\" \/>\u00a0<strong data-start=\"168\" data-end=\"193\">Vyroben\u00e9 na Slovensku<\/strong><br data-start=\"193\" data-end=\"196\" \/><img decoding=\"async\" class=\"emoji\" role=\"img\" draggable=\"false\" src=\"https:\/\/s.w.org\/images\/core\/emoji\/15.0.3\/svg\/2764.svg\" alt=\"\u2764\ufe0f\" \/>\u00a0<strong data-start=\"199\" data-end=\"231\">ZEOZOE \u2013 registrovan\u00e1 zna\u010dka<\/strong><br data-start=\"231\" data-end=\"234\" \/><img decoding=\"async\" class=\"emoji\" role=\"img\" draggable=\"false\" src=\"https:\/\/s.w.org\/images\/core\/emoji\/15.0.3\/svg\/2764.svg\" alt=\"\u2764\ufe0f\" \/>\u00a0<strong>Bez flu\u00f3ru, SLS a mikroplastov<\/strong><br data-start=\"263\" data-end=\"266\" \/><img decoding=\"async\" class=\"emoji\" role=\"img\" draggable=\"false\" src=\"https:\/\/s.w.org\/images\/core\/emoji\/15.0.3\/svg\/2764.svg\" alt=\"\u2764\ufe0f\" \/>\u00a0<strong data-start=\"269\" data-end=\"301\">Vyroben\u00e9 s dobr\u00fdm z\u00e1merom\u00a0<img decoding=\"async\" class=\"emoji\" role=\"img\" draggable=\"false\" src=\"https:\/\/s.w.org\/images\/core\/emoji\/15.0.3\/svg\/1f642.svg\" alt=\"\ud83d\ude42\" \/><\/strong><\/p>","protected":false},"featured_media":10669,"comment_status":"open","ping_status":"closed","template":"","meta":[],"product_brand":[],"product_cat":[54,28],"product_tag":[],"class_list":{"0":"post-95","1":"product","2":"type-product","3":"status-publish","4":"has-post-thumbnail","6":"product_cat-vsetko","7":"product_cat-zuby","9":"first","10":"instock","11":"taxable","12":"shipping-taxable","13":"purchasable","14":"product-type-simple"},"yoast_head":"<!-- This site is optimized with the Yoast SEO Premium plugin v25.2 (Yoast SEO v25.2) - https:\/\/yoast.com\/wordpress\/plugins\/seo\/ -->\n<title>ZEOZOE zubn\u00fd pr\u00e1\u0161ok zo zeolitu<\/title>\n<meta name=\"description\" content=\"zubn\u00fd pr\u00e1\u0161ok na b\u00e1ze zeolitu-pr\u00edrodn\u00e1 starostlivos\u0165 o zuby bez flu\u00f3ru a chemik\u00e1li\u00ed. \u00da\u010dinne odstra\u0148uje zubn\u00fd povlak a kame\u0148, bieli..\ufe0f\u2764\ufe0fCertifikovan\u00fd produkt\u2764\ufe0fBezpe\u010dnostn\u00e1 spr\u00e1va\u2764\ufe0fVyroben\u00e9 na Slovensku\u2764\ufe0fZEOZOE \u2013 registrovan\u00e1 zna\u010dka\u2764\ufe0f Bez flu\u00f3ru, SLS a mikroplastov\u2764\ufe0f Vyroben\u00e9 s dobr\u00fdm z\u00e1merom \ud83d\ude42\" \/>\n<meta name=\"robots\" content=\"index, follow, max-snippet:-1, max-image-preview:large, max-video-preview:-1\" \/>\n<link rel=\"canonical\" href=\"https:\/\/www.zeozoe.sk\/en\/product\/zubny-prasok-matovy-zeozoe\/\" \/>\n<meta property=\"og:locale\" content=\"en_GB\" \/>\n<meta property=\"og:type\" content=\"article\" \/>\n<meta property=\"og:title\" content=\"ZEOZOE Zubn\u00fd pr\u00e1\u0161ok\" \/>\n<meta property=\"og:description\" content=\"zubn\u00fd pr\u00e1\u0161ok na b\u00e1ze zeolitu-pr\u00edrodn\u00e1 starostlivos\u0165 o zuby bez flu\u00f3ru a chemik\u00e1li\u00ed. \u00da\u010dinne odstra\u0148uje zubn\u00fd povlak a kame\u0148, bieli..\ufe0f\u2764\ufe0fCertifikovan\u00fd produkt\u2764\ufe0fBezpe\u010dnostn\u00e1 spr\u00e1va\u2764\ufe0fVyroben\u00e9 na Slovensku\u2764\ufe0fZEOZOE \u2013 registrovan\u00e1 zna\u010dka\u2764\ufe0f Bez flu\u00f3ru, SLS a mikroplastov\u2764\ufe0f Vyroben\u00e9 s dobr\u00fdm z\u00e1merom \ud83d\ude42\" \/>\n<meta property=\"og:url\" content=\"https:\/\/www.zeozoe.sk\/en\/product\/zubny-prasok-matovy-zeozoe\/\" \/>\n<meta property=\"og:site_name\" content=\"ZEOZOE\u00ae\" \/>\n<meta property=\"article:modified_time\" content=\"2026-04-22T10:47:54+00:00\" \/>\n<meta property=\"og:image\" content=\"https:\/\/www.zeozoe.sk\/wp-content\/uploads\/2024\/06\/Produkty-na-web-6.jpg\" \/>\n\t<meta property=\"og:image:width\" content=\"1080\" \/>\n\t<meta property=\"og:image:height\" content=\"1080\" \/>\n\t<meta property=\"og:image:type\" content=\"image\/jpeg\" \/>\n<meta name=\"twitter:card\" content=\"summary_large_image\" \/>\n<meta name=\"twitter:label1\" content=\"Estimated reading time\" \/>\n\t<meta name=\"twitter:data1\" content=\"4 minutes\" \/>\n<script type=\"application\/ld+json\" class=\"yoast-schema-graph\">{\"@context\":\"https:\/\/schema.org\",\"@graph\":[{\"@type\":\"WebPage\",\"@id\":\"https:\/\/www.zeozoe.sk\/produkt\/zubny-prasok-matovy-zeozoe\/\",\"url\":\"https:\/\/www.zeozoe.sk\/produkt\/zubny-prasok-matovy-zeozoe\/\",\"name\":\"ZEOZOE zubn\u00fd pr\u00e1\u0161ok zo zeolitu\",\"isPartOf\":{\"@id\":\"https:\/\/www.zeozoe.sk\/#website\"},\"primaryImageOfPage\":{\"@id\":\"https:\/\/www.zeozoe.sk\/produkt\/zubny-prasok-matovy-zeozoe\/#primaryimage\"},\"image\":{\"@id\":\"https:\/\/www.zeozoe.sk\/produkt\/zubny-prasok-matovy-zeozoe\/#primaryimage\"},\"thumbnailUrl\":\"https:\/\/www.zeozoe.sk\/wp-content\/uploads\/2024\/06\/Produkty-na-web-6.jpg\",\"datePublished\":\"2024-06-03T22:25:10+00:00\",\"dateModified\":\"2026-04-22T10:47:54+00:00\",\"description\":\"zubn\u00fd pr\u00e1\u0161ok na b\u00e1ze zeolitu-pr\u00edrodn\u00e1 starostlivos\u0165 o zuby bez flu\u00f3ru a chemik\u00e1li\u00ed. \u00da\u010dinne odstra\u0148uje zubn\u00fd povlak a kame\u0148, bieli..\ufe0f\u2764\ufe0fCertifikovan\u00fd produkt\u2764\ufe0fBezpe\u010dnostn\u00e1 spr\u00e1va\u2764\ufe0fVyroben\u00e9 na Slovensku\u2764\ufe0fZEOZOE \u2013 registrovan\u00e1 zna\u010dka\u2764\ufe0f Bez flu\u00f3ru, SLS a mikroplastov\u2764\ufe0f Vyroben\u00e9 s dobr\u00fdm z\u00e1merom \ud83d\ude42\",\"breadcrumb\":{\"@id\":\"https:\/\/www.zeozoe.sk\/produkt\/zubny-prasok-matovy-zeozoe\/#breadcrumb\"},\"inLanguage\":\"en-GB\",\"potentialAction\":[{\"@type\":\"ReadAction\",\"target\":[\"https:\/\/www.zeozoe.sk\/produkt\/zubny-prasok-matovy-zeozoe\/\"]}]},{\"@type\":\"ImageObject\",\"inLanguage\":\"en-GB\",\"@id\":\"https:\/\/www.zeozoe.sk\/produkt\/zubny-prasok-matovy-zeozoe\/#primaryimage\",\"url\":\"https:\/\/www.zeozoe.sk\/wp-content\/uploads\/2024\/06\/Produkty-na-web-6.jpg\",\"contentUrl\":\"https:\/\/www.zeozoe.sk\/wp-content\/uploads\/2024\/06\/Produkty-na-web-6.jpg\",\"width\":1080,\"height\":1080,\"caption\":\"\\\"Zubn\u00fd pr\u00e1\u0161ok zo zeolitu ZEOZOE \u2013 pr\u00edrodn\u00e1 starostlivos\u0165 o zuby bez flu\u00f3ru, so \u0161alviou a m\u00e4tou na \u0161etrn\u00e9 \u010distenie a zdrav\u00e9 \u010fasn\u00e1\\\"\"},{\"@type\":\"BreadcrumbList\",\"@id\":\"https:\/\/www.zeozoe.sk\/produkt\/zubny-prasok-matovy-zeozoe\/#breadcrumb\",\"itemListElement\":[{\"@type\":\"ListItem\",\"position\":1,\"name\":\"Domov\",\"item\":\"https:\/\/www.zeozoe.sk\/\"},{\"@type\":\"ListItem\",\"position\":2,\"name\":\"Obchod\",\"item\":\"https:\/\/www.zeozoe.sk\/obchod\/\"},{\"@type\":\"ListItem\",\"position\":3,\"name\":\"ZEOZOE Zubn\u00fd pr\u00e1\u0161ok\"}]},{\"@type\":\"WebSite\",\"@id\":\"https:\/\/www.zeozoe.sk\/#website\",\"url\":\"https:\/\/www.zeozoe.sk\/\",\"name\":\"ZEOZOE\u00ae\",\"description\":\"Zubn\u00fd pr\u00e1\u0161ok a tablety na pr\u00edrodnej b\u00e1ze\",\"potentialAction\":[{\"@type\":\"SearchAction\",\"target\":{\"@type\":\"EntryPoint\",\"urlTemplate\":\"https:\/\/www.zeozoe.sk\/?s={search_term_string}\"},\"query-input\":{\"@type\":\"PropertyValueSpecification\",\"valueRequired\":true,\"valueName\":\"search_term_string\"}}],\"inLanguage\":\"en-GB\"}]}<\/script>\n<!-- \/ Yoast SEO Premium plugin. -->","yoast_head_json":{"title":"ZEOZOE zubn\u00fd pr\u00e1\u0161ok zo zeolitu","description":"zubn\u00fd pr\u00e1\u0161ok na b\u00e1ze zeolitu-pr\u00edrodn\u00e1 starostlivos\u0165 o zuby bez flu\u00f3ru a chemik\u00e1li\u00ed. \u00da\u010dinne odstra\u0148uje zubn\u00fd povlak a kame\u0148, bieli..\ufe0f\u2764\ufe0fCertifikovan\u00fd produkt\u2764\ufe0fBezpe\u010dnostn\u00e1 spr\u00e1va\u2764\ufe0fVyroben\u00e9 na Slovensku\u2764\ufe0fZEOZOE \u2013 registrovan\u00e1 zna\u010dka\u2764\ufe0f Bez flu\u00f3ru, SLS a mikroplastov\u2764\ufe0f Vyroben\u00e9 s dobr\u00fdm z\u00e1merom \ud83d\ude42","robots":{"index":"index","follow":"follow","max-snippet":"max-snippet:-1","max-image-preview":"max-image-preview:large","max-video-preview":"max-video-preview:-1"},"canonical":"https:\/\/www.zeozoe.sk\/en\/product\/zubny-prasok-matovy-zeozoe\/","og_locale":"en_GB","og_type":"article","og_title":"ZEOZOE Zubn\u00fd pr\u00e1\u0161ok","og_description":"zubn\u00fd pr\u00e1\u0161ok na b\u00e1ze zeolitu-pr\u00edrodn\u00e1 starostlivos\u0165 o zuby bez flu\u00f3ru a chemik\u00e1li\u00ed. \u00da\u010dinne odstra\u0148uje zubn\u00fd povlak a kame\u0148, bieli..\ufe0f\u2764\ufe0fCertifikovan\u00fd produkt\u2764\ufe0fBezpe\u010dnostn\u00e1 spr\u00e1va\u2764\ufe0fVyroben\u00e9 na Slovensku\u2764\ufe0fZEOZOE \u2013 registrovan\u00e1 zna\u010dka\u2764\ufe0f Bez flu\u00f3ru, SLS a mikroplastov\u2764\ufe0f Vyroben\u00e9 s dobr\u00fdm z\u00e1merom \ud83d\ude42","og_url":"https:\/\/www.zeozoe.sk\/en\/product\/zubny-prasok-matovy-zeozoe\/","og_site_name":"ZEOZOE\u00ae","article_modified_time":"2026-04-22T10:47:54+00:00","og_image":[{"width":1080,"height":1080,"url":"https:\/\/www.zeozoe.sk\/wp-content\/uploads\/2024\/06\/Produkty-na-web-6.jpg","type":"image\/jpeg"}],"twitter_card":"summary_large_image","twitter_misc":{"Estimated reading time":"4 minutes"},"schema":{"@context":"https:\/\/schema.org","@graph":[{"@type":"WebPage","@id":"https:\/\/www.zeozoe.sk\/produkt\/zubny-prasok-matovy-zeozoe\/","url":"https:\/\/www.zeozoe.sk\/produkt\/zubny-prasok-matovy-zeozoe\/","name":"ZEOZOE zubn\u00fd pr\u00e1\u0161ok zo zeolitu","isPartOf":{"@id":"https:\/\/www.zeozoe.sk\/#website"},"primaryImageOfPage":{"@id":"https:\/\/www.zeozoe.sk\/produkt\/zubny-prasok-matovy-zeozoe\/#primaryimage"},"image":{"@id":"https:\/\/www.zeozoe.sk\/produkt\/zubny-prasok-matovy-zeozoe\/#primaryimage"},"thumbnailUrl":"https:\/\/www.zeozoe.sk\/wp-content\/uploads\/2024\/06\/Produkty-na-web-6.jpg","datePublished":"2024-06-03T22:25:10+00:00","dateModified":"2026-04-22T10:47:54+00:00","description":"zubn\u00fd pr\u00e1\u0161ok na b\u00e1ze zeolitu-pr\u00edrodn\u00e1 starostlivos\u0165 o zuby bez flu\u00f3ru a chemik\u00e1li\u00ed. \u00da\u010dinne odstra\u0148uje zubn\u00fd povlak a kame\u0148, bieli..\ufe0f\u2764\ufe0fCertifikovan\u00fd produkt\u2764\ufe0fBezpe\u010dnostn\u00e1 spr\u00e1va\u2764\ufe0fVyroben\u00e9 na Slovensku\u2764\ufe0fZEOZOE \u2013 registrovan\u00e1 zna\u010dka\u2764\ufe0f Bez flu\u00f3ru, SLS a mikroplastov\u2764\ufe0f Vyroben\u00e9 s dobr\u00fdm z\u00e1merom \ud83d\ude42","breadcrumb":{"@id":"https:\/\/www.zeozoe.sk\/produkt\/zubny-prasok-matovy-zeozoe\/#breadcrumb"},"inLanguage":"en-GB","potentialAction":[{"@type":"ReadAction","target":["https:\/\/www.zeozoe.sk\/produkt\/zubny-prasok-matovy-zeozoe\/"]}]},{"@type":"ImageObject","inLanguage":"en-GB","@id":"https:\/\/www.zeozoe.sk\/produkt\/zubny-prasok-matovy-zeozoe\/#primaryimage","url":"https:\/\/www.zeozoe.sk\/wp-content\/uploads\/2024\/06\/Produkty-na-web-6.jpg","contentUrl":"https:\/\/www.zeozoe.sk\/wp-content\/uploads\/2024\/06\/Produkty-na-web-6.jpg","width":1080,"height":1080,"caption":"\"Zubn\u00fd pr\u00e1\u0161ok zo zeolitu ZEOZOE \u2013 pr\u00edrodn\u00e1 starostlivos\u0165 o zuby bez flu\u00f3ru, so \u0161alviou a m\u00e4tou na \u0161etrn\u00e9 \u010distenie a zdrav\u00e9 \u010fasn\u00e1\""},{"@type":"BreadcrumbList","@id":"https:\/\/www.zeozoe.sk\/produkt\/zubny-prasok-matovy-zeozoe\/#breadcrumb","itemListElement":[{"@type":"ListItem","position":1,"name":"Domov","item":"https:\/\/www.zeozoe.sk\/"},{"@type":"ListItem","position":2,"name":"Obchod","item":"https:\/\/www.zeozoe.sk\/obchod\/"},{"@type":"ListItem","position":3,"name":"ZEOZOE Zubn\u00fd pr\u00e1\u0161ok"}]},{"@type":"WebSite","@id":"https:\/\/www.zeozoe.sk\/#website","url":"https:\/\/www.zeozoe.sk\/","name":"ZEOZOE\u00ae","description":"Zubn\u00fd pr\u00e1\u0161ok a tablety na pr\u00edrodnej b\u00e1ze","potentialAction":[{"@type":"SearchAction","target":{"@type":"EntryPoint","urlTemplate":"https:\/\/www.zeozoe.sk\/?s={search_term_string}"},"query-input":{"@type":"PropertyValueSpecification","valueRequired":true,"valueName":"search_term_string"}}],"inLanguage":"en-GB"}]}},"_links":{"self":[{"href":"https:\/\/www.zeozoe.sk\/en\/wp-json\/wp\/v2\/product\/95","targetHints":{"allow":["GET"]}}],"collection":[{"href":"https:\/\/www.zeozoe.sk\/en\/wp-json\/wp\/v2\/product"}],"about":[{"href":"https:\/\/www.zeozoe.sk\/en\/wp-json\/wp\/v2\/types\/product"}],"replies":[{"embeddable":true,"href":"https:\/\/www.zeozoe.sk\/en\/wp-json\/wp\/v2\/comments?post=95"}],"wp:featuredmedia":[{"embeddable":true,"href":"https:\/\/www.zeozoe.sk\/en\/wp-json\/wp\/v2\/media\/10669"}],"wp:attachment":[{"href":"https:\/\/www.zeozoe.sk\/en\/wp-json\/wp\/v2\/media?parent=95"}],"wp:term":[{"taxonomy":"product_brand","embeddable":true,"href":"https:\/\/www.zeozoe.sk\/en\/wp-json\/wp\/v2\/product_brand?post=95"},{"taxonomy":"product_cat","embeddable":true,"href":"https:\/\/www.zeozoe.sk\/en\/wp-json\/wp\/v2\/product_cat?post=95"},{"taxonomy":"product_tag","embeddable":true,"href":"https:\/\/www.zeozoe.sk\/en\/wp-json\/wp\/v2\/product_tag?post=95"}],"curies":[{"name":"wp","href":"https:\/\/api.w.org\/{rel}","templated":true}]}}