{"id":976,"date":"2024-08-28T21:18:44","date_gmt":"2024-08-28T19:18:44","guid":{"rendered":"https:\/\/www.zeozoe.sk\/?post_type=product&#038;p=976"},"modified":"2026-04-24T11:43:18","modified_gmt":"2026-04-24T09:43:18","slug":"vlaknina-a-bylinky-mata","status":"publish","type":"product","link":"https:\/\/www.zeozoe.sk\/en\/product\/vlaknina-a-bylinky-mata\/","title":{"rendered":"Vl\u00e1knina a bylinky \u2013 m\u00e4ta"},"content":{"rendered":"<p><strong>Popis: <\/strong>vl\u00e1kninovo-bylinn\u00e9 dra\u017e\u00e9 z\u00a0pr\u00edrodn\u00fdch zlo\u017eiek. Tablety z pr\u00edrodn\u00fdch ingredienci\u00ed pre podporu zdrav\u00e9ho tr\u00e1venia a selekt\u00edvneho rastu probiotick\u00fdch kult\u00far v \u010drev\u00e1ch. Ide\u00e1lny snack do pr\u00e1ce, \u0161koly, na cestu, pri \u0161porte.<\/p>\n<ul>\n<li>Zdrav\u00e9 ma\u0161krtenie pre deti aj dospel\u00fdch.<\/li>\n<li>Perfektn\u00e1 alternat\u00edva k sladkostiam (cukr\u00edky).<\/li>\n<li>100% pr\u00edrodn\u00e9 zlo\u017eenie<\/li>\n<li>Z\u00e1kladom je \u010dakankov\u00e1 vl\u00e1knina s m\u00e4tov\u00fdm extraktom pre lahodn\u00fa chu\u0165.<\/li>\n<li>Bez konzervantov<\/li>\n<li>Vegan<\/li>\n<li>Bez lepku<\/li>\n<li>Bez umel\u00fdch sladidiel<\/li>\n<li>Bez mlieka a mlie\u010dnych zlo\u017eiek<\/li>\n<li>Vysok\u00fd obsah vl\u00e1kniny<\/li>\n<\/ul>\n<p>Odpor\u00fa\u010dan\u00e9 d\u00e1vkovanie: Deti od 6 do 12 rokov \u2013 10 tabliet denne. Deti od 12 rokov a dospel\u00ed \u2013 15 tabliet denne.<\/p>\n<p><strong>Obsah:<\/strong> 30 tabliet<\/p>\n<p><strong>Zlo\u017eenie<\/strong>: \u010dakankov\u00e1 vl\u00e1knina, trstinov\u00fd cukor, acerola, magn\u00e9zium stear\u00e1t, pr\u00edrodn\u00e1 ar\u00f3ma, extrakt z m\u00e4ty, chlorela.<\/p>","protected":false},"excerpt":{"rendered":"<p class=\"ai-optimize-29\">Vl\u00e1kninovo-bylinn\u00e9 dra\u017e\u00e9 z pr\u00edrodn\u00fdch zlo\u017eiek. Tablety z pr\u00edrodn\u00fdch ingredienci\u00ed pre podporu zdrav\u00e9ho tr\u00e1venia a selekt\u00edvneho rastu probiotick\u00fdch kult\u00far v \u010drev\u00e1ch. Ide\u00e1lny snack do pr\u00e1ce, \u0161koly, na cestu, pri \u0161porte.<\/p>\n<p class=\"ai-optimize-30\"><strong>Obsah:<\/strong> 30 tabliet<\/p>","protected":false},"featured_media":934,"comment_status":"open","ping_status":"closed","template":"","meta":[],"product_brand":[],"product_cat":[54,29],"product_tag":[],"class_list":{"0":"post-976","1":"product","2":"type-product","3":"status-publish","4":"has-post-thumbnail","6":"product_cat-vsetko","7":"product_cat-telo","9":"first","10":"instock","11":"taxable","12":"shipping-taxable","13":"purchasable","14":"product-type-simple"},"yoast_head":"<!-- This site is optimized with the Yoast SEO Premium plugin v25.2 (Yoast SEO v25.2) - https:\/\/yoast.com\/wordpress\/plugins\/seo\/ -->\n<title>Vl\u00e1knina a bylinky \u2013 m\u00e4ta - ZEOZOE\u00ae<\/title>\n<meta name=\"robots\" content=\"index, follow, max-snippet:-1, max-image-preview:large, max-video-preview:-1\" \/>\n<link rel=\"canonical\" href=\"https:\/\/www.zeozoe.sk\/en\/product\/vlaknina-a-bylinky-mata\/\" \/>\n<meta property=\"og:locale\" content=\"en_GB\" \/>\n<meta property=\"og:type\" content=\"article\" \/>\n<meta property=\"og:title\" content=\"Vl\u00e1knina a bylinky \u2013 m\u00e4ta\" \/>\n<meta property=\"og:description\" content=\"Vl\u00e1kninovo-bylinn\u00e9 dra\u017e\u00e9 z pr\u00edrodn\u00fdch zlo\u017eiek. Tablety z pr\u00edrodn\u00fdch ingredienci\u00ed pre podporu zdrav\u00e9ho tr\u00e1venia a selekt\u00edvneho rastu probiotick\u00fdch kult\u00far v \u010drev\u00e1ch. Ide\u00e1lny snack do pr\u00e1ce, \u0161koly, na cestu, pri \u0161porte. Obsah: 30 tabliet\" \/>\n<meta property=\"og:url\" content=\"https:\/\/www.zeozoe.sk\/en\/product\/vlaknina-a-bylinky-mata\/\" \/>\n<meta property=\"og:site_name\" content=\"ZEOZOE\u00ae\" \/>\n<meta property=\"article:modified_time\" content=\"2026-04-24T09:43:18+00:00\" \/>\n<meta property=\"og:image\" content=\"https:\/\/www.zeozoe.sk\/wp-content\/uploads\/2024\/08\/cukriky_mata_liqoil_zeozoe_g.webp\" \/>\n\t<meta property=\"og:image:width\" content=\"1500\" \/>\n\t<meta property=\"og:image:height\" content=\"1500\" \/>\n\t<meta property=\"og:image:type\" content=\"image\/webp\" \/>\n<meta name=\"twitter:card\" content=\"summary_large_image\" \/>\n<meta name=\"twitter:label1\" content=\"Estimated reading time\" \/>\n\t<meta name=\"twitter:data1\" content=\"1 minute\" \/>\n<script type=\"application\/ld+json\" class=\"yoast-schema-graph\">{\"@context\":\"https:\/\/schema.org\",\"@graph\":[{\"@type\":\"WebPage\",\"@id\":\"https:\/\/www.zeozoe.sk\/produkt\/vlaknina-a-bylinky-mata\/\",\"url\":\"https:\/\/www.zeozoe.sk\/produkt\/vlaknina-a-bylinky-mata\/\",\"name\":\"Vl\u00e1knina a bylinky \u2013 m\u00e4ta - ZEOZOE\u00ae\",\"isPartOf\":{\"@id\":\"https:\/\/www.zeozoe.sk\/#website\"},\"primaryImageOfPage\":{\"@id\":\"https:\/\/www.zeozoe.sk\/produkt\/vlaknina-a-bylinky-mata\/#primaryimage\"},\"image\":{\"@id\":\"https:\/\/www.zeozoe.sk\/produkt\/vlaknina-a-bylinky-mata\/#primaryimage\"},\"thumbnailUrl\":\"https:\/\/www.zeozoe.sk\/wp-content\/uploads\/2024\/08\/cukriky_mata_liqoil_zeozoe_g.webp\",\"datePublished\":\"2024-08-28T19:18:44+00:00\",\"dateModified\":\"2026-04-24T09:43:18+00:00\",\"breadcrumb\":{\"@id\":\"https:\/\/www.zeozoe.sk\/produkt\/vlaknina-a-bylinky-mata\/#breadcrumb\"},\"inLanguage\":\"en-GB\",\"potentialAction\":[{\"@type\":\"ReadAction\",\"target\":[\"https:\/\/www.zeozoe.sk\/produkt\/vlaknina-a-bylinky-mata\/\"]}]},{\"@type\":\"ImageObject\",\"inLanguage\":\"en-GB\",\"@id\":\"https:\/\/www.zeozoe.sk\/produkt\/vlaknina-a-bylinky-mata\/#primaryimage\",\"url\":\"https:\/\/www.zeozoe.sk\/wp-content\/uploads\/2024\/08\/cukriky_mata_liqoil_zeozoe_g.webp\",\"contentUrl\":\"https:\/\/www.zeozoe.sk\/wp-content\/uploads\/2024\/08\/cukriky_mata_liqoil_zeozoe_g.webp\",\"width\":1500,\"height\":1500},{\"@type\":\"BreadcrumbList\",\"@id\":\"https:\/\/www.zeozoe.sk\/produkt\/vlaknina-a-bylinky-mata\/#breadcrumb\",\"itemListElement\":[{\"@type\":\"ListItem\",\"position\":1,\"name\":\"Domov\",\"item\":\"https:\/\/www.zeozoe.sk\/\"},{\"@type\":\"ListItem\",\"position\":2,\"name\":\"Obchod\",\"item\":\"https:\/\/www.zeozoe.sk\/obchod\/\"},{\"@type\":\"ListItem\",\"position\":3,\"name\":\"Vl\u00e1knina a bylinky \u2013 m\u00e4ta\"}]},{\"@type\":\"WebSite\",\"@id\":\"https:\/\/www.zeozoe.sk\/#website\",\"url\":\"https:\/\/www.zeozoe.sk\/\",\"name\":\"ZEOZOE\u00ae\",\"description\":\"Zubn\u00fd pr\u00e1\u0161ok a tablety na pr\u00edrodnej b\u00e1ze\",\"potentialAction\":[{\"@type\":\"SearchAction\",\"target\":{\"@type\":\"EntryPoint\",\"urlTemplate\":\"https:\/\/www.zeozoe.sk\/?s={search_term_string}\"},\"query-input\":{\"@type\":\"PropertyValueSpecification\",\"valueRequired\":true,\"valueName\":\"search_term_string\"}}],\"inLanguage\":\"en-GB\"}]}<\/script>\n<!-- \/ Yoast SEO Premium plugin. -->","yoast_head_json":{"title":"Vl\u00e1knina a bylinky \u2013 m\u00e4ta - ZEOZOE\u00ae","robots":{"index":"index","follow":"follow","max-snippet":"max-snippet:-1","max-image-preview":"max-image-preview:large","max-video-preview":"max-video-preview:-1"},"canonical":"https:\/\/www.zeozoe.sk\/en\/product\/vlaknina-a-bylinky-mata\/","og_locale":"en_GB","og_type":"article","og_title":"Vl\u00e1knina a bylinky \u2013 m\u00e4ta","og_description":"Vl\u00e1kninovo-bylinn\u00e9 dra\u017e\u00e9 z pr\u00edrodn\u00fdch zlo\u017eiek. Tablety z pr\u00edrodn\u00fdch ingredienci\u00ed pre podporu zdrav\u00e9ho tr\u00e1venia a selekt\u00edvneho rastu probiotick\u00fdch kult\u00far v \u010drev\u00e1ch. Ide\u00e1lny snack do pr\u00e1ce, \u0161koly, na cestu, pri \u0161porte. Obsah: 30 tabliet","og_url":"https:\/\/www.zeozoe.sk\/en\/product\/vlaknina-a-bylinky-mata\/","og_site_name":"ZEOZOE\u00ae","article_modified_time":"2026-04-24T09:43:18+00:00","og_image":[{"width":1500,"height":1500,"url":"https:\/\/www.zeozoe.sk\/wp-content\/uploads\/2024\/08\/cukriky_mata_liqoil_zeozoe_g.webp","type":"image\/webp"}],"twitter_card":"summary_large_image","twitter_misc":{"Estimated reading time":"1 minute"},"schema":{"@context":"https:\/\/schema.org","@graph":[{"@type":"WebPage","@id":"https:\/\/www.zeozoe.sk\/produkt\/vlaknina-a-bylinky-mata\/","url":"https:\/\/www.zeozoe.sk\/produkt\/vlaknina-a-bylinky-mata\/","name":"Vl\u00e1knina a bylinky \u2013 m\u00e4ta - ZEOZOE\u00ae","isPartOf":{"@id":"https:\/\/www.zeozoe.sk\/#website"},"primaryImageOfPage":{"@id":"https:\/\/www.zeozoe.sk\/produkt\/vlaknina-a-bylinky-mata\/#primaryimage"},"image":{"@id":"https:\/\/www.zeozoe.sk\/produkt\/vlaknina-a-bylinky-mata\/#primaryimage"},"thumbnailUrl":"https:\/\/www.zeozoe.sk\/wp-content\/uploads\/2024\/08\/cukriky_mata_liqoil_zeozoe_g.webp","datePublished":"2024-08-28T19:18:44+00:00","dateModified":"2026-04-24T09:43:18+00:00","breadcrumb":{"@id":"https:\/\/www.zeozoe.sk\/produkt\/vlaknina-a-bylinky-mata\/#breadcrumb"},"inLanguage":"en-GB","potentialAction":[{"@type":"ReadAction","target":["https:\/\/www.zeozoe.sk\/produkt\/vlaknina-a-bylinky-mata\/"]}]},{"@type":"ImageObject","inLanguage":"en-GB","@id":"https:\/\/www.zeozoe.sk\/produkt\/vlaknina-a-bylinky-mata\/#primaryimage","url":"https:\/\/www.zeozoe.sk\/wp-content\/uploads\/2024\/08\/cukriky_mata_liqoil_zeozoe_g.webp","contentUrl":"https:\/\/www.zeozoe.sk\/wp-content\/uploads\/2024\/08\/cukriky_mata_liqoil_zeozoe_g.webp","width":1500,"height":1500},{"@type":"BreadcrumbList","@id":"https:\/\/www.zeozoe.sk\/produkt\/vlaknina-a-bylinky-mata\/#breadcrumb","itemListElement":[{"@type":"ListItem","position":1,"name":"Domov","item":"https:\/\/www.zeozoe.sk\/"},{"@type":"ListItem","position":2,"name":"Obchod","item":"https:\/\/www.zeozoe.sk\/obchod\/"},{"@type":"ListItem","position":3,"name":"Vl\u00e1knina a bylinky \u2013 m\u00e4ta"}]},{"@type":"WebSite","@id":"https:\/\/www.zeozoe.sk\/#website","url":"https:\/\/www.zeozoe.sk\/","name":"ZEOZOE\u00ae","description":"Zubn\u00fd pr\u00e1\u0161ok a tablety na pr\u00edrodnej b\u00e1ze","potentialAction":[{"@type":"SearchAction","target":{"@type":"EntryPoint","urlTemplate":"https:\/\/www.zeozoe.sk\/?s={search_term_string}"},"query-input":{"@type":"PropertyValueSpecification","valueRequired":true,"valueName":"search_term_string"}}],"inLanguage":"en-GB"}]}},"_links":{"self":[{"href":"https:\/\/www.zeozoe.sk\/en\/wp-json\/wp\/v2\/product\/976","targetHints":{"allow":["GET"]}}],"collection":[{"href":"https:\/\/www.zeozoe.sk\/en\/wp-json\/wp\/v2\/product"}],"about":[{"href":"https:\/\/www.zeozoe.sk\/en\/wp-json\/wp\/v2\/types\/product"}],"replies":[{"embeddable":true,"href":"https:\/\/www.zeozoe.sk\/en\/wp-json\/wp\/v2\/comments?post=976"}],"wp:featuredmedia":[{"embeddable":true,"href":"https:\/\/www.zeozoe.sk\/en\/wp-json\/wp\/v2\/media\/934"}],"wp:attachment":[{"href":"https:\/\/www.zeozoe.sk\/en\/wp-json\/wp\/v2\/media?parent=976"}],"wp:term":[{"taxonomy":"product_brand","embeddable":true,"href":"https:\/\/www.zeozoe.sk\/en\/wp-json\/wp\/v2\/product_brand?post=976"},{"taxonomy":"product_cat","embeddable":true,"href":"https:\/\/www.zeozoe.sk\/en\/wp-json\/wp\/v2\/product_cat?post=976"},{"taxonomy":"product_tag","embeddable":true,"href":"https:\/\/www.zeozoe.sk\/en\/wp-json\/wp\/v2\/product_tag?post=976"}],"curies":[{"name":"wp","href":"https:\/\/api.w.org\/{rel}","templated":true}]}}