{"id":978,"date":"2024-08-28T21:26:33","date_gmt":"2024-08-28T19:26:33","guid":{"rendered":"https:\/\/www.zeozoe.sk\/?post_type=product&#038;p=978"},"modified":"2026-04-22T12:47:51","modified_gmt":"2026-04-22T10:47:51","slug":"balzam-na-pery-medovka","status":"publish","type":"product","link":"https:\/\/www.zeozoe.sk\/en\/product\/balzam-na-pery-medovka\/","title":{"rendered":"Balzam na pery Medovka Melissa"},"content":{"rendered":"<p><strong>Popis<\/strong>: Bylinkov\u00fd balzam na pery obohaten\u00fd o mrazom su\u0161en\u00fa medovku lek\u00e1rsku, ktor\u00e1 p\u00f4sob\u00ed prevent\u00edvne proti oparom, poskytuje intenz\u00edvnu hydrat\u00e1ciu a starostlivos\u0165. Vyroben\u00fd zo 100% pr\u00edrodn\u00fdch ingredienci\u00ed, obsahuje extrakt z medovky, ktor\u00e1 si v\u010faka \u0161etrn\u00e9mu su\u0161eniu zachov\u00e1va v\u0161etky akt\u00edvne l\u00e1tky. Medovka je zn\u00e1ma svojou schopnos\u0165ou inhibova\u0165 Herpes simplex v\u00edrus (HSV-2), \u010d\u00edm pom\u00e1ha zni\u017eova\u0165 riziko vzniku oparov. Balzam m\u00e1 pr\u00edjemn\u00fa v\u00f4\u0148u medovky a zlo\u017eky ako v\u010del\u00ed vosk, bambuck\u00e9 maslo, rastlinn\u00e1 n\u00e1hrada lanol\u00ednu a za studena lisovan\u00fd olej z marhu\u013eov\u00fdch jadier zais\u0165uj\u00fa hydrat\u00e1ciu a regener\u00e1ciu pier. Vysok\u00fd obsah vitam\u00ednu E chr\u00e1ni balzam pred oxid\u00e1ciou. Balzam je \u013eahko aplikovate\u013en\u00fd v ty\u010dinkovom form\u00e1te, m\u00e1 pevn\u00fa konzistenciu, odol\u00e1va vy\u0161\u0161\u00edm teplot\u00e1m a dod\u00e1va per\u00e1m kr\u00e1sny lesk.<\/p>\n<p><strong>Zlo\u017eenie: <\/strong>Prunus Armeniaca Kernel Oil, Cera Alba, Glyceryl Rosinate, Ricinus Communis Seed Oil, Hydrogenated Vegetable Oil, Butyrospermum Parkii, Zinc Oxide, Melissa Officinalis Lyophilised Leaf Powder, Tocopherol, Melissa Officinalis Leaf Oil, *Citral, *Eugenol, *Geraniol, * Citronellol, *Limonene, *Linallol.<\/p>\n<p>*zlo\u017eky prirodzene vyskytuj\u00face sa v esenci\u00e1lnom oleji.<\/p>\n<p><strong>Pou\u017eitie<\/strong>: \u00a0Aplikujte na \u010dist\u00fa poko\u017eku pier kedyko\u013evek po\u010das d\u0148a.<\/p>\n<p><strong>Objem:<\/strong>\u00a04,8g<\/p>","protected":false},"excerpt":{"rendered":"<p>Bylinkov\u00fd balzam na pery obohaten\u00fd o mrazom su\u0161en\u00fa medovku lek\u00e1rsku, ktor\u00e1 p\u00f4sob\u00ed prevent\u00edvne proti oparom, poskytuje intenz\u00edvnu hydrat\u00e1ciu a starostlivos\u0165.<\/p>\n<p><strong>Objem:<\/strong>\u00a04,8g<\/p>","protected":false},"featured_media":4825,"comment_status":"open","ping_status":"closed","template":"","meta":[],"product_brand":[],"product_cat":[54,30],"product_tag":[],"class_list":{"0":"post-978","1":"product","2":"type-product","3":"status-publish","4":"has-post-thumbnail","6":"product_cat-vsetko","7":"product_cat-tvar","9":"first","10":"instock","11":"taxable","12":"shipping-taxable","13":"purchasable","14":"product-type-simple"},"yoast_head":"<!-- This site is optimized with the Yoast SEO Premium plugin v25.2 (Yoast SEO v25.2) - https:\/\/yoast.com\/wordpress\/plugins\/seo\/ -->\n<title>Balzam na pery Medovka Melissa - ZEOZOE\u00ae<\/title>\n<meta name=\"description\" content=\"balz\u00e1m na pery s pr\u00edrodn\u00fdm zlo\u017een\u00edm, medovka a bambuck\u00e9 maslo, hydratuje a prevent\u00edvne p\u00f4sob\u00ed proti oparoml, pery s\u00fa kr\u00e1sne a \u0161\u0165avnat\u00e9\" \/>\n<meta name=\"robots\" content=\"index, follow, max-snippet:-1, max-image-preview:large, max-video-preview:-1\" \/>\n<link rel=\"canonical\" href=\"https:\/\/www.zeozoe.sk\/en\/product\/balzam-na-pery-medovka\/\" \/>\n<meta property=\"og:locale\" content=\"en_GB\" \/>\n<meta property=\"og:type\" content=\"article\" \/>\n<meta property=\"og:title\" content=\"Balzam na pery Medovka Melissa\" \/>\n<meta property=\"og:description\" content=\"balz\u00e1m na pery s pr\u00edrodn\u00fdm zlo\u017een\u00edm, medovka a bambuck\u00e9 maslo, hydratuje a prevent\u00edvne p\u00f4sob\u00ed proti oparoml, pery s\u00fa kr\u00e1sne a \u0161\u0165avnat\u00e9\" \/>\n<meta property=\"og:url\" content=\"https:\/\/www.zeozoe.sk\/en\/product\/balzam-na-pery-medovka\/\" \/>\n<meta property=\"og:site_name\" content=\"ZEOZOE\u00ae\" \/>\n<meta property=\"article:modified_time\" content=\"2026-04-22T10:47:51+00:00\" \/>\n<meta property=\"og:image\" content=\"https:\/\/www.zeozoe.sk\/wp-content\/uploads\/2024\/08\/108.jpg\" \/>\n\t<meta property=\"og:image:width\" content=\"1080\" \/>\n\t<meta property=\"og:image:height\" content=\"1080\" \/>\n\t<meta property=\"og:image:type\" content=\"image\/jpeg\" \/>\n<meta name=\"twitter:card\" content=\"summary_large_image\" \/>\n<meta name=\"twitter:label1\" content=\"Estimated reading time\" \/>\n\t<meta name=\"twitter:data1\" content=\"2 minutes\" \/>\n<script type=\"application\/ld+json\" class=\"yoast-schema-graph\">{\"@context\":\"https:\/\/schema.org\",\"@graph\":[{\"@type\":\"WebPage\",\"@id\":\"https:\/\/www.zeozoe.sk\/produkt\/balzam-na-pery-medovka\/\",\"url\":\"https:\/\/www.zeozoe.sk\/produkt\/balzam-na-pery-medovka\/\",\"name\":\"Balzam na pery Medovka Melissa - ZEOZOE\u00ae\",\"isPartOf\":{\"@id\":\"https:\/\/www.zeozoe.sk\/#website\"},\"primaryImageOfPage\":{\"@id\":\"https:\/\/www.zeozoe.sk\/produkt\/balzam-na-pery-medovka\/#primaryimage\"},\"image\":{\"@id\":\"https:\/\/www.zeozoe.sk\/produkt\/balzam-na-pery-medovka\/#primaryimage\"},\"thumbnailUrl\":\"https:\/\/www.zeozoe.sk\/wp-content\/uploads\/2024\/08\/108.jpg\",\"datePublished\":\"2024-08-28T19:26:33+00:00\",\"dateModified\":\"2026-04-22T10:47:51+00:00\",\"description\":\"balz\u00e1m na pery s pr\u00edrodn\u00fdm zlo\u017een\u00edm, medovka a bambuck\u00e9 maslo, hydratuje a prevent\u00edvne p\u00f4sob\u00ed proti oparoml, pery s\u00fa kr\u00e1sne a \u0161\u0165avnat\u00e9\",\"breadcrumb\":{\"@id\":\"https:\/\/www.zeozoe.sk\/produkt\/balzam-na-pery-medovka\/#breadcrumb\"},\"inLanguage\":\"en-GB\",\"potentialAction\":[{\"@type\":\"ReadAction\",\"target\":[\"https:\/\/www.zeozoe.sk\/produkt\/balzam-na-pery-medovka\/\"]}]},{\"@type\":\"ImageObject\",\"inLanguage\":\"en-GB\",\"@id\":\"https:\/\/www.zeozoe.sk\/produkt\/balzam-na-pery-medovka\/#primaryimage\",\"url\":\"https:\/\/www.zeozoe.sk\/wp-content\/uploads\/2024\/08\/108.jpg\",\"contentUrl\":\"https:\/\/www.zeozoe.sk\/wp-content\/uploads\/2024\/08\/108.jpg\",\"width\":1080,\"height\":1080},{\"@type\":\"BreadcrumbList\",\"@id\":\"https:\/\/www.zeozoe.sk\/produkt\/balzam-na-pery-medovka\/#breadcrumb\",\"itemListElement\":[{\"@type\":\"ListItem\",\"position\":1,\"name\":\"Domov\",\"item\":\"https:\/\/www.zeozoe.sk\/\"},{\"@type\":\"ListItem\",\"position\":2,\"name\":\"Obchod\",\"item\":\"https:\/\/www.zeozoe.sk\/obchod\/\"},{\"@type\":\"ListItem\",\"position\":3,\"name\":\"Balzam na pery Medovka Melissa\"}]},{\"@type\":\"WebSite\",\"@id\":\"https:\/\/www.zeozoe.sk\/#website\",\"url\":\"https:\/\/www.zeozoe.sk\/\",\"name\":\"ZEOZOE\u00ae\",\"description\":\"Zubn\u00fd pr\u00e1\u0161ok a tablety na pr\u00edrodnej b\u00e1ze\",\"potentialAction\":[{\"@type\":\"SearchAction\",\"target\":{\"@type\":\"EntryPoint\",\"urlTemplate\":\"https:\/\/www.zeozoe.sk\/?s={search_term_string}\"},\"query-input\":{\"@type\":\"PropertyValueSpecification\",\"valueRequired\":true,\"valueName\":\"search_term_string\"}}],\"inLanguage\":\"en-GB\"}]}<\/script>\n<!-- \/ Yoast SEO Premium plugin. -->","yoast_head_json":{"title":"Balzam na pery Medovka Melissa - ZEOZOE\u00ae","description":"balz\u00e1m na pery s pr\u00edrodn\u00fdm zlo\u017een\u00edm, medovka a bambuck\u00e9 maslo, hydratuje a prevent\u00edvne p\u00f4sob\u00ed proti oparoml, pery s\u00fa kr\u00e1sne a \u0161\u0165avnat\u00e9","robots":{"index":"index","follow":"follow","max-snippet":"max-snippet:-1","max-image-preview":"max-image-preview:large","max-video-preview":"max-video-preview:-1"},"canonical":"https:\/\/www.zeozoe.sk\/en\/product\/balzam-na-pery-medovka\/","og_locale":"en_GB","og_type":"article","og_title":"Balzam na pery Medovka Melissa","og_description":"balz\u00e1m na pery s pr\u00edrodn\u00fdm zlo\u017een\u00edm, medovka a bambuck\u00e9 maslo, hydratuje a prevent\u00edvne p\u00f4sob\u00ed proti oparoml, pery s\u00fa kr\u00e1sne a \u0161\u0165avnat\u00e9","og_url":"https:\/\/www.zeozoe.sk\/en\/product\/balzam-na-pery-medovka\/","og_site_name":"ZEOZOE\u00ae","article_modified_time":"2026-04-22T10:47:51+00:00","og_image":[{"width":1080,"height":1080,"url":"https:\/\/www.zeozoe.sk\/wp-content\/uploads\/2024\/08\/108.jpg","type":"image\/jpeg"}],"twitter_card":"summary_large_image","twitter_misc":{"Estimated reading time":"2 minutes"},"schema":{"@context":"https:\/\/schema.org","@graph":[{"@type":"WebPage","@id":"https:\/\/www.zeozoe.sk\/produkt\/balzam-na-pery-medovka\/","url":"https:\/\/www.zeozoe.sk\/produkt\/balzam-na-pery-medovka\/","name":"Balzam na pery Medovka Melissa - ZEOZOE\u00ae","isPartOf":{"@id":"https:\/\/www.zeozoe.sk\/#website"},"primaryImageOfPage":{"@id":"https:\/\/www.zeozoe.sk\/produkt\/balzam-na-pery-medovka\/#primaryimage"},"image":{"@id":"https:\/\/www.zeozoe.sk\/produkt\/balzam-na-pery-medovka\/#primaryimage"},"thumbnailUrl":"https:\/\/www.zeozoe.sk\/wp-content\/uploads\/2024\/08\/108.jpg","datePublished":"2024-08-28T19:26:33+00:00","dateModified":"2026-04-22T10:47:51+00:00","description":"balz\u00e1m na pery s pr\u00edrodn\u00fdm zlo\u017een\u00edm, medovka a bambuck\u00e9 maslo, hydratuje a prevent\u00edvne p\u00f4sob\u00ed proti oparoml, pery s\u00fa kr\u00e1sne a \u0161\u0165avnat\u00e9","breadcrumb":{"@id":"https:\/\/www.zeozoe.sk\/produkt\/balzam-na-pery-medovka\/#breadcrumb"},"inLanguage":"en-GB","potentialAction":[{"@type":"ReadAction","target":["https:\/\/www.zeozoe.sk\/produkt\/balzam-na-pery-medovka\/"]}]},{"@type":"ImageObject","inLanguage":"en-GB","@id":"https:\/\/www.zeozoe.sk\/produkt\/balzam-na-pery-medovka\/#primaryimage","url":"https:\/\/www.zeozoe.sk\/wp-content\/uploads\/2024\/08\/108.jpg","contentUrl":"https:\/\/www.zeozoe.sk\/wp-content\/uploads\/2024\/08\/108.jpg","width":1080,"height":1080},{"@type":"BreadcrumbList","@id":"https:\/\/www.zeozoe.sk\/produkt\/balzam-na-pery-medovka\/#breadcrumb","itemListElement":[{"@type":"ListItem","position":1,"name":"Domov","item":"https:\/\/www.zeozoe.sk\/"},{"@type":"ListItem","position":2,"name":"Obchod","item":"https:\/\/www.zeozoe.sk\/obchod\/"},{"@type":"ListItem","position":3,"name":"Balzam na pery Medovka Melissa"}]},{"@type":"WebSite","@id":"https:\/\/www.zeozoe.sk\/#website","url":"https:\/\/www.zeozoe.sk\/","name":"ZEOZOE\u00ae","description":"Zubn\u00fd pr\u00e1\u0161ok a tablety na pr\u00edrodnej b\u00e1ze","potentialAction":[{"@type":"SearchAction","target":{"@type":"EntryPoint","urlTemplate":"https:\/\/www.zeozoe.sk\/?s={search_term_string}"},"query-input":{"@type":"PropertyValueSpecification","valueRequired":true,"valueName":"search_term_string"}}],"inLanguage":"en-GB"}]}},"_links":{"self":[{"href":"https:\/\/www.zeozoe.sk\/en\/wp-json\/wp\/v2\/product\/978","targetHints":{"allow":["GET"]}}],"collection":[{"href":"https:\/\/www.zeozoe.sk\/en\/wp-json\/wp\/v2\/product"}],"about":[{"href":"https:\/\/www.zeozoe.sk\/en\/wp-json\/wp\/v2\/types\/product"}],"replies":[{"embeddable":true,"href":"https:\/\/www.zeozoe.sk\/en\/wp-json\/wp\/v2\/comments?post=978"}],"wp:featuredmedia":[{"embeddable":true,"href":"https:\/\/www.zeozoe.sk\/en\/wp-json\/wp\/v2\/media\/4825"}],"wp:attachment":[{"href":"https:\/\/www.zeozoe.sk\/en\/wp-json\/wp\/v2\/media?parent=978"}],"wp:term":[{"taxonomy":"product_brand","embeddable":true,"href":"https:\/\/www.zeozoe.sk\/en\/wp-json\/wp\/v2\/product_brand?post=978"},{"taxonomy":"product_cat","embeddable":true,"href":"https:\/\/www.zeozoe.sk\/en\/wp-json\/wp\/v2\/product_cat?post=978"},{"taxonomy":"product_tag","embeddable":true,"href":"https:\/\/www.zeozoe.sk\/en\/wp-json\/wp\/v2\/product_tag?post=978"}],"curies":[{"name":"wp","href":"https:\/\/api.w.org\/{rel}","templated":true}]}}