{"id":980,"date":"2024-08-28T21:32:45","date_gmt":"2024-08-28T19:32:45","guid":{"rendered":"https:\/\/www.zeozoe.sk\/?post_type=product&#038;p=980"},"modified":"2026-03-17T10:27:57","modified_gmt":"2026-03-17T09:27:57","slug":"balzam-na-pery-kvetinka","status":"publish","type":"product","link":"https:\/\/www.zeozoe.sk\/en\/product\/balzam-na-pery-kvetinka\/","title":{"rendered":"Balzam na pery Jahoda"},"content":{"rendered":"<p class=\"\" data-start=\"57\" data-end=\"259\">Dodaj svojim per\u00e1m prirodzen\u00fd jas! Tento hydrata\u010dn\u00fd balzam s jemnou jahodovou v\u00f4\u0148ou nezafarb\u00ed, ale kr\u00e1sne zv\u00fdrazn\u00ed tvoju prirodzen\u00fa farbu pier. \ud83c\udf38 Hydratuje, vy\u017eivuje a zanech\u00e1 pery hebk\u00e9 po cel\u00fd de\u0148.<\/p>\n<p class=\"\" data-start=\"261\" data-end=\"349\">\ud83d\udc49 100 % pr\u00edrodn\u00e9 zlo\u017eenie<\/p>\n<p class=\"\" data-start=\"261\" data-end=\"349\">\ud83d\udc49 Jemn\u00e1 starostlivos\u0165 a v\u00fd\u017eiva<\/p>\n<p class=\"\" data-start=\"261\" data-end=\"349\">\ud83d\udc49 Svie\u017ea jahodov\u00e1 v\u00f4\u0148a<\/p>\n<p class=\"\" data-start=\"261\" data-end=\"349\">\ud83d\udc49 Vyroben\u00e9 na Slovensku<\/p>\n<p class=\"\" data-start=\"351\" data-end=\"390\">Objav prirodzen\u00fa kr\u00e1su svojich pier! \ud83d\udc96<\/p>\n<p>Produkt obsahuje nerafinovan\u00fd \u017elt\u00fd v\u010del\u00ed vosk a v s\u00falade so Smernicami EU 2003\/15\/ES a 76\/768\/EHS nebol testovan\u00fd na zvierat\u00e1ch.<\/p>\n<p><strong>Zlo\u017eenie: <\/strong>Prunus Armeniaca Kernel Oil, Cera Alba, Glyceryl Rosinate, Ricinus Communis Seed Oil, Butyrospermum Parkii, Zinc Oxide, Mica, CI77019, CI77891, CI77491, CI 77742, Strawberry Natural Flavour, Tocopherol<\/p>\n<p><strong>Pou\u017eitie<\/strong>: \u00a0Aplikujte na \u010dist\u00fa poko\u017eku pier kedyko\u013evek po\u010das d\u0148a.<\/p>\n<p><strong>Objem:<\/strong>\u00a04,8g<\/p>","protected":false},"excerpt":{"rendered":"<p>\u2728 Objav balzam, ktor\u00fd zv\u00fdrazn\u00ed kr\u00e1su tvojich pier! \ud83c\udf53 Bez zafarbenia, len prirodzen\u00fd jas a hydrat\u00e1cia pre dokonale hebk\u00e9 pery. \ud83d\udc8b\ud83c\udf3f<\/p>\n<p><strong>Objem:<\/strong>\u00a04,8g<\/p>","protected":false},"featured_media":4824,"comment_status":"open","ping_status":"closed","template":"","meta":[],"product_brand":[],"product_cat":[54,30],"product_tag":[],"class_list":{"0":"post-980","1":"product","2":"type-product","3":"status-publish","4":"has-post-thumbnail","6":"product_cat-vsetko","7":"product_cat-tvar","9":"first","10":"instock","11":"taxable","12":"shipping-taxable","13":"purchasable","14":"product-type-simple"},"yoast_head":"<!-- This site is optimized with the Yoast SEO Premium plugin v25.2 (Yoast SEO v25.2) - https:\/\/yoast.com\/wordpress\/plugins\/seo\/ -->\n<title>Balzam na pery Jahoda - ZEOZOE\u00ae<\/title>\n<meta name=\"robots\" content=\"index, follow, max-snippet:-1, max-image-preview:large, max-video-preview:-1\" \/>\n<link rel=\"canonical\" href=\"https:\/\/www.zeozoe.sk\/en\/product\/balzam-na-pery-kvetinka\/\" \/>\n<meta property=\"og:locale\" content=\"en_GB\" \/>\n<meta property=\"og:type\" content=\"article\" \/>\n<meta property=\"og:title\" content=\"Balzam na pery Jahoda\" \/>\n<meta property=\"og:description\" content=\"\u2728 Objav balzam, ktor\u00fd zv\u00fdrazn\u00ed kr\u00e1su tvojich pier! \ud83c\udf53 Bez zafarbenia, len prirodzen\u00fd jas a hydrat\u00e1cia pre dokonale hebk\u00e9 pery. \ud83d\udc8b\ud83c\udf3f  Objem:\u00a04,8g\" \/>\n<meta property=\"og:url\" content=\"https:\/\/www.zeozoe.sk\/en\/product\/balzam-na-pery-kvetinka\/\" \/>\n<meta property=\"og:site_name\" content=\"ZEOZOE\u00ae\" \/>\n<meta property=\"article:modified_time\" content=\"2026-03-17T09:27:57+00:00\" \/>\n<meta property=\"og:image\" content=\"https:\/\/www.zeozoe.sk\/wp-content\/uploads\/2024\/08\/109.jpg\" \/>\n\t<meta property=\"og:image:width\" content=\"1080\" \/>\n\t<meta property=\"og:image:height\" content=\"1080\" \/>\n\t<meta property=\"og:image:type\" content=\"image\/jpeg\" \/>\n<meta name=\"twitter:card\" content=\"summary_large_image\" \/>\n<meta name=\"twitter:label1\" content=\"Estimated reading time\" \/>\n\t<meta name=\"twitter:data1\" content=\"1 minute\" \/>\n<script type=\"application\/ld+json\" class=\"yoast-schema-graph\">{\"@context\":\"https:\/\/schema.org\",\"@graph\":[{\"@type\":\"WebPage\",\"@id\":\"https:\/\/www.zeozoe.sk\/produkt\/balzam-na-pery-kvetinka\/\",\"url\":\"https:\/\/www.zeozoe.sk\/produkt\/balzam-na-pery-kvetinka\/\",\"name\":\"Balzam na pery Jahoda - ZEOZOE\u00ae\",\"isPartOf\":{\"@id\":\"https:\/\/www.zeozoe.sk\/#website\"},\"primaryImageOfPage\":{\"@id\":\"https:\/\/www.zeozoe.sk\/produkt\/balzam-na-pery-kvetinka\/#primaryimage\"},\"image\":{\"@id\":\"https:\/\/www.zeozoe.sk\/produkt\/balzam-na-pery-kvetinka\/#primaryimage\"},\"thumbnailUrl\":\"https:\/\/www.zeozoe.sk\/wp-content\/uploads\/2024\/08\/109.jpg\",\"datePublished\":\"2024-08-28T19:32:45+00:00\",\"dateModified\":\"2026-03-17T09:27:57+00:00\",\"breadcrumb\":{\"@id\":\"https:\/\/www.zeozoe.sk\/produkt\/balzam-na-pery-kvetinka\/#breadcrumb\"},\"inLanguage\":\"en-GB\",\"potentialAction\":[{\"@type\":\"ReadAction\",\"target\":[\"https:\/\/www.zeozoe.sk\/produkt\/balzam-na-pery-kvetinka\/\"]}]},{\"@type\":\"ImageObject\",\"inLanguage\":\"en-GB\",\"@id\":\"https:\/\/www.zeozoe.sk\/produkt\/balzam-na-pery-kvetinka\/#primaryimage\",\"url\":\"https:\/\/www.zeozoe.sk\/wp-content\/uploads\/2024\/08\/109.jpg\",\"contentUrl\":\"https:\/\/www.zeozoe.sk\/wp-content\/uploads\/2024\/08\/109.jpg\",\"width\":1080,\"height\":1080},{\"@type\":\"BreadcrumbList\",\"@id\":\"https:\/\/www.zeozoe.sk\/produkt\/balzam-na-pery-kvetinka\/#breadcrumb\",\"itemListElement\":[{\"@type\":\"ListItem\",\"position\":1,\"name\":\"Domov\",\"item\":\"https:\/\/www.zeozoe.sk\/\"},{\"@type\":\"ListItem\",\"position\":2,\"name\":\"Obchod\",\"item\":\"https:\/\/www.zeozoe.sk\/obchod\/\"},{\"@type\":\"ListItem\",\"position\":3,\"name\":\"Balzam na pery Jahoda\"}]},{\"@type\":\"WebSite\",\"@id\":\"https:\/\/www.zeozoe.sk\/#website\",\"url\":\"https:\/\/www.zeozoe.sk\/\",\"name\":\"ZEOZOE\u00ae\",\"description\":\"Zubn\u00fd pr\u00e1\u0161ok a tablety na pr\u00edrodnej b\u00e1ze\",\"potentialAction\":[{\"@type\":\"SearchAction\",\"target\":{\"@type\":\"EntryPoint\",\"urlTemplate\":\"https:\/\/www.zeozoe.sk\/?s={search_term_string}\"},\"query-input\":{\"@type\":\"PropertyValueSpecification\",\"valueRequired\":true,\"valueName\":\"search_term_string\"}}],\"inLanguage\":\"en-GB\"}]}<\/script>\n<!-- \/ Yoast SEO Premium plugin. -->","yoast_head_json":{"title":"Balzam na pery Jahoda - ZEOZOE\u00ae","robots":{"index":"index","follow":"follow","max-snippet":"max-snippet:-1","max-image-preview":"max-image-preview:large","max-video-preview":"max-video-preview:-1"},"canonical":"https:\/\/www.zeozoe.sk\/en\/product\/balzam-na-pery-kvetinka\/","og_locale":"en_GB","og_type":"article","og_title":"Balzam na pery Jahoda","og_description":"\u2728 Objav balzam, ktor\u00fd zv\u00fdrazn\u00ed kr\u00e1su tvojich pier! \ud83c\udf53 Bez zafarbenia, len prirodzen\u00fd jas a hydrat\u00e1cia pre dokonale hebk\u00e9 pery. \ud83d\udc8b\ud83c\udf3f  Objem:\u00a04,8g","og_url":"https:\/\/www.zeozoe.sk\/en\/product\/balzam-na-pery-kvetinka\/","og_site_name":"ZEOZOE\u00ae","article_modified_time":"2026-03-17T09:27:57+00:00","og_image":[{"width":1080,"height":1080,"url":"https:\/\/www.zeozoe.sk\/wp-content\/uploads\/2024\/08\/109.jpg","type":"image\/jpeg"}],"twitter_card":"summary_large_image","twitter_misc":{"Estimated reading time":"1 minute"},"schema":{"@context":"https:\/\/schema.org","@graph":[{"@type":"WebPage","@id":"https:\/\/www.zeozoe.sk\/produkt\/balzam-na-pery-kvetinka\/","url":"https:\/\/www.zeozoe.sk\/produkt\/balzam-na-pery-kvetinka\/","name":"Balzam na pery Jahoda - ZEOZOE\u00ae","isPartOf":{"@id":"https:\/\/www.zeozoe.sk\/#website"},"primaryImageOfPage":{"@id":"https:\/\/www.zeozoe.sk\/produkt\/balzam-na-pery-kvetinka\/#primaryimage"},"image":{"@id":"https:\/\/www.zeozoe.sk\/produkt\/balzam-na-pery-kvetinka\/#primaryimage"},"thumbnailUrl":"https:\/\/www.zeozoe.sk\/wp-content\/uploads\/2024\/08\/109.jpg","datePublished":"2024-08-28T19:32:45+00:00","dateModified":"2026-03-17T09:27:57+00:00","breadcrumb":{"@id":"https:\/\/www.zeozoe.sk\/produkt\/balzam-na-pery-kvetinka\/#breadcrumb"},"inLanguage":"en-GB","potentialAction":[{"@type":"ReadAction","target":["https:\/\/www.zeozoe.sk\/produkt\/balzam-na-pery-kvetinka\/"]}]},{"@type":"ImageObject","inLanguage":"en-GB","@id":"https:\/\/www.zeozoe.sk\/produkt\/balzam-na-pery-kvetinka\/#primaryimage","url":"https:\/\/www.zeozoe.sk\/wp-content\/uploads\/2024\/08\/109.jpg","contentUrl":"https:\/\/www.zeozoe.sk\/wp-content\/uploads\/2024\/08\/109.jpg","width":1080,"height":1080},{"@type":"BreadcrumbList","@id":"https:\/\/www.zeozoe.sk\/produkt\/balzam-na-pery-kvetinka\/#breadcrumb","itemListElement":[{"@type":"ListItem","position":1,"name":"Domov","item":"https:\/\/www.zeozoe.sk\/"},{"@type":"ListItem","position":2,"name":"Obchod","item":"https:\/\/www.zeozoe.sk\/obchod\/"},{"@type":"ListItem","position":3,"name":"Balzam na pery Jahoda"}]},{"@type":"WebSite","@id":"https:\/\/www.zeozoe.sk\/#website","url":"https:\/\/www.zeozoe.sk\/","name":"ZEOZOE\u00ae","description":"Zubn\u00fd pr\u00e1\u0161ok a tablety na pr\u00edrodnej b\u00e1ze","potentialAction":[{"@type":"SearchAction","target":{"@type":"EntryPoint","urlTemplate":"https:\/\/www.zeozoe.sk\/?s={search_term_string}"},"query-input":{"@type":"PropertyValueSpecification","valueRequired":true,"valueName":"search_term_string"}}],"inLanguage":"en-GB"}]}},"_links":{"self":[{"href":"https:\/\/www.zeozoe.sk\/en\/wp-json\/wp\/v2\/product\/980","targetHints":{"allow":["GET"]}}],"collection":[{"href":"https:\/\/www.zeozoe.sk\/en\/wp-json\/wp\/v2\/product"}],"about":[{"href":"https:\/\/www.zeozoe.sk\/en\/wp-json\/wp\/v2\/types\/product"}],"replies":[{"embeddable":true,"href":"https:\/\/www.zeozoe.sk\/en\/wp-json\/wp\/v2\/comments?post=980"}],"wp:featuredmedia":[{"embeddable":true,"href":"https:\/\/www.zeozoe.sk\/en\/wp-json\/wp\/v2\/media\/4824"}],"wp:attachment":[{"href":"https:\/\/www.zeozoe.sk\/en\/wp-json\/wp\/v2\/media?parent=980"}],"wp:term":[{"taxonomy":"product_brand","embeddable":true,"href":"https:\/\/www.zeozoe.sk\/en\/wp-json\/wp\/v2\/product_brand?post=980"},{"taxonomy":"product_cat","embeddable":true,"href":"https:\/\/www.zeozoe.sk\/en\/wp-json\/wp\/v2\/product_cat?post=980"},{"taxonomy":"product_tag","embeddable":true,"href":"https:\/\/www.zeozoe.sk\/en\/wp-json\/wp\/v2\/product_tag?post=980"}],"curies":[{"name":"wp","href":"https:\/\/api.w.org\/{rel}","templated":true}]}}