{"id":981,"date":"2024-08-28T21:37:03","date_gmt":"2024-08-28T19:37:03","guid":{"rendered":"https:\/\/www.zeozoe.sk\/?post_type=product&#038;p=981"},"modified":"2026-03-25T08:53:49","modified_gmt":"2026-03-25T07:53:49","slug":"first-aid-moisturising-hyaluronic-serum-pletove-serum","status":"publish","type":"product","link":"https:\/\/www.zeozoe.sk\/en\/product\/first-aid-moisturising-hyaluronic-serum-pletove-serum\/","title":{"rendered":"First aid moisturising hyaluronic serum \u2013 ple\u0165ov\u00e9 s\u00e9rum"},"content":{"rendered":"<p><strong>Popis: <\/strong>Hydrata\u010dn\u00e9 ple\u0165ov\u00e9 s\u00e9rum s kyselinou hyalur\u00f3novou a pantenolom.<\/p>\n<p>Vhodn\u00e9 pre v\u0161etky typy pleti, toto s\u00e9rum s kyselinou hyalur\u00f3novou a pantenolom poskytuje intenz\u00edvnu hydrat\u00e1ciu a podporuje redukciu vr\u00e1sok. M\u00e1 \u013eahk\u00fa konzistenciu a r\u00fdchlo sa vstreb\u00e1va, zanech\u00e1vaj\u00fac ple\u0165 hladk\u00fa a svie\u017eu. Zlo\u017eenie\u00a0je 100% pr\u00edrodn\u00e9 a VEGAN bez obsahu \u017eivo\u010d\u00ed\u0161nych zlo\u017eiek.<\/p>\n<p><strong>Zlo\u017eenie: <\/strong>Aqua, Glycerin, Panthenol, Phenethyl\u2002alcohol, Sodium hyaluronate, Xanthan gum, Lavandula angustifolia (Lavender) Flower Oil, Pelargonium Graveolens Flower Oil, *Linalool, *Limonene, *Citronellol, *Geraniol.<\/p>\n<p>*zlo\u017eky prirodzene vyskytuj\u00face sa v esenci\u00e1lnom oleji.<\/p>\n<p><strong>Pou\u017eitie:<\/strong> S\u00e9rum nan\u00e1\u0161ajte na \u010dist\u00fa poko\u017eku tv\u00e1re.<\/p>\n<p><strong>Objem:<\/strong> 30 ml<\/p>","protected":false},"excerpt":{"rendered":"<p class=\"ai-optimize-30\">Hydrata\u010dn\u00e9 ple\u0165ov\u00e9 s\u00e9rum s kyselinou hyalur\u00f3novou a pantenolom.<\/p>\n<p class=\"ai-optimize-31\"><strong>Objem:<\/strong> 30 ml<\/p>","protected":false},"featured_media":4853,"comment_status":"open","ping_status":"closed","template":"","meta":[],"product_brand":[],"product_cat":[54,30],"product_tag":[],"class_list":{"0":"post-981","1":"product","2":"type-product","3":"status-publish","4":"has-post-thumbnail","6":"product_cat-vsetko","7":"product_cat-tvar","9":"first","10":"instock","11":"taxable","12":"shipping-taxable","13":"purchasable","14":"product-type-simple"},"yoast_head":"<!-- This site is optimized with the Yoast SEO Premium plugin v25.2 (Yoast SEO v25.2) - https:\/\/yoast.com\/wordpress\/plugins\/seo\/ -->\n<title>First aid moisturising hyaluronic serum \u2013 ple\u0165ov\u00e9 s\u00e9rum - ZEOZOE\u00ae<\/title>\n<meta name=\"robots\" content=\"index, follow, max-snippet:-1, max-image-preview:large, max-video-preview:-1\" \/>\n<link rel=\"canonical\" href=\"https:\/\/www.zeozoe.sk\/en\/product\/first-aid-moisturising-hyaluronic-serum-pletove-serum\/\" \/>\n<meta property=\"og:locale\" content=\"en_GB\" \/>\n<meta property=\"og:type\" content=\"article\" \/>\n<meta property=\"og:title\" content=\"First aid moisturising hyaluronic serum \u2013 ple\u0165ov\u00e9 s\u00e9rum\" \/>\n<meta property=\"og:description\" content=\"Hydrata\u010dn\u00e9 ple\u0165ov\u00e9 s\u00e9rum s kyselinou hyalur\u00f3novou a pantenolom. Objem: 30 ml\" \/>\n<meta property=\"og:url\" content=\"https:\/\/www.zeozoe.sk\/en\/product\/first-aid-moisturising-hyaluronic-serum-pletove-serum\/\" \/>\n<meta property=\"og:site_name\" content=\"ZEOZOE\u00ae\" \/>\n<meta property=\"article:modified_time\" content=\"2026-03-25T07:53:49+00:00\" \/>\n<meta property=\"og:image\" content=\"https:\/\/www.zeozoe.sk\/wp-content\/uploads\/2025\/03\/89.jpg\" \/>\n\t<meta property=\"og:image:width\" content=\"1080\" \/>\n\t<meta property=\"og:image:height\" content=\"1080\" \/>\n\t<meta property=\"og:image:type\" content=\"image\/jpeg\" \/>\n<meta name=\"twitter:card\" content=\"summary_large_image\" \/>\n<meta name=\"twitter:label1\" content=\"Estimated reading time\" \/>\n\t<meta name=\"twitter:data1\" content=\"1 minute\" \/>\n<script type=\"application\/ld+json\" class=\"yoast-schema-graph\">{\"@context\":\"https:\/\/schema.org\",\"@graph\":[{\"@type\":\"WebPage\",\"@id\":\"https:\/\/www.zeozoe.sk\/produkt\/first-aid-moisturising-hyaluronic-serum-pletove-serum\/\",\"url\":\"https:\/\/www.zeozoe.sk\/produkt\/first-aid-moisturising-hyaluronic-serum-pletove-serum\/\",\"name\":\"First aid moisturising hyaluronic serum \u2013 ple\u0165ov\u00e9 s\u00e9rum - ZEOZOE\u00ae\",\"isPartOf\":{\"@id\":\"https:\/\/www.zeozoe.sk\/#website\"},\"primaryImageOfPage\":{\"@id\":\"https:\/\/www.zeozoe.sk\/produkt\/first-aid-moisturising-hyaluronic-serum-pletove-serum\/#primaryimage\"},\"image\":{\"@id\":\"https:\/\/www.zeozoe.sk\/produkt\/first-aid-moisturising-hyaluronic-serum-pletove-serum\/#primaryimage\"},\"thumbnailUrl\":\"https:\/\/www.zeozoe.sk\/wp-content\/uploads\/2025\/03\/89.jpg\",\"datePublished\":\"2024-08-28T19:37:03+00:00\",\"dateModified\":\"2026-03-25T07:53:49+00:00\",\"breadcrumb\":{\"@id\":\"https:\/\/www.zeozoe.sk\/produkt\/first-aid-moisturising-hyaluronic-serum-pletove-serum\/#breadcrumb\"},\"inLanguage\":\"en-GB\",\"potentialAction\":[{\"@type\":\"ReadAction\",\"target\":[\"https:\/\/www.zeozoe.sk\/produkt\/first-aid-moisturising-hyaluronic-serum-pletove-serum\/\"]}]},{\"@type\":\"ImageObject\",\"inLanguage\":\"en-GB\",\"@id\":\"https:\/\/www.zeozoe.sk\/produkt\/first-aid-moisturising-hyaluronic-serum-pletove-serum\/#primaryimage\",\"url\":\"https:\/\/www.zeozoe.sk\/wp-content\/uploads\/2025\/03\/89.jpg\",\"contentUrl\":\"https:\/\/www.zeozoe.sk\/wp-content\/uploads\/2025\/03\/89.jpg\",\"width\":1080,\"height\":1080,\"caption\":\"Hydrata\u010dn\u00e9 ple\u0165ov\u00e9 s\u00e9rum s kyselinou hyalur\u00f3novou a pantenolom.\"},{\"@type\":\"BreadcrumbList\",\"@id\":\"https:\/\/www.zeozoe.sk\/produkt\/first-aid-moisturising-hyaluronic-serum-pletove-serum\/#breadcrumb\",\"itemListElement\":[{\"@type\":\"ListItem\",\"position\":1,\"name\":\"Domov\",\"item\":\"https:\/\/www.zeozoe.sk\/\"},{\"@type\":\"ListItem\",\"position\":2,\"name\":\"Obchod\",\"item\":\"https:\/\/www.zeozoe.sk\/obchod\/\"},{\"@type\":\"ListItem\",\"position\":3,\"name\":\"First aid moisturising hyaluronic serum \u2013 ple\u0165ov\u00e9 s\u00e9rum\"}]},{\"@type\":\"WebSite\",\"@id\":\"https:\/\/www.zeozoe.sk\/#website\",\"url\":\"https:\/\/www.zeozoe.sk\/\",\"name\":\"ZEOZOE\u00ae\",\"description\":\"Zubn\u00fd pr\u00e1\u0161ok a tablety na pr\u00edrodnej b\u00e1ze\",\"potentialAction\":[{\"@type\":\"SearchAction\",\"target\":{\"@type\":\"EntryPoint\",\"urlTemplate\":\"https:\/\/www.zeozoe.sk\/?s={search_term_string}\"},\"query-input\":{\"@type\":\"PropertyValueSpecification\",\"valueRequired\":true,\"valueName\":\"search_term_string\"}}],\"inLanguage\":\"en-GB\"}]}<\/script>\n<!-- \/ Yoast SEO Premium plugin. -->","yoast_head_json":{"title":"First aid moisturising hyaluronic serum \u2013 ple\u0165ov\u00e9 s\u00e9rum - ZEOZOE\u00ae","robots":{"index":"index","follow":"follow","max-snippet":"max-snippet:-1","max-image-preview":"max-image-preview:large","max-video-preview":"max-video-preview:-1"},"canonical":"https:\/\/www.zeozoe.sk\/en\/product\/first-aid-moisturising-hyaluronic-serum-pletove-serum\/","og_locale":"en_GB","og_type":"article","og_title":"First aid moisturising hyaluronic serum \u2013 ple\u0165ov\u00e9 s\u00e9rum","og_description":"Hydrata\u010dn\u00e9 ple\u0165ov\u00e9 s\u00e9rum s kyselinou hyalur\u00f3novou a pantenolom. Objem: 30 ml","og_url":"https:\/\/www.zeozoe.sk\/en\/product\/first-aid-moisturising-hyaluronic-serum-pletove-serum\/","og_site_name":"ZEOZOE\u00ae","article_modified_time":"2026-03-25T07:53:49+00:00","og_image":[{"width":1080,"height":1080,"url":"https:\/\/www.zeozoe.sk\/wp-content\/uploads\/2025\/03\/89.jpg","type":"image\/jpeg"}],"twitter_card":"summary_large_image","twitter_misc":{"Estimated reading time":"1 minute"},"schema":{"@context":"https:\/\/schema.org","@graph":[{"@type":"WebPage","@id":"https:\/\/www.zeozoe.sk\/produkt\/first-aid-moisturising-hyaluronic-serum-pletove-serum\/","url":"https:\/\/www.zeozoe.sk\/produkt\/first-aid-moisturising-hyaluronic-serum-pletove-serum\/","name":"First aid moisturising hyaluronic serum \u2013 ple\u0165ov\u00e9 s\u00e9rum - ZEOZOE\u00ae","isPartOf":{"@id":"https:\/\/www.zeozoe.sk\/#website"},"primaryImageOfPage":{"@id":"https:\/\/www.zeozoe.sk\/produkt\/first-aid-moisturising-hyaluronic-serum-pletove-serum\/#primaryimage"},"image":{"@id":"https:\/\/www.zeozoe.sk\/produkt\/first-aid-moisturising-hyaluronic-serum-pletove-serum\/#primaryimage"},"thumbnailUrl":"https:\/\/www.zeozoe.sk\/wp-content\/uploads\/2025\/03\/89.jpg","datePublished":"2024-08-28T19:37:03+00:00","dateModified":"2026-03-25T07:53:49+00:00","breadcrumb":{"@id":"https:\/\/www.zeozoe.sk\/produkt\/first-aid-moisturising-hyaluronic-serum-pletove-serum\/#breadcrumb"},"inLanguage":"en-GB","potentialAction":[{"@type":"ReadAction","target":["https:\/\/www.zeozoe.sk\/produkt\/first-aid-moisturising-hyaluronic-serum-pletove-serum\/"]}]},{"@type":"ImageObject","inLanguage":"en-GB","@id":"https:\/\/www.zeozoe.sk\/produkt\/first-aid-moisturising-hyaluronic-serum-pletove-serum\/#primaryimage","url":"https:\/\/www.zeozoe.sk\/wp-content\/uploads\/2025\/03\/89.jpg","contentUrl":"https:\/\/www.zeozoe.sk\/wp-content\/uploads\/2025\/03\/89.jpg","width":1080,"height":1080,"caption":"Hydrata\u010dn\u00e9 ple\u0165ov\u00e9 s\u00e9rum s kyselinou hyalur\u00f3novou a pantenolom."},{"@type":"BreadcrumbList","@id":"https:\/\/www.zeozoe.sk\/produkt\/first-aid-moisturising-hyaluronic-serum-pletove-serum\/#breadcrumb","itemListElement":[{"@type":"ListItem","position":1,"name":"Domov","item":"https:\/\/www.zeozoe.sk\/"},{"@type":"ListItem","position":2,"name":"Obchod","item":"https:\/\/www.zeozoe.sk\/obchod\/"},{"@type":"ListItem","position":3,"name":"First aid moisturising hyaluronic serum \u2013 ple\u0165ov\u00e9 s\u00e9rum"}]},{"@type":"WebSite","@id":"https:\/\/www.zeozoe.sk\/#website","url":"https:\/\/www.zeozoe.sk\/","name":"ZEOZOE\u00ae","description":"Zubn\u00fd pr\u00e1\u0161ok a tablety na pr\u00edrodnej b\u00e1ze","potentialAction":[{"@type":"SearchAction","target":{"@type":"EntryPoint","urlTemplate":"https:\/\/www.zeozoe.sk\/?s={search_term_string}"},"query-input":{"@type":"PropertyValueSpecification","valueRequired":true,"valueName":"search_term_string"}}],"inLanguage":"en-GB"}]}},"_links":{"self":[{"href":"https:\/\/www.zeozoe.sk\/en\/wp-json\/wp\/v2\/product\/981","targetHints":{"allow":["GET"]}}],"collection":[{"href":"https:\/\/www.zeozoe.sk\/en\/wp-json\/wp\/v2\/product"}],"about":[{"href":"https:\/\/www.zeozoe.sk\/en\/wp-json\/wp\/v2\/types\/product"}],"replies":[{"embeddable":true,"href":"https:\/\/www.zeozoe.sk\/en\/wp-json\/wp\/v2\/comments?post=981"}],"wp:featuredmedia":[{"embeddable":true,"href":"https:\/\/www.zeozoe.sk\/en\/wp-json\/wp\/v2\/media\/4853"}],"wp:attachment":[{"href":"https:\/\/www.zeozoe.sk\/en\/wp-json\/wp\/v2\/media?parent=981"}],"wp:term":[{"taxonomy":"product_brand","embeddable":true,"href":"https:\/\/www.zeozoe.sk\/en\/wp-json\/wp\/v2\/product_brand?post=981"},{"taxonomy":"product_cat","embeddable":true,"href":"https:\/\/www.zeozoe.sk\/en\/wp-json\/wp\/v2\/product_cat?post=981"},{"taxonomy":"product_tag","embeddable":true,"href":"https:\/\/www.zeozoe.sk\/en\/wp-json\/wp\/v2\/product_tag?post=981"}],"curies":[{"name":"wp","href":"https:\/\/api.w.org\/{rel}","templated":true}]}}