{"id":984,"date":"2024-08-28T21:43:00","date_gmt":"2024-08-28T19:43:00","guid":{"rendered":"https:\/\/www.zeozoe.sk\/?post_type=product&#038;p=984"},"modified":"2026-03-09T09:22:36","modified_gmt":"2026-03-09T08:22:36","slug":"multiaction-intensive-proretinol-serum-pletove-serum-retinol-arganovy-olej-vitamin-e-beta-karoten","status":"publish","type":"product","link":"https:\/\/www.zeozoe.sk\/en\/product\/multiaction-intensive-proretinol-serum-pletove-serum-retinol-arganovy-olej-vitamin-e-beta-karoten\/","title":{"rendered":"Multiaction intensive proretinol serum \u2013 ple\u0165ov\u00e9 s\u00e9rum"},"content":{"rendered":"<p><strong>Popis<\/strong>: Viac\u00fa\u010delov\u00e9 s\u00e9rum s prekurzorom retinolu, arganov\u00fdm olejom a vitam\u00ednom E. Vhodn\u00e9 pre v\u0161etky typy pleti.<\/p>\n<p>Toto s\u00e9rum m\u00e1 100% pr\u00edrodn\u00e9 zlo\u017eenie a je VEGAN, bez \u017eivo\u010d\u00ed\u0161nych zlo\u017eiek. Viac\u00fa\u010delov\u00e9 s\u00e9rum s prekurzorom retinolu, arganov\u00fdm olejom a vitam\u00ednom E obsahuje extrakt bohat\u00fd na beta-karot\u00e9n. Pom\u00e1ha redukova\u0165 vr\u00e1sky, regenerova\u0165 poko\u017eku a chr\u00e1ni\u0165 ju pred vo\u013en\u00fdmi radik\u00e1lmi.<\/p>\n<p>&nbsp;<\/p>\n<p><strong>Zlo\u017eenie: <\/strong>Aqua, Glycerin, Cetearyl olivate \/ Sorbitan olivate, Argania Spinosa Kernel Oil, Capsicum annuum Caprylic \/ Capric Triglyceride extract, Phenethyl alcohol, Xanthan gum, Tocopherol, natural rose fragrance.<\/p>\n<p><strong>Pou\u017eitie:<\/strong> S\u00e9rum nan\u00e1\u0161ajte na \u010dist\u00fa poko\u017eku tv\u00e1re.<\/p>\n<p><strong>Objem:<\/strong> 30 ml<\/p>","protected":false},"excerpt":{"rendered":"<p>Viac\u00fa\u010delov\u00e9 s\u00e9rum s prekurzorom retinolu, arganov\u00fdm olejom a vitam\u00ednom E. Vhodn\u00e9 pre v\u0161etky typy pleti.<\/p>\n<p><strong>Objem:<\/strong> 30 ml<\/p>\n<p>&nbsp;<\/p>","protected":false},"featured_media":4854,"comment_status":"open","ping_status":"closed","template":"","meta":[],"product_brand":[],"product_cat":[54,30],"product_tag":[],"class_list":{"0":"post-984","1":"product","2":"type-product","3":"status-publish","4":"has-post-thumbnail","6":"product_cat-vsetko","7":"product_cat-tvar","9":"first","10":"instock","11":"taxable","12":"shipping-taxable","13":"purchasable","14":"product-type-simple"},"yoast_head":"<!-- This site is optimized with the Yoast SEO Premium plugin v25.2 (Yoast SEO v25.2) - https:\/\/yoast.com\/wordpress\/plugins\/seo\/ -->\n<title>Multiaction intensive proretinol serum \u2013 ple\u0165ov\u00e9 s\u00e9rum - ZEOZOE\u00ae<\/title>\n<meta name=\"description\" content=\"Toto s\u00e9rum m\u00e1 100% pr\u00edrodn\u00e9 zlo\u017eenie a je VEGAN, bez \u017eivo\u010d\u00ed\u0161nych zlo\u017eiek. Viac\u00fa\u010delov\u00e9 s\u00e9rum s prekurzorom retinolu, arganov\u00fdm olejom a vitam\u00ednom E obsahuje extrakt bohat\u00fd na beta-karot\u00e9n. Pom\u00e1ha redukova\u0165 vr\u00e1sky, regenerova\u0165 poko\u017eku a chr\u00e1ni\u0165 ju pred vo\u013en\u00fdmi radik\u00e1lmi.\" \/>\n<meta name=\"robots\" content=\"index, follow, max-snippet:-1, max-image-preview:large, max-video-preview:-1\" \/>\n<link rel=\"canonical\" href=\"https:\/\/www.zeozoe.sk\/en\/product\/multiaction-intensive-proretinol-serum-pletove-serum-retinol-arganovy-olej-vitamin-e-beta-karoten\/\" \/>\n<meta property=\"og:locale\" content=\"en_GB\" \/>\n<meta property=\"og:type\" content=\"article\" \/>\n<meta property=\"og:title\" content=\"Multiaction intensive proretinol serum \u2013 ple\u0165ov\u00e9 s\u00e9rum\" \/>\n<meta property=\"og:description\" content=\"Toto s\u00e9rum m\u00e1 100% pr\u00edrodn\u00e9 zlo\u017eenie a je VEGAN, bez \u017eivo\u010d\u00ed\u0161nych zlo\u017eiek. Viac\u00fa\u010delov\u00e9 s\u00e9rum s prekurzorom retinolu, arganov\u00fdm olejom a vitam\u00ednom E obsahuje extrakt bohat\u00fd na beta-karot\u00e9n. Pom\u00e1ha redukova\u0165 vr\u00e1sky, regenerova\u0165 poko\u017eku a chr\u00e1ni\u0165 ju pred vo\u013en\u00fdmi radik\u00e1lmi.\" \/>\n<meta property=\"og:url\" content=\"https:\/\/www.zeozoe.sk\/en\/product\/multiaction-intensive-proretinol-serum-pletove-serum-retinol-arganovy-olej-vitamin-e-beta-karoten\/\" \/>\n<meta property=\"og:site_name\" content=\"ZEOZOE\u00ae\" \/>\n<meta property=\"article:modified_time\" content=\"2026-03-09T08:22:36+00:00\" \/>\n<meta property=\"og:image\" content=\"https:\/\/www.zeozoe.sk\/wp-content\/uploads\/2025\/03\/90.jpg\" \/>\n\t<meta property=\"og:image:width\" content=\"1080\" \/>\n\t<meta property=\"og:image:height\" content=\"1080\" \/>\n\t<meta property=\"og:image:type\" content=\"image\/jpeg\" \/>\n<meta name=\"twitter:card\" content=\"summary_large_image\" \/>\n<meta name=\"twitter:label1\" content=\"Estimated reading time\" \/>\n\t<meta name=\"twitter:data1\" content=\"1 minute\" \/>\n<script type=\"application\/ld+json\" class=\"yoast-schema-graph\">{\"@context\":\"https:\/\/schema.org\",\"@graph\":[{\"@type\":\"WebPage\",\"@id\":\"https:\/\/www.zeozoe.sk\/produkt\/multiaction-intensive-proretinol-serum-pletove-serum-retinol-arganovy-olej-vitamin-e-beta-karoten\/\",\"url\":\"https:\/\/www.zeozoe.sk\/produkt\/multiaction-intensive-proretinol-serum-pletove-serum-retinol-arganovy-olej-vitamin-e-beta-karoten\/\",\"name\":\"Multiaction intensive proretinol serum \u2013 ple\u0165ov\u00e9 s\u00e9rum - ZEOZOE\u00ae\",\"isPartOf\":{\"@id\":\"https:\/\/www.zeozoe.sk\/#website\"},\"primaryImageOfPage\":{\"@id\":\"https:\/\/www.zeozoe.sk\/produkt\/multiaction-intensive-proretinol-serum-pletove-serum-retinol-arganovy-olej-vitamin-e-beta-karoten\/#primaryimage\"},\"image\":{\"@id\":\"https:\/\/www.zeozoe.sk\/produkt\/multiaction-intensive-proretinol-serum-pletove-serum-retinol-arganovy-olej-vitamin-e-beta-karoten\/#primaryimage\"},\"thumbnailUrl\":\"https:\/\/www.zeozoe.sk\/wp-content\/uploads\/2025\/03\/90.jpg\",\"datePublished\":\"2024-08-28T19:43:00+00:00\",\"dateModified\":\"2026-03-09T08:22:36+00:00\",\"description\":\"Toto s\u00e9rum m\u00e1 100% pr\u00edrodn\u00e9 zlo\u017eenie a je VEGAN, bez \u017eivo\u010d\u00ed\u0161nych zlo\u017eiek. Viac\u00fa\u010delov\u00e9 s\u00e9rum s prekurzorom retinolu, arganov\u00fdm olejom a vitam\u00ednom E obsahuje extrakt bohat\u00fd na beta-karot\u00e9n. Pom\u00e1ha redukova\u0165 vr\u00e1sky, regenerova\u0165 poko\u017eku a chr\u00e1ni\u0165 ju pred vo\u013en\u00fdmi radik\u00e1lmi.\",\"breadcrumb\":{\"@id\":\"https:\/\/www.zeozoe.sk\/produkt\/multiaction-intensive-proretinol-serum-pletove-serum-retinol-arganovy-olej-vitamin-e-beta-karoten\/#breadcrumb\"},\"inLanguage\":\"en-GB\",\"potentialAction\":[{\"@type\":\"ReadAction\",\"target\":[\"https:\/\/www.zeozoe.sk\/produkt\/multiaction-intensive-proretinol-serum-pletove-serum-retinol-arganovy-olej-vitamin-e-beta-karoten\/\"]}]},{\"@type\":\"ImageObject\",\"inLanguage\":\"en-GB\",\"@id\":\"https:\/\/www.zeozoe.sk\/produkt\/multiaction-intensive-proretinol-serum-pletove-serum-retinol-arganovy-olej-vitamin-e-beta-karoten\/#primaryimage\",\"url\":\"https:\/\/www.zeozoe.sk\/wp-content\/uploads\/2025\/03\/90.jpg\",\"contentUrl\":\"https:\/\/www.zeozoe.sk\/wp-content\/uploads\/2025\/03\/90.jpg\",\"width\":1080,\"height\":1080},{\"@type\":\"BreadcrumbList\",\"@id\":\"https:\/\/www.zeozoe.sk\/produkt\/multiaction-intensive-proretinol-serum-pletove-serum-retinol-arganovy-olej-vitamin-e-beta-karoten\/#breadcrumb\",\"itemListElement\":[{\"@type\":\"ListItem\",\"position\":1,\"name\":\"Domov\",\"item\":\"https:\/\/www.zeozoe.sk\/\"},{\"@type\":\"ListItem\",\"position\":2,\"name\":\"Obchod\",\"item\":\"https:\/\/www.zeozoe.sk\/obchod\/\"},{\"@type\":\"ListItem\",\"position\":3,\"name\":\"Multiaction intensive proretinol serum \u2013 ple\u0165ov\u00e9 s\u00e9rum\"}]},{\"@type\":\"WebSite\",\"@id\":\"https:\/\/www.zeozoe.sk\/#website\",\"url\":\"https:\/\/www.zeozoe.sk\/\",\"name\":\"ZEOZOE\u00ae\",\"description\":\"Zubn\u00fd pr\u00e1\u0161ok a tablety na pr\u00edrodnej b\u00e1ze\",\"potentialAction\":[{\"@type\":\"SearchAction\",\"target\":{\"@type\":\"EntryPoint\",\"urlTemplate\":\"https:\/\/www.zeozoe.sk\/?s={search_term_string}\"},\"query-input\":{\"@type\":\"PropertyValueSpecification\",\"valueRequired\":true,\"valueName\":\"search_term_string\"}}],\"inLanguage\":\"en-GB\"}]}<\/script>\n<!-- \/ Yoast SEO Premium plugin. -->","yoast_head_json":{"title":"Multiaction intensive proretinol serum \u2013 ple\u0165ov\u00e9 s\u00e9rum - ZEOZOE\u00ae","description":"Toto s\u00e9rum m\u00e1 100% pr\u00edrodn\u00e9 zlo\u017eenie a je VEGAN, bez \u017eivo\u010d\u00ed\u0161nych zlo\u017eiek. Viac\u00fa\u010delov\u00e9 s\u00e9rum s prekurzorom retinolu, arganov\u00fdm olejom a vitam\u00ednom E obsahuje extrakt bohat\u00fd na beta-karot\u00e9n. Pom\u00e1ha redukova\u0165 vr\u00e1sky, regenerova\u0165 poko\u017eku a chr\u00e1ni\u0165 ju pred vo\u013en\u00fdmi radik\u00e1lmi.","robots":{"index":"index","follow":"follow","max-snippet":"max-snippet:-1","max-image-preview":"max-image-preview:large","max-video-preview":"max-video-preview:-1"},"canonical":"https:\/\/www.zeozoe.sk\/en\/product\/multiaction-intensive-proretinol-serum-pletove-serum-retinol-arganovy-olej-vitamin-e-beta-karoten\/","og_locale":"en_GB","og_type":"article","og_title":"Multiaction intensive proretinol serum \u2013 ple\u0165ov\u00e9 s\u00e9rum","og_description":"Toto s\u00e9rum m\u00e1 100% pr\u00edrodn\u00e9 zlo\u017eenie a je VEGAN, bez \u017eivo\u010d\u00ed\u0161nych zlo\u017eiek. Viac\u00fa\u010delov\u00e9 s\u00e9rum s prekurzorom retinolu, arganov\u00fdm olejom a vitam\u00ednom E obsahuje extrakt bohat\u00fd na beta-karot\u00e9n. Pom\u00e1ha redukova\u0165 vr\u00e1sky, regenerova\u0165 poko\u017eku a chr\u00e1ni\u0165 ju pred vo\u013en\u00fdmi radik\u00e1lmi.","og_url":"https:\/\/www.zeozoe.sk\/en\/product\/multiaction-intensive-proretinol-serum-pletove-serum-retinol-arganovy-olej-vitamin-e-beta-karoten\/","og_site_name":"ZEOZOE\u00ae","article_modified_time":"2026-03-09T08:22:36+00:00","og_image":[{"width":1080,"height":1080,"url":"https:\/\/www.zeozoe.sk\/wp-content\/uploads\/2025\/03\/90.jpg","type":"image\/jpeg"}],"twitter_card":"summary_large_image","twitter_misc":{"Estimated reading time":"1 minute"},"schema":{"@context":"https:\/\/schema.org","@graph":[{"@type":"WebPage","@id":"https:\/\/www.zeozoe.sk\/produkt\/multiaction-intensive-proretinol-serum-pletove-serum-retinol-arganovy-olej-vitamin-e-beta-karoten\/","url":"https:\/\/www.zeozoe.sk\/produkt\/multiaction-intensive-proretinol-serum-pletove-serum-retinol-arganovy-olej-vitamin-e-beta-karoten\/","name":"Multiaction intensive proretinol serum \u2013 ple\u0165ov\u00e9 s\u00e9rum - ZEOZOE\u00ae","isPartOf":{"@id":"https:\/\/www.zeozoe.sk\/#website"},"primaryImageOfPage":{"@id":"https:\/\/www.zeozoe.sk\/produkt\/multiaction-intensive-proretinol-serum-pletove-serum-retinol-arganovy-olej-vitamin-e-beta-karoten\/#primaryimage"},"image":{"@id":"https:\/\/www.zeozoe.sk\/produkt\/multiaction-intensive-proretinol-serum-pletove-serum-retinol-arganovy-olej-vitamin-e-beta-karoten\/#primaryimage"},"thumbnailUrl":"https:\/\/www.zeozoe.sk\/wp-content\/uploads\/2025\/03\/90.jpg","datePublished":"2024-08-28T19:43:00+00:00","dateModified":"2026-03-09T08:22:36+00:00","description":"Toto s\u00e9rum m\u00e1 100% pr\u00edrodn\u00e9 zlo\u017eenie a je VEGAN, bez \u017eivo\u010d\u00ed\u0161nych zlo\u017eiek. Viac\u00fa\u010delov\u00e9 s\u00e9rum s prekurzorom retinolu, arganov\u00fdm olejom a vitam\u00ednom E obsahuje extrakt bohat\u00fd na beta-karot\u00e9n. Pom\u00e1ha redukova\u0165 vr\u00e1sky, regenerova\u0165 poko\u017eku a chr\u00e1ni\u0165 ju pred vo\u013en\u00fdmi radik\u00e1lmi.","breadcrumb":{"@id":"https:\/\/www.zeozoe.sk\/produkt\/multiaction-intensive-proretinol-serum-pletove-serum-retinol-arganovy-olej-vitamin-e-beta-karoten\/#breadcrumb"},"inLanguage":"en-GB","potentialAction":[{"@type":"ReadAction","target":["https:\/\/www.zeozoe.sk\/produkt\/multiaction-intensive-proretinol-serum-pletove-serum-retinol-arganovy-olej-vitamin-e-beta-karoten\/"]}]},{"@type":"ImageObject","inLanguage":"en-GB","@id":"https:\/\/www.zeozoe.sk\/produkt\/multiaction-intensive-proretinol-serum-pletove-serum-retinol-arganovy-olej-vitamin-e-beta-karoten\/#primaryimage","url":"https:\/\/www.zeozoe.sk\/wp-content\/uploads\/2025\/03\/90.jpg","contentUrl":"https:\/\/www.zeozoe.sk\/wp-content\/uploads\/2025\/03\/90.jpg","width":1080,"height":1080},{"@type":"BreadcrumbList","@id":"https:\/\/www.zeozoe.sk\/produkt\/multiaction-intensive-proretinol-serum-pletove-serum-retinol-arganovy-olej-vitamin-e-beta-karoten\/#breadcrumb","itemListElement":[{"@type":"ListItem","position":1,"name":"Domov","item":"https:\/\/www.zeozoe.sk\/"},{"@type":"ListItem","position":2,"name":"Obchod","item":"https:\/\/www.zeozoe.sk\/obchod\/"},{"@type":"ListItem","position":3,"name":"Multiaction intensive proretinol serum \u2013 ple\u0165ov\u00e9 s\u00e9rum"}]},{"@type":"WebSite","@id":"https:\/\/www.zeozoe.sk\/#website","url":"https:\/\/www.zeozoe.sk\/","name":"ZEOZOE\u00ae","description":"Zubn\u00fd pr\u00e1\u0161ok a tablety na pr\u00edrodnej b\u00e1ze","potentialAction":[{"@type":"SearchAction","target":{"@type":"EntryPoint","urlTemplate":"https:\/\/www.zeozoe.sk\/?s={search_term_string}"},"query-input":{"@type":"PropertyValueSpecification","valueRequired":true,"valueName":"search_term_string"}}],"inLanguage":"en-GB"}]}},"_links":{"self":[{"href":"https:\/\/www.zeozoe.sk\/en\/wp-json\/wp\/v2\/product\/984","targetHints":{"allow":["GET"]}}],"collection":[{"href":"https:\/\/www.zeozoe.sk\/en\/wp-json\/wp\/v2\/product"}],"about":[{"href":"https:\/\/www.zeozoe.sk\/en\/wp-json\/wp\/v2\/types\/product"}],"replies":[{"embeddable":true,"href":"https:\/\/www.zeozoe.sk\/en\/wp-json\/wp\/v2\/comments?post=984"}],"wp:featuredmedia":[{"embeddable":true,"href":"https:\/\/www.zeozoe.sk\/en\/wp-json\/wp\/v2\/media\/4854"}],"wp:attachment":[{"href":"https:\/\/www.zeozoe.sk\/en\/wp-json\/wp\/v2\/media?parent=984"}],"wp:term":[{"taxonomy":"product_brand","embeddable":true,"href":"https:\/\/www.zeozoe.sk\/en\/wp-json\/wp\/v2\/product_brand?post=984"},{"taxonomy":"product_cat","embeddable":true,"href":"https:\/\/www.zeozoe.sk\/en\/wp-json\/wp\/v2\/product_cat?post=984"},{"taxonomy":"product_tag","embeddable":true,"href":"https:\/\/www.zeozoe.sk\/en\/wp-json\/wp\/v2\/product_tag?post=984"}],"curies":[{"name":"wp","href":"https:\/\/api.w.org\/{rel}","templated":true}]}}