{"id":987,"date":"2024-08-28T21:52:33","date_gmt":"2024-08-28T19:52:33","guid":{"rendered":"https:\/\/www.zeozoe.sk\/?post_type=product&#038;p=987"},"modified":"2026-04-25T09:32:48","modified_gmt":"2026-04-25T07:32:48","slug":"ecoheart-ustna-voda-biotics-antiseptic","status":"publish","type":"product","link":"https:\/\/www.zeozoe.sk\/en\/product\/ecoheart-ustna-voda-biotics-antiseptic\/","title":{"rendered":"Ecoheart \u00fastna voda Biotics antiseptic"},"content":{"rendered":"<p class=\"ai-optimize-30 ai-optimize-introduction\">\u00dastna voda BIOTICS Antiseptic od ecoheart so \u0161alviou a m\u00e4tou v\u00e1m poskytne extra svie\u017ei pocit a z\u00e1rove\u0148 udr\u017e\u00ed v\u00e1\u0161 \u00fastny mikrobi\u00f3m v rovnov\u00e1he. Tento produkt pom\u00e1ha chr\u00e1ni\u0165 pred infekciami, zubn\u00fdm kazom a z\u00e1palmi \u010fasien, v\u010faka obsahu \u00fa\u010dinn\u00fdch probiot\u00edk Lactobacillus. S \u00fastnou vodou Antiseptic od ecoheart dosiahnete dokonale svie\u017ei dych a zdrav\u00e9 \u00fasta. Nov\u00e1 rada BIOTICS kombinuje probiotik\u00e1 s \u00fa\u010dinn\u00fdmi l\u00e1tkami, ktor\u00e9 \u00fa\u010dinne bojuj\u00fa proti bakt\u00e9ri\u00e1m sp\u00f4sobuj\u00facim zubn\u00fd povlak. V\u010faka m\u00e4tovej a \u0161alviovej esencii v\u00e1\u0161 dych zostane dlho pr\u00edjemne svie\u017ei.<\/p>\n<p class=\"ai-optimize-31\"><strong>Zlo\u017eenie<\/strong>: Aqua purificata, Xylitol, Glycerin (Vegetable), Aloe Vera Leaf Juice, Lactobacillus Ferment, Sodium Levulinate, Sodium Anisate, Salvia Officinalis Leaf Extract , Mentha piperita natural flavour, Salvia Officinalis (Sage) natural flavour, Xanthan Gum, Lactic Acid<\/p>\n<p class=\"ai-optimize-32\"><strong>Pou\u017eitie: <\/strong>Prepl\u00e1chnite \u00fasta 10 ml \u00fastnej vody 1 min\u00fatu a potom vyp\u013eujte. Po pou\u017eit\u00ed si nevyplachujte \u00fasta vodou. Nepite priamo z f\u013ea\u0161e. Nepreh\u013atajte. Pou\u017e\u00edva\u0165 minim\u00e1lne 2-kr\u00e1t denne.<\/p>\n<p class=\"ai-optimize-33\"><strong>Objem:<\/strong> 500ml<\/p>\n<h3 class=\"ai-optimize-57\" data-start=\"2534\" data-end=\"2571\">\u010eal\u0161ie\u00a0<strong data-start=\"2541\" data-end=\"2569\">odpor\u00fa\u010dan\u00e9 produkty:<\/strong><\/h3>\n<ul>\n<li class=\"ai-optimize-58\"><a href=\"https:\/\/www.zeozoe.sk\/produkt\/zubne-tablety-refill-zeozoe\/\" rel=\"noopener\" data-start=\"2574\" data-end=\"2613\"><strong data-start=\"2575\" data-end=\"2609\">ZEOZOE zubn\u00e9 tablety \u2013 REFILL<\/strong><\/a>\u00a0\u2013 na doplnenie z\u00e1sob- V\u00fdhodn\u00e1 cena<\/li>\n<\/ul>\n<ul data-start=\"2572\" data-end=\"2824\">\n<li class=\"ai-optimize-59\" data-start=\"2572\" data-end=\"2657\">\n<p class=\"ai-optimize-60\" data-start=\"2574\" data-end=\"2657\"><a href=\"https:\/\/www.zeozoe.sk\/produkt\/zubny-prasok-matovy-zeozoe\/\" rel=\"noopener\" data-start=\"2574\" data-end=\"2613\"><strong data-start=\"2575\" data-end=\"2609\">ZEOZOE zubn\u00fd pr\u00e1\u0161ok zo zeolitu<\/strong><\/a>\u00a0\u2013 h\u013abkovo \u010dist\u00ed a detoxikuje \u00fastnu dutinu<\/p>\n<\/li>\n<li class=\"ai-optimize-61\" data-start=\"2658\" data-end=\"2736\">\n<p class=\"ai-optimize-62\" data-start=\"2660\" data-end=\"2736\"><a href=\"https:\/\/www.zeozoe.sk\/produkt\/zubna-kefka-extra-soft-zeozoe\/\" rel=\"noopener\" data-start=\"2660\" data-end=\"2695\"><strong data-start=\"2661\" data-end=\"2691\">ZEOZOE dreven\u00e1 zubn\u00e1 kefka<\/strong><\/a>\u00a0\u2013 ekologick\u00fd doplnok na jemn\u00e9 \u010distenie<\/p>\n<\/li>\n<li class=\"ai-optimize-63\" data-start=\"2737\" data-end=\"2824\">\n<p class=\"ai-optimize-64\" data-start=\"2739\" data-end=\"2824\"><a href=\"https:\/\/www.zeozoe.sk\/produkt\/zubny-prasok-zelene-jablko-zeozoe\/\"><b>ZEOZOE zelen\u00e9 jablko<\/b><\/a>\u00a0\u2013 s pr\u00edrodnou chu\u0165ou zelen\u00e9ho jablka, chut\u00ed aj najmen\u0161\u00edm<\/p>\n<\/li>\n<li class=\"ai-optimize-65\"><a href=\"https:\/\/www.zeozoe.sk\/produkt\/zubny-prasok-paradent-zeozoe\/\"><b>ZEOZOE paradent<\/b><\/a>\u00a0\u2013obsahuje eugenol, ktor\u00fd \u00fa\u010dinne t\u00ed\u0161i boles\u0165 a pom\u00e1ha pri probl\u00e9moch s \u010fasnami<\/li>\n<\/ul>\n<p class=\"ai-optimize-66\" data-start=\"502\" data-end=\"742\"><em>V s\u00falade s\u00a0<strong data-start=\"513\" data-end=\"599\">Nariaden\u00edm Eur\u00f3pskeho parlamentu a Rady (ES) \u010d. 1223\/2009 o kozmetick\u00fdch v\u00fdrobkoch<\/strong>\u00a0nesm\u00fa by\u0165 kozmetick\u00e9 produkty prezentovan\u00e9 ako produkty, ktor\u00e9 maj\u00fa\u00a0<strong data-start=\"668\" data-end=\"686\">lie\u010div\u00e9 \u00fa\u010dinky<\/strong>, diagnostikuj\u00fa, lie\u010dia alebo predch\u00e1dzaj\u00fa ochoreniam.<\/em><\/p>\n<p class=\"ai-optimize-67\" data-start=\"744\" data-end=\"1016\"><em>Inform\u00e1cie uveden\u00e9 pri produktoch vych\u00e1dzaj\u00fa z\u00a0<strong data-start=\"791\" data-end=\"835\">tradi\u010dn\u00e9ho pou\u017e\u00edvania pr\u00edrodn\u00fdch zlo\u017eiek<\/strong>,\u00a0<strong data-start=\"837\" data-end=\"877\">verejne dostupn\u00fdch odborn\u00fdch zdrojov<\/strong>\u00a0a\u00a0<strong data-start=\"880\" data-end=\"917\">sp\u00e4tn\u00fdch v\u00e4zieb na\u0161ich z\u00e1kazn\u00edkov<\/strong>. Nejde o lek\u00e1rske tvrdenia a\u00a0<strong data-start=\"947\" data-end=\"1015\">nenahr\u00e1dzaj\u00fa odpor\u00fa\u010dania ani starostlivos\u0165 lek\u00e1ra \u010di dermatol\u00f3ga<\/strong>.<\/em><\/p>","protected":false},"excerpt":{"rendered":"<p class=\"ai-optimize-25\"><strong>\u00dastna voda<\/strong> BIOTICS Antiseptic od ecoheart <strong>so \u0161alviou a m\u00e4tou<\/strong> v\u00e1m poskytne extra svie\u017ei pocit a z\u00e1rove\u0148 udr\u017e\u00ed v\u00e1\u0161 \u00fastny mikrobi\u00f3m v rovnov\u00e1he.<\/p>\n<p class=\"ai-optimize-26\"><strong>Objem:<\/strong> 500ml<\/p>","protected":false},"featured_media":4859,"comment_status":"open","ping_status":"closed","template":"","meta":[],"product_brand":[],"product_cat":[54,28],"product_tag":[],"class_list":{"0":"post-987","1":"product","2":"type-product","3":"status-publish","4":"has-post-thumbnail","6":"product_cat-vsetko","7":"product_cat-zuby","9":"first","10":"instock","11":"taxable","12":"shipping-taxable","13":"purchasable","14":"product-type-simple"},"yoast_head":"<!-- This site is optimized with the Yoast SEO Premium plugin v25.2 (Yoast SEO v25.2) - https:\/\/yoast.com\/wordpress\/plugins\/seo\/ -->\n<title>Ecoheart \u00fastna voda Biotics antiseptic - ZEOZOE\u00ae<\/title>\n<meta name=\"robots\" content=\"index, follow, max-snippet:-1, max-image-preview:large, max-video-preview:-1\" \/>\n<link rel=\"canonical\" href=\"https:\/\/www.zeozoe.sk\/en\/product\/ecoheart-ustna-voda-biotics-antiseptic\/\" \/>\n<meta property=\"og:locale\" content=\"en_GB\" \/>\n<meta property=\"og:type\" content=\"article\" \/>\n<meta property=\"og:title\" content=\"Ecoheart \u00fastna voda Biotics antiseptic\" \/>\n<meta property=\"og:description\" content=\"\u00dastna voda BIOTICS Antiseptic od ecoheart so \u0161alviou a m\u00e4tou v\u00e1m poskytne extra svie\u017ei pocit a z\u00e1rove\u0148 udr\u017e\u00ed v\u00e1\u0161 \u00fastny mikrobi\u00f3m v rovnov\u00e1he. Objem: 500ml\" \/>\n<meta property=\"og:url\" content=\"https:\/\/www.zeozoe.sk\/en\/product\/ecoheart-ustna-voda-biotics-antiseptic\/\" \/>\n<meta property=\"og:site_name\" content=\"ZEOZOE\u00ae\" \/>\n<meta property=\"article:modified_time\" content=\"2026-04-25T07:32:48+00:00\" \/>\n<meta property=\"og:image\" content=\"https:\/\/www.zeozoe.sk\/wp-content\/uploads\/2025\/03\/95.jpg\" \/>\n\t<meta property=\"og:image:width\" content=\"1080\" \/>\n\t<meta property=\"og:image:height\" content=\"1080\" \/>\n\t<meta property=\"og:image:type\" content=\"image\/jpeg\" \/>\n<meta name=\"twitter:card\" content=\"summary_large_image\" \/>\n<meta name=\"twitter:label1\" content=\"Estimated reading time\" \/>\n\t<meta name=\"twitter:data1\" content=\"2 minutes\" \/>\n<script type=\"application\/ld+json\" class=\"yoast-schema-graph\">{\"@context\":\"https:\/\/schema.org\",\"@graph\":[{\"@type\":\"WebPage\",\"@id\":\"https:\/\/www.zeozoe.sk\/produkt\/ecoheart-ustna-voda-biotics-antiseptic\/\",\"url\":\"https:\/\/www.zeozoe.sk\/produkt\/ecoheart-ustna-voda-biotics-antiseptic\/\",\"name\":\"Ecoheart \u00fastna voda Biotics antiseptic - ZEOZOE\u00ae\",\"isPartOf\":{\"@id\":\"https:\/\/www.zeozoe.sk\/#website\"},\"primaryImageOfPage\":{\"@id\":\"https:\/\/www.zeozoe.sk\/produkt\/ecoheart-ustna-voda-biotics-antiseptic\/#primaryimage\"},\"image\":{\"@id\":\"https:\/\/www.zeozoe.sk\/produkt\/ecoheart-ustna-voda-biotics-antiseptic\/#primaryimage\"},\"thumbnailUrl\":\"https:\/\/www.zeozoe.sk\/wp-content\/uploads\/2025\/03\/95.jpg\",\"datePublished\":\"2024-08-28T19:52:33+00:00\",\"dateModified\":\"2026-04-25T07:32:48+00:00\",\"breadcrumb\":{\"@id\":\"https:\/\/www.zeozoe.sk\/produkt\/ecoheart-ustna-voda-biotics-antiseptic\/#breadcrumb\"},\"inLanguage\":\"en-GB\",\"potentialAction\":[{\"@type\":\"ReadAction\",\"target\":[\"https:\/\/www.zeozoe.sk\/produkt\/ecoheart-ustna-voda-biotics-antiseptic\/\"]}]},{\"@type\":\"ImageObject\",\"inLanguage\":\"en-GB\",\"@id\":\"https:\/\/www.zeozoe.sk\/produkt\/ecoheart-ustna-voda-biotics-antiseptic\/#primaryimage\",\"url\":\"https:\/\/www.zeozoe.sk\/wp-content\/uploads\/2025\/03\/95.jpg\",\"contentUrl\":\"https:\/\/www.zeozoe.sk\/wp-content\/uploads\/2025\/03\/95.jpg\",\"width\":1080,\"height\":1080},{\"@type\":\"BreadcrumbList\",\"@id\":\"https:\/\/www.zeozoe.sk\/produkt\/ecoheart-ustna-voda-biotics-antiseptic\/#breadcrumb\",\"itemListElement\":[{\"@type\":\"ListItem\",\"position\":1,\"name\":\"Domov\",\"item\":\"https:\/\/www.zeozoe.sk\/\"},{\"@type\":\"ListItem\",\"position\":2,\"name\":\"Obchod\",\"item\":\"https:\/\/www.zeozoe.sk\/obchod\/\"},{\"@type\":\"ListItem\",\"position\":3,\"name\":\"Ecoheart \u00fastna voda Biotics antiseptic\"}]},{\"@type\":\"WebSite\",\"@id\":\"https:\/\/www.zeozoe.sk\/#website\",\"url\":\"https:\/\/www.zeozoe.sk\/\",\"name\":\"ZEOZOE\u00ae\",\"description\":\"Zubn\u00fd pr\u00e1\u0161ok a tablety na pr\u00edrodnej b\u00e1ze\",\"potentialAction\":[{\"@type\":\"SearchAction\",\"target\":{\"@type\":\"EntryPoint\",\"urlTemplate\":\"https:\/\/www.zeozoe.sk\/?s={search_term_string}\"},\"query-input\":{\"@type\":\"PropertyValueSpecification\",\"valueRequired\":true,\"valueName\":\"search_term_string\"}}],\"inLanguage\":\"en-GB\"}]}<\/script>\n<!-- \/ Yoast SEO Premium plugin. -->","yoast_head_json":{"title":"Ecoheart \u00fastna voda Biotics antiseptic - ZEOZOE\u00ae","robots":{"index":"index","follow":"follow","max-snippet":"max-snippet:-1","max-image-preview":"max-image-preview:large","max-video-preview":"max-video-preview:-1"},"canonical":"https:\/\/www.zeozoe.sk\/en\/product\/ecoheart-ustna-voda-biotics-antiseptic\/","og_locale":"en_GB","og_type":"article","og_title":"Ecoheart \u00fastna voda Biotics antiseptic","og_description":"\u00dastna voda BIOTICS Antiseptic od ecoheart so \u0161alviou a m\u00e4tou v\u00e1m poskytne extra svie\u017ei pocit a z\u00e1rove\u0148 udr\u017e\u00ed v\u00e1\u0161 \u00fastny mikrobi\u00f3m v rovnov\u00e1he. Objem: 500ml","og_url":"https:\/\/www.zeozoe.sk\/en\/product\/ecoheart-ustna-voda-biotics-antiseptic\/","og_site_name":"ZEOZOE\u00ae","article_modified_time":"2026-04-25T07:32:48+00:00","og_image":[{"width":1080,"height":1080,"url":"https:\/\/www.zeozoe.sk\/wp-content\/uploads\/2025\/03\/95.jpg","type":"image\/jpeg"}],"twitter_card":"summary_large_image","twitter_misc":{"Estimated reading time":"2 minutes"},"schema":{"@context":"https:\/\/schema.org","@graph":[{"@type":"WebPage","@id":"https:\/\/www.zeozoe.sk\/produkt\/ecoheart-ustna-voda-biotics-antiseptic\/","url":"https:\/\/www.zeozoe.sk\/produkt\/ecoheart-ustna-voda-biotics-antiseptic\/","name":"Ecoheart \u00fastna voda Biotics antiseptic - ZEOZOE\u00ae","isPartOf":{"@id":"https:\/\/www.zeozoe.sk\/#website"},"primaryImageOfPage":{"@id":"https:\/\/www.zeozoe.sk\/produkt\/ecoheart-ustna-voda-biotics-antiseptic\/#primaryimage"},"image":{"@id":"https:\/\/www.zeozoe.sk\/produkt\/ecoheart-ustna-voda-biotics-antiseptic\/#primaryimage"},"thumbnailUrl":"https:\/\/www.zeozoe.sk\/wp-content\/uploads\/2025\/03\/95.jpg","datePublished":"2024-08-28T19:52:33+00:00","dateModified":"2026-04-25T07:32:48+00:00","breadcrumb":{"@id":"https:\/\/www.zeozoe.sk\/produkt\/ecoheart-ustna-voda-biotics-antiseptic\/#breadcrumb"},"inLanguage":"en-GB","potentialAction":[{"@type":"ReadAction","target":["https:\/\/www.zeozoe.sk\/produkt\/ecoheart-ustna-voda-biotics-antiseptic\/"]}]},{"@type":"ImageObject","inLanguage":"en-GB","@id":"https:\/\/www.zeozoe.sk\/produkt\/ecoheart-ustna-voda-biotics-antiseptic\/#primaryimage","url":"https:\/\/www.zeozoe.sk\/wp-content\/uploads\/2025\/03\/95.jpg","contentUrl":"https:\/\/www.zeozoe.sk\/wp-content\/uploads\/2025\/03\/95.jpg","width":1080,"height":1080},{"@type":"BreadcrumbList","@id":"https:\/\/www.zeozoe.sk\/produkt\/ecoheart-ustna-voda-biotics-antiseptic\/#breadcrumb","itemListElement":[{"@type":"ListItem","position":1,"name":"Domov","item":"https:\/\/www.zeozoe.sk\/"},{"@type":"ListItem","position":2,"name":"Obchod","item":"https:\/\/www.zeozoe.sk\/obchod\/"},{"@type":"ListItem","position":3,"name":"Ecoheart \u00fastna voda Biotics antiseptic"}]},{"@type":"WebSite","@id":"https:\/\/www.zeozoe.sk\/#website","url":"https:\/\/www.zeozoe.sk\/","name":"ZEOZOE\u00ae","description":"Zubn\u00fd pr\u00e1\u0161ok a tablety na pr\u00edrodnej b\u00e1ze","potentialAction":[{"@type":"SearchAction","target":{"@type":"EntryPoint","urlTemplate":"https:\/\/www.zeozoe.sk\/?s={search_term_string}"},"query-input":{"@type":"PropertyValueSpecification","valueRequired":true,"valueName":"search_term_string"}}],"inLanguage":"en-GB"}]}},"_links":{"self":[{"href":"https:\/\/www.zeozoe.sk\/en\/wp-json\/wp\/v2\/product\/987","targetHints":{"allow":["GET"]}}],"collection":[{"href":"https:\/\/www.zeozoe.sk\/en\/wp-json\/wp\/v2\/product"}],"about":[{"href":"https:\/\/www.zeozoe.sk\/en\/wp-json\/wp\/v2\/types\/product"}],"replies":[{"embeddable":true,"href":"https:\/\/www.zeozoe.sk\/en\/wp-json\/wp\/v2\/comments?post=987"}],"wp:featuredmedia":[{"embeddable":true,"href":"https:\/\/www.zeozoe.sk\/en\/wp-json\/wp\/v2\/media\/4859"}],"wp:attachment":[{"href":"https:\/\/www.zeozoe.sk\/en\/wp-json\/wp\/v2\/media?parent=987"}],"wp:term":[{"taxonomy":"product_brand","embeddable":true,"href":"https:\/\/www.zeozoe.sk\/en\/wp-json\/wp\/v2\/product_brand?post=987"},{"taxonomy":"product_cat","embeddable":true,"href":"https:\/\/www.zeozoe.sk\/en\/wp-json\/wp\/v2\/product_cat?post=987"},{"taxonomy":"product_tag","embeddable":true,"href":"https:\/\/www.zeozoe.sk\/en\/wp-json\/wp\/v2\/product_tag?post=987"}],"curies":[{"name":"wp","href":"https:\/\/api.w.org\/{rel}","templated":true}]}}